{"id":27810,"date":"2025-01-12T10:22:23","date_gmt":"2025-01-12T10:22:23","guid":{"rendered":"https:\/\/multicredit.ch\/?page_id=27810"},"modified":"2025-01-12T10:28:00","modified_gmt":"2025-01-12T10:28:00","slug":"pret-100000-chf","status":"publish","type":"page","link":"https:\/\/multicredit.ch\/fr\/credit\/offre-credit\/pret-100000-chf\/","title":{"rendered":"Cr\u00e9dit 100&#8217;000 CHF"},"content":{"rendered":"<section class=\"wpb-content-wrapper\">[vc_row full_width=&#8221;stretch_row&#8221; el_class=&#8221;white-bck bigpadding&#8221; css=&#8221;.vc_custom_1586929679182{padding-bottom: 24px !important;}&#8221;][vc_column data_aos=&#8221;fade-in&#8221;]<\/p>\n<div class=\"blocktitle title-center title-dark\" clearfix\"><H2>Demandez un cr\u00e9dit de 100000 CHF avec MultiCredit<\/H2><\/div>\n<p>[vc_column_text]Un cr\u00e9dit de 100 000 CHF peut \u00eatre la cl\u00e9 pour financer un projet important : achat d\u2019un v\u00e9hicule, travaux immobiliers, investissement personnel ou professionnel. Cependant, pour convaincre les institutions financi\u00e8res, il est essentiel de pr\u00e9senter un dossier parfaitement structur\u00e9. MultiCredit, avec son expertise reconnue, vous accompagne tout au long du processus pour maximiser vos chances de succ\u00e8s.[\/vc_column_text][vc_column_text el_class=&#8221;pb-2 maxwidth&#8221;]<\/p>\n<h2><strong>Comprendre les attentes des pr\u00eateurs pour valider une demande de cr\u00e9dit<br \/>\n<\/strong><\/h2>\n<p>Les banques et autres institutions analysent les demandes de cr\u00e9dit en s\u2019appuyant sur plusieurs crit\u00e8res fondamentaux :<\/p>\n<ul>\n<li><strong>Stabilit\u00e9 des revenus<\/strong> : Vos revenus doivent \u00eatre r\u00e9guliers et suffisants pour couvrir vos charges et rembourser les mensualit\u00e9s.<\/li>\n<li><strong>Taux d\u2019endettement<\/strong> : Celui-ci ne doit g\u00e9n\u00e9ralement pas exc\u00e9der <strong>33 %<\/strong> de vos revenus mensuels nets.<\/li>\n<li><strong>Historique de cr\u00e9dit<\/strong> : Un bon score de solvabilit\u00e9 est un facteur cl\u00e9. Si vous avez des cr\u00e9dits pass\u00e9s bien g\u00e9r\u00e9s, cela joue en votre faveur.<\/li>\n<li><strong>Apport personnel<\/strong> : Bien qu\u2019il ne soit pas toujours obligatoire pour un cr\u00e9dit de 100 000 CHF, un apport de 10 % \u00e0 20 % (soit entre 10 000 et 20 000 CHF) peut rassurer les pr\u00eateurs et am\u00e9liorer vos conditions de cr\u00e9dit.<\/li>\n<\/ul>\n<hr \/>\n<h2><strong>Les documents requis pour les salari\u00e9s<\/strong><\/h2>\n<p>Pour les salari\u00e9s, il est crucial de d\u00e9montrer la stabilit\u00e9 et la r\u00e9gularit\u00e9 de leurs revenus. Voici les pi\u00e8ces indispensables :<\/p>\n<ul>\n<li><strong>Fiches de salaire des trois derniers mois<\/strong> : Prouvent vos revenus mensuels et leur r\u00e9gularit\u00e9.<\/li>\n<li><strong>Attestation d\u2019emploi<\/strong> : Fournie par votre employeur, elle confirme votre poste, votre anciennet\u00e9 et votre statut contractuel (CDI, CDD, etc.).<\/li>\n<li><strong>Derni\u00e8re d\u00e9claration fiscale<\/strong> : Montre vos revenus annuels et votre situation fiscale globale.<\/li>\n<li><strong>Relev\u00e9s bancaires r\u00e9cents (3 \u00e0 6 mois)<\/strong> : Donnent une vision de votre capacit\u00e9 de gestion financi\u00e8re, vos d\u00e9penses et vos \u00e9pargnes.<\/li>\n<\/ul>\n<p>\ud83d\udca1 <strong>Astuce MultiCredit<\/strong> : Si vous b\u00e9n\u00e9ficiez de primes, commissions ou autres revenus variables, joignez des justificatifs pour renforcer la preuve de vos capacit\u00e9s financi\u00e8res.[\/vc_column_text][vc_column_text]<\/p>\n<h3>Nos points fort ci dessous pour obtenir les meilleures offres possibles pour nos clients partout en Suisse<\/h3>\n<p>[\/vc_column_text][\/vc_column][\/vc_row][vc_row full_width=&#8221;stretch_row&#8221; el_class=&#8221;white-bck&#8221; css=&#8221;.vc_custom_1586930817763{padding-top: 24px !important;padding-bottom: 0px !important;}&#8221;][vc_column width=&#8221;1\/2&#8243; data_aos=&#8221;fade-up&#8221; el_class=&#8221;checklist&#8221;][vc_column_text]<\/p>\n<ul>\n<li>Vous obtenez pour votre offre de cr\u00e9dit une d\u00e9cision pr\u00e9liminaire en seulement 5 minutes, lors du premier contact t\u00e9l\u00e9phonique<\/li>\n<li>Traitement sans frais de votre demande et offre de cr\u00e9dit sans engagement<\/li>\n<li>Confidentialit\u00e9 garantie (nous sommes soumis au secret bancaire)<\/li>\n<li>Remboursement flexible pour votre cr\u00e9dit sur 12 \u00e0 84 mois<\/li>\n<li>Mensualit\u00e9s adapt\u00e9es et baisse des int\u00e9r\u00eats<\/li>\n<li>Modalit\u00e9s (dur\u00e9e, taux, montant) flexibles et adaptables<\/li>\n<li>Remboursement de votre pr\u00eat de fa\u00e7on anticip\u00e9e \u00e0 tout moment sans aucunes p\u00e9nalit\u00e9s<\/li>\n<\/ul>\n<p>[\/vc_column_text][\/vc_column][vc_column width=&#8221;1\/2&#8243; data_aos=&#8221;fade-up&#8221; data_aos_delay=&#8221;250&#8243; el_class=&#8221;checklist&#8221;][vc_column_text]<\/p>\n<ul>\n<li>Pour les Suisses et d\u00e9tenteurs de permis C, d\u00e9ductions fiscales possibles des int\u00e9r\u00eats de la dette<\/li>\n<li>D\u00e9marches simplifi\u00e9es et plus rapides que l\u2019hypoth\u00e8que et le <a href=\"https:\/\/multicredit.ch\/fr\/credit\/rachat-de-pret\/rachat-de-leasing\/\">leasing<\/a><\/li>\n<li>Prise en charge de vos d\u00e9marches administratives par notre \u00e9quipe<\/li>\n<li>D\u00e9marches simples, rapides et discr\u00e8tes<\/li>\n<li>Constitution de votre dossier par un sp\u00e9cialiste du cr\u00e9dit<\/li>\n<li>Conseil personnalis\u00e9 \u00e0 domicile ou \u00e0 notre bureau pour optimiser votre demande de cr\u00e9dit en Suisse<\/li>\n<\/ul>\n<p>[\/vc_column_text][\/vc_column][\/vc_row][vc_row full_width=&#8221;stretch_row&#8221; el_class=&#8221;white-bck bigpadding&#8221; css=&#8221;.vc_custom_1586929684389{padding-top: 24px !important;}&#8221;][vc_column data_aos=&#8221;fade-in&#8221;][vc_column_text el_class=&#8221;pt-2&#8243;]<\/p>\n<p style=\"text-align: center;\"><strong>Pour particuliers r\u00e9sidant en Suisse, suisses ou d\u00e9tenteurs d\u2019un permis B, C ou d\u2019une carte de l\u00e9gitimation (D, E, G et H) , augmenter vos liquidit\u00e9s est possible, faire des \u00e9conomies aussi. B\u00e9n\u00e9ficiez de l\u2019\u00e9tude individualis\u00e9e de votre projet, d\u2019une offre de pr\u00eat sur mesure tr\u00e8s rapidement.<\/strong><\/p>\n<h2><strong>Les documents requis pour les ind\u00e9pendants<\/strong><\/h2>\n<p>Pour les travailleurs ind\u00e9pendants, le dossier doit refl\u00e9ter la stabilit\u00e9 et la viabilit\u00e9 de leur activit\u00e9. Voici les documents essentiels :<\/p>\n<ul>\n<li><strong>Bilans comptables et comptes de r\u00e9sultat des deux \u00e0 trois derni\u00e8res ann\u00e9es<\/strong> : Prouvent la rentabilit\u00e9 de votre entreprise.<\/li>\n<li><strong>Attestation AVS<\/strong> : Confirme votre statut officiel d\u2019ind\u00e9pendant.<\/li>\n<li><strong>D\u00e9clarations fiscales r\u00e9centes<\/strong> : Mettent en avant vos revenus nets imposables.<\/li>\n<li><strong>Relev\u00e9s bancaires personnels et professionnels<\/strong> : Illustrent la gestion des flux financiers.<\/li>\n<li><strong>Justificatifs de contrats ou commandes en cours<\/strong> : Si vos revenus varient, ces \u00e9l\u00e9ments rassurent la banque sur votre capacit\u00e9 \u00e0 g\u00e9n\u00e9rer des revenus futurs.<\/li>\n<\/ul>\n<p>\ud83d\udca1 <strong>Astuce MultiCredit<\/strong> : Si votre activit\u00e9 est r\u00e9cente, ajoutez un business plan clair et d\u00e9taill\u00e9, accompagn\u00e9 de projections r\u00e9alistes.<\/p>\n<hr \/>\n<h2><strong>Comment renforcer votre dossier ?<\/strong><\/h2>\n<p>Pour mettre toutes les chances de votre c\u00f4t\u00e9, appliquez les strat\u00e9gies suivantes :<\/p>\n<ul>\n<li><strong>Apport personnel<\/strong> : Proposez un apport si possible (10 % ou 20 %), m\u00eame pour un cr\u00e9dit de 100 000 CHF. Cela r\u00e9duit le risque pour la banque et peut am\u00e9liorer votre taux d\u2019int\u00e9r\u00eat.<\/li>\n<li><strong>R\u00e9duisez vos dettes existantes<\/strong> : Remboursez partiellement ou totalement vos cr\u00e9dits en cours pour diminuer votre taux d\u2019endettement.<\/li>\n<li><strong>Am\u00e9liorez votre score de cr\u00e9dit<\/strong> : \u00c9vitez les retards de paiement et g\u00e9rez vos finances de mani\u00e8re proactive.<\/li>\n<li><strong>Pr\u00e9sentez un projet pr\u00e9cis<\/strong> : Que le cr\u00e9dit soit destin\u00e9 \u00e0 l\u2019achat d\u2019un bien, des travaux ou un investissement, d\u00e9crivez vos objectifs avec des chiffres et des estimations d\u00e9taill\u00e9s.<\/li>\n<\/ul>\n<p>\ud83d\udca1 <strong>Astuce MultiCredit<\/strong> : Incluez des preuves d\u2019\u00e9pargne r\u00e9guli\u00e8re ou de gestion responsable de vos finances pour renforcer votre cr\u00e9dibilit\u00e9.<\/p>\n<hr \/>\n<h2><strong>Les \u00e9tapes pour constituer un dossier parfait<\/strong><\/h2>\n<ol>\n<li><strong>Regroupez vos documents<\/strong> : Assurez-vous que tous les justificatifs sont r\u00e9cents et complets.<\/li>\n<li><strong>\u00c9valuez votre capacit\u00e9 financi\u00e8re<\/strong> : Calculez vos revenus, charges et taux d\u2019endettement pour anticiper les questions des pr\u00eateurs.<\/li>\n<li><strong>Contactez un conseiller MultiCredit<\/strong> : Nos experts analysent votre situation et identifient les points \u00e0 am\u00e9liorer.<\/li>\n<li><strong>Soumettez votre demande<\/strong> : MultiCredit g\u00e8re les d\u00e9marches administratives et n\u00e9gocie avec les banques pour obtenir les meilleures conditions.<\/li>\n<li><strong>Restez r\u00e9actif<\/strong> : R\u00e9pondez rapidement aux \u00e9ventuelles demandes compl\u00e9mentaires des institutions financi\u00e8res.<\/li>\n<\/ol>\n<p>[\/vc_column_text][\/vc_column][\/vc_row][vc_row full_width=&#8221;stretch_row&#8221; equal_height=&#8221;yes&#8221; el_class=&#8221;lightgrey-bck bigpadding flex-eq-height diagonal-top-bck one-fifth-link-bloc&#8221;][vc_column width=&#8221;1\/5&#8243; data_aos=&#8221;fade-down&#8221; data_aos_delay=&#8221;0&#8243;]<\/p>\n<div class=\"wpb_single_image wpb_content_element vc_align_center  wpb_animate_when_almost_visible wpb_top-to-bottom top-to-bottom wpb_start_animation animated\">\n<figure class=\"wpb_wrapper vc_figure\">\n<div class=\"vc_single_image-wrapper\"><img decoding=\"async\" src=\"https:\/\/multicredit.ch\/wp\/wp-content\/uploads\/c-hab.jpg\" alt=\"\" title=\"\"><\/div><figcaption>\n<h4>Cr\u00e9dit habitation<\/h4>\n<p>Financez am\u00e9nagements et habitations<\/p>\n<\/figcaption><\/figure>\n<\/div>\n<div class=\"vc_btn3-container text-center\"><a class=\"btn-circle-2\" href=\"https:\/\/www.multicredit.ch\/fr\/credit\/credit-habitation\/\" title=\"Cr\u00e9dit Habitation\" ><span class=\"round\">&gt;<\/span><\/a><\/div>\n<p>[\/vc_column][vc_column width=&#8221;1\/5&#8243; data_aos=&#8221;fade-down&#8221; data_aos_delay=&#8221;50&#8243;]<\/p>\n<div class=\"wpb_single_image wpb_content_element vc_align_center  wpb_animate_when_almost_visible wpb_top-to-bottom top-to-bottom wpb_start_animation animated\">\n<figure class=\"wpb_wrapper vc_figure\">\n<div class=\"vc_single_image-wrapper\"><img decoding=\"async\" src=\"https:\/\/multicredit.ch\/wp\/wp-content\/uploads\/c-auto.jpg\" alt=\"\" title=\"\"><\/div><figcaption>\n<h4>Cr\u00e9dit auto<\/h4>\n<p>Achetez votre v\u00e9hicule \u00e0 cr\u00e9dit<\/p>\n<\/figcaption><\/figure>\n<\/div>\n<div class=\"vc_btn3-container text-center\"><a class=\"btn-circle-2\" href=\"https:\/\/multicredit.ch\/fr\/credit-vehicule\/financement-automobile\/\" title=\"Cr\u00e9dit Habitation\" target=\"_blank\"><span class=\"round\">&gt;<\/span><\/a><\/div>\n<p>[\/vc_column][vc_column width=&#8221;1\/5&#8243; data_aos=&#8221;fade-down&#8221; data_aos_delay=&#8221;100&#8243;]<\/p>\n<div class=\"wpb_single_image wpb_content_element vc_align_center  wpb_animate_when_almost_visible wpb_top-to-bottom top-to-bottom wpb_start_animation animated\">\n<figure class=\"wpb_wrapper vc_figure\">\n<div class=\"vc_single_image-wrapper\"><img decoding=\"async\" src=\"https:\/\/multicredit.ch\/wp\/wp-content\/uploads\/c-form.jpg\" alt=\"\" title=\"\"><\/div><figcaption>\n<h4>Cr\u00e9dit formation<\/h4>\n<p>Financez vos \u00e9tudes<\/p>\n<\/figcaption><\/figure>\n<\/div>\n<div class=\"vc_btn3-container text-center\"><a class=\"btn-circle-2\" href=\"https:\/\/www.multicredit.ch\/fr\/credit\/financement-d-etudes-et-de-formations\/\" title=\"Cr\u00e9dit Habitation\" ><span class=\"round\">&gt;<\/span><\/a><\/div>\n<p>[\/vc_column][vc_column width=&#8221;1\/5&#8243; data_aos=&#8221;fade-down&#8221; data_aos_delay=&#8221;150&#8243;]<\/p>\n<div class=\"wpb_single_image wpb_content_element vc_align_center  wpb_animate_when_almost_visible wpb_top-to-bottom top-to-bottom wpb_start_animation animated\">\n<figure class=\"wpb_wrapper vc_figure\">\n<div class=\"vc_single_image-wrapper\"><img decoding=\"async\" src=\"https:\/\/multicredit.ch\/wp\/wp-content\/uploads\/c-med.jpg\" alt=\"\" title=\"\"><\/div><figcaption>\n<h4>Cr\u00e9dit m\u00e9dical<\/h4>\n<p>Financez votre chirurgie et soin m\u00e9dical<\/p>\n<\/figcaption><\/figure>\n<\/div>\n<div class=\"vc_btn3-container text-center\"><a class=\"btn-circle-2\" href=\"https:\/\/www.multicredit.ch\/fr\/credit\/pret-medical\/\" title=\"Cr\u00e9dit Habitation\" ><span class=\"round\">&gt;<\/span><\/a><\/div>\n<p>[\/vc_column][vc_column width=&#8221;1\/5&#8243; data_aos=&#8221;fade-down&#8221; data_aos_delay=&#8221;200&#8243;]<\/p>\n<div class=\"wpb_single_image wpb_content_element vc_align_center  wpb_animate_when_almost_visible wpb_top-to-bottom top-to-bottom wpb_start_animation animated\">\n<figure class=\"wpb_wrapper vc_figure\">\n<div class=\"vc_single_image-wrapper\"><img decoding=\"async\" src=\"https:\/\/multicredit.ch\/wp\/wp-content\/uploads\/c-all.jpg\" alt=\"\" title=\"\"><\/div><figcaption>\n<h4>Cr\u00e9dits divers<\/h4>\n<p>Pour tout autre projet<\/p>\n<\/figcaption><\/figure>\n<\/div>\n<div class=\"vc_btn3-container text-center\"><a class=\"btn-circle-2\" href=\"https:\/\/www.multicredit.ch\/fr\/credit\/credits-divers\/\" title=\"Cr\u00e9dit Habitation\" ><span class=\"round\">&gt;<\/span><\/a><\/div>\n<p>[\/vc_column][\/vc_row][vc_row full_width=&#8221;stretch_row&#8221; el_class=&#8221;white-bck regularpadding steps&#8221;][vc_column data_aos=&#8221;fade-in&#8221;]<\/p>\n<div class=\"blocktitle title-center title-dark\" clearfix\"><H2>Votre cr\u00e9dit en 4 \u00e9tapes<\/H2><\/p>\n<h4>Simple et rapide<\/h4>\n<\/div>\n<p>[vc_row_inner equal_height=&#8221;yes&#8221;][vc_column_inner width=&#8221;1\/4&#8243;][vc_pie value=&#8221;25&#8243; label_value=&#8221;1&#8243; color=&#8221;custom&#8221; title=&#8221;Demande&#8221; custom_color=&#8221;#df003c&#8221;][vc_column_text]<\/p>\n<p style=\"text-align: center;\">Vous remplissez le formulaire de demande de cr\u00e9dit selon vos besoins.<\/p>\n<h5 style=\"text-align: center;\">2 min<\/h5>\n<p>[\/vc_column_text][\/vc_column_inner][vc_column_inner width=&#8221;1\/4&#8243;][vc_pie label_value=&#8221;2&#8243; color=&#8221;custom&#8221; title=&#8221;Proposition&#8221; custom_color=&#8221;#df003c&#8221;][vc_column_text]<\/p>\n<p style=\"text-align: center;\">Nous analysons votre demande et vous proposons une solution adapt\u00e9e \u00e0 votre profil.<\/p>\n<h5 style=\"text-align: center;\">12 heures<\/h5>\n<p>[\/vc_column_text][\/vc_column_inner][vc_column_inner width=&#8221;1\/4&#8243;][vc_pie value=&#8221;75&#8243; label_value=&#8221;3&#8243; color=&#8221;custom&#8221; title=&#8221;Signature&#8221; custom_color=&#8221;#df003c&#8221;][vc_column_text]<\/p>\n<p style=\"text-align: center;\">Une fois le contrat \u00e9tabli, il vous suffit de le signer et nous le transmettre.<\/p>\n<h5 style=\"text-align: center;\">Cette \u00e9tape d\u00e9pend de votre r\u00e9activit\u00e9.<\/h5>\n<p>[\/vc_column_text][\/vc_column_inner][vc_column_inner width=&#8221;1\/4&#8243;][vc_pie value=&#8221;100&#8243; label_value=&#8221;4&#8243; color=&#8221;custom&#8221; title=&#8221;Virement&#8221; custom_color=&#8221;#df003c&#8221;][vc_column_text]<\/p>\n<p style=\"text-align: center;\">Le montant est vir\u00e9 dans votre compte.<\/p>\n<h5 style=\"text-align: center;\">14 jours (D\u00e9lai l\u00e9gal)<\/h5>\n<p>[\/vc_column_text][\/vc_column_inner][\/vc_row_inner][\/vc_column][\/vc_row][vc_row full_width=&#8221;stretch_row&#8221; content_placement=&#8221;middle&#8221; el_class=&#8221;lightgrey-bck bigpadding checklist&#8221;][vc_column data_aos=&#8221;fade-in&#8221;]<\/p>\n<div class=\"blocktitle title-left title-dark\" clearfix\"><H3>Confiez-nous la recherche de votre meilleure offre possible de cr\u00e9dit<\/H3><\/p>\n<h4>Nous cherchons toujours la meilleure offre possible pour nos clients de partout en Suisse.<\/h4>\n<\/div>\n<p>[vc_row_inner][vc_column_inner width=&#8221;1\/2&#8243;][vc_column_text]<\/p>\n<div class=\"flex max-w-full flex-col flex-grow\">\n<div class=\"min-h-8 text-message flex w-full flex-col items-end gap-2 whitespace-normal break-words text-start [.text-message+&amp;]:mt-5\" dir=\"auto\" data-message-author-role=\"assistant\" data-message-id=\"d87ff0a5-3be2-4a4e-8c7b-5aea0dea8a0d\" data-message-model-slug=\"gpt-4o\">\n<div class=\"flex w-full flex-col gap-1 empty:hidden first:pt-[3px]\">\n<div class=\"markdown prose w-full break-words dark:prose-invert light\">\n<h3><strong>Pourquoi faire appel \u00e0 MultiCredit ?<\/strong><\/h3>\n<p>Avec plus de 20 ans d\u2019exp\u00e9rience, MultiCredit est votre alli\u00e9 de confiance pour obtenir un cr\u00e9dit :<\/p>\n<ul>\n<li><strong>Accompagnement personnalis\u00e9<\/strong> : Nos conseillers \u00e9laborent des strat\u00e9gies adapt\u00e9es \u00e0 chaque situation pour faire aboutir votre <a href=\"https:\/\/multicredit.ch\/fr\/demande-de-credit\/\">demande de cr\u00e9dit<\/a><\/li>\n<li><strong>Acc\u00e8s aux meilleures offres<\/strong> : Nous comparons les taux et les conditions de plusieurs banques pour garantir le meilleur choix.<\/li>\n<li><strong>\u00c9conomie de temps et d\u2019\u00e9nergie<\/strong> : Nous g\u00e9rons toutes les d\u00e9marches administratives pour vous.<\/li>\n<li><strong>Transparence totale<\/strong> : Nos conseils sont clairs, pr\u00e9cis et sans engagement.<\/li>\n<\/ul>\n<hr \/>\n<h3><strong>Exemples d\u2019utilisation d\u2019un cr\u00e9dit de 100 000 CHF<\/strong><\/h3>\n<p>Voici quelques projets pour lesquels ce type de financement est souvent sollicit\u00e9 :<\/p>\n<ul>\n<li><strong>Achat ou r\u00e9novation d\u2019un bien immobilier<\/strong> : Pour financer des travaux ou compl\u00e9ter un apport immobilier.<\/li>\n<li><strong>Investissement professionnel<\/strong> : Achat de mat\u00e9riel ou d\u00e9veloppement d\u2019une activit\u00e9.<\/li>\n<li><strong>Regroupement de dettes<\/strong> : Simplifier vos remboursements avec un cr\u00e9dit unique \u00e0 des conditions plus favorables.<\/li>\n<li><strong>Projet personnel<\/strong> : Voyage, mariage ou financement des \u00e9tudes.<\/li>\n<\/ul>\n<hr \/>\n<h3><strong>Contactez MultiCredit d\u00e8s aujourd\u2019hui !<\/strong><\/h3>\n<p>\ud83d\udd17 <strong>Prenez rendez-vous avec l\u2019un de nos experts pour une analyse gratuite et sans engagement de votre dossier.<\/strong><br \/>\nAvec MultiCredit, votre projet de cr\u00e9dit de 100 000 CHF est entre de bonnes mains. Ensemble, nous vous aidons \u00e0 transformer vos ambitions en r\u00e9alit\u00e9.<\/p>\n<\/div>\n<\/div>\n<\/div>\n<\/div>\n<div class=\"mb-2 flex gap-3 empty:hidden -ml-2\">\n<div class=\"items-center justify-start rounded-xl p-1 flex\">\n<div class=\"flex items-center\"><\/div>\n<\/div>\n<\/div>\n<p>[\/vc_column_text][vc_btn title=&#8221;D\u00e9couvrir&#8221; link=&#8221;url:https%3A%2F%2Fwww.multicredit.ch%2Ffr%2Fa-propos%2F|title:A%20propos||&#8221;][\/vc_column_inner][vc_column_inner width=&#8221;1\/2&#8243;][vc_column_text]<\/p>\n<ul>\n<li><strong>S\u00e9curit\u00e9 et confidentialit\u00e9<\/strong><\/li>\n<li><strong>Proximit\u00e9 et responsabilit\u00e9<\/strong><\/li>\n<li><strong>Prise en charge garantie en moins de 24h<\/strong><\/li>\n<li><strong>Taux inf\u00e9rieur \u00e0 la concurrence<\/strong><\/li>\n<\/ul>\n<h4 style=\"text-align: right;\">Offre de cr\u00e9dit<\/h4>\n<p>[\/vc_column_text][\/vc_column_inner][\/vc_row_inner][\/vc_column][\/vc_row]<\/section>\n","protected":false},"excerpt":{"rendered":"<p>Concr\u00e9tisez votre projet simplement<\/p>\n","protected":false},"author":25,"featured_media":11770,"parent":27443,"menu_order":-9,"comment_status":"closed","ping_status":"closed","template":"template-credit.php","meta":{"inline_featured_image":false,"footnotes":"","_links_to":"","_links_to_target":""},"categories":[33],"class_list":["post-27810","page","type-page","status-publish","has-post-thumbnail","hentry","category-credit"],"_links":{"self":[{"href":"https:\/\/multicredit.ch\/fr\/wp-json\/wp\/v2\/pages\/27810","targetHints":{"allow":["GET"]}}],"collection":[{"href":"https:\/\/multicredit.ch\/fr\/wp-json\/wp\/v2\/pages"}],"about":[{"href":"https:\/\/multicredit.ch\/fr\/wp-json\/wp\/v2\/types\/page"}],"author":[{"embeddable":true,"href":"https:\/\/multicredit.ch\/fr\/wp-json\/wp\/v2\/users\/25"}],"replies":[{"embeddable":true,"href":"https:\/\/multicredit.ch\/fr\/wp-json\/wp\/v2\/comments?post=27810"}],"version-history":[{"count":5,"href":"https:\/\/multicredit.ch\/fr\/wp-json\/wp\/v2\/pages\/27810\/revisions"}],"predecessor-version":[{"id":27814,"href":"https:\/\/multicredit.ch\/fr\/wp-json\/wp\/v2\/pages\/27810\/revisions\/27814"}],"up":[{"embeddable":true,"href":"https:\/\/multicredit.ch\/fr\/wp-json\/wp\/v2\/pages\/27443"}],"wp:featuredmedia":[{"embeddable":true,"href":"https:\/\/multicredit.ch\/fr\/wp-json\/wp\/v2\/media\/11770"}],"wp:attachment":[{"href":"https:\/\/multicredit.ch\/fr\/wp-json\/wp\/v2\/media?parent=27810"}],"wp:term":[{"taxonomy":"category","embeddable":true,"href":"https:\/\/multicredit.ch\/fr\/wp-json\/wp\/v2\/categories?post=27810"}],"curies":[{"name":"wp","href":"https:\/\/api.w.org\/{rel}","templated":true}]}}