{"id":27795,"date":"2025-01-11T19:48:38","date_gmt":"2025-01-11T19:48:38","guid":{"rendered":"https:\/\/multicredit.ch\/?page_id=27795"},"modified":"2025-01-12T09:53:29","modified_gmt":"2025-01-12T09:53:29","slug":"pret-40000-chf","status":"publish","type":"page","link":"https:\/\/multicredit.ch\/fr\/credit\/offre-credit\/pret-40000-chf\/","title":{"rendered":"Cr\u00e9dit 40&#8217;000 CHF"},"content":{"rendered":"<section class=\"wpb-content-wrapper\">[vc_row full_width=&#8221;stretch_row&#8221; el_class=&#8221;white-bck bigpadding&#8221; css=&#8221;.vc_custom_1586929679182{padding-bottom: 24px !important;}&#8221;][vc_column data_aos=&#8221;fade-in&#8221;]<\/p>\n<div class=\"blocktitle title-center title-dark\" clearfix\"><H2>Demandez un cr\u00e9dit de 40'000 CHF avec MultiCredit<\/H2><\/div>\n<p>[vc_column_text]R\u00e9alisez vos projets les plus ambitieux gr\u00e2ce \u00e0 un cr\u00e9dit de <strong>40 000 CHF<\/strong> avec <strong>MultiCredit<\/strong>, leader en solutions de financement sur mesure en Suisse. Que ce soit pour l\u2019achat d\u2019une voiture, des travaux de r\u00e9novation, un investissement personnel ou un besoin ponctuel de tr\u00e9sorerie, MultiCredit vous accompagne avec professionnalisme et efficacit\u00e9 \u00e0 chaque \u00e9tape de votre demande.[\/vc_column_text][vc_column_text el_class=&#8221;pb-2 maxwidth&#8221;]<\/p>\n<h2><span class=\"ez-toc-section\" id=\"Pourquoi_choisir_MultiCredit_pour_votre_credit_de_40_000_CHF\"><\/span><strong>Pourquoi choisir MultiCredit pour votre cr\u00e9dit de 40 000 CHF ?<\/strong><span class=\"ez-toc-section-end\"><\/span><\/h2><div id=\"ez-toc-container\" class=\"ez-toc-v2_0_79_2 counter-hierarchy ez-toc-counter ez-toc-grey ez-toc-container-direction\">\n<label for=\"ez-toc-cssicon-toggle-item-69f16507b1327\" class=\"ez-toc-cssicon-toggle-label\"><div class=\"ez-toc-title\" style=\"cursor:inherit\">Sommaire<\/div>\n<span class=\"ez-toc-cssicon\"><span class=\"eztoc-hide\" style=\"display:none;\">Toggle<\/span><span class=\"ez-toc-icon-toggle-span\"><svg style=\"fill: #999;color:#999\" xmlns=\"http:\/\/www.w3.org\/2000\/svg\" class=\"list-377408\" width=\"20px\" height=\"20px\" viewBox=\"0 0 24 24\" fill=\"none\"><path d=\"M6 6H4v2h2V6zm14 0H8v2h12V6zM4 11h2v2H4v-2zm16 0H8v2h12v-2zM4 16h2v2H4v-2zm16 0H8v2h12v-2z\" fill=\"currentColor\"><\/path><\/svg><svg style=\"fill: #999;color:#999\" class=\"arrow-unsorted-368013\" xmlns=\"http:\/\/www.w3.org\/2000\/svg\" width=\"10px\" height=\"10px\" viewBox=\"0 0 24 24\" version=\"1.2\" baseProfile=\"tiny\"><path d=\"M18.2 9.3l-6.2-6.3-6.2 6.3c-.2.2-.3.4-.3.7s.1.5.3.7c.2.2.4.3.7.3h11c.3 0 .5-.1.7-.3.2-.2.3-.5.3-.7s-.1-.5-.3-.7zM5.8 14.7l6.2 6.3 6.2-6.3c.2-.2.3-.5.3-.7s-.1-.5-.3-.7c-.2-.2-.4-.3-.7-.3h-11c-.3 0-.5.1-.7.3-.2.2-.3.5-.3.7s.1.5.3.7z\"\/><\/svg><\/span><\/span><\/label><input type=\"checkbox\"  id=\"ez-toc-cssicon-toggle-item-69f16507b1327\" checked \/><nav><ul class='ez-toc-list ez-toc-list-level-1 ' ><li class='ez-toc-page-1 ez-toc-heading-level-2'><a class=\"ez-toc-link ez-toc-heading-1\" href=\"https:\/\/multicredit.ch\/fr\/credit\/offre-credit\/pret-40000-chf\/#Pourquoi_choisir_MultiCredit_pour_votre_credit_de_40_000_CHF\" >Pourquoi choisir MultiCredit pour votre cr\u00e9dit de 40 000 CHF ?<\/a><\/li><li class='ez-toc-page-1 ez-toc-heading-level-2'><a class=\"ez-toc-link ez-toc-heading-2\" href=\"https:\/\/multicredit.ch\/fr\/credit\/offre-credit\/pret-40000-chf\/#Les_etapes_pour_obtenir_un_credit_de_40_000_CHF\" >Les \u00e9tapes pour obtenir un cr\u00e9dit de 40 000 CHF<\/a><ul class='ez-toc-list-level-3' ><li class='ez-toc-heading-level-3'><a class=\"ez-toc-link ez-toc-heading-3\" href=\"https:\/\/multicredit.ch\/fr\/credit\/offre-credit\/pret-40000-chf\/#Nos_points_fort_ci_dessous_pour_obtenir_les_meilleures_offres_possibles_pour_nos_clients_partout_en_Suisse\" >Nos points fort ci dessous pour obtenir les meilleures offres possibles pour nos clients partout en Suisse<\/a><\/li><\/ul><\/li><li class='ez-toc-page-1 ez-toc-heading-level-2'><a class=\"ez-toc-link ez-toc-heading-4\" href=\"https:\/\/multicredit.ch\/fr\/credit\/offre-credit\/pret-40000-chf\/#Verifier_votre_eligibilite\" >V\u00e9rifier votre \u00e9ligibilit\u00e9<\/a><\/li><li class='ez-toc-page-1 ez-toc-heading-level-2'><a class=\"ez-toc-link ez-toc-heading-5\" href=\"https:\/\/multicredit.ch\/fr\/credit\/offre-credit\/pret-40000-chf\/#Rassembler_les_documents_necessaires_pour_votre_credit\" >Rassembler les documents n\u00e9cessaires pour votre cr\u00e9dit<\/a><\/li><li class='ez-toc-page-1 ez-toc-heading-level-2'><a class=\"ez-toc-link ez-toc-heading-6\" href=\"https:\/\/multicredit.ch\/fr\/credit\/offre-credit\/pret-40000-chf\/#Faire_une_demande_en_ligne_ou_en_personne\" >Faire une demande en ligne ou en personne<\/a><\/li><li class='ez-toc-page-1 ez-toc-heading-level-2'><a class=\"ez-toc-link ez-toc-heading-7\" href=\"https:\/\/multicredit.ch\/fr\/credit\/offre-credit\/pret-40000-chf\/#Analyse_et_validation\" >Analyse et validation<\/a><ul class='ez-toc-list-level-3' ><li class='ez-toc-heading-level-3'><a class=\"ez-toc-link ez-toc-heading-8\" href=\"https:\/\/multicredit.ch\/fr\/credit\/offre-credit\/pret-40000-chf\/#Les_avantages_exclusifs_MultiCredit_pour_un_credit_de_40_000_CHF\" >Les avantages exclusifs MultiCredit pour un cr\u00e9dit de 40 000 CHF<\/a><\/li><li class='ez-toc-page-1 ez-toc-heading-level-3'><a class=\"ez-toc-link ez-toc-heading-9\" href=\"https:\/\/multicredit.ch\/fr\/credit\/offre-credit\/pret-40000-chf\/#Questions_frequentes_sur_les_credits_MultiCredit\" >Questions fr\u00e9quentes sur les cr\u00e9dits MultiCredit<\/a><\/li><li class='ez-toc-page-1 ez-toc-heading-level-3'><a class=\"ez-toc-link ez-toc-heading-10\" href=\"https:\/\/multicredit.ch\/fr\/credit\/offre-credit\/pret-40000-chf\/#Prenez_rendez-vous_avec_MultiCredit_des_aujourdhui\" >Prenez rendez-vous avec MultiCredit d\u00e8s aujourd\u2019hui<\/a><\/li><\/ul><\/li><\/ul><\/nav><\/div>\n\n<ul>\n<li><strong>Des taux avantageux<\/strong> : MultiCredit propose des taux parmi les plus comp\u00e9titifs du march\u00e9, adapt\u00e9s \u00e0 votre situation financi\u00e8re.<\/li>\n<li><strong>Un processus rapide et simple<\/strong> : R\u00e9ponse rapide en moins de 24 heures dans la majorit\u00e9 des cas.<\/li>\n<li><strong>Une solution flexible<\/strong> : Choisissez la dur\u00e9e de remboursement et les mensualit\u00e9s qui conviennent le mieux \u00e0 votre budget (12 \u00e0 84 mois).<\/li>\n<li><strong>Un accompagnement personnalis\u00e9<\/strong> : Nos conseillers \u00e9valuent avec soin votre situation pour vous proposer une solution optimis\u00e9e.<\/li>\n<\/ul>\n<hr \/>\n<h2><span class=\"ez-toc-section\" id=\"Les_etapes_pour_obtenir_un_credit_de_40_000_CHF\"><\/span><strong>Les \u00e9tapes pour obtenir un cr\u00e9dit de 40 000 CHF<\/strong><span class=\"ez-toc-section-end\"><\/span><\/h2>\n<h4><strong>\u00c9tape 1 : D\u00e9finir votre projet et vos besoins<\/strong><\/h4>\n<p>Clarifiez les raisons de votre demande de cr\u00e9dit. Quelques exemples courants :<\/p>\n<ul>\n<li>Achat ou remplacement d\u2019un v\u00e9hicule.<\/li>\n<li>Travaux de r\u00e9novation ou agrandissement de votre maison.<\/li>\n<li>Consolidation de dettes pour simplifier vos remboursements.<\/li>\n<li>Investissement personnel (voyage, formation, mariage, etc.).<\/li>\n<\/ul>\n<p>\ud83d\udca1 <strong>Conseil MultiCredit<\/strong> : M\u00eame si l\u2019usage de vos fonds reste libre, pr\u00e9senter un projet pr\u00e9cis peut renforcer votre dossier et ouvrir la voie \u00e0 des conditions plus avantageuses.[\/vc_column_text][vc_column_text]<\/p>\n<h3><span class=\"ez-toc-section\" id=\"Nos_points_fort_ci_dessous_pour_obtenir_les_meilleures_offres_possibles_pour_nos_clients_partout_en_Suisse\"><\/span>Nos points fort ci dessous pour obtenir les meilleures offres possibles pour nos clients partout en Suisse<span class=\"ez-toc-section-end\"><\/span><\/h3>\n<p>[\/vc_column_text][\/vc_column][\/vc_row][vc_row full_width=&#8221;stretch_row&#8221; el_class=&#8221;white-bck&#8221; css=&#8221;.vc_custom_1586930817763{padding-top: 24px !important;padding-bottom: 0px !important;}&#8221;][vc_column width=&#8221;1\/2&#8243; data_aos=&#8221;fade-up&#8221; el_class=&#8221;checklist&#8221;][vc_column_text]<\/p>\n<ul>\n<li>Vous obtenez pour votre offre de cr\u00e9dit une d\u00e9cision pr\u00e9liminaire en seulement 5 minutes, lors du premier contact t\u00e9l\u00e9phonique<\/li>\n<li>Traitement sans frais de votre demande et offre de cr\u00e9dit sans engagement<\/li>\n<li>Confidentialit\u00e9 garantie (nous sommes soumis au secret bancaire)<\/li>\n<li>Remboursement flexible pour votre cr\u00e9dit sur 12 \u00e0 84 mois<\/li>\n<li>Mensualit\u00e9s adapt\u00e9es et baisse des int\u00e9r\u00eats<\/li>\n<li>Modalit\u00e9s (dur\u00e9e, taux, montant) flexibles et adaptables<\/li>\n<li>Remboursement de votre pr\u00eat de fa\u00e7on anticip\u00e9e \u00e0 tout moment sans aucunes p\u00e9nalit\u00e9s<\/li>\n<\/ul>\n<p>[\/vc_column_text][\/vc_column][vc_column width=&#8221;1\/2&#8243; data_aos=&#8221;fade-up&#8221; data_aos_delay=&#8221;250&#8243; el_class=&#8221;checklist&#8221;][vc_column_text]<\/p>\n<ul>\n<li>Pour les Suisses et d\u00e9tenteurs de permis C, d\u00e9ductions fiscales possibles des int\u00e9r\u00eats de la dette<\/li>\n<li>D\u00e9marches simplifi\u00e9es et plus rapides que l\u2019hypoth\u00e8que et le <a href=\"https:\/\/multicredit.ch\/fr\/credit\/rachat-de-pret\/rachat-de-leasing\/\">leasing<\/a><\/li>\n<li>Prise en charge de vos d\u00e9marches administratives par notre \u00e9quipe<\/li>\n<li>D\u00e9marches simples, rapides et discr\u00e8tes<\/li>\n<li>Constitution de votre dossier par un sp\u00e9cialiste du cr\u00e9dit<\/li>\n<li>Conseil personnalis\u00e9 \u00e0 domicile ou \u00e0 notre bureau pour optimiser votre demande de cr\u00e9dit en Suisse<\/li>\n<\/ul>\n<p>[\/vc_column_text][\/vc_column][\/vc_row][vc_row full_width=&#8221;stretch_row&#8221; el_class=&#8221;white-bck bigpadding&#8221; css=&#8221;.vc_custom_1586929684389{padding-top: 24px !important;}&#8221;][vc_column data_aos=&#8221;fade-in&#8221;][vc_column_text el_class=&#8221;pt-2&#8243;]<\/p>\n<p style=\"text-align: center;\"><strong>Pour particuliers r\u00e9sidant en Suisse, suisses ou d\u00e9tenteurs d\u2019un permis B, C ou d\u2019une carte de l\u00e9gitimation (D, E, G et H) , augmenter vos liquidit\u00e9s est possible, faire des \u00e9conomies aussi. B\u00e9n\u00e9ficiez de l\u2019\u00e9tude individualis\u00e9e de votre projet, d\u2019une offre de pr\u00eat sur mesure tr\u00e8s rapidement.<\/strong><\/p>\n<h2><span class=\"ez-toc-section\" id=\"Verifier_votre_eligibilite\"><\/span><strong>V\u00e9rifier votre \u00e9ligibilit\u00e9<\/strong><span class=\"ez-toc-section-end\"><\/span><\/h2>\n<p>Avant de soumettre votre demande, assurez-vous de remplir les crit\u00e8res suivants :<\/p>\n<ul>\n<li><strong>Revenus stables<\/strong> : Des revenus r\u00e9guliers, justifi\u00e9s par des fiches de salaire ou des preuves de revenus, sont indispensables.<\/li>\n<li><strong>Taux d\u2019endettement ma\u00eetris\u00e9<\/strong> : Vos mensualit\u00e9s actuelles ne doivent pas d\u00e9passer 33 % de vos revenus.<\/li>\n<li><strong>Situation professionnelle et r\u00e9sidentielle<\/strong> : Un contrat de travail stable ou une activit\u00e9 d\u2019ind\u00e9pendant avec des revenus r\u00e9guliers renforce votre dossier.<\/li>\n<\/ul>\n<p>\ud83d\udca1 <strong>Astuce MultiCredit<\/strong> : M\u00eame si votre situation est particuli\u00e8re (ind\u00e9pendant, rentier ou frontalier), MultiCredit analyse votre dossier pour trouver des solutions adapt\u00e9es.<\/p>\n<hr \/>\n<h2><span class=\"ez-toc-section\" id=\"Rassembler_les_documents_necessaires_pour_votre_credit\"><\/span><strong>Rassembler les documents n\u00e9cessaires pour votre cr\u00e9dit<br \/>\n<\/strong><span class=\"ez-toc-section-end\"><\/span><\/h2>\n<p>Les documents requis pour une demande de cr\u00e9dit incluent :<\/p>\n<ul>\n<li>Une pi\u00e8ce d\u2019identit\u00e9 ou un permis de s\u00e9jour (pour les r\u00e9sidents \u00e9trangers).<\/li>\n<li>Les trois derniers bulletins de salaire ou preuves de revenus (pour les ind\u00e9pendants : bilans annuels ou justificatifs bancaires).<\/li>\n<li>Un relev\u00e9 bancaire r\u00e9cent.<\/li>\n<li>Un justificatif de domicile (facture ou attestation officielle).<\/li>\n<\/ul>\n<p>\ud83d\udca1 <strong>Avantage MultiCredit<\/strong> : La soumission des documents peut se faire en ligne, simplifiant et acc\u00e9l\u00e9rant le traitement de votre demande.<\/p>\n<hr \/>\n<h2><span class=\"ez-toc-section\" id=\"Faire_une_demande_en_ligne_ou_en_personne\"><\/span><strong>Faire une demande en ligne ou en personne<\/strong><span class=\"ez-toc-section-end\"><\/span><\/h2>\n<p>Avec MultiCredit, soumettre une demande est simple et rapide :<\/p>\n<ol>\n<li>Acc\u00e9dez au formulaire s\u00e9curis\u00e9 en ligne ou prenez rendez-vous avec un conseiller.<\/li>\n<li>Remplissez vos informations personnelles et financi\u00e8res.<\/li>\n<li>Indiquez le montant souhait\u00e9 (40 000 CHF) et la dur\u00e9e de remboursement envisag\u00e9e.<\/li>\n<li>T\u00e9l\u00e9chargez les documents requis directement sur notre plateforme ou apportez-les en personne.<\/li>\n<\/ol>\n<p>\ud83d\udca1 <strong>Astuce MultiCredit<\/strong> : Utilisez notre simulateur en ligne pour estimer vos mensualit\u00e9s et visualiser l\u2019impact de la dur\u00e9e de remboursement sur le co\u00fbt total de votre cr\u00e9dit.<\/p>\n<hr \/>\n<h2><span class=\"ez-toc-section\" id=\"Analyse_et_validation\"><\/span><strong>Analyse et validation<\/strong><span class=\"ez-toc-section-end\"><\/span><\/h2>\n<p>Apr\u00e8s r\u00e9ception de votre dossier :<\/p>\n<ul>\n<li>Nos conseillers examinent vos informations et analysent votre capacit\u00e9 de remboursement.<\/li>\n<li>Une r\u00e9ponse vous est communiqu\u00e9e dans un d\u00e9lai rapide, g\u00e9n\u00e9ralement en moins de 24 heures.<\/li>\n<li>En cas d\u2019approbation, les fonds sont d\u00e9bloqu\u00e9s rapidement et directement vers\u00e9s sur votre compte bancaire.<\/li>\n<\/ul>\n<p>\ud83d\udca1 <strong>Avantage MultiCredit<\/strong> : Notre \u00e9quipe est disponible pour r\u00e9pondre \u00e0 toutes vos questions \u00e0 chaque \u00e9tape du processus.<\/p>\n<hr \/>\n<h3><span class=\"ez-toc-section\" id=\"Les_avantages_exclusifs_MultiCredit_pour_un_credit_de_40_000_CHF\"><\/span><strong>Les avantages exclusifs MultiCredit pour un cr\u00e9dit de 40 000 CHF<\/strong><span class=\"ez-toc-section-end\"><\/span><\/h3>\n<ul>\n<li><strong>Des solutions sur mesure<\/strong> : MultiCredit s\u2019adapte \u00e0 vos besoins sp\u00e9cifiques et \u00e0 votre budget.<\/li>\n<li><strong>Aucune justification obligatoire<\/strong> : Utilisez votre cr\u00e9dit librement, selon vos projets et priorit\u00e9s.<\/li>\n<li><strong>Options de remboursement anticip\u00e9<\/strong> : Remboursez votre cr\u00e9dit plus t\u00f4t sans frais suppl\u00e9mentaires.<\/li>\n<li><strong>Des assurances facultatives<\/strong> : Prot\u00e9gez votre cr\u00e9dit contre les al\u00e9as (perte d\u2019emploi, incapacit\u00e9, etc.).<\/li>\n<\/ul>\n<hr \/>\n<h3><span class=\"ez-toc-section\" id=\"Questions_frequentes_sur_les_credits_MultiCredit\"><\/span><strong>Questions fr\u00e9quentes sur les cr\u00e9dits MultiCredit<\/strong><span class=\"ez-toc-section-end\"><\/span><\/h3>\n<h4><strong>Puis-je obtenir un cr\u00e9dit avec un revenu mod\u00e9r\u00e9 ?<\/strong><\/h4>\n<p>Oui, MultiCredit propose des solutions adapt\u00e9es aux revenus vari\u00e9s, tant que votre taux d\u2019endettement est raisonnable.<\/p>\n<h4><strong>Que faire si je suis ind\u00e9pendant ?<\/strong><\/h4>\n<p>Les ind\u00e9pendants peuvent fournir des justificatifs tels que des bilans annuels ou relev\u00e9s bancaires pour appuyer leur demande.<\/p>\n<h4><strong>Y a-t-il des frais cach\u00e9s ?<\/strong><\/h4>\n<p>Non, avec MultiCredit, tout est transparent : vous recevez une offre d\u00e9taillant clairement les frais et taux appliqu\u00e9s.[\/vc_column_text][\/vc_column][\/vc_row][vc_row full_width=&#8221;stretch_row&#8221; equal_height=&#8221;yes&#8221; el_class=&#8221;lightgrey-bck bigpadding flex-eq-height diagonal-top-bck one-fifth-link-bloc&#8221;][vc_column width=&#8221;1\/5&#8243; data_aos=&#8221;fade-down&#8221; data_aos_delay=&#8221;0&#8243;]<\/p>\n<div class=\"wpb_single_image wpb_content_element vc_align_center  wpb_animate_when_almost_visible wpb_top-to-bottom top-to-bottom wpb_start_animation animated\">\n<figure class=\"wpb_wrapper vc_figure\">\n<div class=\"vc_single_image-wrapper\"><img decoding=\"async\" src=\"https:\/\/multicredit.ch\/wp\/wp-content\/uploads\/c-hab.jpg\" alt=\"\" title=\"\"><\/div><figcaption>\n<h4>Cr\u00e9dit habitation<\/h4>\n<p>Financez am\u00e9nagements et habitations<\/p>\n<\/figcaption><\/figure>\n<\/div>\n<div class=\"vc_btn3-container text-center\"><a class=\"btn-circle-2\" href=\"https:\/\/www.multicredit.ch\/fr\/credit\/credit-habitation\/\" title=\"Cr\u00e9dit Habitation\" ><span class=\"round\">&gt;<\/span><\/a><\/div>\n<p>[\/vc_column][vc_column width=&#8221;1\/5&#8243; data_aos=&#8221;fade-down&#8221; data_aos_delay=&#8221;50&#8243;]<\/p>\n<div class=\"wpb_single_image wpb_content_element vc_align_center  wpb_animate_when_almost_visible wpb_top-to-bottom top-to-bottom wpb_start_animation animated\">\n<figure class=\"wpb_wrapper vc_figure\">\n<div class=\"vc_single_image-wrapper\"><img decoding=\"async\" src=\"https:\/\/multicredit.ch\/wp\/wp-content\/uploads\/c-auto.jpg\" alt=\"\" title=\"\"><\/div><figcaption>\n<h4>Cr\u00e9dit auto<\/h4>\n<p>Achetez votre v\u00e9hicule \u00e0 cr\u00e9dit<\/p>\n<\/figcaption><\/figure>\n<\/div>\n<div class=\"vc_btn3-container text-center\"><a class=\"btn-circle-2\" href=\"https:\/\/multicredit.ch\/fr\/credit-vehicule\/financement-automobile\/\" title=\"Cr\u00e9dit Habitation\" target=\"_blank\"><span class=\"round\">&gt;<\/span><\/a><\/div>\n<p>[\/vc_column][vc_column width=&#8221;1\/5&#8243; data_aos=&#8221;fade-down&#8221; data_aos_delay=&#8221;100&#8243;]<\/p>\n<div class=\"wpb_single_image wpb_content_element vc_align_center  wpb_animate_when_almost_visible wpb_top-to-bottom top-to-bottom wpb_start_animation animated\">\n<figure class=\"wpb_wrapper vc_figure\">\n<div class=\"vc_single_image-wrapper\"><img decoding=\"async\" src=\"https:\/\/multicredit.ch\/wp\/wp-content\/uploads\/c-form.jpg\" alt=\"\" title=\"\"><\/div><figcaption>\n<h4>Cr\u00e9dit formation<\/h4>\n<p>Financez vos \u00e9tudes<\/p>\n<\/figcaption><\/figure>\n<\/div>\n<div class=\"vc_btn3-container text-center\"><a class=\"btn-circle-2\" href=\"https:\/\/www.multicredit.ch\/fr\/credit\/financement-d-etudes-et-de-formations\/\" title=\"Cr\u00e9dit Habitation\" ><span class=\"round\">&gt;<\/span><\/a><\/div>\n<p>[\/vc_column][vc_column width=&#8221;1\/5&#8243; data_aos=&#8221;fade-down&#8221; data_aos_delay=&#8221;150&#8243;]<\/p>\n<div class=\"wpb_single_image wpb_content_element vc_align_center  wpb_animate_when_almost_visible wpb_top-to-bottom top-to-bottom wpb_start_animation animated\">\n<figure class=\"wpb_wrapper vc_figure\">\n<div class=\"vc_single_image-wrapper\"><img decoding=\"async\" src=\"https:\/\/multicredit.ch\/wp\/wp-content\/uploads\/c-med.jpg\" alt=\"\" title=\"\"><\/div><figcaption>\n<h4>Cr\u00e9dit m\u00e9dical<\/h4>\n<p>Financez votre chirurgie et soin m\u00e9dical<\/p>\n<\/figcaption><\/figure>\n<\/div>\n<div class=\"vc_btn3-container text-center\"><a class=\"btn-circle-2\" href=\"https:\/\/www.multicredit.ch\/fr\/credit\/pret-medical\/\" title=\"Cr\u00e9dit Habitation\" ><span class=\"round\">&gt;<\/span><\/a><\/div>\n<p>[\/vc_column][vc_column width=&#8221;1\/5&#8243; data_aos=&#8221;fade-down&#8221; data_aos_delay=&#8221;200&#8243;]<\/p>\n<div class=\"wpb_single_image wpb_content_element vc_align_center  wpb_animate_when_almost_visible wpb_top-to-bottom top-to-bottom wpb_start_animation animated\">\n<figure class=\"wpb_wrapper vc_figure\">\n<div class=\"vc_single_image-wrapper\"><img decoding=\"async\" src=\"https:\/\/multicredit.ch\/wp\/wp-content\/uploads\/c-all.jpg\" alt=\"\" title=\"\"><\/div><figcaption>\n<h4>Cr\u00e9dits divers<\/h4>\n<p>Pour tout autre projet<\/p>\n<\/figcaption><\/figure>\n<\/div>\n<div class=\"vc_btn3-container text-center\"><a class=\"btn-circle-2\" href=\"https:\/\/www.multicredit.ch\/fr\/credit\/credits-divers\/\" title=\"Cr\u00e9dit Habitation\" ><span class=\"round\">&gt;<\/span><\/a><\/div>\n<p>[\/vc_column][\/vc_row][vc_row full_width=&#8221;stretch_row&#8221; el_class=&#8221;white-bck regularpadding steps&#8221;][vc_column data_aos=&#8221;fade-in&#8221;]<\/p>\n<div class=\"blocktitle title-center title-dark\" clearfix\"><H2>Votre cr\u00e9dit en 4 \u00e9tapes<\/H2><\/p>\n<h4>Simple et rapide<\/h4>\n<\/div>\n<p>[vc_row_inner equal_height=&#8221;yes&#8221;][vc_column_inner width=&#8221;1\/4&#8243;][vc_pie value=&#8221;25&#8243; label_value=&#8221;1&#8243; color=&#8221;custom&#8221; title=&#8221;Demande&#8221; custom_color=&#8221;#df003c&#8221;][vc_column_text]<\/p>\n<p style=\"text-align: center;\">Vous remplissez le formulaire de demande de cr\u00e9dit selon vos besoins.<\/p>\n<h5 style=\"text-align: center;\">2 min<\/h5>\n<p>[\/vc_column_text][\/vc_column_inner][vc_column_inner width=&#8221;1\/4&#8243;][vc_pie label_value=&#8221;2&#8243; color=&#8221;custom&#8221; title=&#8221;Proposition&#8221; custom_color=&#8221;#df003c&#8221;][vc_column_text]<\/p>\n<p style=\"text-align: center;\">Nous analysons votre demande et vous proposons une solution adapt\u00e9e \u00e0 votre profil.<\/p>\n<h5 style=\"text-align: center;\">12 heures<\/h5>\n<p>[\/vc_column_text][\/vc_column_inner][vc_column_inner width=&#8221;1\/4&#8243;][vc_pie value=&#8221;75&#8243; label_value=&#8221;3&#8243; color=&#8221;custom&#8221; title=&#8221;Signature&#8221; custom_color=&#8221;#df003c&#8221;][vc_column_text]<\/p>\n<p style=\"text-align: center;\">Une fois le contrat \u00e9tabli, il vous suffit de le signer et nous le transmettre.<\/p>\n<h5 style=\"text-align: center;\">Cette \u00e9tape d\u00e9pend de votre r\u00e9activit\u00e9.<\/h5>\n<p>[\/vc_column_text][\/vc_column_inner][vc_column_inner width=&#8221;1\/4&#8243;][vc_pie value=&#8221;100&#8243; label_value=&#8221;4&#8243; color=&#8221;custom&#8221; title=&#8221;Virement&#8221; custom_color=&#8221;#df003c&#8221;][vc_column_text]<\/p>\n<p style=\"text-align: center;\">Le montant est vir\u00e9 dans votre compte.<\/p>\n<h5 style=\"text-align: center;\">14 jours (D\u00e9lai l\u00e9gal)<\/h5>\n<p>[\/vc_column_text][\/vc_column_inner][\/vc_row_inner][\/vc_column][\/vc_row][vc_row full_width=&#8221;stretch_row&#8221; content_placement=&#8221;middle&#8221; el_class=&#8221;lightgrey-bck bigpadding checklist&#8221;][vc_column data_aos=&#8221;fade-in&#8221;]<\/p>\n<div class=\"blocktitle title-left title-dark\" clearfix\"><H3>Confiez-nous la recherche de votre meilleure offre possible de cr\u00e9dit<\/H3><\/p>\n<h4>Nous cherchons toujours la meilleure offre possible pour nos clients de partout en Suisse.<\/h4>\n<\/div>\n<p>[vc_row_inner][vc_column_inner width=&#8221;1\/2&#8243;][vc_column_text]<\/p>\n<h3><span class=\"ez-toc-section\" id=\"Prenez_rendez-vous_avec_MultiCredit_des_aujourdhui\"><\/span>Prenez rendez-vous avec MultiCredit d\u00e8s aujourd\u2019hui<span class=\"ez-toc-section-end\"><\/span><\/h3>\n<p>Transformez vos projets en r\u00e9alit\u00e9 avec un cr\u00e9dit de <strong>40 000 CHF<\/strong>. Gr\u00e2ce \u00e0 notre expertise, notre flexibilit\u00e9 et notre service client irr\u00e9prochable, MultiCredit est le partenaire de confiance pour vos besoins de financement.<\/p>\n<p>\ud83d\udcde <strong>Contactez-nous<\/strong> ou rendez-vous sur notre site pour d\u00e9marrer votre demande en quelques clics.<br \/>\nMultiCredit, votre expert en solutions de cr\u00e9dit personnalis\u00e9es en Suisse ![\/vc_column_text][vc_btn title=&#8221;D\u00e9couvrir&#8221; link=&#8221;url:https%3A%2F%2Fwww.multicredit.ch%2Ffr%2Fa-propos%2F|title:A%20propos||&#8221;][\/vc_column_inner][vc_column_inner width=&#8221;1\/2&#8243;][vc_column_text]<\/p>\n<ul>\n<li><strong>S\u00e9curit\u00e9 et confidentialit\u00e9<\/strong><\/li>\n<li><strong>Proximit\u00e9 et responsabilit\u00e9<\/strong><\/li>\n<li><strong>Prise en charge garantie en moins de 24h<\/strong><\/li>\n<li><strong>Taux inf\u00e9rieur \u00e0 la concurrence<\/strong><\/li>\n<\/ul>\n<h4 style=\"text-align: right;\">Offre de cr\u00e9dit<\/h4>\n<p>[\/vc_column_text][\/vc_column_inner][\/vc_row_inner][\/vc_column][\/vc_row]<\/section>\n","protected":false},"excerpt":{"rendered":"<p>Concr\u00e9tisez votre projet simplement<\/p>\n","protected":false},"author":25,"featured_media":11770,"parent":27443,"menu_order":-9,"comment_status":"closed","ping_status":"closed","template":"template-credit.php","meta":{"inline_featured_image":false,"footnotes":"","_links_to":"","_links_to_target":""},"categories":[33],"class_list":["post-27795","page","type-page","status-publish","has-post-thumbnail","hentry","category-credit"],"_links":{"self":[{"href":"https:\/\/multicredit.ch\/fr\/wp-json\/wp\/v2\/pages\/27795","targetHints":{"allow":["GET"]}}],"collection":[{"href":"https:\/\/multicredit.ch\/fr\/wp-json\/wp\/v2\/pages"}],"about":[{"href":"https:\/\/multicredit.ch\/fr\/wp-json\/wp\/v2\/types\/page"}],"author":[{"embeddable":true,"href":"https:\/\/multicredit.ch\/fr\/wp-json\/wp\/v2\/users\/25"}],"replies":[{"embeddable":true,"href":"https:\/\/multicredit.ch\/fr\/wp-json\/wp\/v2\/comments?post=27795"}],"version-history":[{"count":1,"href":"https:\/\/multicredit.ch\/fr\/wp-json\/wp\/v2\/pages\/27795\/revisions"}],"predecessor-version":[{"id":27796,"href":"https:\/\/multicredit.ch\/fr\/wp-json\/wp\/v2\/pages\/27795\/revisions\/27796"}],"up":[{"embeddable":true,"href":"https:\/\/multicredit.ch\/fr\/wp-json\/wp\/v2\/pages\/27443"}],"wp:featuredmedia":[{"embeddable":true,"href":"https:\/\/multicredit.ch\/fr\/wp-json\/wp\/v2\/media\/11770"}],"wp:attachment":[{"href":"https:\/\/multicredit.ch\/fr\/wp-json\/wp\/v2\/media?parent=27795"}],"wp:term":[{"taxonomy":"category","embeddable":true,"href":"https:\/\/multicredit.ch\/fr\/wp-json\/wp\/v2\/categories?post=27795"}],"curies":[{"name":"wp","href":"https:\/\/api.w.org\/{rel}","templated":true}]}}