{"id":27792,"date":"2025-01-11T19:38:46","date_gmt":"2025-01-11T19:38:46","guid":{"rendered":"https:\/\/multicredit.ch\/?page_id=27792"},"modified":"2025-01-12T09:54:31","modified_gmt":"2025-01-12T09:54:31","slug":"pret-30000-chf","status":"publish","type":"page","link":"https:\/\/multicredit.ch\/fr\/credit\/offre-credit\/pret-30000-chf\/","title":{"rendered":"Cr\u00e9dit 30&#8217;000 CHF"},"content":{"rendered":"<section class=\"wpb-content-wrapper\">[vc_row full_width=&#8221;stretch_row&#8221; el_class=&#8221;white-bck bigpadding&#8221; css=&#8221;.vc_custom_1586929679182{padding-bottom: 24px !important;}&#8221;][vc_column data_aos=&#8221;fade-in&#8221;]<\/p>\n<div class=\"blocktitle title-center title-dark\" clearfix\"><H2><span class=\"ez-toc-section\" id=\"Demandez_un_credit_de_30000_CHF_avec_MultiCredit\"><\/span>Demandez un cr\u00e9dit de 30&#8217;000 CHF avec MultiCredit<\/H2><\/div>\n<p>[vc_column_text]Obtenir un cr\u00e9dit de 30 000 CHF peut transformer vos projets en r\u00e9alit\u00e9, qu&#8217;il s&#8217;agisse de financer une voiture, des r\u00e9novations ou tout autre besoin personnel. <strong>MultiCredit<\/strong>, leader en solutions de financement en Suisse, vous accompagne \u00e0 chaque \u00e9tape avec des conseils personnalis\u00e9s et un service de qualit\u00e9.[\/vc_column_text][vc_column_text el_class=&#8221;pb-2 maxwidth&#8221;]<\/p>\n<h2><span class=\"ez-toc-section\" id=\"Pourquoi_choisir_MultiCredit\"><\/span><strong>Pourquoi choisir MultiCredit ?<\/strong><span class=\"ez-toc-section-end\"><\/span><\/h2>\n<p>MultiCredit offre une exp\u00e9rience unique gr\u00e2ce \u00e0 :<\/p>\n<ul>\n<li><strong>Des taux comp\u00e9titifs<\/strong> : Profitez de conditions avantageuses adapt\u00e9es \u00e0 votre situation.<\/li>\n<li><strong>Un service rapide et efficace<\/strong> : Des d\u00e9lais de traitement courts pour une r\u00e9ponse rapide.<\/li>\n<li><strong>Une flexibilit\u00e9 adapt\u00e9e<\/strong> : Des solutions sur mesure, qu\u2019il s\u2019agisse de la dur\u00e9e ou du montant des mensualit\u00e9s.<\/li>\n<li><strong>Un accompagnement personnalis\u00e9<\/strong> : Nos conseillers sont \u00e0 votre \u00e9coute pour maximiser vos chances de succ\u00e8s.<\/li>\n<\/ul>\n<hr \/>\n<h2><span class=\"ez-toc-section\" id=\"Les_etapes_pour_demander_votre_credit_de_30_000_CHF\"><\/span><strong>Les \u00e9tapes pour demander votre cr\u00e9dit de 30 000 CHF<\/strong><span class=\"ez-toc-section-end\"><\/span><\/h2>\n<h4><strong>\u00c9tape 1 : D\u00e9finir votre projet<\/strong><\/h4>\n<p>Identifiez clairement l\u2019objectif de votre cr\u00e9dit :<\/p>\n<ul>\n<li>Achat d\u2019un v\u00e9hicule.<\/li>\n<li>Travaux de r\u00e9novation.<\/li>\n<li>Financement d\u2019un voyage ou projet personnel.<\/li>\n<li>Consolidation de dettes.<\/li>\n<\/ul>\n<p>\ud83d\udca1 <em>Conseil MultiCredit<\/em> : Une raison claire peut aider \u00e0 obtenir de meilleures conditions de financement.[\/vc_column_text][vc_column_text]<\/p>\n<h3><span class=\"ez-toc-section\" id=\"Nos_points_fort_ci_dessous_pour_obtenir_les_meilleures_offres_possibles_pour_nos_clients_partout_en_Suisse\"><\/span>Nos points fort ci dessous pour obtenir les meilleures offres possibles pour nos clients partout en Suisse<span class=\"ez-toc-section-end\"><\/span><\/h3>\n<p>[\/vc_column_text][\/vc_column][\/vc_row][vc_row full_width=&#8221;stretch_row&#8221; el_class=&#8221;white-bck&#8221; css=&#8221;.vc_custom_1586930817763{padding-top: 24px !important;padding-bottom: 0px !important;}&#8221;][vc_column width=&#8221;1\/2&#8243; data_aos=&#8221;fade-up&#8221; el_class=&#8221;checklist&#8221;][vc_column_text]<\/p>\n<ul>\n<li>Vous obtenez pour votre offre de cr\u00e9dit une d\u00e9cision pr\u00e9liminaire en seulement 5 minutes, lors du premier contact t\u00e9l\u00e9phonique<\/li>\n<li>Traitement sans frais de votre demande et offre de cr\u00e9dit sans engagement<\/li>\n<li>Confidentialit\u00e9 garantie (nous sommes soumis au secret bancaire)<\/li>\n<li>Remboursement flexible pour votre cr\u00e9dit sur 12 \u00e0 84 mois<\/li>\n<li>Mensualit\u00e9s adapt\u00e9es et baisse des int\u00e9r\u00eats<\/li>\n<li>Modalit\u00e9s (dur\u00e9e, taux, montant) flexibles et adaptables<\/li>\n<li>Remboursement de votre pr\u00eat de fa\u00e7on anticip\u00e9e \u00e0 tout moment sans aucunes p\u00e9nalit\u00e9s<\/li>\n<\/ul>\n<p>[\/vc_column_text][\/vc_column][vc_column width=&#8221;1\/2&#8243; data_aos=&#8221;fade-up&#8221; data_aos_delay=&#8221;250&#8243; el_class=&#8221;checklist&#8221;][vc_column_text]<\/p>\n<ul>\n<li>Pour les Suisses et d\u00e9tenteurs de permis C, d\u00e9ductions fiscales possibles des int\u00e9r\u00eats de la dette<\/li>\n<li>D\u00e9marches simplifi\u00e9es et plus rapides que l\u2019hypoth\u00e8que et le <a href=\"https:\/\/multicredit.ch\/fr\/credit\/rachat-de-pret\/rachat-de-leasing\/\">leasing<\/a><\/li>\n<li>Prise en charge de vos d\u00e9marches administratives par notre \u00e9quipe<\/li>\n<li>D\u00e9marches simples, rapides et discr\u00e8tes<\/li>\n<li>Constitution de votre dossier par un sp\u00e9cialiste du cr\u00e9dit<\/li>\n<li>Conseil personnalis\u00e9 \u00e0 domicile ou \u00e0 notre bureau pour optimiser votre demande de cr\u00e9dit en Suisse<\/li>\n<\/ul>\n<p>[\/vc_column_text][\/vc_column][\/vc_row][vc_row full_width=&#8221;stretch_row&#8221; el_class=&#8221;white-bck bigpadding&#8221; css=&#8221;.vc_custom_1586929684389{padding-top: 24px !important;}&#8221;][vc_column data_aos=&#8221;fade-in&#8221;][vc_column_text el_class=&#8221;pt-2&#8243;]<\/p>\n<p style=\"text-align: center;\"><strong>Pour particuliers r\u00e9sidant en Suisse, suisses ou d\u00e9tenteurs d\u2019un permis B, C ou d\u2019une carte de l\u00e9gitimation (D, E, G et H) , augmenter vos liquidit\u00e9s est possible, faire des \u00e9conomies aussi. B\u00e9n\u00e9ficiez de l\u2019\u00e9tude individualis\u00e9e de votre projet, d\u2019une offre de pr\u00eat sur mesure tr\u00e8s rapidement.<\/strong><\/p>\n<h2><span class=\"ez-toc-section\" id=\"Verifier_vos_criteres_deligibilite\"><\/span><strong>V\u00e9rifier vos crit\u00e8res d\u2019\u00e9ligibilit\u00e9<\/strong><span class=\"ez-toc-section-end\"><\/span><\/h2>\n<p>Avant de soumettre votre demande, MultiCredit recommande de v\u00e9rifier les \u00e9l\u00e9ments suivants :<\/p>\n<ul>\n<li><strong>Revenus mensuels<\/strong> : Un revenu stable est essentiel pour prouver votre capacit\u00e9 de remboursement.<\/li>\n<li><strong>Taux d\u2019endettement<\/strong> : Celui-ci ne doit pas d\u00e9passer 33 % de vos revenus mensuels.<\/li>\n<li><strong>Situation professionnelle<\/strong> : Un contrat \u00e0 dur\u00e9e ind\u00e9termin\u00e9e ou une activit\u00e9 stable renforce votre dossier.<\/li>\n<\/ul>\n<p>\ud83d\udca1 <em>Astuce<\/em> : M\u00eame en cas de revenus modestes ou d&#8217;une situation particuli\u00e8re (ind\u00e9pendant, frontalier), MultiCredit explore des solutions adapt\u00e9es.<\/p>\n<h2><span class=\"ez-toc-section\" id=\"Preparer_les_documents_necessaires\"><\/span><strong>Pr\u00e9parer les documents n\u00e9cessaires<\/strong><span class=\"ez-toc-section-end\"><\/span><\/h2>\n<p>Les documents requis incluent :<\/p>\n<ul>\n<li>Une copie de votre pi\u00e8ce d\u2019identit\u00e9 ou permis de s\u00e9jour (pour les \u00e9trangers).<\/li>\n<li>Vos trois derniers bulletins de salaire ou justificatifs de revenus.<\/li>\n<li>Un relev\u00e9 bancaire r\u00e9cent.<\/li>\n<li>Un justificatif de domicile (facture ou attestation officielle).<\/li>\n<\/ul>\n<p>\ud83d\udca1 <em>Avantage MultiCredit<\/em> : Nous simplifions le processus en acceptant des documents \u00e9lectroniques pour acc\u00e9l\u00e9rer le traitement.<\/p>\n<h2><span class=\"ez-toc-section\" id=\"Soumettre_votre_demande_en_ligne\"><\/span><strong>Soumettre votre demande en ligne<\/strong><span class=\"ez-toc-section-end\"><\/span><\/h2>\n<p>Avec MultiCredit, vous pouvez soumettre votre demande rapidement via notre plateforme en ligne s\u00e9curis\u00e9e :<\/p>\n<ul>\n<li>Remplissez le formulaire avec vos informations personnelles et financi\u00e8res.<\/li>\n<li>Indiquez le montant souhait\u00e9 (30 000 CHF) et la dur\u00e9e de remboursement (12 \u00e0 84 mois).<\/li>\n<li>T\u00e9l\u00e9chargez vos documents directement sur notre site.<\/li>\n<\/ul>\n<p>\ud83d\udca1 <em>Astuce<\/em> : Nos simulateurs en ligne vous permettent de calculer vos mensualit\u00e9s en toute transparence.<\/p>\n<h3><span class=\"ez-toc-section\" id=\"Analyse_et_validation\"><\/span><strong>Analyse et validation<\/strong><span class=\"ez-toc-section-end\"><\/span><\/h3>\n<p>Une fois votre dossier soumis :<\/p>\n<ul>\n<li>Nos experts \u00e9valuent votre situation financi\u00e8re.<\/li>\n<li>Une r\u00e9ponse vous est donn\u00e9e dans un d\u00e9lai rapide, souvent en moins de 24 heures.<\/li>\n<li>Apr\u00e8s approbation, les fonds sont d\u00e9bloqu\u00e9s directement sur votre compte bancaire.<\/li>\n<\/ul>\n<hr \/>\n<h3><span class=\"ez-toc-section\" id=\"Les_avantages_exclusifs_MultiCredit\"><\/span><strong>Les avantages exclusifs MultiCredit<\/strong><span class=\"ez-toc-section-end\"><\/span><\/h3>\n<ul>\n<li><strong>Des conditions flexibles<\/strong> : Ajustez vos mensualit\u00e9s selon votre budget.<\/li>\n<li><strong>Aucune justification n\u00e9cessaire<\/strong> : Utilisez les fonds comme bon vous semble.<\/li>\n<li><strong>Un accompagnement complet<\/strong> : Nos conseillers vous guident \u00e0 chaque \u00e9tape pour optimiser votre dossier.<\/li>\n<li><strong>Possibilit\u00e9 de remboursement anticip\u00e9<\/strong> : Sans frais suppl\u00e9mentaires.<\/li>\n<\/ul>\n<hr \/>\n<h3><span class=\"ez-toc-section\" id=\"FAQ_sur_les_credits_MultiCredit\"><\/span><strong>FAQ sur les cr\u00e9dits MultiCredit<\/strong><span class=\"ez-toc-section-end\"><\/span><\/h3>\n<ul>\n<li><strong>Puis-je demander un cr\u00e9dit avec des dettes existantes ?<\/strong><br \/>\nOui, MultiCredit propose des solutions de rachat de cr\u00e9dits pour r\u00e9duire vos mensualit\u00e9s.<\/li>\n<li><strong>Que se passe-t-il si je perds mon emploi ?<\/strong><br \/>\nDes assurances facultatives peuvent couvrir vos mensualit\u00e9s en cas de perte de revenus.<\/li>\n<li><strong>Puis-je obtenir un cr\u00e9dit si je suis ind\u00e9pendant ?<\/strong><br \/>\nOui, MultiCredit \u00e9value chaque dossier avec soin, y compris celui des ind\u00e9pendants.<\/li>\n<\/ul>\n<p>[\/vc_column_text][\/vc_column][\/vc_row][vc_row full_width=&#8221;stretch_row&#8221; equal_height=&#8221;yes&#8221; el_class=&#8221;lightgrey-bck bigpadding flex-eq-height diagonal-top-bck one-fifth-link-bloc&#8221;][vc_column width=&#8221;1\/5&#8243; data_aos=&#8221;fade-down&#8221; data_aos_delay=&#8221;0&#8243;]<\/p>\n<div class=\"wpb_single_image wpb_content_element vc_align_center  wpb_animate_when_almost_visible wpb_top-to-bottom top-to-bottom wpb_start_animation animated\">\n<figure class=\"wpb_wrapper vc_figure\">\n<div class=\"vc_single_image-wrapper\"><img decoding=\"async\" src=\"https:\/\/multicredit.ch\/wp\/wp-content\/uploads\/c-hab.jpg\" alt=\"\" title=\"\"><\/div><figcaption>\n<h4>Cr\u00e9dit habitation<\/h4>\n<p>Financez am\u00e9nagements et habitations<\/p>\n<\/figcaption><\/figure>\n<\/div>\n<div class=\"vc_btn3-container text-center\"><a class=\"btn-circle-2\" href=\"https:\/\/www.multicredit.ch\/fr\/credit\/credit-habitation\/\" title=\"Cr\u00e9dit Habitation\" ><span class=\"round\">&gt;<\/span><\/a><\/div>\n<p>[\/vc_column][vc_column width=&#8221;1\/5&#8243; data_aos=&#8221;fade-down&#8221; data_aos_delay=&#8221;50&#8243;]<\/p>\n<div class=\"wpb_single_image wpb_content_element vc_align_center  wpb_animate_when_almost_visible wpb_top-to-bottom top-to-bottom wpb_start_animation animated\">\n<figure class=\"wpb_wrapper vc_figure\">\n<div class=\"vc_single_image-wrapper\"><img decoding=\"async\" src=\"https:\/\/multicredit.ch\/wp\/wp-content\/uploads\/c-auto.jpg\" alt=\"\" title=\"\"><\/div><figcaption>\n<h4>Cr\u00e9dit auto<\/h4>\n<p>Achetez votre v\u00e9hicule \u00e0 cr\u00e9dit<\/p>\n<\/figcaption><\/figure>\n<\/div>\n<div class=\"vc_btn3-container text-center\"><a class=\"btn-circle-2\" href=\"https:\/\/multicredit.ch\/fr\/credit-vehicule\/financement-automobile\/\" title=\"Cr\u00e9dit Habitation\" target=\"_blank\"><span class=\"round\">&gt;<\/span><\/a><\/div>\n<p>[\/vc_column][vc_column width=&#8221;1\/5&#8243; data_aos=&#8221;fade-down&#8221; data_aos_delay=&#8221;100&#8243;]<\/p>\n<div class=\"wpb_single_image wpb_content_element vc_align_center  wpb_animate_when_almost_visible wpb_top-to-bottom top-to-bottom wpb_start_animation animated\">\n<figure class=\"wpb_wrapper vc_figure\">\n<div class=\"vc_single_image-wrapper\"><img decoding=\"async\" src=\"https:\/\/multicredit.ch\/wp\/wp-content\/uploads\/c-form.jpg\" alt=\"\" title=\"\"><\/div><figcaption>\n<h4>Cr\u00e9dit formation<\/h4>\n<p>Financez vos \u00e9tudes<\/p>\n<\/figcaption><\/figure>\n<\/div>\n<div class=\"vc_btn3-container text-center\"><a class=\"btn-circle-2\" href=\"https:\/\/www.multicredit.ch\/fr\/credit\/financement-d-etudes-et-de-formations\/\" title=\"Cr\u00e9dit Habitation\" ><span class=\"round\">&gt;<\/span><\/a><\/div>\n<p>[\/vc_column][vc_column width=&#8221;1\/5&#8243; data_aos=&#8221;fade-down&#8221; data_aos_delay=&#8221;150&#8243;]<\/p>\n<div class=\"wpb_single_image wpb_content_element vc_align_center  wpb_animate_when_almost_visible wpb_top-to-bottom top-to-bottom wpb_start_animation animated\">\n<figure class=\"wpb_wrapper vc_figure\">\n<div class=\"vc_single_image-wrapper\"><img decoding=\"async\" src=\"https:\/\/multicredit.ch\/wp\/wp-content\/uploads\/c-med.jpg\" alt=\"\" title=\"\"><\/div><figcaption>\n<h4>Cr\u00e9dit m\u00e9dical<\/h4>\n<p>Financez votre chirurgie et soin m\u00e9dical<\/p>\n<\/figcaption><\/figure>\n<\/div>\n<div class=\"vc_btn3-container text-center\"><a class=\"btn-circle-2\" href=\"https:\/\/www.multicredit.ch\/fr\/credit\/pret-medical\/\" title=\"Cr\u00e9dit Habitation\" ><span class=\"round\">&gt;<\/span><\/a><\/div>\n<p>[\/vc_column][vc_column width=&#8221;1\/5&#8243; data_aos=&#8221;fade-down&#8221; data_aos_delay=&#8221;200&#8243;]<\/p>\n<div class=\"wpb_single_image wpb_content_element vc_align_center  wpb_animate_when_almost_visible wpb_top-to-bottom top-to-bottom wpb_start_animation animated\">\n<figure class=\"wpb_wrapper vc_figure\">\n<div class=\"vc_single_image-wrapper\"><img decoding=\"async\" src=\"https:\/\/multicredit.ch\/wp\/wp-content\/uploads\/c-all.jpg\" alt=\"\" title=\"\"><\/div><figcaption>\n<h4>Cr\u00e9dits divers<\/h4>\n<p>Pour tout autre projet<\/p>\n<\/figcaption><\/figure>\n<\/div>\n<div class=\"vc_btn3-container text-center\"><a class=\"btn-circle-2\" href=\"https:\/\/www.multicredit.ch\/fr\/credit\/credits-divers\/\" title=\"Cr\u00e9dit Habitation\" ><span class=\"round\">&gt;<\/span><\/a><\/div>\n<p>[\/vc_column][\/vc_row][vc_row full_width=&#8221;stretch_row&#8221; el_class=&#8221;white-bck regularpadding steps&#8221;][vc_column data_aos=&#8221;fade-in&#8221;]<\/p>\n<div class=\"blocktitle title-center title-dark\" clearfix\"><H2><span class=\"ez-toc-section\" id=\"Votre_credit_en_4_etapes\"><\/span>Votre cr\u00e9dit en 4 \u00e9tapes<\/H2><\/p>\n<h4>Simple et rapide<\/h4>\n<\/div>\n<p>[vc_row_inner equal_height=&#8221;yes&#8221;][vc_column_inner width=&#8221;1\/4&#8243;][vc_pie value=&#8221;25&#8243; label_value=&#8221;1&#8243; color=&#8221;custom&#8221; title=&#8221;Demande&#8221; custom_color=&#8221;#df003c&#8221;][vc_column_text]<\/p>\n<p style=\"text-align: center;\">Vous remplissez le formulaire de demande de cr\u00e9dit selon vos besoins.<\/p>\n<h5 style=\"text-align: center;\">2 min<\/h5>\n<p>[\/vc_column_text][\/vc_column_inner][vc_column_inner width=&#8221;1\/4&#8243;][vc_pie label_value=&#8221;2&#8243; color=&#8221;custom&#8221; title=&#8221;Proposition&#8221; custom_color=&#8221;#df003c&#8221;][vc_column_text]<\/p>\n<p style=\"text-align: center;\">Nous analysons votre demande et vous proposons une solution adapt\u00e9e \u00e0 votre profil.<\/p>\n<h5 style=\"text-align: center;\">12 heures<\/h5>\n<p>[\/vc_column_text][\/vc_column_inner][vc_column_inner width=&#8221;1\/4&#8243;][vc_pie value=&#8221;75&#8243; label_value=&#8221;3&#8243; color=&#8221;custom&#8221; title=&#8221;Signature&#8221; custom_color=&#8221;#df003c&#8221;][vc_column_text]<\/p>\n<p style=\"text-align: center;\">Une fois le contrat \u00e9tabli, il vous suffit de le signer et nous le transmettre.<\/p>\n<h5 style=\"text-align: center;\">Cette \u00e9tape d\u00e9pend de votre r\u00e9activit\u00e9.<\/h5>\n<p>[\/vc_column_text][\/vc_column_inner][vc_column_inner width=&#8221;1\/4&#8243;][vc_pie value=&#8221;100&#8243; label_value=&#8221;4&#8243; color=&#8221;custom&#8221; title=&#8221;Virement&#8221; custom_color=&#8221;#df003c&#8221;][vc_column_text]<\/p>\n<p style=\"text-align: center;\">Le montant est vir\u00e9 dans votre compte.<\/p>\n<h5 style=\"text-align: center;\">14 jours (D\u00e9lai l\u00e9gal)<\/h5>\n<p>[\/vc_column_text][\/vc_column_inner][\/vc_row_inner][\/vc_column][\/vc_row][vc_row full_width=&#8221;stretch_row&#8221; content_placement=&#8221;middle&#8221; el_class=&#8221;lightgrey-bck bigpadding checklist&#8221;][vc_column data_aos=&#8221;fade-in&#8221;]<\/p>\n<div class=\"blocktitle title-left title-dark\" clearfix\"><H3><span class=\"ez-toc-section\" id=\"Confiez-nous_la_recherche_de_votre_meilleure_offre_possible_de_credit\"><\/span>Confiez-nous la recherche de votre meilleure offre possible de cr\u00e9dit<\/H3><\/p>\n<h4>Nous cherchons toujours la meilleure offre possible pour nos clients de partout en Suisse.<\/h4>\n<\/div>\n<p>[vc_row_inner][vc_column_inner width=&#8221;1\/2&#8243;][vc_column_text]<\/p>\n<h3><span class=\"ez-toc-section\" id=\"Prenez_rendez-vous_des_aujourdhui\"><\/span>Prenez rendez-vous d\u00e8s aujourd\u2019hui<span class=\"ez-toc-section-end\"><\/span><\/h3>\n<p>Avec <strong>MultiCredit<\/strong>, r\u00e9aliser vos projets n\u2019a jamais \u00e9t\u00e9 aussi simple. Contactez nos conseillers pour une consultation gratuite et b\u00e9n\u00e9ficiez d\u2019un service rapide, transparent et efficace. Votre cr\u00e9dit de 30 000 CHF est \u00e0 port\u00e9e de main.<\/p>\n<p>\ud83d\udcde <strong>Appelez-nous maintenant<\/strong> ou visitez notre site pour commencer votre demande en ligne.[\/vc_column_text][vc_btn title=&#8221;D\u00e9couvrir&#8221; link=&#8221;url:https%3A%2F%2Fwww.multicredit.ch%2Ffr%2Fa-propos%2F|title:A%20propos||&#8221;][\/vc_column_inner][vc_column_inner width=&#8221;1\/2&#8243;][vc_column_text]<\/p>\n<ul>\n<li><strong>S\u00e9curit\u00e9 et confidentialit\u00e9<\/strong><\/li>\n<li><strong>Proximit\u00e9 et responsabilit\u00e9<\/strong><\/li>\n<li><strong>Prise en charge garantie en moins de 24h<\/strong><\/li>\n<li><strong>Taux inf\u00e9rieur \u00e0 la concurrence<\/strong><\/li>\n<\/ul>\n<h4 style=\"text-align: right;\">Offre de cr\u00e9dit<\/h4>\n<p>[\/vc_column_text][\/vc_column_inner][\/vc_row_inner][\/vc_column][\/vc_row]<\/section>\n","protected":false},"excerpt":{"rendered":"<p>Concr\u00e9tisez votre projet simplement<\/p>\n","protected":false},"author":25,"featured_media":11770,"parent":27443,"menu_order":-9,"comment_status":"closed","ping_status":"closed","template":"template-credit.php","meta":{"inline_featured_image":false,"footnotes":"","_links_to":"","_links_to_target":""},"categories":[33],"class_list":["post-27792","page","type-page","status-publish","has-post-thumbnail","hentry","category-credit"],"_links":{"self":[{"href":"https:\/\/multicredit.ch\/fr\/wp-json\/wp\/v2\/pages\/27792","targetHints":{"allow":["GET"]}}],"collection":[{"href":"https:\/\/multicredit.ch\/fr\/wp-json\/wp\/v2\/pages"}],"about":[{"href":"https:\/\/multicredit.ch\/fr\/wp-json\/wp\/v2\/types\/page"}],"author":[{"embeddable":true,"href":"https:\/\/multicredit.ch\/fr\/wp-json\/wp\/v2\/users\/25"}],"replies":[{"embeddable":true,"href":"https:\/\/multicredit.ch\/fr\/wp-json\/wp\/v2\/comments?post=27792"}],"version-history":[{"count":2,"href":"https:\/\/multicredit.ch\/fr\/wp-json\/wp\/v2\/pages\/27792\/revisions"}],"predecessor-version":[{"id":27794,"href":"https:\/\/multicredit.ch\/fr\/wp-json\/wp\/v2\/pages\/27792\/revisions\/27794"}],"up":[{"embeddable":true,"href":"https:\/\/multicredit.ch\/fr\/wp-json\/wp\/v2\/pages\/27443"}],"wp:featuredmedia":[{"embeddable":true,"href":"https:\/\/multicredit.ch\/fr\/wp-json\/wp\/v2\/media\/11770"}],"wp:attachment":[{"href":"https:\/\/multicredit.ch\/fr\/wp-json\/wp\/v2\/media?parent=27792"}],"wp:term":[{"taxonomy":"category","embeddable":true,"href":"https:\/\/multicredit.ch\/fr\/wp-json\/wp\/v2\/categories?post=27792"}],"curies":[{"name":"wp","href":"https:\/\/api.w.org\/{rel}","templated":true}]}}