{"id":27787,"date":"2025-01-10T20:58:36","date_gmt":"2025-01-10T20:58:36","guid":{"rendered":"https:\/\/multicredit.ch\/?page_id=27787"},"modified":"2025-01-12T09:56:14","modified_gmt":"2025-01-12T09:56:14","slug":"pret-20000-chf","status":"publish","type":"page","link":"https:\/\/multicredit.ch\/fr\/credit\/offre-credit\/pret-20000-chf\/","title":{"rendered":"Cr\u00e9dit 20&#8217;000 CHF"},"content":{"rendered":"<section class=\"wpb-content-wrapper\">[vc_row full_width=&#8221;stretch_row&#8221; el_class=&#8221;white-bck bigpadding&#8221; css=&#8221;.vc_custom_1586929679182{padding-bottom: 24px !important;}&#8221;][vc_column data_aos=&#8221;fade-in&#8221;]<\/p>\n<div class=\"blocktitle title-center title-dark\" clearfix\"><H2><span class=\"ez-toc-section\" id=\"Demandez_un_credit_de_20000_CHF_avec_MultiCredit\"><\/span>Demandez un cr\u00e9dit de 20&#8217;000 CHF avec MultiCredit<\/H2><\/div>\n<p>[vc_column_text]Pour demander un cr\u00e9dit priv\u00e9 de <strong>20\u202f000 CHF<\/strong> aupr\u00e8s de <strong>MultiCredit<\/strong>, il est essentiel de suivre un processus structur\u00e9 et de bien se pr\u00e9parer. Voici un guide d\u00e9taill\u00e9 pour vous accompagner dans cette d\u00e9marche, en tenant compte des sp\u00e9cificit\u00e9s li\u00e9es \u00e0 un montant de pr\u00eat plus \u00e9lev\u00e9.[\/vc_column_text][vc_column_text el_class=&#8221;pb-2 maxwidth&#8221;]<\/p>\n<h2><span class=\"ez-toc-section\" id=\"Verifiez_votre_eligibilite_pour_un_credit_en_Suisse\"><\/span><strong>V\u00e9rifiez votre \u00e9ligibilit\u00e9 pour un cr\u00e9dit en Suisse<br \/>\n<\/strong><span class=\"ez-toc-section-end\"><\/span><\/h2>\n<p>Avant de soumettre votre demande, assurez-vous de remplir les crit\u00e8res d\u2019\u00e9ligibilit\u00e9 de MultiCredit. Ces crit\u00e8res peuvent \u00eatre plus stricts pour un montant de pr\u00eat plus \u00e9lev\u00e9 comme 20\u202f000 CHF.<\/p>\n<ul>\n<li><strong>\u00c2ge<\/strong> : \u00catre majeur (18 ans ou plus).<\/li>\n<li><strong>R\u00e9sidence<\/strong> : R\u00e9sider en Suisse de mani\u00e8re stable.<\/li>\n<li><strong>Revenu stable et suffisant<\/strong> : Justifier d\u2019un revenu r\u00e9gulier et suffisant pour assurer le remboursement du pr\u00eat. Pour un montant de 20\u202f000 CHF, un revenu mensuel plus \u00e9lev\u00e9 peut \u00eatre requis par rapport \u00e0 un pr\u00eat de moindre montant.<\/li>\n<li><strong>Historique de cr\u00e9dit impeccable<\/strong> : Poss\u00e9der un bon historique de cr\u00e9dit sans incidents majeurs, tels que des retards de paiement ou des d\u00e9fauts de remboursement.<\/li>\n<li><strong>Ratio d\u2019endettement<\/strong> : Maintenir un ratio d\u2019endettement (dettes vs revenus) favorable, g\u00e9n\u00e9ralement inf\u00e9rieur \u00e0 40%.<\/li>\n<\/ul>\n<p>[\/vc_column_text][vc_column_text]<\/p>\n<h3><span class=\"ez-toc-section\" id=\"Nos_points_fort_ci_dessous_pour_obtenir_les_meilleures_offres_possibles_pour_nos_clients_partout_en_Suisse\"><\/span>Nos points fort ci dessous pour obtenir les meilleures offres possibles pour nos clients partout en Suisse<span class=\"ez-toc-section-end\"><\/span><\/h3>\n<p>[\/vc_column_text][\/vc_column][\/vc_row][vc_row full_width=&#8221;stretch_row&#8221; el_class=&#8221;white-bck&#8221; css=&#8221;.vc_custom_1586930817763{padding-top: 24px !important;padding-bottom: 0px !important;}&#8221;][vc_column width=&#8221;1\/2&#8243; data_aos=&#8221;fade-up&#8221; el_class=&#8221;checklist&#8221;][vc_column_text]<\/p>\n<ul>\n<li>Vous obtenez pour votre offre de cr\u00e9dit une d\u00e9cision pr\u00e9liminaire en seulement 5 minutes, lors du premier contact t\u00e9l\u00e9phonique<\/li>\n<li>Traitement sans frais de votre demande et offre de cr\u00e9dit sans engagement<\/li>\n<li>Confidentialit\u00e9 garantie (nous sommes soumis au secret bancaire)<\/li>\n<li>Remboursement flexible pour votre cr\u00e9dit sur 12 \u00e0 84 mois<\/li>\n<li>Mensualit\u00e9s adapt\u00e9es et baisse des int\u00e9r\u00eats<\/li>\n<li>Modalit\u00e9s (dur\u00e9e, taux, montant) flexibles et adaptables<\/li>\n<li>Remboursement de votre pr\u00eat de fa\u00e7on anticip\u00e9e \u00e0 tout moment sans aucunes p\u00e9nalit\u00e9s<\/li>\n<\/ul>\n<p>[\/vc_column_text][\/vc_column][vc_column width=&#8221;1\/2&#8243; data_aos=&#8221;fade-up&#8221; data_aos_delay=&#8221;250&#8243; el_class=&#8221;checklist&#8221;][vc_column_text]<\/p>\n<ul>\n<li>Pour les Suisses et d\u00e9tenteurs de permis C, d\u00e9ductions fiscales possibles des int\u00e9r\u00eats de la dette<\/li>\n<li>D\u00e9marches simplifi\u00e9es et plus rapides que l\u2019hypoth\u00e8que et le <a href=\"https:\/\/multicredit.ch\/fr\/credit\/rachat-de-pret\/rachat-de-leasing\/\">leasing<\/a><\/li>\n<li>Prise en charge de vos d\u00e9marches administratives par notre \u00e9quipe<\/li>\n<li>D\u00e9marches simples, rapides et discr\u00e8tes<\/li>\n<li>Constitution de votre dossier par un sp\u00e9cialiste du cr\u00e9dit<\/li>\n<li>Conseil personnalis\u00e9 \u00e0 domicile ou \u00e0 notre bureau pour optimiser votre demande de cr\u00e9dit en Suisse<\/li>\n<\/ul>\n<p>[\/vc_column_text][\/vc_column][\/vc_row][vc_row full_width=&#8221;stretch_row&#8221; el_class=&#8221;white-bck bigpadding&#8221; css=&#8221;.vc_custom_1586929684389{padding-top: 24px !important;}&#8221;][vc_column data_aos=&#8221;fade-in&#8221;][vc_column_text el_class=&#8221;pt-2&#8243;]<\/p>\n<p style=\"text-align: center;\"><strong>Pour particuliers r\u00e9sidant en Suisse, suisses ou d\u00e9tenteurs d\u2019un permis B, C ou d\u2019une carte de l\u00e9gitimation (D, E, G et H) , augmenter vos liquidit\u00e9s est possible, faire des \u00e9conomies aussi. B\u00e9n\u00e9ficiez de l\u2019\u00e9tude individualis\u00e9e de votre projet, d\u2019une offre de pr\u00eat sur mesure tr\u00e8s rapidement.<\/strong><\/p>\n<h2><span class=\"ez-toc-section\" id=\"Rassemblez_les_documents_necessaires\"><\/span><strong>Rassemblez les documents n\u00e9cessaires<\/strong><span class=\"ez-toc-section-end\"><\/span><\/h2>\n<p>Pr\u00e9parer un dossier complet et pr\u00e9cis est crucial pour augmenter vos chances d&#8217;approbation, surtout pour un pr\u00eat de 20\u202f000 CHF. Voici les documents g\u00e9n\u00e9ralement requis :<\/p>\n<ul>\n<li><strong>Pi\u00e8ce d\u2019identit\u00e9<\/strong> : Passeport ou carte d\u2019identit\u00e9 en cours de validit\u00e9.<\/li>\n<li><strong>Justificatif de domicile<\/strong> : Facture r\u00e9cente (\u00e9lectricit\u00e9, eau, etc.) ou contrat de bail datant de moins de trois mois.<\/li>\n<li><strong>Preuves de revenu<\/strong> :\n<ul>\n<li>Bulletins de salaire des trois \u00e0 six derniers mois.<\/li>\n<li>Avis d\u2019imposition ou d\u00e9claration de revenus des deux derni\u00e8res ann\u00e9es.<\/li>\n<li>Si vous \u00eates travailleur ind\u00e9pendant, \u00e9tats financiers r\u00e9cents et attestations de revenu.<\/li>\n<\/ul>\n<\/li>\n<li><strong>Relev\u00e9s bancaires<\/strong> : Relev\u00e9s des six derniers mois pour \u00e9valuer vos flux financiers.<\/li>\n<li><strong>Contrat de travail ou attestation de l\u2019employeur<\/strong> : Pour confirmer la stabilit\u00e9 de votre emploi.<\/li>\n<li><strong>Autres garanties<\/strong> : Selon le cas, des garanties suppl\u00e9mentaires peuvent \u00eatre demand\u00e9es pour un montant plus \u00e9lev\u00e9.<\/li>\n<\/ul>\n<h2><span class=\"ez-toc-section\" id=\"_Evaluez_votre_capacite_de_remboursement\"><\/span>\u00a0<strong>\u00c9valuez votre capacit\u00e9 de remboursement<\/strong><span class=\"ez-toc-section-end\"><\/span><\/h2>\n<p>Avant de demander un pr\u00eat de 20\u202f000 CHF, il est crucial d\u2019\u00e9valuer votre capacit\u00e9 \u00e0 rembourser ce montant sans compromettre votre stabilit\u00e9 financi\u00e8re.<\/p>\n<ul>\n<li><strong>Calcul des mensualit\u00e9s<\/strong> : Utilisez un simulateur de pr\u00eat pour estimer les mensualit\u00e9s en fonction du taux d\u2019int\u00e9r\u00eat et de la dur\u00e9e de remboursement.<\/li>\n<li><strong>Budget personnel<\/strong> : Analysez vos revenus et vos d\u00e9penses pour vous assurer que vous pouvez assumer les remboursements mensuels.<\/li>\n<li><strong>Pr\u00e9voyez une marge de s\u00e9curit\u00e9<\/strong> : Int\u00e9grez une marge pour faire face \u00e0 d\u2019\u00e9ventuelles impr\u00e9vus financiers.<\/li>\n<\/ul>\n<h2><span class=\"ez-toc-section\" id=\"Remplissez_le_formulaire_de_demande\"><\/span><strong>Remplissez le formulaire de demande<\/strong><span class=\"ez-toc-section-end\"><\/span><\/h2>\n<p>Vous pouvez g\u00e9n\u00e9ralement remplir votre demande de cr\u00e9dit en ligne via le site de MultiCredit ou en vous rendant directement dans une agence physique. Lors de la compl\u00e9tion du formulaire :<\/p>\n<ul>\n<li><strong>Informations exactes et compl\u00e8tes<\/strong> : Assurez-vous que toutes les informations fournies sont exactes et compl\u00e8tes pour \u00e9viter tout retard dans le traitement.<\/li>\n<li><strong>Objet du pr\u00eat<\/strong> : Indiquez clairement l\u2019utilisation pr\u00e9vue des fonds (par exemple, consolidation de dettes, r\u00e9novation, achat important, etc.).<\/li>\n<\/ul>\n<h2><span class=\"ez-toc-section\" id=\"_Soumettez_votre_demande\"><\/span>\u00a0<strong>Soumettez votre demande<\/strong><span class=\"ez-toc-section-end\"><\/span><\/h2>\n<p>Une fois le formulaire rempli et tous les documents rassembl\u00e9s, soumettez votre demande via le canal appropri\u00e9 :<\/p>\n<ul>\n<li><strong>En ligne<\/strong> : T\u00e9l\u00e9chargez les documents requis sur le site web de MultiCredit.<\/li>\n<li><strong>En personne<\/strong> : Apportez votre dossier complet \u00e0 une agence MultiCredit proche de chez vous.<\/li>\n<li><strong>Par courrier<\/strong> : Envoyez votre demande et vos documents par courrier recommand\u00e9 si n\u00e9cessaire.<\/li>\n<\/ul>\n<h2><span class=\"ez-toc-section\" id=\"Attendez_la_decision\"><\/span><strong>Attendez la d\u00e9cision<\/strong><span class=\"ez-toc-section-end\"><\/span><\/h2>\n<p>Le traitement de votre demande peut prendre plus de temps pour un montant de pr\u00eat plus \u00e9lev\u00e9. Durant cette p\u00e9riode, MultiCredit \u00e9valuera :<\/p>\n<ul>\n<li><strong>Votre solvabilit\u00e9<\/strong> : Analyse approfondie de votre capacit\u00e9 \u00e0 rembourser le pr\u00eat.<\/li>\n<li><strong>Votre historique de cr\u00e9dit<\/strong> : V\u00e9rification d\u00e9taill\u00e9e de votre historique de cr\u00e9dit et de vos engagements financiers actuels.<\/li>\n<li><strong>Garanties \u00e9ventuelles<\/strong> : Si des garanties sont requises, elles seront \u00e9valu\u00e9es.<\/li>\n<\/ul>\n<p>Le d\u00e9lai de r\u00e9ponse peut varier, mais attendez-vous \u00e0 une r\u00e9ponse sous une \u00e0 deux semaines.<\/p>\n<h2><span class=\"ez-toc-section\" id=\"Recevez_et_acceptez_loffre_de_pret\"><\/span><strong>Recevez et acceptez l\u2019offre de pr\u00eat<\/strong><span class=\"ez-toc-section-end\"><\/span><\/h2>\n<p>Si votre <a href=\"https:\/\/multicredit.ch\/fr\/demande-de-credit\/\">demande de cr\u00e9dit<\/a> est approuv\u00e9e, vous recevrez une offre de pr\u00eat d\u00e9taill\u00e9e comprenant :<\/p>\n<ul>\n<li><strong>Taux d\u2019int\u00e9r\u00eat<\/strong> : Fixe ou variable, selon l\u2019offre.<\/li>\n<li><strong>Dur\u00e9e du pr\u00eat<\/strong> : G\u00e9n\u00e9ralement entre 1 et 10 ans.<\/li>\n<li><strong>Modalit\u00e9s de remboursement<\/strong> : Fr\u00e9quence des paiements (mensuels, trimestriels, etc.).<\/li>\n<li><strong>Frais suppl\u00e9mentaires<\/strong> : Frais de dossier, assurances \u00e9ventuelles, p\u00e9nalit\u00e9s de remboursement anticip\u00e9, etc.<\/li>\n<\/ul>\n<h2><span class=\"ez-toc-section\" id=\"Signez_le_contrat_de_pret\"><\/span><strong>Signez le contrat de pr\u00eat<\/strong><span class=\"ez-toc-section-end\"><\/span><\/h2>\n<p>Apr\u00e8s avoir examin\u00e9 et compris toutes les conditions de l\u2019offre, signez le contrat de pr\u00eat. Assurez-vous de :<\/p>\n<ul>\n<li><strong>Lire attentivement<\/strong> : Prenez le temps de lire toutes les clauses et conditions.<\/li>\n<li><strong>Clarifier les doutes<\/strong> : N\u2019h\u00e9sitez pas \u00e0 poser des questions \u00e0 votre conseiller MultiCredit si certains points ne sont pas clairs.<\/li>\n<li><strong>Conserver une copie<\/strong> : Gardez une copie du contrat sign\u00e9 pour vos dossiers personnels.<\/li>\n<\/ul>\n<h2><span class=\"ez-toc-section\" id=\"Recevez_les_fonds_de_votre_credit\"><\/span>R<strong>ecevez les fonds de votre cr\u00e9dit<br \/>\n<\/strong><span class=\"ez-toc-section-end\"><\/span><\/h2>\n<p>Une fois le contrat sign\u00e9, les fonds seront g\u00e9n\u00e9ralement transf\u00e9r\u00e9s sur votre compte bancaire dans un d\u00e9lai convenu, souvent entre 3 \u00e0 7 jours ouvrables.[\/vc_column_text][\/vc_column][\/vc_row][vc_row full_width=&#8221;stretch_row&#8221; equal_height=&#8221;yes&#8221; el_class=&#8221;lightgrey-bck bigpadding flex-eq-height diagonal-top-bck one-fifth-link-bloc&#8221;][vc_column width=&#8221;1\/5&#8243; data_aos=&#8221;fade-down&#8221; data_aos_delay=&#8221;0&#8243;]<\/p>\n<div class=\"wpb_single_image wpb_content_element vc_align_center  wpb_animate_when_almost_visible wpb_top-to-bottom top-to-bottom wpb_start_animation animated\">\n<figure class=\"wpb_wrapper vc_figure\">\n<div class=\"vc_single_image-wrapper\"><img decoding=\"async\" src=\"https:\/\/multicredit.ch\/wp\/wp-content\/uploads\/c-hab.jpg\" alt=\"\" title=\"\"><\/div><figcaption>\n<h4>Cr\u00e9dit habitation<\/h4>\n<p>Financez am\u00e9nagements et habitations<\/p>\n<\/figcaption><\/figure>\n<\/div>\n<div class=\"vc_btn3-container text-center\"><a class=\"btn-circle-2\" href=\"https:\/\/www.multicredit.ch\/fr\/credit\/credit-habitation\/\" title=\"Cr\u00e9dit Habitation\" ><span class=\"round\">&gt;<\/span><\/a><\/div>\n<p>[\/vc_column][vc_column width=&#8221;1\/5&#8243; data_aos=&#8221;fade-down&#8221; data_aos_delay=&#8221;50&#8243;]<\/p>\n<div class=\"wpb_single_image wpb_content_element vc_align_center  wpb_animate_when_almost_visible wpb_top-to-bottom top-to-bottom wpb_start_animation animated\">\n<figure class=\"wpb_wrapper vc_figure\">\n<div class=\"vc_single_image-wrapper\"><img decoding=\"async\" src=\"https:\/\/multicredit.ch\/wp\/wp-content\/uploads\/c-auto.jpg\" alt=\"\" title=\"\"><\/div><figcaption>\n<h4>Cr\u00e9dit auto<\/h4>\n<p>Achetez votre v\u00e9hicule \u00e0 cr\u00e9dit<\/p>\n<\/figcaption><\/figure>\n<\/div>\n<div class=\"vc_btn3-container text-center\"><a class=\"btn-circle-2\" href=\"https:\/\/multicredit.ch\/fr\/credit-vehicule\/financement-automobile\/\" title=\"Cr\u00e9dit Habitation\" target=\"_blank\"><span class=\"round\">&gt;<\/span><\/a><\/div>\n<p>[\/vc_column][vc_column width=&#8221;1\/5&#8243; data_aos=&#8221;fade-down&#8221; data_aos_delay=&#8221;100&#8243;]<\/p>\n<div class=\"wpb_single_image wpb_content_element vc_align_center  wpb_animate_when_almost_visible wpb_top-to-bottom top-to-bottom wpb_start_animation animated\">\n<figure class=\"wpb_wrapper vc_figure\">\n<div class=\"vc_single_image-wrapper\"><img decoding=\"async\" src=\"https:\/\/multicredit.ch\/wp\/wp-content\/uploads\/c-form.jpg\" alt=\"\" title=\"\"><\/div><figcaption>\n<h4>Cr\u00e9dit formation<\/h4>\n<p>Financez vos \u00e9tudes<\/p>\n<\/figcaption><\/figure>\n<\/div>\n<div class=\"vc_btn3-container text-center\"><a class=\"btn-circle-2\" href=\"https:\/\/www.multicredit.ch\/fr\/credit\/financement-d-etudes-et-de-formations\/\" title=\"Cr\u00e9dit Habitation\" ><span class=\"round\">&gt;<\/span><\/a><\/div>\n<p>[\/vc_column][vc_column width=&#8221;1\/5&#8243; data_aos=&#8221;fade-down&#8221; data_aos_delay=&#8221;150&#8243;]<\/p>\n<div class=\"wpb_single_image wpb_content_element vc_align_center  wpb_animate_when_almost_visible wpb_top-to-bottom top-to-bottom wpb_start_animation animated\">\n<figure class=\"wpb_wrapper vc_figure\">\n<div class=\"vc_single_image-wrapper\"><img decoding=\"async\" src=\"https:\/\/multicredit.ch\/wp\/wp-content\/uploads\/c-med.jpg\" alt=\"\" title=\"\"><\/div><figcaption>\n<h4>Cr\u00e9dit m\u00e9dical<\/h4>\n<p>Financez votre chirurgie et soin m\u00e9dical<\/p>\n<\/figcaption><\/figure>\n<\/div>\n<div class=\"vc_btn3-container text-center\"><a class=\"btn-circle-2\" href=\"https:\/\/www.multicredit.ch\/fr\/credit\/pret-medical\/\" title=\"Cr\u00e9dit Habitation\" ><span class=\"round\">&gt;<\/span><\/a><\/div>\n<p>[\/vc_column][vc_column width=&#8221;1\/5&#8243; data_aos=&#8221;fade-down&#8221; data_aos_delay=&#8221;200&#8243;]<\/p>\n<div class=\"wpb_single_image wpb_content_element vc_align_center  wpb_animate_when_almost_visible wpb_top-to-bottom top-to-bottom wpb_start_animation animated\">\n<figure class=\"wpb_wrapper vc_figure\">\n<div class=\"vc_single_image-wrapper\"><img decoding=\"async\" src=\"https:\/\/multicredit.ch\/wp\/wp-content\/uploads\/c-all.jpg\" alt=\"\" title=\"\"><\/div><figcaption>\n<h4>Cr\u00e9dits divers<\/h4>\n<p>Pour tout autre projet<\/p>\n<\/figcaption><\/figure>\n<\/div>\n<div class=\"vc_btn3-container text-center\"><a class=\"btn-circle-2\" href=\"https:\/\/www.multicredit.ch\/fr\/credit\/credits-divers\/\" title=\"Cr\u00e9dit Habitation\" ><span class=\"round\">&gt;<\/span><\/a><\/div>\n<p>[\/vc_column][\/vc_row][vc_row full_width=&#8221;stretch_row&#8221; el_class=&#8221;white-bck regularpadding steps&#8221;][vc_column data_aos=&#8221;fade-in&#8221;]<\/p>\n<div class=\"blocktitle title-center title-dark\" clearfix\"><H2><span class=\"ez-toc-section\" id=\"Votre_credit_en_4_etapes\"><\/span>Votre cr\u00e9dit en 4 \u00e9tapes<\/H2><\/p>\n<h4>Simple et rapide<\/h4>\n<\/div>\n<p>[vc_row_inner equal_height=&#8221;yes&#8221;][vc_column_inner width=&#8221;1\/4&#8243;][vc_pie value=&#8221;25&#8243; label_value=&#8221;1&#8243; color=&#8221;custom&#8221; title=&#8221;Demande&#8221; custom_color=&#8221;#df003c&#8221;][vc_column_text]<\/p>\n<p style=\"text-align: center;\">Vous remplissez le formulaire de demande de cr\u00e9dit selon vos besoins.<\/p>\n<h5 style=\"text-align: center;\">2 min<\/h5>\n<p>[\/vc_column_text][\/vc_column_inner][vc_column_inner width=&#8221;1\/4&#8243;][vc_pie label_value=&#8221;2&#8243; color=&#8221;custom&#8221; title=&#8221;Proposition&#8221; custom_color=&#8221;#df003c&#8221;][vc_column_text]<\/p>\n<p style=\"text-align: center;\">Nous analysons votre demande et vous proposons une solution adapt\u00e9e \u00e0 votre profil.<\/p>\n<h5 style=\"text-align: center;\">12 heures<\/h5>\n<p>[\/vc_column_text][\/vc_column_inner][vc_column_inner width=&#8221;1\/4&#8243;][vc_pie value=&#8221;75&#8243; label_value=&#8221;3&#8243; color=&#8221;custom&#8221; title=&#8221;Signature&#8221; custom_color=&#8221;#df003c&#8221;][vc_column_text]<\/p>\n<p style=\"text-align: center;\">Une fois le contrat \u00e9tabli, il vous suffit de le signer et nous le transmettre.<\/p>\n<h5 style=\"text-align: center;\">Cette \u00e9tape d\u00e9pend de votre r\u00e9activit\u00e9.<\/h5>\n<p>[\/vc_column_text][\/vc_column_inner][vc_column_inner width=&#8221;1\/4&#8243;][vc_pie value=&#8221;100&#8243; label_value=&#8221;4&#8243; color=&#8221;custom&#8221; title=&#8221;Virement&#8221; custom_color=&#8221;#df003c&#8221;][vc_column_text]<\/p>\n<p style=\"text-align: center;\">Le montant est vir\u00e9 dans votre compte.<\/p>\n<h5 style=\"text-align: center;\">14 jours (D\u00e9lai l\u00e9gal)<\/h5>\n<p>[\/vc_column_text][\/vc_column_inner][\/vc_row_inner][\/vc_column][\/vc_row][vc_row full_width=&#8221;stretch_row&#8221; content_placement=&#8221;middle&#8221; el_class=&#8221;lightgrey-bck bigpadding checklist&#8221;][vc_column data_aos=&#8221;fade-in&#8221;]<\/p>\n<div class=\"blocktitle title-left title-dark\" clearfix\"><H3><span class=\"ez-toc-section\" id=\"Confiez-nous_la_recherche_de_votre_meilleure_offre_possible_de_credit\"><\/span>Confiez-nous la recherche de votre meilleure offre possible de cr\u00e9dit<\/H3><\/p>\n<h4>Nous cherchons toujours la meilleure offre possible pour nos clients de partout en Suisse.<\/h4>\n<\/div>\n<p>[vc_row_inner][vc_column_inner width=&#8221;1\/2&#8243;][vc_column_text]<\/p>\n<h3><span class=\"ez-toc-section\" id=\"Conseils_supplementaires\"><\/span><strong>Conseils suppl\u00e9mentaires :<\/strong><span class=\"ez-toc-section-end\"><\/span><\/h3>\n<ul>\n<li><strong>Comparez les offres<\/strong> : M\u00eame si vous \u00eates int\u00e9ress\u00e9 par MultiCredit, il est judicieux de comparer les offres de plusieurs pr\u00eateurs pour obtenir les meilleures conditions possibles.<\/li>\n<li><strong>Planifiez votre budget<\/strong> : Int\u00e9grez les remboursements du pr\u00eat dans votre budget mensuel pour \u00e9viter tout surendettement.<\/li>\n<li><strong>Assurance emprunteur<\/strong> : Envisagez de souscrire une assurance emprunteur pour vous prot\u00e9ger en cas de perte de revenu, de maladie ou d\u2019autres impr\u00e9vus.<\/li>\n<li><strong>Transparence<\/strong> : Soyez transparent sur votre situation financi\u00e8re lors de la demande pour \u00e9viter tout probl\u00e8me futur.<\/li>\n<\/ul>\n<p>En suivant ces \u00e9tapes et en vous pr\u00e9parant ad\u00e9quatement, vous maximiserez vos chances d\u2019obtenir un cr\u00e9dit priv\u00e9 de 20\u202f000 CHF aupr\u00e8s de MultiCredit, tout en assurant une gestion financi\u00e8re saine et responsable.[\/vc_column_text][vc_btn title=&#8221;D\u00e9couvrir&#8221; link=&#8221;url:https%3A%2F%2Fwww.multicredit.ch%2Ffr%2Fa-propos%2F|title:A%20propos||&#8221;][\/vc_column_inner][vc_column_inner width=&#8221;1\/2&#8243;][vc_column_text]<\/p>\n<ul>\n<li><strong>S\u00e9curit\u00e9 et confidentialit\u00e9<\/strong><\/li>\n<li><strong>Proximit\u00e9 et responsabilit\u00e9<\/strong><\/li>\n<li><strong>Prise en charge garantie en moins de 24h<\/strong><\/li>\n<li><strong>Taux inf\u00e9rieur \u00e0 la concurrence<\/strong><\/li>\n<\/ul>\n<h4 style=\"text-align: right;\">Offre de cr\u00e9dit<\/h4>\n<p>[\/vc_column_text][\/vc_column_inner][\/vc_row_inner][\/vc_column][\/vc_row]<\/section>\n","protected":false},"excerpt":{"rendered":"<p>Concr\u00e9tisez votre projet simplement<\/p>\n","protected":false},"author":25,"featured_media":11770,"parent":27443,"menu_order":-9,"comment_status":"closed","ping_status":"closed","template":"template-credit.php","meta":{"inline_featured_image":false,"footnotes":"","_links_to":"","_links_to_target":""},"categories":[33],"class_list":["post-27787","page","type-page","status-publish","has-post-thumbnail","hentry","category-credit"],"_links":{"self":[{"href":"https:\/\/multicredit.ch\/fr\/wp-json\/wp\/v2\/pages\/27787","targetHints":{"allow":["GET"]}}],"collection":[{"href":"https:\/\/multicredit.ch\/fr\/wp-json\/wp\/v2\/pages"}],"about":[{"href":"https:\/\/multicredit.ch\/fr\/wp-json\/wp\/v2\/types\/page"}],"author":[{"embeddable":true,"href":"https:\/\/multicredit.ch\/fr\/wp-json\/wp\/v2\/users\/25"}],"replies":[{"embeddable":true,"href":"https:\/\/multicredit.ch\/fr\/wp-json\/wp\/v2\/comments?post=27787"}],"version-history":[{"count":4,"href":"https:\/\/multicredit.ch\/fr\/wp-json\/wp\/v2\/pages\/27787\/revisions"}],"predecessor-version":[{"id":27791,"href":"https:\/\/multicredit.ch\/fr\/wp-json\/wp\/v2\/pages\/27787\/revisions\/27791"}],"up":[{"embeddable":true,"href":"https:\/\/multicredit.ch\/fr\/wp-json\/wp\/v2\/pages\/27443"}],"wp:featuredmedia":[{"embeddable":true,"href":"https:\/\/multicredit.ch\/fr\/wp-json\/wp\/v2\/media\/11770"}],"wp:attachment":[{"href":"https:\/\/multicredit.ch\/fr\/wp-json\/wp\/v2\/media?parent=27787"}],"wp:term":[{"taxonomy":"category","embeddable":true,"href":"https:\/\/multicredit.ch\/fr\/wp-json\/wp\/v2\/categories?post=27787"}],"curies":[{"name":"wp","href":"https:\/\/api.w.org\/{rel}","templated":true}]}}