{"id":27780,"date":"2025-01-10T20:44:07","date_gmt":"2025-01-10T20:44:07","guid":{"rendered":"https:\/\/multicredit.ch\/?page_id=27780"},"modified":"2025-01-12T09:52:13","modified_gmt":"2025-01-12T09:52:13","slug":"credit-10000-chf","status":"publish","type":"page","link":"https:\/\/multicredit.ch\/fr\/credit\/offre-credit\/credit-10000-chf\/","title":{"rendered":"Cr\u00e9dit 10&#8217;000 CHF"},"content":{"rendered":"<section class=\"wpb-content-wrapper\">[vc_row full_width=&#8221;stretch_row&#8221; el_class=&#8221;white-bck bigpadding&#8221; css=&#8221;.vc_custom_1586929679182{padding-bottom: 24px !important;}&#8221;][vc_column data_aos=&#8221;fade-in&#8221;]<\/p>\n<div class=\"blocktitle title-center title-dark\" clearfix\"><H2><span class=\"ez-toc-section\" id=\"Demandez_un_credit_de_10000_CHF_avec_MultiCredit\"><\/span>Demandez un cr\u00e9dit de 10&#8217;000 CHF avec MultiCredit<\/H2><\/div>\n<p>[vc_column_text]Pour demander un cr\u00e9dit priv\u00e9 de 10\u202f000 CHF aupr\u00e8s de MultiCredit, suivez les \u00e9tapes ci-dessous. Assurez-vous de pr\u00e9parer tous les documents n\u00e9cessaires et de bien comprendre les conditions du pr\u00eat avant de soumettre votre demande.[\/vc_column_text][vc_column_text el_class=&#8221;pb-2 maxwidth&#8221;]<\/p>\n<h3><span class=\"ez-toc-section\" id=\"Pourquoi_choisir_Multicreditch_pour_obtenir_la_meilleure_offre_de_credit\"><\/span>Pourquoi choisir Multicredit.ch pour obtenir la meilleure\u00a0 offre de cr\u00e9dit ?<span class=\"ez-toc-section-end\"><\/span><\/h3>\n<p>Avant de commencer le processus de demande, assurez-vous de r\u00e9pondre aux crit\u00e8res d\u2019\u00e9ligibilit\u00e9 de MultiCredit. G\u00e9n\u00e9ralement, cela inclut :<\/p>\n<ul>\n<li><strong>\u00c2ge<\/strong> : \u00catre majeur (18 ans ou plus).<\/li>\n<li><strong>R\u00e9sidence<\/strong> : R\u00e9sider en Suisse.<\/li>\n<li><strong>Revenu stable<\/strong> : Justifier d\u2019un revenu r\u00e9gulier et suffisant pour rembourser le pr\u00eat.<\/li>\n<li><strong>Historique de cr\u00e9dit<\/strong> : Avoir un bon historique de cr\u00e9dit sans incidents majeurs.<\/li>\n<\/ul>\n<h3><span class=\"ez-toc-section\" id=\"Rassemblez_les_documents_necessaires\"><\/span><strong>Rassemblez les documents n\u00e9cessaires<\/strong><span class=\"ez-toc-section-end\"><\/span><\/h3>\n<p>Pr\u00e9parez les documents suivants pour faciliter votre demande :<\/p>\n<ul>\n<li><strong>Pi\u00e8ce d\u2019identit\u00e9<\/strong> : Passeport ou carte d\u2019identit\u00e9 en cours de validit\u00e9.<\/li>\n<li><strong>Justificatif de domicile<\/strong> : Facture r\u00e9cente (\u00e9lectricit\u00e9, eau, etc.) ou contrat de bail.<\/li>\n<li><strong>Preuves de revenu<\/strong> : Bulletins de salaire des trois derniers mois, avis d\u2019imposition ou d\u00e9claration de revenus.<\/li>\n<li><strong>Relev\u00e9s bancaires<\/strong> : Relev\u00e9s des trois \u00e0 six derniers mois.<\/li>\n<li><strong>Autres documents<\/strong> : Selon les exigences sp\u00e9cifiques de MultiCredit (par exemple, justificatif d\u2019emploi, lettre de l\u2019employeur).<\/li>\n<\/ul>\n<p>[\/vc_column_text][vc_column_text]<\/p>\n<h3><span class=\"ez-toc-section\" id=\"Nos_points_fort_ci_dessous_pour_obtenir_les_meilleures_offres_possibles_pour_nos_clients_partout_en_Suisse\"><\/span>Nos points fort ci dessous pour obtenir les meilleures offres possibles pour nos clients partout en Suisse<span class=\"ez-toc-section-end\"><\/span><\/h3>\n<p>[\/vc_column_text][\/vc_column][\/vc_row][vc_row full_width=&#8221;stretch_row&#8221; el_class=&#8221;white-bck&#8221; css=&#8221;.vc_custom_1586930817763{padding-top: 24px !important;padding-bottom: 0px !important;}&#8221;][vc_column width=&#8221;1\/2&#8243; data_aos=&#8221;fade-up&#8221; el_class=&#8221;checklist&#8221;][vc_column_text]<\/p>\n<ul>\n<li>Vous obtenez pour votre offre de cr\u00e9dit une d\u00e9cision pr\u00e9liminaire en seulement 5 minutes, lors du premier contact t\u00e9l\u00e9phonique<\/li>\n<li>Traitement sans frais de votre demande et offre de cr\u00e9dit sans engagement<\/li>\n<li>Confidentialit\u00e9 garantie (nous sommes soumis au secret bancaire)<\/li>\n<li>Remboursement flexible pour votre cr\u00e9dit sur 12 \u00e0 84 mois<\/li>\n<li>Mensualit\u00e9s adapt\u00e9es et baisse des int\u00e9r\u00eats<\/li>\n<li>Modalit\u00e9s (dur\u00e9e, taux, montant) flexibles et adaptables<\/li>\n<li>Remboursement de votre pr\u00eat de fa\u00e7on anticip\u00e9e \u00e0 tout moment sans aucunes p\u00e9nalit\u00e9s<\/li>\n<\/ul>\n<p>[\/vc_column_text][\/vc_column][vc_column width=&#8221;1\/2&#8243; data_aos=&#8221;fade-up&#8221; data_aos_delay=&#8221;250&#8243; el_class=&#8221;checklist&#8221;][vc_column_text]<\/p>\n<ul>\n<li>Pour les Suisses et d\u00e9tenteurs de permis C, d\u00e9ductions fiscales possibles des int\u00e9r\u00eats de la dette<\/li>\n<li>D\u00e9marches simplifi\u00e9es et plus rapides que l\u2019hypoth\u00e8que et le <a href=\"https:\/\/multicredit.ch\/fr\/credit\/rachat-de-pret\/rachat-de-leasing\/\">leasing<\/a><\/li>\n<li>Prise en charge de vos d\u00e9marches administratives par notre \u00e9quipe<\/li>\n<li>D\u00e9marches simples, rapides et discr\u00e8tes<\/li>\n<li>Constitution de votre dossier par un sp\u00e9cialiste du cr\u00e9dit<\/li>\n<li>Conseil personnalis\u00e9 \u00e0 domicile ou \u00e0 notre bureau pour optimiser votre demande de cr\u00e9dit en Suisse<\/li>\n<\/ul>\n<p>[\/vc_column_text][\/vc_column][\/vc_row][vc_row full_width=&#8221;stretch_row&#8221; el_class=&#8221;white-bck bigpadding&#8221; css=&#8221;.vc_custom_1586929684389{padding-top: 24px !important;}&#8221;][vc_column data_aos=&#8221;fade-in&#8221;][vc_column_text el_class=&#8221;pt-2&#8243;]<\/p>\n<p style=\"text-align: center;\"><strong>Pour particuliers r\u00e9sidant en Suisse, suisses ou d\u00e9tenteurs d\u2019un permis B, C ou d\u2019une carte de l\u00e9gitimation (D, E, G et H) , augmenter vos liquidit\u00e9s est possible, faire des \u00e9conomies aussi. B\u00e9n\u00e9ficiez de l\u2019\u00e9tude individualis\u00e9e de votre projet, d\u2019une offre de pr\u00eat sur mesure tr\u00e8s rapidement.<\/strong><\/p>\n<h2><span class=\"ez-toc-section\" id=\"Remplissez_le_formulaire_de_demande\"><\/span><strong>Remplissez le formulaire de demande<\/strong><span class=\"ez-toc-section-end\"><\/span><\/h2>\n<p>Vous pouvez g\u00e9n\u00e9ralement remplir la demande en ligne sur le site de MultiCredit ou vous rendre dans une agence physique. Lors de la compl\u00e9tion du formulaire, assurez-vous de fournir des informations exactes et compl\u00e8tes.<\/p>\n<h2><span class=\"ez-toc-section\" id=\"Soumettez_votre_demande\"><\/span><strong>Soumettez votre demande<\/strong><span class=\"ez-toc-section-end\"><\/span><\/h2>\n<p>Apr\u00e8s avoir rempli le formulaire et joint tous les documents requis, soumettez votre demande via le canal appropri\u00e9 (en ligne, en personne, par courrier).<\/p>\n<h2><span class=\"ez-toc-section\" id=\"Attendez_la_decision\"><\/span><strong>Attendez la d\u00e9cision<\/strong><span class=\"ez-toc-section-end\"><\/span><\/h2>\n<p>MultiCredit examinera votre demande et \u00e9valuera votre solvabilit\u00e9. Cette \u00e9tape peut inclure une v\u00e9rification de votre historique de cr\u00e9dit et une \u00e9valuation de votre capacit\u00e9 de remboursement. Le d\u00e9lai de r\u00e9ponse peut varier, mais il est g\u00e9n\u00e9ralement de quelques jours \u00e0 une semaine.<\/p>\n<h2><span class=\"ez-toc-section\" id=\"Recevez_et_acceptez_loffre_de_pret\"><\/span><strong>Recevez et acceptez l\u2019offre de pr\u00eat<\/strong><span class=\"ez-toc-section-end\"><\/span><\/h2>\n<p>Si votre demande de <a href=\"https:\/\/multicredit.ch\/fr\/credit\/\">cr\u00e9dit priv\u00e9<\/a> est approuv\u00e9e, vous recevrez une offre de pr\u00eat d\u00e9taillant les conditions, telles que le taux d\u2019int\u00e9r\u00eat, la dur\u00e9e du pr\u00eat, et les modalit\u00e9s de remboursement. Lisez attentivement toutes les conditions avant d\u2019accepter l\u2019offre.<\/p>\n<h2><span class=\"ez-toc-section\" id=\"Signez_le_contrat_de_pret\"><\/span><strong>Signez le contrat de pr\u00eat<\/strong><span class=\"ez-toc-section-end\"><\/span><\/h2>\n<p>Une fois que vous avez accept\u00e9 les conditions, signez le contrat de pr\u00eat. Assurez-vous de conserver une copie du contrat pour vos dossiers.<\/p>\n<h2><span class=\"ez-toc-section\" id=\"Recevez_les_fonds\"><\/span><strong>Recevez les fonds<\/strong><span class=\"ez-toc-section-end\"><\/span><\/h2>\n<p>Apr\u00e8s la signature du contrat, les fonds seront g\u00e9n\u00e9ralement transf\u00e9r\u00e9s sur votre compte bancaire dans un d\u00e9lai convenu (souvent quelques jours ouvrables).[\/vc_column_text][\/vc_column][\/vc_row][vc_row full_width=&#8221;stretch_row&#8221; equal_height=&#8221;yes&#8221; el_class=&#8221;lightgrey-bck bigpadding flex-eq-height diagonal-top-bck one-fifth-link-bloc&#8221;][vc_column width=&#8221;1\/5&#8243; data_aos=&#8221;fade-down&#8221; data_aos_delay=&#8221;0&#8243;]<\/p>\n<div class=\"wpb_single_image wpb_content_element vc_align_center  wpb_animate_when_almost_visible wpb_top-to-bottom top-to-bottom wpb_start_animation animated\">\n<figure class=\"wpb_wrapper vc_figure\">\n<div class=\"vc_single_image-wrapper\"><img decoding=\"async\" src=\"https:\/\/multicredit.ch\/wp\/wp-content\/uploads\/c-hab.jpg\" alt=\"\" title=\"\"><\/div><figcaption>\n<h4>Cr\u00e9dit habitation<\/h4>\n<p>Financez am\u00e9nagements et habitations<\/p>\n<\/figcaption><\/figure>\n<\/div>\n<div class=\"vc_btn3-container text-center\"><a class=\"btn-circle-2\" href=\"https:\/\/www.multicredit.ch\/fr\/credit\/credit-habitation\/\" title=\"Cr\u00e9dit Habitation\" ><span class=\"round\">&gt;<\/span><\/a><\/div>\n<p>[\/vc_column][vc_column width=&#8221;1\/5&#8243; data_aos=&#8221;fade-down&#8221; data_aos_delay=&#8221;50&#8243;]<\/p>\n<div class=\"wpb_single_image wpb_content_element vc_align_center  wpb_animate_when_almost_visible wpb_top-to-bottom top-to-bottom wpb_start_animation animated\">\n<figure class=\"wpb_wrapper vc_figure\">\n<div class=\"vc_single_image-wrapper\"><img decoding=\"async\" src=\"https:\/\/multicredit.ch\/wp\/wp-content\/uploads\/c-auto.jpg\" alt=\"\" title=\"\"><\/div><figcaption>\n<h4>Cr\u00e9dit auto<\/h4>\n<p>Achetez votre v\u00e9hicule \u00e0 cr\u00e9dit<\/p>\n<\/figcaption><\/figure>\n<\/div>\n<div class=\"vc_btn3-container text-center\"><a class=\"btn-circle-2\" href=\"https:\/\/multicredit.ch\/fr\/credit-vehicule\/financement-automobile\/\" title=\"Cr\u00e9dit Habitation\" target=\"_blank\"><span class=\"round\">&gt;<\/span><\/a><\/div>\n<p>[\/vc_column][vc_column width=&#8221;1\/5&#8243; data_aos=&#8221;fade-down&#8221; data_aos_delay=&#8221;100&#8243;]<\/p>\n<div class=\"wpb_single_image wpb_content_element vc_align_center  wpb_animate_when_almost_visible wpb_top-to-bottom top-to-bottom wpb_start_animation animated\">\n<figure class=\"wpb_wrapper vc_figure\">\n<div class=\"vc_single_image-wrapper\"><img decoding=\"async\" src=\"https:\/\/multicredit.ch\/wp\/wp-content\/uploads\/c-form.jpg\" alt=\"\" title=\"\"><\/div><figcaption>\n<h4>Cr\u00e9dit formation<\/h4>\n<p>Financez vos \u00e9tudes<\/p>\n<\/figcaption><\/figure>\n<\/div>\n<div class=\"vc_btn3-container text-center\"><a class=\"btn-circle-2\" href=\"https:\/\/www.multicredit.ch\/fr\/credit\/financement-d-etudes-et-de-formations\/\" title=\"Cr\u00e9dit Habitation\" ><span class=\"round\">&gt;<\/span><\/a><\/div>\n<p>[\/vc_column][vc_column width=&#8221;1\/5&#8243; data_aos=&#8221;fade-down&#8221; data_aos_delay=&#8221;150&#8243;]<\/p>\n<div class=\"wpb_single_image wpb_content_element vc_align_center  wpb_animate_when_almost_visible wpb_top-to-bottom top-to-bottom wpb_start_animation animated\">\n<figure class=\"wpb_wrapper vc_figure\">\n<div class=\"vc_single_image-wrapper\"><img decoding=\"async\" src=\"https:\/\/multicredit.ch\/wp\/wp-content\/uploads\/c-med.jpg\" alt=\"\" title=\"\"><\/div><figcaption>\n<h4>Cr\u00e9dit m\u00e9dical<\/h4>\n<p>Financez votre chirurgie et soin m\u00e9dical<\/p>\n<\/figcaption><\/figure>\n<\/div>\n<div class=\"vc_btn3-container text-center\"><a class=\"btn-circle-2\" href=\"https:\/\/www.multicredit.ch\/fr\/credit\/pret-medical\/\" title=\"Cr\u00e9dit Habitation\" ><span class=\"round\">&gt;<\/span><\/a><\/div>\n<p>[\/vc_column][vc_column width=&#8221;1\/5&#8243; data_aos=&#8221;fade-down&#8221; data_aos_delay=&#8221;200&#8243;]<\/p>\n<div class=\"wpb_single_image wpb_content_element vc_align_center  wpb_animate_when_almost_visible wpb_top-to-bottom top-to-bottom wpb_start_animation animated\">\n<figure class=\"wpb_wrapper vc_figure\">\n<div class=\"vc_single_image-wrapper\"><img decoding=\"async\" src=\"https:\/\/multicredit.ch\/wp\/wp-content\/uploads\/c-all.jpg\" alt=\"\" title=\"\"><\/div><figcaption>\n<h4>Cr\u00e9dits divers<\/h4>\n<p>Pour tout autre projet<\/p>\n<\/figcaption><\/figure>\n<\/div>\n<div class=\"vc_btn3-container text-center\"><a class=\"btn-circle-2\" href=\"https:\/\/www.multicredit.ch\/fr\/credit\/credits-divers\/\" title=\"Cr\u00e9dit Habitation\" ><span class=\"round\">&gt;<\/span><\/a><\/div>\n<p>[\/vc_column][\/vc_row][vc_row full_width=&#8221;stretch_row&#8221; el_class=&#8221;white-bck regularpadding steps&#8221;][vc_column data_aos=&#8221;fade-in&#8221;]<\/p>\n<div class=\"blocktitle title-center title-dark\" clearfix\"><H2><span class=\"ez-toc-section\" id=\"Votre_credit_en_4_etapes\"><\/span>Votre cr\u00e9dit en 4 \u00e9tapes<\/H2><\/p>\n<h4>Simple et rapide<\/h4>\n<\/div>\n<p>[vc_row_inner equal_height=&#8221;yes&#8221;][vc_column_inner width=&#8221;1\/4&#8243;][vc_pie value=&#8221;25&#8243; label_value=&#8221;1&#8243; color=&#8221;custom&#8221; title=&#8221;Demande&#8221; custom_color=&#8221;#df003c&#8221;][vc_column_text]<\/p>\n<p style=\"text-align: center;\">Vous remplissez le formulaire de demande de cr\u00e9dit selon vos besoins.<\/p>\n<h5 style=\"text-align: center;\">2 min<\/h5>\n<p>[\/vc_column_text][\/vc_column_inner][vc_column_inner width=&#8221;1\/4&#8243;][vc_pie label_value=&#8221;2&#8243; color=&#8221;custom&#8221; title=&#8221;Proposition&#8221; custom_color=&#8221;#df003c&#8221;][vc_column_text]<\/p>\n<p style=\"text-align: center;\">Nous analysons votre demande et vous proposons une solution adapt\u00e9e \u00e0 votre profil.<\/p>\n<h5 style=\"text-align: center;\">12 heures<\/h5>\n<p>[\/vc_column_text][\/vc_column_inner][vc_column_inner width=&#8221;1\/4&#8243;][vc_pie value=&#8221;75&#8243; label_value=&#8221;3&#8243; color=&#8221;custom&#8221; title=&#8221;Signature&#8221; custom_color=&#8221;#df003c&#8221;][vc_column_text]<\/p>\n<p style=\"text-align: center;\">Une fois le contrat \u00e9tabli, il vous suffit de le signer et nous le transmettre.<\/p>\n<h5 style=\"text-align: center;\">Cette \u00e9tape d\u00e9pend de votre r\u00e9activit\u00e9.<\/h5>\n<p>[\/vc_column_text][\/vc_column_inner][vc_column_inner width=&#8221;1\/4&#8243;][vc_pie value=&#8221;100&#8243; label_value=&#8221;4&#8243; color=&#8221;custom&#8221; title=&#8221;Virement&#8221; custom_color=&#8221;#df003c&#8221;][vc_column_text]<\/p>\n<p style=\"text-align: center;\">Le montant est vir\u00e9 dans votre compte.<\/p>\n<h5 style=\"text-align: center;\">14 jours (D\u00e9lai l\u00e9gal)<\/h5>\n<p>[\/vc_column_text][\/vc_column_inner][\/vc_row_inner][\/vc_column][\/vc_row][vc_row full_width=&#8221;stretch_row&#8221; content_placement=&#8221;middle&#8221; el_class=&#8221;lightgrey-bck bigpadding checklist&#8221;][vc_column data_aos=&#8221;fade-in&#8221;]<\/p>\n<div class=\"blocktitle title-left title-dark\" clearfix\"><H3><span class=\"ez-toc-section\" id=\"Confiez-nous_la_recherche_de_votre_meilleure_offre_possible_de_credit\"><\/span>Confiez-nous la recherche de votre meilleure offre possible de cr\u00e9dit<\/H3><\/p>\n<h4>Nous cherchons toujours la meilleure offre possible pour nos clients de partout en Suisse.<\/h4>\n<\/div>\n<p>[vc_row_inner][vc_column_inner width=&#8221;1\/2&#8243;][vc_column_text]<\/p>\n<h3><span class=\"ez-toc-section\" id=\"Conseils_supplementaires\"><\/span><strong>Conseils suppl\u00e9mentaires :<\/strong><span class=\"ez-toc-section-end\"><\/span><\/h3>\n<ul>\n<li><strong>Comparez les offres<\/strong> : Avant de finaliser votre <a href=\"https:\/\/multicredit.ch\/fr\/demande-de-credit\/\">demande de cr\u00e9dit<\/a> avec MultiCredit, comparez les taux d\u2019int\u00e9r\u00eat et les conditions avec d\u2019autres pr\u00eateurs pour vous assurer d\u2019obtenir la meilleure offre.<\/li>\n<li><strong>Planifiez votre budget<\/strong> : Assurez-vous de pouvoir g\u00e9rer les remboursements mensuels sans compromettre vos autres obligations financi\u00e8res.<\/li>\n<li><strong>Lisez les petits caract\u00e8res<\/strong> : Portez une attention particuli\u00e8re aux frais suppl\u00e9mentaires, aux p\u00e9nalit\u00e9s de remboursement anticip\u00e9 et aux conditions g\u00e9n\u00e9rales du pr\u00eat.<\/li>\n<\/ul>\n<p>[\/vc_column_text][vc_btn title=&#8221;D\u00e9couvrir&#8221; link=&#8221;url:https%3A%2F%2Fwww.multicredit.ch%2Ffr%2Fa-propos%2F|title:A%20propos||&#8221;][\/vc_column_inner][vc_column_inner width=&#8221;1\/2&#8243;][vc_column_text]<\/p>\n<ul>\n<li><strong>S\u00e9curit\u00e9 et confidentialit\u00e9<\/strong><\/li>\n<li><strong>Proximit\u00e9 et responsabilit\u00e9<\/strong><\/li>\n<li><strong>Prise en charge garantie en moins de 24h<\/strong><\/li>\n<li><strong>Taux inf\u00e9rieur \u00e0 la concurrence<\/strong><\/li>\n<\/ul>\n<h4 style=\"text-align: right;\">Offre de cr\u00e9dit<\/h4>\n<p>[\/vc_column_text][\/vc_column_inner][\/vc_row_inner][\/vc_column][\/vc_row]<\/section>\n","protected":false},"excerpt":{"rendered":"<p>Concr\u00e9tisez votre projet simplement<\/p>\n","protected":false},"author":25,"featured_media":11770,"parent":27443,"menu_order":-9,"comment_status":"closed","ping_status":"closed","template":"template-credit.php","meta":{"inline_featured_image":false,"footnotes":"","_links_to":"","_links_to_target":""},"categories":[33],"class_list":["post-27780","page","type-page","status-publish","has-post-thumbnail","hentry","category-credit"],"_links":{"self":[{"href":"https:\/\/multicredit.ch\/fr\/wp-json\/wp\/v2\/pages\/27780","targetHints":{"allow":["GET"]}}],"collection":[{"href":"https:\/\/multicredit.ch\/fr\/wp-json\/wp\/v2\/pages"}],"about":[{"href":"https:\/\/multicredit.ch\/fr\/wp-json\/wp\/v2\/types\/page"}],"author":[{"embeddable":true,"href":"https:\/\/multicredit.ch\/fr\/wp-json\/wp\/v2\/users\/25"}],"replies":[{"embeddable":true,"href":"https:\/\/multicredit.ch\/fr\/wp-json\/wp\/v2\/comments?post=27780"}],"version-history":[{"count":6,"href":"https:\/\/multicredit.ch\/fr\/wp-json\/wp\/v2\/pages\/27780\/revisions"}],"predecessor-version":[{"id":27782,"href":"https:\/\/multicredit.ch\/fr\/wp-json\/wp\/v2\/pages\/27780\/revisions\/27782"}],"up":[{"embeddable":true,"href":"https:\/\/multicredit.ch\/fr\/wp-json\/wp\/v2\/pages\/27443"}],"wp:featuredmedia":[{"embeddable":true,"href":"https:\/\/multicredit.ch\/fr\/wp-json\/wp\/v2\/media\/11770"}],"wp:attachment":[{"href":"https:\/\/multicredit.ch\/fr\/wp-json\/wp\/v2\/media?parent=27780"}],"wp:term":[{"taxonomy":"category","embeddable":true,"href":"https:\/\/multicredit.ch\/fr\/wp-json\/wp\/v2\/categories?post=27780"}],"curies":[{"name":"wp","href":"https:\/\/api.w.org\/{rel}","templated":true}]}}