{"id":27776,"date":"2025-01-08T20:08:24","date_gmt":"2025-01-08T20:08:24","guid":{"rendered":"https:\/\/multicredit.ch\/?page_id=27776"},"modified":"2025-01-08T20:10:16","modified_gmt":"2025-01-08T20:10:16","slug":"romont","status":"publish","type":"page","link":"https:\/\/multicredit.ch\/fr\/suisse\/fribourg\/romont\/","title":{"rendered":"Cr\u00e9dit Romont"},"content":{"rendered":"<section class=\"wpb-content-wrapper\">[vc_row][vc_column][vc_column_text]Vous \u00eates habitant de <strong>Romont<\/strong>, charmante ville du canton de Fribourg, et vous avez un projet \u00e0 financer ? Que ce soit pour acheter une voiture, r\u00e9nover votre maison, regrouper vos cr\u00e9dits ou concr\u00e9tiser un projet personnel, <strong>MultiCredit<\/strong> est l\u00e0 pour vous accompagner. Avec une expertise reconnue et une approche locale et personnalis\u00e9e, nous aidons les Romontois \u00e0 atteindre leurs objectifs en toute s\u00e9r\u00e9nit\u00e9.<\/p>\n<hr \/>\n<h3><span class=\"ez-toc-section\" id=\"Pourquoi_choisir_MultiCredit_pour_votre_credit_prive_a_Romont\"><\/span><strong>Pourquoi choisir MultiCredit pour votre cr\u00e9dit priv\u00e9 \u00e0 Romont ?<\/strong><span class=\"ez-toc-section-end\"><\/span><\/h3>\n<h4><strong>1. Une expertise solide et reconnue dans le financement priv\u00e9<\/strong><\/h4>\n<p>MultiCredit est un acteur majeur en Suisse dans le domaine des cr\u00e9dits priv\u00e9s. Nous proposons :<\/p>\n<ul>\n<li><strong>Des taux comp\u00e9titifs :<\/strong> B\u00e9n\u00e9ficiez de conditions avantageuses adapt\u00e9es \u00e0 votre situation.<\/li>\n<li><strong>Des solutions sur mesure :<\/strong> Chaque dossier est \u00e9tudi\u00e9 individuellement pour r\u00e9pondre pr\u00e9cis\u00e9ment \u00e0 vos attentes.<\/li>\n<li><strong>Un accompagnement humain :<\/strong> Nos conseillers vous guident pas \u00e0 pas, depuis votre demande jusqu\u2019\u00e0 la r\u00e9ception des fonds.<\/li>\n<\/ul>\n<h4><strong>2. Une d\u00e9marche simple, rapide et transparente<\/strong><\/h4>\n<p>Chez MultiCredit, nous avons simplifi\u00e9 les d\u00e9marches pour que vous puissiez r\u00e9aliser vos projets sans stress :<\/p>\n<ul>\n<li><strong>Une demande rapide et sans engagement :<\/strong> Faites votre demande en ligne ou en agence en quelques minutes.<\/li>\n<li><strong>Une r\u00e9ponse sous 24 heures :<\/strong> Nos experts analysent votre dossier rapidement et vous fournissent une r\u00e9ponse claire et d\u00e9taill\u00e9e.<\/li>\n<li><strong>Un processus transparent :<\/strong> Pas de frais cach\u00e9s, tout est clairement expliqu\u00e9 d\u00e8s le d\u00e9part.<\/li>\n<\/ul>\n<h4><strong>3. Un financement pour tous vos projets<\/strong><\/h4>\n<p>Quel que soit votre projet, nous avons une solution adapt\u00e9e :<\/p>\n<ul>\n<li><strong>Achat de v\u00e9hicule :<\/strong> Financez une voiture ou une moto, neuve ou d\u2019occasion.<\/li>\n<li><strong>Travaux de r\u00e9novation :<\/strong> Transformez ou modernisez votre maison ou appartement \u00e0 Romont.<\/li>\n<li><strong>Consolidation de dettes :<\/strong> Simplifiez vos finances en regroupant plusieurs cr\u00e9dits en une seule mensualit\u00e9.<\/li>\n<li><strong>Projets personnels :<\/strong> Que ce soit pour un voyage, une formation ou une d\u00e9pense impr\u00e9vue, nous sommes l\u00e0 pour vous accompagner.<\/li>\n<\/ul>\n<hr \/>\n<h3><span class=\"ez-toc-section\" id=\"Pourquoi_les_habitants_de_Romont_font_confiance_a_MultiCredit\"><\/span><strong>Pourquoi les habitants de Romont font confiance \u00e0 MultiCredit ?<\/strong><span class=\"ez-toc-section-end\"><\/span><\/h3>\n<h4><strong>Une approche locale et personnalis\u00e9e<\/strong><\/h4>\n<p>Romont, avec son riche patrimoine et sa communaut\u00e9 dynamique, m\u00e9rite des solutions financi\u00e8res adapt\u00e9es aux besoins de ses habitants. Que vous soyez salari\u00e9, ind\u00e9pendant, retrait\u00e9 ou jeune actif, MultiCredit comprend vos attentes et propose des solutions personnalis\u00e9es.<\/p>\n<h4><strong>Accessibilit\u00e9 et proximit\u00e9<\/strong><\/h4>\n<p>Nos conseillers, proches de vous, offrent une approche humaine et bienveillante pour r\u00e9pondre \u00e0 toutes vos questions. Nous mettons un point d\u2019honneur \u00e0 \u00e9tablir une relation de confiance durable avec les Romontois.<\/p>\n<h4><strong>Des solutions pour tous les profils<\/strong><\/h4>\n<p>Peu importe votre situation financi\u00e8re, MultiCredit analyse chaque dossier avec soin pour vous proposer la solution qui convient le mieux \u00e0 vos besoins.<\/p>\n<hr \/>\n<h3><span class=\"ez-toc-section\" id=\"Comment_obtenir_un_credit_prive_avec_MultiCredit_a_Romont\"><\/span><strong>Comment obtenir un cr\u00e9dit priv\u00e9 avec MultiCredit \u00e0 Romont ?<\/strong><span class=\"ez-toc-section-end\"><\/span><\/h3>\n<h4><strong>1. Pr\u00e9parez vos documents n\u00e9cessaires<\/strong><\/h4>\n<p>Avant de soumettre votre <a href=\"https:\/\/multicredit.ch\/fr\/demande-de-credit\/\">demande de cr\u00e9dit<\/a>, rassemblez les documents suivants :<\/p>\n<ul>\n<li>Une copie de votre carte d\u2019identit\u00e9 ou permis de s\u00e9jour (pour les r\u00e9sidents \u00e9trangers).<\/li>\n<li>Vos trois derni\u00e8res fiches de salaire ou justificatifs de revenus.<\/li>\n<li>Votre derni\u00e8re d\u00e9claration fiscale ou avis de taxation.<\/li>\n<li>Les relev\u00e9s de vos cr\u00e9dits ou dettes existants (si applicable).<\/li>\n<\/ul>\n<h4><strong>2. Faites votre demande facilement<\/strong><\/h4>\n<ul>\n<li><strong>En ligne :<\/strong> Rendez-vous sur notre site internet pour remplir un formulaire rapide et intuitif.<\/li>\n<li><strong>En agence :<\/strong> Pr\u00e9f\u00e9rez un contact direct ? Venez rencontrer nos conseillers pour une discussion personnalis\u00e9e.<\/li>\n<\/ul>\n<h4><strong>3. Recevez une r\u00e9ponse rapide<\/strong><\/h4>\n<p>Une fois votre demande soumise, nous analysons votre dossier sous <strong>24 heures<\/strong> et vous transmettons une offre claire et adapt\u00e9e \u00e0 vos besoins.<\/p>\n<h4><strong>4. Finalisez votre contrat et acc\u00e9dez aux fonds<\/strong><\/h4>\n<p>Une fois votre contrat sign\u00e9, les fonds sont d\u00e9bloqu\u00e9s rapidement pour que vous puissiez concr\u00e9tiser vos projets sans d\u00e9lai.<\/p>\n<hr \/>\n<h3><span class=\"ez-toc-section\" id=\"Les_avantages_exclusifs_pour_les_habitants_de_Romont\"><\/span><strong>Les avantages exclusifs pour les habitants de Romont<\/strong><span class=\"ez-toc-section-end\"><\/span><\/h3>\n<ol>\n<li><strong>Une expertise locale :<\/strong> Nos conseillers connaissent parfaitement les besoins des Romontois et proposent des solutions adapt\u00e9es \u00e0 vos attentes.<\/li>\n<li><strong>Un processus rapide et efficace :<\/strong> Avec une r\u00e9ponse sous 24 heures, vos projets avancent sans attendre.<\/li>\n<li><strong>Un accompagnement humain :<\/strong> Nous mettons un point d\u2019honneur \u00e0 offrir une exp\u00e9rience personnalis\u00e9e et bienveillante.<\/li>\n<li><strong>Des solutions flexibles :<\/strong> Quel que soit votre besoin, nous avons une solution qui vous correspond.<\/li>\n<\/ol>\n<hr \/>\n<h3><span class=\"ez-toc-section\" id=\"Exemples_de_projets_finances_par_MultiCredit_a_Romont\"><\/span><strong>Exemples de projets financ\u00e9s par MultiCredit \u00e0 Romont<\/strong><span class=\"ez-toc-section-end\"><\/span><\/h3>\n<ul>\n<li><strong>Achat d\u2019un v\u00e9hicule :<\/strong> De nombreux Romontois ont financ\u00e9 leur voiture ou moto gr\u00e2ce \u00e0 nos cr\u00e9dits auto comp\u00e9titifs.<\/li>\n<li><strong>Travaux de r\u00e9novation :<\/strong> Modernisez ou embellissez votre int\u00e9rieur avec des solutions adapt\u00e9es \u00e0 votre budget.<\/li>\n<li><strong>Consolidation de dettes :<\/strong> Regroupez vos cr\u00e9dits existants en une seule mensualit\u00e9 pour simplifier votre gestion financi\u00e8re.<\/li>\n<li><strong>Voyages ou formations :<\/strong> R\u00e9alisez vos r\u00eaves, qu\u2019il s\u2019agisse d\u2019un projet \u00e9ducatif ou d\u2019un voyage tant attendu.<\/li>\n<\/ul>\n<hr \/>\n<h3><span class=\"ez-toc-section\" id=\"Contactez_MultiCredit_des_aujourdhui_pour_votre_credit_prive_a_Romont\"><\/span><strong>Contactez MultiCredit d\u00e8s aujourd\u2019hui pour votre cr\u00e9dit priv\u00e9 \u00e0 Romont<\/strong><span class=\"ez-toc-section-end\"><\/span><\/h3>\n<p>Ne laissez pas vos projets en attente. Faites confiance \u00e0 <strong>MultiCredit<\/strong>, votre expert en financement \u00e0 Romont, pour des solutions rapides, transparentes et adapt\u00e9es \u00e0 vos besoins.<\/p>\n<p>\ud83d\udcde <strong>Appelez-nous d\u00e8s maintenant au <span class=\"LrzXr zdqRlf kno-fv\"><a href=\"https:\/\/www.google.ch\/search?q=Multi+Credit&amp;sca_esv=ef196dfad720c128&amp;source=hp&amp;ei=R9d-Z7__JdKei-gPtfWAuQw&amp;iflsig=AL9hbdgAAAAAZ37lV4E-TDcphrRPI7tzuoApgDIi1aFN&amp;ved=0ahUKEwj_vqKD8-aKAxVSzwIHHbU6IMcQ4dUDCBk&amp;uact=5&amp;oq=Multi+Credit&amp;gs_lp=Egdnd3Mtd2l6IgxNdWx0aSBDcmVkaXQyCxAuGIAEGMcBGK8BMgYQABgWGB4yBhAAGBYYHjIGEAAYFhgeMgYQABgWGB4yBhAAGBYYHjIGEAAYFhgeMgYQABgWGB4yBhAAGBYYHjIGEAAYFhgeSIYWUABYvhVwAHgAkAEAmAHaAqABmgyqAQcxLjguMS4xuAEDyAEA-AEBmAILoALuDMICCxAAGIAEGLEDGIMBwgIOEC4YgAQYsQMYgwEYigXCAg4QLhiABBixAxjRAxjHAcICCBAAGIAEGLEDwgIOEAAYgAQYsQMYgwEYigXCAhEQLhiABBixAxjRAxiDARjHAcICCxAuGIAEGLEDGIMBwgIIEC4YgAQYsQPCAgUQLhiABMICCxAuGIAEGLEDGNQCwgIFEAAYgATCAgsQLhiABBjRAxjHAcICBxAAGIAEGAqYAwCSBwcxLjguMS4xoAfYcQ&amp;sclient=gws-wiz#\" data-dtype=\"d3ph\" data-local-attribute=\"d3ph\" data-ved=\"2ahUKEwiE5LKF8-aKAxUG0gIHHW3NEngQkAgoAHoECDYQAg\" target=\"_blank\" rel=\"noopener\"><span aria-label=\"Appeler le 026 322 23 00\">026 322 23 00<\/span><\/a><\/span> <\/strong>pour parler avec un conseiller exp\u00e9riment\u00e9.<br \/>\n\ud83d\udcbb <strong>Faites une demande en ligne<\/strong><br \/>\n\ud83d\udccd <strong>Visitez notre agence la plus proche<\/strong> pour un accompagnement personnalis\u00e9.<\/p>\n<p>Avec MultiCredit, vos projets \u00e0 <strong>Romont<\/strong> prennent vie en toute simplicit\u00e9 et s\u00e9r\u00e9nit\u00e9. \ud83d\ude80<\/p>\n<p>#MultiCreditRomont #Cr\u00e9ditPriv\u00e9 #FinancementFribourg #ProjetPersonnel #SolutionsDeFinancement #Romontois[\/vc_column_text][\/vc_column][\/vc_row]<\/section>\n","protected":false},"excerpt":{"rendered":"<p>[vc_row][vc_column][vc_column_text]Vous \u00eates habitant de Romont, charmante ville du canton de Fribourg, et vous avez un projet \u00e0 financer ? Que ce soit pour acheter une voiture, r\u00e9nover votre maison, regrouper vos cr\u00e9dits ou concr\u00e9tiser un projet personnel, MultiCredit est l\u00e0 pour vous accompagner. Avec une expertise reconnue et une approche locale et personnalis\u00e9e, nous aidons [&hellip;]<\/p>\n","protected":false},"author":25,"featured_media":0,"parent":27771,"menu_order":-3,"comment_status":"closed","ping_status":"closed","template":"template-form.php","meta":{"inline_featured_image":false,"footnotes":"","_links_to":"","_links_to_target":""},"categories":[33],"class_list":["post-27776","page","type-page","status-publish","hentry","category-credit"],"_links":{"self":[{"href":"https:\/\/multicredit.ch\/fr\/wp-json\/wp\/v2\/pages\/27776","targetHints":{"allow":["GET"]}}],"collection":[{"href":"https:\/\/multicredit.ch\/fr\/wp-json\/wp\/v2\/pages"}],"about":[{"href":"https:\/\/multicredit.ch\/fr\/wp-json\/wp\/v2\/types\/page"}],"author":[{"embeddable":true,"href":"https:\/\/multicredit.ch\/fr\/wp-json\/wp\/v2\/users\/25"}],"replies":[{"embeddable":true,"href":"https:\/\/multicredit.ch\/fr\/wp-json\/wp\/v2\/comments?post=27776"}],"version-history":[{"count":3,"href":"https:\/\/multicredit.ch\/fr\/wp-json\/wp\/v2\/pages\/27776\/revisions"}],"predecessor-version":[{"id":27779,"href":"https:\/\/multicredit.ch\/fr\/wp-json\/wp\/v2\/pages\/27776\/revisions\/27779"}],"up":[{"embeddable":true,"href":"https:\/\/multicredit.ch\/fr\/wp-json\/wp\/v2\/pages\/27771"}],"wp:attachment":[{"href":"https:\/\/multicredit.ch\/fr\/wp-json\/wp\/v2\/media?parent=27776"}],"wp:term":[{"taxonomy":"category","embeddable":true,"href":"https:\/\/multicredit.ch\/fr\/wp-json\/wp\/v2\/categories?post=27776"}],"curies":[{"name":"wp","href":"https:\/\/api.w.org\/{rel}","templated":true}]}}