{"id":27773,"date":"2025-01-08T20:02:32","date_gmt":"2025-01-08T20:02:32","guid":{"rendered":"https:\/\/multicredit.ch\/?page_id=27773"},"modified":"2025-01-08T20:05:07","modified_gmt":"2025-01-08T20:05:07","slug":"bulle","status":"publish","type":"page","link":"https:\/\/multicredit.ch\/fr\/suisse\/fribourg\/bulle\/","title":{"rendered":"Cr\u00e9dit Bulle"},"content":{"rendered":"<section class=\"wpb-content-wrapper\">[vc_row][vc_column][vc_column_text]Vous habitez <strong>Bulle<\/strong>, centre dynamique du canton de Fribourg, et avez besoin d\u2019un financement pour r\u00e9aliser vos projets ? Que ce soit pour acheter un v\u00e9hicule, entreprendre des travaux de r\u00e9novation, regrouper vos cr\u00e9dits ou encore financer des projets personnels, <strong>MultiCredit<\/strong> est votre partenaire de confiance. Avec une expertise reconnue et une approche locale et humaine, nous accompagnons les Bullois pour concr\u00e9tiser leurs ambitions rapidement et en toute s\u00e9r\u00e9nit\u00e9.<\/p>\n<hr \/>\n<h3><span class=\"ez-toc-section\" id=\"Pourquoi_choisir_MultiCredit_pour_votre_credit_prive_a_Bulle\"><\/span><strong>Pourquoi choisir MultiCredit pour votre cr\u00e9dit priv\u00e9 \u00e0 Bulle ?<\/strong><span class=\"ez-toc-section-end\"><\/span><\/h3>\n<h4><strong>1. Une expertise reconnue dans le domaine du cr\u00e9dit priv\u00e9<\/strong><\/h4>\n<p>Depuis de nombreuses ann\u00e9es, <strong>MultiCredit<\/strong> est un acteur majeur dans le financement priv\u00e9 en Suisse. Voici ce que nous offrons :<\/p>\n<ul>\n<li><strong>Des taux d\u2019int\u00e9r\u00eat comp\u00e9titifs :<\/strong> B\u00e9n\u00e9ficiez de solutions financi\u00e8res avantageuses et adapt\u00e9es \u00e0 votre budget.<\/li>\n<li><strong>Des solutions sur mesure :<\/strong> Chaque dossier est analys\u00e9 individuellement pour garantir une r\u00e9ponse personnalis\u00e9e et adapt\u00e9e \u00e0 vos besoins.<\/li>\n<li><strong>Un accompagnement humain :<\/strong> Nos conseillers vous accompagnent \u00e0 chaque \u00e9tape, depuis la demande jusqu\u2019\u00e0 la r\u00e9ception des fonds.<\/li>\n<\/ul>\n<h4><strong>2. Un processus simple, rapide et transparent<\/strong><\/h4>\n<p>Chez MultiCredit, nous valorisons votre temps et votre tranquillit\u00e9 d\u2019esprit :<\/p>\n<ul>\n<li><strong>Une demande rapide et sans engagement :<\/strong> Soumettez votre demande en ligne ou en agence en seulement quelques minutes.<\/li>\n<li><strong>Une r\u00e9ponse sous 24 heures :<\/strong> Nos experts s\u2019engagent \u00e0 analyser rapidement votre dossier pour vous fournir une r\u00e9ponse claire et d\u00e9taill\u00e9e.<\/li>\n<li><strong>Un processus transparent :<\/strong> Pas de frais cach\u00e9s ni de mauvaises surprises. Toutes les conditions sont clairement expliqu\u00e9es d\u00e8s le d\u00e9part.<\/li>\n<\/ul>\n<h4><strong>3. Un financement pour tous vos projets<\/strong><\/h4>\n<p>Avec MultiCredit, financez une large gamme de projets, quels que soient vos besoins :<\/p>\n<ul>\n<li><strong>Achat de v\u00e9hicule :<\/strong> Obtenez un cr\u00e9dit pour acheter une voiture ou une moto, neuve ou d\u2019occasion.<\/li>\n<li><strong>Travaux de r\u00e9novation :<\/strong> Modernisez votre maison ou votre appartement \u00e0 Bulle.<\/li>\n<li><strong>Consolidation de dettes :<\/strong> Simplifiez vos finances en regroupant vos cr\u00e9dits en une seule mensualit\u00e9 plus facile \u00e0 g\u00e9rer.<\/li>\n<li><strong>Projets personnels :<\/strong> R\u00e9alisez vos r\u00eaves, qu\u2019il s\u2019agisse d\u2019un voyage, d\u2019une formation ou d\u2019un impr\u00e9vu.<\/li>\n<\/ul>\n<hr \/>\n<h3><span class=\"ez-toc-section\" id=\"Pourquoi_les_habitants_de_Bulle_font_confiance_a_MultiCredit\"><\/span><strong>Pourquoi les habitants de Bulle font confiance \u00e0 MultiCredit ?<\/strong><span class=\"ez-toc-section-end\"><\/span><\/h3>\n<h4><strong>Une connaissance approfondie des besoins locaux<\/strong><\/h4>\n<p>Bulle est une ville en pleine croissance, au c\u0153ur du canton de Fribourg, o\u00f9 les habitants ont des besoins vari\u00e9s et sp\u00e9cifiques. Que vous soyez salari\u00e9, ind\u00e9pendant, \u00e9tudiant ou retrait\u00e9, MultiCredit adapte ses solutions \u00e0 votre situation et \u00e0 vos projets.<\/p>\n<h4><strong>Accessibilit\u00e9 et service de proximit\u00e9<\/strong><\/h4>\n<p>Nos conseillers, proches de vous, comprennent les r\u00e9alit\u00e9s \u00e9conomiques et sociales des Bullois. Nous offrons un service personnalis\u00e9 et humain pour \u00e9tablir une relation de confiance durable avec nos clients.<\/p>\n<h4><strong>Des solutions adapt\u00e9es \u00e0 tous les profils<\/strong><\/h4>\n<p>Que vous soyez dans une situation financi\u00e8re simple ou complexe, MultiCredit analyse votre dossier avec soin et vous propose des options adapt\u00e9es pour vous aider \u00e0 atteindre vos objectifs.<\/p>\n<hr \/>\n<h3><span class=\"ez-toc-section\" id=\"Comment_obtenir_un_credit_prive_avec_MultiCredit_a_Bulle\"><\/span><strong>Comment obtenir un cr\u00e9dit priv\u00e9 avec MultiCredit \u00e0 Bulle ?<\/strong><span class=\"ez-toc-section-end\"><\/span><\/h3>\n<h4><strong>1. Pr\u00e9parez vos documents n\u00e9cessaires<\/strong><\/h4>\n<p>Avant de soumettre votre demande, assurez-vous d\u2019avoir les documents suivants :<\/p>\n<ul>\n<li>Une copie de votre carte d\u2019identit\u00e9 ou permis de s\u00e9jour (pour les r\u00e9sidents \u00e9trangers).<\/li>\n<li>Vos trois derni\u00e8res fiches de salaire ou justificatifs de revenus.<\/li>\n<li>Votre derni\u00e8re d\u00e9claration fiscale ou avis de taxation.<\/li>\n<li>Les relev\u00e9s de vos cr\u00e9dits ou dettes en cours (le cas \u00e9ch\u00e9ant).<\/li>\n<\/ul>\n<h4><strong>2. Soumettez votre demande facilement<\/strong><\/h4>\n<ul>\n<li><strong>En ligne :<\/strong> Rendez-vous sur notre site internet pour remplir un formulaire simple et rapide.<\/li>\n<li><strong>En agence :<\/strong> Pr\u00e9f\u00e9rez un contact humain ? Venez rencontrer nos conseillers pour discuter de vos besoins.<\/li>\n<\/ul>\n<h4><strong>3. Recevez une r\u00e9ponse rapide<\/strong><\/h4>\n<p>Une fois votre demande soumise, nous analysons votre dossier sous <strong>24 heures<\/strong> et vous fournissons une offre claire et adapt\u00e9e \u00e0 votre situation.<\/p>\n<h4><strong>4. Finalisez votre contrat et obtenez vos fonds<\/strong><\/h4>\n<p>Apr\u00e8s acceptation de l\u2019offre et signature du contrat, les fonds seront d\u00e9bloqu\u00e9s rapidement et mis \u00e0 votre disposition pour concr\u00e9tiser vos projets.<\/p>\n<hr \/>\n<h3><span class=\"ez-toc-section\" id=\"Les_avantages_exclusifs_pour_les_habitants_de_Bulle\"><\/span><strong>Les avantages exclusifs pour les habitants de Bulle<\/strong><span class=\"ez-toc-section-end\"><\/span><\/h3>\n<ol>\n<li><strong>Une expertise locale :<\/strong> Nos conseillers comprennent les besoins sp\u00e9cifiques des Bullois et proposent des solutions adapt\u00e9es \u00e0 leurs attentes pour une <a href=\"https:\/\/multicredit.ch\/fr\/demande-de-credit\/\">demande de cr\u00e9dit<\/a>.<\/li>\n<li><strong>Un processus rapide et efficace :<\/strong> Obtenez une r\u00e9ponse claire et vos fonds dans un d\u00e9lai minimal.<\/li>\n<li><strong>Un accompagnement humain :<\/strong> Nous valorisons une relation personnalis\u00e9e pour vous offrir une exp\u00e9rience de qualit\u00e9.<\/li>\n<li><strong>Des solutions flexibles :<\/strong> Que vous souhaitiez financer un achat, simplifier vos finances ou concr\u00e9tiser un projet personnel, MultiCredit est l\u00e0 pour vous aider.<\/li>\n<\/ol>\n<hr \/>\n<h3><span class=\"ez-toc-section\" id=\"Exemples_de_projets_finances_par_MultiCredit_a_Bulle\"><\/span><strong>Exemples de projets financ\u00e9s par MultiCredit \u00e0 Bulle<\/strong><span class=\"ez-toc-section-end\"><\/span><\/h3>\n<ul>\n<li><strong>Achat d\u2019un v\u00e9hicule :<\/strong> De nombreux Bullois ont financ\u00e9 l\u2019achat de leur voiture gr\u00e2ce \u00e0 nos cr\u00e9dits auto comp\u00e9titifs.<\/li>\n<li><strong>Travaux de r\u00e9novation :<\/strong> Embellissez ou modernisez votre int\u00e9rieur avec des solutions de financement adapt\u00e9es.<\/li>\n<li><strong>Consolidation de dettes :<\/strong> Simplifiez votre gestion financi\u00e8re en regroupant vos cr\u00e9dits en une seule mensualit\u00e9.<\/li>\n<li><strong>Voyages ou formations :<\/strong> R\u00e9alisez vos r\u00eaves, qu\u2019il s\u2019agisse d\u2019un voyage ou d\u2019un projet \u00e9ducatif.<\/li>\n<\/ul>\n<hr \/>\n<h3><span class=\"ez-toc-section\" id=\"Contactez_MultiCredit_des_aujourdhui_pour_votre_credit_prive_a_Bulle\"><\/span><strong>Contactez MultiCredit d\u00e8s aujourd\u2019hui pour votre cr\u00e9dit priv\u00e9 \u00e0 Bulle<\/strong><span class=\"ez-toc-section-end\"><\/span><\/h3>\n<p>Ne laissez pas vos projets en attente. Avec <strong>MultiCredit<\/strong>, b\u00e9n\u00e9ficiez de solutions rapides, transparentes et adapt\u00e9es \u00e0 vos besoins pour concr\u00e9tiser vos ambitions.<\/p>\n<p>\ud83d\udcde <strong>Appelez-nous d\u00e8s maintenant au <span class=\"LrzXr zdqRlf kno-fv\"><a href=\"https:\/\/www.google.ch\/search?q=Multi+Credit&amp;sca_esv=ef196dfad720c128&amp;source=hp&amp;ei=R9d-Z7__JdKei-gPtfWAuQw&amp;iflsig=AL9hbdgAAAAAZ37lV4E-TDcphrRPI7tzuoApgDIi1aFN&amp;ved=0ahUKEwj_vqKD8-aKAxVSzwIHHbU6IMcQ4dUDCBk&amp;uact=5&amp;oq=Multi+Credit&amp;gs_lp=Egdnd3Mtd2l6IgxNdWx0aSBDcmVkaXQyCxAuGIAEGMcBGK8BMgYQABgWGB4yBhAAGBYYHjIGEAAYFhgeMgYQABgWGB4yBhAAGBYYHjIGEAAYFhgeMgYQABgWGB4yBhAAGBYYHjIGEAAYFhgeSIYWUABYvhVwAHgAkAEAmAHaAqABmgyqAQcxLjguMS4xuAEDyAEA-AEBmAILoALuDMICCxAAGIAEGLEDGIMBwgIOEC4YgAQYsQMYgwEYigXCAg4QLhiABBixAxjRAxjHAcICCBAAGIAEGLEDwgIOEAAYgAQYsQMYgwEYigXCAhEQLhiABBixAxjRAxiDARjHAcICCxAuGIAEGLEDGIMBwgIIEC4YgAQYsQPCAgUQLhiABMICCxAuGIAEGLEDGNQCwgIFEAAYgATCAgsQLhiABBjRAxjHAcICBxAAGIAEGAqYAwCSBwcxLjguMS4xoAfYcQ&amp;sclient=gws-wiz#\" data-dtype=\"d3ph\" data-local-attribute=\"d3ph\" data-ved=\"2ahUKEwiE5LKF8-aKAxUG0gIHHW3NEngQkAgoAHoECDYQAg\" target=\"_blank\" rel=\"noopener\"><span aria-label=\"Appeler le 026 322 23 00\">026 322 23 00<\/span><\/a><\/span>\u00a0<\/strong> pour parler avec un conseiller exp\u00e9riment\u00e9.<br \/>\n\ud83d\udcbb <strong>Faites une demande en ligne<\/strong> en quelques clics.<br \/>\n\ud83d\udccd <strong>Rendez-vous dans notre agence la plus proche<\/strong> pour une assistance personnalis\u00e9e.<\/p>\n<p>Avec MultiCredit, vos projets \u00e0 <strong>Bulle<\/strong> prennent vie, en toute s\u00e9r\u00e9nit\u00e9 et simplicit\u00e9. \ud83d\ude80<\/p>\n<p>#MultiCreditBulle #Cr\u00e9ditPriv\u00e9 #FinancementSuisse #ProjetPersonnel #SolutionsDeFinancement #Bullois[\/vc_column_text][\/vc_column][\/vc_row]<\/section>\n","protected":false},"excerpt":{"rendered":"<p>[vc_row][vc_column][vc_column_text]Vous habitez Bulle, centre dynamique du canton de Fribourg, et avez besoin d\u2019un financement pour r\u00e9aliser vos projets ? Que ce soit pour acheter un v\u00e9hicule, entreprendre des travaux de r\u00e9novation, regrouper vos cr\u00e9dits ou encore financer des projets personnels, MultiCredit est votre partenaire de confiance. Avec une expertise reconnue et une approche locale et [&hellip;]<\/p>\n","protected":false},"author":25,"featured_media":0,"parent":27771,"menu_order":-3,"comment_status":"closed","ping_status":"closed","template":"template-form.php","meta":{"inline_featured_image":false,"footnotes":"","_links_to":"","_links_to_target":""},"categories":[33],"class_list":["post-27773","page","type-page","status-publish","hentry","category-credit"],"_links":{"self":[{"href":"https:\/\/multicredit.ch\/fr\/wp-json\/wp\/v2\/pages\/27773","targetHints":{"allow":["GET"]}}],"collection":[{"href":"https:\/\/multicredit.ch\/fr\/wp-json\/wp\/v2\/pages"}],"about":[{"href":"https:\/\/multicredit.ch\/fr\/wp-json\/wp\/v2\/types\/page"}],"author":[{"embeddable":true,"href":"https:\/\/multicredit.ch\/fr\/wp-json\/wp\/v2\/users\/25"}],"replies":[{"embeddable":true,"href":"https:\/\/multicredit.ch\/fr\/wp-json\/wp\/v2\/comments?post=27773"}],"version-history":[{"count":2,"href":"https:\/\/multicredit.ch\/fr\/wp-json\/wp\/v2\/pages\/27773\/revisions"}],"predecessor-version":[{"id":27775,"href":"https:\/\/multicredit.ch\/fr\/wp-json\/wp\/v2\/pages\/27773\/revisions\/27775"}],"up":[{"embeddable":true,"href":"https:\/\/multicredit.ch\/fr\/wp-json\/wp\/v2\/pages\/27771"}],"wp:attachment":[{"href":"https:\/\/multicredit.ch\/fr\/wp-json\/wp\/v2\/media?parent=27773"}],"wp:term":[{"taxonomy":"category","embeddable":true,"href":"https:\/\/multicredit.ch\/fr\/wp-json\/wp\/v2\/categories?post=27773"}],"curies":[{"name":"wp","href":"https:\/\/api.w.org\/{rel}","templated":true}]}}