{"id":27761,"date":"2025-01-08T18:39:01","date_gmt":"2025-01-08T18:39:01","guid":{"rendered":"https:\/\/multicredit.ch\/?page_id=27761"},"modified":"2025-01-08T18:49:34","modified_gmt":"2025-01-08T18:49:34","slug":"berne","status":"publish","type":"page","link":"https:\/\/multicredit.ch\/fr\/suisse\/berne\/","title":{"rendered":"Berne"},"content":{"rendered":"<section class=\"wpb-content-wrapper\">[vc_row][vc_column][vc_column_text]<\/p>\n<p>\u00c0 Berne, r\u00e9aliser vos projets ou faire face \u00e0 un besoin financier impr\u00e9vu peut n\u00e9cessiter un accompagnement sur mesure. <strong>MultiCredit<\/strong>, sp\u00e9cialiste du cr\u00e9dit personnel en Suisse, est \u00e0 votre disposition pour vous proposer des solutions financi\u00e8res adapt\u00e9es, simples et rapides. Que ce soit pour un projet personnel, des r\u00e9novations, un achat important ou une consolidation de dettes, nous sommes l\u00e0 pour vous guider et vous offrir la tranquillit\u00e9 d&#8217;esprit dont vous avez besoin.<\/p>\n<hr \/>\n<h3><span class=\"ez-toc-section\" id=\"Pourquoi_choisir_MultiCredit_a_Berne\"><\/span><strong>Pourquoi choisir MultiCredit \u00e0 Berne ?<\/strong><span class=\"ez-toc-section-end\"><\/span><\/h3>\n<p>Dans un march\u00e9 complexe o\u00f9 chaque situation est unique, MultiCredit s\u2019est impos\u00e9 comme un partenaire de confiance gr\u00e2ce \u00e0 des services ax\u00e9s sur la personnalisation et la transparence. Voici pourquoi nous sommes le choix id\u00e9al pour les habitants de Berne :<\/p>\n<ol>\n<li><strong>Des solutions sur mesure<\/strong> :\n<ul>\n<li>Votre situation est unique, et votre solution doit l\u2019\u00eatre aussi. Nos conseillers analysent attentivement vos besoins et vos capacit\u00e9s pour concevoir une offre qui correspond \u00e0 votre projet.<\/li>\n<\/ul>\n<\/li>\n<li><strong>Des taux comp\u00e9titifs<\/strong> :\n<ul>\n<li>Nous n\u00e9gocions les meilleures conditions pour vous offrir des taux d\u2019int\u00e9r\u00eat avantageux, avec des mensualit\u00e9s ajust\u00e9es \u00e0 votre budget.<\/li>\n<\/ul>\n<\/li>\n<li><strong>Un traitement rapide<\/strong> :\n<ul>\n<li>Nous savons que vos projets ne peuvent pas attendre. Avec MultiCredit, vous recevez une r\u00e9ponse rapide \u00e0 votre demande et b\u00e9n\u00e9ficiez d\u2019un traitement administratif simplifi\u00e9.<\/li>\n<\/ul>\n<\/li>\n<li><strong>Une transparence totale<\/strong> :\n<ul>\n<li>Pas de surprises d\u00e9sagr\u00e9ables. Tous les frais, conditions et modalit\u00e9s vous sont clairement expliqu\u00e9s d\u00e8s le d\u00e9part.<\/li>\n<\/ul>\n<\/li>\n<li><strong>Une grande flexibilit\u00e9<\/strong> :\n<ul>\n<li>Nos solutions s\u2019adaptent \u00e0 votre rythme de vie. Vous pouvez choisir une dur\u00e9e de remboursement qui convient \u00e0 votre situation, avec des possibilit\u00e9s d\u2019ajustement si n\u00e9cessaire.<\/li>\n<\/ul>\n<\/li>\n<\/ol>\n<hr \/>\n<h3><span class=\"ez-toc-section\" id=\"Nos_services_pour_les_habitants_de_Berne_et_des_environs\"><\/span><strong>Nos services pour les habitants de Berne et des environs<\/strong><span class=\"ez-toc-section-end\"><\/span><\/h3>\n<p>Nous comprenons les particularit\u00e9s de la r\u00e9gion bernoise et les besoins sp\u00e9cifiques de ses habitants. Que vous viviez au c\u0153ur de Berne ou dans ses communes environnantes, MultiCredit s\u2019engage \u00e0 vous proposer des services adapt\u00e9s \u00e0 votre contexte local.<\/p>\n<ul>\n<li><strong>Cr\u00e9dit personnel<\/strong> : Financement pour des projets personnels (voyages, mariages, \u00e9tudes, etc.).<\/li>\n<li><strong>R\u00e9novations et travaux<\/strong> : Financez vos projets d\u2019am\u00e9lioration de votre habitat.<\/li>\n<li><strong>Consolidation de dettes<\/strong> : Regroupez vos cr\u00e9dits pour simplifier vos paiements et r\u00e9duire vos mensualit\u00e9s.<\/li>\n<li><strong>Liquidit\u00e9s suppl\u00e9mentaires<\/strong> : Faites face aux impr\u00e9vus gr\u00e2ce \u00e0 une solution de tr\u00e9sorerie rapide et efficace.<\/li>\n<\/ul>\n<hr \/>\n<h3><span class=\"ez-toc-section\" id=\"Le_processus_MultiCredit_Simple_et_efficace\"><\/span><strong>Le processus MultiCredit : Simple et efficace<\/strong><span class=\"ez-toc-section-end\"><\/span><\/h3>\n<ol>\n<li><strong>Prise de contact<\/strong><br \/>\nPrenez rendez-vous avec nos conseillers ou compl\u00e9tez une demande en ligne via notre site.<\/li>\n<li><strong>Analyse de votre demande<\/strong><br \/>\nApr\u00e8s avoir \u00e9tudi\u00e9 vos besoins et votre profil financier, nous identifions les solutions qui vous conviennent le mieux.<\/li>\n<li><strong>Offre personnalis\u00e9e<\/strong><br \/>\nVous recevez une proposition claire, comprenant le montant, le taux d\u2019int\u00e9r\u00eat, les mensualit\u00e9s et la dur\u00e9e de remboursement.<\/li>\n<li><strong>Validation et versement des fonds<\/strong><br \/>\nUne fois votre dossier valid\u00e9, les fonds sont mis \u00e0 votre disposition rapidement, pour concr\u00e9tiser vos projets sans attendre.<\/li>\n<\/ol>\n<hr \/>\n<h3><span class=\"ez-toc-section\" id=\"Un_accompagnement_humain_et_de_proximite\"><\/span><strong>Un accompagnement humain et de proximit\u00e9<\/strong><span class=\"ez-toc-section-end\"><\/span><\/h3>\n<p>Chez MultiCredit, nous savons que les d\u00e9marches financi\u00e8res peuvent parfois \u00eatre source de stress. C\u2019est pourquoi nous mettons un point d\u2019honneur \u00e0 accompagner chaque client avec empathie, professionnalisme et discr\u00e9tion. Nos conseillers locaux, sp\u00e9cialis\u00e9s dans le march\u00e9 bernoise, sont l\u00e0 pour r\u00e9pondre \u00e0 toutes vos questions et vous guider \u00e0 chaque \u00e9tape.<\/p>\n<hr \/>\n<h3><span class=\"ez-toc-section\" id=\"Faites_le_premier_pas_aujourdhui\"><\/span><strong>Faites le premier pas aujourd\u2019hui !<\/strong><span class=\"ez-toc-section-end\"><\/span><\/h3>\n<p>Ne laissez pas vos projets attendre ! MultiCredit est \u00e0 votre service pour vous offrir une solution de financement rapide, adapt\u00e9e et fiable. Contactez-nous d\u00e8s aujourd\u2019hui pour une analyse gratuite et sans engagement.<\/p>\n<p>\ud83d\udcde <strong>Appelez-nous<\/strong> ou \ud83c\udf10 <strong>visitez notre site internet<\/strong> pour en savoir plus.<\/p>\n<p><strong>MultiCredit \u2013 Ensemble, r\u00e9alisons vos ambitions \u00e0 Berne.<\/strong><\/p>\n<p>[\/vc_column_text][\/vc_column][\/vc_row]<\/section>\n","protected":false},"excerpt":{"rendered":"<p>[vc_row][vc_column][vc_column_text] \u00c0 Berne, r\u00e9aliser vos projets ou faire face \u00e0 un besoin financier impr\u00e9vu peut n\u00e9cessiter un accompagnement sur mesure. MultiCredit, sp\u00e9cialiste du cr\u00e9dit personnel en Suisse, est \u00e0 votre disposition pour vous proposer des solutions financi\u00e8res adapt\u00e9es, simples et rapides. Que ce soit pour un projet personnel, des r\u00e9novations, un achat important ou une [&hellip;]<\/p>\n","protected":false},"author":25,"featured_media":0,"parent":27560,"menu_order":-3,"comment_status":"closed","ping_status":"closed","template":"template-form.php","meta":{"inline_featured_image":false,"footnotes":"","_links_to":"","_links_to_target":""},"categories":[33],"class_list":["post-27761","page","type-page","status-publish","hentry","category-credit"],"_links":{"self":[{"href":"https:\/\/multicredit.ch\/fr\/wp-json\/wp\/v2\/pages\/27761","targetHints":{"allow":["GET"]}}],"collection":[{"href":"https:\/\/multicredit.ch\/fr\/wp-json\/wp\/v2\/pages"}],"about":[{"href":"https:\/\/multicredit.ch\/fr\/wp-json\/wp\/v2\/types\/page"}],"author":[{"embeddable":true,"href":"https:\/\/multicredit.ch\/fr\/wp-json\/wp\/v2\/users\/25"}],"replies":[{"embeddable":true,"href":"https:\/\/multicredit.ch\/fr\/wp-json\/wp\/v2\/comments?post=27761"}],"version-history":[{"count":3,"href":"https:\/\/multicredit.ch\/fr\/wp-json\/wp\/v2\/pages\/27761\/revisions"}],"predecessor-version":[{"id":27768,"href":"https:\/\/multicredit.ch\/fr\/wp-json\/wp\/v2\/pages\/27761\/revisions\/27768"}],"up":[{"embeddable":true,"href":"https:\/\/multicredit.ch\/fr\/wp-json\/wp\/v2\/pages\/27560"}],"wp:attachment":[{"href":"https:\/\/multicredit.ch\/fr\/wp-json\/wp\/v2\/media?parent=27761"}],"wp:term":[{"taxonomy":"category","embeddable":true,"href":"https:\/\/multicredit.ch\/fr\/wp-json\/wp\/v2\/categories?post=27761"}],"curies":[{"name":"wp","href":"https:\/\/api.w.org\/{rel}","templated":true}]}}