{"id":27758,"date":"2025-01-08T16:37:05","date_gmt":"2025-01-08T16:37:05","guid":{"rendered":"https:\/\/multicredit.ch\/?page_id=27758"},"modified":"2025-01-08T16:37:51","modified_gmt":"2025-01-08T16:37:51","slug":"meyrin","status":"publish","type":"page","link":"https:\/\/multicredit.ch\/fr\/suisse\/geneve\/meyrin\/","title":{"rendered":"Cr\u00e9dit Meyrin"},"content":{"rendered":"<section class=\"wpb-content-wrapper\">[vc_row][vc_column][vc_column_text]Vous \u00eates habitant de <strong>Meyrin<\/strong>, dans le canton de Gen\u00e8ve, et cherchez une solution de financement pour concr\u00e9tiser vos projets ? Que ce soit pour acheter un v\u00e9hicule, r\u00e9aliser des travaux de r\u00e9novation ou simplifier vos finances, <strong>MultiCredit<\/strong> est votre partenaire de confiance. Avec une expertise reconnue et une approche personnalis\u00e9e, nous accompagnons les Meyrinois dans la r\u00e9alisation de leurs projets rapidement et en toute transparence.<\/p>\n<hr \/>\n<h3><span class=\"ez-toc-section\" id=\"Pourquoi_choisir_MultiCredit_pour_votre_credit_prive_a_Meyrin\"><\/span><strong>Pourquoi choisir MultiCredit pour votre cr\u00e9dit priv\u00e9 \u00e0 Meyrin ?<\/strong><span class=\"ez-toc-section-end\"><\/span><\/h3>\n<h4><strong>1. Une expertise de longue date en financement priv\u00e9<\/strong><\/h4>\n<p>MultiCredit est un acteur majeur dans le domaine des cr\u00e9dits priv\u00e9s en Suisse. Nous mettons \u00e0 votre disposition des solutions pour obtenir la <a href=\"https:\/\/multicredit.ch\/fr\/credit\/offre-credit\/\">meilleure offre de cr\u00e9dit<\/a>\u00a0 :<\/p>\n<ul>\n<li><strong>Des taux comp\u00e9titifs :<\/strong> Profitez de solutions avantageuses adapt\u00e9es \u00e0 vos besoins sp\u00e9cifiques.<\/li>\n<li><strong>Des solutions sur mesure :<\/strong> Chaque demande est \u00e9tudi\u00e9e individuellement pour r\u00e9pondre parfaitement \u00e0 vos attentes.<\/li>\n<li><strong>Un accompagnement complet :<\/strong> De la soumission de votre demande \u00e0 la r\u00e9ception des fonds, nos experts vous guident \u00e0 chaque \u00e9tape.<\/li>\n<\/ul>\n<h4><strong>2. Une d\u00e9marche rapide et efficace<\/strong><\/h4>\n<p>Chez MultiCredit, nous savons que votre temps est pr\u00e9cieux. C\u2019est pourquoi nous simplifions le processus pour vous :<\/p>\n<ul>\n<li><strong>Une demande facile et sans engagement :<\/strong> En ligne ou en agence, soumettez votre demande en quelques minutes.<\/li>\n<li><strong>Une r\u00e9ponse rapide :<\/strong> Nos \u00e9quipes s\u2019engagent \u00e0 vous fournir une r\u00e9ponse dans un d\u00e9lai de <strong>24 heures<\/strong>.<\/li>\n<li><strong>Un processus 100 % transparent :<\/strong> Pas de frais cach\u00e9s, toutes les conditions sont clairement expliqu\u00e9es d\u00e8s le d\u00e9part.<\/li>\n<\/ul>\n<h4><strong>3. Un cr\u00e9dit adapt\u00e9 \u00e0 tous vos projets<\/strong><\/h4>\n<p>MultiCredit propose des solutions de financement pour une grande vari\u00e9t\u00e9 de projets :<\/p>\n<ul>\n<li><strong>Achat de v\u00e9hicule :<\/strong> Financez votre voiture ou moto, qu\u2019elle soit neuve ou d\u2019occasion.<\/li>\n<li><strong>Travaux de r\u00e9novation :<\/strong> Modernisez ou embellissez votre maison ou appartement \u00e0 Meyrin.<\/li>\n<li><strong>Consolidation de dettes :<\/strong> Simplifiez vos finances en regroupant plusieurs cr\u00e9dits en une seule mensualit\u00e9.<\/li>\n<li><strong>Projets personnels :<\/strong> Voyages, \u00e9tudes, impr\u00e9vus financiers ou projets familiaux, nous sommes l\u00e0 pour vous accompagner.<\/li>\n<\/ul>\n<hr \/>\n<h3><span class=\"ez-toc-section\" id=\"Pourquoi_les_habitants_de_Meyrin_font_confiance_a_MultiCredit\"><\/span><strong>Pourquoi les habitants de Meyrin font confiance \u00e0 MultiCredit ?<\/strong><span class=\"ez-toc-section-end\"><\/span><\/h3>\n<h4><strong>Une approche locale et personnalis\u00e9e<\/strong><\/h4>\n<p>En tant que ville proche de Gen\u00e8ve, <strong>Meyrin<\/strong> est un lieu dynamique o\u00f9 les habitants ont des besoins financiers vari\u00e9s. Que vous soyez salari\u00e9, ind\u00e9pendant ou retrait\u00e9, MultiCredit comprend les sp\u00e9cificit\u00e9s \u00e9conomiques de la r\u00e9gion et propose des solutions adapt\u00e9es aux Meyrinois.<\/p>\n<h4><strong>Accessibilit\u00e9 et service de proximit\u00e9<\/strong><\/h4>\n<p>Nos conseillers sont disponibles pour r\u00e9pondre \u00e0 toutes vos questions et vous guider dans le choix du financement le plus adapt\u00e9 \u00e0 vos besoins. Nous valorisons une approche humaine et locale, afin d\u2019\u00e9tablir une relation de confiance avec nos clients.<\/p>\n<h4><strong>Des solutions accessibles \u00e0 tous les profils<\/strong><\/h4>\n<p>Chez MultiCredit, nous croyons que chaque Meyrinois m\u00e9rite un accompagnement personnalis\u00e9, peu importe sa situation financi\u00e8re. Nos experts analysent chaque dossier avec soin pour proposer des solutions adapt\u00e9es.<\/p>\n<hr \/>\n<h3><span class=\"ez-toc-section\" id=\"Comment_obtenir_un_credit_prive_avec_MultiCredit_a_Meyrin\"><\/span><strong>Comment obtenir un cr\u00e9dit priv\u00e9 avec MultiCredit \u00e0 Meyrin ?<\/strong><span class=\"ez-toc-section-end\"><\/span><\/h3>\n<h4><strong>1. Pr\u00e9parez les documents n\u00e9cessaires<\/strong><\/h4>\n<p>Pour maximiser vos chances d\u2019obtenir un cr\u00e9dit, assurez-vous d\u2019avoir :<\/p>\n<ul>\n<li>Une copie de votre carte d\u2019identit\u00e9 ou permis de s\u00e9jour (pour les r\u00e9sidents \u00e9trangers).<\/li>\n<li>Vos trois derni\u00e8res fiches de salaire ou justificatifs de revenus.<\/li>\n<li>Votre derni\u00e8re d\u00e9claration fiscale ou avis de taxation.<\/li>\n<li>Les relev\u00e9s de vos cr\u00e9dits ou dettes en cours (le cas \u00e9ch\u00e9ant).<\/li>\n<\/ul>\n<h4><strong>2. Soumettez votre demande facilement<\/strong><\/h4>\n<ul>\n<li><strong>En ligne :<\/strong> Rendez-vous sur notre site web pour remplir un formulaire rapide et sans engagement.<\/li>\n<li><strong>En agence :<\/strong> Pr\u00e9f\u00e9rez un contact humain ? Venez rencontrer nos conseillers pour une assistance personnalis\u00e9e.<\/li>\n<\/ul>\n<h4><strong>3. Recevez une r\u00e9ponse rapide<\/strong><\/h4>\n<p>Nos experts s\u2019engagent \u00e0 analyser votre dossier rapidement et \u00e0 vous fournir une r\u00e9ponse claire dans un d\u00e9lai de <strong>24 heures<\/strong>.<\/p>\n<h4><strong>4. Finalisez votre contrat et acc\u00e9dez aux fonds<\/strong><\/h4>\n<p>Une fois l\u2019offre accept\u00e9e et le contrat sign\u00e9, les fonds sont d\u00e9bloqu\u00e9s rapidement pour que vous puissiez concr\u00e9tiser vos projets sans attendre.<\/p>\n<hr \/>\n<h3><span class=\"ez-toc-section\" id=\"Les_avantages_exclusifs_pour_les_habitants_de_Meyrin\"><\/span><strong>Les avantages exclusifs pour les habitants de Meyrin<\/strong><span class=\"ez-toc-section-end\"><\/span><\/h3>\n<ol>\n<li><strong>Une expertise locale :<\/strong> Nous comprenons les besoins sp\u00e9cifiques des Meyrinois et proposons des solutions adapt\u00e9es \u00e0 leur r\u00e9alit\u00e9 \u00e9conomique.<\/li>\n<li><strong>Un processus rapide et efficace :<\/strong> Obtenez une r\u00e9ponse claire et vos fonds dans les meilleurs d\u00e9lais.<\/li>\n<li><strong>Un accompagnement humain :<\/strong> Notre \u00e9quipe met un point d\u2019honneur \u00e0 fournir un service personnalis\u00e9 et de proximit\u00e9.<\/li>\n<\/ol>\n<hr \/>\n<h3><span class=\"ez-toc-section\" id=\"Exemples_de_projets_finances_par_MultiCredit_a_Meyrin\"><\/span><strong>Exemples de projets financ\u00e9s par MultiCredit \u00e0 Meyrin<\/strong><span class=\"ez-toc-section-end\"><\/span><\/h3>\n<ul>\n<li><strong>Achat d\u2019un v\u00e9hicule :<\/strong> De nombreux Meyrinois ont pu acqu\u00e9rir une voiture ou une moto gr\u00e2ce \u00e0 nos cr\u00e9dits auto avantageux.<\/li>\n<li><strong>R\u00e9novation de logements :<\/strong> Modernisez ou r\u00e9am\u00e9nagez votre int\u00e9rieur avec des solutions de financement adapt\u00e9es.<\/li>\n<li><strong>Consolidation de dettes :<\/strong> Simplifiez la gestion de vos cr\u00e9dits en regroupant vos mensualit\u00e9s.<\/li>\n<li><strong>Projets personnels :<\/strong> Voyagez, investissez dans une formation ou financez des impr\u00e9vus gr\u00e2ce \u00e0 nos cr\u00e9dits flexibles.<\/li>\n<\/ul>\n<hr \/>\n<h3><span class=\"ez-toc-section\" id=\"Contactez_MultiCredit_des_aujourdhui_pour_votre_credit_prive_a_Meyrin\"><\/span><strong>Contactez MultiCredit d\u00e8s aujourd\u2019hui pour votre cr\u00e9dit priv\u00e9 \u00e0 Meyrin<\/strong><span class=\"ez-toc-section-end\"><\/span><\/h3>\n<p>Ne laissez pas vos projets en attente. Avec <strong>MultiCredit<\/strong>, profitez de solutions rapides, transparentes et adapt\u00e9es \u00e0 vos besoins pour concr\u00e9tiser vos ambitions.<\/p>\n<p>\ud83d\udcde <strong>Appelez-nous d\u00e8s maintenant au <span class=\"LrzXr zdqRlf kno-fv\"><a href=\"https:\/\/www.google.ch\/search?q=MultiCredit&amp;sca_esv=0da12726fba0ca1f&amp;source=hp&amp;ei=gJt-Z8WTFvOdhbIPke36wAU&amp;iflsig=AL9hbdgAAAAAZ36pkGFJvij2rO8bMT9_HO15-r-qsaJc&amp;ved=0ahUKEwjF042CuuaKAxXzTkEAHZG2HlgQ4dUDCBk&amp;uact=5&amp;oq=MultiCredit&amp;gs_lp=Egdnd3Mtd2l6IgtNdWx0aUNyZWRpdDILEC4YgAQYxwEYrwEyBBAAGB4yBBAAGB4yBBAAGB4yBBAAGB4yBBAAGB4yBBAAGB4yBBAAGB4yBhAAGAoYHjIEEAAYHkj4F1AAWL4XcAB4AJABAJgB_AGgAfAKqgEFMi43LjG4AQPIAQD4AQGYAgqgAp4LwgILEAAYgAQYsQMYgwHCAg4QLhiABBixAxiDARiKBcICERAuGIAEGLEDGNEDGIMBGMcBwgIOEC4YgAQYsQMY0QMYxwHCAgUQABiABMICCxAuGIAEGLEDGIMBwgIIEC4YgAQYsQPCAggQABiABBixA8ICBRAuGIAEwgILEC4YgAQYsQMY1ALCAgcQABiABBgKmAMAkgcFMS44LjGgB71y&amp;sclient=gws-wiz#\" data-dtype=\"d3ph\" data-local-attribute=\"d3ph\" data-ved=\"2ahUKEwjCm46EuuaKAxU_zwIHHfbWHigQkAgoAHoECDIQAg\" target=\"_blank\" rel=\"noopener\"><span aria-label=\"Appeler le 026 322 23 00\">026 322 23 00<\/span><\/a><\/span><\/strong> pour un conseil personnalis\u00e9.<br \/>\n\ud83d\udcbb <strong>Faites une demande en ligne<\/strong> sur <a href=\"https:\/\/www.multicredit.ch\/fr\" target=\"_new\" rel=\"noopener\">www.multicredit.ch<\/a> en quelques clics.<br \/>\n\ud83d\udccd <strong>Rendez-vous dans notre agence la plus proche<\/strong> pour une assistance personnalis\u00e9e.<\/p>\n<p>Avec MultiCredit, vos projets \u00e0 <strong>Meyrin<\/strong> prennent vie en toute simplicit\u00e9 et s\u00e9r\u00e9nit\u00e9. \ud83d\ude80<\/p>\n<p>#MultiCreditMeyrin #Cr\u00e9ditPriv\u00e9 #FinancementGen\u00e8ve #ProjetPersonnel #SolutionsSurMesure #Meyrinois[\/vc_column_text][\/vc_column][\/vc_row]<\/section>\n","protected":false},"excerpt":{"rendered":"<p>[vc_row][vc_column][vc_column_text]Vous \u00eates habitant de Meyrin, dans le canton de Gen\u00e8ve, et cherchez une solution de financement pour concr\u00e9tiser vos projets ? Que ce soit pour acheter un v\u00e9hicule, r\u00e9aliser des travaux de r\u00e9novation ou simplifier vos finances, MultiCredit est votre partenaire de confiance. Avec une expertise reconnue et une approche personnalis\u00e9e, nous accompagnons les Meyrinois [&hellip;]<\/p>\n","protected":false},"author":25,"featured_media":0,"parent":27580,"menu_order":-3,"comment_status":"closed","ping_status":"closed","template":"template-form.php","meta":{"inline_featured_image":false,"footnotes":"","_links_to":"","_links_to_target":""},"categories":[33],"class_list":["post-27758","page","type-page","status-publish","hentry","category-credit"],"_links":{"self":[{"href":"https:\/\/multicredit.ch\/fr\/wp-json\/wp\/v2\/pages\/27758","targetHints":{"allow":["GET"]}}],"collection":[{"href":"https:\/\/multicredit.ch\/fr\/wp-json\/wp\/v2\/pages"}],"about":[{"href":"https:\/\/multicredit.ch\/fr\/wp-json\/wp\/v2\/types\/page"}],"author":[{"embeddable":true,"href":"https:\/\/multicredit.ch\/fr\/wp-json\/wp\/v2\/users\/25"}],"replies":[{"embeddable":true,"href":"https:\/\/multicredit.ch\/fr\/wp-json\/wp\/v2\/comments?post=27758"}],"version-history":[{"count":2,"href":"https:\/\/multicredit.ch\/fr\/wp-json\/wp\/v2\/pages\/27758\/revisions"}],"predecessor-version":[{"id":27760,"href":"https:\/\/multicredit.ch\/fr\/wp-json\/wp\/v2\/pages\/27758\/revisions\/27760"}],"up":[{"embeddable":true,"href":"https:\/\/multicredit.ch\/fr\/wp-json\/wp\/v2\/pages\/27580"}],"wp:attachment":[{"href":"https:\/\/multicredit.ch\/fr\/wp-json\/wp\/v2\/media?parent=27758"}],"wp:term":[{"taxonomy":"category","embeddable":true,"href":"https:\/\/multicredit.ch\/fr\/wp-json\/wp\/v2\/categories?post=27758"}],"curies":[{"name":"wp","href":"https:\/\/api.w.org\/{rel}","templated":true}]}}