{"id":27743,"date":"2025-01-08T15:54:32","date_gmt":"2025-01-08T15:54:32","guid":{"rendered":"https:\/\/multicredit.ch\/?page_id=27743"},"modified":"2025-01-08T15:56:54","modified_gmt":"2025-01-08T15:56:54","slug":"sion","status":"publish","type":"page","link":"https:\/\/multicredit.ch\/fr\/suisse\/valais\/sion\/","title":{"rendered":"Cr\u00e9dit Sion"},"content":{"rendered":"<section class=\"wpb-content-wrapper\">[vc_row][vc_column][vc_column_text]<\/p>\n<div class=\"flex max-w-full flex-col flex-grow\">\n<div class=\"min-h-8 text-message flex w-full flex-col items-end gap-2 whitespace-normal break-words text-start [.text-message+&amp;]:mt-5\" dir=\"auto\" data-message-author-role=\"assistant\" data-message-id=\"6e03e591-e351-45f2-96eb-a35a6c4462ea\" data-message-model-slug=\"gpt-4o\">\n<div class=\"flex w-full flex-col gap-1 empty:hidden first:pt-[3px]\">\n<div class=\"markdown prose w-full break-words dark:prose-invert light\">\n<p>Vous habitez <strong>Sion<\/strong>, c\u0153ur du Valais, et avez besoin d\u2019un financement pour r\u00e9aliser vos projets ? Que ce soit pour l\u2019achat d\u2019une voiture, des travaux de r\u00e9novation, ou pour mieux g\u00e9rer vos finances personnelles, <strong>MultiCredit<\/strong> est votre partenaire de confiance. Avec une expertise solide et une approche locale, nous accompagnons les habitants de Sion pour concr\u00e9tiser leurs projets en toute s\u00e9r\u00e9nit\u00e9.<\/p>\n<hr \/>\n<h3><span class=\"ez-toc-section\" id=\"Pourquoi_choisir_MultiCredit_pour_votre_credit_prive_a_Sion\"><\/span><strong>Pourquoi choisir MultiCredit pour votre cr\u00e9dit priv\u00e9 \u00e0 Sion ?<\/strong><span class=\"ez-toc-section-end\"><\/span><\/h3>\n<h4><strong>1. Une expertise \u00e9prouv\u00e9e en financement priv\u00e9<\/strong><\/h4>\n<p>Depuis des ann\u00e9es, <strong>MultiCredit<\/strong> accompagne les Suisses dans leurs besoins de financement, avec une attention particuli\u00e8re pour chaque situation. Nous offrons :<\/p>\n<ul>\n<li><strong>Des taux d\u2019int\u00e9r\u00eat comp\u00e9titifs :<\/strong> Profitez d\u2019un financement avantageux adapt\u00e9 \u00e0 vos besoins.<\/li>\n<li><strong>Des solutions sur mesure :<\/strong> Chaque demande est \u00e9tudi\u00e9e individuellement pour garantir une r\u00e9ponse parfaitement adapt\u00e9e \u00e0 vos attentes.<\/li>\n<li><strong>Un accompagnement personnalis\u00e9 :<\/strong> Nos conseillers vous accompagnent \u00e0 chaque \u00e9tape, de la soumission de votre demande jusqu\u2019\u00e0 la r\u00e9ception des fonds.<\/li>\n<\/ul>\n<h4><strong>2. Une d\u00e9marche rapide et simplifi\u00e9e<\/strong><\/h4>\n<p>\u00c0 Sion, nous savons que vos projets ne peuvent pas attendre. C\u2019est pourquoi MultiCredit simplifie le processus de demande :<\/p>\n<ul>\n<li><strong>Une demande facile et sans engagement :<\/strong> Remplissez un formulaire en ligne ou en agence en quelques minutes seulement.<\/li>\n<li><strong>Une r\u00e9ponse rapide :<\/strong> Vous recevez une d\u00e9cision dans un d\u00e9lai de 24 heures.<\/li>\n<li><strong>Un processus transparent :<\/strong> Aucun frais cach\u00e9, tout est clairement expliqu\u00e9 d\u00e8s le d\u00e9but.<\/li>\n<\/ul>\n<h4><strong>3. Un cr\u00e9dit pour tous vos besoins<\/strong><\/h4>\n<p>MultiCredit s\u2019adapte \u00e0 tous vos projets et besoins financiers :<\/p>\n<ul>\n<li><strong>Achat d\u2019un v\u00e9hicule :<\/strong> Financez votre voiture ou moto neuve ou d\u2019occasion.<\/li>\n<li><strong>Travaux de r\u00e9novation :<\/strong> Embellissez votre maison ou appartement.<\/li>\n<li><strong>Consolidation de dettes :<\/strong> Regroupez vos cr\u00e9dits en une seule mensualit\u00e9, plus facile \u00e0 g\u00e9rer.<\/li>\n<li><strong>Projets personnels :<\/strong> Qu\u2019il s\u2019agisse d\u2019un voyage, d\u2019\u00e9tudes ou de d\u00e9penses impr\u00e9vues, nous sommes l\u00e0 pour vous accompagner.<\/li>\n<\/ul>\n<hr \/>\n<h3><span class=\"ez-toc-section\" id=\"Pourquoi_les_habitants_de_Sion_font_confiance_a_MultiCredit\"><\/span><strong>Pourquoi les habitants de Sion font confiance \u00e0 MultiCredit ?<\/strong><span class=\"ez-toc-section-end\"><\/span><\/h3>\n<h4><strong>Une compr\u00e9hension des besoins locaux<\/strong><\/h4>\n<p>Sion, avec son dynamisme et sa qualit\u00e9 de vie, est une ville o\u00f9 les projets ne manquent pas. Que vous soyez salari\u00e9, ind\u00e9pendant ou retrait\u00e9, MultiCredit conna\u00eet les r\u00e9alit\u00e9s financi\u00e8res des habitants de la r\u00e9gion et propose des solutions adapt\u00e9es \u00e0 leurs besoins.<\/p>\n<h4><strong>Des solutions accessibles \u00e0 tous les profils<\/strong><\/h4>\n<p>Chez MultiCredit, nous croyons que chaque S\u00e9dunois m\u00e9rite un accompagnement personnalis\u00e9. M\u00eame si votre situation financi\u00e8re est complexe, nous mettons tout en \u0153uvre pour trouver une solution adapt\u00e9e.<\/p>\n<h4><strong>Un service de proximit\u00e9<\/strong><\/h4>\n<p>Avec notre approche humaine et locale, MultiCredit garantit une relation de confiance avec les habitants de Sion. Nos conseillers sont disponibles pour r\u00e9pondre \u00e0 vos questions et vous guider tout au long du processus.<\/p>\n<hr \/>\n<h3><span class=\"ez-toc-section\" id=\"Comment_obtenir_un_credit_prive_avec_MultiCredit_a_Sion\"><\/span><strong>Comment obtenir un cr\u00e9dit priv\u00e9 avec MultiCredit \u00e0 Sion ?<\/strong><span class=\"ez-toc-section-end\"><\/span><\/h3>\n<h4><strong>1. Pr\u00e9parez votre dossier<\/strong><\/h4>\n<p>Pour maximiser vos chances d\u2019obtenir un cr\u00e9dit, rassemblez les documents suivants :<\/p>\n<ul>\n<li>Une copie de votre carte d\u2019identit\u00e9 ou permis de s\u00e9jour (pour les r\u00e9sidents \u00e9trangers).<\/li>\n<li>Vos trois derni\u00e8res fiches de salaire ou justificatifs de revenus.<\/li>\n<li>Votre derni\u00e8re d\u00e9claration fiscale ou avis de taxation.<\/li>\n<li>Les documents relatifs \u00e0 vos dettes ou cr\u00e9dits en cours, le cas \u00e9ch\u00e9ant.<\/li>\n<\/ul>\n<h4><strong>2. Faites votre demande simplement<\/strong><\/h4>\n<ul>\n<li><strong>En ligne :<\/strong> Rendez-vous sur notre site internet pour remplir une demande rapide et sans engagement.<\/li>\n<li><strong>En agence :<\/strong> Pr\u00e9f\u00e9rez un contact direct ? Venez rencontrer nos conseillers pr\u00e8s de chez vous pour un entretien personnalis\u00e9.<\/li>\n<\/ul>\n<h4><strong>3. Recevez une r\u00e9ponse rapide<\/strong><\/h4>\n<p>Une fois votre demande soumise, nos experts l\u2019examineront avec attention et vous fourniront une r\u00e9ponse dans un d\u00e9lai de <strong>24 heures<\/strong>.<\/p>\n<h4><strong>4. Finalisez l\u2019accord et obtenez vos fonds<\/strong><\/h4>\n<p>Apr\u00e8s avoir accept\u00e9 les conditions et sign\u00e9 le contrat, les fonds seront d\u00e9bloqu\u00e9s rapidement et mis \u00e0 votre disposition pour concr\u00e9tiser vos projets.<\/p>\n<hr \/>\n<h3><span class=\"ez-toc-section\" id=\"Avantages_exclusifs_pour_les_habitants_de_Sion\"><\/span><strong>Avantages exclusifs pour les habitants de Sion<\/strong><span class=\"ez-toc-section-end\"><\/span><\/h3>\n<ol>\n<li><strong>Une approche locale :<\/strong> Nos conseillers comprennent les besoins sp\u00e9cifiques des S\u00e9dunois et adaptent les solutions \u00e0 leur r\u00e9alit\u00e9 \u00e9conomique.<\/li>\n<li><strong>Une r\u00e9ponse rapide et claire :<\/strong> Pas de perte de temps, vos projets avancent sans d\u00e9lai.<\/li>\n<li><strong>Un accompagnement humain :<\/strong> MultiCredit place la satisfaction de ses clients au centre de ses priorit\u00e9s.<\/li>\n<\/ol>\n<hr \/>\n<h3><span class=\"ez-toc-section\" id=\"Contactez_MultiCredit_des_aujourdhui_pour_votre_credit_prive_a_Sion\"><\/span><strong>Contactez MultiCredit d\u00e8s aujourd\u2019hui pour votre cr\u00e9dit priv\u00e9 \u00e0 Sion<\/strong><span class=\"ez-toc-section-end\"><\/span><\/h3>\n<p>Ne laissez pas vos projets en attente. Faites confiance \u00e0 <strong>MultiCredit<\/strong>, votre expert en financement priv\u00e9 \u00e0 Sion, pour des solutions rapides, simples et sur mesure.<\/p>\n<p>\ud83d\udcde <strong>Appelez-nous d\u00e8s maintenant au <span class=\"LrzXr zdqRlf kno-fv\"><a href=\"https:\/\/www.google.ch\/search?q=MultiCredit&amp;sca_esv=0da12726fba0ca1f&amp;source=hp&amp;ei=gJt-Z8WTFvOdhbIPke36wAU&amp;iflsig=AL9hbdgAAAAAZ36pkGFJvij2rO8bMT9_HO15-r-qsaJc&amp;ved=0ahUKEwjF042CuuaKAxXzTkEAHZG2HlgQ4dUDCBk&amp;uact=5&amp;oq=MultiCredit&amp;gs_lp=Egdnd3Mtd2l6IgtNdWx0aUNyZWRpdDILEC4YgAQYxwEYrwEyBBAAGB4yBBAAGB4yBBAAGB4yBBAAGB4yBBAAGB4yBBAAGB4yBBAAGB4yBhAAGAoYHjIEEAAYHkj4F1AAWL4XcAB4AJABAJgB_AGgAfAKqgEFMi43LjG4AQPIAQD4AQGYAgqgAp4LwgILEAAYgAQYsQMYgwHCAg4QLhiABBixAxiDARiKBcICERAuGIAEGLEDGNEDGIMBGMcBwgIOEC4YgAQYsQMY0QMYxwHCAgUQABiABMICCxAuGIAEGLEDGIMBwgIIEC4YgAQYsQPCAggQABiABBixA8ICBRAuGIAEwgILEC4YgAQYsQMY1ALCAgcQABiABBgKmAMAkgcFMS44LjGgB71y&amp;sclient=gws-wiz#\" data-dtype=\"d3ph\" data-local-attribute=\"d3ph\" data-ved=\"2ahUKEwjCm46EuuaKAxU_zwIHHfbWHigQkAgoAHoECDIQAg\" target=\"_blank\" rel=\"noopener\"><span aria-label=\"Appeler le 026 322 23 00\">026 322 23 00<\/span><\/a><\/span><\/strong> pour un conseil personnalis\u00e9.<br \/>\n\ud83d\udcbb <strong>Faites une demande en ligne<\/strong> sur <a href=\"http:\/\/www.multicredit.ch\" target=\"_new\" rel=\"noopener\">www.multicredit.ch<\/a>.<br \/>\n\ud83d\udccd <strong>Visitez notre agence la plus proche<\/strong> pour une assistance compl\u00e8te et adapt\u00e9e.<\/p>\n<p>Avec MultiCredit, vos projets \u00e0 <strong>Sion<\/strong> deviennent r\u00e9alit\u00e9, en toute s\u00e9r\u00e9nit\u00e9 et transparence. \ud83d\ude80<\/p>\n<p>#MultiCreditSion #Cr\u00e9ditPriv\u00e9 #FinancementValais #ProjetPersonnel #SolutionsDeFinancement #S\u00e9dunois<\/p>\n<\/div>\n<\/div>\n<\/div>\n<\/div>\n<div class=\"mb-2 flex gap-3 empty:hidden -ml-2\">\n<div class=\"items-center justify-start rounded-xl p-1 flex\">\n<div class=\"flex items-center\"><\/div>\n<\/div>\n<\/div>\n<p>[\/vc_column_text][\/vc_column][\/vc_row]<\/section>\n","protected":false},"excerpt":{"rendered":"<p>[vc_row][vc_column][vc_column_text] Vous habitez Sion, c\u0153ur du Valais, et avez besoin d\u2019un financement pour r\u00e9aliser vos projets ? Que ce soit pour l\u2019achat d\u2019une voiture, des travaux de r\u00e9novation, ou pour mieux g\u00e9rer vos finances personnelles, MultiCredit est votre partenaire de confiance. Avec une expertise solide et une approche locale, nous accompagnons les habitants de Sion [&hellip;]<\/p>\n","protected":false},"author":25,"featured_media":0,"parent":27741,"menu_order":-3,"comment_status":"closed","ping_status":"closed","template":"template-form.php","meta":{"inline_featured_image":false,"footnotes":"","_links_to":"","_links_to_target":""},"categories":[33],"class_list":["post-27743","page","type-page","status-publish","hentry","category-credit"],"_links":{"self":[{"href":"https:\/\/multicredit.ch\/fr\/wp-json\/wp\/v2\/pages\/27743","targetHints":{"allow":["GET"]}}],"collection":[{"href":"https:\/\/multicredit.ch\/fr\/wp-json\/wp\/v2\/pages"}],"about":[{"href":"https:\/\/multicredit.ch\/fr\/wp-json\/wp\/v2\/types\/page"}],"author":[{"embeddable":true,"href":"https:\/\/multicredit.ch\/fr\/wp-json\/wp\/v2\/users\/25"}],"replies":[{"embeddable":true,"href":"https:\/\/multicredit.ch\/fr\/wp-json\/wp\/v2\/comments?post=27743"}],"version-history":[{"count":4,"href":"https:\/\/multicredit.ch\/fr\/wp-json\/wp\/v2\/pages\/27743\/revisions"}],"predecessor-version":[{"id":27747,"href":"https:\/\/multicredit.ch\/fr\/wp-json\/wp\/v2\/pages\/27743\/revisions\/27747"}],"up":[{"embeddable":true,"href":"https:\/\/multicredit.ch\/fr\/wp-json\/wp\/v2\/pages\/27741"}],"wp:attachment":[{"href":"https:\/\/multicredit.ch\/fr\/wp-json\/wp\/v2\/media?parent=27743"}],"wp:term":[{"taxonomy":"category","embeddable":true,"href":"https:\/\/multicredit.ch\/fr\/wp-json\/wp\/v2\/categories?post=27743"}],"curies":[{"name":"wp","href":"https:\/\/api.w.org\/{rel}","templated":true}]}}