{"id":27738,"date":"2025-01-08T15:37:28","date_gmt":"2025-01-08T15:37:28","guid":{"rendered":"https:\/\/multicredit.ch\/?page_id=27738"},"modified":"2026-04-20T18:21:35","modified_gmt":"2026-04-20T18:21:35","slug":"yverdon","status":"publish","type":"page","link":"https:\/\/multicredit.ch\/fr\/suisse\/vaud\/yverdon\/","title":{"rendered":"Yverdon les Bains"},"content":{"rendered":"<section class=\"wpb-content-wrapper\">[vc_row][vc_column][vc_column_text]Vous habitez <strong>Yverdon-les-Bains<\/strong> et avez besoin d\u2019un financement pour r\u00e9aliser vos projets ? Que ce soit pour un achat important, des travaux, ou simplement pour mieux g\u00e9rer vos finances, <strong>MultiCredit<\/strong>, sp\u00e9cialiste du cr\u00e9dit priv\u00e9 en Suisse, est l\u00e0 pour vous accompagner. Gr\u00e2ce \u00e0 une expertise solide et une approche personnalis\u00e9e, nous proposons des solutions adapt\u00e9es aux besoins des habitants d&#8217;Yverdon et du canton de Vaud.<\/p>\n<hr \/>\n<h3><span class=\"ez-toc-section\" id=\"Pourquoi_choisir_MultiCredit_pour_votre_credit_prive\"><\/span><strong>Pourquoi choisir MultiCredit pour votre cr\u00e9dit priv\u00e9 ?<\/strong><span class=\"ez-toc-section-end\"><\/span><\/h3>\n<h4><strong>1. Une expertise reconnue en financement priv\u00e9<\/strong><\/h4>\n<p>Chez MultiCredit, nous comprenons que chaque projet est unique. Avec plusieurs ann\u00e9es d\u2019exp\u00e9rience dans le domaine du cr\u00e9dit priv\u00e9, nous avons d\u00e9velopp\u00e9 une expertise pour r\u00e9pondre aux besoins vari\u00e9s de nos clients. Voici ce que nous offrons :<\/p>\n<ul>\n<li><strong>Des taux d\u2019int\u00e9r\u00eat comp\u00e9titifs :<\/strong> Profitez de solutions de financement avantageuses.<\/li>\n<li><strong>Des options personnalis\u00e9es :<\/strong> Chaque dossier est \u00e9tudi\u00e9 avec soin pour proposer une offre adapt\u00e9e \u00e0 vos besoins sp\u00e9cifiques.<\/li>\n<li><strong>Un accompagnement complet :<\/strong> De la soumission de votre demande jusqu\u2019\u00e0 la r\u00e9ception des fonds, nos experts vous guident \u00e0 chaque \u00e9tape.<\/li>\n<\/ul>\n<h4><strong>2. Une solution simple et rapide<\/strong><\/h4>\n<p>Nous savons que votre temps est pr\u00e9cieux. C\u2019est pourquoi MultiCredit a simplifi\u00e9 le processus de demande de cr\u00e9dit :<\/p>\n<ul>\n<li><strong>Un formulaire rapide et sans engagement :<\/strong> En ligne ou en agence, il ne vous faut que quelques minutes pour d\u00e9marrer.<\/li>\n<li><strong>Une r\u00e9ponse rapide :<\/strong> Nous nous engageons \u00e0 vous fournir une r\u00e9ponse sous 24 heures.<\/li>\n<li><strong>Un processus transparent :<\/strong> Pas de frais cach\u00e9s ni de surprises, tout est clair d\u00e8s le d\u00e9but.<\/li>\n<\/ul>\n<h4><strong>3. Des solutions pour tous vos projets<\/strong><\/h4>\n<p>MultiCredit s\u2019adresse \u00e0 toutes les situations et projets :<\/p>\n<ul>\n<li>Financement de votre voiture ou moto.<\/li>\n<li>Travaux de r\u00e9novation ou d\u2019am\u00e9nagement.<\/li>\n<li>Consolidation de dettes pour simplifier vos remboursements avec une mensualit\u00e9 unique.<\/li>\n<li>Projets personnels tels que voyages, \u00e9tudes ou impr\u00e9vus financiers.<\/li>\n<\/ul>\n<hr \/>\n<h3><span class=\"ez-toc-section\" id=\"Pourquoi_les_habitants_dYverdon-les-Bains_choisissent_MultiCredit\"><\/span><strong>Pourquoi les habitants d\u2019Yverdon-les-Bains choisissent MultiCredit ?<\/strong><span class=\"ez-toc-section-end\"><\/span><\/h3>\n<h4><strong>Une approche locale et humaine<\/strong><\/h4>\n<p>En tant que ville majeure du canton de Vaud, <strong>Yverdon-les-Bains<\/strong> regorge d\u2019opportunit\u00e9s et de projets. Que vous soyez salari\u00e9, ind\u00e9pendant, retrait\u00e9 ou jeune actif, MultiCredit est \u00e0 vos c\u00f4t\u00e9s pour vous offrir des solutions adapt\u00e9es \u00e0 votre profil et \u00e0 vos ambitions.<\/p>\n<h4><strong>Accessibilit\u00e9 et proximit\u00e9<\/strong><\/h4>\n<ul>\n<li>MultiCredit conna\u00eet les d\u00e9fis sp\u00e9cifiques de la r\u00e9gion et propose des solutions qui r\u00e9pondent aux besoins financiers des habitants d\u2019Yverdon.<\/li>\n<li>Nos conseillers sont disponibles pour r\u00e9pondre \u00e0 vos questions et vous accompagner dans toutes les \u00e9tapes du financement.<\/li>\n<\/ul>\n<h4><strong>Des solutions adapt\u00e9es \u00e0 tous les profils<\/strong><\/h4>\n<p>Chez MultiCredit, nous croyons que chaque projet m\u00e9rite une solution. Peu importe votre situation financi\u00e8re ou vos ant\u00e9c\u00e9dents, nous \u00e9tudions votre dossier avec soin pour trouver une r\u00e9ponse adapt\u00e9e.<\/p>\n<hr \/>\n<h3><span class=\"ez-toc-section\" id=\"Comment_faire_une_demande_de_credit_avec_MultiCredit_a_Yverdon-les-Bains\"><\/span><strong>Comment faire une demande de cr\u00e9dit avec MultiCredit \u00e0 Yverdon-les-Bains ?<\/strong><span class=\"ez-toc-section-end\"><\/span><\/h3>\n<h4><strong>1. Pr\u00e9parez vos documents n\u00e9cessaires<\/strong><\/h4>\n<p>Pour soumettre une demande de cr\u00e9dit, rassemblez les documents suivants :<\/p>\n<ul>\n<li>Une copie de votre carte d\u2019identit\u00e9 ou permis de s\u00e9jour.<\/li>\n<li>Vos trois derni\u00e8res fiches de salaire ou justificatifs de revenus.<\/li>\n<li>Votre derni\u00e8re d\u00e9claration fiscale ou avis de taxation.<\/li>\n<li>Si applicable, vos relev\u00e9s de dettes ou cr\u00e9dits en cours.<\/li>\n<\/ul>\n<h4><strong>2. Faites une demande simple et rapide<\/strong><\/h4>\n<ul>\n<li><strong>En ligne :<\/strong> Rendez-vous sur notre site internet et remplissez un formulaire en quelques minutes.<\/li>\n<li><strong>En agence :<\/strong> Pr\u00e9f\u00e9rez un contact humain ? Rencontrez nos conseillers pour un entretien personnalis\u00e9.<\/li>\n<\/ul>\n<h4><strong>3. Obtenez une r\u00e9ponse rapide<\/strong><\/h4>\n<p>MultiCredit s\u2019engage \u00e0 traiter votre demande avec diligence et \u00e0 fournir une r\u00e9ponse sous 24 heures. Que vous ayez besoin d\u2019un petit financement ou d\u2019un montant plus important, nous vous accompagnons \u00e0 chaque \u00e9tape.<\/p>\n<h4><strong>4. Recevez vos fonds rapidement<\/strong><\/h4>\n<p>Une fois votre demande approuv\u00e9e et le contrat sign\u00e9, les fonds sont rapidement transf\u00e9r\u00e9s sur votre compte, pr\u00eats \u00e0 \u00eatre utilis\u00e9s pour concr\u00e9tiser vos projets.<\/p>\n<hr \/>\n<h3><span class=\"ez-toc-section\" id=\"Nos_avantages_exclusifs_pour_les_habitants_dYverdon-les-Bains\"><\/span><strong>Nos avantages exclusifs pour les habitants d\u2019Yverdon-les-Bains<\/strong><span class=\"ez-toc-section-end\"><\/span><\/h3>\n<ol>\n<li><strong>Un service local et de confiance :<\/strong> Nous comprenons vos besoins sp\u00e9cifiques en tant qu\u2019habitants de la r\u00e9gion.<\/li>\n<li><strong>Des taux sur mesure :<\/strong> Profitez de solutions comp\u00e9titives adapt\u00e9es \u00e0 votre situation financi\u00e8re.<\/li>\n<li><strong>Un accompagnement humain :<\/strong> Nos conseillers sont \u00e0 votre disposition pour vous aider \u00e0 naviguer dans le processus en toute s\u00e9r\u00e9nit\u00e9.<\/li>\n<\/ol>\n<hr \/>\n<h3><span class=\"ez-toc-section\" id=\"Contactez_MultiCredit_des_aujourdhui_et_concretisez_vos_projets\"><\/span><strong>Contactez MultiCredit d\u00e8s aujourd\u2019hui et concr\u00e9tisez vos projets !<\/strong><span class=\"ez-toc-section-end\"><\/span><\/h3>\n<p>Ne laissez pas vos id\u00e9es ou besoins financiers en attente. Faites confiance \u00e0 MultiCredit pour des solutions rapides, simples et sur mesure.<\/p>\n<p>\ud83d\udcde <strong>Appelez-nous au <span class=\"LrzXr zdqRlf kno-fv\"><a href=\"https:\/\/www.google.ch\/search?q=MultiCredit&amp;sca_esv=0da12726fba0ca1f&amp;source=hp&amp;ei=gJt-Z8WTFvOdhbIPke36wAU&amp;iflsig=AL9hbdgAAAAAZ36pkGFJvij2rO8bMT9_HO15-r-qsaJc&amp;ved=0ahUKEwjF042CuuaKAxXzTkEAHZG2HlgQ4dUDCBk&amp;uact=5&amp;oq=MultiCredit&amp;gs_lp=Egdnd3Mtd2l6IgtNdWx0aUNyZWRpdDILEC4YgAQYxwEYrwEyBBAAGB4yBBAAGB4yBBAAGB4yBBAAGB4yBBAAGB4yBBAAGB4yBBAAGB4yBhAAGAoYHjIEEAAYHkj4F1AAWL4XcAB4AJABAJgB_AGgAfAKqgEFMi43LjG4AQPIAQD4AQGYAgqgAp4LwgILEAAYgAQYsQMYgwHCAg4QLhiABBixAxiDARiKBcICERAuGIAEGLEDGNEDGIMBGMcBwgIOEC4YgAQYsQMY0QMYxwHCAgUQABiABMICCxAuGIAEGLEDGIMBwgIIEC4YgAQYsQPCAggQABiABBixA8ICBRAuGIAEwgILEC4YgAQYsQMY1ALCAgcQABiABBgKmAMAkgcFMS44LjGgB71y&amp;sclient=gws-wiz#\" data-dtype=\"d3ph\" data-local-attribute=\"d3ph\" data-ved=\"2ahUKEwjCm46EuuaKAxU_zwIHHfbWHigQkAgoAHoECDIQAg\" target=\"_blank\" rel=\"noopener\"><span aria-label=\"Appeler le 026 322 23 00\">026 322 23 00<\/span><\/a><\/span> <\/strong>pour un entretien personnalis\u00e9.<br \/>\n\ud83d\udcbb <strong>Soumettez une demande en ligne<\/strong> sur notre site web : <a href=\"http:\/\/www.multicredit.ch\" target=\"_new\" rel=\"noopener\">www.multicredit.ch<\/a>.<br \/>\n\ud83d\udccd <strong>Rendez-vous dans l\u2019agence la plus proche<\/strong> pour rencontrer nos conseillers et discuter de vos besoins.<\/p>\n<p>Avec <strong>MultiCredit<\/strong>, vos projets \u00e0 <strong>Yverdon-les-Bains<\/strong> deviennent r\u00e9alit\u00e9, en toute transparence et simplicit\u00e9. \ud83d\ude80[\/vc_column_text][\/vc_column][\/vc_row]<\/section>\n","protected":false},"excerpt":{"rendered":"<p>[vc_row][vc_column][vc_column_text]Vous habitez Yverdon-les-Bains et avez besoin d\u2019un financement pour r\u00e9aliser vos projets ? Que ce soit pour un achat important, des travaux, ou simplement pour mieux g\u00e9rer vos finances, MultiCredit, sp\u00e9cialiste du cr\u00e9dit priv\u00e9 en Suisse, est l\u00e0 pour vous accompagner. Gr\u00e2ce \u00e0 une expertise solide et une approche personnalis\u00e9e, nous proposons des solutions adapt\u00e9es [&hellip;]<\/p>\n","protected":false},"author":25,"featured_media":0,"parent":27564,"menu_order":-3,"comment_status":"closed","ping_status":"closed","template":"template-form.php","meta":{"inline_featured_image":false,"footnotes":"","_links_to":"","_links_to_target":""},"categories":[33],"class_list":["post-27738","page","type-page","status-publish","hentry","category-credit"],"_links":{"self":[{"href":"https:\/\/multicredit.ch\/fr\/wp-json\/wp\/v2\/pages\/27738","targetHints":{"allow":["GET"]}}],"collection":[{"href":"https:\/\/multicredit.ch\/fr\/wp-json\/wp\/v2\/pages"}],"about":[{"href":"https:\/\/multicredit.ch\/fr\/wp-json\/wp\/v2\/types\/page"}],"author":[{"embeddable":true,"href":"https:\/\/multicredit.ch\/fr\/wp-json\/wp\/v2\/users\/25"}],"replies":[{"embeddable":true,"href":"https:\/\/multicredit.ch\/fr\/wp-json\/wp\/v2\/comments?post=27738"}],"version-history":[{"count":1,"href":"https:\/\/multicredit.ch\/fr\/wp-json\/wp\/v2\/pages\/27738\/revisions"}],"predecessor-version":[{"id":27739,"href":"https:\/\/multicredit.ch\/fr\/wp-json\/wp\/v2\/pages\/27738\/revisions\/27739"}],"up":[{"embeddable":true,"href":"https:\/\/multicredit.ch\/fr\/wp-json\/wp\/v2\/pages\/27564"}],"wp:attachment":[{"href":"https:\/\/multicredit.ch\/fr\/wp-json\/wp\/v2\/media?parent=27738"}],"wp:term":[{"taxonomy":"category","embeddable":true,"href":"https:\/\/multicredit.ch\/fr\/wp-json\/wp\/v2\/categories?post=27738"}],"curies":[{"name":"wp","href":"https:\/\/api.w.org\/{rel}","templated":true}]}}