{"id":27674,"date":"2024-12-17T20:44:32","date_gmt":"2024-12-17T20:44:32","guid":{"rendered":"https:\/\/multicredit.ch\/?page_id=27674"},"modified":"2024-12-17T20:44:32","modified_gmt":"2024-12-17T20:44:32","slug":"le-locle","status":"publish","type":"page","link":"https:\/\/multicredit.ch\/fr\/suisse\/neuchatel\/le-locle\/","title":{"rendered":"Cr\u00e9dit Le Locle"},"content":{"rendered":"<section class=\"wpb-content-wrapper\">[vc_row][vc_column][vc_column_text]Depuis <strong>1999<\/strong>, <strong>MultiCredit<\/strong> accompagne les habitants du <strong>Locle<\/strong>, ville historique et dynamique du canton de Neuch\u00e2tel, en proposant des solutions de <strong>cr\u00e9dit priv\u00e9<\/strong>, <strong>cr\u00e9dit auto<\/strong> et <strong>cartes de cr\u00e9dit<\/strong> sur-mesure. Gr\u00e2ce \u00e0 une expertise reconnue, une approche personnalis\u00e9e et une transparence totale, MultiCredit se positionne comme un <strong>partenaire de confiance<\/strong> pour r\u00e9aliser vos projets, quelle que soit votre situation financi\u00e8re.<\/p>\n<hr \/>\n<h2><span class=\"ez-toc-section\" id=\"Un_acteur_local_a_votre_ecoute_pour_votre_credit_sur_Le_Locle\"><\/span><strong>Un acteur local \u00e0 votre \u00e9coute pour votre cr\u00e9dit sur Le Locle<br \/>\n<\/strong><span class=\"ez-toc-section-end\"><\/span><\/h2>\n<p>MultiCredit conna\u00eet les besoins sp\u00e9cifiques des r\u00e9sidents du <strong>Locle<\/strong> et s\u2019engage \u00e0 fournir un service de <strong>proximit\u00e9<\/strong> qui combine <strong>\u00e9coute active<\/strong>, <strong>accompagnement personnalis\u00e9<\/strong> et <strong>rapidit\u00e9 de traitement<\/strong>. Vous b\u00e9n\u00e9ficiez d\u2019une \u00e9quipe de conseillers experts qui met tout en \u0153uvre pour trouver <strong>la solution de financement id\u00e9ale<\/strong>.<\/p>\n<hr \/>\n<h2><span class=\"ez-toc-section\" id=\"Le_credit_prive_flexibilite_et_simplicite\"><\/span><strong>Le cr\u00e9dit priv\u00e9 : flexibilit\u00e9 et simplicit\u00e9<\/strong><span class=\"ez-toc-section-end\"><\/span><\/h2>\n<p>MultiCredit propose aux habitants du Locle des solutions de <strong>cr\u00e9dit priv\u00e9<\/strong> rapides et adapt\u00e9es :<\/p>\n<ul>\n<li><strong>Mensualit\u00e9s flexibles<\/strong> : Ajustez vos remboursements en fonction de vos revenus pour pr\u00e9server votre \u00e9quilibre financier.<\/li>\n<li><strong>Taux comp\u00e9titifs<\/strong> : B\u00e9n\u00e9ficiez des <strong>meilleures conditions<\/strong> gr\u00e2ce \u00e0 un r\u00e9seau \u00e9tendu de partenaires financiers.<\/li>\n<li><strong>Traitement rapide des dossiers<\/strong> : Votre demande est \u00e9tudi\u00e9e en <strong>48 heures<\/strong> pour une r\u00e9ponse claire et efficace.<\/li>\n<li><strong>Transparence totale<\/strong> : Aucune mauvaise surprise, toutes les conditions sont expliqu\u00e9es avant la signature.<\/li>\n<\/ul>\n<p>Que ce soit pour financer des travaux, des \u00e9tudes, un projet personnel ou g\u00e9rer une d\u00e9pense impr\u00e9vue, <strong>MultiCredit<\/strong> est votre alli\u00e9 pour avancer avec s\u00e9r\u00e9nit\u00e9.<\/p>\n<hr \/>\n<h2><span class=\"ez-toc-section\" id=\"Le_credit_auto_la_solution_pour_acquerir_le_vehicule_de_vos_reves\"><\/span><strong>Le cr\u00e9dit auto : la solution pour acqu\u00e9rir le v\u00e9hicule de vos r\u00eaves<\/strong><span class=\"ez-toc-section-end\"><\/span><\/h2>\n<p>Pour les habitants du Locle qui souhaitent acheter une voiture, qu\u2019elle soit <strong>neuve ou d\u2019occasion<\/strong>, MultiCredit propose des <strong>solutions de <a href=\"https:\/\/multicredit.ch\/fr\/credit\/credit-vehicule\/financement-automobile\/\">cr\u00e9dit auto<\/a><\/strong> sur-mesure :<\/p>\n<ul>\n<li><strong>Taux avantageux<\/strong> : Des offres n\u00e9goci\u00e9es pour vous garantir les <strong>meilleures conditions financi\u00e8res<\/strong>.<\/li>\n<li><strong>Remboursements flexibles<\/strong> : Des mensualit\u00e9s adapt\u00e9es \u00e0 votre capacit\u00e9 budg\u00e9taire.<\/li>\n<li><strong>Proc\u00e9dures simplifi\u00e9es<\/strong> : Une r\u00e9ponse rapide pour financer votre voiture sans attente inutile.<\/li>\n<li><strong>Accompagnement complet<\/strong> : De l\u2019\u00e9tude du dossier jusqu\u2019au versement des fonds, vous \u00eates guid\u00e9 \u00e0 chaque \u00e9tape pour concr\u00e9tiser votre achat.<\/li>\n<\/ul>\n<p>Avec MultiCredit, r\u00e9alisez votre r\u00eave automobile en toute tranquillit\u00e9.<\/p>\n<hr \/>\n<h2><span class=\"ez-toc-section\" id=\"Cartes_de_credit_modernes_securisees_et_avantageuses\"><\/span><strong>Cartes de cr\u00e9dit : modernes, s\u00e9curis\u00e9es et avantageuses<\/strong><span class=\"ez-toc-section-end\"><\/span><\/h2>\n<p>MultiCredit propose des <strong>cartes de cr\u00e9dit adapt\u00e9es<\/strong> pour vous permettre de g\u00e9rer vos paiements au quotidien avec flexibilit\u00e9 :<\/p>\n<ul>\n<li><strong>Paiements sans contact<\/strong> : Une solution rapide, moderne et s\u00e9curis\u00e9e pour vos achats.<\/li>\n<li><strong>Montants d\u00e9biteurs flexibles<\/strong> : Remboursez entre <strong>10% et 15% du solde ouvert<\/strong>, en fonction de vos capacit\u00e9s.<\/li>\n<li><strong>R\u00e9serve financi\u00e8re<\/strong> : Acc\u00e9dez \u00e0 une <strong>marge de cr\u00e9dit \u00e9lev\u00e9e<\/strong> pour couvrir des besoins ponctuels ou des impr\u00e9vus.<\/li>\n<li><strong>Suivi en ligne en temps r\u00e9el<\/strong> : Visualisez vos transactions et suivez votre solde facilement.<\/li>\n<li><strong>Assistance 24\/7<\/strong> : Un service client d\u00e9di\u00e9 pour r\u00e9pondre \u00e0 vos questions et vous assister dans vos d\u00e9marches.<\/li>\n<\/ul>\n<p>Ces <a href=\"https:\/\/multicredit.ch\/fr\/credit\/offre-credit\/carte-de-credit\/\">cartes de cr\u00e9dit<\/a> sont id\u00e9ales pour g\u00e9rer vos d\u00e9penses en toute simplicit\u00e9, que ce soit au Locle, en Suisse ou \u00e0 l\u2019\u00e9tranger.<\/p>\n<hr \/>\n<h3><span class=\"ez-toc-section\" id=\"Des_solutions_pensees_pour_les_habitants_du_Locle\"><\/span><strong>Des solutions pens\u00e9es pour les habitants du Locle<\/strong><span class=\"ez-toc-section-end\"><\/span><\/h3>\n<ol>\n<li><strong>Un conseiller d\u00e9di\u00e9<\/strong> : MultiCredit attribue un expert pour suivre votre dossier de A \u00e0 Z.<\/li>\n<li><strong>Transparence et confiance<\/strong> : Vous b\u00e9n\u00e9ficiez d\u2019un accompagnement clair et de conditions expliqu\u00e9es en toute transparence.<\/li>\n<li><strong>Des offres adapt\u00e9es \u00e0 tous les profils<\/strong> : Salari\u00e9s, ind\u00e9pendants, \u00e9tudiants ou retrait\u00e9s, MultiCredit propose des solutions adapt\u00e9es \u00e0 votre situation.<\/li>\n<li><strong>Rapidit\u00e9 et efficacit\u00e9<\/strong> : Les demandes sont trait\u00e9es dans les meilleurs d\u00e9lais pour une satisfaction imm\u00e9diate.<\/li>\n<\/ol>\n<hr \/>\n<h3><span class=\"ez-toc-section\" id=\"Une_demarche_simple_et_rapide\"><\/span><strong>Une d\u00e9marche simple et rapide<\/strong><span class=\"ez-toc-section-end\"><\/span><\/h3>\n<p>Obtenir votre <strong>cr\u00e9dit priv\u00e9<\/strong>, <strong>cr\u00e9dit auto<\/strong> ou votre <strong>carte de cr\u00e9dit<\/strong> n\u2019a jamais \u00e9t\u00e9 aussi facile pour les habitants du Locle :<\/p>\n<ol>\n<li><strong>Soumission rapide<\/strong> de votre dossier en ligne ou en agence.<\/li>\n<li><strong>Analyse personnalis\u00e9e<\/strong> pour trouver l\u2019offre la plus avantageuse.<\/li>\n<li><strong>Validation rapide<\/strong> avec un d\u00e9lai de r\u00e9ponse sous 48 heures.<\/li>\n<li><strong>Versement des fonds ou activation imm\u00e9diate<\/strong> de votre carte de cr\u00e9dit.<\/li>\n<\/ol>\n<hr \/>\n<h3><span class=\"ez-toc-section\" id=\"La_confiance_au_coeur_des_services_MultiCredit\"><\/span><strong>La confiance au c\u0153ur des services MultiCredit<\/strong><span class=\"ez-toc-section-end\"><\/span><\/h3>\n<p>Depuis plus de <strong>20 ans<\/strong>, <strong>MultiCredit<\/strong> place la <strong>satisfaction client<\/strong>, l\u2019<strong>\u00e9coute<\/strong> et la <strong>proximit\u00e9<\/strong> au c\u0153ur de ses services. Que ce soit pour un cr\u00e9dit priv\u00e9 flexible, un financement automobile ou une carte de cr\u00e9dit s\u00e9curis\u00e9e, les habitants du Locle peuvent compter sur une \u00e9quipe de sp\u00e9cialistes pour les guider dans leurs projets financiers en toute s\u00e9r\u00e9nit\u00e9.<\/p>\n<hr \/>\n<p><strong>MultiCredit : votre partenaire de confiance au Locle pour concr\u00e9tiser vos projets financiers en toute simplicit\u00e9, avec des solutions transparentes et adapt\u00e9es \u00e0 vos besoins.<\/strong>[\/vc_column_text][\/vc_column][\/vc_row]<\/section>\n","protected":false},"excerpt":{"rendered":"<p>[vc_row][vc_column][vc_column_text]Depuis 1999, MultiCredit accompagne les habitants du Locle, ville historique et dynamique du canton de Neuch\u00e2tel, en proposant des solutions de cr\u00e9dit priv\u00e9, cr\u00e9dit auto et cartes de cr\u00e9dit sur-mesure. Gr\u00e2ce \u00e0 une expertise reconnue, une approche personnalis\u00e9e et une transparence totale, MultiCredit se positionne comme un partenaire de confiance pour r\u00e9aliser vos projets, quelle [&hellip;]<\/p>\n","protected":false},"author":25,"featured_media":0,"parent":27577,"menu_order":-3,"comment_status":"closed","ping_status":"closed","template":"template-form.php","meta":{"inline_featured_image":false,"footnotes":"","_links_to":"","_links_to_target":""},"categories":[33],"class_list":["post-27674","page","type-page","status-publish","hentry","category-credit"],"_links":{"self":[{"href":"https:\/\/multicredit.ch\/fr\/wp-json\/wp\/v2\/pages\/27674","targetHints":{"allow":["GET"]}}],"collection":[{"href":"https:\/\/multicredit.ch\/fr\/wp-json\/wp\/v2\/pages"}],"about":[{"href":"https:\/\/multicredit.ch\/fr\/wp-json\/wp\/v2\/types\/page"}],"author":[{"embeddable":true,"href":"https:\/\/multicredit.ch\/fr\/wp-json\/wp\/v2\/users\/25"}],"replies":[{"embeddable":true,"href":"https:\/\/multicredit.ch\/fr\/wp-json\/wp\/v2\/comments?post=27674"}],"version-history":[{"count":1,"href":"https:\/\/multicredit.ch\/fr\/wp-json\/wp\/v2\/pages\/27674\/revisions"}],"predecessor-version":[{"id":27675,"href":"https:\/\/multicredit.ch\/fr\/wp-json\/wp\/v2\/pages\/27674\/revisions\/27675"}],"up":[{"embeddable":true,"href":"https:\/\/multicredit.ch\/fr\/wp-json\/wp\/v2\/pages\/27577"}],"wp:attachment":[{"href":"https:\/\/multicredit.ch\/fr\/wp-json\/wp\/v2\/media?parent=27674"}],"wp:term":[{"taxonomy":"category","embeddable":true,"href":"https:\/\/multicredit.ch\/fr\/wp-json\/wp\/v2\/categories?post=27674"}],"curies":[{"name":"wp","href":"https:\/\/api.w.org\/{rel}","templated":true}]}}