{"id":27671,"date":"2024-12-17T20:28:56","date_gmt":"2024-12-17T20:28:56","guid":{"rendered":"https:\/\/multicredit.ch\/?page_id=27671"},"modified":"2024-12-17T20:34:46","modified_gmt":"2024-12-17T20:34:46","slug":"chaux-de-fonds","status":"publish","type":"page","link":"https:\/\/multicredit.ch\/fr\/suisse\/neuchatel\/chaux-de-fonds\/","title":{"rendered":"Cr\u00e9dit La Chaux-de-Fonds"},"content":{"rendered":"<section class=\"wpb-content-wrapper\">[vc_row][vc_column][vc_column_text]Depuis <strong>1999<\/strong>, <strong>MultiCredit<\/strong> s\u2019est impos\u00e9 comme un acteur de r\u00e9f\u00e9rence pour les habitants de <strong>La Chaux-de-Fonds<\/strong> en mati\u00e8re de <strong>cr\u00e9dit priv\u00e9<\/strong>, <strong>cr\u00e9dit auto<\/strong> et <strong>cartes de cr\u00e9dit<\/strong>. Gr\u00e2ce \u00e0 une \u00e9quipe \u00e0 l\u2019\u00e9coute, une expertise locale et des solutions adapt\u00e9es, MultiCredit permet \u00e0 chacun de concr\u00e9tiser ses projets, en toute s\u00e9r\u00e9nit\u00e9 et avec un accompagnement sur-mesure.<\/p>\n<hr \/>\n<h2><span class=\"ez-toc-section\" id=\"Une_expertise_financiere_locale_pour_votre_credit_a_La_Chaux-de-Fonds\"><\/span><strong>Une expertise financi\u00e8re locale pour votre cr\u00e9dit \u00e0 La Chaux-de-Fonds<\/strong><span class=\"ez-toc-section-end\"><\/span><\/h2>\n<p>MultiCredit comprend les besoins sp\u00e9cifiques des r\u00e9sidents de <strong>La Chaux-de-Fonds<\/strong>. Ville dynamique du canton de Neuch\u00e2tel, elle m\u00e9rite un partenaire de confiance capable de r\u00e9pondre aux attentes des particuliers et des familles. L\u2019\u00e9quipe MultiCredit offre ainsi des solutions financi\u00e8res <strong>sur-mesure<\/strong>, quelle que soit votre situation ou l\u2019envergure de votre projet.<\/p>\n<hr \/>\n<h2><span class=\"ez-toc-section\" id=\"Credit_prive_Une_solution_simple_et_transparente\"><\/span><strong>Cr\u00e9dit priv\u00e9 : Une solution simple et transparente<\/strong><span class=\"ez-toc-section-end\"><\/span><\/h2>\n<p>Avec MultiCredit, le <strong>cr\u00e9dit priv\u00e9<\/strong> devient accessible, rapide et adapt\u00e9 \u00e0 votre budget :<\/p>\n<ul>\n<li><strong>Mensualit\u00e9s flexibles :<\/strong> Des remboursements ajust\u00e9s \u00e0 votre rythme pour pr\u00e9server votre pouvoir d\u2019achat.<\/li>\n<li><strong>Taux d\u2019int\u00e9r\u00eat comp\u00e9titifs :<\/strong> Gr\u00e2ce \u00e0 un r\u00e9seau de partenaires financiers de confiance, vous b\u00e9n\u00e9ficiez des <strong>meilleures conditions<\/strong>.<\/li>\n<li><strong>Traitement rapide :<\/strong> Votre dossier est \u00e9tudi\u00e9 sous <strong>48 heures<\/strong> pour une r\u00e9ponse claire et efficace.<\/li>\n<li><strong>Pas de frais cach\u00e9s :<\/strong> Toutes les conditions sont pr\u00e9sent\u00e9es en toute transparence avant signature.<\/li>\n<\/ul>\n<p>Que ce soit pour financer un projet personnel, des travaux, un mariage ou pour consolider vos dettes, MultiCredit est votre alli\u00e9 pour avancer en toute tranquillit\u00e9.<\/p>\n<hr \/>\n<h2><span class=\"ez-toc-section\" id=\"Credit_auto_Financez_le_vehicule_de_vos_reves_a_la_Chaux-de-Fonds\"><\/span><strong>Cr\u00e9dit auto : Financez le v\u00e9hicule de vos r\u00eaves \u00e0 la Chaux-de-Fonds<br \/>\n<\/strong><span class=\"ez-toc-section-end\"><\/span><\/h2>\n<p>Pour les habitants de La Chaux-de-Fonds souhaitant acqu\u00e9rir un <strong>v\u00e9hicule neuf ou d\u2019occasion<\/strong>, MultiCredit propose des solutions adapt\u00e9es pour financer votre achat dans les meilleures conditions :<\/p>\n<ul>\n<li><strong>Des taux avantageux :<\/strong> Obtenez un financement avec des conditions n\u00e9goci\u00e9es aupr\u00e8s de nos partenaires.<\/li>\n<li><strong>Flexibilit\u00e9 des remboursements :<\/strong> Des mensualit\u00e9s ajust\u00e9es \u00e0 vos capacit\u00e9s financi\u00e8res.<\/li>\n<li><strong>R\u00e9ponse rapide et efficace :<\/strong> Votre financement est valid\u00e9 en quelques jours pour que vous puissiez rouler sans attendre.<\/li>\n<li><strong>Accompagnement \u00e0 chaque \u00e9tape :<\/strong> L\u2019\u00e9quipe MultiCredit vous guide depuis l\u2019\u00e9tude de votre dossier jusqu\u2019\u00e0 l\u2019obtention des fonds.<\/li>\n<\/ul>\n<hr \/>\n<h2><span class=\"ez-toc-section\" id=\"Cartes_de_credit_Modernite_securite_et_liberte\"><\/span><strong>Cartes de cr\u00e9dit : Modernit\u00e9, s\u00e9curit\u00e9 et libert\u00e9<\/strong><span class=\"ez-toc-section-end\"><\/span><\/h2>\n<p>MultiCredit propose \u00e9galement des <strong><a href=\"https:\/\/multicredit.ch\/fr\/credit\/offre-credit\/carte-de-credit\/\">cartes de cr\u00e9dit<\/a> modernes et avantageuses<\/strong> pour simplifier vos paiements au quotidien :<\/p>\n<ul>\n<li><strong>Paiements sans contact :<\/strong> Profitez d\u2019une solution rapide et s\u00e9curis\u00e9e pour vos achats.<\/li>\n<li><strong>Montants d\u00e9biteurs flexibles :<\/strong> Choisissez de rembourser entre <strong>10% \u00e0 15% du solde ouvert<\/strong>, selon vos possibilit\u00e9s.<\/li>\n<li><strong>R\u00e9serve financi\u00e8re suppl\u00e9mentaire :<\/strong> Une marge de cr\u00e9dit \u00e9lev\u00e9e pour faire face aux impr\u00e9vus ou financer des projets en toute libert\u00e9.<\/li>\n<li><strong>Gestion en ligne simplifi\u00e9e :<\/strong> Acc\u00e9dez \u00e0 votre compte en temps r\u00e9el via un espace s\u00e9curis\u00e9.<\/li>\n<li><strong>Assistance 24\/7 :<\/strong> Un service d\u2019accompagnement d\u00e9di\u00e9 pour r\u00e9pondre \u00e0 toutes vos questions.<\/li>\n<\/ul>\n<hr \/>\n<h3><span class=\"ez-toc-section\" id=\"Des_solutions_pensees_pour_les_residents_de_La_Chaux-de-Fonds\"><\/span><strong>Des solutions pens\u00e9es pour les r\u00e9sidents de La Chaux-de-Fonds<\/strong><span class=\"ez-toc-section-end\"><\/span><\/h3>\n<p>Les avantages de choisir MultiCredit pour vos solutions financi\u00e8res en <a href=\"https:\/\/multicredit.ch\/fr\/suisse\/neuchatel\/\">cr\u00e9dit sur Neuch\u00e2tel<\/a> :<\/p>\n<ol>\n<li><strong>Un conseiller d\u00e9di\u00e9 :<\/strong> Chaque dossier est pris en charge avec attention par un expert qui vous accompagne \u00e0 chaque \u00e9tape.<\/li>\n<li><strong>Une transparence totale :<\/strong> Vous \u00eates inform\u00e9 clairement des conditions, sans frais cach\u00e9s.<\/li>\n<li><strong>Adaptation \u00e0 tous les profils :<\/strong> Que vous soyez salari\u00e9, retrait\u00e9, ind\u00e9pendant ou \u00e9tudiant, MultiCredit propose des solutions personnalis\u00e9es.<\/li>\n<li><strong>Un r\u00e9seau de partenaires fiables :<\/strong> L\u2019acc\u00e8s \u00e0 un large r\u00e9seau permet d\u2019obtenir des offres comp\u00e9titives et adapt\u00e9es.<\/li>\n<\/ol>\n<hr \/>\n<h3><span class=\"ez-toc-section\" id=\"Une_demarche_simple_rapide_et_efficace\"><\/span><strong>Une d\u00e9marche simple, rapide et efficace<\/strong><span class=\"ez-toc-section-end\"><\/span><\/h3>\n<p>Obtenir un <strong>cr\u00e9dit priv\u00e9<\/strong>, un <strong>cr\u00e9dit auto<\/strong> ou une <strong>carte de cr\u00e9dit<\/strong> n\u2019a jamais \u00e9t\u00e9 aussi simple pour les habitants de La Chaux-de-Fonds :<\/p>\n<ol>\n<li><strong>Soumettez votre demande<\/strong> en ligne ou en agence.<\/li>\n<li><strong>Analyse personnalis\u00e9e<\/strong> de votre situation financi\u00e8re.<\/li>\n<li><strong>Proposition de l\u2019offre la plus avantageuse<\/strong> pour vous.<\/li>\n<li><strong>Validation rapide<\/strong> et mise \u00e0 disposition des fonds ou des cartes.<\/li>\n<\/ol>\n<hr \/>\n<h3><span class=\"ez-toc-section\" id=\"La_confiance_au_coeur_de_laccompagnement_MultiCredit\"><\/span><strong>La confiance, au c\u0153ur de l\u2019accompagnement MultiCredit<\/strong><span class=\"ez-toc-section-end\"><\/span><\/h3>\n<p>MultiCredit place la <strong>confiance<\/strong>, la <strong>disponibilit\u00e9<\/strong> et la <strong>proximit\u00e9<\/strong> au c\u0153ur de sa d\u00e9marche. Gr\u00e2ce \u00e0 des solutions transparentes, flexibles et adapt\u00e9es, les r\u00e9sidents de La Chaux-de-Fonds b\u00e9n\u00e9ficient d\u2019un service <strong>personnalis\u00e9<\/strong> et d\u2019un soutien constant pour concr\u00e9tiser leurs projets financiers.<\/p>\n<hr \/>\n<p><strong>Avec MultiCredit, les habitants de La Chaux-de-Fonds ont un partenaire fiable pour obtenir leur cr\u00e9dit priv\u00e9, financer un v\u00e9hicule ou g\u00e9rer leurs paiements gr\u00e2ce \u00e0 une carte de cr\u00e9dit moderne et s\u00e9curis\u00e9e.<\/strong><\/p>\n<p><strong>Faites confiance \u00e0 MultiCredit pour avancer sereinement et r\u00e9aliser vos projets en toute simplicit\u00e9 <\/strong>[\/vc_column_text][\/vc_column][\/vc_row]<\/section>\n","protected":false},"excerpt":{"rendered":"<p>[vc_row][vc_column][vc_column_text]Depuis 1999, MultiCredit s\u2019est impos\u00e9 comme un acteur de r\u00e9f\u00e9rence pour les habitants de La Chaux-de-Fonds en mati\u00e8re de cr\u00e9dit priv\u00e9, cr\u00e9dit auto et cartes de cr\u00e9dit. Gr\u00e2ce \u00e0 une \u00e9quipe \u00e0 l\u2019\u00e9coute, une expertise locale et des solutions adapt\u00e9es, MultiCredit permet \u00e0 chacun de concr\u00e9tiser ses projets, en toute s\u00e9r\u00e9nit\u00e9 et avec un accompagnement [&hellip;]<\/p>\n","protected":false},"author":25,"featured_media":0,"parent":27577,"menu_order":-3,"comment_status":"closed","ping_status":"closed","template":"template-form.php","meta":{"inline_featured_image":false,"footnotes":"","_links_to":"","_links_to_target":""},"categories":[33],"class_list":["post-27671","page","type-page","status-publish","hentry","category-credit"],"_links":{"self":[{"href":"https:\/\/multicredit.ch\/fr\/wp-json\/wp\/v2\/pages\/27671","targetHints":{"allow":["GET"]}}],"collection":[{"href":"https:\/\/multicredit.ch\/fr\/wp-json\/wp\/v2\/pages"}],"about":[{"href":"https:\/\/multicredit.ch\/fr\/wp-json\/wp\/v2\/types\/page"}],"author":[{"embeddable":true,"href":"https:\/\/multicredit.ch\/fr\/wp-json\/wp\/v2\/users\/25"}],"replies":[{"embeddable":true,"href":"https:\/\/multicredit.ch\/fr\/wp-json\/wp\/v2\/comments?post=27671"}],"version-history":[{"count":2,"href":"https:\/\/multicredit.ch\/fr\/wp-json\/wp\/v2\/pages\/27671\/revisions"}],"predecessor-version":[{"id":27673,"href":"https:\/\/multicredit.ch\/fr\/wp-json\/wp\/v2\/pages\/27671\/revisions\/27673"}],"up":[{"embeddable":true,"href":"https:\/\/multicredit.ch\/fr\/wp-json\/wp\/v2\/pages\/27577"}],"wp:attachment":[{"href":"https:\/\/multicredit.ch\/fr\/wp-json\/wp\/v2\/media?parent=27671"}],"wp:term":[{"taxonomy":"category","embeddable":true,"href":"https:\/\/multicredit.ch\/fr\/wp-json\/wp\/v2\/categories?post=27671"}],"curies":[{"name":"wp","href":"https:\/\/api.w.org\/{rel}","templated":true}]}}