{"id":27619,"date":"2024-12-06T19:49:26","date_gmt":"2024-12-06T19:49:26","guid":{"rendered":"https:\/\/multicredit.ch\/?page_id=27619"},"modified":"2025-12-03T16:57:02","modified_gmt":"2025-12-03T16:57:02","slug":"amortissement","status":"publish","type":"page","link":"https:\/\/multicredit.ch\/fr\/credit\/credit-personnel\/amortissement\/","title":{"rendered":"Amortissement de cr\u00e9dit"},"content":{"rendered":"<section class=\"wpb-content-wrapper\">[vc_row][vc_column][vc_empty_space height=&#8221;80px&#8221;][\/vc_column][\/vc_row][vc_row][vc_column width=&#8221;1\/2&#8243;]<\/p>\n<div class=\"blocktitle title-center title-dark\" clearfix\"><H2><span class=\"ez-toc-section\" id=\"Amortissement_de_credit_Comprendre_et_planifier_avec_MultiCredit\"><\/span>Amortissement de cr\u00e9dit : Comprendre et planifier avec MultiCredit<\/H2><\/p>\n<h4>Un pr\u00eat sans complication administrative. Rapide, simple et discret<\/h4>\n<\/div>\n<p>[vc_column_text css_animation=&#8221;fadeIn&#8221;]Chez <strong>MultiCredit<\/strong>, nous savons que l&#8217;amortissement de votre cr\u00e9dit est une question essentielle pour bien g\u00e9rer vos finances et planifier vos projets. L\u2019amortissement repr\u00e9sente la part du capital emprunt\u00e9 que vous remboursez \u00e0 chaque mensualit\u00e9. Comprendre comment il fonctionne vous permet d\u2019avoir une vision claire de votre dette et de son \u00e9volution au fil du temps.<\/p>\n<p>Avec MultiCredit, nous mettons notre expertise et notre \u00e9coute \u00e0 votre service pour vous accompagner dans le choix d\u2019un cr\u00e9dit adapt\u00e9 \u00e0 votre situation.<\/p>\n<p style=\"text-align: center;\">D\u00e9cision de principe de <strong>24 \u00e0 48h<\/strong> gr\u00e2ce \u00e0 notre exp\u00e9rience sur le march\u00e9 depuis 1999.<\/p>\n<p>[\/vc_column_text][\/vc_column][vc_column width=&#8221;1\/2&#8243;][vc_single_image image=&#8221;11650&#8243; img_size=&#8221;large&#8221; css_animation=&#8221;fadeIn&#8221;][\/vc_column][\/vc_row][vc_row][vc_column][vc_empty_space height=&#8221;50px&#8221;][\/vc_column][\/vc_row][vc_row][vc_column width=&#8221;1\/2&#8243;][vc_single_image image=&#8221;11665&#8243; img_size=&#8221;full&#8221; alignment=&#8221;center&#8221; css_animation=&#8221;fadeIn&#8221;][\/vc_column][vc_column width=&#8221;1\/2&#8243;]<\/p>\n<div class=\"blocktitle title-center title-dark\" clearfix\"><H2><span class=\"ez-toc-section\" id=\"Des_milliers_de_credits_obtenus_pour_nos_clients_en_Suisse\"><\/span>Des milliers de cr\u00e9dits obtenus pour nos clients en Suisse<\/H2><\/div>\n<p>[vc_column_text css_animation=&#8221;fadeIn&#8221;]<\/p>\n<h3><span class=\"ez-toc-section\" id=\"Quest-ce_que_lamortissement_dun_credit\"><\/span><strong>Qu\u2019est-ce que l\u2019amortissement d\u2019un cr\u00e9dit ?<\/strong><span class=\"ez-toc-section-end\"><\/span><\/h3>\n<p>L\u2019amortissement correspond au <strong>remboursement progressif du capital emprunt\u00e9<\/strong>, r\u00e9parti sur la dur\u00e9e de votre cr\u00e9dit. Lors de chaque mensualit\u00e9, vous payez une partie du capital et des int\u00e9r\u00eats. Ces mensualit\u00e9s sont souvent constantes, mais leur composition \u00e9volue au fil du temps :<\/p>\n<ul>\n<li><strong>Au d\u00e9but du cr\u00e9dit :<\/strong> Les int\u00e9r\u00eats repr\u00e9sentent une part importante de la mensualit\u00e9, car ils sont calcul\u00e9s sur le capital restant d\u00fb.<\/li>\n<li><strong>Au fil des remboursements :<\/strong> La part du capital rembours\u00e9 augmente, tandis que celle des int\u00e9r\u00eats diminue, jusqu\u2019\u00e0 l\u2019amortissement complet de votre cr\u00e9dit.<\/li>\n<\/ul>\n<hr \/>\n<h3><span class=\"ez-toc-section\" id=\"Exemple_concret_en_CHF\"><\/span><strong>Exemple concret en CHF :<\/strong><span class=\"ez-toc-section-end\"><\/span><\/h3>\n<ul>\n<li><strong>Montant emprunt\u00e9 :<\/strong> 30 000 CHF<\/li>\n<li><strong>Dur\u00e9e :<\/strong> 5 ans (60 mois)<\/li>\n<li><strong>Taux nominal :<\/strong> 4 %<\/li>\n<\/ul>\n<p>Chaque mois, vous remboursez une partie du capital (amortissement) et les int\u00e9r\u00eats dus. Par exemple, votre premi\u00e8re mensualit\u00e9 pourrait inclure :<\/p>\n<ul>\n<li><strong>Amortissement :<\/strong> 500 CHF<\/li>\n<li><strong>Int\u00e9r\u00eats :<\/strong> 100 CHF<br \/>\nTotal : <strong>600 CHF<\/strong><\/li>\n<\/ul>\n<p>\u00c0 mesure que le capital diminue, les int\u00e9r\u00eats baissent, et la part consacr\u00e9e \u00e0 l\u2019amortissement augmente.[\/vc_column_text][\/vc_column][\/vc_row][vc_row][vc_column][vc_empty_space height=&#8221;50px&#8221;]<\/p>\n<div class=\"blocktitle title-left title-dark\" clearfix\"><H3><span class=\"ez-toc-section\" id=\"Un_financement_avantageux\"><\/span>Un financement avantageux<\/H3><\/div>\n<p>[vc_column_text css_animation=&#8221;fadeIn&#8221;]<\/p>\n<h3><span class=\"ez-toc-section\" id=\"MultiCredit_Votre_expert_en_amortissement_de_credit\"><\/span><strong>MultiCredit : Votre expert en amortissement de cr\u00e9dit<\/strong><span class=\"ez-toc-section-end\"><\/span><\/h3>\n<p>Chez MultiCredit, nous mettons tout en \u0153uvre pour vous aider \u00e0 choisir un <a href=\"https:\/\/multicredit.ch\/fr\/\">cr\u00e9dit<\/a> avec un plan d\u2019amortissement adapt\u00e9 \u00e0 vos besoins et \u00e0 vos capacit\u00e9s de remboursement.<\/p>\n<h4><strong>Ce que nous offrons :<\/strong><\/h4>\n<ol>\n<li><strong>Une analyse personnalis\u00e9e :<\/strong><br \/>\nNos conseillers \u00e9tudient votre situation financi\u00e8re pour vous proposer des solutions d\u2019amortissement r\u00e9alistes et \u00e9quilibr\u00e9es.<\/li>\n<li><strong>Des options flexibles :<\/strong>\n<ul>\n<li>Cr\u00e9dits avec amortissement constant pour une meilleure visibilit\u00e9 sur votre dette.<\/li>\n<li>Solutions adapt\u00e9es si vous souhaitez moduler vos mensualit\u00e9s en fonction de vos revenus.<\/li>\n<\/ul>\n<\/li>\n<li><strong>Transparence totale :<\/strong><br \/>\nNous vous expliquons clairement comment se d\u00e9composent vos mensualit\u00e9s (capital, int\u00e9r\u00eats) pour que vous puissiez suivre votre amortissement mois apr\u00e8s mois.<\/li>\n<li><strong>Des outils pratiques :<\/strong><br \/>\nUtilisez notre <strong>simulateur de cr\u00e9dit<\/strong> pour visualiser rapidement comment \u00e9volue votre amortissement et vos mensualit\u00e9s en fonction de la dur\u00e9e choisie.<\/li>\n<\/ol>\n<hr \/>\n<h3><span class=\"ez-toc-section\" id=\"Pourquoi_choisir_MultiCredit_pour_votre_amortissement_de_credit\"><\/span><strong>Pourquoi choisir MultiCredit pour votre amortissement de cr\u00e9dit ?<\/strong><span class=\"ez-toc-section-end\"><\/span><\/h3>\n<ul>\n<li><strong>Expertise reconnue :<\/strong> Avec des ann\u00e9es d\u2019exp\u00e9rience, nous avons accompagn\u00e9 des milliers de clients en Suisse dans leurs projets.<\/li>\n<li><strong>Accompagnement humain :<\/strong> Nous \u00e9coutons vos besoins pour trouver la meilleure solution, qu\u2019il s\u2019agisse d\u2019un petit pr\u00eat ou d\u2019un financement cons\u00e9quent.<\/li>\n<li><strong>Taux comp\u00e9titifs :<\/strong> Nous n\u00e9gocions avec nos partenaires pour vous offrir les meilleures conditions d\u2019amortissement.<\/li>\n<li><strong>Planification simplifi\u00e9e :<\/strong> Gr\u00e2ce \u00e0 notre expertise, nous vous aidons \u00e0 structurer un plan d\u2019amortissement qui s\u2019int\u00e8gre parfaitement dans votre budget.<\/li>\n<\/ul>\n<hr \/>\n<h3><span class=\"ez-toc-section\" id=\"Planifiez_votre_amortissement_des_aujourdhui\"><\/span><strong>Planifiez votre amortissement d\u00e8s aujourd\u2019hui<\/strong><span class=\"ez-toc-section-end\"><\/span><\/h3>\n<p>Avec <strong>MultiCredit<\/strong>, comprendre et g\u00e9rer l\u2019amortissement de votre cr\u00e9dit devient simple et accessible. Contactez nos conseillers pour une analyse personnalis\u00e9e ou utilisez notre simulateur pour explorer vos options.<\/p>\n<p><strong>MultiCredit, votre partenaire de confiance pour des solutions de cr\u00e9dit adapt\u00e9es et transparentes.<\/strong>[\/vc_column_text][\/vc_column][\/vc_row]<\/section>\n","protected":false},"excerpt":{"rendered":"<p>[vc_row][vc_column][vc_empty_space height=&#8221;80px&#8221;][\/vc_column][\/vc_row][vc_row][vc_column width=&#8221;1\/2&#8243;][vc_column_text css_animation=&#8221;fadeIn&#8221;]Chez MultiCredit, nous savons que l&#8217;amortissement de votre cr\u00e9dit est une question essentielle pour bien g\u00e9rer vos finances et planifier vos projets. L\u2019amortissement repr\u00e9sente la part du capital emprunt\u00e9 que vous remboursez \u00e0 chaque mensualit\u00e9. Comprendre comment il fonctionne vous permet d\u2019avoir une vision claire de votre dette et de son \u00e9volution [&hellip;]<\/p>\n","protected":false},"author":25,"featured_media":11521,"parent":17107,"menu_order":0,"comment_status":"closed","ping_status":"closed","template":"template-credit.php","meta":{"inline_featured_image":false,"footnotes":"","_links_to":"","_links_to_target":""},"categories":[762],"class_list":["post-27619","page","type-page","status-publish","has-post-thumbnail","hentry","category-credit-independant"],"_links":{"self":[{"href":"https:\/\/multicredit.ch\/fr\/wp-json\/wp\/v2\/pages\/27619","targetHints":{"allow":["GET"]}}],"collection":[{"href":"https:\/\/multicredit.ch\/fr\/wp-json\/wp\/v2\/pages"}],"about":[{"href":"https:\/\/multicredit.ch\/fr\/wp-json\/wp\/v2\/types\/page"}],"author":[{"embeddable":true,"href":"https:\/\/multicredit.ch\/fr\/wp-json\/wp\/v2\/users\/25"}],"replies":[{"embeddable":true,"href":"https:\/\/multicredit.ch\/fr\/wp-json\/wp\/v2\/comments?post=27619"}],"version-history":[{"count":6,"href":"https:\/\/multicredit.ch\/fr\/wp-json\/wp\/v2\/pages\/27619\/revisions"}],"predecessor-version":[{"id":30108,"href":"https:\/\/multicredit.ch\/fr\/wp-json\/wp\/v2\/pages\/27619\/revisions\/30108"}],"up":[{"embeddable":true,"href":"https:\/\/multicredit.ch\/fr\/wp-json\/wp\/v2\/pages\/17107"}],"wp:featuredmedia":[{"embeddable":true,"href":"https:\/\/multicredit.ch\/fr\/wp-json\/wp\/v2\/media\/11521"}],"wp:attachment":[{"href":"https:\/\/multicredit.ch\/fr\/wp-json\/wp\/v2\/media?parent=27619"}],"wp:term":[{"taxonomy":"category","embeddable":true,"href":"https:\/\/multicredit.ch\/fr\/wp-json\/wp\/v2\/categories?post=27619"}],"curies":[{"name":"wp","href":"https:\/\/api.w.org\/{rel}","templated":true}]}}