{"id":27602,"date":"2024-12-06T19:18:00","date_gmt":"2024-12-06T19:18:00","guid":{"rendered":"https:\/\/multicredit.ch\/?page_id=27602"},"modified":"2026-03-21T18:15:51","modified_gmt":"2026-03-21T18:15:51","slug":"calculateur","status":"publish","type":"page","link":"https:\/\/multicredit.ch\/fr\/credit\/calculateur\/","title":{"rendered":"Calculateur de cr\u00e9dit : Rapide et efficace"},"content":{"rendered":"<section class=\"wpb-content-wrapper\">[vc_row][vc_column][vc_empty_space height=&#8221;80px&#8221;][vc_column_text]<iframe style=\"margin: 0; padding: 0; border: none;\" src=\"https:\/\/audioblog.arteradio.com\/embed\/241874\" width=\"100%\"><\/iframe>[\/vc_column_text][\/vc_column][\/vc_row][vc_row][vc_column width=&#8221;1\/2&#8243;]<\/p>\n<div class=\"blocktitle title-center title-dark\" clearfix\"><H2><span class=\"ez-toc-section\" id=\"Calculateur_de_credit_en_Suisse\"><\/span>Calculateur de cr\u00e9dit en Suisse<\/H2><\/p>\n<h4>Un pr\u00eat sans complication administrative. Rapide, simple et discret<\/h4>\n<\/div>\n<p>[vc_column_text css_animation=&#8221;fadeIn&#8221;]Chez <strong>MultiCredit<\/strong>, nous savons que chaque projet est unique. C\u2019est pourquoi nous avons d\u00e9velopp\u00e9 un <strong>calculateur de cr\u00e9dit intuitif et pr\u00e9cis<\/strong>, con\u00e7u pour vous donner une estimation rapide et claire de vos mensualit\u00e9s. Un bon calculateur de cr\u00e9dit fait souvent bien la diff\u00e9rence pour bien planifier son projet de <a href=\"https:\/\/multicredit.ch\/fr\/demande-de-credit\/\">demande de cr\u00e9dit<\/a> ! Que vous souhaitiez financer une voiture, des travaux ou un projet personnel, notre outil est le point de d\u00e9part id\u00e9al pour mieux comprendre votre financement.<\/p>\n<p style=\"text-align: center;\">D\u00e9cision de principe de <strong>24 \u00e0 48h<\/strong> gr\u00e2ce \u00e0 notre exp\u00e9rience sur le march\u00e9 depuis 1999. Nous avons obtenus des milliers de cr\u00e9dits pour nos clients partout en Suisse.<\/p>\n<p>[\/vc_column_text][\/vc_column][vc_column width=&#8221;1\/2&#8243;][vc_single_image image=&#8221;11650&#8243; img_size=&#8221;large&#8221; css_animation=&#8221;fadeIn&#8221;][\/vc_column][\/vc_row][vc_row][vc_column][vc_empty_space height=&#8221;50px&#8221;][\/vc_column][\/vc_row][vc_row][vc_column width=&#8221;1\/2&#8243;][vc_single_image image=&#8221;11665&#8243; img_size=&#8221;full&#8221; alignment=&#8221;center&#8221; css_animation=&#8221;fadeIn&#8221;][\/vc_column][vc_column width=&#8221;1\/2&#8243;]<\/p>\n<div class=\"blocktitle title-center title-dark\" clearfix\"><H2><span class=\"ez-toc-section\" id=\"Des_milliers_de_financements_obtenus_pour_nos_clients_en_Suisse\"><\/span>Des milliers de financements obtenus pour nos clients en Suisse<\/H2><\/p>\n<h4>Que vous soyez de Fribourg tout comme de Gen\u00e8ve ou de Martigny et m\u00eame de Berne n'h\u00e9sitez pas \u00e0 faire appel \u00e0 notre expertise en cr\u00e9dit.<\/h4>\n<\/div>\n<p>[vc_column_text css_animation=&#8221;fadeIn&#8221;]<\/p>\n<h3><span class=\"ez-toc-section\" id=\"Pourquoi_utiliser_notre_calculateur_de_credit\"><\/span><strong>Pourquoi utiliser notre calculateur de cr\u00e9dit ?<\/strong><span class=\"ez-toc-section-end\"><\/span><\/h3>\n<ul>\n<li><strong>Estimation rapide et pr\u00e9cise :<\/strong> Indiquez simplement le montant que vous souhaitez emprunter dans votre <a href=\"https:\/\/multicredit.ch\/fr\/\">cr\u00e9dit<\/a>, la dur\u00e9e de remboursement et d\u00e9couvrez imm\u00e9diatement vos mensualit\u00e9s potentielles.<\/li>\n<li><strong>Prise en compte des co\u00fbts r\u00e9els dans notre calculateur de cr\u00e9dit :<\/strong> Gr\u00e2ce \u00e0 notre expertise, notre calculateur int\u00e8gre le <strong>Taux Annuel Effectif Global (TAEG)<\/strong> pour une estimation r\u00e9aliste du co\u00fbt total de votre cr\u00e9dit.<\/li>\n<li><strong>Flexibilit\u00e9 :<\/strong> Ajustez vos param\u00e8tres en temps r\u00e9el pour trouver l\u2019option qui correspond le mieux \u00e0 votre <a href=\"https:\/\/multicredit.ch\/fr\/demande-de-credit\/\">demande en cr\u00e9dit<\/a>.<\/li>\n<\/ul>\n<p>[\/vc_column_text][\/vc_column][\/vc_row][vc_row][vc_column][vc_empty_space height=&#8221;50px&#8221;]<\/p>\n<div class=\"blocktitle title-left title-dark\" clearfix\"><H3><span class=\"ez-toc-section\" id=\"Un_financement_avantageux\"><\/span>Un financement avantageux<\/H3><\/div>\n<p>[vc_column_text css_animation=&#8221;fadeIn&#8221;]<\/p>\n<h3><span class=\"ez-toc-section\" id=\"Lecoute_et_lexpertise_de_MultiCredit_votre_solution_sur-mesure\"><\/span><strong>L\u2019\u00e9coute et l\u2019expertise de MultiCredit : votre solution sur-mesure<\/strong><span class=\"ez-toc-section-end\"><\/span><\/h3>\n<p>Depuis plusieurs ann\u00e9es, MultiCredit accompagne les particuliers en Suisse pour leur trouver des solutions de cr\u00e9dit adapt\u00e9es et avantageuses. Notre mission ne se limite pas \u00e0 proposer un outil de calcul performant. Nous sommes l\u00e0 pour vous guider, vous conseiller et vous accompagner dans chaque \u00e9tape de votre demande.<\/p>\n<ol>\n<li><strong>Une \u00e9coute attentive :<\/strong><br \/>\nNos conseillers prennent le temps de comprendre vos besoins, votre situation financi\u00e8re et vos projets. Nous croyons que chaque client m\u00e9rite une attention personnalis\u00e9e.<\/li>\n<li><strong>Une expertise reconnue :<\/strong><br \/>\nAvec des ann\u00e9es d\u2019exp\u00e9rience dans le domaine du cr\u00e9dit, nous avons aid\u00e9 des milliers de particuliers \u00e0 concr\u00e9tiser leurs projets. Nos connaissances approfondies nous permettent de n\u00e9gocier des taux comp\u00e9titifs et des conditions avantageuses pour nos clients.<\/li>\n<li><strong>Des solutions adapt\u00e9es :<\/strong><br \/>\nQue vous ayez besoin d\u2019un petit pr\u00eat ou d\u2019un financement plus cons\u00e9quent, nous proposons des montants allant de <strong>3 000 CHF \u00e0 400 000 CHF<\/strong>, avec des dur\u00e9es de remboursement flexibles.<\/li>\n<li><strong>Une transparence totale :<\/strong><br \/>\nNous vous expliquons clairement les diff\u00e9rences entre le <strong>taux nominal<\/strong> et le <strong>taux effectif<\/strong> pour que vous puissiez prendre une d\u00e9cision \u00e9clair\u00e9e.<\/li>\n<\/ol>\n<h3><span class=\"ez-toc-section\" id=\"Comment_fonctionne_le_calculateur_de_credit\"><\/span><strong>Comment fonctionne le calculateur de cr\u00e9dit ?<\/strong><span class=\"ez-toc-section-end\"><\/span><\/h3>\n<ol>\n<li><strong>Saisissez le montant souhait\u00e9 :<\/strong> Par exemple, <strong>20 000 CHF<\/strong>.<\/li>\n<li><strong>Indiquez la dur\u00e9e de remboursement :<\/strong> Par exemple, <strong>36 mois<\/strong>.<\/li>\n<li><strong>D\u00e9couvrez vos mensualit\u00e9s estim\u00e9es et le co\u00fbt total du cr\u00e9dit :<\/strong> Notre outil inclut les frais li\u00e9s au TAEG pour une simulation r\u00e9aliste.<\/li>\n<\/ol>\n<hr \/>\n<h3><span class=\"ez-toc-section\" id=\"MultiCredit_plus_quun_calculateur_un_partenaire_de_confiance\"><\/span><strong>MultiCredit, plus qu\u2019un calculateur : un partenaire de confiance<\/strong><span class=\"ez-toc-section-end\"><\/span><\/h3>\n<p>Une fois votre simulation r\u00e9alis\u00e9e, nos conseillers sont l\u00e0 pour aller plus loin que cela soit pour <a href=\"https:\/\/multicredit.ch\/fr\/credit\/credit-vehicule\/financement-automobile\/\">cr\u00e9dit auto<\/a> ou encore un <a href=\"https:\/\/multicredit.ch\/fr\/credit\/\">cr\u00e9dit priv\u00e9<\/a>. Nous analysons votre profil en d\u00e9tail et vous proposons des offres sur-mesure, n\u00e9goci\u00e9es avec nos partenaires financiers. Notre objectif est de vous offrir <strong>la solution la plus avantageuse et la plus adapt\u00e9e<\/strong> \u00e0 vos besoins.<\/p>\n<hr \/>\n<h3><span class=\"ez-toc-section\" id=\"Passez_a_laction_des_aujourdhui_en_utilisant_notre_calculateur_de_credit\"><\/span><strong>Passez \u00e0 l\u2019action d\u00e8s aujourd\u2019hui en utilisant notre calculateur de cr\u00e9dit !<\/strong><span class=\"ez-toc-section-end\"><\/span><\/h3>\n<p>Utilisez notre calculateur de cr\u00e9dit en ligne pour obtenir une estimation rapide. Ensuite, laissez nos experts vous accompagner dans la recherche de la meilleure solution de financement. Avec <strong>MultiCredit<\/strong>, vous b\u00e9n\u00e9ficiez d\u2019un service sur-mesure, d\u2019une \u00e9coute attentive et de l\u2019exp\u00e9rience d\u2019un acteur de confiance. Vous pouvez prendre contact avec nous aussi pour une solution <a href=\"https:\/\/multicredit.ch\/fr\/credit\/offre-credit\/carte-de-credit\/\">carte de cr\u00e9dit<\/a> !<\/p>\n<p><strong>Calculez votre cr\u00e9dit d\u00e8s maintenant et concr\u00e9tisez vos projets en toute s\u00e9r\u00e9nit\u00e9 !<\/strong><\/p>\n<h4 style=\"text-align: right;\">Calculateur de cr\u00e9dit<\/h4>\n<p>[\/vc_column_text][\/vc_column][\/vc_row]<\/section>\n","protected":false},"excerpt":{"rendered":"<p>[vc_row][vc_column][vc_empty_space height=&#8221;80px&#8221;][vc_column_text][\/vc_column_text][\/vc_column][\/vc_row][vc_row][vc_column width=&#8221;1\/2&#8243;][vc_column_text css_animation=&#8221;fadeIn&#8221;]Chez MultiCredit, nous savons que chaque projet est unique. C\u2019est pourquoi nous avons d\u00e9velopp\u00e9 un calculateur de cr\u00e9dit intuitif et pr\u00e9cis, con\u00e7u pour vous donner une estimation rapide et claire de vos mensualit\u00e9s. Un bon calculateur de cr\u00e9dit fait souvent bien la diff\u00e9rence pour bien planifier son projet de demande de cr\u00e9dit [&hellip;]<\/p>\n","protected":false},"author":25,"featured_media":11521,"parent":235,"menu_order":0,"comment_status":"closed","ping_status":"closed","template":"template-credit.php","meta":{"inline_featured_image":false,"footnotes":"","_links_to":"","_links_to_target":""},"categories":[762],"class_list":["post-27602","page","type-page","status-publish","has-post-thumbnail","hentry","category-credit-independant"],"_links":{"self":[{"href":"https:\/\/multicredit.ch\/fr\/wp-json\/wp\/v2\/pages\/27602","targetHints":{"allow":["GET"]}}],"collection":[{"href":"https:\/\/multicredit.ch\/fr\/wp-json\/wp\/v2\/pages"}],"about":[{"href":"https:\/\/multicredit.ch\/fr\/wp-json\/wp\/v2\/types\/page"}],"author":[{"embeddable":true,"href":"https:\/\/multicredit.ch\/fr\/wp-json\/wp\/v2\/users\/25"}],"replies":[{"embeddable":true,"href":"https:\/\/multicredit.ch\/fr\/wp-json\/wp\/v2\/comments?post=27602"}],"version-history":[{"count":10,"href":"https:\/\/multicredit.ch\/fr\/wp-json\/wp\/v2\/pages\/27602\/revisions"}],"predecessor-version":[{"id":27709,"href":"https:\/\/multicredit.ch\/fr\/wp-json\/wp\/v2\/pages\/27602\/revisions\/27709"}],"up":[{"embeddable":true,"href":"https:\/\/multicredit.ch\/fr\/wp-json\/wp\/v2\/pages\/235"}],"wp:featuredmedia":[{"embeddable":true,"href":"https:\/\/multicredit.ch\/fr\/wp-json\/wp\/v2\/media\/11521"}],"wp:attachment":[{"href":"https:\/\/multicredit.ch\/fr\/wp-json\/wp\/v2\/media?parent=27602"}],"wp:term":[{"taxonomy":"category","embeddable":true,"href":"https:\/\/multicredit.ch\/fr\/wp-json\/wp\/v2\/categories?post=27602"}],"curies":[{"name":"wp","href":"https:\/\/api.w.org\/{rel}","templated":true}]}}