{"id":27595,"date":"2024-12-06T19:01:30","date_gmt":"2024-12-06T19:01:30","guid":{"rendered":"https:\/\/multicredit.ch\/?page_id=27595"},"modified":"2024-12-06T19:05:41","modified_gmt":"2024-12-06T19:05:41","slug":"taux-effectif","status":"publish","type":"page","link":"https:\/\/multicredit.ch\/fr\/credit\/offre-credit\/taux-interet\/taux-effectif\/","title":{"rendered":"Taux Effectif"},"content":{"rendered":"<section class=\"wpb-content-wrapper\">[vc_row full_width=&#8221;stretch_row&#8221; el_class=&#8221;white-bck bigpadding&#8221; css=&#8221;.vc_custom_1586929679182{padding-bottom: 24px !important;}&#8221;][vc_column data_aos=&#8221;fade-in&#8221;]<\/p>\n<div class=\"blocktitle title-center title-dark\" clearfix\"><H2><span class=\"ez-toc-section\" id=\"Taux_Effectif_credit_en_Suisse\"><\/span>Taux Effectif cr\u00e9dit en Suisse<\/H2><\/div>\n<p>[vc_column_text]Chez <strong>MultiCredit<\/strong>, nous nous engageons \u00e0 vous offrir une transparence totale dans l\u2019explication des co\u00fbts li\u00e9s \u00e0 votre cr\u00e9dit. Le <strong>taux effectif<\/strong>, \u00e9galement connu sous le nom de <strong>Taux Annuel Effectif Global (TAEG)<\/strong>, est un indicateur cl\u00e9 qui permet de mesurer le <strong>co\u00fbt total de votre cr\u00e9dit<\/strong>. Contrairement au taux nominal, le taux effectif inclut <strong>tous les frais associ\u00e9s au cr\u00e9dit<\/strong>, vous donnant une vision compl\u00e8te et pr\u00e9cise de ce que vous allez r\u00e9ellement payer.<\/p>\n<h2><span class=\"ez-toc-section\" id=\"Ce_que_le_taux_effectif_inclut\"><\/span>Ce que le taux effectif inclut :<span class=\"ez-toc-section-end\"><\/span><\/h2>\n<ul>\n<li><strong>Les int\u00e9r\u00eats :<\/strong> Calcul\u00e9s \u00e0 partir du taux nominal.<\/li>\n<li><strong>Les frais de dossier :<\/strong> Frais factur\u00e9s pour la mise en place du cr\u00e9dit.<\/li>\n<li><strong>Les assurances :<\/strong> Parfois obligatoires pour garantir le remboursement.<\/li>\n<li><strong>Autres frais annexes :<\/strong> Par exemple, les frais de gestion ou de garantie.<\/li>\n<\/ul>\n<p>Le taux effectif est donc une mesure <strong>plus compl\u00e8te<\/strong> du co\u00fbt du cr\u00e9dit et permet une comparaison \u00e9quitable entre diff\u00e9rentes offres, m\u00eame si les conditions semblent similaires.[\/vc_column_text][vc_column_text el_class=&#8221;pb-2 maxwidth&#8221;]<\/p>\n<h3><span class=\"ez-toc-section\" id=\"Exemple_concret_en_CHF\"><\/span>Exemple concret en CHF :<span class=\"ez-toc-section-end\"><\/span><\/h3>\n<ul>\n<li><strong>Montant emprunt\u00e9 :<\/strong> 20 000 CHF<\/li>\n<li><strong>Taux nominal :<\/strong> 4 %<\/li>\n<li><strong>Frais de dossier :<\/strong> 200 CHF<\/li>\n<li><strong>Assurance annuelle :<\/strong> 150 CHF<\/li>\n<\/ul>\n<p>Le taux nominal donne des int\u00e9r\u00eats de 800 CHF par an. Cependant, si on ajoute les frais de dossier et d\u2019assurance, le co\u00fbt r\u00e9el du cr\u00e9dit est sup\u00e9rieur, et cela se refl\u00e8te dans le <strong>taux effectif<\/strong>. Dans ce cas, le TAEG pourrait \u00eatre autour de <strong>4,5 %<\/strong>, en fonction des modalit\u00e9s exactes.[\/vc_column_text][vc_column_text]<\/p>\n<h3><span class=\"ez-toc-section\" id=\"Nos_points_fort_ci_dessous_pour_obtenir_les_meilleures_offres_possibles_pour_nos_clients_partout_en_Suisse\"><\/span>Nos points fort ci dessous pour obtenir les meilleures offres possibles pour nos clients partout en Suisse<span class=\"ez-toc-section-end\"><\/span><\/h3>\n<p>[\/vc_column_text][\/vc_column][\/vc_row][vc_row full_width=&#8221;stretch_row&#8221; el_class=&#8221;white-bck&#8221; css=&#8221;.vc_custom_1586930817763{padding-top: 24px !important;padding-bottom: 0px !important;}&#8221;][vc_column width=&#8221;1\/2&#8243; data_aos=&#8221;fade-up&#8221; el_class=&#8221;checklist&#8221;][vc_column_text]<\/p>\n<ul>\n<li>Recevez une d\u00e9cision pr\u00e9liminaire en seulement 5 minutes, lors du premier contact t\u00e9l\u00e9phonique<\/li>\n<li>Traitement sans frais de votre demande et offre sans engagement<\/li>\n<li>Confidentialit\u00e9 garantie (nous sommes soumis au secret bancaire)<\/li>\n<li>Remboursement flexible sur 12 \u00e0 84 mois<\/li>\n<li>Mensualit\u00e9s adapt\u00e9es et baisse des int\u00e9r\u00eats<\/li>\n<li>Modalit\u00e9s (dur\u00e9e, taux, montant) flexibles et adaptables<\/li>\n<li>Remboursement de votre pr\u00eat de fa\u00e7on anticip\u00e9e \u00e0 tout moment<\/li>\n<\/ul>\n<p>[\/vc_column_text][\/vc_column][vc_column width=&#8221;1\/2&#8243; data_aos=&#8221;fade-up&#8221; data_aos_delay=&#8221;250&#8243; el_class=&#8221;checklist&#8221;][vc_column_text]<\/p>\n<ul>\n<li>Pour les Suisses et d\u00e9tenteurs de permis C, d\u00e9ductions fiscales possibles des int\u00e9r\u00eats de la dette<\/li>\n<li>D\u00e9marches simplifi\u00e9es et plus rapides que l\u2019hypoth\u00e8que et le leasing<\/li>\n<li>Prise en charge de vos d\u00e9marches administratives<\/li>\n<li>D\u00e9marches simples, rapides et discr\u00e8tes<\/li>\n<li>Constitution de votre dossier par un sp\u00e9cialiste<\/li>\n<li>Conseil personnalis\u00e9 \u00e0 domicile ou \u00e0 notre bureau<\/li>\n<\/ul>\n<p>[\/vc_column_text][\/vc_column][\/vc_row][vc_row full_width=&#8221;stretch_row&#8221; el_class=&#8221;white-bck bigpadding&#8221; css=&#8221;.vc_custom_1586929684389{padding-top: 24px !important;}&#8221;][vc_column data_aos=&#8221;fade-in&#8221;][vc_column_text el_class=&#8221;pt-2&#8243;]<\/p>\n<p style=\"text-align: center;\"><strong>Pour particuliers r\u00e9sidant en Suisse, suisses ou <a href=\"https:\/\/www.sem.admin.ch\/sem\/fr\/home\/themen\/aufenthalt\/eu_efta.html\" target=\"_blank\" rel=\"noopener\">d\u00e9tenteurs d\u2019un permis B, C ou d\u2019une carte de l\u00e9gitimation (D, E, G et H)<\/a> , augmenter vos liquidit\u00e9s est possible, faire des \u00e9conomies aussi. B\u00e9n\u00e9ficiez de l\u2019\u00e9tude individualis\u00e9e de votre projet, d\u2019une offre de pr\u00eat sur mesure tr\u00e8s rapidement.<\/strong><\/p>\n<h3><span class=\"ez-toc-section\" id=\"Expertise_MultiCredit_votre_partenaire_pour_une_vision_claire_et_fiable\"><\/span>Expertise MultiCredit : votre partenaire pour une vision claire et fiable<span class=\"ez-toc-section-end\"><\/span><\/h3>\n<p>Chez MultiCredit, nous mettons notre expertise \u00e0 votre service pour vous aider \u00e0 <strong>comprendre et comparer les offres<\/strong>. Voici pourquoi nos clients nous font confiance :<\/p>\n<ol>\n<li><strong>Analyse compl\u00e8te du co\u00fbt total du cr\u00e9dit :<\/strong> Nous vous expliquons en d\u00e9tail le taux effectif pour que vous sachiez exactement ce que vous allez payer.<\/li>\n<li><strong>N\u00e9gociation des meilleures conditions :<\/strong> Nous travaillons avec de nombreux partenaires financiers pour vous garantir un taux effectif comp\u00e9titif.<\/li>\n<li><strong>Personnalisation :<\/strong> Nous vous aidons \u00e0 adapter votre cr\u00e9dit en fonction de votre situation, que vous souhaitiez financer un projet personnel ou professionnel.<\/li>\n<li><strong>Accompagnement transparent :<\/strong> Vous n\u2019aurez aucune mauvaise surprise ; tous les frais sont clairement expliqu\u00e9s d\u00e8s le d\u00e9part.<\/li>\n<\/ol>\n<hr \/>\n<p>[\/vc_column_text][\/vc_column][\/vc_row][vc_row full_width=&#8221;stretch_row&#8221; equal_height=&#8221;yes&#8221; el_class=&#8221;lightgrey-bck bigpadding flex-eq-height diagonal-top-bck one-fifth-link-bloc&#8221;][vc_column width=&#8221;1\/5&#8243; data_aos=&#8221;fade-down&#8221; data_aos_delay=&#8221;0&#8243;]<\/p>\n<div class=\"wpb_single_image wpb_content_element vc_align_center  wpb_animate_when_almost_visible wpb_top-to-bottom top-to-bottom wpb_start_animation animated\">\n<figure class=\"wpb_wrapper vc_figure\">\n<div class=\"vc_single_image-wrapper\"><img decoding=\"async\" src=\"https:\/\/multicredit.ch\/wp\/wp-content\/uploads\/c-hab.jpg\" alt=\"\" title=\"\"><\/div><figcaption>\n<h4>Cr\u00e9dit habitation<\/h4>\n<p>Financez am\u00e9nagements et habitations<\/p>\n<\/figcaption><\/figure>\n<\/div>\n<div class=\"vc_btn3-container text-center\"><a class=\"btn-circle-2\" href=\"https:\/\/www.multicredit.ch\/fr\/credit\/credit-habitation\/\" title=\"Cr\u00e9dit Habitation\"><span class=\"round\">&gt;<\/span><\/a><\/div>\n<p>[\/vc_column][vc_column width=&#8221;1\/5&#8243; data_aos=&#8221;fade-down&#8221; data_aos_delay=&#8221;50&#8243;]<\/p>\n<div class=\"wpb_single_image wpb_content_element vc_align_center  wpb_animate_when_almost_visible wpb_top-to-bottom top-to-bottom wpb_start_animation animated\">\n<figure class=\"wpb_wrapper vc_figure\">\n<div class=\"vc_single_image-wrapper\"><img decoding=\"async\" src=\"https:\/\/multicredit.ch\/wp\/wp-content\/uploads\/c-auto.jpg\" alt=\"\" title=\"\"><\/div><figcaption>\n<h4>Cr\u00e9dit auto<\/h4>\n<p>Achetez votre v\u00e9hicule \u00e0 cr\u00e9dit<\/p>\n<\/figcaption><\/figure>\n<\/div>\n<div class=\"vc_btn3-container text-center\"><a class=\"btn-circle-2\" href=\"https:\/\/www.multicredit.ch\/fr\/credit\/credit-auto\" title=\"Cr\u00e9dit Habitation\"><span class=\"round\">&gt;<\/span><\/a><\/div>\n<p>[\/vc_column][vc_column width=&#8221;1\/5&#8243; data_aos=&#8221;fade-down&#8221; data_aos_delay=&#8221;100&#8243;]<\/p>\n<div class=\"wpb_single_image wpb_content_element vc_align_center  wpb_animate_when_almost_visible wpb_top-to-bottom top-to-bottom wpb_start_animation animated\">\n<figure class=\"wpb_wrapper vc_figure\">\n<div class=\"vc_single_image-wrapper\"><img decoding=\"async\" src=\"https:\/\/multicredit.ch\/wp\/wp-content\/uploads\/c-form.jpg\" alt=\"\" title=\"\"><\/div><figcaption>\n<h4>Cr\u00e9dit formation<\/h4>\n<p>Financez vos \u00e9tudes<\/p>\n<\/figcaption><\/figure>\n<\/div>\n<div class=\"vc_btn3-container text-center\"><a class=\"btn-circle-2\" href=\"https:\/\/www.multicredit.ch\/fr\/credit\/financement-d-etudes-et-de-formations\/\" title=\"Cr\u00e9dit Habitation\"><span class=\"round\">&gt;<\/span><\/a><\/div>\n<p>[\/vc_column][vc_column width=&#8221;1\/5&#8243; data_aos=&#8221;fade-down&#8221; data_aos_delay=&#8221;150&#8243;]<\/p>\n<div class=\"wpb_single_image wpb_content_element vc_align_center  wpb_animate_when_almost_visible wpb_top-to-bottom top-to-bottom wpb_start_animation animated\">\n<figure class=\"wpb_wrapper vc_figure\">\n<div class=\"vc_single_image-wrapper\"><img decoding=\"async\" src=\"https:\/\/multicredit.ch\/wp\/wp-content\/uploads\/c-med.jpg\" alt=\"\" title=\"\"><\/div><figcaption>\n<h4>Cr\u00e9dit m\u00e9dical<\/h4>\n<p>Financez votre chirurgie et soin m\u00e9dical<\/p>\n<\/figcaption><\/figure>\n<\/div>\n<div class=\"vc_btn3-container text-center\"><a class=\"btn-circle-2\" href=\"https:\/\/www.multicredit.ch\/fr\/credit\/pret-medical\/\" title=\"Cr\u00e9dit Habitation\"><span class=\"round\">&gt;<\/span><\/a><\/div>\n<p>[\/vc_column][vc_column width=&#8221;1\/5&#8243; data_aos=&#8221;fade-down&#8221; data_aos_delay=&#8221;200&#8243;]<\/p>\n<div class=\"wpb_single_image wpb_content_element vc_align_center  wpb_animate_when_almost_visible wpb_top-to-bottom top-to-bottom wpb_start_animation animated\">\n<figure class=\"wpb_wrapper vc_figure\">\n<div class=\"vc_single_image-wrapper\"><img decoding=\"async\" src=\"https:\/\/multicredit.ch\/wp\/wp-content\/uploads\/c-all.jpg\" alt=\"\" title=\"\"><\/div><figcaption>\n<h4>Cr\u00e9dits divers<\/h4>\n<p>Pour tout autre projet<\/p>\n<\/figcaption><\/figure>\n<\/div>\n<div class=\"vc_btn3-container text-center\"><a class=\"btn-circle-2\" href=\"https:\/\/www.multicredit.ch\/fr\/credit\/credits-divers\/\" title=\"Cr\u00e9dit Habitation\"><span class=\"round\">&gt;<\/span><\/a><\/div>\n<p>[\/vc_column][\/vc_row][vc_row full_width=&#8221;stretch_row&#8221; el_class=&#8221;white-bck regularpadding steps&#8221;][vc_column data_aos=&#8221;fade-in&#8221;]<\/p>\n<div class=\"blocktitle title-center title-dark\" clearfix\"><H2><span class=\"ez-toc-section\" id=\"Votre_credit_en_4_etapes\"><\/span>Votre cr\u00e9dit en 4 \u00e9tapes<\/H2><\/p>\n<h4>Simple et rapide<\/h4>\n<\/div>\n<p>[vc_row_inner equal_height=&#8221;yes&#8221;][vc_column_inner width=&#8221;1\/4&#8243;][vc_pie value=&#8221;25&#8243; label_value=&#8221;1&#8243; color=&#8221;custom&#8221; title=&#8221;Demande&#8221; custom_color=&#8221;#df003c&#8221;][vc_column_text]<\/p>\n<p style=\"text-align: center;\">Vous remplissez le formulaire de demande de cr\u00e9dit selon vos besoins.<\/p>\n<h5 style=\"text-align: center;\">2 min<\/h5>\n<p>[\/vc_column_text][\/vc_column_inner][vc_column_inner width=&#8221;1\/4&#8243;][vc_pie label_value=&#8221;2&#8243; color=&#8221;custom&#8221; title=&#8221;Proposition&#8221; custom_color=&#8221;#df003c&#8221;][vc_column_text]<\/p>\n<p style=\"text-align: center;\">Nous analysons votre demande et vous proposons une solution adapt\u00e9e \u00e0 votre profil.<\/p>\n<h5 style=\"text-align: center;\">12 heures<\/h5>\n<p>[\/vc_column_text][\/vc_column_inner][vc_column_inner width=&#8221;1\/4&#8243;][vc_pie value=&#8221;75&#8243; label_value=&#8221;3&#8243; color=&#8221;custom&#8221; title=&#8221;Signature&#8221; custom_color=&#8221;#df003c&#8221;][vc_column_text]<\/p>\n<p style=\"text-align: center;\">Une fois le contrat \u00e9tabli, il vous suffit de le signer et nous le transmettre.<\/p>\n<h5 style=\"text-align: center;\">Cette \u00e9tape d\u00e9pend de votre r\u00e9activit\u00e9.<\/h5>\n<p>[\/vc_column_text][\/vc_column_inner][vc_column_inner width=&#8221;1\/4&#8243;][vc_pie value=&#8221;100&#8243; label_value=&#8221;4&#8243; color=&#8221;custom&#8221; title=&#8221;Virement&#8221; custom_color=&#8221;#df003c&#8221;][vc_column_text]<\/p>\n<p style=\"text-align: center;\">Le montant est vir\u00e9 dans votre compte.<\/p>\n<h5 style=\"text-align: center;\">14 jours (D\u00e9lai l\u00e9gal)<\/h5>\n<p>[\/vc_column_text][\/vc_column_inner][\/vc_row_inner][\/vc_column][\/vc_row][vc_row full_width=&#8221;stretch_row&#8221; content_placement=&#8221;middle&#8221; el_class=&#8221;lightgrey-bck bigpadding checklist&#8221;][vc_column data_aos=&#8221;fade-in&#8221;]<\/p>\n<div class=\"blocktitle title-left title-dark\" clearfix\"><H3><span class=\"ez-toc-section\" id=\"Confiez-nous_la_recherche_de_votre_meilleure_offre_possible_de_credit\"><\/span>Confiez-nous la recherche de votre meilleure offre possible de cr\u00e9dit<\/H3><\/p>\n<h4>Nous cherchons toujours la meilleure offre possible pour nos clients de partout en Suisse.<\/h4>\n<\/div>\n<p>[vc_row_inner][vc_column_inner width=&#8221;1\/2&#8243;][vc_column_text]<\/p>\n<h3><span class=\"ez-toc-section\" id=\"Pourquoi_le_taux_effectif_est_essentiel\"><\/span>Pourquoi le taux effectif est essentiel ?<span class=\"ez-toc-section-end\"><\/span><\/h3>\n<ul>\n<li><strong>Comparaison des offres :<\/strong> Le taux effectif est le seul indicateur fiable pour comparer deux cr\u00e9dits, car il inclut l\u2019ensemble des co\u00fbts.<\/li>\n<li><strong>Prise de d\u00e9cision \u00e9clair\u00e9e :<\/strong> Vous pouvez choisir en toute confiance l\u2019option qui correspond le mieux \u00e0 vos besoins et \u00e0 votre budget.<\/li>\n<li><strong>Ma\u00eetrise du co\u00fbt total :<\/strong> En comprenant le taux effectif, vous savez exactement combien vous co\u00fbtera votre cr\u00e9dit, mois apr\u00e8s mois.<\/li>\n<\/ul>\n<hr \/>\n<p>Avec <strong>MultiCredit<\/strong>, vous b\u00e9n\u00e9ficiez d\u2019un service sur-mesure et d\u2019une explication claire de tous les termes li\u00e9s \u00e0 votre emprunt. <strong>Contactez nos experts<\/strong> pour une analyse personnalis\u00e9e de votre situation et trouvez le cr\u00e9dit parfaitement adapt\u00e9 \u00e0 vos besoins ![\/vc_column_text][vc_btn title=&#8221;D\u00e9couvrir&#8221; link=&#8221;url:https%3A%2F%2Fwww.multicredit.ch%2Ffr%2Fa-propos%2F|title:A%20propos||&#8221;][\/vc_column_inner][vc_column_inner width=&#8221;1\/2&#8243;][vc_column_text]<\/p>\n<ul>\n<li><strong>S\u00e9curit\u00e9 et confidentialit\u00e9<\/strong><\/li>\n<li><strong>Proximit\u00e9 et responsabilit\u00e9<\/strong><\/li>\n<li><strong>Prise en charge garantie en moins de 24h<\/strong><\/li>\n<li><strong>Taux inf\u00e9rieur \u00e0 la concurrence<\/strong><\/li>\n<\/ul>\n<p>[\/vc_column_text][\/vc_column_inner][\/vc_row_inner][\/vc_column][\/vc_row]<\/section>\n","protected":false},"excerpt":{"rendered":"<p>Concr\u00e9tisez votre projet simplement<\/p>\n","protected":false},"author":25,"featured_media":11770,"parent":27450,"menu_order":-9,"comment_status":"closed","ping_status":"closed","template":"template-credit.php","meta":{"inline_featured_image":false,"footnotes":"","_links_to":"","_links_to_target":""},"categories":[33],"class_list":["post-27595","page","type-page","status-publish","has-post-thumbnail","hentry","category-credit"],"_links":{"self":[{"href":"https:\/\/multicredit.ch\/fr\/wp-json\/wp\/v2\/pages\/27595","targetHints":{"allow":["GET"]}}],"collection":[{"href":"https:\/\/multicredit.ch\/fr\/wp-json\/wp\/v2\/pages"}],"about":[{"href":"https:\/\/multicredit.ch\/fr\/wp-json\/wp\/v2\/types\/page"}],"author":[{"embeddable":true,"href":"https:\/\/multicredit.ch\/fr\/wp-json\/wp\/v2\/users\/25"}],"replies":[{"embeddable":true,"href":"https:\/\/multicredit.ch\/fr\/wp-json\/wp\/v2\/comments?post=27595"}],"version-history":[{"count":4,"href":"https:\/\/multicredit.ch\/fr\/wp-json\/wp\/v2\/pages\/27595\/revisions"}],"predecessor-version":[{"id":27599,"href":"https:\/\/multicredit.ch\/fr\/wp-json\/wp\/v2\/pages\/27595\/revisions\/27599"}],"up":[{"embeddable":true,"href":"https:\/\/multicredit.ch\/fr\/wp-json\/wp\/v2\/pages\/27450"}],"wp:featuredmedia":[{"embeddable":true,"href":"https:\/\/multicredit.ch\/fr\/wp-json\/wp\/v2\/media\/11770"}],"wp:attachment":[{"href":"https:\/\/multicredit.ch\/fr\/wp-json\/wp\/v2\/media?parent=27595"}],"wp:term":[{"taxonomy":"category","embeddable":true,"href":"https:\/\/multicredit.ch\/fr\/wp-json\/wp\/v2\/categories?post=27595"}],"curies":[{"name":"wp","href":"https:\/\/api.w.org\/{rel}","templated":true}]}}