{"id":27553,"date":"2024-11-28T21:45:25","date_gmt":"2024-11-28T21:45:25","guid":{"rendered":"https:\/\/multicredit.ch\/?page_id=27553"},"modified":"2025-12-03T16:48:33","modified_gmt":"2025-12-03T16:48:33","slug":"leasing-ou-credit","status":"publish","type":"page","link":"https:\/\/multicredit.ch\/fr\/avantages\/leasing-ou-credit\/","title":{"rendered":"Leasing ou cr\u00e9dit ?"},"content":{"rendered":"<section class=\"wpb-content-wrapper\">[vc_row full_width=&#8221;stretch_row&#8221; el_class=&#8221;white-bck bigpadding&#8221; css=&#8221;.vc_custom_1586929679182{padding-bottom: 24px !important;}&#8221;][vc_column data_aos=&#8221;fade-in&#8221;]<\/p>\n<div class=\"blocktitle title-center title-dark\" clearfix\"><H2><span class=\"ez-toc-section\" id=\"Cest_mieux_un_leasing_ou_un_credit_avec_courtier_comme_MultiCredit\"><\/span>C&#8217;est mieux un leasing ou un cr\u00e9dit avec courtier comme MultiCredit ?<\/H2><\/div>\n<p>[vc_column_text]Lorsque vous envisagez de <a href=\"https:\/\/multicredit.ch\/fr\/credit\/credit-vehicule\/financement-automobile\/\">financer une <strong>voiture<\/strong><\/a>, une <strong>moto<\/strong>, un <strong>camping-car<\/strong> ou un <strong>bateau<\/strong>, vous vous posez s\u00fbrement la question : <strong>cr\u00e9dit ou leasing ?<\/strong> Si le leasing peut sembler s\u00e9duisant avec des mensualit\u00e9s basses, il cache de nombreux inconv\u00e9nients. <strong>MultiCredit<\/strong> vous explique pourquoi le <strong>cr\u00e9dit priv\u00e9<\/strong> est souvent la solution la plus avantageuse et s\u00e9curisante pour vos projets.[\/vc_column_text][vc_column_text el_class=&#8221;pb-2 maxwidth&#8221;]<\/p>\n<h2><span class=\"ez-toc-section\" id=\"Propriete_Votre_Vehicule_Vous_Appartient_avec_un_Credit\"><\/span><strong>Propri\u00e9t\u00e9 : Votre V\u00e9hicule Vous Appartient avec un Cr\u00e9dit<\/strong><span class=\"ez-toc-section-end\"><\/span><\/h2>\n<ul>\n<li><strong>Avec un cr\u00e9dit priv\u00e9<\/strong> : D\u00e8s la signature du contrat, vous \u00eates propri\u00e9taire du v\u00e9hicule. Vous \u00eates libre de le revendre, de le modifier ou de le conserver aussi longtemps que vous le souhaitez.<\/li>\n<li><strong>Avec un leasing<\/strong> : Le v\u00e9hicule appartient \u00e0 l\u2019organisme de financement. Vous n\u2019avez aucun droit de propri\u00e9t\u00e9 avant la fin du contrat et devez payer une somme importante pour l\u2019acqu\u00e9rir \u00e0 terme.<\/li>\n<\/ul>\n<p>[\/vc_column_text][vc_column_text]<\/p>\n<h3><span class=\"ez-toc-section\" id=\"Nos_points_fort_ci_dessous_pour_obtenir_les_meilleures_offres_possibles_pour_nos_clients_partout_en_Suisse\"><\/span>Nos points fort ci dessous pour obtenir les meilleures offres possibles pour nos clients partout en Suisse<span class=\"ez-toc-section-end\"><\/span><\/h3>\n<p>[\/vc_column_text][\/vc_column][\/vc_row][vc_row full_width=&#8221;stretch_row&#8221; el_class=&#8221;white-bck&#8221; css=&#8221;.vc_custom_1586930817763{padding-top: 24px !important;padding-bottom: 0px !important;}&#8221;][vc_column width=&#8221;1\/2&#8243; data_aos=&#8221;fade-up&#8221; el_class=&#8221;checklist&#8221;][vc_column_text]<\/p>\n<ul>\n<li>Recevez une d\u00e9cision pr\u00e9liminaire en seulement 5 minutes, lors du premier contact t\u00e9l\u00e9phonique<\/li>\n<li>Traitement sans frais de votre demande et offre sans engagement<\/li>\n<li>Confidentialit\u00e9 garantie (nous sommes soumis au secret bancaire)<\/li>\n<li>Remboursement flexible sur 12 \u00e0 84 mois<\/li>\n<li>Mensualit\u00e9s adapt\u00e9es et baisse des int\u00e9r\u00eats<\/li>\n<li>Modalit\u00e9s (dur\u00e9e, taux, montant) flexibles et adaptables<\/li>\n<li>Remboursement de votre pr\u00eat de fa\u00e7on anticip\u00e9e \u00e0 tout moment<\/li>\n<\/ul>\n<p>[\/vc_column_text][\/vc_column][vc_column width=&#8221;1\/2&#8243; data_aos=&#8221;fade-up&#8221; data_aos_delay=&#8221;250&#8243; el_class=&#8221;checklist&#8221;][vc_column_text]<\/p>\n<ul>\n<li>Pour les Suisses et d\u00e9tenteurs de permis C, d\u00e9ductions fiscales possibles des int\u00e9r\u00eats de la dette<\/li>\n<li>D\u00e9marches simplifi\u00e9es et plus rapides que l\u2019hypoth\u00e8que et le leasing<\/li>\n<li>Prise en charge de vos d\u00e9marches administratives<\/li>\n<li>D\u00e9marches simples, rapides et discr\u00e8tes<\/li>\n<li>Constitution de votre dossier par un sp\u00e9cialiste<\/li>\n<li>Conseil personnalis\u00e9 \u00e0 domicile ou \u00e0 notre bureau<\/li>\n<\/ul>\n<p>[\/vc_column_text][\/vc_column][\/vc_row][vc_row full_width=&#8221;stretch_row&#8221; el_class=&#8221;white-bck bigpadding&#8221; css=&#8221;.vc_custom_1586929684389{padding-top: 24px !important;}&#8221;][vc_column data_aos=&#8221;fade-in&#8221;][vc_column_text el_class=&#8221;pt-2&#8243;]<\/p>\n<p style=\"text-align: center;\"><strong>Pour particuliers r\u00e9sidant en Suisse, suisses ou <a href=\"https:\/\/www.sem.admin.ch\/sem\/fr\/home\/themen\/aufenthalt\/eu_efta.html\" target=\"_blank\" rel=\"noopener\">d\u00e9tenteurs d\u2019un permis B, C ou d\u2019une carte de l\u00e9gitimation (D, E, G et H)<\/a> , augmenter vos liquidit\u00e9s est possible, faire des \u00e9conomies aussi. B\u00e9n\u00e9ficiez de l\u2019\u00e9tude individualis\u00e9e de votre projet, d\u2019une offre de pr\u00eat sur mesure tr\u00e8s rapidement.<\/strong><\/p>\n<h2><span class=\"ez-toc-section\" id=\"Pas_de_Restrictions_avec_un_Credit\"><\/span><strong>Pas de Restrictions avec un Cr\u00e9dit<\/strong><span class=\"ez-toc-section-end\"><\/span><\/h2>\n<ul>\n<li><strong>Avec un cr\u00e9dit priv\u00e9<\/strong> : Vous \u00eates libre d\u2019utiliser le v\u00e9hicule comme bon vous semble, sans limite de kilom\u00e9trage ni contraintes sp\u00e9cifiques. Vous choisissez \u00e9galement l\u2019assurance qui vous convient le mieux.<\/li>\n<li><strong>Avec un leasing<\/strong> : Les contrats imposent des restrictions strictes, notamment un <strong>kilom\u00e9trage limit\u00e9<\/strong>, des p\u00e9nalit\u00e9s en cas de d\u00e9passement et l\u2019obligation de souscrire une <strong>assurance casco compl\u00e8te<\/strong>, souvent co\u00fbteuse.<\/li>\n<\/ul>\n<hr \/>\n<h2><span class=\"ez-toc-section\" id=\"Transparence_Financiere_Le_Credit_Evite_les_Mauvaises_Surprises\"><\/span><strong>Transparence Financi\u00e8re : Le Cr\u00e9dit \u00c9vite les Mauvaises Surprises<\/strong><span class=\"ez-toc-section-end\"><\/span><\/h2>\n<ul>\n<li><strong>Avec un cr\u00e9dit priv\u00e9<\/strong> : Les conditions sont claires et transparentes. Le taux d\u2019int\u00e9r\u00eat est fixe, et vous savez exactement combien vous paierez chaque mois. De plus, les int\u00e9r\u00eats du cr\u00e9dit sont <strong>d\u00e9ductibles fiscalement<\/strong>, ce qui r\u00e9duit votre charge fiscale.<\/li>\n<li><strong>Avec un leasing<\/strong> : Les taux affich\u00e9s ne comprennent pas toujours la TVA, et les mensualit\u00e9s peuvent augmenter en cas de hausse de la TVA. En cas de rupture anticip\u00e9e du contrat, des frais \u00e9lev\u00e9s s\u2019appliquent.<\/li>\n<\/ul>\n<hr \/>\n<h2><span class=\"ez-toc-section\" id=\"Flexibilite_en_Cas_de_Difficultes_Financieres\"><\/span><strong>Flexibilit\u00e9 en Cas de Difficult\u00e9s Financi\u00e8res<\/strong><span class=\"ez-toc-section-end\"><\/span><\/h2>\n<ul>\n<li><strong>Avec un cr\u00e9dit priv\u00e9<\/strong> : Si vous rencontrez un impr\u00e9vu, vous pouvez revendre le v\u00e9hicule pour solder tout ou partie du <a href=\"https:\/\/multicredit.ch\/fr\/\">cr\u00e9dit<\/a>, sans p\u00e9nalit\u00e9.<\/li>\n<li><strong>Avec un leasing<\/strong> : Une rupture anticip\u00e9e du contrat peut entra\u00eener des frais de plusieurs milliers de francs, et vous ne pouvez pas vendre le v\u00e9hicule sans l\u2019accord de l\u2019organisme financier.<\/li>\n<\/ul>\n<hr \/>\n<h2><span class=\"ez-toc-section\" id=\"Couverture_Contre_les_Imprevus_Le_Credit_Offre_Plus_de_Securite\"><\/span><strong>Couverture Contre les Impr\u00e9vus : Le Cr\u00e9dit Offre Plus de S\u00e9curit\u00e9<\/strong><span class=\"ez-toc-section-end\"><\/span><\/h2>\n<ul>\n<li><strong>Avec un cr\u00e9dit priv\u00e9<\/strong> : MultiCredit propose des options d\u2019assurance facultatives pour vous prot\u00e9ger contre les al\u00e9as de la vie, comme le ch\u00f4mage, la maladie ou un accident.<\/li>\n<li><strong>Avec un leasing<\/strong> : Aucune couverture n\u2019est incluse. Vous restez responsable des paiements, m\u00eame en cas de difficult\u00e9s personnelles.<\/li>\n<\/ul>\n<hr \/>\n<h2><span class=\"ez-toc-section\" id=\"Le_Credit_une_Solution_Economique_a_Long_Terme\"><\/span><strong>Le Cr\u00e9dit, une Solution \u00c9conomique \u00e0 Long Terme<\/strong><span class=\"ez-toc-section-end\"><\/span><\/h2>\n<ul>\n<li><strong>Avec un cr\u00e9dit priv\u00e9<\/strong> : Les mensualit\u00e9s sont l\u00e9g\u00e8rement plus \u00e9lev\u00e9es qu\u2019un leasing, mais elles incluent votre propri\u00e9t\u00e9 totale du v\u00e9hicule. \u00c0 long terme, le co\u00fbt global est souvent inf\u00e9rieur.<\/li>\n<li><strong>Avec un leasing<\/strong> : Les mensualit\u00e9s peuvent para\u00eetre attractives, mais les frais annexes (assurance, kilom\u00e9trage, rachat en fin de contrat) alourdissent consid\u00e9rablement le co\u00fbt total.<\/li>\n<\/ul>\n<hr \/>\n<h2><span class=\"ez-toc-section\" id=\"Une_Liberte_Totale_pour_Vos_Projets\"><\/span><strong>Une Libert\u00e9 Totale pour Vos Projets<\/strong><span class=\"ez-toc-section-end\"><\/span><\/h2>\n<p>Avec un cr\u00e9dit priv\u00e9, vous \u00eates <strong>libre de changer de v\u00e9hicule quand vous le souhaitez<\/strong>, sans subir les contraintes d\u2019un contrat rigide. Vous choisissez \u00e9galement la dur\u00e9e de remboursement et le montant des mensualit\u00e9s en fonction de vos capacit\u00e9s financi\u00e8res.<\/p>\n<p>.[\/vc_column_text][\/vc_column][\/vc_row][vc_row full_width=&#8221;stretch_row&#8221; equal_height=&#8221;yes&#8221; el_class=&#8221;lightgrey-bck bigpadding flex-eq-height diagonal-top-bck one-fifth-link-bloc&#8221;][vc_column width=&#8221;1\/5&#8243; data_aos=&#8221;fade-down&#8221; data_aos_delay=&#8221;0&#8243;]<\/p>\n<div class=\"wpb_single_image wpb_content_element vc_align_center  wpb_animate_when_almost_visible wpb_top-to-bottom top-to-bottom wpb_start_animation animated\">\n<figure class=\"wpb_wrapper vc_figure\">\n<div class=\"vc_single_image-wrapper\"><img decoding=\"async\" src=\"https:\/\/multicredit.ch\/wp\/wp-content\/uploads\/c-hab.jpg\" alt=\"\" title=\"\"><\/div><figcaption>\n<h4>Cr\u00e9dit habitation<\/h4>\n<p>Financez am\u00e9nagements et habitations<\/p>\n<\/figcaption><\/figure>\n<\/div>\n<div class=\"vc_btn3-container text-center\"><a class=\"btn-circle-2\" href=\"https:\/\/www.multicredit.ch\/fr\/credit\/credit-habitation\/\" title=\"Cr\u00e9dit Habitation\"><span class=\"round\">&gt;<\/span><\/a><\/div>\n<p>[\/vc_column][vc_column width=&#8221;1\/5&#8243; data_aos=&#8221;fade-down&#8221; data_aos_delay=&#8221;50&#8243;]<\/p>\n<div class=\"wpb_single_image wpb_content_element vc_align_center  wpb_animate_when_almost_visible wpb_top-to-bottom top-to-bottom wpb_start_animation animated\">\n<figure class=\"wpb_wrapper vc_figure\">\n<div class=\"vc_single_image-wrapper\"><img decoding=\"async\" src=\"https:\/\/multicredit.ch\/wp\/wp-content\/uploads\/c-auto.jpg\" alt=\"\" title=\"\"><\/div><figcaption>\n<h4>Cr\u00e9dit auto<\/h4>\n<p>Achetez votre v\u00e9hicule \u00e0 cr\u00e9dit<\/p>\n<\/figcaption><\/figure>\n<\/div>\n<div class=\"vc_btn3-container text-center\"><a class=\"btn-circle-2\" href=\"https:\/\/www.multicredit.ch\/fr\/credit\/credit-auto\" title=\"Cr\u00e9dit Habitation\"><span class=\"round\">&gt;<\/span><\/a><\/div>\n<p>[\/vc_column][vc_column width=&#8221;1\/5&#8243; data_aos=&#8221;fade-down&#8221; data_aos_delay=&#8221;100&#8243;]<\/p>\n<div class=\"wpb_single_image wpb_content_element vc_align_center  wpb_animate_when_almost_visible wpb_top-to-bottom top-to-bottom wpb_start_animation animated\">\n<figure class=\"wpb_wrapper vc_figure\">\n<div class=\"vc_single_image-wrapper\"><img decoding=\"async\" src=\"https:\/\/multicredit.ch\/wp\/wp-content\/uploads\/c-form.jpg\" alt=\"\" title=\"\"><\/div><figcaption>\n<h4>Cr\u00e9dit formation<\/h4>\n<p>Financez vos \u00e9tudes<\/p>\n<\/figcaption><\/figure>\n<\/div>\n<div class=\"vc_btn3-container text-center\"><a class=\"btn-circle-2\" href=\"https:\/\/www.multicredit.ch\/fr\/credit\/financement-d-etudes-et-de-formations\/\" title=\"Cr\u00e9dit Habitation\"><span class=\"round\">&gt;<\/span><\/a><\/div>\n<p>[\/vc_column][vc_column width=&#8221;1\/5&#8243; data_aos=&#8221;fade-down&#8221; data_aos_delay=&#8221;150&#8243;]<\/p>\n<div class=\"wpb_single_image wpb_content_element vc_align_center  wpb_animate_when_almost_visible wpb_top-to-bottom top-to-bottom wpb_start_animation animated\">\n<figure class=\"wpb_wrapper vc_figure\">\n<div class=\"vc_single_image-wrapper\"><img decoding=\"async\" src=\"https:\/\/multicredit.ch\/wp\/wp-content\/uploads\/c-med.jpg\" alt=\"\" title=\"\"><\/div><figcaption>\n<h4>Cr\u00e9dit m\u00e9dical<\/h4>\n<p>Financez votre chirurgie et soin m\u00e9dical<\/p>\n<\/figcaption><\/figure>\n<\/div>\n<div class=\"vc_btn3-container text-center\"><a class=\"btn-circle-2\" href=\"https:\/\/www.multicredit.ch\/fr\/credit\/pret-medical\/\" title=\"Cr\u00e9dit Habitation\"><span class=\"round\">&gt;<\/span><\/a><\/div>\n<p>[\/vc_column][vc_column width=&#8221;1\/5&#8243; data_aos=&#8221;fade-down&#8221; data_aos_delay=&#8221;200&#8243;]<\/p>\n<div class=\"wpb_single_image wpb_content_element vc_align_center  wpb_animate_when_almost_visible wpb_top-to-bottom top-to-bottom wpb_start_animation animated\">\n<figure class=\"wpb_wrapper vc_figure\">\n<div class=\"vc_single_image-wrapper\"><img decoding=\"async\" src=\"https:\/\/multicredit.ch\/wp\/wp-content\/uploads\/c-all.jpg\" alt=\"\" title=\"\"><\/div><figcaption>\n<h4>Cr\u00e9dits divers<\/h4>\n<p>Pour tout autre projet<\/p>\n<\/figcaption><\/figure>\n<\/div>\n<div class=\"vc_btn3-container text-center\"><a class=\"btn-circle-2\" href=\"https:\/\/www.multicredit.ch\/fr\/credit\/credits-divers\/\" title=\"Cr\u00e9dit Habitation\"><span class=\"round\">&gt;<\/span><\/a><\/div>\n<p>[\/vc_column][\/vc_row][vc_row full_width=&#8221;stretch_row&#8221; el_class=&#8221;white-bck regularpadding steps&#8221;][vc_column data_aos=&#8221;fade-in&#8221;]<\/p>\n<div class=\"blocktitle title-center title-dark\" clearfix\"><H2><span class=\"ez-toc-section\" id=\"Votre_credit_en_4_etapes\"><\/span>Votre cr\u00e9dit en 4 \u00e9tapes<\/H2><\/p>\n<h4>Simple et rapide<\/h4>\n<\/div>\n<p>[vc_row_inner equal_height=&#8221;yes&#8221;][vc_column_inner width=&#8221;1\/4&#8243;][vc_pie value=&#8221;25&#8243; label_value=&#8221;1&#8243; color=&#8221;custom&#8221; title=&#8221;Demande&#8221; custom_color=&#8221;#df003c&#8221;][vc_column_text]<\/p>\n<p style=\"text-align: center;\">Vous remplissez le formulaire de demande de cr\u00e9dit selon vos besoins.<\/p>\n<h5 style=\"text-align: center;\">2 min<\/h5>\n<p>[\/vc_column_text][\/vc_column_inner][vc_column_inner width=&#8221;1\/4&#8243;][vc_pie label_value=&#8221;2&#8243; color=&#8221;custom&#8221; title=&#8221;Proposition&#8221; custom_color=&#8221;#df003c&#8221;][vc_column_text]<\/p>\n<p style=\"text-align: center;\">Nous analysons votre demande et vous proposons une solution adapt\u00e9e \u00e0 votre profil.<\/p>\n<h5 style=\"text-align: center;\">12 heures<\/h5>\n<p>[\/vc_column_text][\/vc_column_inner][vc_column_inner width=&#8221;1\/4&#8243;][vc_pie value=&#8221;75&#8243; label_value=&#8221;3&#8243; color=&#8221;custom&#8221; title=&#8221;Signature&#8221; custom_color=&#8221;#df003c&#8221;][vc_column_text]<\/p>\n<p style=\"text-align: center;\">Une fois le contrat \u00e9tabli, il vous suffit de le signer et nous le transmettre.<\/p>\n<h5 style=\"text-align: center;\">Cette \u00e9tape d\u00e9pend de votre r\u00e9activit\u00e9.<\/h5>\n<p>[\/vc_column_text][\/vc_column_inner][vc_column_inner width=&#8221;1\/4&#8243;][vc_pie value=&#8221;100&#8243; label_value=&#8221;4&#8243; color=&#8221;custom&#8221; title=&#8221;Virement&#8221; custom_color=&#8221;#df003c&#8221;][vc_column_text]<\/p>\n<p style=\"text-align: center;\">Le montant est vir\u00e9 dans votre compte.<\/p>\n<h5 style=\"text-align: center;\">14 jours (D\u00e9lai l\u00e9gal)<\/h5>\n<p>[\/vc_column_text][\/vc_column_inner][\/vc_row_inner][\/vc_column][\/vc_row][vc_row full_width=&#8221;stretch_row&#8221; content_placement=&#8221;middle&#8221; el_class=&#8221;lightgrey-bck bigpadding checklist&#8221;][vc_column data_aos=&#8221;fade-in&#8221;]<\/p>\n<div class=\"blocktitle title-left title-dark\" clearfix\"><H3><span class=\"ez-toc-section\" id=\"Confiez-nous_la_recherche_de_votre_meilleure_offre_possible_de_credit\"><\/span>Confiez-nous la recherche de votre meilleure offre possible de cr\u00e9dit<\/H3><\/p>\n<h4>Nous cherchons toujours la meilleure offre possible pour nos clients de partout en Suisse.<\/h4>\n<\/div>\n<p>[vc_row_inner][vc_column_inner width=&#8221;1\/2&#8243;][vc_column_text]<\/p>\n<div class=\"flex max-w-full flex-col flex-grow\">\n<div class=\"min-h-8 text-message flex w-full flex-col items-end gap-2 whitespace-normal break-words [.text-message+&amp;]:mt-5\" dir=\"auto\" data-message-author-role=\"assistant\" data-message-id=\"10f81a77-7535-4ce3-9874-044661be21a5\" data-message-model-slug=\"gpt-4o\">\n<div class=\"flex w-full flex-col gap-1 empty:hidden first:pt-[3px]\">\n<div class=\"markdown prose w-full break-words dark:prose-invert light\">\n<h3><span class=\"ez-toc-section\" id=\"Pourquoi_Choisir_MultiCredit_pour_Votre_Credit_Prive\"><\/span><strong>Pourquoi Choisir MultiCredit pour Votre Cr\u00e9dit Priv\u00e9 ?<\/strong><span class=\"ez-toc-section-end\"><\/span><\/h3>\n<ul>\n<li><strong>Taux d\u2019int\u00e9r\u00eat comp\u00e9titifs d\u00e8s 4.9%<\/strong> : Un des taux les plus bas du march\u00e9.<\/li>\n<li><strong>Flexibilit\u00e9 totale<\/strong> : Des montants de 5&#8217;000 \u00e0 400&#8217;000 CHF et des dur\u00e9es de remboursement jusqu\u2019\u00e0 120 mois.<\/li>\n<li><strong>Accompagnement personnalis\u00e9<\/strong> : Nos conseillers vous guident pour trouver la solution id\u00e9ale.<\/li>\n<li><strong>Processus rapide<\/strong> : R\u00e9ponse de principe imm\u00e9diate et accord d\u00e9finitif en 24 heures.<\/li>\n<li><strong>Aucun frais cach\u00e9<\/strong> : Une transparence totale, sans mauvaises surprises.<\/li>\n<\/ul>\n<hr \/>\n<h3><span class=\"ez-toc-section\" id=\"Credit_ou_Leasing_Faites_le_Choix_de_la_Liberte_avec_MultiCredit\"><\/span><strong>Cr\u00e9dit ou Leasing : Faites le Choix de la Libert\u00e9 avec MultiCredit<\/strong><span class=\"ez-toc-section-end\"><\/span><\/h3>\n<p>Ne vous laissez pas enfermer dans les contraintes d\u2019un leasing. Avec le <strong>cr\u00e9dit priv\u00e9 MultiCredit<\/strong>, vous \u00eates propri\u00e9taire d\u00e8s le premier jour, avec des conditions claires, flexibles et avantageuses.<\/p>\n<p>\ud83d\udcde <strong>Contactez-nous d\u00e8s aujourd\u2019hui<\/strong> ou <strong>remplissez notre formulaire en ligne<\/strong> pour une \u00e9valuation gratuite et rapide.<br \/>\n\ud83d\ude97 <strong>MultiCredit : Votre libert\u00e9 financi\u00e8re commence ici.<\/strong><\/p>\n<\/div>\n<\/div>\n<\/div>\n<\/div>\n<div class=\"mb-2 flex gap-3 empty:hidden -ml-2\">\n<div class=\"items-center justify-start rounded-xl p-1 flex\">\n<div class=\"flex items-center\"><\/div>\n<\/div>\n<\/div>\n<p>[\/vc_column_text][vc_btn title=&#8221;D\u00e9couvrir&#8221; link=&#8221;url:https%3A%2F%2Fwww.multicredit.ch%2Ffr%2Fa-propos%2F|title:A%20propos||&#8221;][\/vc_column_inner][vc_column_inner width=&#8221;1\/2&#8243;][vc_column_text]<\/p>\n<ul>\n<li><strong>S\u00e9curit\u00e9 et confidentialit\u00e9<\/strong><\/li>\n<li><strong>Proximit\u00e9 et responsabilit\u00e9<\/strong><\/li>\n<li><strong>Prise en charge garantie en moins de 24h<\/strong><\/li>\n<li><strong>Taux inf\u00e9rieur \u00e0 la concurrence<\/strong><\/li>\n<\/ul>\n<p>[\/vc_column_text][\/vc_column_inner][\/vc_row_inner][\/vc_column][\/vc_row]<\/section>\n","protected":false},"excerpt":{"rendered":"<p>Concr\u00e9tisez votre projet simplement<\/p>\n","protected":false},"author":25,"featured_media":11770,"parent":27543,"menu_order":-9,"comment_status":"closed","ping_status":"closed","template":"template-credit.php","meta":{"inline_featured_image":false,"footnotes":"","_links_to":"","_links_to_target":""},"categories":[33],"class_list":["post-27553","page","type-page","status-publish","has-post-thumbnail","hentry","category-credit"],"_links":{"self":[{"href":"https:\/\/multicredit.ch\/fr\/wp-json\/wp\/v2\/pages\/27553","targetHints":{"allow":["GET"]}}],"collection":[{"href":"https:\/\/multicredit.ch\/fr\/wp-json\/wp\/v2\/pages"}],"about":[{"href":"https:\/\/multicredit.ch\/fr\/wp-json\/wp\/v2\/types\/page"}],"author":[{"embeddable":true,"href":"https:\/\/multicredit.ch\/fr\/wp-json\/wp\/v2\/users\/25"}],"replies":[{"embeddable":true,"href":"https:\/\/multicredit.ch\/fr\/wp-json\/wp\/v2\/comments?post=27553"}],"version-history":[{"count":6,"href":"https:\/\/multicredit.ch\/fr\/wp-json\/wp\/v2\/pages\/27553\/revisions"}],"predecessor-version":[{"id":30105,"href":"https:\/\/multicredit.ch\/fr\/wp-json\/wp\/v2\/pages\/27553\/revisions\/30105"}],"up":[{"embeddable":true,"href":"https:\/\/multicredit.ch\/fr\/wp-json\/wp\/v2\/pages\/27543"}],"wp:featuredmedia":[{"embeddable":true,"href":"https:\/\/multicredit.ch\/fr\/wp-json\/wp\/v2\/media\/11770"}],"wp:attachment":[{"href":"https:\/\/multicredit.ch\/fr\/wp-json\/wp\/v2\/media?parent=27553"}],"wp:term":[{"taxonomy":"category","embeddable":true,"href":"https:\/\/multicredit.ch\/fr\/wp-json\/wp\/v2\/categories?post=27553"}],"curies":[{"name":"wp","href":"https:\/\/api.w.org\/{rel}","templated":true}]}}