{"id":27548,"date":"2024-11-28T21:35:36","date_gmt":"2024-11-28T21:35:36","guid":{"rendered":"https:\/\/multicredit.ch\/?page_id=27548"},"modified":"2025-12-03T16:45:08","modified_gmt":"2025-12-03T16:45:08","slug":"courtier-ou-banque","status":"publish","type":"page","link":"https:\/\/multicredit.ch\/fr\/avantages\/courtier-ou-banque\/","title":{"rendered":"Courtier ou banque"},"content":{"rendered":"<section class=\"wpb-content-wrapper\">[vc_row full_width=&#8221;stretch_row&#8221; el_class=&#8221;white-bck bigpadding&#8221; css=&#8221;.vc_custom_1586929679182{padding-bottom: 24px !important;}&#8221;][vc_column data_aos=&#8221;fade-in&#8221;]<\/p>\n<div class=\"blocktitle title-center title-dark\" clearfix\"><H2><span class=\"ez-toc-section\" id=\"Cest_mieux_une_banque_ou_un_courtier_comme_MultiCredit\"><\/span>C&#8217;est mieux une banque ou un courtier comme MultiCredit ?<\/H2><\/div>\n<p>[vc_column_text]Lorsqu\u2019il s\u2019agit de souscrire un <a href=\"https:\/\/multicredit.ch\/fr\/\">cr\u00e9dit<\/a>, beaucoup de personnes pensent naturellement \u00e0 leur banque. Pourtant, passer par un <strong>courtier comme MultiCredit<\/strong> pr\u00e9sente de nombreux avantages, tant en termes de flexibilit\u00e9 que de conditions financi\u00e8res. Voici pourquoi choisir MultiCredit est une solution plus avantageuse et adapt\u00e9e \u00e0 vos besoins.[\/vc_column_text][vc_column_text el_class=&#8221;pb-2 maxwidth&#8221;]<\/p>\n<h2><span class=\"ez-toc-section\" id=\"Acces_a_un_Plus_Large_Panel_dOffres\"><\/span><strong>Acc\u00e8s \u00e0 un Plus Large Panel d\u2019Offres<\/strong><span class=\"ez-toc-section-end\"><\/span><\/h2>\n<p>Contrairement \u00e0 une banque qui ne propose que ses propres produits, <strong>MultiCredit travaille avec plusieurs partenaires financiers<\/strong> en Suisse. Cela signifie que nous comparons les offres de plusieurs institutions pour vous proposer <strong>la solution la mieux adapt\u00e9e<\/strong> \u00e0 votre profil et \u00e0 vos besoins sp\u00e9cifiques.<\/p>\n<ul>\n<li><strong>R\u00e9sultat<\/strong> : Vous obtenez un cr\u00e9dit sur mesure avec des conditions plus avantageuses.<\/li>\n<\/ul>\n<hr \/>\n<h2><span class=\"ez-toc-section\" id=\"Une_Neutralite_Qui_Joue_en_Votre_Faveur\"><\/span><strong>Une Neutralit\u00e9 Qui Joue en Votre Faveur<\/strong><span class=\"ez-toc-section-end\"><\/span><\/h2>\n<p>En tant que courtier ind\u00e9pendant, <strong>MultiCredit ne d\u00e9pend d\u2019aucune banque<\/strong>. Nous sommes enti\u00e8rement d\u00e9di\u00e9s \u00e0 d\u00e9fendre vos int\u00e9r\u00eats, et non ceux d\u2019un \u00e9tablissement financier.<\/p>\n<ul>\n<li><strong>R\u00e9sultat<\/strong> : Nos recommandations sont 100 % objectives, bas\u00e9es uniquement sur ce qui est le mieux pour vous.<\/li>\n<\/ul>\n<p>[\/vc_column_text][vc_column_text]<\/p>\n<h3><span class=\"ez-toc-section\" id=\"Nos_points_fort_ci_dessous_pour_obtenir_les_meilleures_offres_possibles_pour_nos_clients_partout_en_Suisse\"><\/span>Nos points fort ci dessous pour obtenir les meilleures offres possibles pour nos clients partout en Suisse<span class=\"ez-toc-section-end\"><\/span><\/h3>\n<p>[\/vc_column_text][\/vc_column][\/vc_row][vc_row full_width=&#8221;stretch_row&#8221; el_class=&#8221;white-bck&#8221; css=&#8221;.vc_custom_1586930817763{padding-top: 24px !important;padding-bottom: 0px !important;}&#8221;][vc_column width=&#8221;1\/2&#8243; data_aos=&#8221;fade-up&#8221; el_class=&#8221;checklist&#8221;][vc_column_text]<\/p>\n<ul>\n<li>Recevez une d\u00e9cision pr\u00e9liminaire pour votre <a href=\"https:\/\/multicredit.ch\/fr\/demande-de-credit\/\">demande de cr\u00e9dit<\/a> en seulement 5 minutes, lors du premier contact t\u00e9l\u00e9phonique<\/li>\n<li>Traitement sans frais de votre demande et offre sans engagement<\/li>\n<li>Confidentialit\u00e9 garantie (nous sommes soumis au secret bancaire)<\/li>\n<li>Remboursement flexible sur 12 \u00e0 84 mois<\/li>\n<li>Mensualit\u00e9s adapt\u00e9es et baisse des int\u00e9r\u00eats<\/li>\n<li>Modalit\u00e9s (dur\u00e9e, taux, montant) flexibles et adaptables<\/li>\n<li>Remboursement de votre pr\u00eat de fa\u00e7on anticip\u00e9e \u00e0 tout moment<\/li>\n<\/ul>\n<p>[\/vc_column_text][\/vc_column][vc_column width=&#8221;1\/2&#8243; data_aos=&#8221;fade-up&#8221; data_aos_delay=&#8221;250&#8243; el_class=&#8221;checklist&#8221;][vc_column_text]<\/p>\n<ul>\n<li>Pour les Suisses et d\u00e9tenteurs de permis C, d\u00e9ductions fiscales possibles des int\u00e9r\u00eats de la dette<\/li>\n<li>D\u00e9marches simplifi\u00e9es et plus rapides que l\u2019hypoth\u00e8que et le leasing<\/li>\n<li>Prise en charge de vos d\u00e9marches administratives<\/li>\n<li>D\u00e9marches simples, rapides et discr\u00e8tes<\/li>\n<li>Constitution de votre dossier par un sp\u00e9cialiste<\/li>\n<li>Conseil personnalis\u00e9 \u00e0 domicile ou \u00e0 notre bureau<\/li>\n<\/ul>\n<p>[\/vc_column_text][\/vc_column][\/vc_row][vc_row full_width=&#8221;stretch_row&#8221; el_class=&#8221;white-bck bigpadding&#8221; css=&#8221;.vc_custom_1586929684389{padding-top: 24px !important;}&#8221;][vc_column data_aos=&#8221;fade-in&#8221;][vc_column_text el_class=&#8221;pt-2&#8243;]<\/p>\n<p style=\"text-align: center;\"><strong>Pour particuliers r\u00e9sidant en Suisse, suisses ou <a href=\"https:\/\/www.sem.admin.ch\/sem\/fr\/home\/themen\/aufenthalt\/eu_efta.html\" target=\"_blank\" rel=\"noopener\">d\u00e9tenteurs d\u2019un permis B, C ou d\u2019une carte de l\u00e9gitimation (D, E, G et H)<\/a> , augmenter vos liquidit\u00e9s est possible, faire des \u00e9conomies aussi. B\u00e9n\u00e9ficiez de l\u2019\u00e9tude individualis\u00e9e de votre projet, d\u2019une offre de pr\u00eat sur mesure tr\u00e8s rapidement.<\/strong><\/p>\n<h2><span class=\"ez-toc-section\" id=\"Des_Conditions_de_Credit_Plus_Attractives\"><\/span><strong>Des Conditions de Cr\u00e9dit Plus Attractives<\/strong><span class=\"ez-toc-section-end\"><\/span><\/h2>\n<p>Gr\u00e2ce \u00e0 nos partenariats de longue date avec les principales banques suisses, nous b\u00e9n\u00e9ficions de <strong>conditions privil\u00e9gi\u00e9es<\/strong> :<\/p>\n<ul>\n<li><strong>Taux d\u2019int\u00e9r\u00eat parmi les plus bas<\/strong> du march\u00e9, d\u00e8s 4.9 %.<\/li>\n<li>Conditions adapt\u00e9es \u00e0 votre situation, m\u00eame en cas de profils complexes.<\/li>\n<li><strong>R\u00e9sultat<\/strong> : Vous \u00e9conomisez sur le co\u00fbt total de votre cr\u00e9dit.<\/li>\n<\/ul>\n<hr \/>\n<h2><span class=\"ez-toc-section\" id=\"Un_Gain_de_Temps_Considerable\"><\/span><strong>Un Gain de Temps Consid\u00e9rable<\/strong><span class=\"ez-toc-section-end\"><\/span><\/h2>\n<p>Faire une demande aupr\u00e8s de plusieurs banques peut \u00eatre fastidieux et chronophage. Avec MultiCredit, nous faisons tout pour vous :<\/p>\n<ul>\n<li>Analyse de votre dossier.<\/li>\n<li>Comparaison des offres.<\/li>\n<li>N\u00e9gociation des conditions avec les banques.<\/li>\n<li><strong>R\u00e9sultat<\/strong> : Vous recevez une solution cl\u00e9 en main, sans vous soucier des d\u00e9marches administratives.<\/li>\n<\/ul>\n<hr \/>\n<h2><span class=\"ez-toc-section\" id=\"Un_Conseil_Personnalise\"><\/span><strong>Un Conseil Personnalis\u00e9<\/strong><span class=\"ez-toc-section-end\"><\/span><\/h2>\n<p>Chez MultiCredit, nous comprenons que chaque situation est unique. Nos conseillers prennent le temps d\u2019analyser votre dossier et de vous orienter vers la solution la plus adapt\u00e9e \u00e0 vos besoins financiers et \u00e0 vos projets.<\/p>\n<ul>\n<li><strong>R\u00e9sultat<\/strong> : Vous b\u00e9n\u00e9ficiez d\u2019un accompagnement humain et d\u2019une expertise sur-mesure.<\/li>\n<\/ul>\n<hr \/>\n<h2><span class=\"ez-toc-section\" id=\"Une_Reponse_Rapide_et_Efficace\"><\/span><strong>Une R\u00e9ponse Rapide et Efficace<\/strong><span class=\"ez-toc-section-end\"><\/span><\/h2>\n<p>Avec MultiCredit, vous n\u2019avez pas besoin d\u2019attendre des jours pour obtenir une r\u00e9ponse. Gr\u00e2ce \u00e0 notre <strong>processus optimis\u00e9<\/strong> :<\/p>\n<ul>\n<li>Une <strong>r\u00e9ponse de principe imm\u00e9diate<\/strong> d\u00e8s la soumission de votre dossier.<\/li>\n<li>Une r\u00e9ponse d\u00e9finitive sous <strong>24 heures<\/strong> apr\u00e8s r\u00e9ception des documents n\u00e9cessaires.<\/li>\n<li><strong>R\u00e9sultat<\/strong> : Vous concr\u00e9tisez vos projets plus rapidement.<\/li>\n<\/ul>\n<hr \/>\n<h2><span class=\"ez-toc-section\" id=\"Aucun_Frais_Cache_Zero_Surprise\"><\/span><strong>Aucun Frais Cach\u00e9, Z\u00e9ro Surprise<\/strong><span class=\"ez-toc-section-end\"><\/span><\/h2>\n<p>Contrairement \u00e0 certaines banques, MultiCredit ne facture <strong>aucun frais de dossier<\/strong>, que votre demande soit accept\u00e9e ou non. Tout est <strong>transparent<\/strong> d\u00e8s le d\u00e9part.<\/p>\n<ul>\n<li><strong>R\u00e9sultat<\/strong> : Vous ne payez que ce qui est n\u00e9cessaire, sans mauvaise surprise.<\/li>\n<\/ul>\n<hr \/>\n<h2><span class=\"ez-toc-section\" id=\"Une_Approche_Responsable_et_Securisante\"><\/span><strong>Une Approche Responsable et S\u00e9curisante<\/strong><span class=\"ez-toc-section-end\"><\/span><\/h2>\n<p>Nous savons que souscrire un cr\u00e9dit est un engagement important. C\u2019est pourquoi nous vous conseillons de mani\u00e8re responsable, en vous guidant pour \u00e9viter tout risque de surendettement.<\/p>\n<ul>\n<li>Possibilit\u00e9 de souscrire des <strong>assurances ch\u00f4mage, maladie ou accident<\/strong> pour vous prot\u00e9ger contre les impr\u00e9vus.<\/li>\n<li>Une analyse rigoureuse pour garantir que vos mensualit\u00e9s restent adapt\u00e9es \u00e0 votre budget.<\/li>\n<li><strong>R\u00e9sultat<\/strong> : Vous avancez en toute s\u00e9r\u00e9nit\u00e9.<\/li>\n<\/ul>\n<p>[\/vc_column_text][\/vc_column][\/vc_row][vc_row full_width=&#8221;stretch_row&#8221; equal_height=&#8221;yes&#8221; el_class=&#8221;lightgrey-bck bigpadding flex-eq-height diagonal-top-bck one-fifth-link-bloc&#8221;][vc_column width=&#8221;1\/5&#8243; data_aos=&#8221;fade-down&#8221; data_aos_delay=&#8221;0&#8243;]<\/p>\n<div class=\"wpb_single_image wpb_content_element vc_align_center  wpb_animate_when_almost_visible wpb_top-to-bottom top-to-bottom wpb_start_animation animated\">\n<figure class=\"wpb_wrapper vc_figure\">\n<div class=\"vc_single_image-wrapper\"><img decoding=\"async\" src=\"https:\/\/multicredit.ch\/wp\/wp-content\/uploads\/c-hab.jpg\" alt=\"\" title=\"\"><\/div><figcaption>\n<h4>Cr\u00e9dit habitation<\/h4>\n<p>Financez am\u00e9nagements et habitations<\/p>\n<\/figcaption><\/figure>\n<\/div>\n<div class=\"vc_btn3-container text-center\"><a class=\"btn-circle-2\" href=\"https:\/\/www.multicredit.ch\/fr\/credit\/credit-habitation\/\" title=\"Cr\u00e9dit Habitation\"><span class=\"round\">&gt;<\/span><\/a><\/div>\n<p>[\/vc_column][vc_column width=&#8221;1\/5&#8243; data_aos=&#8221;fade-down&#8221; data_aos_delay=&#8221;50&#8243;]<\/p>\n<div class=\"wpb_single_image wpb_content_element vc_align_center  wpb_animate_when_almost_visible wpb_top-to-bottom top-to-bottom wpb_start_animation animated\">\n<figure class=\"wpb_wrapper vc_figure\">\n<div class=\"vc_single_image-wrapper\"><img decoding=\"async\" src=\"https:\/\/multicredit.ch\/wp\/wp-content\/uploads\/c-auto.jpg\" alt=\"\" title=\"\"><\/div><figcaption>\n<h4>Cr\u00e9dit auto<\/h4>\n<p>Achetez votre v\u00e9hicule \u00e0 cr\u00e9dit<\/p>\n<\/figcaption><\/figure>\n<\/div>\n<div class=\"vc_btn3-container text-center\"><a class=\"btn-circle-2\" href=\"https:\/\/www.multicredit.ch\/fr\/credit\/credit-auto\" title=\"Cr\u00e9dit Habitation\"><span class=\"round\">&gt;<\/span><\/a><\/div>\n<p>[\/vc_column][vc_column width=&#8221;1\/5&#8243; data_aos=&#8221;fade-down&#8221; data_aos_delay=&#8221;100&#8243;]<\/p>\n<div class=\"wpb_single_image wpb_content_element vc_align_center  wpb_animate_when_almost_visible wpb_top-to-bottom top-to-bottom wpb_start_animation animated\">\n<figure class=\"wpb_wrapper vc_figure\">\n<div class=\"vc_single_image-wrapper\"><img decoding=\"async\" src=\"https:\/\/multicredit.ch\/wp\/wp-content\/uploads\/c-form.jpg\" alt=\"\" title=\"\"><\/div><figcaption>\n<h4>Cr\u00e9dit formation<\/h4>\n<p>Financez vos \u00e9tudes<\/p>\n<\/figcaption><\/figure>\n<\/div>\n<div class=\"vc_btn3-container text-center\"><a class=\"btn-circle-2\" href=\"https:\/\/www.multicredit.ch\/fr\/credit\/financement-d-etudes-et-de-formations\/\" title=\"Cr\u00e9dit Habitation\"><span class=\"round\">&gt;<\/span><\/a><\/div>\n<p>[\/vc_column][vc_column width=&#8221;1\/5&#8243; data_aos=&#8221;fade-down&#8221; data_aos_delay=&#8221;150&#8243;]<\/p>\n<div class=\"wpb_single_image wpb_content_element vc_align_center  wpb_animate_when_almost_visible wpb_top-to-bottom top-to-bottom wpb_start_animation animated\">\n<figure class=\"wpb_wrapper vc_figure\">\n<div class=\"vc_single_image-wrapper\"><img decoding=\"async\" src=\"https:\/\/multicredit.ch\/wp\/wp-content\/uploads\/c-med.jpg\" alt=\"\" title=\"\"><\/div><figcaption>\n<h4>Cr\u00e9dit m\u00e9dical<\/h4>\n<p>Financez votre chirurgie et soin m\u00e9dical<\/p>\n<\/figcaption><\/figure>\n<\/div>\n<div class=\"vc_btn3-container text-center\"><a class=\"btn-circle-2\" href=\"https:\/\/www.multicredit.ch\/fr\/credit\/pret-medical\/\" title=\"Cr\u00e9dit Habitation\"><span class=\"round\">&gt;<\/span><\/a><\/div>\n<p>[\/vc_column][vc_column width=&#8221;1\/5&#8243; data_aos=&#8221;fade-down&#8221; data_aos_delay=&#8221;200&#8243;]<\/p>\n<div class=\"wpb_single_image wpb_content_element vc_align_center  wpb_animate_when_almost_visible wpb_top-to-bottom top-to-bottom wpb_start_animation animated\">\n<figure class=\"wpb_wrapper vc_figure\">\n<div class=\"vc_single_image-wrapper\"><img decoding=\"async\" src=\"https:\/\/multicredit.ch\/wp\/wp-content\/uploads\/c-all.jpg\" alt=\"\" title=\"\"><\/div><figcaption>\n<h4>Cr\u00e9dits divers<\/h4>\n<p>Pour tout autre projet<\/p>\n<\/figcaption><\/figure>\n<\/div>\n<div class=\"vc_btn3-container text-center\"><a class=\"btn-circle-2\" href=\"https:\/\/www.multicredit.ch\/fr\/credit\/credits-divers\/\" title=\"Cr\u00e9dit Habitation\"><span class=\"round\">&gt;<\/span><\/a><\/div>\n<p>[\/vc_column][\/vc_row][vc_row full_width=&#8221;stretch_row&#8221; el_class=&#8221;white-bck regularpadding steps&#8221;][vc_column data_aos=&#8221;fade-in&#8221;]<\/p>\n<div class=\"blocktitle title-center title-dark\" clearfix\"><H2><span class=\"ez-toc-section\" id=\"Votre_credit_en_4_etapes\"><\/span>Votre cr\u00e9dit en 4 \u00e9tapes<\/H2><\/p>\n<h4>Simple et rapide<\/h4>\n<\/div>\n<p>[vc_row_inner equal_height=&#8221;yes&#8221;][vc_column_inner width=&#8221;1\/4&#8243;][vc_pie value=&#8221;25&#8243; label_value=&#8221;1&#8243; color=&#8221;custom&#8221; title=&#8221;Demande&#8221; custom_color=&#8221;#df003c&#8221;][vc_column_text]<\/p>\n<p style=\"text-align: center;\">Vous remplissez le formulaire de demande de cr\u00e9dit selon vos besoins.<\/p>\n<h5 style=\"text-align: center;\">2 min<\/h5>\n<p>[\/vc_column_text][\/vc_column_inner][vc_column_inner width=&#8221;1\/4&#8243;][vc_pie label_value=&#8221;2&#8243; color=&#8221;custom&#8221; title=&#8221;Proposition&#8221; custom_color=&#8221;#df003c&#8221;][vc_column_text]<\/p>\n<p style=\"text-align: center;\">Nous analysons votre demande et vous proposons une solution adapt\u00e9e \u00e0 votre profil.<\/p>\n<h5 style=\"text-align: center;\">12 heures<\/h5>\n<p>[\/vc_column_text][\/vc_column_inner][vc_column_inner width=&#8221;1\/4&#8243;][vc_pie value=&#8221;75&#8243; label_value=&#8221;3&#8243; color=&#8221;custom&#8221; title=&#8221;Signature&#8221; custom_color=&#8221;#df003c&#8221;][vc_column_text]<\/p>\n<p style=\"text-align: center;\">Une fois le contrat \u00e9tabli, il vous suffit de le signer et nous le transmettre.<\/p>\n<h5 style=\"text-align: center;\">Cette \u00e9tape d\u00e9pend de votre r\u00e9activit\u00e9.<\/h5>\n<p>[\/vc_column_text][\/vc_column_inner][vc_column_inner width=&#8221;1\/4&#8243;][vc_pie value=&#8221;100&#8243; label_value=&#8221;4&#8243; color=&#8221;custom&#8221; title=&#8221;Virement&#8221; custom_color=&#8221;#df003c&#8221;][vc_column_text]<\/p>\n<p style=\"text-align: center;\">Le montant est vir\u00e9 dans votre compte.<\/p>\n<h5 style=\"text-align: center;\">14 jours (D\u00e9lai l\u00e9gal)<\/h5>\n<p>[\/vc_column_text][\/vc_column_inner][\/vc_row_inner][\/vc_column][\/vc_row][vc_row full_width=&#8221;stretch_row&#8221; content_placement=&#8221;middle&#8221; el_class=&#8221;lightgrey-bck bigpadding checklist&#8221;][vc_column data_aos=&#8221;fade-in&#8221;]<\/p>\n<div class=\"blocktitle title-left title-dark\" clearfix\"><H3><span class=\"ez-toc-section\" id=\"Confiez-nous_la_recherche_de_votre_meilleure_offre_possible_de_credit\"><\/span>Confiez-nous la recherche de votre meilleure offre possible de cr\u00e9dit<\/H3><\/p>\n<h4>Nous cherchons toujours la meilleure offre possible pour nos clients de partout en Suisse.<\/h4>\n<\/div>\n<p>[vc_row_inner][vc_column_inner width=&#8221;1\/2&#8243;][vc_column_text]<\/p>\n<h3><span class=\"ez-toc-section\" id=\"Pourquoi_MultiCredit_Est_le_Choix_Evident\"><\/span><strong>Pourquoi MultiCredit Est le Choix \u00c9vident ?<\/strong><span class=\"ez-toc-section-end\"><\/span><\/h3>\n<ul>\n<li><strong>Flexibilit\u00e9<\/strong> : Une solution sur-mesure, adapt\u00e9e \u00e0 votre situation et vos projets.<\/li>\n<li><strong>\u00c9conomie<\/strong> : Des taux d\u2019int\u00e9r\u00eat comp\u00e9titifs et des mensualit\u00e9s ajust\u00e9es.<\/li>\n<li><strong>Confiance<\/strong> : Une transparence totale, sans frais cach\u00e9s ni engagement inutile.<\/li>\n<li><strong>Rapidit\u00e9<\/strong> : Un gain de temps et une r\u00e9ponse rapide.<\/li>\n<li><strong>Accompagnement humain<\/strong> : Des conseillers \u00e0 votre \u00e9coute pour vous guider pas \u00e0 pas.<\/li>\n<\/ul>\n<hr \/>\n<h3><span class=\"ez-toc-section\" id=\"Prenez_le_Controle_de_Votre_Financement_avec_MultiCredit\"><\/span><strong>Prenez le Contr\u00f4le de Votre Financement avec MultiCredit<\/strong><span class=\"ez-toc-section-end\"><\/span><\/h3>\n<p>Pourquoi vous limiter aux offres d\u2019une seule banque ? Faites appel \u00e0 <strong>MultiCredit<\/strong>, votre partenaire de confiance pour trouver le cr\u00e9dit qui vous correspond parfaitement, au meilleur taux et sans compromis.<\/p>\n<p>\ud83d\udcde <strong>Contactez-nous d\u00e8s aujourd\u2019hui<\/strong> ou <strong>remplissez notre formulaire en ligne<\/strong> pour une \u00e9valuation gratuite et rapide.<br \/>\n\ud83c\udfaf <strong>MultiCredit : Votre partenaire pour un financement simple, efficace et personnalis\u00e9.<\/strong>[\/vc_column_text][vc_btn title=&#8221;D\u00e9couvrir&#8221; link=&#8221;url:https%3A%2F%2Fwww.multicredit.ch%2Ffr%2Fa-propos%2F|title:A%20propos||&#8221;][\/vc_column_inner][vc_column_inner width=&#8221;1\/2&#8243;][vc_column_text]<\/p>\n<ul>\n<li><strong>S\u00e9curit\u00e9 et confidentialit\u00e9<\/strong><\/li>\n<li><strong>Proximit\u00e9 et responsabilit\u00e9<\/strong><\/li>\n<li><strong>Prise en charge garantie en moins de 24h<\/strong><\/li>\n<li><strong>Taux inf\u00e9rieur \u00e0 la concurrence<\/strong><\/li>\n<\/ul>\n<p>[\/vc_column_text][\/vc_column_inner][\/vc_row_inner][\/vc_column][\/vc_row]<\/section>\n","protected":false},"excerpt":{"rendered":"<p>Concr\u00e9tisez votre projet simplement<\/p>\n","protected":false},"author":25,"featured_media":11770,"parent":27543,"menu_order":-9,"comment_status":"closed","ping_status":"closed","template":"template-credit.php","meta":{"inline_featured_image":false,"footnotes":"","_links_to":"","_links_to_target":""},"categories":[33],"class_list":["post-27548","page","type-page","status-publish","has-post-thumbnail","hentry","category-credit"],"_links":{"self":[{"href":"https:\/\/multicredit.ch\/fr\/wp-json\/wp\/v2\/pages\/27548","targetHints":{"allow":["GET"]}}],"collection":[{"href":"https:\/\/multicredit.ch\/fr\/wp-json\/wp\/v2\/pages"}],"about":[{"href":"https:\/\/multicredit.ch\/fr\/wp-json\/wp\/v2\/types\/page"}],"author":[{"embeddable":true,"href":"https:\/\/multicredit.ch\/fr\/wp-json\/wp\/v2\/users\/25"}],"replies":[{"embeddable":true,"href":"https:\/\/multicredit.ch\/fr\/wp-json\/wp\/v2\/comments?post=27548"}],"version-history":[{"count":5,"href":"https:\/\/multicredit.ch\/fr\/wp-json\/wp\/v2\/pages\/27548\/revisions"}],"predecessor-version":[{"id":30104,"href":"https:\/\/multicredit.ch\/fr\/wp-json\/wp\/v2\/pages\/27548\/revisions\/30104"}],"up":[{"embeddable":true,"href":"https:\/\/multicredit.ch\/fr\/wp-json\/wp\/v2\/pages\/27543"}],"wp:featuredmedia":[{"embeddable":true,"href":"https:\/\/multicredit.ch\/fr\/wp-json\/wp\/v2\/media\/11770"}],"wp:attachment":[{"href":"https:\/\/multicredit.ch\/fr\/wp-json\/wp\/v2\/media?parent=27548"}],"wp:term":[{"taxonomy":"category","embeddable":true,"href":"https:\/\/multicredit.ch\/fr\/wp-json\/wp\/v2\/categories?post=27548"}],"curies":[{"name":"wp","href":"https:\/\/api.w.org\/{rel}","templated":true}]}}