{"id":27543,"date":"2024-11-28T17:16:43","date_gmt":"2024-11-28T17:16:43","guid":{"rendered":"https:\/\/multicredit.ch\/?page_id=27543"},"modified":"2025-12-03T16:43:52","modified_gmt":"2025-12-03T16:43:52","slug":"avantages","status":"publish","type":"page","link":"https:\/\/multicredit.ch\/fr\/avantages\/","title":{"rendered":"Avantages"},"content":{"rendered":"<section class=\"wpb-content-wrapper\">[vc_row full_width=&#8221;stretch_row&#8221; el_class=&#8221;white-bck bigpadding&#8221; css=&#8221;.vc_custom_1586929679182{padding-bottom: 24px !important;}&#8221;][vc_column data_aos=&#8221;fade-in&#8221;]<\/p>\n<div class=\"blocktitle title-center title-dark\" clearfix\"><H2><span class=\"ez-toc-section\" id=\"Avantages_dun_credit_avec_MultiCredit\"><\/span>Avantages d&#8217;un cr\u00e9dit avec MultiCredit<\/H2><\/div>\n<p>[vc_column_text]Chez <strong>MultiCredit<\/strong>, la proximit\u00e9 et le conseil sont au c\u0153ur de notre engagement. Nos conseillers experts vous accompagnent \u00e0 chaque \u00e9tape de votre demande de cr\u00e9dit, depuis votre premi\u00e8re prise de contact jusqu\u2019\u00e0 la validation d\u00e9finitive. Vous avez des questions, des doutes ou des besoins sp\u00e9cifiques ? Nos \u00e9quipes sont \u00e0 votre disposition \u00e0 tout moment pour vous guider et trouver ensemble la solution qui correspond parfaitement \u00e0 votre situation.[\/vc_column_text][vc_column_text el_class=&#8221;pb-2 maxwidth&#8221;]<strong>Une protection renforc\u00e9e contre le surendettement<\/strong><br \/>\nNous sommes conscients que contracter un cr\u00e9dit peut \u00eatre une d\u00e9cision d\u00e9licate. C\u2019est pourquoi nous nous engageons \u00e0 vous conseiller de mani\u00e8re responsable, en tenant compte de votre budget et de vos \u00e9ventuelles marges de s\u00e9curit\u00e9. Nos solutions incluent des outils tels que les <strong>assurances ch\u00f4mage et maladie<\/strong> pour vous pr\u00e9munir contre les risques de surendettement.<\/p>\n<hr \/>\n<p><strong>Respect et protection de vos droits<\/strong><br \/>\nChez MultiCredit, nous pla\u00e7ons vos droits au centre de nos priorit\u00e9s. Nous nous engageons \u00e0 vous fournir une information claire, compl\u00e8te et transparente sur les conditions de votre cr\u00e9dit et \u00e0 respecter vos choix \u00e0 chaque \u00e9tape du processus[\/vc_column_text][vc_column_text]<\/p>\n<h3><span class=\"ez-toc-section\" id=\"Nos_points_fort_ci_dessous_pour_obtenir_les_meilleures_offres_possibles_pour_nos_clients_partout_en_Suisse\"><\/span>Nos points fort ci dessous pour obtenir les meilleures offres possibles pour nos clients partout en Suisse<span class=\"ez-toc-section-end\"><\/span><\/h3>\n<p>[\/vc_column_text][\/vc_column][\/vc_row][vc_row full_width=&#8221;stretch_row&#8221; el_class=&#8221;white-bck&#8221; css=&#8221;.vc_custom_1586930817763{padding-top: 24px !important;padding-bottom: 0px !important;}&#8221;][vc_column width=&#8221;1\/2&#8243; data_aos=&#8221;fade-up&#8221; el_class=&#8221;checklist&#8221;][vc_column_text]<\/p>\n<ul>\n<li>Recevez une d\u00e9cision pr\u00e9liminaire en seulement 5 minutes, lors du premier contact t\u00e9l\u00e9phonique<\/li>\n<li>Traitement sans frais de votre demande et offre sans engagement<\/li>\n<li>Confidentialit\u00e9 garantie (nous sommes soumis au secret bancaire)<\/li>\n<li>Remboursement flexible sur 12 \u00e0 84 mois<\/li>\n<li>Mensualit\u00e9s adapt\u00e9es et baisse des int\u00e9r\u00eats<\/li>\n<li>Modalit\u00e9s (dur\u00e9e, taux, montant) flexibles et adaptables<\/li>\n<li>Remboursement de votre pr\u00eat de fa\u00e7on anticip\u00e9e \u00e0 tout moment<\/li>\n<\/ul>\n<p>[\/vc_column_text][\/vc_column][vc_column width=&#8221;1\/2&#8243; data_aos=&#8221;fade-up&#8221; data_aos_delay=&#8221;250&#8243; el_class=&#8221;checklist&#8221;][vc_column_text]<\/p>\n<ul>\n<li>Pour les Suisses et d\u00e9tenteurs de permis C, d\u00e9ductions fiscales possibles des int\u00e9r\u00eats de la dette<\/li>\n<li>D\u00e9marches simplifi\u00e9es et plus rapides que l\u2019hypoth\u00e8que et le leasing<\/li>\n<li>Prise en charge de vos d\u00e9marches administratives<\/li>\n<li>D\u00e9marches simples, rapides et discr\u00e8tes<\/li>\n<li>Constitution de votre dossier par un sp\u00e9cialiste<\/li>\n<li>Conseil personnalis\u00e9 \u00e0 domicile ou \u00e0 notre bureau<\/li>\n<\/ul>\n<p>[\/vc_column_text][\/vc_column][\/vc_row][vc_row full_width=&#8221;stretch_row&#8221; el_class=&#8221;white-bck bigpadding&#8221; css=&#8221;.vc_custom_1586929684389{padding-top: 24px !important;}&#8221;][vc_column data_aos=&#8221;fade-in&#8221;][vc_column_text el_class=&#8221;pt-2&#8243;]<\/p>\n<p style=\"text-align: center;\"><strong>Pour particuliers r\u00e9sidant en Suisse, suisses ou <a href=\"https:\/\/www.sem.admin.ch\/sem\/fr\/home\/themen\/aufenthalt\/eu_efta.html\" target=\"_blank\" rel=\"noopener\">d\u00e9tenteurs d\u2019un permis B, C ou d\u2019une carte de l\u00e9gitimation (D, E, G et H)<\/a> , augmenter vos liquidit\u00e9s est possible, faire des \u00e9conomies aussi. B\u00e9n\u00e9ficiez de l\u2019\u00e9tude individualis\u00e9e de votre projet, d\u2019une offre de pr\u00eat sur mesure tr\u00e8s rapidement.<\/strong><\/p>\n<h2><span class=\"ez-toc-section\" id=\"Un_taux_dacceptation_parmi_les_plus_eleves_en_Suisse\"><\/span><strong>Un taux d\u2019acceptation parmi les plus \u00e9lev\u00e9s en Suisse<\/strong><span class=\"ez-toc-section-end\"><\/span><\/h2>\n<p>Gr\u00e2ce \u00e0 notre approche bas\u00e9e sur une <strong>analyse approfondie des dossiers<\/strong>, notre vaste exp\u00e9rience dans le domaine du cr\u00e9dit et notre ind\u00e9pendance totale vis-\u00e0-vis des banques, nous obtenons un des taux de r\u00e9ussite les plus \u00e9lev\u00e9s du march\u00e9. Cela signifie que vous maximisez vos chances de voir votre cr\u00e9dit accept\u00e9, m\u00eame dans les situations les plus complexes.<\/p>\n<hr \/>\n<h2><span class=\"ez-toc-section\" id=\"Une_independance_totale_au_service_de_vos_interets\"><\/span><strong>Une ind\u00e9pendance totale au service de vos int\u00e9r\u00eats<\/strong><span class=\"ez-toc-section-end\"><\/span><\/h2>\n<p>MultiCredit collabore avec les principales institutions financi\u00e8res de Suisse. Cette neutralit\u00e9 nous permet de comparer les diff\u00e9rentes offres disponibles et de vous orienter vers la banque ou l\u2019organisme financier qui r\u00e9pond le mieux \u00e0 vos besoins. Vous \u00eates assur\u00e9 de b\u00e9n\u00e9ficier des meilleures conditions du march\u00e9, sans aucun conflit d\u2019int\u00e9r\u00eats.<\/p>\n<hr \/>\n<h2><span class=\"ez-toc-section\" id=\"Un_large_eventail_de_montants_disponibles\"><\/span><strong>Un large \u00e9ventail de montants disponibles<\/strong><span class=\"ez-toc-section-end\"><\/span><\/h2>\n<p>Que vous ayez besoin d\u2019un financement modeste ou d\u2019un montant important pour r\u00e9aliser un grand projet, nous couvrons des <a href=\"https:\/\/multicredit.ch\/fr\/\">cr\u00e9dits<\/a> allant de <strong>5&#8217;000 CHF<\/strong> \u00e0 <strong>400&#8217;000 CHF<\/strong>. Quel que soit votre besoin, MultiCredit est \u00e0 vos c\u00f4t\u00e9s pour le concr\u00e9tiser.<\/p>\n<hr \/>\n<h2><span class=\"ez-toc-section\" id=\"Des_taux_dinteret_parmi_les_plus_competitifs\"><\/span><strong>Des taux d\u2019int\u00e9r\u00eat parmi les plus comp\u00e9titifs<\/strong><span class=\"ez-toc-section-end\"><\/span><\/h2>\n<p>En tant que leader des courtiers en Suisse, nous sommes en mesure de vous proposer des taux d\u2019int\u00e9r\u00eat parmi les plus bas du march\u00e9, <strong>d\u00e8s 4,9%<\/strong>. Vous profitez ainsi d\u2019un financement \u00e9conomique et avantageux, adapt\u00e9 \u00e0 vos capacit\u00e9s financi\u00e8res.<\/p>\n<hr \/>\n<h2><span class=\"ez-toc-section\" id=\"Une_duree_de_remboursement_flexible_jusqua_120_mois\"><\/span><strong>Une dur\u00e9e de remboursement flexible jusqu\u2019\u00e0 120 mois<\/strong><span class=\"ez-toc-section-end\"><\/span><\/h2>\n<p>MultiCredit est l\u2019un des rares courtiers \u00e0 offrir une dur\u00e9e de remboursement pouvant aller jusqu\u2019\u00e0 <strong>10 ans (120 mois)<\/strong>. Cela vous permet de r\u00e9duire vos mensualit\u00e9s au maximum et de pr\u00e9server votre pouvoir d\u2019achat tout en remboursant votre cr\u00e9dit en toute s\u00e9r\u00e9nit\u00e9.<\/p>\n<hr \/>\n<h2><span class=\"ez-toc-section\" id=\"Une_reponse_rapide_pour_une_serenite_immediate\"><\/span><strong>Une r\u00e9ponse rapide, pour une s\u00e9r\u00e9nit\u00e9 imm\u00e9diate<\/strong><span class=\"ez-toc-section-end\"><\/span><\/h2>\n<p>D\u00e8s que vous remplissez notre formulaire en ligne, vous recevez une <strong>r\u00e9ponse de principe imm\u00e9diate<\/strong>. Une fois les documents requis fournis, vous obtenez une r\u00e9ponse d\u00e9finitive de la banque en moins de 24 heures apr\u00e8s l\u2019\u00e9valuation de votre solvabilit\u00e9. Avec MultiCredit, tout est pens\u00e9 pour vous offrir une solution rapide et fiable.<\/p>\n<hr \/>\n<h3><span class=\"ez-toc-section\" id=\"Zero_frais_de_dossier\"><\/span><strong>Z\u00e9ro frais de dossier<\/strong><span class=\"ez-toc-section-end\"><\/span><\/h3>\n<p>La <a href=\"https:\/\/multicredit.ch\/fr\/demande-de-credit\/\">demande de cr\u00e9dit<\/a> chez MultiCredit est totalement gratuite. Que votre dossier soit accept\u00e9 ou non par la banque, vous n\u2019aurez <strong>aucun frais de dossier<\/strong> \u00e0 r\u00e9gler. Cette transparence est notre gage de confiance envers nos clients.<\/p>\n<hr \/>\n<h3><span class=\"ez-toc-section\" id=\"Assurances_chomage_accident_et_maladie_une_securite_pour_votre_tranquillite_desprit\"><\/span><strong>Assurances ch\u00f4mage, accident et maladie : une s\u00e9curit\u00e9 pour votre tranquillit\u00e9 d\u2019esprit<\/strong><span class=\"ez-toc-section-end\"><\/span><\/h3>\n<p>Nous proposons des <strong>assurances facultatives<\/strong> qui vous prot\u00e8gent contre les al\u00e9as de la vie tels que le ch\u00f4mage, les accidents ou les maladies. Ces assurances incluent \u00e9galement une couverture en cas de d\u00e9c\u00e8s accidentel, assurant ainsi la s\u00e9curit\u00e9 financi\u00e8re de vos proches.[\/vc_column_text][\/vc_column][\/vc_row][vc_row full_width=&#8221;stretch_row&#8221; equal_height=&#8221;yes&#8221; el_class=&#8221;lightgrey-bck bigpadding flex-eq-height diagonal-top-bck one-fifth-link-bloc&#8221;][vc_column width=&#8221;1\/5&#8243; data_aos=&#8221;fade-down&#8221; data_aos_delay=&#8221;0&#8243;]<\/p>\n<div class=\"wpb_single_image wpb_content_element vc_align_center  wpb_animate_when_almost_visible wpb_top-to-bottom top-to-bottom wpb_start_animation animated\">\n<figure class=\"wpb_wrapper vc_figure\">\n<div class=\"vc_single_image-wrapper\"><img decoding=\"async\" src=\"https:\/\/multicredit.ch\/wp\/wp-content\/uploads\/c-hab.jpg\" alt=\"\" title=\"\"><\/div><figcaption>\n<h4>Cr\u00e9dit habitation<\/h4>\n<p>Financez am\u00e9nagements et habitations<\/p>\n<\/figcaption><\/figure>\n<\/div>\n<div class=\"vc_btn3-container text-center\"><a class=\"btn-circle-2\" href=\"https:\/\/www.multicredit.ch\/fr\/credit\/credit-habitation\/\" title=\"Cr\u00e9dit Habitation\"><span class=\"round\">&gt;<\/span><\/a><\/div>\n<p>[\/vc_column][vc_column width=&#8221;1\/5&#8243; data_aos=&#8221;fade-down&#8221; data_aos_delay=&#8221;50&#8243;]<\/p>\n<div class=\"wpb_single_image wpb_content_element vc_align_center  wpb_animate_when_almost_visible wpb_top-to-bottom top-to-bottom wpb_start_animation animated\">\n<figure class=\"wpb_wrapper vc_figure\">\n<div class=\"vc_single_image-wrapper\"><img decoding=\"async\" src=\"https:\/\/multicredit.ch\/wp\/wp-content\/uploads\/c-auto.jpg\" alt=\"\" title=\"\"><\/div><figcaption>\n<h4>Cr\u00e9dit auto<\/h4>\n<p>Achetez votre v\u00e9hicule \u00e0 cr\u00e9dit<\/p>\n<\/figcaption><\/figure>\n<\/div>\n<div class=\"vc_btn3-container text-center\"><a class=\"btn-circle-2\" href=\"https:\/\/www.multicredit.ch\/fr\/credit\/credit-auto\" title=\"Cr\u00e9dit Habitation\"><span class=\"round\">&gt;<\/span><\/a><\/div>\n<p>[\/vc_column][vc_column width=&#8221;1\/5&#8243; data_aos=&#8221;fade-down&#8221; data_aos_delay=&#8221;100&#8243;]<\/p>\n<div class=\"wpb_single_image wpb_content_element vc_align_center  wpb_animate_when_almost_visible wpb_top-to-bottom top-to-bottom wpb_start_animation animated\">\n<figure class=\"wpb_wrapper vc_figure\">\n<div class=\"vc_single_image-wrapper\"><img decoding=\"async\" src=\"https:\/\/multicredit.ch\/wp\/wp-content\/uploads\/c-form.jpg\" alt=\"\" title=\"\"><\/div><figcaption>\n<h4>Cr\u00e9dit formation<\/h4>\n<p>Financez vos \u00e9tudes<\/p>\n<\/figcaption><\/figure>\n<\/div>\n<div class=\"vc_btn3-container text-center\"><a class=\"btn-circle-2\" href=\"https:\/\/www.multicredit.ch\/fr\/credit\/financement-d-etudes-et-de-formations\/\" title=\"Cr\u00e9dit Habitation\"><span class=\"round\">&gt;<\/span><\/a><\/div>\n<p>[\/vc_column][vc_column width=&#8221;1\/5&#8243; data_aos=&#8221;fade-down&#8221; data_aos_delay=&#8221;150&#8243;]<\/p>\n<div class=\"wpb_single_image wpb_content_element vc_align_center  wpb_animate_when_almost_visible wpb_top-to-bottom top-to-bottom wpb_start_animation animated\">\n<figure class=\"wpb_wrapper vc_figure\">\n<div class=\"vc_single_image-wrapper\"><img decoding=\"async\" src=\"https:\/\/multicredit.ch\/wp\/wp-content\/uploads\/c-med.jpg\" alt=\"\" title=\"\"><\/div><figcaption>\n<h4>Cr\u00e9dit m\u00e9dical<\/h4>\n<p>Financez votre chirurgie et soin m\u00e9dical<\/p>\n<\/figcaption><\/figure>\n<\/div>\n<div class=\"vc_btn3-container text-center\"><a class=\"btn-circle-2\" href=\"https:\/\/www.multicredit.ch\/fr\/credit\/pret-medical\/\" title=\"Cr\u00e9dit Habitation\"><span class=\"round\">&gt;<\/span><\/a><\/div>\n<p>[\/vc_column][vc_column width=&#8221;1\/5&#8243; data_aos=&#8221;fade-down&#8221; data_aos_delay=&#8221;200&#8243;]<\/p>\n<div class=\"wpb_single_image wpb_content_element vc_align_center  wpb_animate_when_almost_visible wpb_top-to-bottom top-to-bottom wpb_start_animation animated\">\n<figure class=\"wpb_wrapper vc_figure\">\n<div class=\"vc_single_image-wrapper\"><img decoding=\"async\" src=\"https:\/\/multicredit.ch\/wp\/wp-content\/uploads\/c-all.jpg\" alt=\"\" title=\"\"><\/div><figcaption>\n<h4>Cr\u00e9dits divers<\/h4>\n<p>Pour tout autre projet<\/p>\n<\/figcaption><\/figure>\n<\/div>\n<div class=\"vc_btn3-container text-center\"><a class=\"btn-circle-2\" href=\"https:\/\/www.multicredit.ch\/fr\/credit\/credits-divers\/\" title=\"Cr\u00e9dit Habitation\"><span class=\"round\">&gt;<\/span><\/a><\/div>\n<p>[\/vc_column][\/vc_row][vc_row full_width=&#8221;stretch_row&#8221; el_class=&#8221;white-bck regularpadding steps&#8221;][vc_column data_aos=&#8221;fade-in&#8221;]<\/p>\n<div class=\"blocktitle title-center title-dark\" clearfix\"><H2><span class=\"ez-toc-section\" id=\"Votre_credit_en_4_etapes\"><\/span>Votre cr\u00e9dit en 4 \u00e9tapes<\/H2><\/p>\n<h4>Simple et rapide<\/h4>\n<\/div>\n<p>[vc_row_inner equal_height=&#8221;yes&#8221;][vc_column_inner width=&#8221;1\/4&#8243;][vc_pie value=&#8221;25&#8243; label_value=&#8221;1&#8243; color=&#8221;custom&#8221; title=&#8221;Demande&#8221; custom_color=&#8221;#df003c&#8221;][vc_column_text]<\/p>\n<p style=\"text-align: center;\">Vous remplissez le formulaire de demande de cr\u00e9dit selon vos besoins.<\/p>\n<h5 style=\"text-align: center;\">2 min<\/h5>\n<p>[\/vc_column_text][\/vc_column_inner][vc_column_inner width=&#8221;1\/4&#8243;][vc_pie label_value=&#8221;2&#8243; color=&#8221;custom&#8221; title=&#8221;Proposition&#8221; custom_color=&#8221;#df003c&#8221;][vc_column_text]<\/p>\n<p style=\"text-align: center;\">Nous analysons votre demande et vous proposons une solution adapt\u00e9e \u00e0 votre profil.<\/p>\n<h5 style=\"text-align: center;\">12 heures<\/h5>\n<p>[\/vc_column_text][\/vc_column_inner][vc_column_inner width=&#8221;1\/4&#8243;][vc_pie value=&#8221;75&#8243; label_value=&#8221;3&#8243; color=&#8221;custom&#8221; title=&#8221;Signature&#8221; custom_color=&#8221;#df003c&#8221;][vc_column_text]<\/p>\n<p style=\"text-align: center;\">Une fois le contrat \u00e9tabli, il vous suffit de le signer et nous le transmettre.<\/p>\n<h5 style=\"text-align: center;\">Cette \u00e9tape d\u00e9pend de votre r\u00e9activit\u00e9.<\/h5>\n<p>[\/vc_column_text][\/vc_column_inner][vc_column_inner width=&#8221;1\/4&#8243;][vc_pie value=&#8221;100&#8243; label_value=&#8221;4&#8243; color=&#8221;custom&#8221; title=&#8221;Virement&#8221; custom_color=&#8221;#df003c&#8221;][vc_column_text]<\/p>\n<p style=\"text-align: center;\">Le montant est vir\u00e9 dans votre compte.<\/p>\n<h5 style=\"text-align: center;\">14 jours (D\u00e9lai l\u00e9gal)<\/h5>\n<p>[\/vc_column_text][\/vc_column_inner][\/vc_row_inner][\/vc_column][\/vc_row][vc_row full_width=&#8221;stretch_row&#8221; content_placement=&#8221;middle&#8221; el_class=&#8221;lightgrey-bck bigpadding checklist&#8221;][vc_column data_aos=&#8221;fade-in&#8221;]<\/p>\n<div class=\"blocktitle title-left title-dark\" clearfix\"><H3><span class=\"ez-toc-section\" id=\"Confiez-nous_la_recherche_de_votre_meilleure_offre_possible_de_credit\"><\/span>Confiez-nous la recherche de votre meilleure offre possible de cr\u00e9dit<\/H3><\/p>\n<h4>Nous cherchons toujours la meilleure offre possible pour nos clients de partout en Suisse.<\/h4>\n<\/div>\n<p>[vc_row_inner][vc_column_inner width=&#8221;1\/2&#8243;][vc_column_text]<\/p>\n<h3><span class=\"ez-toc-section\" id=\"Passez_a_laction_des_aujourdhui\"><\/span><strong>Passez \u00e0 l\u2019action d\u00e8s aujourd\u2019hui !<\/strong><span class=\"ez-toc-section-end\"><\/span><\/h3>\n<p>R\u00e9alisez vos projets en toute s\u00e9r\u00e9nit\u00e9 gr\u00e2ce \u00e0 l\u2019accompagnement de MultiCredit. <strong>Contactez nos conseillers<\/strong> ou <strong>remplissez le formulaire en ligne<\/strong> pour une \u00e9valuation gratuite et rapide.<\/p>\n<p>\ud83c\udfaf <strong>MultiCredit : La confiance, la transparence et la s\u00e9curit\u00e9 au service de vos projets !<\/strong>[\/vc_column_text][vc_btn title=&#8221;D\u00e9couvrir&#8221; link=&#8221;url:https%3A%2F%2Fwww.multicredit.ch%2Ffr%2Fa-propos%2F|title:A%20propos||&#8221;][\/vc_column_inner][vc_column_inner width=&#8221;1\/2&#8243;][vc_column_text]<\/p>\n<ul>\n<li><strong>S\u00e9curit\u00e9 et confidentialit\u00e9<\/strong><\/li>\n<li><strong>Proximit\u00e9 et responsabilit\u00e9<\/strong><\/li>\n<li><strong>Prise en charge garantie en moins de 24h<\/strong><\/li>\n<li><strong>Taux inf\u00e9rieur \u00e0 la concurrence<\/strong><\/li>\n<\/ul>\n<p>[\/vc_column_text][\/vc_column_inner][\/vc_row_inner][\/vc_column][\/vc_row]<\/section>\n","protected":false},"excerpt":{"rendered":"<p>Concr\u00e9tisez votre projet simplement<\/p>\n","protected":false},"author":25,"featured_media":11770,"parent":0,"menu_order":-9,"comment_status":"closed","ping_status":"closed","template":"template-credit.php","meta":{"inline_featured_image":false,"footnotes":"","_links_to":"","_links_to_target":""},"categories":[33],"class_list":["post-27543","page","type-page","status-publish","has-post-thumbnail","hentry","category-credit"],"_links":{"self":[{"href":"https:\/\/multicredit.ch\/fr\/wp-json\/wp\/v2\/pages\/27543","targetHints":{"allow":["GET"]}}],"collection":[{"href":"https:\/\/multicredit.ch\/fr\/wp-json\/wp\/v2\/pages"}],"about":[{"href":"https:\/\/multicredit.ch\/fr\/wp-json\/wp\/v2\/types\/page"}],"author":[{"embeddable":true,"href":"https:\/\/multicredit.ch\/fr\/wp-json\/wp\/v2\/users\/25"}],"replies":[{"embeddable":true,"href":"https:\/\/multicredit.ch\/fr\/wp-json\/wp\/v2\/comments?post=27543"}],"version-history":[{"count":5,"href":"https:\/\/multicredit.ch\/fr\/wp-json\/wp\/v2\/pages\/27543\/revisions"}],"predecessor-version":[{"id":30103,"href":"https:\/\/multicredit.ch\/fr\/wp-json\/wp\/v2\/pages\/27543\/revisions\/30103"}],"wp:featuredmedia":[{"embeddable":true,"href":"https:\/\/multicredit.ch\/fr\/wp-json\/wp\/v2\/media\/11770"}],"wp:attachment":[{"href":"https:\/\/multicredit.ch\/fr\/wp-json\/wp\/v2\/media?parent=27543"}],"wp:term":[{"taxonomy":"category","embeddable":true,"href":"https:\/\/multicredit.ch\/fr\/wp-json\/wp\/v2\/categories?post=27543"}],"curies":[{"name":"wp","href":"https:\/\/api.w.org\/{rel}","templated":true}]}}