{"id":27524,"date":"2024-11-28T12:12:41","date_gmt":"2024-11-28T12:12:41","guid":{"rendered":"https:\/\/multicredit.ch\/?page_id=27524"},"modified":"2026-03-10T13:50:52","modified_gmt":"2026-03-10T13:50:52","slug":"credit-vehicule","status":"publish","type":"page","link":"https:\/\/multicredit.ch\/fr\/credit\/credit-vehicule\/","title":{"rendered":"Cr\u00e9dit V\u00e9hicule"},"content":{"rendered":"<section class=\"wpb-content-wrapper\">[vc_row full_width=&#8221;stretch_row&#8221; el_class=&#8221;white-bck bigpadding&#8221; css=&#8221;.vc_custom_1586929679182{padding-bottom: 24px !important;}&#8221;][vc_column data_aos=&#8221;fade-in&#8221;]<\/p>\n<div class=\"blocktitle title-center title-dark\" clearfix\"><H2><span class=\"ez-toc-section\" id=\"Credit_vehicule_avec_MultiCredit\"><\/span>Cr\u00e9dit v\u00e9hicule avec MultiCredit<\/H2><\/div>\n<p>[vc_column_text]Chez <strong>MultiCredit<\/strong>, nous comprenons qu\u2019acqu\u00e9rir un v\u00e9hicule est une d\u00e9cision importante, qu\u2019il s\u2019agisse d\u2019une <strong>voiture<\/strong>, d\u2019une <strong>moto<\/strong>, d\u2019un <strong>bateau<\/strong> ou m\u00eame d\u2019un <strong>v\u00e9lo \u00e9lectrique<\/strong>. En tant que sp\u00e9cialistes du cr\u00e9dit en Suisse, nous mettons tout en \u0153uvre pour vous offrir des solutions sur mesure, adapt\u00e9es \u00e0 vos besoins et \u00e0 vos projets.[\/vc_column_text][vc_column_text el_class=&#8221;pb-2 maxwidth&#8221;]<\/p>\n<h2><span class=\"ez-toc-section\" id=\"Des_Solutions_pour_Tous_Vos_Projets_de_Mobilite\"><\/span><strong>Des Solutions pour Tous Vos Projets de Mobilit\u00e9<\/strong><span class=\"ez-toc-section-end\"><\/span><\/h2>\n<ul>\n<li><strong>Voitures<\/strong> : Du mod\u00e8le familial \u00e0 la voiture de sport, financez le v\u00e9hicule qui vous correspond avec des mensualit\u00e9s adapt\u00e9es \u00e0 votre budget.<\/li>\n<li><strong>Motos<\/strong> : Que vous soyez passionn\u00e9 de deux-roues ou \u00e0 la recherche d\u2019une solution pratique pour vos trajets quotidiens, MultiCredit vous aide \u00e0 concr\u00e9tiser votre projet.<\/li>\n<li><strong>Bateaux<\/strong> : Envie de naviguer sur les lacs suisses ou de partir \u00e0 l\u2019aventure ? Notre expertise en cr\u00e9dit vous permet de financer votre bateau en toute s\u00e9r\u00e9nit\u00e9.<\/li>\n<li><strong>V\u00e9los \u00e9lectriques<\/strong> : Profitez de la mobilit\u00e9 douce et \u00e9cologique gr\u00e2ce \u00e0 nos solutions de financement pour v\u00e9lo \u00e9lectrique.<\/li>\n<\/ul>\n<p>[\/vc_column_text][vc_column_text]<\/p>\n<h3><span class=\"ez-toc-section\" id=\"Nos_points_fort_ci_dessous_pour_obtenir_les_meilleures_offres_possibles_pour_nos_clients_partout_en_Suisse\"><\/span>Nos points fort ci dessous pour obtenir les meilleures offres possibles pour nos clients partout en Suisse<span class=\"ez-toc-section-end\"><\/span><\/h3>\n<p>[\/vc_column_text][\/vc_column][\/vc_row][vc_row full_width=&#8221;stretch_row&#8221; el_class=&#8221;white-bck&#8221; css=&#8221;.vc_custom_1586930817763{padding-top: 24px !important;padding-bottom: 0px !important;}&#8221;][vc_column width=&#8221;1\/2&#8243; data_aos=&#8221;fade-up&#8221; el_class=&#8221;checklist&#8221;][vc_column_text]<\/p>\n<ul>\n<li>Recevez une d\u00e9cision pr\u00e9liminaire en seulement 5 minutes, lors du premier contact t\u00e9l\u00e9phonique<\/li>\n<li>Traitement sans frais de votre demande et offre sans engagement<\/li>\n<li>Confidentialit\u00e9 garantie (nous sommes soumis au secret bancaire)<\/li>\n<li>Remboursement flexible sur 12 \u00e0 84 mois<\/li>\n<li>Mensualit\u00e9s adapt\u00e9es et baisse des int\u00e9r\u00eats<\/li>\n<li>Modalit\u00e9s (dur\u00e9e, taux, montant) flexibles et adaptables<\/li>\n<li>Remboursement de votre pr\u00eat de fa\u00e7on anticip\u00e9e \u00e0 tout moment<\/li>\n<\/ul>\n<p>[\/vc_column_text][\/vc_column][vc_column width=&#8221;1\/2&#8243; data_aos=&#8221;fade-up&#8221; data_aos_delay=&#8221;250&#8243; el_class=&#8221;checklist&#8221;][vc_column_text]<\/p>\n<ul>\n<li>Pour les Suisses et d\u00e9tenteurs de permis C, d\u00e9ductions fiscales possibles des int\u00e9r\u00eats de la dette<\/li>\n<li>D\u00e9marches simplifi\u00e9es et plus rapides que l\u2019hypoth\u00e8que et le leasing<\/li>\n<li>Prise en charge de vos d\u00e9marches administratives<\/li>\n<li>D\u00e9marches simples, rapides et discr\u00e8tes<\/li>\n<li>Constitution de votre dossier par un sp\u00e9cialiste<\/li>\n<li>Conseil personnalis\u00e9 \u00e0 domicile ou \u00e0 notre bureau<\/li>\n<\/ul>\n<p>[\/vc_column_text][\/vc_column][\/vc_row][vc_row full_width=&#8221;stretch_row&#8221; el_class=&#8221;white-bck bigpadding&#8221; css=&#8221;.vc_custom_1586929684389{padding-top: 24px !important;}&#8221;][vc_column data_aos=&#8221;fade-in&#8221;][vc_column_text el_class=&#8221;pt-2&#8243;]<\/p>\n<p style=\"text-align: center;\"><strong>Pour particuliers r\u00e9sidant en Suisse, suisses ou <a href=\"https:\/\/www.sem.admin.ch\/sem\/fr\/home\/themen\/aufenthalt\/eu_efta.html\" target=\"_blank\" rel=\"noopener\">d\u00e9tenteurs d\u2019un permis B, C ou d\u2019une carte de l\u00e9gitimation (D, E, G et H)<\/a> , augmenter vos liquidit\u00e9s est possible, faire des \u00e9conomies aussi. B\u00e9n\u00e9ficiez de l\u2019\u00e9tude individualis\u00e9e de votre projet, d\u2019une offre de pr\u00eat sur mesure tr\u00e8s rapidement.<\/strong><\/p>\n<h2><span class=\"ez-toc-section\" id=\"Un_Service_de_Qualite_pour_Une_Experience_Sans_Tracas\"><\/span><strong>Un Service de Qualit\u00e9 pour Une Exp\u00e9rience Sans Tracas<\/strong><span class=\"ez-toc-section-end\"><\/span><\/h2>\n<p>Chez <strong>MultiCredit<\/strong>, la qualit\u00e9 de service est notre priorit\u00e9. Nous vous accompagnons \u00e0 chaque \u00e9tape de votre demande, avec des conseillers disponibles pour r\u00e9pondre \u00e0 toutes vos questions. Notre objectif ? Faire en sorte que le processus soit simple, transparent et rapide.<\/p>\n<ul>\n<li><strong>Analyse de votre scoring<\/strong> : Gr\u00e2ce \u00e0 notre expertise, nous identifions les meilleures options pour maximiser vos chances d\u2019obtenir un cr\u00e9dit.<\/li>\n<li><strong>Aide personnalis\u00e9e<\/strong> : Nos conseillers vous guident pas \u00e0 pas, en adaptant les solutions \u00e0 votre situation financi\u00e8re.<\/li>\n<li><strong>Des taux comp\u00e9titifs<\/strong> : Nous vous proposons des offres avantageuses pour que vos r\u00eaves deviennent r\u00e9alit\u00e9 sans alourdir votre budget.<\/li>\n<\/ul>\n<p>[\/vc_column_text][\/vc_column][\/vc_row][vc_row full_width=&#8221;stretch_row&#8221; equal_height=&#8221;yes&#8221; el_class=&#8221;lightgrey-bck bigpadding flex-eq-height diagonal-top-bck one-fifth-link-bloc&#8221;][vc_column width=&#8221;1\/5&#8243; data_aos=&#8221;fade-down&#8221; data_aos_delay=&#8221;0&#8243;]<\/p>\n<div class=\"wpb_single_image wpb_content_element vc_align_center  wpb_animate_when_almost_visible wpb_top-to-bottom top-to-bottom wpb_start_animation animated\">\n<figure class=\"wpb_wrapper vc_figure\">\n<div class=\"vc_single_image-wrapper\"><img decoding=\"async\" src=\"https:\/\/multicredit.ch\/wp\/wp-content\/uploads\/c-hab.jpg\" alt=\"\" title=\"\"><\/div><figcaption>\n<h4>Cr\u00e9dit habitation<\/h4>\n<p>Financez am\u00e9nagements et habitations<\/p>\n<\/figcaption><\/figure>\n<\/div>\n<div class=\"vc_btn3-container text-center\"><a class=\"btn-circle-2\" href=\"https:\/\/www.multicredit.ch\/fr\/credit\/credit-habitation\/\" title=\"Cr\u00e9dit Habitation\"><span class=\"round\">&gt;<\/span><\/a><\/div>\n<p>[\/vc_column][vc_column width=&#8221;1\/5&#8243; data_aos=&#8221;fade-down&#8221; data_aos_delay=&#8221;50&#8243;]<\/p>\n<div class=\"wpb_single_image wpb_content_element vc_align_center  wpb_animate_when_almost_visible wpb_top-to-bottom top-to-bottom wpb_start_animation animated\">\n<figure class=\"wpb_wrapper vc_figure\">\n<div class=\"vc_single_image-wrapper\"><img decoding=\"async\" src=\"https:\/\/multicredit.ch\/wp\/wp-content\/uploads\/c-auto.jpg\" alt=\"\" title=\"\"><\/div><figcaption>\n<h4>Cr\u00e9dit auto<\/h4>\n<p>Achetez votre v\u00e9hicule \u00e0 cr\u00e9dit<\/p>\n<\/figcaption><\/figure>\n<\/div>\n<div class=\"vc_btn3-container text-center\"><a class=\"btn-circle-2\" href=\"https:\/\/www.multicredit.ch\/fr\/credit\/credit-auto\" title=\"Cr\u00e9dit Habitation\"><span class=\"round\">&gt;<\/span><\/a><\/div>\n<p>[\/vc_column][vc_column width=&#8221;1\/5&#8243; data_aos=&#8221;fade-down&#8221; data_aos_delay=&#8221;100&#8243;]<\/p>\n<div class=\"wpb_single_image wpb_content_element vc_align_center  wpb_animate_when_almost_visible wpb_top-to-bottom top-to-bottom wpb_start_animation animated\">\n<figure class=\"wpb_wrapper vc_figure\">\n<div class=\"vc_single_image-wrapper\"><img decoding=\"async\" src=\"https:\/\/multicredit.ch\/wp\/wp-content\/uploads\/c-form.jpg\" alt=\"\" title=\"\"><\/div><figcaption>\n<h4>Cr\u00e9dit formation<\/h4>\n<p>Financez vos \u00e9tudes<\/p>\n<\/figcaption><\/figure>\n<\/div>\n<div class=\"vc_btn3-container text-center\"><a class=\"btn-circle-2\" href=\"https:\/\/www.multicredit.ch\/fr\/credit\/financement-d-etudes-et-de-formations\/\" title=\"Cr\u00e9dit Habitation\"><span class=\"round\">&gt;<\/span><\/a><\/div>\n<p>[\/vc_column][vc_column width=&#8221;1\/5&#8243; data_aos=&#8221;fade-down&#8221; data_aos_delay=&#8221;150&#8243;]<\/p>\n<div class=\"wpb_single_image wpb_content_element vc_align_center  wpb_animate_when_almost_visible wpb_top-to-bottom top-to-bottom wpb_start_animation animated\">\n<figure class=\"wpb_wrapper vc_figure\">\n<div class=\"vc_single_image-wrapper\"><img decoding=\"async\" src=\"https:\/\/multicredit.ch\/wp\/wp-content\/uploads\/c-med.jpg\" alt=\"\" title=\"\"><\/div><figcaption>\n<h4>Cr\u00e9dit m\u00e9dical<\/h4>\n<p>Financez votre chirurgie et soin m\u00e9dical<\/p>\n<\/figcaption><\/figure>\n<\/div>\n<div class=\"vc_btn3-container text-center\"><a class=\"btn-circle-2\" href=\"https:\/\/www.multicredit.ch\/fr\/credit\/pret-medical\/\" title=\"Cr\u00e9dit Habitation\"><span class=\"round\">&gt;<\/span><\/a><\/div>\n<p>[\/vc_column][vc_column width=&#8221;1\/5&#8243; data_aos=&#8221;fade-down&#8221; data_aos_delay=&#8221;200&#8243;]<\/p>\n<div class=\"wpb_single_image wpb_content_element vc_align_center  wpb_animate_when_almost_visible wpb_top-to-bottom top-to-bottom wpb_start_animation animated\">\n<figure class=\"wpb_wrapper vc_figure\">\n<div class=\"vc_single_image-wrapper\"><img decoding=\"async\" src=\"https:\/\/multicredit.ch\/wp\/wp-content\/uploads\/c-all.jpg\" alt=\"\" title=\"\"><\/div><figcaption>\n<h4>Cr\u00e9dits divers<\/h4>\n<p>Pour tout autre projet<\/p>\n<\/figcaption><\/figure>\n<\/div>\n<div class=\"vc_btn3-container text-center\"><a class=\"btn-circle-2\" href=\"https:\/\/www.multicredit.ch\/fr\/credit\/credits-divers\/\" title=\"Cr\u00e9dit Habitation\"><span class=\"round\">&gt;<\/span><\/a><\/div>\n<p>[\/vc_column][\/vc_row][vc_row full_width=&#8221;stretch_row&#8221; el_class=&#8221;white-bck regularpadding steps&#8221;][vc_column data_aos=&#8221;fade-in&#8221;]<\/p>\n<div class=\"blocktitle title-center title-dark\" clearfix\"><H2><span class=\"ez-toc-section\" id=\"Votre_credit_en_4_etapes\"><\/span>Votre cr\u00e9dit en 4 \u00e9tapes<\/H2><\/p>\n<h4>Simple et rapide<\/h4>\n<\/div>\n<p>[vc_row_inner equal_height=&#8221;yes&#8221;][vc_column_inner width=&#8221;1\/4&#8243;][vc_pie value=&#8221;25&#8243; label_value=&#8221;1&#8243; color=&#8221;custom&#8221; title=&#8221;Demande&#8221; custom_color=&#8221;#df003c&#8221;][vc_column_text]<\/p>\n<p style=\"text-align: center;\">Vous remplissez le formulaire de demande de cr\u00e9dit selon vos besoins.<\/p>\n<h5 style=\"text-align: center;\">2 min<\/h5>\n<p>[\/vc_column_text][\/vc_column_inner][vc_column_inner width=&#8221;1\/4&#8243;][vc_pie label_value=&#8221;2&#8243; color=&#8221;custom&#8221; title=&#8221;Proposition&#8221; custom_color=&#8221;#df003c&#8221;][vc_column_text]<\/p>\n<p style=\"text-align: center;\">Nous analysons votre demande et vous proposons une solution adapt\u00e9e \u00e0 votre profil.<\/p>\n<h5 style=\"text-align: center;\">12 heures<\/h5>\n<p>[\/vc_column_text][\/vc_column_inner][vc_column_inner width=&#8221;1\/4&#8243;][vc_pie value=&#8221;75&#8243; label_value=&#8221;3&#8243; color=&#8221;custom&#8221; title=&#8221;Signature&#8221; custom_color=&#8221;#df003c&#8221;][vc_column_text]<\/p>\n<p style=\"text-align: center;\">Une fois le contrat \u00e9tabli, il vous suffit de le signer et nous le transmettre.<\/p>\n<h5 style=\"text-align: center;\">Cette \u00e9tape d\u00e9pend de votre r\u00e9activit\u00e9.<\/h5>\n<p>[\/vc_column_text][\/vc_column_inner][vc_column_inner width=&#8221;1\/4&#8243;][vc_pie value=&#8221;100&#8243; label_value=&#8221;4&#8243; color=&#8221;custom&#8221; title=&#8221;Virement&#8221; custom_color=&#8221;#df003c&#8221;][vc_column_text]<\/p>\n<p style=\"text-align: center;\">Le montant est vir\u00e9 dans votre compte.<\/p>\n<h5 style=\"text-align: center;\">14 jours (D\u00e9lai l\u00e9gal)<\/h5>\n<p>[\/vc_column_text][\/vc_column_inner][\/vc_row_inner][\/vc_column][\/vc_row][vc_row full_width=&#8221;stretch_row&#8221; content_placement=&#8221;middle&#8221; el_class=&#8221;lightgrey-bck bigpadding checklist&#8221;][vc_column data_aos=&#8221;fade-in&#8221;]<\/p>\n<div class=\"blocktitle title-left title-dark\" clearfix\"><H3><span class=\"ez-toc-section\" id=\"Confiez-nous_la_recherche_de_votre_meilleure_offre_possible_de_credit_vehicule\"><\/span>Confiez-nous la recherche de votre meilleure offre possible de cr\u00e9dit v\u00e9hicule<\/H3><\/p>\n<h4>Nous cherchons toujours la meilleure offre possible pour nos clients de partout en Suisse.<\/h4>\n<\/div>\n<p>[vc_row_inner][vc_column_inner width=&#8221;1\/2&#8243;][vc_column_text]<\/p>\n<h3><span class=\"ez-toc-section\" id=\"Prenez_contact_ou_remplissez_le_formulaire_en_ligne\"><\/span>Prenez contact ou remplissez le formulaire en ligne !<span class=\"ez-toc-section-end\"><\/span><\/h3>\n<p>Vous h\u00e9sitez encore ? Faites le premier pas sans engagement ! <strong>Remplissez notre formulaire en ligne<\/strong> ou contactez l\u2019un de nos conseillers d\u00e8s aujourd\u2019hui. En quelques clics, vous obtenez une analyse gratuite et une r\u00e9ponse rapide \u00e0 votre demande.<\/p>\n<blockquote><p><strong>MultiCredit<\/strong>, c\u2019est l\u2019assurance d\u2019un partenaire de confiance pour tous vos projets de mobilit\u00e9. Ne laissez pas vos r\u00eaves attendre, parlez-nous de vos besoins d\u00e8s maintenant !<\/p><\/blockquote>\n<p>\ud83c\udf1f <strong>Contactez-nous<\/strong> ou <strong>remplissez le formulaire sur notre site<\/strong> pour d\u00e9marrer votre projet aujourd\u2019hui. Profitez de notre expertise pour financer votre mobilit\u00e9 en toute s\u00e9r\u00e9nit\u00e9 ![\/vc_column_text][vc_btn title=&#8221;D\u00e9couvrir&#8221; link=&#8221;url:https%3A%2F%2Fwww.multicredit.ch%2Ffr%2Fa-propos%2F|title:A%20propos||&#8221;][\/vc_column_inner][vc_column_inner width=&#8221;1\/2&#8243;][vc_column_text]<\/p>\n<ul>\n<li><strong>S\u00e9curit\u00e9 et confidentialit\u00e9<\/strong><\/li>\n<li><strong>Proximit\u00e9 et responsabilit\u00e9<\/strong><\/li>\n<li><strong>Prise en charge garantie en moins de 24h<\/strong><\/li>\n<li><strong>Taux inf\u00e9rieur \u00e0 la concurrence<\/strong><\/li>\n<\/ul>\n<p>[\/vc_column_text][\/vc_column_inner][\/vc_row_inner][\/vc_column][\/vc_row]<\/section>\n","protected":false},"excerpt":{"rendered":"<p>Concr\u00e9tisez votre projet simplement<\/p>\n","protected":false},"author":25,"featured_media":11770,"parent":235,"menu_order":-9,"comment_status":"closed","ping_status":"closed","template":"template-credit.php","meta":{"inline_featured_image":false,"footnotes":"","_links_to":"","_links_to_target":""},"categories":[33],"class_list":["post-27524","page","type-page","status-publish","has-post-thumbnail","hentry","category-credit"],"_links":{"self":[{"href":"https:\/\/multicredit.ch\/fr\/wp-json\/wp\/v2\/pages\/27524","targetHints":{"allow":["GET"]}}],"collection":[{"href":"https:\/\/multicredit.ch\/fr\/wp-json\/wp\/v2\/pages"}],"about":[{"href":"https:\/\/multicredit.ch\/fr\/wp-json\/wp\/v2\/types\/page"}],"author":[{"embeddable":true,"href":"https:\/\/multicredit.ch\/fr\/wp-json\/wp\/v2\/users\/25"}],"replies":[{"embeddable":true,"href":"https:\/\/multicredit.ch\/fr\/wp-json\/wp\/v2\/comments?post=27524"}],"version-history":[{"count":5,"href":"https:\/\/multicredit.ch\/fr\/wp-json\/wp\/v2\/pages\/27524\/revisions"}],"predecessor-version":[{"id":27529,"href":"https:\/\/multicredit.ch\/fr\/wp-json\/wp\/v2\/pages\/27524\/revisions\/27529"}],"up":[{"embeddable":true,"href":"https:\/\/multicredit.ch\/fr\/wp-json\/wp\/v2\/pages\/235"}],"wp:featuredmedia":[{"embeddable":true,"href":"https:\/\/multicredit.ch\/fr\/wp-json\/wp\/v2\/media\/11770"}],"wp:attachment":[{"href":"https:\/\/multicredit.ch\/fr\/wp-json\/wp\/v2\/media?parent=27524"}],"wp:term":[{"taxonomy":"category","embeddable":true,"href":"https:\/\/multicredit.ch\/fr\/wp-json\/wp\/v2\/categories?post=27524"}],"curies":[{"name":"wp","href":"https:\/\/api.w.org\/{rel}","templated":true}]}}