{"id":27514,"date":"2024-11-22T20:58:39","date_gmt":"2024-11-22T20:58:39","guid":{"rendered":"https:\/\/multicredit.ch\/?page_id=27514"},"modified":"2024-11-22T21:06:47","modified_gmt":"2024-11-22T21:06:47","slug":"situation-privee","status":"publish","type":"page","link":"https:\/\/multicredit.ch\/fr\/demande-de-credit\/situation-privee\/","title":{"rendered":"Situation priv\u00e9e"},"content":{"rendered":"<section class=\"wpb-content-wrapper\">[vc_row full_width=&#8221;stretch_row&#8221; el_class=&#8221;white-bck bigpadding&#8221; css=&#8221;.vc_custom_1586929679182{padding-bottom: 24px !important;}&#8221;][vc_column data_aos=&#8221;fade-in&#8221;]<\/p>\n<div class=\"blocktitle title-center title-dark\" clearfix\"><H2><span class=\"ez-toc-section\" id=\"Influence_de_votre_situation_privee_pour_obtenir_un_credit_prive\"><\/span>Influence de votre situation priv\u00e9e pour obtenir un cr\u00e9dit priv\u00e9<\/H2><\/div>\n<p>[vc_column_text]La situation familiale et financi\u00e8re joue un r\u00f4le cl\u00e9 dans l\u2019octroi d\u2019un pr\u00eat personnel en Suisse. Les banques adoptent des approches sp\u00e9cifiques selon que vous \u00eates mari\u00e9, pacs\u00e9, en concubinage, ou que vous ayez des enfants \u00e0 charge. Ces param\u00e8tres peuvent avoir un impact positif ou n\u00e9gatif sur la d\u00e9cision finale. Ce guide approfondit ces aspects et propose des solutions pour optimiser vos chances d\u2019obtenir un cr\u00e9dit.[\/vc_column_text][vc_column_text el_class=&#8221;pb-2 maxwidth&#8221;]<\/p>\n<h2><span class=\"ez-toc-section\" id=\"Couples_et_emprunts_Limportance_de_la_situation_du_conjoint\"><\/span><strong>Couples et emprunts : L\u2019importance de la situation du conjoint<\/strong><span class=\"ez-toc-section-end\"><\/span><\/h2>\n<p>Lorsque vous \u00eates en couple, que vous soyez <strong>mari\u00e9<\/strong>, <strong>pacs\u00e9<\/strong> ou en <strong>concubinage<\/strong>, la situation financi\u00e8re de votre partenaire est syst\u00e9matiquement prise en compte, m\u00eame si vous \u00eates le seul \u00e0 faire la demande de cr\u00e9dit. Voici les diff\u00e9rents cas de figure et leur impact :<\/p>\n<hr \/>\n<h2><span class=\"ez-toc-section\" id=\"Vous_etes_mariee_ou_pacsee\"><\/span><strong>Vous \u00eates mari\u00e9(e) ou pacs\u00e9(e)<\/strong><span class=\"ez-toc-section-end\"><\/span><\/h2>\n<p>Les banques analysent d\u00e9sormais syst\u00e9matiquement la situation financi\u00e8re des deux conjoints, ind\u00e9pendamment de qui fait la demande de cr\u00e9dit.<\/p>\n<ul>\n<li><strong>Situation saine du conjoint :<\/strong><br \/>\nSi votre conjoint(e) dispose d\u2019un historique financier vierge et d\u2019une solvabilit\u00e9 correcte, cela peut jouer en votre faveur. En effet, un couple avec deux situations financi\u00e8res solides am\u00e9liore le &#8220;scoring&#8221; global, ce qui :<\/p>\n<ul>\n<li>Augmente les chances d\u2019acceptation du pr\u00eat.<\/li>\n<li>Peut r\u00e9duire le taux d\u2019int\u00e9r\u00eat propos\u00e9 gr\u00e2ce \u00e0 une meilleure \u00e9valuation des risques.<\/li>\n<li>Permet d\u2019obtenir un montant de cr\u00e9dit plus \u00e9lev\u00e9.<\/li>\n<\/ul>\n<\/li>\n<li><strong>Conjoint avec une situation \u00e0 risque :<\/strong><br \/>\nSi votre conjoint(e) a des <strong>poursuites<\/strong>, des <strong>actes de d\u00e9faut de biens<\/strong>, ou des inscriptions p\u00e9nalisantes dans les bases <strong>ZEK<\/strong>, <strong>IKO<\/strong> ou <strong>Delta Vista<\/strong>, cela peut entra\u00eener un rejet de votre demande, m\u00eame si votre propre situation est irr\u00e9prochable. Les banques consid\u00e8rent que les finances d\u2019un couple sont interd\u00e9pendantes, augmentant ainsi le risque de non-remboursement.<\/li>\n<li><strong>Divorc\u00e9(e) ou s\u00e9par\u00e9(e) :<\/strong><br \/>\nSi vous \u00eates divorc\u00e9(e) ou s\u00e9par\u00e9(e), les banques vous consid\u00e8rent comme <strong>c\u00e9libataire<\/strong>, et seules vos propres finances sont analys\u00e9es. Ce changement de statut peut faciliter l\u2019obtention d\u2019un cr\u00e9dit, \u00e0 condition que vous soyez solvable.<\/li>\n<\/ul>\n<p>[\/vc_column_text][vc_column_text]<\/p>\n<h3><span class=\"ez-toc-section\" id=\"Nos_points_fort_ci_dessous_pour_obtenir_les_meilleures_offres_possibles_pour_nos_clients_partout_en_Suisse\"><\/span>Nos points fort ci dessous pour obtenir les meilleures offres possibles pour nos clients partout en Suisse<span class=\"ez-toc-section-end\"><\/span><\/h3>\n<p>[\/vc_column_text][\/vc_column][\/vc_row][vc_row full_width=&#8221;stretch_row&#8221; el_class=&#8221;white-bck&#8221; css=&#8221;.vc_custom_1586930817763{padding-top: 24px !important;padding-bottom: 0px !important;}&#8221;][vc_column width=&#8221;1\/2&#8243; data_aos=&#8221;fade-up&#8221; el_class=&#8221;checklist&#8221;][vc_column_text]<\/p>\n<ul>\n<li>Recevez une d\u00e9cision pr\u00e9liminaire en seulement 5 minutes, lors du premier contact t\u00e9l\u00e9phonique<\/li>\n<li>Traitement sans frais de votre demande et offre sans engagement<\/li>\n<li>Confidentialit\u00e9 garantie (nous sommes soumis au secret bancaire)<\/li>\n<li>Remboursement flexible sur 12 \u00e0 84 mois<\/li>\n<li>Mensualit\u00e9s adapt\u00e9es et baisse des int\u00e9r\u00eats<\/li>\n<li>Modalit\u00e9s (dur\u00e9e, taux, montant) flexibles et adaptables<\/li>\n<li>Remboursement de votre pr\u00eat de fa\u00e7on anticip\u00e9e \u00e0 tout moment<\/li>\n<\/ul>\n<p>[\/vc_column_text][\/vc_column][vc_column width=&#8221;1\/2&#8243; data_aos=&#8221;fade-up&#8221; data_aos_delay=&#8221;250&#8243; el_class=&#8221;checklist&#8221;][vc_column_text]<\/p>\n<ul>\n<li>Pour les Suisses et d\u00e9tenteurs de permis C, d\u00e9ductions fiscales possibles des int\u00e9r\u00eats de la dette<\/li>\n<li>D\u00e9marches simplifi\u00e9es et plus rapides que l\u2019hypoth\u00e8que et le leasing<\/li>\n<li>Prise en charge de vos d\u00e9marches administratives<\/li>\n<li>D\u00e9marches simples, rapides et discr\u00e8tes<\/li>\n<li>Constitution de votre dossier par un sp\u00e9cialiste<\/li>\n<li>Conseil personnalis\u00e9 \u00e0 domicile ou \u00e0 notre bureau<\/li>\n<\/ul>\n<p>[\/vc_column_text][\/vc_column][\/vc_row][vc_row full_width=&#8221;stretch_row&#8221; el_class=&#8221;white-bck bigpadding&#8221; css=&#8221;.vc_custom_1586929684389{padding-top: 24px !important;}&#8221;][vc_column data_aos=&#8221;fade-in&#8221;][vc_column_text el_class=&#8221;pt-2&#8243;]<\/p>\n<p style=\"text-align: center;\"><strong>Pour particuliers r\u00e9sidant en Suisse, suisses ou <a href=\"https:\/\/www.sem.admin.ch\/sem\/fr\/home\/themen\/aufenthalt\/eu_efta.html\" target=\"_blank\" rel=\"noopener\">d\u00e9tenteurs d\u2019un permis B, C ou d\u2019une carte de l\u00e9gitimation (D, E, G et H)<\/a> , augmenter vos liquidit\u00e9s est possible, faire des \u00e9conomies aussi. B\u00e9n\u00e9ficiez de l\u2019\u00e9tude individualis\u00e9e de votre projet, d\u2019une offre de pr\u00eat sur mesure tr\u00e8s rapidement.<\/strong><\/p>\n<h2><span class=\"ez-toc-section\" id=\"Vous_etes_en_concubinage_non_marie_ou_non_pacse\"><\/span><strong>Vous \u00eates en concubinage (non mari\u00e9 ou non pacs\u00e9)<\/strong><span class=\"ez-toc-section-end\"><\/span><\/h2>\n<p>En concubinage, la situation est l\u00e9g\u00e8rement diff\u00e9rente. Les banques :<\/p>\n<ul>\n<li>Ne prennent pas en compte les <strong>revenus du conjoint<\/strong> pour calculer votre capacit\u00e9 d\u2019emprunt.<\/li>\n<li>Consid\u00e8rent uniquement <strong>les charges partag\u00e9es<\/strong>, comme le loyer, dans le calcul de votre budget.<\/li>\n<\/ul>\n<p>Cela signifie que :<\/p>\n<ul>\n<li>Si votre conjoint(e) a des finances instables, cela n\u2019affecte pas directement votre dossier.<\/li>\n<li>Si vous assumez seul(e) des charges importantes (comme un loyer \u00e9lev\u00e9), cela peut r\u00e9duire votre capacit\u00e9 de remboursement et impacter la d\u00e9cision de la banque.<\/li>\n<\/ul>\n<hr \/>\n<h2><span class=\"ez-toc-section\" id=\"Limpact_des_enfants_sur_votre_demande_de_credit\"><\/span><strong>L\u2019impact des enfants sur votre demande de cr\u00e9dit<\/strong><span class=\"ez-toc-section-end\"><\/span><\/h2>\n<p>Si vous avez des enfants \u00e0 charge, cela influence directement l\u2019\u00e9valuation de votre capacit\u00e9 financi\u00e8re, car les charges li\u00e9es aux enfants sont int\u00e9gr\u00e9es dans le calcul du budget. Voici comment cela fonctionne :<\/p>\n<h3><span class=\"ez-toc-section\" id=\"Prise_en_compte_des_frais_de_garde\"><\/span><strong>Prise en compte des frais de garde<\/strong><span class=\"ez-toc-section-end\"><\/span><\/h3>\n<p>Depuis 2015, les banques exigent la d\u00e9claration des frais de garde pour les enfants de moins de 6 ans. Ces frais sont inclus dans vos charges pour \u00e9valuer votre capacit\u00e9 de remboursement.<\/p>\n<ul>\n<li><strong>Si vos enfants vont \u00e0 la cr\u00e8che ou chez une nounou :<\/strong>\n<ul>\n<li>Les frais de garde sont calcul\u00e9s et ajout\u00e9s \u00e0 vos charges fixes.<\/li>\n<li>Ces d\u00e9penses peuvent r\u00e9duire votre capacit\u00e9 d\u2019emprunt si elles sont \u00e9lev\u00e9es.<\/li>\n<\/ul>\n<\/li>\n<li><strong>Si vos enfants ne b\u00e9n\u00e9ficient pas de garde externe :<\/strong>\n<ul>\n<li>Certaines banques acceptent de vous dispenser de cette d\u00e9claration si vous signez une d\u00e9charge pr\u00e9cisant que vos enfants ne fr\u00e9quentent pas une cr\u00e8che. Cela peut am\u00e9liorer votre calcul de solvabilit\u00e9.<\/li>\n<\/ul>\n<\/li>\n<\/ul>\n<h3><span class=\"ez-toc-section\" id=\"Charges_globales_liees_aux_enfants\"><\/span><strong>Charges globales li\u00e9es aux enfants<\/strong><span class=\"ez-toc-section-end\"><\/span><\/h3>\n<p>Les banques prennent \u00e9galement en compte les charges courantes associ\u00e9es \u00e0 vos enfants (\u00e9ducation, alimentation, loisirs, sant\u00e9), ce qui peut r\u00e9duire le montant maximal empruntable.<\/p>\n<hr \/>\n<h2><span class=\"ez-toc-section\" id=\"Analyse_personnalisee_et_strategie_optimale\"><\/span><strong>Analyse personnalis\u00e9e et strat\u00e9gie optimale<\/strong><span class=\"ez-toc-section-end\"><\/span><\/h2>\n<p>Chaque situation de couple ou familiale est unique, et il est essentiel d\u2019adopter une strat\u00e9gie adapt\u00e9e pour maximiser vos chances de succ\u00e8s. Voici comment proc\u00e9der :<\/p>\n<h3><span class=\"ez-toc-section\" id=\"Faites_une_analyse_approfondie_de_votre_situation\"><\/span><strong>Faites une analyse approfondie de votre situation<\/strong><span class=\"ez-toc-section-end\"><\/span><\/h3>\n<ul>\n<li><strong>Analysez vos finances et celles de votre conjoint(e) :<\/strong>\n<ul>\n<li>Identifiez les points forts de votre dossier (revenus r\u00e9guliers, charges ma\u00eetris\u00e9es, historique irr\u00e9prochable).<\/li>\n<li>Rep\u00e9rez les \u00e9ventuelles faiblesses (poursuites, retards de paiement, dettes \u00e9lev\u00e9es).<\/li>\n<\/ul>\n<\/li>\n<li><strong>V\u00e9rifiez les bases de donn\u00e9es :<\/strong>\n<ul>\n<li>Assurez-vous qu\u2019aucune inscription n\u00e9gative ne figure dans <strong>Delta Vista<\/strong>, la <strong>ZEK<\/strong>, ou l\u2019<strong>IKO<\/strong>. Si n\u00e9cessaire, prenez les mesures pour faire radier les poursuites ou r\u00e9gulariser les dettes en suspens.<\/li>\n<\/ul>\n<\/li>\n<\/ul>\n<h3><span class=\"ez-toc-section\" id=\"Faites_appel_a_des_experts\"><\/span><strong>Faites appel \u00e0 des experts<\/strong><span class=\"ez-toc-section-end\"><\/span><\/h3>\n<p>Des services sp\u00e9cialis\u00e9s, comme <strong>CC Cr\u00e9dits Conseils SA<\/strong>, peuvent analyser votre situation au cas par cas. Ils vous aident \u00e0 :<\/p>\n<ul>\n<li>Identifier les points faibles et \u00e0 les corriger.<\/li>\n<li>Mettre en avant les aspects positifs de votre dossier.<\/li>\n<li>Vous orienter vers les banques les plus susceptibles d\u2019accepter votre demande, avec des taux d\u2019int\u00e9r\u00eat comp\u00e9titifs.<\/li>\n<\/ul>\n<hr \/>\n<h2><span class=\"ez-toc-section\" id=\"Solutions_pour_optimiser_vos_chances_dobtenir_un_credit\"><\/span><strong>Solutions pour optimiser vos chances d\u2019obtenir un cr\u00e9dit<\/strong><span class=\"ez-toc-section-end\"><\/span><\/h2>\n<ol>\n<li><strong>Anticipez les risques li\u00e9s \u00e0 votre conjoint(e) :<\/strong>\n<ul>\n<li>Si votre conjoint(e) a un historique \u00e0 risque, envisagez une demande en tant qu\u2019emprunteur unique, \u00e0 condition que votre budget permette de justifier la solvabilit\u00e9 n\u00e9cessaire.<\/li>\n<\/ul>\n<\/li>\n<li><strong>R\u00e9duisez vos charges mensuelles :<\/strong>\n<ul>\n<li>Si vous avez des enfants, apportez une preuve que les frais de garde sont nuls ou limit\u00e9s.<\/li>\n<li>Ajustez vos d\u00e9penses pour optimiser votre capacit\u00e9 de remboursement.<\/li>\n<\/ul>\n<\/li>\n<li><strong>Consolidez vos revenus :<\/strong>\n<ul>\n<li>Si possible, d\u00e9montrez des sources de revenus suppl\u00e9mentaires pour compenser les charges \u00e9lev\u00e9es ou les frais li\u00e9s aux enfants.<\/li>\n<\/ul>\n<\/li>\n<li><strong>Misez sur la transparence :<\/strong>\n<ul>\n<li>Fournissez un dossier complet et d\u00e9taill\u00e9 pour rassurer la banque sur votre stabilit\u00e9 et votre capacit\u00e9 \u00e0 rembourser le pr\u00eat.<\/li>\n<\/ul>\n<\/li>\n<\/ol>\n<h2><span class=\"ez-toc-section\" id=\"i\"><\/span><strong>\u00a0<\/strong><span class=\"ez-toc-section-end\"><\/span><\/h2>\n<p>[\/vc_column_text][\/vc_column][\/vc_row][vc_row full_width=&#8221;stretch_row&#8221; equal_height=&#8221;yes&#8221; el_class=&#8221;lightgrey-bck bigpadding flex-eq-height diagonal-top-bck one-fifth-link-bloc&#8221;][vc_column width=&#8221;1\/5&#8243; data_aos=&#8221;fade-down&#8221; data_aos_delay=&#8221;0&#8243;]<\/p>\n<div class=\"wpb_single_image wpb_content_element vc_align_center  wpb_animate_when_almost_visible wpb_top-to-bottom top-to-bottom wpb_start_animation animated\">\n<figure class=\"wpb_wrapper vc_figure\">\n<div class=\"vc_single_image-wrapper\"><img decoding=\"async\" src=\"https:\/\/multicredit.ch\/wp\/wp-content\/uploads\/c-hab.jpg\" alt=\"\" title=\"\"><\/div><figcaption>\n<h4>Cr\u00e9dit habitation<\/h4>\n<p>Financez am\u00e9nagements et habitations<\/p>\n<\/figcaption><\/figure>\n<\/div>\n<div class=\"vc_btn3-container text-center\"><a class=\"btn-circle-2\" href=\"https:\/\/www.multicredit.ch\/fr\/credit\/credit-habitation\/\" title=\"Cr\u00e9dit Habitation\"><span class=\"round\">&gt;<\/span><\/a><\/div>\n<p>[\/vc_column][vc_column width=&#8221;1\/5&#8243; data_aos=&#8221;fade-down&#8221; data_aos_delay=&#8221;50&#8243;]<\/p>\n<div class=\"wpb_single_image wpb_content_element vc_align_center  wpb_animate_when_almost_visible wpb_top-to-bottom top-to-bottom wpb_start_animation animated\">\n<figure class=\"wpb_wrapper vc_figure\">\n<div class=\"vc_single_image-wrapper\"><img decoding=\"async\" src=\"https:\/\/multicredit.ch\/wp\/wp-content\/uploads\/c-auto.jpg\" alt=\"\" title=\"\"><\/div><figcaption>\n<h4>Cr\u00e9dit auto<\/h4>\n<p>Achetez votre v\u00e9hicule \u00e0 cr\u00e9dit<\/p>\n<\/figcaption><\/figure>\n<\/div>\n<div class=\"vc_btn3-container text-center\"><a class=\"btn-circle-2\" href=\"https:\/\/www.multicredit.ch\/fr\/credit\/credit-auto\" title=\"Cr\u00e9dit Habitation\"><span class=\"round\">&gt;<\/span><\/a><\/div>\n<p>[\/vc_column][vc_column width=&#8221;1\/5&#8243; data_aos=&#8221;fade-down&#8221; data_aos_delay=&#8221;100&#8243;]<\/p>\n<div class=\"wpb_single_image wpb_content_element vc_align_center  wpb_animate_when_almost_visible wpb_top-to-bottom top-to-bottom wpb_start_animation animated\">\n<figure class=\"wpb_wrapper vc_figure\">\n<div class=\"vc_single_image-wrapper\"><img decoding=\"async\" src=\"https:\/\/multicredit.ch\/wp\/wp-content\/uploads\/c-form.jpg\" alt=\"\" title=\"\"><\/div><figcaption>\n<h4>Cr\u00e9dit formation<\/h4>\n<p>Financez vos \u00e9tudes<\/p>\n<\/figcaption><\/figure>\n<\/div>\n<div class=\"vc_btn3-container text-center\"><a class=\"btn-circle-2\" href=\"https:\/\/www.multicredit.ch\/fr\/credit\/financement-d-etudes-et-de-formations\/\" title=\"Cr\u00e9dit Habitation\"><span class=\"round\">&gt;<\/span><\/a><\/div>\n<p>[\/vc_column][vc_column width=&#8221;1\/5&#8243; data_aos=&#8221;fade-down&#8221; data_aos_delay=&#8221;150&#8243;]<\/p>\n<div class=\"wpb_single_image wpb_content_element vc_align_center  wpb_animate_when_almost_visible wpb_top-to-bottom top-to-bottom wpb_start_animation animated\">\n<figure class=\"wpb_wrapper vc_figure\">\n<div class=\"vc_single_image-wrapper\"><img decoding=\"async\" src=\"https:\/\/multicredit.ch\/wp\/wp-content\/uploads\/c-med.jpg\" alt=\"\" title=\"\"><\/div><figcaption>\n<h4>Cr\u00e9dit m\u00e9dical<\/h4>\n<p>Financez votre chirurgie et soin m\u00e9dical<\/p>\n<\/figcaption><\/figure>\n<\/div>\n<div class=\"vc_btn3-container text-center\"><a class=\"btn-circle-2\" href=\"https:\/\/www.multicredit.ch\/fr\/credit\/pret-medical\/\" title=\"Cr\u00e9dit Habitation\"><span class=\"round\">&gt;<\/span><\/a><\/div>\n<p>[\/vc_column][vc_column width=&#8221;1\/5&#8243; data_aos=&#8221;fade-down&#8221; data_aos_delay=&#8221;200&#8243;]<\/p>\n<div class=\"wpb_single_image wpb_content_element vc_align_center  wpb_animate_when_almost_visible wpb_top-to-bottom top-to-bottom wpb_start_animation animated\">\n<figure class=\"wpb_wrapper vc_figure\">\n<div class=\"vc_single_image-wrapper\"><img decoding=\"async\" src=\"https:\/\/multicredit.ch\/wp\/wp-content\/uploads\/c-all.jpg\" alt=\"\" title=\"\"><\/div><figcaption>\n<h4>Cr\u00e9dits divers<\/h4>\n<p>Pour tout autre projet<\/p>\n<\/figcaption><\/figure>\n<\/div>\n<div class=\"vc_btn3-container text-center\"><a class=\"btn-circle-2\" href=\"https:\/\/www.multicredit.ch\/fr\/credit\/credits-divers\/\" title=\"Cr\u00e9dit Habitation\"><span class=\"round\">&gt;<\/span><\/a><\/div>\n<p>[\/vc_column][\/vc_row][vc_row full_width=&#8221;stretch_row&#8221; el_class=&#8221;white-bck regularpadding steps&#8221;][vc_column data_aos=&#8221;fade-in&#8221;]<\/p>\n<div class=\"blocktitle title-center title-dark\" clearfix\"><H2><span class=\"ez-toc-section\" id=\"Votre_credit_en_4_etapes\"><\/span>Votre cr\u00e9dit en 4 \u00e9tapes<\/H2><\/p>\n<h4>Simple et rapide<\/h4>\n<\/div>\n<p>[vc_row_inner equal_height=&#8221;yes&#8221;][vc_column_inner width=&#8221;1\/4&#8243;][vc_pie value=&#8221;25&#8243; label_value=&#8221;1&#8243; color=&#8221;custom&#8221; title=&#8221;Demande&#8221; custom_color=&#8221;#df003c&#8221;][vc_column_text]<\/p>\n<p style=\"text-align: center;\">Vous remplissez le formulaire de demande de cr\u00e9dit selon vos besoins.<\/p>\n<h5 style=\"text-align: center;\">2 min<\/h5>\n<p>[\/vc_column_text][\/vc_column_inner][vc_column_inner width=&#8221;1\/4&#8243;][vc_pie label_value=&#8221;2&#8243; color=&#8221;custom&#8221; title=&#8221;Proposition&#8221; custom_color=&#8221;#df003c&#8221;][vc_column_text]<\/p>\n<p style=\"text-align: center;\">Nous analysons votre demande et vous proposons une solution adapt\u00e9e \u00e0 votre profil.<\/p>\n<h5 style=\"text-align: center;\">12 heures<\/h5>\n<p>[\/vc_column_text][\/vc_column_inner][vc_column_inner width=&#8221;1\/4&#8243;][vc_pie value=&#8221;75&#8243; label_value=&#8221;3&#8243; color=&#8221;custom&#8221; title=&#8221;Signature&#8221; custom_color=&#8221;#df003c&#8221;][vc_column_text]<\/p>\n<p style=\"text-align: center;\">Une fois le contrat \u00e9tabli, il vous suffit de le signer et nous le transmettre.<\/p>\n<h5 style=\"text-align: center;\">Cette \u00e9tape d\u00e9pend de votre r\u00e9activit\u00e9.<\/h5>\n<p>[\/vc_column_text][\/vc_column_inner][vc_column_inner width=&#8221;1\/4&#8243;][vc_pie value=&#8221;100&#8243; label_value=&#8221;4&#8243; color=&#8221;custom&#8221; title=&#8221;Virement&#8221; custom_color=&#8221;#df003c&#8221;][vc_column_text]<\/p>\n<p style=\"text-align: center;\">Le montant est vir\u00e9 dans votre compte.<\/p>\n<h5 style=\"text-align: center;\">14 jours (D\u00e9lai l\u00e9gal)<\/h5>\n<p>[\/vc_column_text][\/vc_column_inner][\/vc_row_inner][\/vc_column][\/vc_row][vc_row full_width=&#8221;stretch_row&#8221; content_placement=&#8221;middle&#8221; el_class=&#8221;lightgrey-bck bigpadding checklist&#8221;][vc_column data_aos=&#8221;fade-in&#8221;]<\/p>\n<div class=\"blocktitle title-left title-dark\" clearfix\"><H3><span class=\"ez-toc-section\" id=\"Confiez-nous_la_recherche_de_votre_meilleure_offre_possible_de_credit\"><\/span>Confiez-nous la recherche de votre meilleure offre possible de cr\u00e9dit<\/H3><\/p>\n<h4>Nous cherchons toujours la meilleure offre possible pour nos clients de partout en Suisse.<\/h4>\n<\/div>\n<p>[vc_row_inner][vc_column_inner width=&#8221;1\/2&#8243;][vc_column_text]Obtenir un cr\u00e9dit personnel en Suisse peut devenir complexe si vous \u00eates en couple ou si vous avez des enfants \u00e0 charge. Les banques prennent d\u00e9sormais syst\u00e9matiquement en compte la situation financi\u00e8re des conjoints et les charges li\u00e9es aux enfants pour \u00e9valuer votre solvabilit\u00e9. En anticipant ces crit\u00e8res, en corrigeant les \u00e9ventuels points faibles de votre <a href=\"https:\/\/multicredit.ch\/fr\/demande-de-credit\/\">demande de cr\u00e9dit<\/a>, et en optant pour une strat\u00e9gie adapt\u00e9e, vous maximisez vos chances d\u2019obtenir un pr\u00eat dans les meilleures conditions.<\/p>\n<p><strong>N\u2019oubliez pas que chaque situation est unique, et un accompagnement personnalis\u00e9 peut faire toute la diff\u00e9rence.<\/strong>[\/vc_column_text][vc_btn title=&#8221;D\u00e9couvrir&#8221; link=&#8221;url:https%3A%2F%2Fwww.multicredit.ch%2Ffr%2Fa-propos%2F|title:A%20propos||&#8221;][\/vc_column_inner][vc_column_inner width=&#8221;1\/2&#8243;][vc_column_text]<\/p>\n<ul>\n<li><strong>S\u00e9curit\u00e9 et confidentialit\u00e9<\/strong><\/li>\n<li><strong>Proximit\u00e9 et responsabilit\u00e9<\/strong><\/li>\n<li><strong>Prise en charge garantie en moins de 24h<\/strong><\/li>\n<li><strong>Taux inf\u00e9rieur \u00e0 la concurrence<\/strong><\/li>\n<\/ul>\n<p>[\/vc_column_text][\/vc_column_inner][\/vc_row_inner][\/vc_column][\/vc_row]<\/section>\n","protected":false},"excerpt":{"rendered":"<p>Concr\u00e9tisez votre projet simplement<\/p>\n","protected":false},"author":25,"featured_media":11770,"parent":373,"menu_order":-9,"comment_status":"closed","ping_status":"closed","template":"template-credit.php","meta":{"inline_featured_image":false,"footnotes":"","_links_to":"","_links_to_target":""},"categories":[33],"class_list":["post-27514","page","type-page","status-publish","has-post-thumbnail","hentry","category-credit"],"_links":{"self":[{"href":"https:\/\/multicredit.ch\/fr\/wp-json\/wp\/v2\/pages\/27514","targetHints":{"allow":["GET"]}}],"collection":[{"href":"https:\/\/multicredit.ch\/fr\/wp-json\/wp\/v2\/pages"}],"about":[{"href":"https:\/\/multicredit.ch\/fr\/wp-json\/wp\/v2\/types\/page"}],"author":[{"embeddable":true,"href":"https:\/\/multicredit.ch\/fr\/wp-json\/wp\/v2\/users\/25"}],"replies":[{"embeddable":true,"href":"https:\/\/multicredit.ch\/fr\/wp-json\/wp\/v2\/comments?post=27514"}],"version-history":[{"count":6,"href":"https:\/\/multicredit.ch\/fr\/wp-json\/wp\/v2\/pages\/27514\/revisions"}],"predecessor-version":[{"id":27520,"href":"https:\/\/multicredit.ch\/fr\/wp-json\/wp\/v2\/pages\/27514\/revisions\/27520"}],"up":[{"embeddable":true,"href":"https:\/\/multicredit.ch\/fr\/wp-json\/wp\/v2\/pages\/373"}],"wp:featuredmedia":[{"embeddable":true,"href":"https:\/\/multicredit.ch\/fr\/wp-json\/wp\/v2\/media\/11770"}],"wp:attachment":[{"href":"https:\/\/multicredit.ch\/fr\/wp-json\/wp\/v2\/media?parent=27514"}],"wp:term":[{"taxonomy":"category","embeddable":true,"href":"https:\/\/multicredit.ch\/fr\/wp-json\/wp\/v2\/categories?post=27514"}],"curies":[{"name":"wp","href":"https:\/\/api.w.org\/{rel}","templated":true}]}}