{"id":27509,"date":"2024-11-22T20:45:47","date_gmt":"2024-11-22T20:45:47","guid":{"rendered":"https:\/\/multicredit.ch\/?page_id=27509"},"modified":"2024-11-22T20:54:33","modified_gmt":"2024-11-22T20:54:33","slug":"etat-finance","status":"publish","type":"page","link":"https:\/\/multicredit.ch\/fr\/demande-de-credit\/etat-finance\/","title":{"rendered":"Situation financi\u00e8re"},"content":{"rendered":"<section class=\"wpb-content-wrapper\">[vc_row full_width=&#8221;stretch_row&#8221; el_class=&#8221;white-bck bigpadding&#8221; css=&#8221;.vc_custom_1586929679182{padding-bottom: 24px !important;}&#8221;][vc_column data_aos=&#8221;fade-in&#8221;]<\/p>\n<div class=\"blocktitle title-center title-dark\" clearfix\"><H2><span class=\"ez-toc-section\" id=\"Une_bonne_situation_financiere_est_necessaire_pour_obtenir_un_credit_prive\"><\/span>Une bonne situation financi\u00e8re est n\u00e9cessaire pour obtenir un cr\u00e9dit priv\u00e9<\/H2><\/div>\n<p>[vc_column_text]Obtenir un <strong>cr\u00e9dit priv\u00e9 en Suisse<\/strong> repose sur plusieurs crit\u00e8res qui \u00e9valuent \u00e0 la fois votre <strong>situation financi\u00e8re actuelle<\/strong> et votre <strong>historique de cr\u00e9dit<\/strong>. Les banques et institutions financi\u00e8res s\u2019appuient sur des outils tels que <strong>Delta Vista<\/strong>, <strong>la ZEK<\/strong>, et <strong>l\u2019IKO<\/strong> pour examiner votre solvabilit\u00e9, d\u00e9tecter les \u00e9ventuels incidents pass\u00e9s, et \u00e9tablir si vous remplissez les conditions n\u00e9cessaires pour acc\u00e9der \u00e0 un pr\u00eat.<\/p>\n<p>Voici un guide d\u00e9taill\u00e9 pour comprendre les exigences et vous assurer que votre dossier est conforme aux attentes.[\/vc_column_text][vc_column_text el_class=&#8221;pb-2 maxwidth&#8221;]<\/p>\n<h2><span class=\"ez-toc-section\" id=\"Votre_situation_financiere_actuelle\"><\/span><strong>Votre situation financi\u00e8re actuelle<\/strong><span class=\"ez-toc-section-end\"><\/span><\/h2>\n<p>Les banques analysent votre situation financi\u00e8re pr\u00e9sente pour d\u00e9terminer si vous \u00eates en mesure de rembourser votre pr\u00eat tout en maintenant vos autres engagements financiers.<\/p>\n<h3><span class=\"ez-toc-section\" id=\"Solvabilite_et_capacite_de_remboursement\"><\/span><strong>Solvabilit\u00e9 et capacit\u00e9 de remboursement<\/strong><span class=\"ez-toc-section-end\"><\/span><\/h3>\n<p>Votre solvabilit\u00e9 est \u00e9valu\u00e9e par un calcul d\u00e9taill\u00e9 de votre budget, qui prend en compte :<\/p>\n<ul>\n<li><strong>Vos revenus<\/strong> : Salaire, revenus locatifs, ou toute autre source r\u00e9guli\u00e8re.<\/li>\n<li><strong>Vos charges fixes<\/strong> : Logement, assurances, imp\u00f4ts, etc.<\/li>\n<li><strong>Vos engagements financiers en cours<\/strong> : Cr\u00e9dits existants, cartes de cr\u00e9dit, ou autres dettes.<\/li>\n<\/ul>\n<p>Ce calcul d\u00e9termine :<\/p>\n<ul>\n<li><strong>Votre capacit\u00e9 de remboursement mensuelle.<\/strong><\/li>\n<li><strong>Le plafond du montant empruntable<\/strong>, que votre demande ne doit pas d\u00e9passer.<\/li>\n<\/ul>\n<p>Un d\u00e9s\u00e9quilibre entre vos revenus et vos charges ou une demande d\u00e9passant ce plafond entra\u00eenera un refus de votre demande.[\/vc_column_text][vc_column_text]<\/p>\n<h3><span class=\"ez-toc-section\" id=\"Nos_points_fort_ci_dessous_pour_obtenir_les_meilleures_offres_possibles_pour_nos_clients_partout_en_Suisse\"><\/span>Nos points fort ci dessous pour obtenir les meilleures offres possibles pour nos clients partout en Suisse<span class=\"ez-toc-section-end\"><\/span><\/h3>\n<p>[\/vc_column_text][\/vc_column][\/vc_row][vc_row full_width=&#8221;stretch_row&#8221; el_class=&#8221;white-bck&#8221; css=&#8221;.vc_custom_1586930817763{padding-top: 24px !important;padding-bottom: 0px !important;}&#8221;][vc_column width=&#8221;1\/2&#8243; data_aos=&#8221;fade-up&#8221; el_class=&#8221;checklist&#8221;][vc_column_text]<\/p>\n<ul>\n<li>Recevez une d\u00e9cision pr\u00e9liminaire en seulement 5 minutes, lors du premier contact t\u00e9l\u00e9phonique<\/li>\n<li>Traitement sans frais de votre demande et offre sans engagement<\/li>\n<li>Confidentialit\u00e9 garantie (nous sommes soumis au secret bancaire)<\/li>\n<li>Remboursement flexible sur 12 \u00e0 84 mois<\/li>\n<li>Mensualit\u00e9s adapt\u00e9es et baisse des int\u00e9r\u00eats<\/li>\n<li>Modalit\u00e9s (dur\u00e9e, taux, montant) flexibles et adaptables<\/li>\n<li>Remboursement de votre pr\u00eat de fa\u00e7on anticip\u00e9e \u00e0 tout moment<\/li>\n<\/ul>\n<p>[\/vc_column_text][\/vc_column][vc_column width=&#8221;1\/2&#8243; data_aos=&#8221;fade-up&#8221; data_aos_delay=&#8221;250&#8243; el_class=&#8221;checklist&#8221;][vc_column_text]<\/p>\n<ul>\n<li>Pour les Suisses et d\u00e9tenteurs de permis C, d\u00e9ductions fiscales possibles des int\u00e9r\u00eats de la dette<\/li>\n<li>D\u00e9marches simplifi\u00e9es et plus rapides que l\u2019hypoth\u00e8que et le leasing<\/li>\n<li>Prise en charge de vos d\u00e9marches administratives<\/li>\n<li>D\u00e9marches simples, rapides et discr\u00e8tes<\/li>\n<li>Constitution de votre dossier par un sp\u00e9cialiste<\/li>\n<li>Conseil personnalis\u00e9 \u00e0 domicile ou \u00e0 notre bureau<\/li>\n<\/ul>\n<p>[\/vc_column_text][\/vc_column][\/vc_row][vc_row full_width=&#8221;stretch_row&#8221; el_class=&#8221;white-bck bigpadding&#8221; css=&#8221;.vc_custom_1586929684389{padding-top: 24px !important;}&#8221;][vc_column data_aos=&#8221;fade-in&#8221;][vc_column_text el_class=&#8221;pt-2&#8243;]<\/p>\n<p style=\"text-align: center;\"><strong>Pour particuliers r\u00e9sidant en Suisse, suisses ou <a href=\"https:\/\/www.sem.admin.ch\/sem\/fr\/home\/themen\/aufenthalt\/eu_efta.html\" target=\"_blank\" rel=\"noopener\">d\u00e9tenteurs d\u2019un permis B, C ou d\u2019une carte de l\u00e9gitimation (D, E, G et H)<\/a> , augmenter vos liquidit\u00e9s est possible, faire des \u00e9conomies aussi. B\u00e9n\u00e9ficiez de l\u2019\u00e9tude individualis\u00e9e de votre projet, d\u2019une offre de pr\u00eat sur mesure tr\u00e8s rapidement.<\/strong><\/p>\n<h2><span class=\"ez-toc-section\" id=\"Votre_historique_de_credit_Un_facteur_determinant\"><\/span><strong>Votre historique de cr\u00e9dit : Un facteur d\u00e9terminant<\/strong><span class=\"ez-toc-section-end\"><\/span><\/h2>\n<p>L\u2019historique de votre gestion financi\u00e8re pass\u00e9e est un \u00e9l\u00e9ment cl\u00e9 pour <a href=\"https:\/\/multicredit.ch\/fr\/demande-de-credit\/\">faire aboutir une demande de cr\u00e9dit<\/a>. Il doit \u00eatre <strong>exempt de tout incident<\/strong>, notamment :<\/p>\n<ul>\n<li><strong>Poursuites ou actes de d\u00e9faut de biens<\/strong> : Ces inscriptions indiquent des dettes impay\u00e9es et affectent directement la d\u00e9cision de la banque.<\/li>\n<li><strong>Incidents de cr\u00e9dit enregistr\u00e9s dans la ZEK ou l\u2019IKO<\/strong> : Ces fichiers recensent tout probl\u00e8me de gestion des emprunts et cartes de cr\u00e9dit.<\/li>\n<\/ul>\n<h3><span class=\"ez-toc-section\" id=\"Poursuites_et_actes_de_defaut_de_biens\"><\/span><strong>Poursuites et actes de d\u00e9faut de biens<\/strong><span class=\"ez-toc-section-end\"><\/span><\/h3>\n<p>Pour pr\u00e9tendre \u00e0 un pr\u00eat :<\/p>\n<ul>\n<li><strong>Toutes les poursuites doivent \u00eatre radi\u00e9es du registre des poursuites.<\/strong><\/li>\n<li>Aucun <strong>acte de d\u00e9faut de bien<\/strong> ne doit subsister.<\/li>\n<\/ul>\n<p>Les informations sont v\u00e9rifi\u00e9es via le registre <strong>Delta Vista<\/strong>, qui regroupe ces donn\u00e9es. Une inscription active, m\u00eame ancienne, rendra votre demande in\u00e9ligible, peu importe la solidit\u00e9 de votre solvabilit\u00e9 actuelle.<\/p>\n<hr \/>\n<h2><span class=\"ez-toc-section\" id=\"Comprendre_les_bases_de_donnees_utilisees_Delta_Vista_ZEK_et_IKO\"><\/span><strong>Comprendre les bases de donn\u00e9es utilis\u00e9es : Delta Vista, ZEK et IKO<\/strong><span class=\"ez-toc-section-end\"><\/span><\/h2>\n<p>Les banques utilisent plusieurs bases de donn\u00e9es pour examiner votre fiabilit\u00e9 financi\u00e8re. Chaque syst\u00e8me a son r\u00f4le et son impact sur votre demande de cr\u00e9dit.<\/p>\n<h3><span class=\"ez-toc-section\" id=\"Delta_Vista_Le_registre_des_poursuites\"><\/span><strong>Delta Vista : Le registre des poursuites<\/strong><span class=\"ez-toc-section-end\"><\/span><\/h3>\n<p>Delta Vista compile les informations sur :<\/p>\n<ul>\n<li>Les poursuites actives.<\/li>\n<li>Les actes de d\u00e9faut de biens.<\/li>\n<\/ul>\n<p><strong>R\u00e8gle imp\u00e9rative :<\/strong> Toutes les inscriptions doivent \u00eatre radi\u00e9es avant toute demande. Cela garantit que vous n\u2019avez pas de dettes non r\u00e9gl\u00e9es.<\/p>\n<hr \/>\n<h3><span class=\"ez-toc-section\" id=\"ZEK_Lhistorique_de_vos_emprunts_et_credits\"><\/span><strong>ZEK : L\u2019historique de vos emprunts et cr\u00e9dits<\/strong><span class=\"ez-toc-section-end\"><\/span><\/h3>\n<p>La <strong>ZEK (Centrale pour les Informations de Cr\u00e9dit)<\/strong> enregistre tout incident li\u00e9 aux emprunts, qu\u2019il s\u2019agisse de cr\u00e9dits priv\u00e9s ou de paiements li\u00e9s \u00e0 des cartes de cr\u00e9dit au-del\u00e0 de 3 000 CHF.<\/p>\n<p>Les <strong>codes de la ZEK<\/strong> indiquent le niveau de gravit\u00e9 des incidents. Voici les principaux :<\/p>\n<ul>\n<li><strong>Code 00 :<\/strong> D\u00e9but de retards de paiement.<\/li>\n<li><strong>Code 03 :<\/strong> Accumulation de retards significatifs.<\/li>\n<li><strong>Code 04 :<\/strong> Demande de r\u00e9duction de mensualit\u00e9 en raison de difficult\u00e9s financi\u00e8res.<\/li>\n<li><strong>Code 05 :<\/strong> Cr\u00e9dit consid\u00e9r\u00e9 comme irr\u00e9couvrable, d\u00e9clar\u00e9 en pertes par la banque.<\/li>\n<li><strong>Code 09 :<\/strong> Tentative de fraude (donn\u00e9es erron\u00e9es ou falsifi\u00e9es).<\/li>\n<\/ul>\n<p><strong>Dur\u00e9e d\u2019enregistrement :<\/strong><br \/>\nCes codes restent inscrits dans la ZEK entre <strong>1 an et 5 ans<\/strong>, selon la gravit\u00e9. Un code actif peut entra\u00eener un refus imm\u00e9diat de la banque, m\u00eame si vous \u00eates actuellement en situation financi\u00e8re stable.<\/p>\n<hr \/>\n<h3><span class=\"ez-toc-section\" id=\"IKO_Les_cartes_de_credit_et_les_cartes_de_magasins\"><\/span><strong>IKO : Les cartes de cr\u00e9dit et les cartes de magasins<\/strong><span class=\"ez-toc-section-end\"><\/span><\/h3>\n<p>L\u2019<strong>IKO<\/strong> (Centrale d\u2019information sur les cartes de cr\u00e9dit) recense toutes les cartes bancaires ou de magasins (Visa, Mastercard, Manor, Jumbo, etc.), quel que soit le montant engag\u00e9.<\/p>\n<p>Les incidents li\u00e9s aux cartes sont enregistr\u00e9s avec des codes similaires \u00e0 ceux de la ZEK. Ces informations sont utilis\u00e9es pour \u00e9valuer votre capacit\u00e9 \u00e0 g\u00e9rer plusieurs engagements financiers simultan\u00e9ment.<\/p>\n<hr \/>\n<h2><span class=\"ez-toc-section\" id=\"Les_obstacles_courants_pour_obtenir_un_credit\"><\/span><strong>Les obstacles courants pour obtenir un cr\u00e9dit<\/strong><span class=\"ez-toc-section-end\"><\/span><\/h2>\n<p>Voici les principales raisons pour lesquelles une demande peut \u00eatre refus\u00e9e :<\/p>\n<ol>\n<li><strong>Inscription dans Delta Vista :<\/strong> Une poursuite ou un acte de d\u00e9faut de biens encore actif.<\/li>\n<li><strong>Code actif dans la ZEK :<\/strong> Retards ou incidents pass\u00e9s non encore radi\u00e9s.<\/li>\n<li><strong>Trop d\u2019engagements financiers en cours :<\/strong> Si vos charges actuelles laissent peu de marge pour un nouveau cr\u00e9dit.<\/li>\n<li><strong>Mauvaise gestion des cartes enregistr\u00e9e dans l\u2019IKO :<\/strong> Utilisation excessive ou retards de paiement.<\/li>\n<\/ol>\n<hr \/>\n<h2><span class=\"ez-toc-section\" id=\"Comment_maximiser_vos_chances_dobtenir_un_credit_prive\"><\/span><strong>Comment maximiser vos chances d\u2019obtenir un cr\u00e9dit priv\u00e9 ?<\/strong><span class=\"ez-toc-section-end\"><\/span><\/h2>\n<ol>\n<li><strong>Assurez-vous que vos poursuites soient r\u00e9gl\u00e9es et radi\u00e9es :<\/strong><br \/>\nAvant de soumettre une demande, v\u00e9rifiez votre situation aupr\u00e8s du registre des poursuites.<\/li>\n<li><strong>Nettoyez vos historiques ZEK et IKO :<\/strong><br \/>\nSi vous avez des incidents pass\u00e9s, attendez leur radiation compl\u00e8te avant d\u2019introduire une nouvelle demande.<\/li>\n<li><strong>Consolidez votre solvabilit\u00e9 :<\/strong>\n<ul>\n<li>R\u00e9duisez vos dettes existantes.<\/li>\n<li>Optimisez vos revenus, par exemple en prouvant des revenus secondaires.<\/li>\n<\/ul>\n<\/li>\n<li><strong>Pr\u00e9parez un dossier complet et transparent :<\/strong><br \/>\nFournissez tous les justificatifs n\u00e9cessaires pour d\u00e9montrer votre stabilit\u00e9 actuelle, comme des fiches de salaire, des relev\u00e9s bancaires, et des attestations de remboursement.<\/li>\n<li><strong>Choisissez un montant raisonnable :<\/strong><br \/>\nVotre demande doit rester proportionnelle \u00e0 vos revenus et capacit\u00e9s de remboursement.<\/li>\n<\/ol>\n<p>[\/vc_column_text][\/vc_column][\/vc_row][vc_row full_width=&#8221;stretch_row&#8221; equal_height=&#8221;yes&#8221; el_class=&#8221;lightgrey-bck bigpadding flex-eq-height diagonal-top-bck one-fifth-link-bloc&#8221;][vc_column width=&#8221;1\/5&#8243; data_aos=&#8221;fade-down&#8221; data_aos_delay=&#8221;0&#8243;]<\/p>\n<div class=\"wpb_single_image wpb_content_element vc_align_center  wpb_animate_when_almost_visible wpb_top-to-bottom top-to-bottom wpb_start_animation animated\">\n<figure class=\"wpb_wrapper vc_figure\">\n<div class=\"vc_single_image-wrapper\"><img decoding=\"async\" src=\"https:\/\/multicredit.ch\/wp\/wp-content\/uploads\/c-hab.jpg\" alt=\"\" title=\"\"><\/div><figcaption>\n<h4>Cr\u00e9dit habitation<\/h4>\n<p>Financez am\u00e9nagements et habitations<\/p>\n<\/figcaption><\/figure>\n<\/div>\n<div class=\"vc_btn3-container text-center\"><a class=\"btn-circle-2\" href=\"https:\/\/www.multicredit.ch\/fr\/credit\/credit-habitation\/\" title=\"Cr\u00e9dit Habitation\"><span class=\"round\">&gt;<\/span><\/a><\/div>\n<p>[\/vc_column][vc_column width=&#8221;1\/5&#8243; data_aos=&#8221;fade-down&#8221; data_aos_delay=&#8221;50&#8243;]<\/p>\n<div class=\"wpb_single_image wpb_content_element vc_align_center  wpb_animate_when_almost_visible wpb_top-to-bottom top-to-bottom wpb_start_animation animated\">\n<figure class=\"wpb_wrapper vc_figure\">\n<div class=\"vc_single_image-wrapper\"><img decoding=\"async\" src=\"https:\/\/multicredit.ch\/wp\/wp-content\/uploads\/c-auto.jpg\" alt=\"\" title=\"\"><\/div><figcaption>\n<h4>Cr\u00e9dit auto<\/h4>\n<p>Achetez votre v\u00e9hicule \u00e0 cr\u00e9dit<\/p>\n<\/figcaption><\/figure>\n<\/div>\n<div class=\"vc_btn3-container text-center\"><a class=\"btn-circle-2\" href=\"https:\/\/www.multicredit.ch\/fr\/credit\/credit-auto\" title=\"Cr\u00e9dit Habitation\"><span class=\"round\">&gt;<\/span><\/a><\/div>\n<p>[\/vc_column][vc_column width=&#8221;1\/5&#8243; data_aos=&#8221;fade-down&#8221; data_aos_delay=&#8221;100&#8243;]<\/p>\n<div class=\"wpb_single_image wpb_content_element vc_align_center  wpb_animate_when_almost_visible wpb_top-to-bottom top-to-bottom wpb_start_animation animated\">\n<figure class=\"wpb_wrapper vc_figure\">\n<div class=\"vc_single_image-wrapper\"><img decoding=\"async\" src=\"https:\/\/multicredit.ch\/wp\/wp-content\/uploads\/c-form.jpg\" alt=\"\" title=\"\"><\/div><figcaption>\n<h4>Cr\u00e9dit formation<\/h4>\n<p>Financez vos \u00e9tudes<\/p>\n<\/figcaption><\/figure>\n<\/div>\n<div class=\"vc_btn3-container text-center\"><a class=\"btn-circle-2\" href=\"https:\/\/www.multicredit.ch\/fr\/credit\/financement-d-etudes-et-de-formations\/\" title=\"Cr\u00e9dit Habitation\"><span class=\"round\">&gt;<\/span><\/a><\/div>\n<p>[\/vc_column][vc_column width=&#8221;1\/5&#8243; data_aos=&#8221;fade-down&#8221; data_aos_delay=&#8221;150&#8243;]<\/p>\n<div class=\"wpb_single_image wpb_content_element vc_align_center  wpb_animate_when_almost_visible wpb_top-to-bottom top-to-bottom wpb_start_animation animated\">\n<figure class=\"wpb_wrapper vc_figure\">\n<div class=\"vc_single_image-wrapper\"><img decoding=\"async\" src=\"https:\/\/multicredit.ch\/wp\/wp-content\/uploads\/c-med.jpg\" alt=\"\" title=\"\"><\/div><figcaption>\n<h4>Cr\u00e9dit m\u00e9dical<\/h4>\n<p>Financez votre chirurgie et soin m\u00e9dical<\/p>\n<\/figcaption><\/figure>\n<\/div>\n<div class=\"vc_btn3-container text-center\"><a class=\"btn-circle-2\" href=\"https:\/\/www.multicredit.ch\/fr\/credit\/pret-medical\/\" title=\"Cr\u00e9dit Habitation\"><span class=\"round\">&gt;<\/span><\/a><\/div>\n<p>[\/vc_column][vc_column width=&#8221;1\/5&#8243; data_aos=&#8221;fade-down&#8221; data_aos_delay=&#8221;200&#8243;]<\/p>\n<div class=\"wpb_single_image wpb_content_element vc_align_center  wpb_animate_when_almost_visible wpb_top-to-bottom top-to-bottom wpb_start_animation animated\">\n<figure class=\"wpb_wrapper vc_figure\">\n<div class=\"vc_single_image-wrapper\"><img decoding=\"async\" src=\"https:\/\/multicredit.ch\/wp\/wp-content\/uploads\/c-all.jpg\" alt=\"\" title=\"\"><\/div><figcaption>\n<h4>Cr\u00e9dits divers<\/h4>\n<p>Pour tout autre projet<\/p>\n<\/figcaption><\/figure>\n<\/div>\n<div class=\"vc_btn3-container text-center\"><a class=\"btn-circle-2\" href=\"https:\/\/www.multicredit.ch\/fr\/credit\/credits-divers\/\" title=\"Cr\u00e9dit Habitation\"><span class=\"round\">&gt;<\/span><\/a><\/div>\n<p>[\/vc_column][\/vc_row][vc_row full_width=&#8221;stretch_row&#8221; el_class=&#8221;white-bck regularpadding steps&#8221;][vc_column data_aos=&#8221;fade-in&#8221;]<\/p>\n<div class=\"blocktitle title-center title-dark\" clearfix\"><H2><span class=\"ez-toc-section\" id=\"Votre_credit_en_4_etapes\"><\/span>Votre cr\u00e9dit en 4 \u00e9tapes<\/H2><\/p>\n<h4>Simple et rapide<\/h4>\n<\/div>\n<p>[vc_row_inner equal_height=&#8221;yes&#8221;][vc_column_inner width=&#8221;1\/4&#8243;][vc_pie value=&#8221;25&#8243; label_value=&#8221;1&#8243; color=&#8221;custom&#8221; title=&#8221;Demande&#8221; custom_color=&#8221;#df003c&#8221;][vc_column_text]<\/p>\n<p style=\"text-align: center;\">Vous remplissez le formulaire de demande de cr\u00e9dit selon vos besoins.<\/p>\n<h5 style=\"text-align: center;\">2 min<\/h5>\n<p>[\/vc_column_text][\/vc_column_inner][vc_column_inner width=&#8221;1\/4&#8243;][vc_pie label_value=&#8221;2&#8243; color=&#8221;custom&#8221; title=&#8221;Proposition&#8221; custom_color=&#8221;#df003c&#8221;][vc_column_text]<\/p>\n<p style=\"text-align: center;\">Nous analysons votre demande et vous proposons une solution adapt\u00e9e \u00e0 votre profil.<\/p>\n<h5 style=\"text-align: center;\">12 heures<\/h5>\n<p>[\/vc_column_text][\/vc_column_inner][vc_column_inner width=&#8221;1\/4&#8243;][vc_pie value=&#8221;75&#8243; label_value=&#8221;3&#8243; color=&#8221;custom&#8221; title=&#8221;Signature&#8221; custom_color=&#8221;#df003c&#8221;][vc_column_text]<\/p>\n<p style=\"text-align: center;\">Une fois le contrat \u00e9tabli, il vous suffit de le signer et nous le transmettre.<\/p>\n<h5 style=\"text-align: center;\">Cette \u00e9tape d\u00e9pend de votre r\u00e9activit\u00e9.<\/h5>\n<p>[\/vc_column_text][\/vc_column_inner][vc_column_inner width=&#8221;1\/4&#8243;][vc_pie value=&#8221;100&#8243; label_value=&#8221;4&#8243; color=&#8221;custom&#8221; title=&#8221;Virement&#8221; custom_color=&#8221;#df003c&#8221;][vc_column_text]<\/p>\n<p style=\"text-align: center;\">Le montant est vir\u00e9 dans votre compte.<\/p>\n<h5 style=\"text-align: center;\">14 jours (D\u00e9lai l\u00e9gal)<\/h5>\n<p>[\/vc_column_text][\/vc_column_inner][\/vc_row_inner][\/vc_column][\/vc_row][vc_row full_width=&#8221;stretch_row&#8221; content_placement=&#8221;middle&#8221; el_class=&#8221;lightgrey-bck bigpadding checklist&#8221;][vc_column data_aos=&#8221;fade-in&#8221;]<\/p>\n<div class=\"blocktitle title-left title-dark\" clearfix\"><H3><span class=\"ez-toc-section\" id=\"Confiez-nous_la_recherche_de_votre_meilleure_offre_possible_de_credit\"><\/span>Confiez-nous la recherche de votre meilleure offre possible de cr\u00e9dit<\/H3><\/p>\n<h4>Nous cherchons toujours la meilleure offre possible pour nos clients de partout en Suisse.<\/h4>\n<\/div>\n<p>[vc_row_inner][vc_column_inner width=&#8221;1\/2&#8243;][vc_column_text]Obtenir un <strong>cr\u00e9dit priv\u00e9 en Suisse<\/strong> exige une situation financi\u00e8re saine et un historique de cr\u00e9dit irr\u00e9prochable. Les bases de donn\u00e9es telles que Delta Vista, ZEK et IKO jouent un r\u00f4le crucial dans l\u2019\u00e9valuation de votre dossier. Pour maximiser vos chances :<\/p>\n<ul>\n<li>Assurez-vous que votre historique soit vierge.<\/li>\n<li>Respectez les crit\u00e8res de solvabilit\u00e9 et pr\u00e9sentez un dossier solide.<\/li>\n<\/ul>\n<p>En suivant ces \u00e9tapes, vous pourrez acc\u00e9der \u00e0 un financement adapt\u00e9 \u00e0 vos besoins tout en respectant les exigences des institutions financi\u00e8res.[\/vc_column_text][vc_btn title=&#8221;D\u00e9couvrir&#8221; link=&#8221;url:https%3A%2F%2Fwww.multicredit.ch%2Ffr%2Fa-propos%2F|title:A%20propos||&#8221;][\/vc_column_inner][vc_column_inner width=&#8221;1\/2&#8243;][vc_column_text]<\/p>\n<ul>\n<li><strong>S\u00e9curit\u00e9 et confidentialit\u00e9<\/strong><\/li>\n<li><strong>Proximit\u00e9 et responsabilit\u00e9<\/strong><\/li>\n<li><strong>Prise en charge garantie en moins de 24h<\/strong><\/li>\n<li><strong>Taux inf\u00e9rieur \u00e0 la concurrence<\/strong><\/li>\n<\/ul>\n<p>[\/vc_column_text][\/vc_column_inner][\/vc_row_inner][\/vc_column][\/vc_row]<\/section>\n","protected":false},"excerpt":{"rendered":"<p>Concr\u00e9tisez votre projet simplement<\/p>\n","protected":false},"author":25,"featured_media":11770,"parent":373,"menu_order":-9,"comment_status":"closed","ping_status":"closed","template":"template-credit.php","meta":{"inline_featured_image":false,"footnotes":"","_links_to":"","_links_to_target":""},"categories":[33],"class_list":["post-27509","page","type-page","status-publish","has-post-thumbnail","hentry","category-credit"],"_links":{"self":[{"href":"https:\/\/multicredit.ch\/fr\/wp-json\/wp\/v2\/pages\/27509","targetHints":{"allow":["GET"]}}],"collection":[{"href":"https:\/\/multicredit.ch\/fr\/wp-json\/wp\/v2\/pages"}],"about":[{"href":"https:\/\/multicredit.ch\/fr\/wp-json\/wp\/v2\/types\/page"}],"author":[{"embeddable":true,"href":"https:\/\/multicredit.ch\/fr\/wp-json\/wp\/v2\/users\/25"}],"replies":[{"embeddable":true,"href":"https:\/\/multicredit.ch\/fr\/wp-json\/wp\/v2\/comments?post=27509"}],"version-history":[{"count":4,"href":"https:\/\/multicredit.ch\/fr\/wp-json\/wp\/v2\/pages\/27509\/revisions"}],"predecessor-version":[{"id":27513,"href":"https:\/\/multicredit.ch\/fr\/wp-json\/wp\/v2\/pages\/27509\/revisions\/27513"}],"up":[{"embeddable":true,"href":"https:\/\/multicredit.ch\/fr\/wp-json\/wp\/v2\/pages\/373"}],"wp:featuredmedia":[{"embeddable":true,"href":"https:\/\/multicredit.ch\/fr\/wp-json\/wp\/v2\/media\/11770"}],"wp:attachment":[{"href":"https:\/\/multicredit.ch\/fr\/wp-json\/wp\/v2\/media?parent=27509"}],"wp:term":[{"taxonomy":"category","embeddable":true,"href":"https:\/\/multicredit.ch\/fr\/wp-json\/wp\/v2\/categories?post=27509"}],"curies":[{"name":"wp","href":"https:\/\/api.w.org\/{rel}","templated":true}]}}