{"id":27498,"date":"2024-11-22T20:01:48","date_gmt":"2024-11-22T20:01:48","guid":{"rendered":"https:\/\/multicredit.ch\/?page_id=27498"},"modified":"2024-11-22T20:35:48","modified_gmt":"2024-11-22T20:35:48","slug":"independant","status":"publish","type":"page","link":"https:\/\/multicredit.ch\/fr\/demande-de-credit\/independant\/","title":{"rendered":"Cr\u00e9dit Ind\u00e9pendant"},"content":{"rendered":"<section class=\"wpb-content-wrapper\">[vc_row full_width=&#8221;stretch_row&#8221; el_class=&#8221;white-bck bigpadding&#8221; css=&#8221;.vc_custom_1586929679182{padding-bottom: 24px !important;}&#8221;][vc_column data_aos=&#8221;fade-in&#8221;]<\/p>\n<div class=\"blocktitle title-center title-dark\" clearfix\"><H2><span class=\"ez-toc-section\" id=\"Credit_pour_les_independants_avec_MultiCredit\"><\/span>Cr\u00e9dit pour les ind\u00e9pendants avec MultiCredit<\/H2><\/div>\n<p>[vc_column_text]Vous \u00eates <strong>ind\u00e9pendant<\/strong>, <strong>employ\u00e9 de votre propre entreprise<\/strong> ou encore <strong>directeur d\u2019une S\u00e0rl ou SA<\/strong>, et souhaitez solliciter un <strong>pr\u00eat priv\u00e9 en Suisse<\/strong> ? Ce guide vous explique les pr\u00e9requis, les conditions \u00e0 respecter et les offres disponibles, adapt\u00e9es \u00e0 ces profils sp\u00e9cifiques.[\/vc_column_text][vc_column_text el_class=&#8221;pb-2 maxwidth&#8221;]<\/p>\n<h2><span class=\"ez-toc-section\" id=\"Les_profils_eligibles_pour_une_demande_de_credit_prive\"><\/span><strong>Les profils \u00e9ligibles pour une demande de cr\u00e9dit priv\u00e9<\/strong><span class=\"ez-toc-section-end\"><\/span><\/h2>\n<h4><strong>Ind\u00e9pendant ou employ\u00e9 de votre propre entreprise (S\u00e0rl)<\/strong><\/h4>\n<p>Si vous \u00eates <strong>ind\u00e9pendant<\/strong> ou travaillez dans une entreprise sous forme de S\u00e0rl o\u00f9 vous d\u00e9tenez des parts financi\u00e8res, vous devez r\u00e9pondre aux crit\u00e8res suivants pour obtenir un pr\u00eat priv\u00e9 :<\/p>\n<ul>\n<li><strong>Domicile en Suisse<\/strong> : Vous devez \u00eatre r\u00e9sident suisse.<\/li>\n<li><strong>3 ans d&#8217;activit\u00e9 au minimum<\/strong> : Votre entreprise ou activit\u00e9 ind\u00e9pendante doit avoir au moins trois ans d\u2019existence pour d\u00e9montrer sa stabilit\u00e9 financi\u00e8re.<\/li>\n<\/ul>\n<h4><strong>Directeur avec ou sans parts dans une SA<\/strong><\/h4>\n<p>En tant que directeur dans une soci\u00e9t\u00e9 anonyme (SA), avec ou sans parts dans le capital de l\u2019entreprise, les conditions d\u2019octroi sont similaires \u00e0 celles d\u2019un salari\u00e9 classique :<\/p>\n<ul>\n<li>Un <strong>revenu fixe<\/strong> attest\u00e9 par des fiches de paie.<\/li>\n<li>La capacit\u00e9 de d\u00e9montrer votre solvabilit\u00e9.<\/li>\n<\/ul>\n<p>Ces conditions simplifi\u00e9es permettent aux directeurs d\u2019acc\u00e9der plus facilement \u00e0 un pr\u00eat personnel.[\/vc_column_text][vc_column_text]<\/p>\n<h3><span class=\"ez-toc-section\" id=\"Nos_points_fort_ci_dessous_pour_obtenir_les_meilleures_offres_possibles_pour_nos_clients_partout_en_Suisse\"><\/span>Nos points fort ci dessous pour obtenir les meilleures offres possibles pour nos clients partout en Suisse<span class=\"ez-toc-section-end\"><\/span><\/h3>\n<p>[\/vc_column_text][\/vc_column][\/vc_row][vc_row full_width=&#8221;stretch_row&#8221; el_class=&#8221;white-bck&#8221; css=&#8221;.vc_custom_1586930817763{padding-top: 24px !important;padding-bottom: 0px !important;}&#8221;][vc_column width=&#8221;1\/2&#8243; data_aos=&#8221;fade-up&#8221; el_class=&#8221;checklist&#8221;][vc_column_text]<\/p>\n<ul>\n<li>Recevez une d\u00e9cision pr\u00e9liminaire en seulement 5 minutes, lors du premier contact t\u00e9l\u00e9phonique<\/li>\n<li>Traitement sans frais de votre demande et offre sans engagement<\/li>\n<li>Confidentialit\u00e9 garantie (nous sommes soumis au secret bancaire)<\/li>\n<li>Remboursement flexible sur 12 \u00e0 84 mois<\/li>\n<li>Mensualit\u00e9s adapt\u00e9es et baisse des int\u00e9r\u00eats<\/li>\n<li>Modalit\u00e9s (dur\u00e9e, taux, montant) flexibles et adaptables<\/li>\n<li>Remboursement de votre pr\u00eat de fa\u00e7on anticip\u00e9e \u00e0 tout moment<\/li>\n<\/ul>\n<p>[\/vc_column_text][\/vc_column][vc_column width=&#8221;1\/2&#8243; data_aos=&#8221;fade-up&#8221; data_aos_delay=&#8221;250&#8243; el_class=&#8221;checklist&#8221;][vc_column_text]<\/p>\n<ul>\n<li>Pour les Suisses et d\u00e9tenteurs de permis C, d\u00e9ductions fiscales possibles des int\u00e9r\u00eats de la dette<\/li>\n<li>D\u00e9marches simplifi\u00e9es et plus rapides que l\u2019hypoth\u00e8que et le leasing<\/li>\n<li>Prise en charge de vos d\u00e9marches administratives<\/li>\n<li>D\u00e9marches simples, rapides et discr\u00e8tes<\/li>\n<li>Constitution de votre dossier par un sp\u00e9cialiste<\/li>\n<li>Conseil personnalis\u00e9 \u00e0 domicile ou \u00e0 notre bureau<\/li>\n<\/ul>\n<p>[\/vc_column_text][\/vc_column][\/vc_row][vc_row full_width=&#8221;stretch_row&#8221; el_class=&#8221;white-bck bigpadding&#8221; css=&#8221;.vc_custom_1586929684389{padding-top: 24px !important;}&#8221;][vc_column data_aos=&#8221;fade-in&#8221;][vc_column_text el_class=&#8221;pt-2&#8243;]<\/p>\n<p style=\"text-align: center;\"><strong>Pour particuliers r\u00e9sidant en Suisse, suisses ou <a href=\"https:\/\/www.sem.admin.ch\/sem\/fr\/home\/themen\/aufenthalt\/eu_efta.html\" target=\"_blank\" rel=\"noopener\">d\u00e9tenteurs d\u2019un permis B, C ou d\u2019une carte de l\u00e9gitimation (D, E, G et H)<\/a> , augmenter vos liquidit\u00e9s est possible, faire des \u00e9conomies aussi. B\u00e9n\u00e9ficiez de l\u2019\u00e9tude individualis\u00e9e de votre projet, d\u2019une offre de pr\u00eat sur mesure tr\u00e8s rapidement.<\/strong><\/p>\n<h2><span class=\"ez-toc-section\" id=\"Pourquoi_ces_conditions_sont-elles_importantes\"><\/span><strong>Pourquoi ces conditions sont-elles importantes ?<\/strong><span class=\"ez-toc-section-end\"><\/span><\/h2>\n<p>Obtenir un cr\u00e9dit pour ind\u00e9pendant demande un processus aussi m\u00e9ticuleux que pour le cr\u00e9dit \u00e0 la consommation. Il ne faut n\u00e9gliger aucuns d\u00e9tails pour faire aboutir votre <a href=\"https:\/\/multicredit.ch\/fr\/demande-de-credit\/\">demande de cr\u00e9dit<\/a> !<\/p>\n<h3><span class=\"ez-toc-section\" id=\"Pour_les_independants_et_les_proprietaires_de_Sarl\"><\/span><strong>Pour les ind\u00e9pendants et les propri\u00e9taires de S\u00e0rl :<\/strong><span class=\"ez-toc-section-end\"><\/span><\/h3>\n<p>Les <strong>institutions financi\u00e8res<\/strong> s\u2019appuient sur des preuves de stabilit\u00e9 financi\u00e8re pour \u00e9valuer les risques associ\u00e9s \u00e0 l\u2019octroi d\u2019un pr\u00eat. Le domicile suisse et les 3 ans d\u2019activit\u00e9 garantissent :<\/p>\n<ul>\n<li>Une <strong>capacit\u00e9 de remboursement r\u00e9aliste<\/strong>.<\/li>\n<li>La p\u00e9rennit\u00e9 de votre activit\u00e9 professionnelle ou de votre entreprise.<\/li>\n<\/ul>\n<h3><span class=\"ez-toc-section\" id=\"Pour_les_directeurs_de_SA\"><\/span><strong>Pour les directeurs de SA :<\/strong><span class=\"ez-toc-section-end\"><\/span><\/h3>\n<p>Les crit\u00e8res \u00e9tant align\u00e9s sur ceux des salari\u00e9s, votre stabilit\u00e9 en tant qu\u2019employ\u00e9 dirigeant est prise en compte, qu\u2019il s\u2019agisse de vos revenus fixes ou de la performance globale de l\u2019entreprise.<\/p>\n<hr \/>\n<h2><span class=\"ez-toc-section\" id=\"Offre_avantageuse_pour_independants_et_directeurs\"><\/span><strong>Offre avantageuse pour ind\u00e9pendants et directeurs<\/strong><span class=\"ez-toc-section-end\"><\/span><\/h2>\n<p>Les solutions de cr\u00e9dit priv\u00e9 adapt\u00e9es \u00e0 ces profils vous permettent de b\u00e9n\u00e9ficier de :<\/p>\n<ul>\n<li><strong>Mensualit\u00e9s parmi les plus basses en Suisse<\/strong>, gr\u00e2ce \u00e0 des taux comp\u00e9titifs.<\/li>\n<\/ul>\n<h4><strong>D\u00e9tails de l&#8217;offre :<\/strong><\/h4>\n<ul>\n<li><strong>Taux d&#8217;int\u00e9r\u00eat :<\/strong> De <strong>4.9% \u00e0 11.95%<\/strong> selon votre profil et la dur\u00e9e du pr\u00eat.<\/li>\n<li><strong>Montant finan\u00e7able :<\/strong> De <strong>5&#8217;000 \u00e0 400&#8217;000 CHF<\/strong>.<\/li>\n<li><strong>Dur\u00e9e de remboursement :<\/strong> De <strong>6 mois \u00e0 10 ans<\/strong>, selon vos besoins financiers.<\/li>\n<li><strong>Aucun frais administratif :<\/strong> Une offre transparente sans co\u00fbts cach\u00e9s.<\/li>\n<\/ul>\n<hr \/>\n<h2><span class=\"ez-toc-section\" id=\"Exemples_de_situations_courantes_pour_les_independants\"><\/span><strong>Exemples de situations courantes pour les ind\u00e9pendants<br \/>\n<\/strong><span class=\"ez-toc-section-end\"><\/span><\/h2>\n<h4><strong>Ind\u00e9pendant<\/strong><\/h4>\n<p>Marie, photographe ind\u00e9pendante depuis 5 ans, souhaite un pr\u00eat pour investir dans du mat\u00e9riel professionnel. Elle est domicili\u00e9e \u00e0 Gen\u00e8ve et son activit\u00e9 g\u00e9n\u00e8re des revenus stables depuis plusieurs ann\u00e9es. Marie est \u00e9ligible pour un cr\u00e9dit priv\u00e9 et peut b\u00e9n\u00e9ficier d\u2019un taux comp\u00e9titif gr\u00e2ce \u00e0 son profil solide.<\/p>\n<h4><strong>Directeur avec parts dans une S\u00e0rl<\/strong><\/h4>\n<p>David, directeur d\u2019une S\u00e0rl sp\u00e9cialis\u00e9e dans le d\u00e9veloppement de logiciels, d\u00e9tient 30% des parts de son entreprise. Avec 4 ans d\u2019activit\u00e9 r\u00e9ussie, il souhaite un pr\u00eat pour des besoins personnels. Ses 3 ans d&#8217;anciennet\u00e9 et sa r\u00e9sidence suisse rendent sa demande conforme aux crit\u00e8res des institutions financi\u00e8res.<\/p>\n<h4><strong>Directeur salari\u00e9 d\u2019une SA<\/strong><\/h4>\n<p>Anne est directrice d\u2019une SA et ne d\u00e9tient aucune part dans la soci\u00e9t\u00e9. Son poste bien r\u00e9mun\u00e9r\u00e9 et ses fiches de salaire r\u00e9guli\u00e8res lui permettent de demander un pr\u00eat priv\u00e9 dans les m\u00eames conditions qu\u2019un salari\u00e9 classique.<\/p>\n<hr \/>\n<h2><span class=\"ez-toc-section\" id=\"Les_avantages_dun_credit_prive_pour_ces_profils\"><\/span><strong>Les avantages d\u2019un cr\u00e9dit priv\u00e9 pour ces profils<\/strong><span class=\"ez-toc-section-end\"><\/span><\/h2>\n<ol>\n<li><strong>Flexibilit\u00e9 des montants et des dur\u00e9es :<\/strong>\n<ul>\n<li>Ajustez le montant emprunt\u00e9 et la dur\u00e9e du remboursement selon vos besoins financiers et votre capacit\u00e9 de remboursement.<\/li>\n<\/ul>\n<\/li>\n<li><strong>Conditions claires et transparentes :<\/strong>\n<ul>\n<li>Aucune surprise li\u00e9e \u00e0 des frais cach\u00e9s ou administratifs.<\/li>\n<\/ul>\n<\/li>\n<li><strong>Taux personnalis\u00e9s :<\/strong>\n<ul>\n<li>Des taux ajust\u00e9s \u00e0 votre profil financier pour offrir des mensualit\u00e9s abordables.<\/li>\n<\/ul>\n<\/li>\n<li><strong>Acc\u00e8s simplifi\u00e9 :<\/strong>\n<ul>\n<li>Que vous soyez dirigeant, ind\u00e9pendant ou salari\u00e9 de votre propre entreprise, les conditions sont adapt\u00e9es \u00e0 votre situation.<\/li>\n<\/ul>\n<\/li>\n<\/ol>\n<hr \/>\n<h2><span class=\"ez-toc-section\" id=\"Comment_soumettre_votre_demande_de_credit_independant\"><\/span><strong>Comment soumettre votre demande de cr\u00e9dit ind\u00e9pendant ?<\/strong><span class=\"ez-toc-section-end\"><\/span><\/h2>\n<h4><strong>\u00c9tapes simples :<\/strong><\/h4>\n<ol>\n<li><strong>Pr\u00e9parez vos documents :<\/strong>\n<ul>\n<li>Preuves de domicile en Suisse.<\/li>\n<li>Justificatifs d\u2019activit\u00e9 (registre commercial, bilan comptable, fiches de paie pour les directeurs salari\u00e9s).<\/li>\n<li>Historique financier des 3 derni\u00e8res ann\u00e9es pour les ind\u00e9pendants et S\u00e0rl.<\/li>\n<\/ul>\n<\/li>\n<li><strong>Soumettez votre dossier :<\/strong>\n<ul>\n<li>En ligne ou en agence.<\/li>\n<\/ul>\n<\/li>\n<li><strong>Recevez une r\u00e9ponse rapide :<\/strong>\n<ul>\n<li>Apr\u00e8s analyse, une offre personnalis\u00e9e vous sera pr\u00e9sent\u00e9e.<\/li>\n<\/ul>\n<\/li>\n<\/ol>\n<hr \/>\n<h2><span class=\"ez-toc-section\" id=\"Pourquoi_choisir_un_credit_adapte_aux_independants_et_directeurs\"><\/span><strong>Pourquoi choisir un cr\u00e9dit adapt\u00e9 aux ind\u00e9pendants et directeurs ?<\/strong><span class=\"ez-toc-section-end\"><\/span><\/h2>\n<p>Les ind\u00e9pendants et dirigeants de leur propre entreprise rencontrent souvent des obstacles lorsqu\u2019ils sollicitent des pr\u00eats en raison de leur statut particulier. Gr\u00e2ce \u00e0 des crit\u00e8res adapt\u00e9s et une offre sur mesure, vous pouvez obtenir une solution de financement qui respecte vos besoins et votre situation financi\u00e8re unique.<\/p>\n<p>Avec un accompagnement d\u00e9di\u00e9 de l&#8217;\u00e9quipe <strong>MultiCredit<\/strong>, vous b\u00e9n\u00e9ficiez d\u2019une <strong>exp\u00e9rience fluide<\/strong>, sans complexit\u00e9 inutile.[\/vc_column_text][\/vc_column][\/vc_row][vc_row full_width=&#8221;stretch_row&#8221; equal_height=&#8221;yes&#8221; el_class=&#8221;lightgrey-bck bigpadding flex-eq-height diagonal-top-bck one-fifth-link-bloc&#8221;][vc_column width=&#8221;1\/5&#8243; data_aos=&#8221;fade-down&#8221; data_aos_delay=&#8221;0&#8243;]<\/p>\n<div class=\"wpb_single_image wpb_content_element vc_align_center  wpb_animate_when_almost_visible wpb_top-to-bottom top-to-bottom wpb_start_animation animated\">\n<figure class=\"wpb_wrapper vc_figure\">\n<div class=\"vc_single_image-wrapper\"><img decoding=\"async\" src=\"https:\/\/multicredit.ch\/wp\/wp-content\/uploads\/c-hab.jpg\" alt=\"\" title=\"\"><\/div><figcaption>\n<h4>Cr\u00e9dit habitation<\/h4>\n<p>Financez am\u00e9nagements et habitations<\/p>\n<\/figcaption><\/figure>\n<\/div>\n<div class=\"vc_btn3-container text-center\"><a class=\"btn-circle-2\" href=\"https:\/\/www.multicredit.ch\/fr\/credit\/credit-habitation\/\" title=\"Cr\u00e9dit Habitation\"><span class=\"round\">&gt;<\/span><\/a><\/div>\n<p>[\/vc_column][vc_column width=&#8221;1\/5&#8243; data_aos=&#8221;fade-down&#8221; data_aos_delay=&#8221;50&#8243;]<\/p>\n<div class=\"wpb_single_image wpb_content_element vc_align_center  wpb_animate_when_almost_visible wpb_top-to-bottom top-to-bottom wpb_start_animation animated\">\n<figure class=\"wpb_wrapper vc_figure\">\n<div class=\"vc_single_image-wrapper\"><img decoding=\"async\" src=\"https:\/\/multicredit.ch\/wp\/wp-content\/uploads\/c-auto.jpg\" alt=\"\" title=\"\"><\/div><figcaption>\n<h4>Cr\u00e9dit auto<\/h4>\n<p>Achetez votre v\u00e9hicule \u00e0 cr\u00e9dit<\/p>\n<\/figcaption><\/figure>\n<\/div>\n<div class=\"vc_btn3-container text-center\"><a class=\"btn-circle-2\" href=\"https:\/\/www.multicredit.ch\/fr\/credit\/credit-auto\" title=\"Cr\u00e9dit Habitation\"><span class=\"round\">&gt;<\/span><\/a><\/div>\n<p>[\/vc_column][vc_column width=&#8221;1\/5&#8243; data_aos=&#8221;fade-down&#8221; data_aos_delay=&#8221;100&#8243;]<\/p>\n<div class=\"wpb_single_image wpb_content_element vc_align_center  wpb_animate_when_almost_visible wpb_top-to-bottom top-to-bottom wpb_start_animation animated\">\n<figure class=\"wpb_wrapper vc_figure\">\n<div class=\"vc_single_image-wrapper\"><img decoding=\"async\" src=\"https:\/\/multicredit.ch\/wp\/wp-content\/uploads\/c-form.jpg\" alt=\"\" title=\"\"><\/div><figcaption>\n<h4>Cr\u00e9dit formation<\/h4>\n<p>Financez vos \u00e9tudes<\/p>\n<\/figcaption><\/figure>\n<\/div>\n<div class=\"vc_btn3-container text-center\"><a class=\"btn-circle-2\" href=\"https:\/\/www.multicredit.ch\/fr\/credit\/financement-d-etudes-et-de-formations\/\" title=\"Cr\u00e9dit Habitation\"><span class=\"round\">&gt;<\/span><\/a><\/div>\n<p>[\/vc_column][vc_column width=&#8221;1\/5&#8243; data_aos=&#8221;fade-down&#8221; data_aos_delay=&#8221;150&#8243;]<\/p>\n<div class=\"wpb_single_image wpb_content_element vc_align_center  wpb_animate_when_almost_visible wpb_top-to-bottom top-to-bottom wpb_start_animation animated\">\n<figure class=\"wpb_wrapper vc_figure\">\n<div class=\"vc_single_image-wrapper\"><img decoding=\"async\" src=\"https:\/\/multicredit.ch\/wp\/wp-content\/uploads\/c-med.jpg\" alt=\"\" title=\"\"><\/div><figcaption>\n<h4>Cr\u00e9dit m\u00e9dical<\/h4>\n<p>Financez votre chirurgie et soin m\u00e9dical<\/p>\n<\/figcaption><\/figure>\n<\/div>\n<div class=\"vc_btn3-container text-center\"><a class=\"btn-circle-2\" href=\"https:\/\/www.multicredit.ch\/fr\/credit\/pret-medical\/\" title=\"Cr\u00e9dit Habitation\"><span class=\"round\">&gt;<\/span><\/a><\/div>\n<p>[\/vc_column][vc_column width=&#8221;1\/5&#8243; data_aos=&#8221;fade-down&#8221; data_aos_delay=&#8221;200&#8243;]<\/p>\n<div class=\"wpb_single_image wpb_content_element vc_align_center  wpb_animate_when_almost_visible wpb_top-to-bottom top-to-bottom wpb_start_animation animated\">\n<figure class=\"wpb_wrapper vc_figure\">\n<div class=\"vc_single_image-wrapper\"><img decoding=\"async\" src=\"https:\/\/multicredit.ch\/wp\/wp-content\/uploads\/c-all.jpg\" alt=\"\" title=\"\"><\/div><figcaption>\n<h4>Cr\u00e9dits divers<\/h4>\n<p>Pour tout autre projet<\/p>\n<\/figcaption><\/figure>\n<\/div>\n<div class=\"vc_btn3-container text-center\"><a class=\"btn-circle-2\" href=\"https:\/\/www.multicredit.ch\/fr\/credit\/credits-divers\/\" title=\"Cr\u00e9dit Habitation\"><span class=\"round\">&gt;<\/span><\/a><\/div>\n<p>[\/vc_column][\/vc_row][vc_row full_width=&#8221;stretch_row&#8221; el_class=&#8221;white-bck regularpadding steps&#8221;][vc_column data_aos=&#8221;fade-in&#8221;]<\/p>\n<div class=\"blocktitle title-center title-dark\" clearfix\"><H2><span class=\"ez-toc-section\" id=\"Votre_credit_en_4_etapes\"><\/span>Votre cr\u00e9dit en 4 \u00e9tapes<\/H2><\/p>\n<h4>Simple et rapide<\/h4>\n<\/div>\n<p>[vc_row_inner equal_height=&#8221;yes&#8221;][vc_column_inner width=&#8221;1\/4&#8243;][vc_pie value=&#8221;25&#8243; label_value=&#8221;1&#8243; color=&#8221;custom&#8221; title=&#8221;Demande&#8221; custom_color=&#8221;#df003c&#8221;][vc_column_text]<\/p>\n<p style=\"text-align: center;\">Vous remplissez le formulaire de demande de cr\u00e9dit selon vos besoins.<\/p>\n<h5 style=\"text-align: center;\">2 min<\/h5>\n<p>[\/vc_column_text][\/vc_column_inner][vc_column_inner width=&#8221;1\/4&#8243;][vc_pie label_value=&#8221;2&#8243; color=&#8221;custom&#8221; title=&#8221;Proposition&#8221; custom_color=&#8221;#df003c&#8221;][vc_column_text]<\/p>\n<p style=\"text-align: center;\">Nous analysons votre demande et vous proposons une solution adapt\u00e9e \u00e0 votre profil.<\/p>\n<h5 style=\"text-align: center;\">12 heures<\/h5>\n<p>[\/vc_column_text][\/vc_column_inner][vc_column_inner width=&#8221;1\/4&#8243;][vc_pie value=&#8221;75&#8243; label_value=&#8221;3&#8243; color=&#8221;custom&#8221; title=&#8221;Signature&#8221; custom_color=&#8221;#df003c&#8221;][vc_column_text]<\/p>\n<p style=\"text-align: center;\">Une fois le contrat \u00e9tabli, il vous suffit de le signer et nous le transmettre.<\/p>\n<h5 style=\"text-align: center;\">Cette \u00e9tape d\u00e9pend de votre r\u00e9activit\u00e9.<\/h5>\n<p>[\/vc_column_text][\/vc_column_inner][vc_column_inner width=&#8221;1\/4&#8243;][vc_pie value=&#8221;100&#8243; label_value=&#8221;4&#8243; color=&#8221;custom&#8221; title=&#8221;Virement&#8221; custom_color=&#8221;#df003c&#8221;][vc_column_text]<\/p>\n<p style=\"text-align: center;\">Le montant est vir\u00e9 dans votre compte.<\/p>\n<h5 style=\"text-align: center;\">14 jours (D\u00e9lai l\u00e9gal)<\/h5>\n<p>[\/vc_column_text][\/vc_column_inner][\/vc_row_inner][\/vc_column][\/vc_row][vc_row full_width=&#8221;stretch_row&#8221; content_placement=&#8221;middle&#8221; el_class=&#8221;lightgrey-bck bigpadding checklist&#8221;][vc_column data_aos=&#8221;fade-in&#8221;]<\/p>\n<div class=\"blocktitle title-left title-dark\" clearfix\"><H3><span class=\"ez-toc-section\" id=\"Confiez-nous_la_recherche_de_votre_meilleure_offre_possible_de_credit\"><\/span>Confiez-nous la recherche de votre meilleure offre possible de cr\u00e9dit<\/H3><\/p>\n<h4>Nous cherchons toujours la meilleure offre possible pour nos clients de partout en Suisse.<\/h4>\n<\/div>\n<p>[vc_row_inner][vc_column_inner width=&#8221;1\/2&#8243;][vc_column_text]Que vous soyez ind\u00e9pendant ou directeur, avec ou sans parts dans une entreprise, des solutions de cr\u00e9dit priv\u00e9 adapt\u00e9es \u00e0 votre statut sont \u00e0 votre disposition en Suisse avec <strong>MultiCredit<\/strong>. Gr\u00e2ce \u00e0 des conditions avantageuses, un taux comp\u00e9titif et une flexibilit\u00e9 de remboursement, vous pouvez concr\u00e9tiser vos projets tout en b\u00e9n\u00e9ficiant d\u2019une transparence totale.<\/p>\n<p><strong>N\u2019attendez plus pour explorer vos options et faites de vos ambitions une r\u00e9alit\u00e9, en toute s\u00e9r\u00e9nit\u00e9.<\/strong>[\/vc_column_text][vc_btn title=&#8221;D\u00e9couvrir&#8221; link=&#8221;url:https%3A%2F%2Fwww.multicredit.ch%2Ffr%2Fa-propos%2F|title:A%20propos||&#8221;][\/vc_column_inner][vc_column_inner width=&#8221;1\/2&#8243;][vc_column_text]<\/p>\n<ul>\n<li><strong>S\u00e9curit\u00e9 et confidentialit\u00e9<\/strong><\/li>\n<li><strong>Proximit\u00e9 et responsabilit\u00e9<\/strong><\/li>\n<li><strong>Prise en charge garantie en moins de 24h<\/strong><\/li>\n<li><strong>Taux inf\u00e9rieur \u00e0 la concurrence<\/strong><\/li>\n<\/ul>\n<p>[\/vc_column_text][\/vc_column_inner][\/vc_row_inner][\/vc_column][\/vc_row]<\/section>\n","protected":false},"excerpt":{"rendered":"<p>Concr\u00e9tisez votre projet simplement<\/p>\n","protected":false},"author":25,"featured_media":11770,"parent":373,"menu_order":-9,"comment_status":"closed","ping_status":"closed","template":"template-credit.php","meta":{"inline_featured_image":false,"footnotes":"","_links_to":"","_links_to_target":""},"categories":[33],"class_list":["post-27498","page","type-page","status-publish","has-post-thumbnail","hentry","category-credit"],"_links":{"self":[{"href":"https:\/\/multicredit.ch\/fr\/wp-json\/wp\/v2\/pages\/27498","targetHints":{"allow":["GET"]}}],"collection":[{"href":"https:\/\/multicredit.ch\/fr\/wp-json\/wp\/v2\/pages"}],"about":[{"href":"https:\/\/multicredit.ch\/fr\/wp-json\/wp\/v2\/types\/page"}],"author":[{"embeddable":true,"href":"https:\/\/multicredit.ch\/fr\/wp-json\/wp\/v2\/users\/25"}],"replies":[{"embeddable":true,"href":"https:\/\/multicredit.ch\/fr\/wp-json\/wp\/v2\/comments?post=27498"}],"version-history":[{"count":9,"href":"https:\/\/multicredit.ch\/fr\/wp-json\/wp\/v2\/pages\/27498\/revisions"}],"predecessor-version":[{"id":27507,"href":"https:\/\/multicredit.ch\/fr\/wp-json\/wp\/v2\/pages\/27498\/revisions\/27507"}],"up":[{"embeddable":true,"href":"https:\/\/multicredit.ch\/fr\/wp-json\/wp\/v2\/pages\/373"}],"wp:featuredmedia":[{"embeddable":true,"href":"https:\/\/multicredit.ch\/fr\/wp-json\/wp\/v2\/media\/11770"}],"wp:attachment":[{"href":"https:\/\/multicredit.ch\/fr\/wp-json\/wp\/v2\/media?parent=27498"}],"wp:term":[{"taxonomy":"category","embeddable":true,"href":"https:\/\/multicredit.ch\/fr\/wp-json\/wp\/v2\/categories?post=27498"}],"curies":[{"name":"wp","href":"https:\/\/api.w.org\/{rel}","templated":true}]}}