{"id":27483,"date":"2024-11-21T18:26:41","date_gmt":"2024-11-21T18:26:41","guid":{"rendered":"https:\/\/multicredit.ch\/?page_id=27483"},"modified":"2024-11-21T18:30:09","modified_gmt":"2024-11-21T18:30:09","slug":"quel-permis","status":"publish","type":"page","link":"https:\/\/multicredit.ch\/fr\/demande-de-credit\/quel-permis\/","title":{"rendered":"Quel permis de s\u00e9jour ?"},"content":{"rendered":"<section class=\"wpb-content-wrapper\">[vc_row full_width=&#8221;stretch_row&#8221; el_class=&#8221;white-bck bigpadding&#8221; css=&#8221;.vc_custom_1586929679182{padding-bottom: 24px !important;}&#8221;][vc_column data_aos=&#8221;fade-in&#8221;]<\/p>\n<div class=\"blocktitle title-center title-dark\" clearfix\"><H2><span class=\"ez-toc-section\" id=\"Quel_permis_de_sejour_pour_avoir_un_credit\"><\/span>Quel permis de s\u00e9jour pour avoir un cr\u00e9dit ?<\/H2><\/div>\n<p>[vc_column_text]L&#8217;acc\u00e8s au cr\u00e9dit \u00e0 la consommation en Suisse d\u00e9pend de plusieurs crit\u00e8res, parmi lesquels la nationalit\u00e9 et le lieu de r\u00e9sidence jouent un r\u00f4le central. Ces \u00e9l\u00e9ments permettent aux \u00e9tablissements financiers de d\u00e9terminer l\u2019\u00e9ligibilit\u00e9 des demandeurs et d&#8217;\u00e9valuer leur capacit\u00e9 \u00e0 honorer leurs engagements. Voici un aper\u00e7u des principales conditions d&#8217;acc\u00e8s :[\/vc_column_text][vc_column_text el_class=&#8221;pb-2 maxwidth&#8221;]<\/p>\n<h2><span class=\"ez-toc-section\" id=\"Nationalite_suisse_pour_un_credit\"><\/span><strong>Nationalit\u00e9 suisse pour un cr\u00e9dit<br \/>\n<\/strong><span class=\"ez-toc-section-end\"><\/span><\/h2>\n<p>Les citoyens suisses peuvent acc\u00e9der aux cr\u00e9dits \u00e0 la consommation \u00e0 condition que leur adresse l\u00e9gale soit enregistr\u00e9e en Suisse. Les r\u00e9sidents du Liechtenstein sont assimil\u00e9s aux Suisses sur le plan administratif, ce qui leur permet de b\u00e9n\u00e9ficier des m\u00eames conditions.<\/p>\n<p>En revanche, les Suisses r\u00e9sidant \u00e0 l&#8217;\u00e9tranger sont soumis aux m\u00eames r\u00e9glementations que les frontaliers d\u00e9tenteurs d\u2019un permis G. Ainsi, bien que leur nationalit\u00e9 facilite l\u2019acc\u00e8s au cr\u00e9dit, leur r\u00e9sidence \u00e0 l\u2019\u00e9tranger exige une \u00e9valuation plus approfondie.[\/vc_column_text][vc_column_text]<\/p>\n<h3><span class=\"ez-toc-section\" id=\"Nos_points_fort_ci_dessous_pour_obtenir_les_meilleures_offres_possibles_pour_nos_clients_partout_en_Suisse\"><\/span>Nos points fort ci dessous pour obtenir les meilleures offres possibles pour nos clients partout en Suisse<span class=\"ez-toc-section-end\"><\/span><\/h3>\n<p>[\/vc_column_text][\/vc_column][\/vc_row][vc_row full_width=&#8221;stretch_row&#8221; el_class=&#8221;white-bck&#8221; css=&#8221;.vc_custom_1586930817763{padding-top: 24px !important;padding-bottom: 0px !important;}&#8221;][vc_column width=&#8221;1\/2&#8243; data_aos=&#8221;fade-up&#8221; el_class=&#8221;checklist&#8221;][vc_column_text]<\/p>\n<ul>\n<li>Recevez une d\u00e9cision pr\u00e9liminaire en seulement 5 minutes, lors du premier contact t\u00e9l\u00e9phonique<\/li>\n<li>Traitement sans frais de votre demande et offre sans engagement<\/li>\n<li>Confidentialit\u00e9 garantie (nous sommes soumis au secret bancaire)<\/li>\n<li>Remboursement flexible sur 12 \u00e0 84 mois<\/li>\n<li>Mensualit\u00e9s adapt\u00e9es et baisse des int\u00e9r\u00eats<\/li>\n<li>Modalit\u00e9s (dur\u00e9e, taux, montant) flexibles et adaptables<\/li>\n<li>Remboursement de votre pr\u00eat de fa\u00e7on anticip\u00e9e \u00e0 tout moment<\/li>\n<\/ul>\n<p>[\/vc_column_text][\/vc_column][vc_column width=&#8221;1\/2&#8243; data_aos=&#8221;fade-up&#8221; data_aos_delay=&#8221;250&#8243; el_class=&#8221;checklist&#8221;][vc_column_text]<\/p>\n<ul>\n<li>Pour les Suisses et d\u00e9tenteurs de permis C, d\u00e9ductions fiscales possibles des int\u00e9r\u00eats de la dette<\/li>\n<li>D\u00e9marches simplifi\u00e9es et plus rapides que l\u2019hypoth\u00e8que et le leasing<\/li>\n<li>Prise en charge de vos d\u00e9marches administratives<\/li>\n<li>D\u00e9marches simples, rapides et discr\u00e8tes<\/li>\n<li>Constitution de votre dossier par un sp\u00e9cialiste<\/li>\n<li>Conseil personnalis\u00e9 \u00e0 domicile ou \u00e0 notre bureau<\/li>\n<\/ul>\n<p>[\/vc_column_text][\/vc_column][\/vc_row][vc_row full_width=&#8221;stretch_row&#8221; el_class=&#8221;white-bck bigpadding&#8221; css=&#8221;.vc_custom_1586929684389{padding-top: 24px !important;}&#8221;][vc_column data_aos=&#8221;fade-in&#8221;][vc_column_text el_class=&#8221;pt-2&#8243;]<\/p>\n<p style=\"text-align: center;\"><strong>Pour particuliers r\u00e9sidant en Suisse, suisses ou <a href=\"https:\/\/www.sem.admin.ch\/sem\/fr\/home\/themen\/aufenthalt\/eu_efta.html\" target=\"_blank\" rel=\"noopener\">d\u00e9tenteurs d\u2019un permis B, C ou d\u2019une carte de l\u00e9gitimation (D, E, G et H)<\/a> , augmenter vos liquidit\u00e9s est possible, faire des \u00e9conomies aussi. B\u00e9n\u00e9ficiez de l\u2019\u00e9tude individualis\u00e9e de votre projet, d\u2019une offre de pr\u00eat sur mesure tr\u00e8s rapidement.<\/strong><\/p>\n<h4><strong>Permis C<\/strong><\/h4>\n<p>Les d\u00e9tenteurs d\u2019un permis C, qui attestent de leur statut de r\u00e9sident permanent en Suisse, b\u00e9n\u00e9ficient des m\u00eames droits que les citoyens suisses en mati\u00e8re de cr\u00e9dit. Leur r\u00e9sidence principale doit toutefois \u00eatre situ\u00e9e en Suisse pour garantir leur \u00e9ligibilit\u00e9.<\/p>\n<h4><strong>Permis B, G et cartes de l\u00e9gitimation (D, E, F)<\/strong><\/h4>\n<ul>\n<li>Les \u00e9trangers en possession d\u2019un permis B (r\u00e9sidence) ou d\u2019un permis G (frontalier) peuvent \u00e9galement pr\u00e9tendre \u00e0 un cr\u00e9dit priv\u00e9, sous r\u00e9serve de conditions sp\u00e9cifiques li\u00e9es \u00e0 leur stabilit\u00e9 financi\u00e8re et professionnelle.<\/li>\n<li>Les titulaires de cartes de l\u00e9gitimation (D, E, F), souvent d\u00e9livr\u00e9es aux employ\u00e9s d\u2019organisations internationales, peuvent aussi acc\u00e9der aux cr\u00e9dits, dans le respect des conditions des institutions financi\u00e8res.<\/li>\n<\/ul>\n<h4><strong>Permis ou statuts non \u00e9ligibles<\/strong><\/h4>\n<p>En revanche, les personnes \u00e9trang\u00e8res d\u00e9tenant un permis ou un livret de s\u00e9jour F (admission provisoire), N (requ\u00e9rant d&#8217;asile) ou S (protection provisoire) ne peuvent pas pr\u00e9tendre \u00e0 un cr\u00e9dit \u00e0 la consommation. Ces statuts sont consid\u00e9r\u00e9s comme trop pr\u00e9caires par les \u00e9tablissements bancaires, limitant ainsi leur acc\u00e8s aux solutions de financement.<\/p>\n<hr \/>\n<h3><span class=\"ez-toc-section\" id=\"Lieu_de_residence_et_evaluation_du_profil_de_risque\"><\/span><strong>Lieu de r\u00e9sidence et \u00e9valuation du profil de risque<\/strong><span class=\"ez-toc-section-end\"><\/span><\/h3>\n<p>Le lieu de r\u00e9sidence constitue un indicateur cl\u00e9 dans l\u2019\u00e9valuation du profil du demandeur. Les banques analysent, entre autres, la stabilit\u00e9 r\u00e9sidentielle, en prenant en compte la fr\u00e9quence des d\u00e9m\u00e9nagements. Un historique de changements fr\u00e9quents peut \u00eatre interpr\u00e9t\u00e9 comme un manque de stabilit\u00e9, ce qui peut influencer n\u00e9gativement le scoring du demandeur. Cette \u00e9valuation globale du profil de risque int\u00e8gre \u00e9galement d\u2019autres facteurs, tels que les revenus, la situation professionnelle et le niveau d\u2019endettement.<\/p>\n<hr \/>\n<h3><span class=\"ez-toc-section\" id=\"Offre_de_credit_pour_les_citoyens_suisses_et_les_residents_etrangers_Permis_C\"><\/span><strong>Offre de cr\u00e9dit pour les citoyens suisses et les r\u00e9sidents \u00e9trangers (Permis C)<\/strong><span class=\"ez-toc-section-end\"><\/span><\/h3>\n<p>Les banques et institutions financi\u00e8res en Suisse proposent des solutions comp\u00e9titives pour les citoyens suisses et les \u00e9trangers au b\u00e9n\u00e9fice d\u2019un permis C. Voici les principales caract\u00e9ristiques de l&#8217;offre standard :<\/p>\n<ul>\n<li><strong>Taux d&#8217;int\u00e9r\u00eat attractifs<\/strong> : de 4.9% \u00e0 11.95%, en fonction du scoring et du profil financier.<\/li>\n<li><strong>Montant finan\u00e7able<\/strong> : entre 5&#8217;000 CHF et 400&#8217;000 CHF, offrant une grande flexibilit\u00e9 pour r\u00e9pondre \u00e0 divers besoins (projets personnels, regroupement de dettes, etc.).<\/li>\n<li><strong>Dur\u00e9e de remboursement<\/strong> : de 6 mois \u00e0 10 ans, permettant un ajustement en fonction des capacit\u00e9s financi\u00e8res du demandeur.<\/li>\n<li><strong>Aucun frais administratif<\/strong> : rendant l&#8217;offre particuli\u00e8rement transparente et avantageuse.<\/li>\n<\/ul>\n<p>[\/vc_column_text][\/vc_column][\/vc_row][vc_row full_width=&#8221;stretch_row&#8221; equal_height=&#8221;yes&#8221; el_class=&#8221;lightgrey-bck bigpadding flex-eq-height diagonal-top-bck one-fifth-link-bloc&#8221;][vc_column width=&#8221;1\/5&#8243; data_aos=&#8221;fade-down&#8221; data_aos_delay=&#8221;0&#8243;]<\/p>\n<div class=\"wpb_single_image wpb_content_element vc_align_center  wpb_animate_when_almost_visible wpb_top-to-bottom top-to-bottom wpb_start_animation animated\">\n<figure class=\"wpb_wrapper vc_figure\">\n<div class=\"vc_single_image-wrapper\"><img decoding=\"async\" src=\"https:\/\/multicredit.ch\/wp\/wp-content\/uploads\/c-hab.jpg\" alt=\"\" title=\"\"><\/div><figcaption>\n<h4>Cr\u00e9dit habitation<\/h4>\n<p>Financez am\u00e9nagements et habitations<\/p>\n<\/figcaption><\/figure>\n<\/div>\n<div class=\"vc_btn3-container text-center\"><a class=\"btn-circle-2\" href=\"https:\/\/www.multicredit.ch\/fr\/credit\/credit-habitation\/\" title=\"Cr\u00e9dit Habitation\"><span class=\"round\">&gt;<\/span><\/a><\/div>\n<p>[\/vc_column][vc_column width=&#8221;1\/5&#8243; data_aos=&#8221;fade-down&#8221; data_aos_delay=&#8221;50&#8243;]<\/p>\n<div class=\"wpb_single_image wpb_content_element vc_align_center  wpb_animate_when_almost_visible wpb_top-to-bottom top-to-bottom wpb_start_animation animated\">\n<figure class=\"wpb_wrapper vc_figure\">\n<div class=\"vc_single_image-wrapper\"><img decoding=\"async\" src=\"https:\/\/multicredit.ch\/wp\/wp-content\/uploads\/c-auto.jpg\" alt=\"\" title=\"\"><\/div><figcaption>\n<h4>Cr\u00e9dit auto<\/h4>\n<p>Achetez votre v\u00e9hicule \u00e0 cr\u00e9dit<\/p>\n<\/figcaption><\/figure>\n<\/div>\n<div class=\"vc_btn3-container text-center\"><a class=\"btn-circle-2\" href=\"https:\/\/www.multicredit.ch\/fr\/credit\/credit-auto\" title=\"Cr\u00e9dit Habitation\"><span class=\"round\">&gt;<\/span><\/a><\/div>\n<p>[\/vc_column][vc_column width=&#8221;1\/5&#8243; data_aos=&#8221;fade-down&#8221; data_aos_delay=&#8221;100&#8243;]<\/p>\n<div class=\"wpb_single_image wpb_content_element vc_align_center  wpb_animate_when_almost_visible wpb_top-to-bottom top-to-bottom wpb_start_animation animated\">\n<figure class=\"wpb_wrapper vc_figure\">\n<div class=\"vc_single_image-wrapper\"><img decoding=\"async\" src=\"https:\/\/multicredit.ch\/wp\/wp-content\/uploads\/c-form.jpg\" alt=\"\" title=\"\"><\/div><figcaption>\n<h4>Cr\u00e9dit formation<\/h4>\n<p>Financez vos \u00e9tudes<\/p>\n<\/figcaption><\/figure>\n<\/div>\n<div class=\"vc_btn3-container text-center\"><a class=\"btn-circle-2\" href=\"https:\/\/www.multicredit.ch\/fr\/credit\/financement-d-etudes-et-de-formations\/\" title=\"Cr\u00e9dit Habitation\"><span class=\"round\">&gt;<\/span><\/a><\/div>\n<p>[\/vc_column][vc_column width=&#8221;1\/5&#8243; data_aos=&#8221;fade-down&#8221; data_aos_delay=&#8221;150&#8243;]<\/p>\n<div class=\"wpb_single_image wpb_content_element vc_align_center  wpb_animate_when_almost_visible wpb_top-to-bottom top-to-bottom wpb_start_animation animated\">\n<figure class=\"wpb_wrapper vc_figure\">\n<div class=\"vc_single_image-wrapper\"><img decoding=\"async\" src=\"https:\/\/multicredit.ch\/wp\/wp-content\/uploads\/c-med.jpg\" alt=\"\" title=\"\"><\/div><figcaption>\n<h4>Cr\u00e9dit m\u00e9dical<\/h4>\n<p>Financez votre chirurgie et soin m\u00e9dical<\/p>\n<\/figcaption><\/figure>\n<\/div>\n<div class=\"vc_btn3-container text-center\"><a class=\"btn-circle-2\" href=\"https:\/\/www.multicredit.ch\/fr\/credit\/pret-medical\/\" title=\"Cr\u00e9dit Habitation\"><span class=\"round\">&gt;<\/span><\/a><\/div>\n<p>[\/vc_column][vc_column width=&#8221;1\/5&#8243; data_aos=&#8221;fade-down&#8221; data_aos_delay=&#8221;200&#8243;]<\/p>\n<div class=\"wpb_single_image wpb_content_element vc_align_center  wpb_animate_when_almost_visible wpb_top-to-bottom top-to-bottom wpb_start_animation animated\">\n<figure class=\"wpb_wrapper vc_figure\">\n<div class=\"vc_single_image-wrapper\"><img decoding=\"async\" src=\"https:\/\/multicredit.ch\/wp\/wp-content\/uploads\/c-all.jpg\" alt=\"\" title=\"\"><\/div><figcaption>\n<h4>Cr\u00e9dits divers<\/h4>\n<p>Pour tout autre projet<\/p>\n<\/figcaption><\/figure>\n<\/div>\n<div class=\"vc_btn3-container text-center\"><a class=\"btn-circle-2\" href=\"https:\/\/www.multicredit.ch\/fr\/credit\/credits-divers\/\" title=\"Cr\u00e9dit Habitation\"><span class=\"round\">&gt;<\/span><\/a><\/div>\n<p>[\/vc_column][\/vc_row][vc_row full_width=&#8221;stretch_row&#8221; el_class=&#8221;white-bck regularpadding steps&#8221;][vc_column data_aos=&#8221;fade-in&#8221;]<\/p>\n<div class=\"blocktitle title-center title-dark\" clearfix\"><H2><span class=\"ez-toc-section\" id=\"Votre_credit_en_4_etapes\"><\/span>Votre cr\u00e9dit en 4 \u00e9tapes<\/H2><\/p>\n<h4>Simple et rapide<\/h4>\n<\/div>\n<p>[vc_row_inner equal_height=&#8221;yes&#8221;][vc_column_inner width=&#8221;1\/4&#8243;][vc_pie value=&#8221;25&#8243; label_value=&#8221;1&#8243; color=&#8221;custom&#8221; title=&#8221;Demande&#8221; custom_color=&#8221;#df003c&#8221;][vc_column_text]<\/p>\n<p style=\"text-align: center;\">Vous remplissez le formulaire de demande de cr\u00e9dit selon vos besoins.<\/p>\n<h5 style=\"text-align: center;\">2 min<\/h5>\n<p>[\/vc_column_text][\/vc_column_inner][vc_column_inner width=&#8221;1\/4&#8243;][vc_pie label_value=&#8221;2&#8243; color=&#8221;custom&#8221; title=&#8221;Proposition&#8221; custom_color=&#8221;#df003c&#8221;][vc_column_text]<\/p>\n<p style=\"text-align: center;\">Nous analysons votre demande et vous proposons une solution adapt\u00e9e \u00e0 votre profil.<\/p>\n<h5 style=\"text-align: center;\">12 heures<\/h5>\n<p>[\/vc_column_text][\/vc_column_inner][vc_column_inner width=&#8221;1\/4&#8243;][vc_pie value=&#8221;75&#8243; label_value=&#8221;3&#8243; color=&#8221;custom&#8221; title=&#8221;Signature&#8221; custom_color=&#8221;#df003c&#8221;][vc_column_text]<\/p>\n<p style=\"text-align: center;\">Une fois le contrat \u00e9tabli, il vous suffit de le signer et nous le transmettre.<\/p>\n<h5 style=\"text-align: center;\">Cette \u00e9tape d\u00e9pend de votre r\u00e9activit\u00e9.<\/h5>\n<p>[\/vc_column_text][\/vc_column_inner][vc_column_inner width=&#8221;1\/4&#8243;][vc_pie value=&#8221;100&#8243; label_value=&#8221;4&#8243; color=&#8221;custom&#8221; title=&#8221;Virement&#8221; custom_color=&#8221;#df003c&#8221;][vc_column_text]<\/p>\n<p style=\"text-align: center;\">Le montant est vir\u00e9 dans votre compte.<\/p>\n<h5 style=\"text-align: center;\">14 jours (D\u00e9lai l\u00e9gal)<\/h5>\n<p>[\/vc_column_text][\/vc_column_inner][\/vc_row_inner][\/vc_column][\/vc_row][vc_row full_width=&#8221;stretch_row&#8221; content_placement=&#8221;middle&#8221; el_class=&#8221;lightgrey-bck bigpadding checklist&#8221;][vc_column data_aos=&#8221;fade-in&#8221;]<\/p>\n<div class=\"blocktitle title-left title-dark\" clearfix\"><H3><span class=\"ez-toc-section\" id=\"Confiez-nous_la_recherche_de_votre_meilleure_offre_possible_de_credit\"><\/span>Confiez-nous la recherche de votre meilleure offre possible de cr\u00e9dit<\/H3><\/p>\n<h4>Nous cherchons toujours la meilleure offre possible pour nos clients de partout en Suisse.<\/h4>\n<\/div>\n<p>[vc_row_inner][vc_column_inner width=&#8221;1\/2&#8243;][vc_column_text]L\u2019acc\u00e8s \u00e0 un cr\u00e9dit en Suisse repose sur des crit\u00e8res pr\u00e9cis de nationalit\u00e9, de type de permis et de stabilit\u00e9 r\u00e9sidentielle. Ces param\u00e8tres permettent aux banques d\u2019\u00e9valuer le profil de risque de chaque demandeur afin de garantir un financement adapt\u00e9 \u00e0 leurs besoins. Pour maximiser vos chances d\u2019obtenir un cr\u00e9dit, il est essentiel de maintenir une stabilit\u00e9 professionnelle et r\u00e9sidentielle, tout en respectant les crit\u00e8res d\u2019\u00e9ligibilit\u00e9 li\u00e9s \u00e0 votre statut l\u00e9gal.[\/vc_column_text][vc_btn title=&#8221;D\u00e9couvrir&#8221; link=&#8221;url:https%3A%2F%2Fwww.multicredit.ch%2Ffr%2Fa-propos%2F|title:A%20propos||&#8221;][\/vc_column_inner][vc_column_inner width=&#8221;1\/2&#8243;][vc_column_text]<\/p>\n<ul>\n<li><strong>S\u00e9curit\u00e9 et confidentialit\u00e9<\/strong><\/li>\n<li><strong>Proximit\u00e9 et responsabilit\u00e9<\/strong><\/li>\n<li><strong>Prise en charge garantie en moins de 24h<\/strong><\/li>\n<li><strong>Taux inf\u00e9rieur \u00e0 la concurrence<\/strong><\/li>\n<\/ul>\n<p>[\/vc_column_text][\/vc_column_inner][\/vc_row_inner][\/vc_column][\/vc_row]<\/section>\n","protected":false},"excerpt":{"rendered":"<p>Concr\u00e9tisez votre projet simplement<\/p>\n","protected":false},"author":25,"featured_media":11770,"parent":373,"menu_order":-9,"comment_status":"closed","ping_status":"closed","template":"template-credit.php","meta":{"inline_featured_image":false,"footnotes":"","_links_to":"","_links_to_target":""},"categories":[33],"class_list":["post-27483","page","type-page","status-publish","has-post-thumbnail","hentry","category-credit"],"_links":{"self":[{"href":"https:\/\/multicredit.ch\/fr\/wp-json\/wp\/v2\/pages\/27483","targetHints":{"allow":["GET"]}}],"collection":[{"href":"https:\/\/multicredit.ch\/fr\/wp-json\/wp\/v2\/pages"}],"about":[{"href":"https:\/\/multicredit.ch\/fr\/wp-json\/wp\/v2\/types\/page"}],"author":[{"embeddable":true,"href":"https:\/\/multicredit.ch\/fr\/wp-json\/wp\/v2\/users\/25"}],"replies":[{"embeddable":true,"href":"https:\/\/multicredit.ch\/fr\/wp-json\/wp\/v2\/comments?post=27483"}],"version-history":[{"count":4,"href":"https:\/\/multicredit.ch\/fr\/wp-json\/wp\/v2\/pages\/27483\/revisions"}],"predecessor-version":[{"id":27487,"href":"https:\/\/multicredit.ch\/fr\/wp-json\/wp\/v2\/pages\/27483\/revisions\/27487"}],"up":[{"embeddable":true,"href":"https:\/\/multicredit.ch\/fr\/wp-json\/wp\/v2\/pages\/373"}],"wp:featuredmedia":[{"embeddable":true,"href":"https:\/\/multicredit.ch\/fr\/wp-json\/wp\/v2\/media\/11770"}],"wp:attachment":[{"href":"https:\/\/multicredit.ch\/fr\/wp-json\/wp\/v2\/media?parent=27483"}],"wp:term":[{"taxonomy":"category","embeddable":true,"href":"https:\/\/multicredit.ch\/fr\/wp-json\/wp\/v2\/categories?post=27483"}],"curies":[{"name":"wp","href":"https:\/\/api.w.org\/{rel}","templated":true}]}}