{"id":27472,"date":"2024-11-18T19:42:30","date_gmt":"2024-11-18T19:42:30","guid":{"rendered":"https:\/\/multicredit.ch\/?page_id=27472"},"modified":"2024-11-18T19:52:16","modified_gmt":"2024-11-18T19:52:16","slug":"calcul-budget","status":"publish","type":"page","link":"https:\/\/multicredit.ch\/fr\/demande-de-credit\/calcul-budget\/","title":{"rendered":"Calcul budget"},"content":{"rendered":"<section class=\"wpb-content-wrapper\">[vc_row full_width=&#8221;stretch_row&#8221; el_class=&#8221;white-bck bigpadding&#8221; css=&#8221;.vc_custom_1586929679182{padding-bottom: 24px !important;}&#8221;][vc_column data_aos=&#8221;fade-in&#8221;]<\/p>\n<div class=\"blocktitle title-center title-dark\" clearfix\"><H2><span class=\"ez-toc-section\" id=\"Calcul_du_Budget_pour_votre_credit_avec_Multicredit\"><\/span>Calcul du Budget pour votre cr\u00e9dit avec Multicredit<\/H2><\/div>\n<p>[vc_column_text]Chez Multicredit, nous comprenons que l\u2019un des aspects les plus cruciaux pour obtenir l\u2019approbation d\u2019un pr\u00eat personnel est un calcul de budget rigoureux et r\u00e9aliste. C\u2019est pourquoi nous mettons \u00e0 votre disposition notre expertise pour vous aider \u00e0 pr\u00e9parer un dossier solide et conforme aux attentes des banques. Un budget bien \u00e9tabli garantit non seulement une demande accept\u00e9e, mais aussi une gestion sereine de vos finances sur le long terme.[\/vc_column_text][vc_column_text el_class=&#8221;pb-2 maxwidth&#8221;]<\/p>\n<h2><span class=\"ez-toc-section\" id=\"LImportance_du_Calcul_du_Budget_pour_lApprobation_Bancaire\"><\/span>L&#8217;Importance du Calcul du Budget pour l&#8217;Approbation Bancaire<span class=\"ez-toc-section-end\"><\/span><\/h2>\n<p>Lors de l\u2019examen de votre demande de pr\u00eat, les banques utilisent le calcul du budget pour d\u00e9terminer votre capacit\u00e9 d\u2019emprunt. Si le montant que vous sollicitez d\u00e9passe le plafond autoris\u00e9 par ce calcul, la demande sera automatiquement rejet\u00e9e, m\u00eame si vous r\u00e9pondez \u00e0 toutes les autres conditions. C\u2019est pourquoi il est imp\u00e9ratif que votre dossier soit bien structur\u00e9 et que le montant demand\u00e9 reste dans la fourchette acceptable.<\/p>\n<p>Depuis janvier 2016, une marge de s\u00e9curit\u00e9 suppl\u00e9mentaire doit \u00eatre incluse dans le calcul du budget pour anticiper des \u00e9v\u00e9nements impr\u00e9vus tels que des probl\u00e8mes de sant\u00e9, des interruptions professionnelles ou des changements dans la vie personnelle. Chez Multicredit, nous veillons \u00e0 ce que ces \u00e9l\u00e9ments soient pris en compte afin de maximiser vos chances de succ\u00e8s.[\/vc_column_text][vc_column_text]<\/p>\n<h3><span class=\"ez-toc-section\" id=\"Nos_points_fort_ci_dessous_pour_obtenir_les_meilleures_offres_possibles_pour_nos_clients_partout_en_Suisse\"><\/span>Nos points fort ci dessous pour obtenir les meilleures offres possibles pour nos clients partout en Suisse<span class=\"ez-toc-section-end\"><\/span><\/h3>\n<p>[\/vc_column_text][\/vc_column][\/vc_row][vc_row full_width=&#8221;stretch_row&#8221; el_class=&#8221;white-bck&#8221; css=&#8221;.vc_custom_1586930817763{padding-top: 24px !important;padding-bottom: 0px !important;}&#8221;][vc_column width=&#8221;1\/2&#8243; data_aos=&#8221;fade-up&#8221; el_class=&#8221;checklist&#8221;][vc_column_text]<\/p>\n<ul>\n<li>Recevez une d\u00e9cision pr\u00e9liminaire en seulement 5 minutes, lors du premier contact t\u00e9l\u00e9phonique<\/li>\n<li>Traitement sans frais de votre demande et offre sans engagement<\/li>\n<li>Confidentialit\u00e9 garantie (nous sommes soumis au secret bancaire)<\/li>\n<li>Remboursement flexible sur 12 \u00e0 84 mois<\/li>\n<li>Mensualit\u00e9s adapt\u00e9es et baisse des int\u00e9r\u00eats<\/li>\n<li>Modalit\u00e9s (dur\u00e9e, taux, montant) flexibles et adaptables<\/li>\n<li>Remboursement de votre pr\u00eat de fa\u00e7on anticip\u00e9e \u00e0 tout moment<\/li>\n<\/ul>\n<p>[\/vc_column_text][\/vc_column][vc_column width=&#8221;1\/2&#8243; data_aos=&#8221;fade-up&#8221; data_aos_delay=&#8221;250&#8243; el_class=&#8221;checklist&#8221;][vc_column_text]<\/p>\n<ul>\n<li>Pour les Suisses et d\u00e9tenteurs de permis C, d\u00e9ductions fiscales possibles des int\u00e9r\u00eats de la dette<\/li>\n<li>D\u00e9marches simplifi\u00e9es et plus rapides que l\u2019hypoth\u00e8que et le leasing<\/li>\n<li>Prise en charge de vos d\u00e9marches administratives<\/li>\n<li>D\u00e9marches simples, rapides et discr\u00e8tes<\/li>\n<li>Constitution de votre dossier par un sp\u00e9cialiste<\/li>\n<li>Conseil personnalis\u00e9 \u00e0 domicile ou \u00e0 notre bureau<\/li>\n<\/ul>\n<p>[\/vc_column_text][\/vc_column][\/vc_row][vc_row full_width=&#8221;stretch_row&#8221; el_class=&#8221;white-bck bigpadding&#8221; css=&#8221;.vc_custom_1586929684389{padding-top: 24px !important;}&#8221;][vc_column data_aos=&#8221;fade-in&#8221;][vc_column_text el_class=&#8221;pt-2&#8243;]<\/p>\n<p style=\"text-align: center;\"><strong>Pour particuliers r\u00e9sidant en Suisse, suisses ou <a href=\"https:\/\/www.sem.admin.ch\/sem\/fr\/home\/themen\/aufenthalt\/eu_efta.html\" target=\"_blank\" rel=\"noopener\">d\u00e9tenteurs d\u2019un permis B, C ou d\u2019une carte de l\u00e9gitimation (D, E, G et H)<\/a> , augmenter vos liquidit\u00e9s est possible, faire des \u00e9conomies aussi. B\u00e9n\u00e9ficiez de l\u2019\u00e9tude individualis\u00e9e de votre projet, d\u2019une offre de pr\u00eat sur mesure tr\u00e8s rapidement.<\/strong><\/p>\n<h3><span class=\"ez-toc-section\" id=\"Quest-ce_que_le_Calcul_du_Budget_ou_la_Mesure_de_la_Solvabilite\"><\/span>Qu\u2019est-ce que le Calcul du Budget ou la Mesure de la Solvabilit\u00e9 ?<span class=\"ez-toc-section-end\"><\/span><\/h3>\n<p>Le calcul du budget, conform\u00e9ment \u00e0 l\u2019article 28 de la Loi f\u00e9d\u00e9rale sur le Cr\u00e9dit \u00e0 la Consommation (LCC), sert \u00e0 fixer un plafond pour votre demande d\u2019emprunt. Ce plafond est \u00e9tabli en fonction de vos charges mensuelles (loyer, imp\u00f4ts, nombre d\u2019enfants \u00e0 charge, etc.), de vos revenus et de vos dettes existantes (pr\u00eat personnel, leasing, dettes de cartes de cr\u00e9dit).<\/p>\n<p>Pour chaque demande de cr\u00e9dit, ce calcul s\u2019effectue sur une dur\u00e9e de 36 mois, assurant que votre solvabilit\u00e9 soit analys\u00e9e sur une base suffisamment longue pour refl\u00e9ter votre situation r\u00e9elle. Multicredit r\u00e9alise ce calcul avec pr\u00e9cision, afin de vous indiquer un montant de pr\u00eat r\u00e9aliste et conforme aux attentes des banques.<\/p>\n<h3><span class=\"ez-toc-section\" id=\"Revenu_Mensuel_Minimum_Exige\"><\/span>Revenu Mensuel Minimum Exig\u00e9<span class=\"ez-toc-section-end\"><\/span><\/h3>\n<p>En Suisse, pour \u00eatre \u00e9ligible \u00e0 un cr\u00e9dit personnel, il est n\u00e9cessaire de pr\u00e9senter un contrat de travail en cours et de justifier un revenu minimum mensuel de 2 600 CHF net, hors imp\u00f4ts. Si votre revenu est inf\u00e9rieur \u00e0 ce seuil, votre demande de cr\u00e9dit ne pourra pas \u00eatre accept\u00e9e. Multicredit vous conseille sur la fa\u00e7on de pr\u00e9senter votre dossier pour maximiser vos chances de r\u00e9ussite et s\u2019assurer que toutes les conditions n\u00e9cessaires soient remplies.[\/vc_column_text][\/vc_column][\/vc_row][vc_row full_width=&#8221;stretch_row&#8221; equal_height=&#8221;yes&#8221; el_class=&#8221;lightgrey-bck bigpadding flex-eq-height diagonal-top-bck one-fifth-link-bloc&#8221;][vc_column width=&#8221;1\/5&#8243; data_aos=&#8221;fade-down&#8221; data_aos_delay=&#8221;0&#8243;]<\/p>\n<div class=\"wpb_single_image wpb_content_element vc_align_center  wpb_animate_when_almost_visible wpb_top-to-bottom top-to-bottom wpb_start_animation animated\">\n<figure class=\"wpb_wrapper vc_figure\">\n<div class=\"vc_single_image-wrapper\"><img decoding=\"async\" src=\"https:\/\/multicredit.ch\/wp\/wp-content\/uploads\/c-hab.jpg\" alt=\"\" title=\"\"><\/div><figcaption>\n<h4>Cr\u00e9dit habitation<\/h4>\n<p>Financez am\u00e9nagements et habitations<\/p>\n<\/figcaption><\/figure>\n<\/div>\n<div class=\"vc_btn3-container text-center\"><a class=\"btn-circle-2\" href=\"https:\/\/www.multicredit.ch\/fr\/credit\/credit-habitation\/\" title=\"Cr\u00e9dit Habitation\"><span class=\"round\">&gt;<\/span><\/a><\/div>\n<p>[\/vc_column][vc_column width=&#8221;1\/5&#8243; data_aos=&#8221;fade-down&#8221; data_aos_delay=&#8221;50&#8243;]<\/p>\n<div class=\"wpb_single_image wpb_content_element vc_align_center  wpb_animate_when_almost_visible wpb_top-to-bottom top-to-bottom wpb_start_animation animated\">\n<figure class=\"wpb_wrapper vc_figure\">\n<div class=\"vc_single_image-wrapper\"><img decoding=\"async\" src=\"https:\/\/multicredit.ch\/wp\/wp-content\/uploads\/c-auto.jpg\" alt=\"\" title=\"\"><\/div><figcaption>\n<h4>Cr\u00e9dit auto<\/h4>\n<p>Achetez votre v\u00e9hicule \u00e0 cr\u00e9dit<\/p>\n<\/figcaption><\/figure>\n<\/div>\n<div class=\"vc_btn3-container text-center\"><a class=\"btn-circle-2\" href=\"https:\/\/www.multicredit.ch\/fr\/credit\/credit-auto\" title=\"Cr\u00e9dit Habitation\"><span class=\"round\">&gt;<\/span><\/a><\/div>\n<p>[\/vc_column][vc_column width=&#8221;1\/5&#8243; data_aos=&#8221;fade-down&#8221; data_aos_delay=&#8221;100&#8243;]<\/p>\n<div class=\"wpb_single_image wpb_content_element vc_align_center  wpb_animate_when_almost_visible wpb_top-to-bottom top-to-bottom wpb_start_animation animated\">\n<figure class=\"wpb_wrapper vc_figure\">\n<div class=\"vc_single_image-wrapper\"><img decoding=\"async\" src=\"https:\/\/multicredit.ch\/wp\/wp-content\/uploads\/c-form.jpg\" alt=\"\" title=\"\"><\/div><figcaption>\n<h4>Cr\u00e9dit formation<\/h4>\n<p>Financez vos \u00e9tudes<\/p>\n<\/figcaption><\/figure>\n<\/div>\n<div class=\"vc_btn3-container text-center\"><a class=\"btn-circle-2\" href=\"https:\/\/www.multicredit.ch\/fr\/credit\/financement-d-etudes-et-de-formations\/\" title=\"Cr\u00e9dit Habitation\"><span class=\"round\">&gt;<\/span><\/a><\/div>\n<p>[\/vc_column][vc_column width=&#8221;1\/5&#8243; data_aos=&#8221;fade-down&#8221; data_aos_delay=&#8221;150&#8243;]<\/p>\n<div class=\"wpb_single_image wpb_content_element vc_align_center  wpb_animate_when_almost_visible wpb_top-to-bottom top-to-bottom wpb_start_animation animated\">\n<figure class=\"wpb_wrapper vc_figure\">\n<div class=\"vc_single_image-wrapper\"><img decoding=\"async\" src=\"https:\/\/multicredit.ch\/wp\/wp-content\/uploads\/c-med.jpg\" alt=\"\" title=\"\"><\/div><figcaption>\n<h4>Cr\u00e9dit m\u00e9dical<\/h4>\n<p>Financez votre chirurgie et soin m\u00e9dical<\/p>\n<\/figcaption><\/figure>\n<\/div>\n<div class=\"vc_btn3-container text-center\"><a class=\"btn-circle-2\" href=\"https:\/\/www.multicredit.ch\/fr\/credit\/pret-medical\/\" title=\"Cr\u00e9dit Habitation\"><span class=\"round\">&gt;<\/span><\/a><\/div>\n<p>[\/vc_column][vc_column width=&#8221;1\/5&#8243; data_aos=&#8221;fade-down&#8221; data_aos_delay=&#8221;200&#8243;]<\/p>\n<div class=\"wpb_single_image wpb_content_element vc_align_center  wpb_animate_when_almost_visible wpb_top-to-bottom top-to-bottom wpb_start_animation animated\">\n<figure class=\"wpb_wrapper vc_figure\">\n<div class=\"vc_single_image-wrapper\"><img decoding=\"async\" src=\"https:\/\/multicredit.ch\/wp\/wp-content\/uploads\/c-all.jpg\" alt=\"\" title=\"\"><\/div><figcaption>\n<h4>Cr\u00e9dits divers<\/h4>\n<p>Pour tout autre projet<\/p>\n<\/figcaption><\/figure>\n<\/div>\n<div class=\"vc_btn3-container text-center\"><a class=\"btn-circle-2\" href=\"https:\/\/www.multicredit.ch\/fr\/credit\/credits-divers\/\" title=\"Cr\u00e9dit Habitation\"><span class=\"round\">&gt;<\/span><\/a><\/div>\n<p>[\/vc_column][\/vc_row][vc_row full_width=&#8221;stretch_row&#8221; el_class=&#8221;white-bck regularpadding steps&#8221;][vc_column data_aos=&#8221;fade-in&#8221;]<\/p>\n<div class=\"blocktitle title-center title-dark\" clearfix\"><H2><span class=\"ez-toc-section\" id=\"Votre_credit_en_4_etapes\"><\/span>Votre cr\u00e9dit en 4 \u00e9tapes<\/H2><\/p>\n<h4>Simple et rapide<\/h4>\n<\/div>\n<p>[vc_row_inner equal_height=&#8221;yes&#8221;][vc_column_inner width=&#8221;1\/4&#8243;][vc_pie value=&#8221;25&#8243; label_value=&#8221;1&#8243; color=&#8221;custom&#8221; title=&#8221;Demande&#8221; custom_color=&#8221;#df003c&#8221;][vc_column_text]<\/p>\n<p style=\"text-align: center;\">Vous remplissez le formulaire de demande de cr\u00e9dit selon vos besoins.<\/p>\n<h5 style=\"text-align: center;\">2 min<\/h5>\n<p>[\/vc_column_text][\/vc_column_inner][vc_column_inner width=&#8221;1\/4&#8243;][vc_pie label_value=&#8221;2&#8243; color=&#8221;custom&#8221; title=&#8221;Proposition&#8221; custom_color=&#8221;#df003c&#8221;][vc_column_text]<\/p>\n<p style=\"text-align: center;\">Nous analysons votre demande et vous proposons une solution adapt\u00e9e \u00e0 votre profil.<\/p>\n<h5 style=\"text-align: center;\">12 heures<\/h5>\n<p>[\/vc_column_text][\/vc_column_inner][vc_column_inner width=&#8221;1\/4&#8243;][vc_pie value=&#8221;75&#8243; label_value=&#8221;3&#8243; color=&#8221;custom&#8221; title=&#8221;Signature&#8221; custom_color=&#8221;#df003c&#8221;][vc_column_text]<\/p>\n<p style=\"text-align: center;\">Une fois le contrat \u00e9tabli, il vous suffit de le signer et nous le transmettre.<\/p>\n<h5 style=\"text-align: center;\">Cette \u00e9tape d\u00e9pend de votre r\u00e9activit\u00e9.<\/h5>\n<p>[\/vc_column_text][\/vc_column_inner][vc_column_inner width=&#8221;1\/4&#8243;][vc_pie value=&#8221;100&#8243; label_value=&#8221;4&#8243; color=&#8221;custom&#8221; title=&#8221;Virement&#8221; custom_color=&#8221;#df003c&#8221;][vc_column_text]<\/p>\n<p style=\"text-align: center;\">Le montant est vir\u00e9 dans votre compte.<\/p>\n<h5 style=\"text-align: center;\">14 jours (D\u00e9lai l\u00e9gal)<\/h5>\n<p>[\/vc_column_text][\/vc_column_inner][\/vc_row_inner][\/vc_column][\/vc_row][vc_row full_width=&#8221;stretch_row&#8221; content_placement=&#8221;middle&#8221; el_class=&#8221;lightgrey-bck bigpadding checklist&#8221;][vc_column data_aos=&#8221;fade-in&#8221;]<\/p>\n<div class=\"blocktitle title-left title-dark\" clearfix\"><H3><span class=\"ez-toc-section\" id=\"Confiez-nous_la_recherche_de_votre_meilleure_offre_possible_de_credit\"><\/span>Confiez-nous la recherche de votre meilleure offre possible de cr\u00e9dit<\/H3><\/p>\n<h4>Nous cherchons toujours la meilleure offre possible pour nos clients de partout en Suisse.<\/h4>\n<\/div>\n<p>[vc_row_inner][vc_column_inner width=&#8221;1\/2&#8243;][vc_column_text]<\/p>\n<h3><span class=\"ez-toc-section\" id=\"Montants_de_Pret_Superieurs_a_80000_CHF\"><\/span>Montants de Pr\u00eat Sup\u00e9rieurs \u00e0 80&#8217;000 CHF<span class=\"ez-toc-section-end\"><\/span><\/h3>\n<p>En principe, les pr\u00eats sup\u00e9rieurs \u00e0 80&#8217;000 CHF ne sont pas r\u00e9gis par la LCC. Toutefois, par souci d\u2019\u00e9thique et de responsabilit\u00e9, les banques appliquent souvent les m\u00eames crit\u00e8res budg\u00e9taires pour ces montants \u00e9lev\u00e9s. Multicredit s\u2019engage \u00e0 vous accompagner dans la pr\u00e9sentation de votre demande, m\u00eame pour des pr\u00eats d\u2019un montant sup\u00e9rieur, afin de vous aider \u00e0 obtenir les meilleures conditions possibles.<\/p>\n<h3><span class=\"ez-toc-section\" id=\"Nos_Prestations_Gratuites\"><\/span>Nos Prestations Gratuites<span class=\"ez-toc-section-end\"><\/span><\/h3>\n<p>Chez Multicredit, nous nous engageons \u00e0 vous offrir un service complet et personnalis\u00e9, sans frais, comprenant :<\/p>\n<ul>\n<li><strong>Le calcul pr\u00e9cis de votre budget<\/strong> pour d\u00e9terminer le montant maximum auquel vous pouvez pr\u00e9tendre.<\/li>\n<li><strong>Des conseils personnalis\u00e9s<\/strong> sur la marge de man\u0153uvre disponible pour maximiser vos chances d\u2019approbation par la banque.<\/li>\n<li><strong>Des recommandations sur la marge de s\u00e9curit\u00e9<\/strong> \u00e0 pr\u00e9voir dans votre budget pour faire face aux impr\u00e9vus tels que le ch\u00f4mage, un accident ou un divorce, et \u00e9viter ainsi le risque d\u2019endettement excessif.<\/li>\n<\/ul>\n<p>Nous croyons que la transparence et la pr\u00e9paration sont la cl\u00e9 pour un emprunt r\u00e9ussi. En vous appuyant sur l\u2019expertise de Multicredit, vous b\u00e9n\u00e9ficiez d\u2019un accompagnement professionnel qui vous aide \u00e0 naviguer dans le processus complexe de la demande de cr\u00e9dit tout en s\u00e9curisant vos finances.[\/vc_column_text][vc_btn title=&#8221;D\u00e9couvrir&#8221; link=&#8221;url:https%3A%2F%2Fwww.multicredit.ch%2Ffr%2Fa-propos%2F|title:A%20propos||&#8221;][\/vc_column_inner][vc_column_inner width=&#8221;1\/2&#8243;][vc_column_text]<\/p>\n<ul>\n<li><strong>S\u00e9curit\u00e9 et confidentialit\u00e9<\/strong><\/li>\n<li><strong>Proximit\u00e9 et responsabilit\u00e9<\/strong><\/li>\n<li><strong>Prise en charge garantie en moins de 24h<\/strong><\/li>\n<li><strong>Taux inf\u00e9rieur \u00e0 la concurrence<\/strong><\/li>\n<\/ul>\n<p>[\/vc_column_text][\/vc_column_inner][\/vc_row_inner][\/vc_column][\/vc_row]<\/section>\n","protected":false},"excerpt":{"rendered":"<p>Concr\u00e9tisez votre projet simplement<\/p>\n","protected":false},"author":25,"featured_media":11770,"parent":373,"menu_order":-9,"comment_status":"closed","ping_status":"closed","template":"template-credit.php","meta":{"inline_featured_image":false,"footnotes":"","_links_to":"","_links_to_target":""},"categories":[33],"class_list":["post-27472","page","type-page","status-publish","has-post-thumbnail","hentry","category-credit"],"_links":{"self":[{"href":"https:\/\/multicredit.ch\/fr\/wp-json\/wp\/v2\/pages\/27472","targetHints":{"allow":["GET"]}}],"collection":[{"href":"https:\/\/multicredit.ch\/fr\/wp-json\/wp\/v2\/pages"}],"about":[{"href":"https:\/\/multicredit.ch\/fr\/wp-json\/wp\/v2\/types\/page"}],"author":[{"embeddable":true,"href":"https:\/\/multicredit.ch\/fr\/wp-json\/wp\/v2\/users\/25"}],"replies":[{"embeddable":true,"href":"https:\/\/multicredit.ch\/fr\/wp-json\/wp\/v2\/comments?post=27472"}],"version-history":[{"count":3,"href":"https:\/\/multicredit.ch\/fr\/wp-json\/wp\/v2\/pages\/27472\/revisions"}],"predecessor-version":[{"id":27475,"href":"https:\/\/multicredit.ch\/fr\/wp-json\/wp\/v2\/pages\/27472\/revisions\/27475"}],"up":[{"embeddable":true,"href":"https:\/\/multicredit.ch\/fr\/wp-json\/wp\/v2\/pages\/373"}],"wp:featuredmedia":[{"embeddable":true,"href":"https:\/\/multicredit.ch\/fr\/wp-json\/wp\/v2\/media\/11770"}],"wp:attachment":[{"href":"https:\/\/multicredit.ch\/fr\/wp-json\/wp\/v2\/media?parent=27472"}],"wp:term":[{"taxonomy":"category","embeddable":true,"href":"https:\/\/multicredit.ch\/fr\/wp-json\/wp\/v2\/categories?post=27472"}],"curies":[{"name":"wp","href":"https:\/\/api.w.org\/{rel}","templated":true}]}}