{"id":27470,"date":"2024-11-18T19:34:50","date_gmt":"2024-11-18T19:34:50","guid":{"rendered":"https:\/\/multicredit.ch\/?page_id=27470"},"modified":"2024-11-18T19:35:55","modified_gmt":"2024-11-18T19:35:55","slug":"interets-deductibles","status":"publish","type":"page","link":"https:\/\/multicredit.ch\/fr\/credit\/offre-credit\/interets-deductibles\/","title":{"rendered":"Int\u00e9r\u00eats d\u00e9ductibles"},"content":{"rendered":"<section class=\"wpb-content-wrapper\">[vc_row full_width=&#8221;stretch_row&#8221; el_class=&#8221;white-bck bigpadding&#8221; css=&#8221;.vc_custom_1586929679182{padding-bottom: 24px !important;}&#8221;][vc_column data_aos=&#8221;fade-in&#8221;]<\/p>\n<div class=\"blocktitle title-center title-dark\" clearfix\"><H2><span class=\"ez-toc-section\" id=\"Les_interets_deductibles_dans_une_demande_de_credit\"><\/span>Les int\u00e9r\u00eats d\u00e9ductibles dans une demande de cr\u00e9dit<\/H2><\/div>\n<p>[vc_column_text]En Suisse, les int\u00e9r\u00eats vers\u00e9s dans le cadre d\u2019un pr\u00eat bancaire ou d\u2019une utilisation de cartes de cr\u00e9dit sont d\u00e9ductibles du revenu imposable. Cette d\u00e9ductibilit\u00e9 constitue un avantage fiscal important pour les emprunteurs, permettant de r\u00e9duire la charge fiscale globale.[\/vc_column_text][vc_column_text el_class=&#8221;pb-2 maxwidth&#8221;]<\/p>\n<h3><span class=\"ez-toc-section\" id=\"Interets_Deductibles_Cas_dun_Pret_Bancaire\"><\/span>Int\u00e9r\u00eats D\u00e9ductibles : Cas d\u2019un Pr\u00eat Bancaire<span class=\"ez-toc-section-end\"><\/span><\/h3>\n<p>Lorsqu\u2019un emprunteur contracte un pr\u00eat aupr\u00e8s d\u2019une banque, il b\u00e9n\u00e9ficie du droit de d\u00e9duire les int\u00e9r\u00eats pay\u00e9s tout au long de l\u2019ann\u00e9e de son revenu imposable. Chaque fin d&#8217;ann\u00e9e, la banque pr\u00eateuse est tenue de fournir \u00e0 l\u2019emprunteur une attestation fiscale d\u00e9taillant le montant total des int\u00e9r\u00eats vers\u00e9s durant l\u2019ann\u00e9e \u00e9coul\u00e9e. Cette attestation est essentielle pour que l&#8217;emprunteur puisse justifier la d\u00e9duction aupr\u00e8s de l\u2019administration fiscale.<\/p>\n<p>Il est important de souligner que seuls les int\u00e9r\u00eats du pr\u00eat sont d\u00e9ductibles. Le capital emprunt\u00e9 lui-m\u00eame, c\u2019est-\u00e0-dire le montant du pr\u00eat, ne peut pas \u00eatre d\u00e9duit des imp\u00f4ts. Cette r\u00e8gle s\u2019applique \u00e0 tous les types de pr\u00eats bancaires, qu\u2019il s\u2019agisse de cr\u00e9dits hypoth\u00e9caires, de pr\u00eats personnels ou de cr\u00e9dits \u00e0 la consommation.[\/vc_column_text][vc_column_text]<\/p>\n<h3><span class=\"ez-toc-section\" id=\"Nos_points_fort_ci_dessous_pour_obtenir_les_meilleures_offres_possibles_pour_nos_clients_partout_en_Suisse\"><\/span>Nos points fort ci dessous pour obtenir les meilleures offres possibles pour nos clients partout en Suisse<span class=\"ez-toc-section-end\"><\/span><\/h3>\n<p>[\/vc_column_text][\/vc_column][\/vc_row][vc_row full_width=&#8221;stretch_row&#8221; el_class=&#8221;white-bck&#8221; css=&#8221;.vc_custom_1586930817763{padding-top: 24px !important;padding-bottom: 0px !important;}&#8221;][vc_column width=&#8221;1\/2&#8243; data_aos=&#8221;fade-up&#8221; el_class=&#8221;checklist&#8221;][vc_column_text]<\/p>\n<ul>\n<li>Recevez une d\u00e9cision pr\u00e9liminaire en seulement 5 minutes, lors du premier contact t\u00e9l\u00e9phonique<\/li>\n<li>Traitement sans frais de votre demande et offre sans engagement<\/li>\n<li>Confidentialit\u00e9 garantie (nous sommes soumis au secret bancaire)<\/li>\n<li>Remboursement flexible sur 12 \u00e0 84 mois<\/li>\n<li>Mensualit\u00e9s adapt\u00e9es et baisse des int\u00e9r\u00eats<\/li>\n<li>Modalit\u00e9s (dur\u00e9e, taux, montant) flexibles et adaptables<\/li>\n<li>Remboursement de votre pr\u00eat de fa\u00e7on anticip\u00e9e \u00e0 tout moment<\/li>\n<\/ul>\n<p>[\/vc_column_text][\/vc_column][vc_column width=&#8221;1\/2&#8243; data_aos=&#8221;fade-up&#8221; data_aos_delay=&#8221;250&#8243; el_class=&#8221;checklist&#8221;][vc_column_text]<\/p>\n<ul>\n<li>Pour les Suisses et d\u00e9tenteurs de permis C, d\u00e9ductions fiscales possibles des int\u00e9r\u00eats de la dette<\/li>\n<li>D\u00e9marches simplifi\u00e9es et plus rapides que l\u2019hypoth\u00e8que et le leasing<\/li>\n<li>Prise en charge de vos d\u00e9marches administratives<\/li>\n<li>D\u00e9marches simples, rapides et discr\u00e8tes<\/li>\n<li>Constitution de votre dossier par un sp\u00e9cialiste<\/li>\n<li>Conseil personnalis\u00e9 \u00e0 domicile ou \u00e0 notre bureau<\/li>\n<\/ul>\n<p>[\/vc_column_text][\/vc_column][\/vc_row][vc_row full_width=&#8221;stretch_row&#8221; el_class=&#8221;white-bck bigpadding&#8221; css=&#8221;.vc_custom_1586929684389{padding-top: 24px !important;}&#8221;][vc_column data_aos=&#8221;fade-in&#8221;][vc_column_text el_class=&#8221;pt-2&#8243;]<\/p>\n<p style=\"text-align: center;\"><strong>Pour particuliers r\u00e9sidant en Suisse, suisses ou <a href=\"https:\/\/www.sem.admin.ch\/sem\/fr\/home\/themen\/aufenthalt\/eu_efta.html\" target=\"_blank\" rel=\"noopener\">d\u00e9tenteurs d\u2019un permis B, C ou d\u2019une carte de l\u00e9gitimation (D, E, G et H)<\/a> , augmenter vos liquidit\u00e9s est possible, faire des \u00e9conomies aussi. B\u00e9n\u00e9ficiez de l\u2019\u00e9tude individualis\u00e9e de votre projet, d\u2019une offre de pr\u00eat sur mesure tr\u00e8s rapidement.<\/strong><\/p>\n<h3><span class=\"ez-toc-section\" id=\"Interets_Deductibles_Cas_dun_Pret_Bancaire-2\"><\/span>Int\u00e9r\u00eats D\u00e9ductibles : Cas d\u2019un Pr\u00eat Bancaire<span class=\"ez-toc-section-end\"><\/span><\/h3>\n<p>Lorsqu\u2019un emprunteur accepte une <a href=\"https:\/\/multicredit.ch\/fr\/credit\/offre-credit\/\">offre de cr\u00e9dit<\/a> aupr\u00e8s d\u2019une banque, il b\u00e9n\u00e9ficie du droit de d\u00e9duire les int\u00e9r\u00eats pay\u00e9s tout au long de l\u2019ann\u00e9e de son revenu imposable. Chaque fin d&#8217;ann\u00e9e, la banque pr\u00eateuse est tenue de fournir \u00e0 l\u2019emprunteur une attestation fiscale d\u00e9taillant le montant total des int\u00e9r\u00eats vers\u00e9s durant l\u2019ann\u00e9e \u00e9coul\u00e9e. Cette attestation est essentielle pour que l&#8217;emprunteur puisse justifier la d\u00e9duction aupr\u00e8s de l\u2019administration fiscale.<\/p>\n<p>Il est important de souligner que seuls les int\u00e9r\u00eats du pr\u00eat sont d\u00e9ductibles. Le capital emprunt\u00e9 lui-m\u00eame, c\u2019est-\u00e0-dire le montant du pr\u00eat, ne peut pas \u00eatre d\u00e9duit des imp\u00f4ts. Cette r\u00e8gle s\u2019applique \u00e0 tous les types de pr\u00eats bancaires, qu\u2019il s\u2019agisse de cr\u00e9dits hypoth\u00e9caires, de pr\u00eats personnels ou de cr\u00e9dits \u00e0 la consommation.<\/p>\n<h3><span class=\"ez-toc-section\" id=\"Interets_Deductibles_Cas_dun_Preteur_Prive\"><\/span>Int\u00e9r\u00eats D\u00e9ductibles : Cas d\u2019un Pr\u00eateur Priv\u00e9<span class=\"ez-toc-section-end\"><\/span><\/h3>\n<p>Dans le cas o\u00f9 l\u2019emprunt est contract\u00e9 aupr\u00e8s d\u2019un particulier (un pr\u00eateur priv\u00e9), l\u2019emprunteur peut \u00e9galement d\u00e9duire les int\u00e9r\u00eats pay\u00e9s, mais sous certaines conditions. Pour que la d\u00e9duction soit valide, il est n\u00e9cessaire de disposer de pi\u00e8ces justificatives pr\u00e9cises, dat\u00e9es et sign\u00e9es par les deux parties impliqu\u00e9es, attestant des montants pay\u00e9s. Ces documents servent \u00e0 prouver la l\u00e9gitimit\u00e9 de la d\u00e9duction lors d\u2019un contr\u00f4le fiscal.<\/p>\n<h3><span class=\"ez-toc-section\" id=\"Leasing_Interets_Non_Deductibles\"><\/span>Leasing : Int\u00e9r\u00eats Non D\u00e9ductibles<span class=\"ez-toc-section-end\"><\/span><\/h3>\n<p>Il est crucial de comprendre que le financement d\u2019un v\u00e9hicule par un leasing ne b\u00e9n\u00e9ficie pas des m\u00eames avantages fiscaux. Contrairement aux pr\u00eats classiques, les int\u00e9r\u00eats pay\u00e9s dans le cadre d\u2019un leasing ne sont pas d\u00e9ductibles fiscalement. Cette distinction s\u2019explique par la nature m\u00eame du leasing, qui est consid\u00e9r\u00e9 comme une location \u00e0 long terme avec option d\u2019achat et non comme un cr\u00e9dit classique. Ainsi, les montants vers\u00e9s dans le cadre d\u2019un leasing, m\u00eame s\u2019ils comprennent des int\u00e9r\u00eats, ne peuvent pas \u00eatre d\u00e9duits du revenu imposable.<\/p>\n<h3><span class=\"ez-toc-section\" id=\"Importance_de_lAttestation_Fiscale\"><\/span>Importance de l\u2019Attestation Fiscale<span class=\"ez-toc-section-end\"><\/span><\/h3>\n<p>L\u2019attestation fiscale fournie par la banque est un document fondamental pour la d\u00e9claration d\u2019imp\u00f4ts. Elle permet de garantir la transparence des int\u00e9r\u00eats pay\u00e9s et d\u2019apporter la preuve n\u00e9cessaire pour b\u00e9n\u00e9ficier de la d\u00e9duction. Dans le cadre d\u2019un pr\u00eat priv\u00e9, l\u2019emprunteur doit veiller \u00e0 obtenir un accord formel, sign\u00e9 et dat\u00e9, pour justifier les paiements d\u2019int\u00e9r\u00eats effectu\u00e9s. Sans ces documents, la d\u00e9duction pourrait \u00eatre refus\u00e9e par l\u2019administration fiscale.[\/vc_column_text][\/vc_column][\/vc_row][vc_row full_width=&#8221;stretch_row&#8221; equal_height=&#8221;yes&#8221; el_class=&#8221;lightgrey-bck bigpadding flex-eq-height diagonal-top-bck one-fifth-link-bloc&#8221;][vc_column width=&#8221;1\/5&#8243; data_aos=&#8221;fade-down&#8221; data_aos_delay=&#8221;0&#8243;]<\/p>\n<div class=\"wpb_single_image wpb_content_element vc_align_center  wpb_animate_when_almost_visible wpb_top-to-bottom top-to-bottom wpb_start_animation animated\">\n<figure class=\"wpb_wrapper vc_figure\">\n<div class=\"vc_single_image-wrapper\"><img decoding=\"async\" src=\"https:\/\/multicredit.ch\/wp\/wp-content\/uploads\/c-hab.jpg\" alt=\"\" title=\"\"><\/div><figcaption>\n<h4>Cr\u00e9dit habitation<\/h4>\n<p>Financez am\u00e9nagements et habitations<\/p>\n<\/figcaption><\/figure>\n<\/div>\n<div class=\"vc_btn3-container text-center\"><a class=\"btn-circle-2\" href=\"https:\/\/www.multicredit.ch\/fr\/credit\/credit-habitation\/\" title=\"Cr\u00e9dit Habitation\"><span class=\"round\">&gt;<\/span><\/a><\/div>\n<p>[\/vc_column][vc_column width=&#8221;1\/5&#8243; data_aos=&#8221;fade-down&#8221; data_aos_delay=&#8221;50&#8243;]<\/p>\n<div class=\"wpb_single_image wpb_content_element vc_align_center  wpb_animate_when_almost_visible wpb_top-to-bottom top-to-bottom wpb_start_animation animated\">\n<figure class=\"wpb_wrapper vc_figure\">\n<div class=\"vc_single_image-wrapper\"><img decoding=\"async\" src=\"https:\/\/multicredit.ch\/wp\/wp-content\/uploads\/c-auto.jpg\" alt=\"\" title=\"\"><\/div><figcaption>\n<h4>Cr\u00e9dit auto<\/h4>\n<p>Achetez votre v\u00e9hicule \u00e0 cr\u00e9dit<\/p>\n<\/figcaption><\/figure>\n<\/div>\n<div class=\"vc_btn3-container text-center\"><a class=\"btn-circle-2\" href=\"https:\/\/www.multicredit.ch\/fr\/credit\/credit-auto\" title=\"Cr\u00e9dit Habitation\"><span class=\"round\">&gt;<\/span><\/a><\/div>\n<p>[\/vc_column][vc_column width=&#8221;1\/5&#8243; data_aos=&#8221;fade-down&#8221; data_aos_delay=&#8221;100&#8243;]<\/p>\n<div class=\"wpb_single_image wpb_content_element vc_align_center  wpb_animate_when_almost_visible wpb_top-to-bottom top-to-bottom wpb_start_animation animated\">\n<figure class=\"wpb_wrapper vc_figure\">\n<div class=\"vc_single_image-wrapper\"><img decoding=\"async\" src=\"https:\/\/multicredit.ch\/wp\/wp-content\/uploads\/c-form.jpg\" alt=\"\" title=\"\"><\/div><figcaption>\n<h4>Cr\u00e9dit formation<\/h4>\n<p>Financez vos \u00e9tudes<\/p>\n<\/figcaption><\/figure>\n<\/div>\n<div class=\"vc_btn3-container text-center\"><a class=\"btn-circle-2\" href=\"https:\/\/www.multicredit.ch\/fr\/credit\/financement-d-etudes-et-de-formations\/\" title=\"Cr\u00e9dit Habitation\"><span class=\"round\">&gt;<\/span><\/a><\/div>\n<p>[\/vc_column][vc_column width=&#8221;1\/5&#8243; data_aos=&#8221;fade-down&#8221; data_aos_delay=&#8221;150&#8243;]<\/p>\n<div class=\"wpb_single_image wpb_content_element vc_align_center  wpb_animate_when_almost_visible wpb_top-to-bottom top-to-bottom wpb_start_animation animated\">\n<figure class=\"wpb_wrapper vc_figure\">\n<div class=\"vc_single_image-wrapper\"><img decoding=\"async\" src=\"https:\/\/multicredit.ch\/wp\/wp-content\/uploads\/c-med.jpg\" alt=\"\" title=\"\"><\/div><figcaption>\n<h4>Cr\u00e9dit m\u00e9dical<\/h4>\n<p>Financez votre chirurgie et soin m\u00e9dical<\/p>\n<\/figcaption><\/figure>\n<\/div>\n<div class=\"vc_btn3-container text-center\"><a class=\"btn-circle-2\" href=\"https:\/\/www.multicredit.ch\/fr\/credit\/pret-medical\/\" title=\"Cr\u00e9dit Habitation\"><span class=\"round\">&gt;<\/span><\/a><\/div>\n<p>[\/vc_column][vc_column width=&#8221;1\/5&#8243; data_aos=&#8221;fade-down&#8221; data_aos_delay=&#8221;200&#8243;]<\/p>\n<div class=\"wpb_single_image wpb_content_element vc_align_center  wpb_animate_when_almost_visible wpb_top-to-bottom top-to-bottom wpb_start_animation animated\">\n<figure class=\"wpb_wrapper vc_figure\">\n<div class=\"vc_single_image-wrapper\"><img decoding=\"async\" src=\"https:\/\/multicredit.ch\/wp\/wp-content\/uploads\/c-all.jpg\" alt=\"\" title=\"\"><\/div><figcaption>\n<h4>Cr\u00e9dits divers<\/h4>\n<p>Pour tout autre projet<\/p>\n<\/figcaption><\/figure>\n<\/div>\n<div class=\"vc_btn3-container text-center\"><a class=\"btn-circle-2\" href=\"https:\/\/www.multicredit.ch\/fr\/credit\/credits-divers\/\" title=\"Cr\u00e9dit Habitation\"><span class=\"round\">&gt;<\/span><\/a><\/div>\n<p>[\/vc_column][\/vc_row][vc_row full_width=&#8221;stretch_row&#8221; el_class=&#8221;white-bck regularpadding steps&#8221;][vc_column data_aos=&#8221;fade-in&#8221;]<\/p>\n<div class=\"blocktitle title-center title-dark\" clearfix\"><H2><span class=\"ez-toc-section\" id=\"Votre_credit_en_4_etapes\"><\/span>Votre cr\u00e9dit en 4 \u00e9tapes<\/H2><\/p>\n<h4>Simple et rapide<\/h4>\n<\/div>\n<p>[vc_row_inner equal_height=&#8221;yes&#8221;][vc_column_inner width=&#8221;1\/4&#8243;][vc_pie value=&#8221;25&#8243; label_value=&#8221;1&#8243; color=&#8221;custom&#8221; title=&#8221;Demande&#8221; custom_color=&#8221;#df003c&#8221;][vc_column_text]<\/p>\n<p style=\"text-align: center;\">Vous remplissez le formulaire de demande de cr\u00e9dit selon vos besoins.<\/p>\n<h5 style=\"text-align: center;\">2 min<\/h5>\n<p>[\/vc_column_text][\/vc_column_inner][vc_column_inner width=&#8221;1\/4&#8243;][vc_pie label_value=&#8221;2&#8243; color=&#8221;custom&#8221; title=&#8221;Proposition&#8221; custom_color=&#8221;#df003c&#8221;][vc_column_text]<\/p>\n<p style=\"text-align: center;\">Nous analysons votre demande et vous proposons une solution adapt\u00e9e \u00e0 votre profil.<\/p>\n<h5 style=\"text-align: center;\">12 heures<\/h5>\n<p>[\/vc_column_text][\/vc_column_inner][vc_column_inner width=&#8221;1\/4&#8243;][vc_pie value=&#8221;75&#8243; label_value=&#8221;3&#8243; color=&#8221;custom&#8221; title=&#8221;Signature&#8221; custom_color=&#8221;#df003c&#8221;][vc_column_text]<\/p>\n<p style=\"text-align: center;\">Une fois le contrat \u00e9tabli, il vous suffit de le signer et nous le transmettre.<\/p>\n<h5 style=\"text-align: center;\">Cette \u00e9tape d\u00e9pend de votre r\u00e9activit\u00e9.<\/h5>\n<p>[\/vc_column_text][\/vc_column_inner][vc_column_inner width=&#8221;1\/4&#8243;][vc_pie value=&#8221;100&#8243; label_value=&#8221;4&#8243; color=&#8221;custom&#8221; title=&#8221;Virement&#8221; custom_color=&#8221;#df003c&#8221;][vc_column_text]<\/p>\n<p style=\"text-align: center;\">Le montant est vir\u00e9 dans votre compte.<\/p>\n<h5 style=\"text-align: center;\">14 jours (D\u00e9lai l\u00e9gal)<\/h5>\n<p>[\/vc_column_text][\/vc_column_inner][\/vc_row_inner][\/vc_column][\/vc_row][vc_row full_width=&#8221;stretch_row&#8221; content_placement=&#8221;middle&#8221; el_class=&#8221;lightgrey-bck bigpadding checklist&#8221;][vc_column data_aos=&#8221;fade-in&#8221;]<\/p>\n<div class=\"blocktitle title-left title-dark\" clearfix\"><H3><span class=\"ez-toc-section\" id=\"Confiez-nous_la_recherche_de_votre_meilleure_offre_possible_de_credit\"><\/span>Confiez-nous la recherche de votre meilleure offre possible de cr\u00e9dit<\/H3><\/p>\n<h4>Nous cherchons toujours la meilleure offre possible pour nos clients de partout en Suisse.<\/h4>\n<\/div>\n<p>[vc_row_inner][vc_column_inner width=&#8221;1\/2&#8243;][vc_column_text]<\/p>\n<div class=\"flex max-w-full flex-col flex-grow\">\n<div class=\"min-h-8 text-message flex w-full flex-col items-end gap-2 whitespace-normal break-words [.text-message+&amp;]:mt-5\" dir=\"auto\" data-message-author-role=\"assistant\" data-message-id=\"9192edd4-92d6-41be-ba73-847e8056cd37\" data-message-model-slug=\"gpt-4o\">\n<div class=\"flex w-full flex-col gap-1 empty:hidden first:pt-[3px]\">\n<div class=\"markdown prose w-full break-words dark:prose-invert light\">\n<h3><span class=\"ez-toc-section\" id=\"Conseils_Pratiques\"><\/span>Conseils Pratiques<span class=\"ez-toc-section-end\"><\/span><\/h3>\n<p>Pour optimiser votre situation fiscale :<\/p>\n<ul>\n<li><strong>Conservez vos attestations<\/strong> : Assurez-vous de recevoir et de conserver toutes les attestations fiscales \u00e9mises par votre banque ou par votre pr\u00eateur priv\u00e9.<\/li>\n<li><strong>V\u00e9rifiez vos d\u00e9clarations<\/strong> : Lorsque vous pr\u00e9parez votre d\u00e9claration d&#8217;imp\u00f4ts, assurez-vous d&#8217;inclure correctement les int\u00e9r\u00eats pay\u00e9s et d&#8217;attacher les justificatifs requis.<\/li>\n<li><strong>Anticipez les r\u00e8gles sp\u00e9cifiques<\/strong> : Si vous utilisez un leasing pour financer votre v\u00e9hicule, sachez \u00e0 l\u2019avance que les int\u00e9r\u00eats pay\u00e9s ne pourront pas \u00eatre d\u00e9duits et planifiez en cons\u00e9quence.<\/li>\n<\/ul>\n<p>En r\u00e9sum\u00e9, la d\u00e9ductibilit\u00e9 des int\u00e9r\u00eats sur les pr\u00eats bancaires et priv\u00e9s constitue un avantage fiscal significatif en Suisse. Toutefois, il est essentiel de conna\u00eetre les conditions associ\u00e9es et de disposer des documents requis pour justifier ces d\u00e9ductions. Pour ceux qui financent des achats par leasing, il convient de garder \u00e0 l&#8217;esprit l&#8217;absence de d\u00e9duction fiscale sur les int\u00e9r\u00eats pay\u00e9s.<\/p>\n<\/div>\n<\/div>\n<\/div>\n<\/div>\n<div class=\"mb-2 flex gap-3 empty:hidden -ml-2\">\n<div class=\"items-center justify-start rounded-xl p-1 flex\">\n<div class=\"flex items-center\"><\/div>\n<\/div>\n<\/div>\n<p>[\/vc_column_text][vc_btn title=&#8221;D\u00e9couvrir&#8221; link=&#8221;url:https%3A%2F%2Fwww.multicredit.ch%2Ffr%2Fa-propos%2F|title:A%20propos||&#8221;][\/vc_column_inner][vc_column_inner width=&#8221;1\/2&#8243;][vc_column_text]<\/p>\n<ul>\n<li><strong>S\u00e9curit\u00e9 et confidentialit\u00e9<\/strong><\/li>\n<li><strong>Proximit\u00e9 et responsabilit\u00e9<\/strong><\/li>\n<li><strong>Prise en charge garantie en moins de 24h<\/strong><\/li>\n<li><strong>Taux inf\u00e9rieur \u00e0 la concurrence<\/strong><\/li>\n<\/ul>\n<p>[\/vc_column_text][\/vc_column_inner][\/vc_row_inner][\/vc_column][\/vc_row]<\/section>\n","protected":false},"excerpt":{"rendered":"<p>Concr\u00e9tisez votre projet simplement<\/p>\n","protected":false},"author":25,"featured_media":11770,"parent":27443,"menu_order":-9,"comment_status":"closed","ping_status":"closed","template":"template-credit.php","meta":{"inline_featured_image":false,"footnotes":"","_links_to":"","_links_to_target":""},"categories":[33],"class_list":["post-27470","page","type-page","status-publish","has-post-thumbnail","hentry","category-credit"],"_links":{"self":[{"href":"https:\/\/multicredit.ch\/fr\/wp-json\/wp\/v2\/pages\/27470","targetHints":{"allow":["GET"]}}],"collection":[{"href":"https:\/\/multicredit.ch\/fr\/wp-json\/wp\/v2\/pages"}],"about":[{"href":"https:\/\/multicredit.ch\/fr\/wp-json\/wp\/v2\/types\/page"}],"author":[{"embeddable":true,"href":"https:\/\/multicredit.ch\/fr\/wp-json\/wp\/v2\/users\/25"}],"replies":[{"embeddable":true,"href":"https:\/\/multicredit.ch\/fr\/wp-json\/wp\/v2\/comments?post=27470"}],"version-history":[{"count":1,"href":"https:\/\/multicredit.ch\/fr\/wp-json\/wp\/v2\/pages\/27470\/revisions"}],"predecessor-version":[{"id":27471,"href":"https:\/\/multicredit.ch\/fr\/wp-json\/wp\/v2\/pages\/27470\/revisions\/27471"}],"up":[{"embeddable":true,"href":"https:\/\/multicredit.ch\/fr\/wp-json\/wp\/v2\/pages\/27443"}],"wp:featuredmedia":[{"embeddable":true,"href":"https:\/\/multicredit.ch\/fr\/wp-json\/wp\/v2\/media\/11770"}],"wp:attachment":[{"href":"https:\/\/multicredit.ch\/fr\/wp-json\/wp\/v2\/media?parent=27470"}],"wp:term":[{"taxonomy":"category","embeddable":true,"href":"https:\/\/multicredit.ch\/fr\/wp-json\/wp\/v2\/categories?post=27470"}],"curies":[{"name":"wp","href":"https:\/\/api.w.org\/{rel}","templated":true}]}}