{"id":27458,"date":"2024-11-18T19:04:06","date_gmt":"2024-11-18T19:04:06","guid":{"rendered":"https:\/\/multicredit.ch\/?page_id=27458"},"modified":"2024-11-18T19:14:51","modified_gmt":"2024-11-18T19:14:51","slug":"frais-dossier","status":"publish","type":"page","link":"https:\/\/multicredit.ch\/fr\/credit\/offre-credit\/frais-dossier\/","title":{"rendered":"Frais de dossier"},"content":{"rendered":"<section class=\"wpb-content-wrapper\">[vc_row full_width=&#8221;stretch_row&#8221; el_class=&#8221;white-bck bigpadding&#8221; css=&#8221;.vc_custom_1586929679182{padding-bottom: 24px !important;}&#8221;][vc_column data_aos=&#8221;fade-in&#8221;]<\/p>\n<div class=\"blocktitle title-center title-dark\" clearfix\"><H2><span class=\"ez-toc-section\" id=\"Aucuns_frais_de_dossier_pour_demander_un_credit_avec_Multicredit\"><\/span>Aucuns frais de dossier pour demander un cr\u00e9dit avec Multicredit<\/H2><\/div>\n<p>[vc_column_text]Les frais de dossier constituent un aspect important \u00e0 prendre en compte lors de la demande de cr\u00e9dit, qu&#8217;il s&#8217;agisse d&#8217;un pr\u00eat immobilier, d&#8217;un cr\u00e9dit \u00e0 la consommation ou d&#8217;un autre type de financement. Ces frais correspondent aux co\u00fbts administratifs engag\u00e9s par l&#8217;\u00e9tablissement financier pour traiter la demande de pr\u00eat de l&#8217;emprunteur.[\/vc_column_text][vc_column_text el_class=&#8221;pb-2 maxwidth&#8221;]<\/p>\n<h2><span class=\"ez-toc-section\" id=\"A_Quoi_Correspondent_les_Frais_de_Dossier\"><\/span>\u00c0 Quoi Correspondent les Frais de Dossier ?<span class=\"ez-toc-section-end\"><\/span><\/h2>\n<p>Les frais de dossier couvrent l\u2019ensemble des d\u00e9marches n\u00e9cessaires \u00e0 la mise en place du cr\u00e9dit. Cela inclut notamment :<\/p>\n<ul>\n<li><strong>L\u2019analyse du dossier<\/strong> : La banque ou l\u2019organisme pr\u00eateur doit v\u00e9rifier la compl\u00e9tude et la validit\u00e9 des documents soumis, tels que les justificatifs de revenus, les relev\u00e9s de compte, et tout autre document requis pour l\u2019\u00e9valuation de la solvabilit\u00e9 de l\u2019emprunteur.<\/li>\n<li><strong>L\u2019\u00e9valuation de la solvabilit\u00e9<\/strong> : Une \u00e9tude approfondie est r\u00e9alis\u00e9e pour s&#8217;assurer que l&#8217;emprunteur est en mesure de rembourser le pr\u00eat. Cette \u00e9valuation prend en compte divers crit\u00e8res tels que le taux d&#8217;endettement, la stabilit\u00e9 de la situation professionnelle et les ant\u00e9c\u00e9dents financiers.<\/li>\n<li><strong>La pr\u00e9paration et l\u2019\u00e9mission de l\u2019offre de pr\u00eat<\/strong> : Une fois la solvabilit\u00e9 confirm\u00e9e, l\u2019\u00e9tablissement r\u00e9dige et formalise l\u2019offre de cr\u00e9dit, un processus qui n\u00e9cessite du temps et des ressources.<\/li>\n<\/ul>\n<p>[\/vc_column_text][vc_column_text]<\/p>\n<h3><span class=\"ez-toc-section\" id=\"Nos_points_fort_ci_dessous_pour_obtenir_les_meilleures_offres_possibles_pour_nos_clients_partout_en_Suisse\"><\/span>Nos points fort ci dessous pour obtenir les meilleures offres possibles pour nos clients partout en Suisse<span class=\"ez-toc-section-end\"><\/span><\/h3>\n<p>[\/vc_column_text][\/vc_column][\/vc_row][vc_row full_width=&#8221;stretch_row&#8221; el_class=&#8221;white-bck&#8221; css=&#8221;.vc_custom_1586930817763{padding-top: 24px !important;padding-bottom: 0px !important;}&#8221;][vc_column width=&#8221;1\/2&#8243; data_aos=&#8221;fade-up&#8221; el_class=&#8221;checklist&#8221;][vc_column_text]<\/p>\n<ul>\n<li>Recevez une d\u00e9cision pr\u00e9liminaire en seulement 5 minutes, lors du premier contact t\u00e9l\u00e9phonique<\/li>\n<li>Traitement sans frais de votre demande et offre sans engagement<\/li>\n<li>Confidentialit\u00e9 garantie (nous sommes soumis au secret bancaire)<\/li>\n<li>Remboursement flexible sur 12 \u00e0 84 mois<\/li>\n<li>Mensualit\u00e9s adapt\u00e9es et baisse des int\u00e9r\u00eats<\/li>\n<li>Modalit\u00e9s (dur\u00e9e, taux, montant) flexibles et adaptables<\/li>\n<li>Remboursement de votre pr\u00eat de fa\u00e7on anticip\u00e9e \u00e0 tout moment<\/li>\n<\/ul>\n<p>[\/vc_column_text][\/vc_column][vc_column width=&#8221;1\/2&#8243; data_aos=&#8221;fade-up&#8221; data_aos_delay=&#8221;250&#8243; el_class=&#8221;checklist&#8221;][vc_column_text]<\/p>\n<ul>\n<li>Pour les Suisses et d\u00e9tenteurs de permis C, d\u00e9ductions fiscales possibles des int\u00e9r\u00eats de la dette<\/li>\n<li>D\u00e9marches simplifi\u00e9es et plus rapides que l\u2019hypoth\u00e8que et le leasing<\/li>\n<li>Prise en charge de vos d\u00e9marches administratives<\/li>\n<li>D\u00e9marches simples, rapides et discr\u00e8tes<\/li>\n<li>Constitution de votre dossier par un sp\u00e9cialiste<\/li>\n<li>Conseil personnalis\u00e9 \u00e0 domicile ou \u00e0 notre bureau<\/li>\n<\/ul>\n<p>[\/vc_column_text][\/vc_column][\/vc_row][vc_row full_width=&#8221;stretch_row&#8221; el_class=&#8221;white-bck bigpadding&#8221; css=&#8221;.vc_custom_1586929684389{padding-top: 24px !important;}&#8221;][vc_column data_aos=&#8221;fade-in&#8221;][vc_column_text el_class=&#8221;pt-2&#8243;]<\/p>\n<p style=\"text-align: center;\"><strong>Pour particuliers r\u00e9sidant en Suisse, suisses ou <a href=\"https:\/\/www.sem.admin.ch\/sem\/fr\/home\/themen\/aufenthalt\/eu_efta.html\" target=\"_blank\" rel=\"noopener\">d\u00e9tenteurs d\u2019un permis B, C ou d\u2019une carte de l\u00e9gitimation (D, E, G et H)<\/a> , augmenter vos liquidit\u00e9s est possible, faire des \u00e9conomies aussi. B\u00e9n\u00e9ficiez de l\u2019\u00e9tude individualis\u00e9e de votre projet, d\u2019une offre de pr\u00eat sur mesure tr\u00e8s rapidement.<\/strong><\/p>\n<h3><span class=\"ez-toc-section\" id=\"Facturation_des_Frais_de_Dossier\"><\/span>Facturation des Frais de Dossier<span class=\"ez-toc-section-end\"><\/span><\/h3>\n<p>Les frais de dossier peuvent \u00eatre factur\u00e9s de diff\u00e9rentes mani\u00e8res :<\/p>\n<ul>\n<li><strong>Paiement initial<\/strong> : Certains pr\u00eateurs exigent que les frais de dossier soient r\u00e9gl\u00e9s au moment de la signature de l\u2019offre de pr\u00eat.<\/li>\n<li><strong>Inclusion dans le montant emprunt\u00e9<\/strong> : D\u2019autres int\u00e8grent ces frais au montant total du cr\u00e9dit, ce qui signifie que l\u2019emprunteur les rembourse au m\u00eame titre que le capital et les int\u00e9r\u00eats.<\/li>\n<li><strong>Gratuit\u00e9 dans certains cas<\/strong> : Il est possible que certains types de pr\u00eats, tels que les pr\u00eats aid\u00e9s comme le Pr\u00eat \u00e0 Taux Z\u00e9ro (PTZ), ne comportent pas de frais de dossier.<\/li>\n<\/ul>\n<h3><span class=\"ez-toc-section\" id=\"Negociation_et_Exoneration_des_Frais_de_Dossier\"><\/span>N\u00e9gociation et Exon\u00e9ration des Frais de Dossier<span class=\"ez-toc-section-end\"><\/span><\/h3>\n<p>Les frais de dossier ne sont pas toujours fixes et peuvent souvent \u00eatre n\u00e9goci\u00e9s, surtout si l\u2019emprunteur pr\u00e9sente un bon profil (revenus stables, taux d\u2019endettement faible, etc.). Les banques et organismes de cr\u00e9dit peuvent \u00eatre ouverts \u00e0 des ajustements selon leur politique commerciale ou la relation de long terme avec le client. Dans certains cas, l\u2019exon\u00e9ration totale des frais de dossier peut m\u00eame \u00eatre obtenue.<\/p>\n<h3><span class=\"ez-toc-section\" id=\"Impact_sur_le_Cout_Total_du_Credit\"><\/span>Impact sur le Co\u00fbt Total du Cr\u00e9dit<span class=\"ez-toc-section-end\"><\/span><\/h3>\n<p>Il est essentiel de noter que les frais de dossier contribuent au calcul du Taux Annuel Effectif Global (TAEG), qui repr\u00e9sente le co\u00fbt total du cr\u00e9dit. Le TAEG inclut non seulement le taux d\u2019int\u00e9r\u00eat nominal, mais aussi tous les frais annexes, tels que les frais de dossier et autres charges \u00e9ventuelles. Ainsi, un TAEG bas, m\u00eame avec des frais de dossier relativement \u00e9lev\u00e9s, peut \u00eatre plus avantageux qu&#8217;un taux nominal attractif avec des co\u00fbts annexes cach\u00e9s.<\/p>\n<h3><span class=\"ez-toc-section\" id=\"Conseils_pour_les_Emprunteurs\"><\/span>Conseils pour les Emprunteurs<span class=\"ez-toc-section-end\"><\/span><\/h3>\n<ul>\n<li><strong>Comparer les offres<\/strong> : Pour obtenir les meilleures conditions, il est conseill\u00e9 de comparer les offres de plusieurs \u00e9tablissements financiers. Chaque banque a ses propres bar\u00e8mes et politiques concernant les frais de dossier.<\/li>\n<li><strong>Faire appel \u00e0 un courtier<\/strong> : Passer par un courtier peut faciliter la n\u00e9gociation des frais de dossier, car ces professionnels disposent de partenariats avec plusieurs banques et peuvent obtenir des conditions privil\u00e9gi\u00e9es pour leurs clients.<\/li>\n<li><strong>Demander une exon\u00e9ration<\/strong> : Selon votre profil et la politique de la banque, il est souvent possible de n\u00e9gocier une r\u00e9duction ou m\u00eame la suppression des frais de dossier.<\/li>\n<\/ul>\n<p>[\/vc_column_text][\/vc_column][\/vc_row][vc_row full_width=&#8221;stretch_row&#8221; equal_height=&#8221;yes&#8221; el_class=&#8221;lightgrey-bck bigpadding flex-eq-height diagonal-top-bck one-fifth-link-bloc&#8221;][vc_column width=&#8221;1\/5&#8243; data_aos=&#8221;fade-down&#8221; data_aos_delay=&#8221;0&#8243;]<\/p>\n<div class=\"wpb_single_image wpb_content_element vc_align_center  wpb_animate_when_almost_visible wpb_top-to-bottom top-to-bottom wpb_start_animation animated\">\n<figure class=\"wpb_wrapper vc_figure\">\n<div class=\"vc_single_image-wrapper\"><img decoding=\"async\" src=\"https:\/\/multicredit.ch\/wp\/wp-content\/uploads\/c-hab.jpg\" alt=\"\" title=\"\"><\/div><figcaption>\n<h4>Cr\u00e9dit habitation<\/h4>\n<p>Financez am\u00e9nagements et habitations<\/p>\n<\/figcaption><\/figure>\n<\/div>\n<div class=\"vc_btn3-container text-center\"><a class=\"btn-circle-2\" href=\"https:\/\/www.multicredit.ch\/fr\/credit\/credit-habitation\/\" title=\"Cr\u00e9dit Habitation\"><span class=\"round\">&gt;<\/span><\/a><\/div>\n<p>[\/vc_column][vc_column width=&#8221;1\/5&#8243; data_aos=&#8221;fade-down&#8221; data_aos_delay=&#8221;50&#8243;]<\/p>\n<div class=\"wpb_single_image wpb_content_element vc_align_center  wpb_animate_when_almost_visible wpb_top-to-bottom top-to-bottom wpb_start_animation animated\">\n<figure class=\"wpb_wrapper vc_figure\">\n<div class=\"vc_single_image-wrapper\"><img decoding=\"async\" src=\"https:\/\/multicredit.ch\/wp\/wp-content\/uploads\/c-auto.jpg\" alt=\"\" title=\"\"><\/div><figcaption>\n<h4>Cr\u00e9dit auto<\/h4>\n<p>Achetez votre v\u00e9hicule \u00e0 cr\u00e9dit<\/p>\n<\/figcaption><\/figure>\n<\/div>\n<div class=\"vc_btn3-container text-center\"><a class=\"btn-circle-2\" href=\"https:\/\/www.multicredit.ch\/fr\/credit\/credit-auto\" title=\"Cr\u00e9dit Habitation\"><span class=\"round\">&gt;<\/span><\/a><\/div>\n<p>[\/vc_column][vc_column width=&#8221;1\/5&#8243; data_aos=&#8221;fade-down&#8221; data_aos_delay=&#8221;100&#8243;]<\/p>\n<div class=\"wpb_single_image wpb_content_element vc_align_center  wpb_animate_when_almost_visible wpb_top-to-bottom top-to-bottom wpb_start_animation animated\">\n<figure class=\"wpb_wrapper vc_figure\">\n<div class=\"vc_single_image-wrapper\"><img decoding=\"async\" src=\"https:\/\/multicredit.ch\/wp\/wp-content\/uploads\/c-form.jpg\" alt=\"\" title=\"\"><\/div><figcaption>\n<h4>Cr\u00e9dit formation<\/h4>\n<p>Financez vos \u00e9tudes<\/p>\n<\/figcaption><\/figure>\n<\/div>\n<div class=\"vc_btn3-container text-center\"><a class=\"btn-circle-2\" href=\"https:\/\/www.multicredit.ch\/fr\/credit\/financement-d-etudes-et-de-formations\/\" title=\"Cr\u00e9dit Habitation\"><span class=\"round\">&gt;<\/span><\/a><\/div>\n<p>[\/vc_column][vc_column width=&#8221;1\/5&#8243; data_aos=&#8221;fade-down&#8221; data_aos_delay=&#8221;150&#8243;]<\/p>\n<div class=\"wpb_single_image wpb_content_element vc_align_center  wpb_animate_when_almost_visible wpb_top-to-bottom top-to-bottom wpb_start_animation animated\">\n<figure class=\"wpb_wrapper vc_figure\">\n<div class=\"vc_single_image-wrapper\"><img decoding=\"async\" src=\"https:\/\/multicredit.ch\/wp\/wp-content\/uploads\/c-med.jpg\" alt=\"\" title=\"\"><\/div><figcaption>\n<h4>Cr\u00e9dit m\u00e9dical<\/h4>\n<p>Financez votre chirurgie et soin m\u00e9dical<\/p>\n<\/figcaption><\/figure>\n<\/div>\n<div class=\"vc_btn3-container text-center\"><a class=\"btn-circle-2\" href=\"https:\/\/www.multicredit.ch\/fr\/credit\/pret-medical\/\" title=\"Cr\u00e9dit Habitation\"><span class=\"round\">&gt;<\/span><\/a><\/div>\n<p>[\/vc_column][vc_column width=&#8221;1\/5&#8243; data_aos=&#8221;fade-down&#8221; data_aos_delay=&#8221;200&#8243;]<\/p>\n<div class=\"wpb_single_image wpb_content_element vc_align_center  wpb_animate_when_almost_visible wpb_top-to-bottom top-to-bottom wpb_start_animation animated\">\n<figure class=\"wpb_wrapper vc_figure\">\n<div class=\"vc_single_image-wrapper\"><img decoding=\"async\" src=\"https:\/\/multicredit.ch\/wp\/wp-content\/uploads\/c-all.jpg\" alt=\"\" title=\"\"><\/div><figcaption>\n<h4>Cr\u00e9dits divers<\/h4>\n<p>Pour tout autre projet<\/p>\n<\/figcaption><\/figure>\n<\/div>\n<div class=\"vc_btn3-container text-center\"><a class=\"btn-circle-2\" href=\"https:\/\/www.multicredit.ch\/fr\/credit\/credits-divers\/\" title=\"Cr\u00e9dit Habitation\"><span class=\"round\">&gt;<\/span><\/a><\/div>\n<p>[\/vc_column][\/vc_row][vc_row full_width=&#8221;stretch_row&#8221; el_class=&#8221;white-bck regularpadding steps&#8221;][vc_column data_aos=&#8221;fade-in&#8221;]<\/p>\n<div class=\"blocktitle title-center title-dark\" clearfix\"><H2><span class=\"ez-toc-section\" id=\"Votre_credit_en_4_etapes\"><\/span>Votre cr\u00e9dit en 4 \u00e9tapes<\/H2><\/p>\n<h4>Simple et rapide<\/h4>\n<\/div>\n<p>[vc_row_inner equal_height=&#8221;yes&#8221;][vc_column_inner width=&#8221;1\/4&#8243;][vc_pie value=&#8221;25&#8243; label_value=&#8221;1&#8243; color=&#8221;custom&#8221; title=&#8221;Demande&#8221; custom_color=&#8221;#df003c&#8221;][vc_column_text]<\/p>\n<p style=\"text-align: center;\">Vous remplissez le formulaire de demande de cr\u00e9dit selon vos besoins.<\/p>\n<h5 style=\"text-align: center;\">2 min<\/h5>\n<p>[\/vc_column_text][\/vc_column_inner][vc_column_inner width=&#8221;1\/4&#8243;][vc_pie label_value=&#8221;2&#8243; color=&#8221;custom&#8221; title=&#8221;Proposition&#8221; custom_color=&#8221;#df003c&#8221;][vc_column_text]<\/p>\n<p style=\"text-align: center;\">Nous analysons votre demande et vous proposons une solution adapt\u00e9e \u00e0 votre profil.<\/p>\n<h5 style=\"text-align: center;\">12 heures<\/h5>\n<p>[\/vc_column_text][\/vc_column_inner][vc_column_inner width=&#8221;1\/4&#8243;][vc_pie value=&#8221;75&#8243; label_value=&#8221;3&#8243; color=&#8221;custom&#8221; title=&#8221;Signature&#8221; custom_color=&#8221;#df003c&#8221;][vc_column_text]<\/p>\n<p style=\"text-align: center;\">Une fois le contrat \u00e9tabli, il vous suffit de le signer et nous le transmettre.<\/p>\n<h5 style=\"text-align: center;\">Cette \u00e9tape d\u00e9pend de votre r\u00e9activit\u00e9.<\/h5>\n<p>[\/vc_column_text][\/vc_column_inner][vc_column_inner width=&#8221;1\/4&#8243;][vc_pie value=&#8221;100&#8243; label_value=&#8221;4&#8243; color=&#8221;custom&#8221; title=&#8221;Virement&#8221; custom_color=&#8221;#df003c&#8221;][vc_column_text]<\/p>\n<p style=\"text-align: center;\">Le montant est vir\u00e9 dans votre compte.<\/p>\n<h5 style=\"text-align: center;\">14 jours (D\u00e9lai l\u00e9gal)<\/h5>\n<p>[\/vc_column_text][\/vc_column_inner][\/vc_row_inner][\/vc_column][\/vc_row][vc_row full_width=&#8221;stretch_row&#8221; content_placement=&#8221;middle&#8221; el_class=&#8221;lightgrey-bck bigpadding checklist&#8221;][vc_column data_aos=&#8221;fade-in&#8221;]<\/p>\n<div class=\"blocktitle title-left title-dark\" clearfix\"><H3><span class=\"ez-toc-section\" id=\"Confiez-nous_la_recherche_de_votre_meilleure_offre_possible_de_credit\"><\/span>Confiez-nous la recherche de votre meilleure offre possible de cr\u00e9dit<\/H3><\/p>\n<h4>Nous cherchons toujours la meilleure offre possible pour nos clients de partout en Suisse.<\/h4>\n<\/div>\n<p>[vc_row_inner][vc_column_inner width=&#8221;1\/2&#8243;][vc_column_text]Les frais de dossier dans une <a href=\"https:\/\/multicredit.ch\/fr\/credit\/offre-credit\/\">offre de cr\u00e9dit<\/a> sont un \u00e9l\u00e9ment incontournable lors de la souscription d\u2019un cr\u00e9dit en Suisse. Bien qu&#8217;ils puissent repr\u00e9senter une charge significative, il est possible de les r\u00e9duire, voire de les supprimer, en suivant une approche strat\u00e9gique et en \u00e9tudiant les diff\u00e9rentes offres du march\u00e9. Chez Multicr\u00e9dit, nous aidons nos clients \u00e0 comprendre ces frais et \u00e0 explorer toutes les options possibles pour minimiser leur co\u00fbt total de cr\u00e9dit, afin de rendre l\u2019emprunt aussi avantageux que possible.[\/vc_column_text][vc_btn title=&#8221;D\u00e9couvrir&#8221; link=&#8221;url:https%3A%2F%2Fwww.multicredit.ch%2Ffr%2Fa-propos%2F|title:A%20propos||&#8221;][\/vc_column_inner][vc_column_inner width=&#8221;1\/2&#8243;][vc_column_text]<\/p>\n<ul>\n<li><strong>S\u00e9curit\u00e9 et confidentialit\u00e9<\/strong><\/li>\n<li><strong>Proximit\u00e9 et responsabilit\u00e9<\/strong><\/li>\n<li><strong>Prise en charge garantie en moins de 24h<\/strong><\/li>\n<li><strong>Taux inf\u00e9rieur \u00e0 la concurrence<\/strong><\/li>\n<\/ul>\n<p>[\/vc_column_text][\/vc_column_inner][\/vc_row_inner][\/vc_column][\/vc_row]<\/section>\n","protected":false},"excerpt":{"rendered":"<p>Concr\u00e9tisez votre projet simplement<\/p>\n","protected":false},"author":25,"featured_media":11770,"parent":27443,"menu_order":-9,"comment_status":"closed","ping_status":"closed","template":"template-credit.php","meta":{"inline_featured_image":false,"footnotes":"","_links_to":"","_links_to_target":""},"categories":[33],"class_list":["post-27458","page","type-page","status-publish","has-post-thumbnail","hentry","category-credit"],"_links":{"self":[{"href":"https:\/\/multicredit.ch\/fr\/wp-json\/wp\/v2\/pages\/27458","targetHints":{"allow":["GET"]}}],"collection":[{"href":"https:\/\/multicredit.ch\/fr\/wp-json\/wp\/v2\/pages"}],"about":[{"href":"https:\/\/multicredit.ch\/fr\/wp-json\/wp\/v2\/types\/page"}],"author":[{"embeddable":true,"href":"https:\/\/multicredit.ch\/fr\/wp-json\/wp\/v2\/users\/25"}],"replies":[{"embeddable":true,"href":"https:\/\/multicredit.ch\/fr\/wp-json\/wp\/v2\/comments?post=27458"}],"version-history":[{"count":5,"href":"https:\/\/multicredit.ch\/fr\/wp-json\/wp\/v2\/pages\/27458\/revisions"}],"predecessor-version":[{"id":27463,"href":"https:\/\/multicredit.ch\/fr\/wp-json\/wp\/v2\/pages\/27458\/revisions\/27463"}],"up":[{"embeddable":true,"href":"https:\/\/multicredit.ch\/fr\/wp-json\/wp\/v2\/pages\/27443"}],"wp:featuredmedia":[{"embeddable":true,"href":"https:\/\/multicredit.ch\/fr\/wp-json\/wp\/v2\/media\/11770"}],"wp:attachment":[{"href":"https:\/\/multicredit.ch\/fr\/wp-json\/wp\/v2\/media?parent=27458"}],"wp:term":[{"taxonomy":"category","embeddable":true,"href":"https:\/\/multicredit.ch\/fr\/wp-json\/wp\/v2\/categories?post=27458"}],"curies":[{"name":"wp","href":"https:\/\/api.w.org\/{rel}","templated":true}]}}