{"id":27454,"date":"2024-11-18T16:07:06","date_gmt":"2024-11-18T16:07:06","guid":{"rendered":"https:\/\/multicredit.ch\/?page_id=27454"},"modified":"2024-11-18T19:10:15","modified_gmt":"2024-11-18T19:10:15","slug":"assurances","status":"publish","type":"page","link":"https:\/\/multicredit.ch\/fr\/credit\/offre-credit\/assurances\/","title":{"rendered":"Assurances"},"content":{"rendered":"<section class=\"wpb-content-wrapper\">[vc_row full_width=&#8221;stretch_row&#8221; el_class=&#8221;white-bck bigpadding&#8221; css=&#8221;.vc_custom_1586929679182{padding-bottom: 24px !important;}&#8221;][vc_column data_aos=&#8221;fade-in&#8221;]<\/p>\n<div class=\"blocktitle title-center title-dark\" clearfix\"><H2><span class=\"ez-toc-section\" id=\"Assurances_obligatoires_pour_demander_un_credit\"><\/span>Assurances obligatoires pour demander un cr\u00e9dit<\/H2><\/div>\n<p>[vc_column_text]Lorsqu\u2019on souscrit un cr\u00e9dit en Suisse, il est important de bien comprendre les assurances qui peuvent \u00eatre n\u00e9cessaires pour prot\u00e9ger l&#8217;emprunteur et sa famille. Chez Multicr\u00e9dit, nous accompagnons nos clients en leur expliquant les diff\u00e9rentes options d&#8217;assurances afin qu&#8217;ils puissent choisir celles qui r\u00e9pondent le mieux \u00e0 leurs besoins. Voici un aper\u00e7u des principales assurances \u00e0 consid\u00e9rer lors de la souscription d\u2019un cr\u00e9dit :[\/vc_column_text][vc_column_text el_class=&#8221;pb-2 maxwidth&#8221;]<\/p>\n<h3><span class=\"ez-toc-section\" id=\"Pourquoi_choisir_Multicreditch\"><\/span>Pourquoi choisir Multicredit.ch ?<span class=\"ez-toc-section-end\"><\/span><\/h3>\n<p>Chez Multicr\u00e9dit, nous conseillons toujours \u00e0 nos clients de bien \u00e9valuer leur situation personnelle et professionnelle avant de choisir les assurances \u00e0 inclure avec leur cr\u00e9dit. Chaque type d\u2019assurance apporte un niveau de protection diff\u00e9rent, et il est crucial de trouver le bon \u00e9quilibre entre couverture et budget. Nos experts aident \u00e0 d\u00e9terminer quelles assurances sont r\u00e9ellement n\u00e9cessaires et quelles options sont adapt\u00e9es \u00e0 chaque profil d\u2019emprunteur.<\/p>\n<p>[\/vc_column_text][vc_column_text]<\/p>\n<h3><span class=\"ez-toc-section\" id=\"Nos_points_fort_ci_dessous_pour_obtenir_les_meilleures_offres_possibles_pour_nos_clients_partout_en_Suisse\"><\/span>Nos points fort ci dessous pour obtenir les meilleures offres possibles pour nos clients partout en Suisse<span class=\"ez-toc-section-end\"><\/span><\/h3>\n<p>[\/vc_column_text][\/vc_column][\/vc_row][vc_row full_width=&#8221;stretch_row&#8221; el_class=&#8221;white-bck&#8221; css=&#8221;.vc_custom_1586930817763{padding-top: 24px !important;padding-bottom: 0px !important;}&#8221;][vc_column width=&#8221;1\/2&#8243; data_aos=&#8221;fade-up&#8221; el_class=&#8221;checklist&#8221;][vc_column_text]<\/p>\n<ul>\n<li>Recevez une d\u00e9cision pr\u00e9liminaire en seulement 5 minutes, lors du premier contact t\u00e9l\u00e9phonique<\/li>\n<li>Traitement sans frais de votre demande et offre sans engagement<\/li>\n<li>Confidentialit\u00e9 garantie (nous sommes soumis au secret bancaire)<\/li>\n<li>Remboursement flexible sur 12 \u00e0 84 mois<\/li>\n<li>Mensualit\u00e9s adapt\u00e9es et baisse des int\u00e9r\u00eats<\/li>\n<li>Modalit\u00e9s (dur\u00e9e, taux, montant) flexibles et adaptables<\/li>\n<li>Remboursement de votre pr\u00eat de fa\u00e7on anticip\u00e9e \u00e0 tout moment<\/li>\n<\/ul>\n<p>[\/vc_column_text][\/vc_column][vc_column width=&#8221;1\/2&#8243; data_aos=&#8221;fade-up&#8221; data_aos_delay=&#8221;250&#8243; el_class=&#8221;checklist&#8221;][vc_column_text]<\/p>\n<ul>\n<li>Pour les Suisses et d\u00e9tenteurs de permis C, d\u00e9ductions fiscales possibles des int\u00e9r\u00eats de la dette<\/li>\n<li>D\u00e9marches simplifi\u00e9es et plus rapides que l\u2019hypoth\u00e8que et le leasing<\/li>\n<li>Prise en charge de vos d\u00e9marches administratives<\/li>\n<li>D\u00e9marches simples, rapides et discr\u00e8tes<\/li>\n<li>Constitution de votre dossier par un sp\u00e9cialiste<\/li>\n<li>Conseil personnalis\u00e9 \u00e0 domicile ou \u00e0 notre bureau<\/li>\n<\/ul>\n<p>[\/vc_column_text][\/vc_column][\/vc_row][vc_row full_width=&#8221;stretch_row&#8221; el_class=&#8221;white-bck bigpadding&#8221; css=&#8221;.vc_custom_1586929684389{padding-top: 24px !important;}&#8221;][vc_column data_aos=&#8221;fade-in&#8221;][vc_column_text el_class=&#8221;pt-2&#8243;]<\/p>\n<p style=\"text-align: center;\"><strong>Pour particuliers r\u00e9sidant en Suisse, suisses ou <a href=\"https:\/\/www.sem.admin.ch\/sem\/fr\/home\/themen\/aufenthalt\/eu_efta.html\" target=\"_blank\" rel=\"noopener\">d\u00e9tenteurs d\u2019un permis B, C ou d\u2019une carte de l\u00e9gitimation (D, E, G et H)<\/a> , augmenter vos liquidit\u00e9s est possible, faire des \u00e9conomies aussi. B\u00e9n\u00e9ficiez de l\u2019\u00e9tude individualis\u00e9e de votre projet, d\u2019une offre de pr\u00eat sur mesure tr\u00e8s rapidement.<\/strong><\/p>\n<p>Voici un aper\u00e7u des principales assurances \u00e0 consid\u00e9rer lors de l&#8217;acceptation de votre part d&#8217;une <a href=\"https:\/\/multicredit.ch\/fr\/credit\/offre-credit\/\">offre de cr\u00e9dit<\/a> :<\/p>\n<h3><span class=\"ez-toc-section\" id=\"Assurance_Deces\"><\/span>Assurance D\u00e9c\u00e8s<span class=\"ez-toc-section-end\"><\/span><\/h3>\n<p>L\u2019assurance d\u00e9c\u00e8s est essentielle pour garantir la tranquillit\u00e9 d\u2019esprit de l\u2019emprunteur et de ses proches. En cas de d\u00e9c\u00e8s, cette assurance couvre le montant restant d\u00fb sur le cr\u00e9dit, ce qui permet \u00e0 la famille de ne pas avoir \u00e0 rembourser la dette. Cette protection \u00e9vite de mettre en difficult\u00e9 financi\u00e8re les h\u00e9ritiers et assure une certaine stabilit\u00e9 en p\u00e9riode difficile.<\/p>\n<h3><span class=\"ez-toc-section\" id=\"Assurance_Perte_dEmploi\"><\/span>Assurance Perte d&#8217;Emploi<span class=\"ez-toc-section-end\"><\/span><\/h3>\n<p>L\u2019assurance perte d\u2019emploi est un filet de s\u00e9curit\u00e9 pour l\u2019emprunteur. Si celui-ci perd son emploi de mani\u00e8re involontaire (licenciement, par exemple), cette assurance prend en charge le remboursement des mensualit\u00e9s du cr\u00e9dit pendant une p\u00e9riode d\u00e9termin\u00e9e. Cette protection permet de continuer \u00e0 honorer ses engagements financiers sans risquer un endettement accru.<\/p>\n<h3><span class=\"ez-toc-section\" id=\"Assurance_Invalidite\"><\/span>Assurance Invalidit\u00e9<span class=\"ez-toc-section-end\"><\/span><\/h3>\n<p>L\u2019assurance invalidit\u00e9 offre une couverture si l\u2019emprunteur devient incapable de travailler \u00e0 la suite d\u2019un accident ou d\u2019une maladie. En fonction du degr\u00e9 d\u2019invalidit\u00e9, cette assurance peut couvrir partiellement ou totalement les mensualit\u00e9s du cr\u00e9dit. C\u2019est une protection importante qui permet de maintenir une stabilit\u00e9 financi\u00e8re en cas de perte de capacit\u00e9 de gain.<\/p>\n<h3><span class=\"ez-toc-section\" id=\"Assurance_Incapacite_de_Travail\"><\/span>Assurance Incapacit\u00e9 de Travail<span class=\"ez-toc-section-end\"><\/span><\/h3>\n<p>Cette assurance intervient si l\u2019emprunteur est temporairement dans l&#8217;incapacit\u00e9 de travailler en raison d&#8217;une maladie ou d&#8217;un accident. Elle prend en charge tout ou partie des mensualit\u00e9s du cr\u00e9dit pendant la p\u00e9riode d&#8217;incapacit\u00e9 de travail, r\u00e9duisant ainsi le stress financier et permettant \u00e0 l&#8217;emprunteur de se concentrer sur sa r\u00e9cup\u00e9ration.<\/p>\n<h3><span class=\"ez-toc-section\" id=\"Assurance_Perte_de_Gain\"><\/span>Assurance Perte de Gain<span class=\"ez-toc-section-end\"><\/span><\/h3>\n<p>L\u2019assurance perte de gain est similaire \u00e0 l&#8217;assurance incapacit\u00e9 de travail, mais elle peut \u00eatre plus \u00e9tendue selon le contrat choisi. Elle offre une prise en charge des mensualit\u00e9s de cr\u00e9dit lorsque l\u2019emprunteur ne peut plus exercer son activit\u00e9 professionnelle, que ce soit temporairement ou de mani\u00e8re permanente.<\/p>\n<h3><span class=\"ez-toc-section\" id=\"Conseils_Pratiques_pour_votre_futur_credit\"><\/span>Conseils Pratiques pour votre futur cr\u00e9dit<span class=\"ez-toc-section-end\"><\/span><\/h3>\n<ul>\n<li><strong>Comparer les offres<\/strong> : Multicr\u00e9dit vous aide \u00e0 comparer les polices d\u2019assurance propos\u00e9es par diff\u00e9rents assureurs afin de trouver le meilleur rapport qualit\u00e9-prix.<\/li>\n<li><strong>Lire les conditions g\u00e9n\u00e9rales<\/strong> : Avant de souscrire, il est important de lire attentivement les conditions g\u00e9n\u00e9rales de l\u2019assurance pour comprendre les exclusions et les limites de couverture.<\/li>\n<li><strong>Choisir une couverture adapt\u00e9e<\/strong> : \u00c9viter de sur-assurer son cr\u00e9dit peut \u00eatre tout aussi important que de s&#8217;assurer correctement. Nous conseillons \u00e0 nos clients de choisir des assurances en fonction de leur situation familiale, professionnelle et de leur \u00e9tat de sant\u00e9.<\/li>\n<\/ul>\n<p>[\/vc_column_text][\/vc_column][\/vc_row][vc_row full_width=&#8221;stretch_row&#8221; equal_height=&#8221;yes&#8221; el_class=&#8221;lightgrey-bck bigpadding flex-eq-height diagonal-top-bck one-fifth-link-bloc&#8221;][vc_column width=&#8221;1\/5&#8243; data_aos=&#8221;fade-down&#8221; data_aos_delay=&#8221;0&#8243;]<\/p>\n<div class=\"wpb_single_image wpb_content_element vc_align_center  wpb_animate_when_almost_visible wpb_top-to-bottom top-to-bottom wpb_start_animation animated\">\n<figure class=\"wpb_wrapper vc_figure\">\n<div class=\"vc_single_image-wrapper\"><img decoding=\"async\" src=\"https:\/\/multicredit.ch\/wp\/wp-content\/uploads\/c-hab.jpg\" alt=\"\" title=\"\"><\/div><figcaption>\n<h4>Cr\u00e9dit habitation<\/h4>\n<p>Financez am\u00e9nagements et habitations<\/p>\n<\/figcaption><\/figure>\n<\/div>\n<div class=\"vc_btn3-container text-center\"><a class=\"btn-circle-2\" href=\"https:\/\/www.multicredit.ch\/fr\/credit\/credit-habitation\/\" title=\"Cr\u00e9dit Habitation\"><span class=\"round\">&gt;<\/span><\/a><\/div>\n<p>[\/vc_column][vc_column width=&#8221;1\/5&#8243; data_aos=&#8221;fade-down&#8221; data_aos_delay=&#8221;50&#8243;]<\/p>\n<div class=\"wpb_single_image wpb_content_element vc_align_center  wpb_animate_when_almost_visible wpb_top-to-bottom top-to-bottom wpb_start_animation animated\">\n<figure class=\"wpb_wrapper vc_figure\">\n<div class=\"vc_single_image-wrapper\"><img decoding=\"async\" src=\"https:\/\/multicredit.ch\/wp\/wp-content\/uploads\/c-auto.jpg\" alt=\"\" title=\"\"><\/div><figcaption>\n<h4>Cr\u00e9dit auto<\/h4>\n<p>Achetez votre v\u00e9hicule \u00e0 cr\u00e9dit<\/p>\n<\/figcaption><\/figure>\n<\/div>\n<div class=\"vc_btn3-container text-center\"><a class=\"btn-circle-2\" href=\"https:\/\/www.multicredit.ch\/fr\/credit\/credit-auto\" title=\"Cr\u00e9dit Habitation\"><span class=\"round\">&gt;<\/span><\/a><\/div>\n<p>[\/vc_column][vc_column width=&#8221;1\/5&#8243; data_aos=&#8221;fade-down&#8221; data_aos_delay=&#8221;100&#8243;]<\/p>\n<div class=\"wpb_single_image wpb_content_element vc_align_center  wpb_animate_when_almost_visible wpb_top-to-bottom top-to-bottom wpb_start_animation animated\">\n<figure class=\"wpb_wrapper vc_figure\">\n<div class=\"vc_single_image-wrapper\"><img decoding=\"async\" src=\"https:\/\/multicredit.ch\/wp\/wp-content\/uploads\/c-form.jpg\" alt=\"\" title=\"\"><\/div><figcaption>\n<h4>Cr\u00e9dit formation<\/h4>\n<p>Financez vos \u00e9tudes<\/p>\n<\/figcaption><\/figure>\n<\/div>\n<div class=\"vc_btn3-container text-center\"><a class=\"btn-circle-2\" href=\"https:\/\/www.multicredit.ch\/fr\/credit\/financement-d-etudes-et-de-formations\/\" title=\"Cr\u00e9dit Habitation\"><span class=\"round\">&gt;<\/span><\/a><\/div>\n<p>[\/vc_column][vc_column width=&#8221;1\/5&#8243; data_aos=&#8221;fade-down&#8221; data_aos_delay=&#8221;150&#8243;]<\/p>\n<div class=\"wpb_single_image wpb_content_element vc_align_center  wpb_animate_when_almost_visible wpb_top-to-bottom top-to-bottom wpb_start_animation animated\">\n<figure class=\"wpb_wrapper vc_figure\">\n<div class=\"vc_single_image-wrapper\"><img decoding=\"async\" src=\"https:\/\/multicredit.ch\/wp\/wp-content\/uploads\/c-med.jpg\" alt=\"\" title=\"\"><\/div><figcaption>\n<h4>Cr\u00e9dit m\u00e9dical<\/h4>\n<p>Financez votre chirurgie et soin m\u00e9dical<\/p>\n<\/figcaption><\/figure>\n<\/div>\n<div class=\"vc_btn3-container text-center\"><a class=\"btn-circle-2\" href=\"https:\/\/www.multicredit.ch\/fr\/credit\/pret-medical\/\" title=\"Cr\u00e9dit Habitation\"><span class=\"round\">&gt;<\/span><\/a><\/div>\n<p>[\/vc_column][vc_column width=&#8221;1\/5&#8243; data_aos=&#8221;fade-down&#8221; data_aos_delay=&#8221;200&#8243;]<\/p>\n<div class=\"wpb_single_image wpb_content_element vc_align_center  wpb_animate_when_almost_visible wpb_top-to-bottom top-to-bottom wpb_start_animation animated\">\n<figure class=\"wpb_wrapper vc_figure\">\n<div class=\"vc_single_image-wrapper\"><img decoding=\"async\" src=\"https:\/\/multicredit.ch\/wp\/wp-content\/uploads\/c-all.jpg\" alt=\"\" title=\"\"><\/div><figcaption>\n<h4>Cr\u00e9dits divers<\/h4>\n<p>Pour tout autre projet<\/p>\n<\/figcaption><\/figure>\n<\/div>\n<div class=\"vc_btn3-container text-center\"><a class=\"btn-circle-2\" href=\"https:\/\/www.multicredit.ch\/fr\/credit\/credits-divers\/\" title=\"Cr\u00e9dit Habitation\"><span class=\"round\">&gt;<\/span><\/a><\/div>\n<p>[\/vc_column][\/vc_row][vc_row full_width=&#8221;stretch_row&#8221; el_class=&#8221;white-bck regularpadding steps&#8221;][vc_column data_aos=&#8221;fade-in&#8221;]<\/p>\n<div class=\"blocktitle title-center title-dark\" clearfix\"><H2><span class=\"ez-toc-section\" id=\"Votre_credit_en_4_etapes\"><\/span>Votre cr\u00e9dit en 4 \u00e9tapes<\/H2><\/p>\n<h4>Simple et rapide<\/h4>\n<\/div>\n<p>[vc_row_inner equal_height=&#8221;yes&#8221;][vc_column_inner width=&#8221;1\/4&#8243;][vc_pie value=&#8221;25&#8243; label_value=&#8221;1&#8243; color=&#8221;custom&#8221; title=&#8221;Demande&#8221; custom_color=&#8221;#df003c&#8221;][vc_column_text]<\/p>\n<p style=\"text-align: center;\">Vous remplissez le formulaire de demande de cr\u00e9dit selon vos besoins.<\/p>\n<h5 style=\"text-align: center;\">2 min<\/h5>\n<p>[\/vc_column_text][\/vc_column_inner][vc_column_inner width=&#8221;1\/4&#8243;][vc_pie label_value=&#8221;2&#8243; color=&#8221;custom&#8221; title=&#8221;Proposition&#8221; custom_color=&#8221;#df003c&#8221;][vc_column_text]<\/p>\n<p style=\"text-align: center;\">Nous analysons votre demande et vous proposons une solution adapt\u00e9e \u00e0 votre profil.<\/p>\n<h5 style=\"text-align: center;\">12 heures<\/h5>\n<p>[\/vc_column_text][\/vc_column_inner][vc_column_inner width=&#8221;1\/4&#8243;][vc_pie value=&#8221;75&#8243; label_value=&#8221;3&#8243; color=&#8221;custom&#8221; title=&#8221;Signature&#8221; custom_color=&#8221;#df003c&#8221;][vc_column_text]<\/p>\n<p style=\"text-align: center;\">Une fois le contrat \u00e9tabli, il vous suffit de le signer et nous le transmettre.<\/p>\n<h5 style=\"text-align: center;\">Cette \u00e9tape d\u00e9pend de votre r\u00e9activit\u00e9.<\/h5>\n<p>[\/vc_column_text][\/vc_column_inner][vc_column_inner width=&#8221;1\/4&#8243;][vc_pie value=&#8221;100&#8243; label_value=&#8221;4&#8243; color=&#8221;custom&#8221; title=&#8221;Virement&#8221; custom_color=&#8221;#df003c&#8221;][vc_column_text]<\/p>\n<p style=\"text-align: center;\">Le montant est vir\u00e9 dans votre compte.<\/p>\n<h5 style=\"text-align: center;\">14 jours (D\u00e9lai l\u00e9gal)<\/h5>\n<p>[\/vc_column_text][\/vc_column_inner][\/vc_row_inner][\/vc_column][\/vc_row][vc_row full_width=&#8221;stretch_row&#8221; content_placement=&#8221;middle&#8221; el_class=&#8221;lightgrey-bck bigpadding checklist&#8221;][vc_column data_aos=&#8221;fade-in&#8221;]<\/p>\n<div class=\"blocktitle title-left title-dark\" clearfix\"><H3><span class=\"ez-toc-section\" id=\"Confiez-nous_la_recherche_de_votre_meilleure_offre_possible_de_credit\"><\/span>Confiez-nous la recherche de votre meilleure offre possible de cr\u00e9dit<\/H3><\/p>\n<h4>Nous cherchons toujours la meilleure offre possible pour nos clients de partout en Suisse.<\/h4>\n<\/div>\n<p>[vc_row_inner][vc_column_inner width=&#8221;1\/2&#8243;][vc_column_text]Les assurances associ\u00e9es \u00e0 un cr\u00e9dit ne sont pas obligatoires mais fortement recommand\u00e9es pour prot\u00e9ger l\u2019emprunteur et ses proches contre les impr\u00e9vus. Chez Multicr\u00e9dit, nous nous engageons \u00e0 fournir des conseils sur mesure pour vous aider \u00e0 choisir les meilleures options d\u2019assurance pour garantir votre s\u00e9curit\u00e9 financi\u00e8re. Que ce soit pour prot\u00e9ger votre famille, vos revenus, ou votre capacit\u00e9 \u00e0 rembourser en cas de coup dur, notre \u00e9quipe est l\u00e0 pour vous guider \u00e0 chaque \u00e9tape.[\/vc_column_text][vc_btn title=&#8221;D\u00e9couvrir&#8221; link=&#8221;url:https%3A%2F%2Fwww.multicredit.ch%2Ffr%2Fa-propos%2F|title:A%20propos||&#8221;][\/vc_column_inner][vc_column_inner width=&#8221;1\/2&#8243;][vc_column_text]<\/p>\n<ul>\n<li><strong>S\u00e9curit\u00e9 et confidentialit\u00e9<\/strong><\/li>\n<li><strong>Proximit\u00e9 et responsabilit\u00e9<\/strong><\/li>\n<li><strong>Prise en charge garantie en moins de 24h<\/strong><\/li>\n<li><strong>Taux inf\u00e9rieur \u00e0 la concurrence<\/strong><\/li>\n<\/ul>\n<p>[\/vc_column_text][\/vc_column_inner][\/vc_row_inner][\/vc_column][\/vc_row]<\/section>\n","protected":false},"excerpt":{"rendered":"<p>Concr\u00e9tisez votre projet simplement<\/p>\n","protected":false},"author":25,"featured_media":11770,"parent":27443,"menu_order":-9,"comment_status":"closed","ping_status":"closed","template":"template-credit.php","meta":{"inline_featured_image":false,"footnotes":"","_links_to":"","_links_to_target":""},"categories":[33],"class_list":["post-27454","page","type-page","status-publish","has-post-thumbnail","hentry","category-credit"],"_links":{"self":[{"href":"https:\/\/multicredit.ch\/fr\/wp-json\/wp\/v2\/pages\/27454","targetHints":{"allow":["GET"]}}],"collection":[{"href":"https:\/\/multicredit.ch\/fr\/wp-json\/wp\/v2\/pages"}],"about":[{"href":"https:\/\/multicredit.ch\/fr\/wp-json\/wp\/v2\/types\/page"}],"author":[{"embeddable":true,"href":"https:\/\/multicredit.ch\/fr\/wp-json\/wp\/v2\/users\/25"}],"replies":[{"embeddable":true,"href":"https:\/\/multicredit.ch\/fr\/wp-json\/wp\/v2\/comments?post=27454"}],"version-history":[{"count":1,"href":"https:\/\/multicredit.ch\/fr\/wp-json\/wp\/v2\/pages\/27454\/revisions"}],"predecessor-version":[{"id":27455,"href":"https:\/\/multicredit.ch\/fr\/wp-json\/wp\/v2\/pages\/27454\/revisions\/27455"}],"up":[{"embeddable":true,"href":"https:\/\/multicredit.ch\/fr\/wp-json\/wp\/v2\/pages\/27443"}],"wp:featuredmedia":[{"embeddable":true,"href":"https:\/\/multicredit.ch\/fr\/wp-json\/wp\/v2\/media\/11770"}],"wp:attachment":[{"href":"https:\/\/multicredit.ch\/fr\/wp-json\/wp\/v2\/media?parent=27454"}],"wp:term":[{"taxonomy":"category","embeddable":true,"href":"https:\/\/multicredit.ch\/fr\/wp-json\/wp\/v2\/categories?post=27454"}],"curies":[{"name":"wp","href":"https:\/\/api.w.org\/{rel}","templated":true}]}}