{"id":27450,"date":"2024-11-18T15:49:16","date_gmt":"2024-11-18T15:49:16","guid":{"rendered":"https:\/\/multicredit.ch\/?page_id=27450"},"modified":"2024-11-18T19:12:04","modified_gmt":"2024-11-18T19:12:04","slug":"taux-interet","status":"publish","type":"page","link":"https:\/\/multicredit.ch\/fr\/credit\/offre-credit\/taux-interet\/","title":{"rendered":"Taux int\u00e9r\u00eat"},"content":{"rendered":"<section class=\"wpb-content-wrapper\">[vc_row full_width=&#8221;stretch_row&#8221; el_class=&#8221;white-bck bigpadding&#8221; css=&#8221;.vc_custom_1586929679182{padding-bottom: 24px !important;}&#8221;][vc_column data_aos=&#8221;fade-in&#8221;]<\/p>\n<div class=\"blocktitle title-center title-dark\" clearfix\"><H2><span class=\"ez-toc-section\" id=\"Taux_interets_credit_en_Suisse\"><\/span>Taux int\u00e9r\u00eats cr\u00e9dit en Suisse<\/H2><\/div>\n<p>[vc_column_text]Chez Multcredit.ch, nous comprenons que trouver le meilleur taux d&#8217;int\u00e9r\u00eat pour un cr\u00e9dit priv\u00e9 est essentiel pour nos clients. C&#8217;est pourquoi notre \u00e9quipe met tout en \u0153uvre pour assurer une recherche minutieuse et personnalis\u00e9e pour avoir la <a href=\"https:\/\/multicredit.ch\/fr\/credit\/offre-credit\/\">meilleure offre de cr\u00e9dit possible<\/a>. Nos experts prennent le temps d&#8217;analyser le profil de chaque client afin de d\u00e9terminer les solutions de financement les plus avantageuses sur le march\u00e9.[\/vc_column_text][vc_column_text el_class=&#8221;pb-2 maxwidth&#8221;]<\/p>\n<h3><span class=\"ez-toc-section\" id=\"Pourquoi_choisir_Multicreditch\"><\/span>Pourquoi choisir Multicredit.ch ?<span class=\"ez-toc-section-end\"><\/span><\/h3>\n<p>Notre objectif est clair : vous accompagner tout au long du processus, de la premi\u00e8re consultation jusqu&#8217;\u00e0 l&#8217;approbation de votre demande, avec transparence et efficacit\u00e9. Chez Multcredit.ch, vous avez l&#8217;assurance d&#8217;un service de qualit\u00e9, ax\u00e9 sur vos besoins et vos priorit\u00e9s. Nous faisons de la recherche du meilleur taux d&#8217;int\u00e9r\u00eat notre mission, afin que vous puissiez emprunter en toute s\u00e9r\u00e9nit\u00e9.<\/p>\n<p>Nous collaborons avec un vaste r\u00e9seau de partenaires financiers, ce qui nous permet de comparer les offres et de n\u00e9gocier des conditions optimales. Gr\u00e2ce \u00e0 notre expertise et \u00e0 notre engagement, nous d\u00e9cryptons les subtilit\u00e9s des contrats de cr\u00e9dit pour que vous puissiez profiter des meilleurs taux disponibles, r\u00e9duisant ainsi vos co\u00fbts totaux d&#8217;emprunt.[\/vc_column_text][vc_column_text]<\/p>\n<h3><span class=\"ez-toc-section\" id=\"Nos_points_fort_ci_dessous_pour_obtenir_les_meilleures_offres_possibles_pour_nos_clients_partout_en_Suisse\"><\/span>Nos points fort ci dessous pour obtenir les meilleures offres possibles pour nos clients partout en Suisse<span class=\"ez-toc-section-end\"><\/span><\/h3>\n<p>[\/vc_column_text][\/vc_column][\/vc_row][vc_row full_width=&#8221;stretch_row&#8221; el_class=&#8221;white-bck&#8221; css=&#8221;.vc_custom_1586930817763{padding-top: 24px !important;padding-bottom: 0px !important;}&#8221;][vc_column width=&#8221;1\/2&#8243; data_aos=&#8221;fade-up&#8221; el_class=&#8221;checklist&#8221;][vc_column_text]<\/p>\n<ul>\n<li>Recevez une d\u00e9cision pr\u00e9liminaire en seulement 5 minutes, lors du premier contact t\u00e9l\u00e9phonique<\/li>\n<li>Traitement sans frais de votre demande et offre sans engagement<\/li>\n<li>Confidentialit\u00e9 garantie (nous sommes soumis au secret bancaire)<\/li>\n<li>Remboursement flexible sur 12 \u00e0 84 mois<\/li>\n<li>Mensualit\u00e9s adapt\u00e9es et baisse des int\u00e9r\u00eats<\/li>\n<li>Modalit\u00e9s (dur\u00e9e, taux, montant) flexibles et adaptables<\/li>\n<li>Remboursement de votre pr\u00eat de fa\u00e7on anticip\u00e9e \u00e0 tout moment<\/li>\n<\/ul>\n<p>[\/vc_column_text][\/vc_column][vc_column width=&#8221;1\/2&#8243; data_aos=&#8221;fade-up&#8221; data_aos_delay=&#8221;250&#8243; el_class=&#8221;checklist&#8221;][vc_column_text]<\/p>\n<ul>\n<li>Pour les Suisses et d\u00e9tenteurs de permis C, d\u00e9ductions fiscales possibles des int\u00e9r\u00eats de la dette<\/li>\n<li>D\u00e9marches simplifi\u00e9es et plus rapides que l\u2019hypoth\u00e8que et le leasing<\/li>\n<li>Prise en charge de vos d\u00e9marches administratives<\/li>\n<li>D\u00e9marches simples, rapides et discr\u00e8tes<\/li>\n<li>Constitution de votre dossier par un sp\u00e9cialiste<\/li>\n<li>Conseil personnalis\u00e9 \u00e0 domicile ou \u00e0 notre bureau<\/li>\n<\/ul>\n<p>[\/vc_column_text][\/vc_column][\/vc_row][vc_row full_width=&#8221;stretch_row&#8221; el_class=&#8221;white-bck bigpadding&#8221; css=&#8221;.vc_custom_1586929684389{padding-top: 24px !important;}&#8221;][vc_column data_aos=&#8221;fade-in&#8221;][vc_column_text el_class=&#8221;pt-2&#8243;]<\/p>\n<p style=\"text-align: center;\"><strong>Pour particuliers r\u00e9sidant en Suisse, suisses ou <a href=\"https:\/\/www.sem.admin.ch\/sem\/fr\/home\/themen\/aufenthalt\/eu_efta.html\" target=\"_blank\" rel=\"noopener\">d\u00e9tenteurs d\u2019un permis B, C ou d\u2019une carte de l\u00e9gitimation (D, E, G et H)<\/a> , augmenter vos liquidit\u00e9s est possible, faire des \u00e9conomies aussi. B\u00e9n\u00e9ficiez de l\u2019\u00e9tude individualis\u00e9e de votre projet, d\u2019une offre de pr\u00eat sur mesure tr\u00e8s rapidement.<\/strong><\/p>\n<h3><span class=\"ez-toc-section\" id=\"Un_Service_Centre_sur_Vous\"><\/span>Un Service Centr\u00e9 sur Vous<span class=\"ez-toc-section-end\"><\/span><\/h3>\n<p>Lorsque vous faites appel \u00e0 Multcredit.ch, vous \u00eates assur\u00e9 de recevoir un service centr\u00e9 sur vos besoins sp\u00e9cifiques. Nous commen\u00e7ons par \u00e9couter et comprendre votre situation financi\u00e8re, vos objectifs et vos attentes. Cette phase de consultation nous permet de b\u00e2tir un dossier solide qui correspond parfaitement \u00e0 votre profil et \u00e0 vos exigences.<\/p>\n<h3><span class=\"ez-toc-section\" id=\"Un_Reseau_Etendu_de_Partenaires\"><\/span>Un R\u00e9seau \u00c9tendu de Partenaires<span class=\"ez-toc-section-end\"><\/span><\/h3>\n<p>Notre force r\u00e9side dans notre capacit\u00e9 \u00e0 acc\u00e9der \u00e0 un vaste r\u00e9seau de partenaires financiers, allant des grandes institutions bancaires aux organismes sp\u00e9cialis\u00e9s. Gr\u00e2ce \u00e0 cette diversit\u00e9, nous avons la possibilit\u00e9 de comparer un large \u00e9ventail d\u2019offres et de conditions, ce qui nous permet de s\u00e9lectionner celles qui offrent les meilleurs taux d&#8217;int\u00e9r\u00eat et avantages pour vous.<\/p>\n<h3><span class=\"ez-toc-section\" id=\"Une_Analyse_Approfondie_pour_des_Resultats_Optimums\"><\/span>Une Analyse Approfondie pour des R\u00e9sultats Optimums<span class=\"ez-toc-section-end\"><\/span><\/h3>\n<p>L&#8217;\u00e9quipe de Multcredit.ch utilise des outils avanc\u00e9s et une expertise pointue pour analyser chaque d\u00e9tail des offres de cr\u00e9dit. Nous tenons compte de divers \u00e9l\u00e9ments, tels que le montant emprunt\u00e9, la dur\u00e9e du pr\u00eat, les frais annexes et la flexibilit\u00e9 des remboursements, pour n\u00e9gocier des conditions qui all\u00e8gent votre budget. Chaque d\u00e9tail est scrut\u00e9 afin de maximiser vos avantages et de r\u00e9duire vos co\u00fbts d&#8217;emprunt.<\/p>\n<h3><span class=\"ez-toc-section\" id=\"Des_Negociations_Strategies_et_Transparents\"><\/span>Des N\u00e9gociations Strat\u00e9gies et Transparents<span class=\"ez-toc-section-end\"><\/span><\/h3>\n<p>Notre \u00e9quipe est proactive et n\u00e9gocie en votre nom pour obtenir les conditions les plus comp\u00e9titives du march\u00e9. Cette \u00e9tape est cruciale, car un bon taux d&#8217;int\u00e9r\u00eat peut faire toute la diff\u00e9rence sur le co\u00fbt global de votre cr\u00e9dit. Nos experts n\u00e9gocient avec une transparence totale, en vous tenant inform\u00e9 \u00e0 chaque \u00e9tape du processus. Vous \u00eates donc toujours au courant des avanc\u00e9es et des choix qui s\u2019offrent \u00e0 vous.<\/p>\n<h3><span class=\"ez-toc-section\" id=\"Accompagnement_Personnalise_et_Suivi_pour_votre_credit\"><\/span>Accompagnement Personnalis\u00e9 et Suivi pour votre cr\u00e9dit<span class=\"ez-toc-section-end\"><\/span><\/h3>\n<p>Chez Multcredit.ch, nous ne nous contentons pas de trouver le meilleur taux : nous vous accompagnons tout au long du processus, de la soumission de votre demande \u00e0 l\u2019obtention des fonds. Notre mission est de rendre cette exp\u00e9rience fluide et rassurante. Nous nous chargeons des formalit\u00e9s administratives, vous \u00e9vitant ainsi le stress et les complications. De plus, nous restons disponibles pour r\u00e9pondre \u00e0 toutes vos questions, m\u00eame apr\u00e8s l\u2019approbation de votre cr\u00e9dit, pour un suivi efficace et un soutien continu.[\/vc_column_text][\/vc_column][\/vc_row][vc_row full_width=&#8221;stretch_row&#8221; equal_height=&#8221;yes&#8221; el_class=&#8221;lightgrey-bck bigpadding flex-eq-height diagonal-top-bck one-fifth-link-bloc&#8221;][vc_column width=&#8221;1\/5&#8243; data_aos=&#8221;fade-down&#8221; data_aos_delay=&#8221;0&#8243;]<\/p>\n<div class=\"wpb_single_image wpb_content_element vc_align_center  wpb_animate_when_almost_visible wpb_top-to-bottom top-to-bottom wpb_start_animation animated\">\n<figure class=\"wpb_wrapper vc_figure\">\n<div class=\"vc_single_image-wrapper\"><img decoding=\"async\" src=\"https:\/\/multicredit.ch\/wp\/wp-content\/uploads\/c-hab.jpg\" alt=\"\" title=\"\"><\/div><figcaption>\n<h4>Cr\u00e9dit habitation<\/h4>\n<p>Financez am\u00e9nagements et habitations<\/p>\n<\/figcaption><\/figure>\n<\/div>\n<div class=\"vc_btn3-container text-center\"><a class=\"btn-circle-2\" href=\"https:\/\/www.multicredit.ch\/fr\/credit\/credit-habitation\/\" title=\"Cr\u00e9dit Habitation\"><span class=\"round\">&gt;<\/span><\/a><\/div>\n<p>[\/vc_column][vc_column width=&#8221;1\/5&#8243; data_aos=&#8221;fade-down&#8221; data_aos_delay=&#8221;50&#8243;]<\/p>\n<div class=\"wpb_single_image wpb_content_element vc_align_center  wpb_animate_when_almost_visible wpb_top-to-bottom top-to-bottom wpb_start_animation animated\">\n<figure class=\"wpb_wrapper vc_figure\">\n<div class=\"vc_single_image-wrapper\"><img decoding=\"async\" src=\"https:\/\/multicredit.ch\/wp\/wp-content\/uploads\/c-auto.jpg\" alt=\"\" title=\"\"><\/div><figcaption>\n<h4>Cr\u00e9dit auto<\/h4>\n<p>Achetez votre v\u00e9hicule \u00e0 cr\u00e9dit<\/p>\n<\/figcaption><\/figure>\n<\/div>\n<div class=\"vc_btn3-container text-center\"><a class=\"btn-circle-2\" href=\"https:\/\/www.multicredit.ch\/fr\/credit\/credit-auto\" title=\"Cr\u00e9dit Habitation\"><span class=\"round\">&gt;<\/span><\/a><\/div>\n<p>[\/vc_column][vc_column width=&#8221;1\/5&#8243; data_aos=&#8221;fade-down&#8221; data_aos_delay=&#8221;100&#8243;]<\/p>\n<div class=\"wpb_single_image wpb_content_element vc_align_center  wpb_animate_when_almost_visible wpb_top-to-bottom top-to-bottom wpb_start_animation animated\">\n<figure class=\"wpb_wrapper vc_figure\">\n<div class=\"vc_single_image-wrapper\"><img decoding=\"async\" src=\"https:\/\/multicredit.ch\/wp\/wp-content\/uploads\/c-form.jpg\" alt=\"\" title=\"\"><\/div><figcaption>\n<h4>Cr\u00e9dit formation<\/h4>\n<p>Financez vos \u00e9tudes<\/p>\n<\/figcaption><\/figure>\n<\/div>\n<div class=\"vc_btn3-container text-center\"><a class=\"btn-circle-2\" href=\"https:\/\/www.multicredit.ch\/fr\/credit\/financement-d-etudes-et-de-formations\/\" title=\"Cr\u00e9dit Habitation\"><span class=\"round\">&gt;<\/span><\/a><\/div>\n<p>[\/vc_column][vc_column width=&#8221;1\/5&#8243; data_aos=&#8221;fade-down&#8221; data_aos_delay=&#8221;150&#8243;]<\/p>\n<div class=\"wpb_single_image wpb_content_element vc_align_center  wpb_animate_when_almost_visible wpb_top-to-bottom top-to-bottom wpb_start_animation animated\">\n<figure class=\"wpb_wrapper vc_figure\">\n<div class=\"vc_single_image-wrapper\"><img decoding=\"async\" src=\"https:\/\/multicredit.ch\/wp\/wp-content\/uploads\/c-med.jpg\" alt=\"\" title=\"\"><\/div><figcaption>\n<h4>Cr\u00e9dit m\u00e9dical<\/h4>\n<p>Financez votre chirurgie et soin m\u00e9dical<\/p>\n<\/figcaption><\/figure>\n<\/div>\n<div class=\"vc_btn3-container text-center\"><a class=\"btn-circle-2\" href=\"https:\/\/www.multicredit.ch\/fr\/credit\/pret-medical\/\" title=\"Cr\u00e9dit Habitation\"><span class=\"round\">&gt;<\/span><\/a><\/div>\n<p>[\/vc_column][vc_column width=&#8221;1\/5&#8243; data_aos=&#8221;fade-down&#8221; data_aos_delay=&#8221;200&#8243;]<\/p>\n<div class=\"wpb_single_image wpb_content_element vc_align_center  wpb_animate_when_almost_visible wpb_top-to-bottom top-to-bottom wpb_start_animation animated\">\n<figure class=\"wpb_wrapper vc_figure\">\n<div class=\"vc_single_image-wrapper\"><img decoding=\"async\" src=\"https:\/\/multicredit.ch\/wp\/wp-content\/uploads\/c-all.jpg\" alt=\"\" title=\"\"><\/div><figcaption>\n<h4>Cr\u00e9dits divers<\/h4>\n<p>Pour tout autre projet<\/p>\n<\/figcaption><\/figure>\n<\/div>\n<div class=\"vc_btn3-container text-center\"><a class=\"btn-circle-2\" href=\"https:\/\/www.multicredit.ch\/fr\/credit\/credits-divers\/\" title=\"Cr\u00e9dit Habitation\"><span class=\"round\">&gt;<\/span><\/a><\/div>\n<p>[\/vc_column][\/vc_row][vc_row full_width=&#8221;stretch_row&#8221; el_class=&#8221;white-bck regularpadding steps&#8221;][vc_column data_aos=&#8221;fade-in&#8221;]<\/p>\n<div class=\"blocktitle title-center title-dark\" clearfix\"><H2><span class=\"ez-toc-section\" id=\"Votre_credit_en_4_etapes\"><\/span>Votre cr\u00e9dit en 4 \u00e9tapes<\/H2><\/p>\n<h4>Simple et rapide<\/h4>\n<\/div>\n<p>[vc_row_inner equal_height=&#8221;yes&#8221;][vc_column_inner width=&#8221;1\/4&#8243;][vc_pie value=&#8221;25&#8243; label_value=&#8221;1&#8243; color=&#8221;custom&#8221; title=&#8221;Demande&#8221; custom_color=&#8221;#df003c&#8221;][vc_column_text]<\/p>\n<p style=\"text-align: center;\">Vous remplissez le formulaire de demande de cr\u00e9dit selon vos besoins.<\/p>\n<h5 style=\"text-align: center;\">2 min<\/h5>\n<p>[\/vc_column_text][\/vc_column_inner][vc_column_inner width=&#8221;1\/4&#8243;][vc_pie label_value=&#8221;2&#8243; color=&#8221;custom&#8221; title=&#8221;Proposition&#8221; custom_color=&#8221;#df003c&#8221;][vc_column_text]<\/p>\n<p style=\"text-align: center;\">Nous analysons votre demande et vous proposons une solution adapt\u00e9e \u00e0 votre profil.<\/p>\n<h5 style=\"text-align: center;\">12 heures<\/h5>\n<p>[\/vc_column_text][\/vc_column_inner][vc_column_inner width=&#8221;1\/4&#8243;][vc_pie value=&#8221;75&#8243; label_value=&#8221;3&#8243; color=&#8221;custom&#8221; title=&#8221;Signature&#8221; custom_color=&#8221;#df003c&#8221;][vc_column_text]<\/p>\n<p style=\"text-align: center;\">Une fois le contrat \u00e9tabli, il vous suffit de le signer et nous le transmettre.<\/p>\n<h5 style=\"text-align: center;\">Cette \u00e9tape d\u00e9pend de votre r\u00e9activit\u00e9.<\/h5>\n<p>[\/vc_column_text][\/vc_column_inner][vc_column_inner width=&#8221;1\/4&#8243;][vc_pie value=&#8221;100&#8243; label_value=&#8221;4&#8243; color=&#8221;custom&#8221; title=&#8221;Virement&#8221; custom_color=&#8221;#df003c&#8221;][vc_column_text]<\/p>\n<p style=\"text-align: center;\">Le montant est vir\u00e9 dans votre compte.<\/p>\n<h5 style=\"text-align: center;\">14 jours (D\u00e9lai l\u00e9gal)<\/h5>\n<p>[\/vc_column_text][\/vc_column_inner][\/vc_row_inner][\/vc_column][\/vc_row][vc_row full_width=&#8221;stretch_row&#8221; content_placement=&#8221;middle&#8221; el_class=&#8221;lightgrey-bck bigpadding checklist&#8221;][vc_column data_aos=&#8221;fade-in&#8221;]<\/p>\n<div class=\"blocktitle title-left title-dark\" clearfix\"><H3><span class=\"ez-toc-section\" id=\"Confiez-nous_la_recherche_de_votre_meilleure_offre_possible_de_credit\"><\/span>Confiez-nous la recherche de votre meilleure offre possible de cr\u00e9dit<\/H3><\/p>\n<h4>Nous cherchons toujours la meilleure offre possible pour nos clients de partout en Suisse.<\/h4>\n<\/div>\n<p>[vc_row_inner][vc_column_inner width=&#8221;1\/2&#8243;][vc_column_text]<\/p>\n<h3><span class=\"ez-toc-section\" id=\"Des_Resultats_Concrets\"><\/span>Des R\u00e9sultats Concrets<span class=\"ez-toc-section-end\"><\/span><\/h3>\n<p>Gr\u00e2ce \u00e0 notre expertise et \u00e0 notre engagement, nos clients b\u00e9n\u00e9ficient r\u00e9guli\u00e8rement de taux d\u2019int\u00e9r\u00eat plus bas que la moyenne du march\u00e9. Cette \u00e9conomie substantielle sur la dur\u00e9e du cr\u00e9dit permet \u00e0 nos clients de r\u00e9aliser leurs projets tout en pr\u00e9servant leur stabilit\u00e9 financi\u00e8re.<\/p>\n<h3><span class=\"ez-toc-section\" id=\"La_Satisfaction_au_Coeur_de_Notre_Demarche\"><\/span>La Satisfaction au C\u0153ur de Notre D\u00e9marche<span class=\"ez-toc-section-end\"><\/span><\/h3>\n<p>Nous sommes conscients que la confiance se gagne et que la satisfaction client est notre meilleure publicit\u00e9. C\u2019est pourquoi nous mettons tout en \u0153uvre pour d\u00e9passer vos attentes. Votre succ\u00e8s est notre succ\u00e8s, et chez Multcredit.ch, nous nous engageons \u00e0 vous offrir une exp\u00e9rience transparente, avantageuse et adapt\u00e9e \u00e0 vos besoins.<\/p>\n<p>En choisissant Multcredit.ch, vous faites le choix d\u2019un partenaire de confiance qui s\u2019investit pleinement pour trouver le meilleur taux d\u2019int\u00e9r\u00eat pour votre cr\u00e9dit priv\u00e9. Notre \u00e9quipe se consacre \u00e0 rendre votre d\u00e9marche simple, rapide et financi\u00e8rement avantageuse, pour que vous puissiez emprunter en toute s\u00e9r\u00e9nit\u00e9 et avec l\u2019assurance d\u2019avoir fait le bon choix.[\/vc_column_text][vc_btn title=&#8221;D\u00e9couvrir&#8221; link=&#8221;url:https%3A%2F%2Fwww.multicredit.ch%2Ffr%2Fa-propos%2F|title:A%20propos||&#8221;][\/vc_column_inner][vc_column_inner width=&#8221;1\/2&#8243;][vc_column_text]<\/p>\n<ul>\n<li><strong>S\u00e9curit\u00e9 et confidentialit\u00e9<\/strong><\/li>\n<li><strong>Proximit\u00e9 et responsabilit\u00e9<\/strong><\/li>\n<li><strong>Prise en charge garantie en moins de 24h<\/strong><\/li>\n<li><strong>Taux inf\u00e9rieur \u00e0 la concurrence<\/strong><\/li>\n<\/ul>\n<p>[\/vc_column_text][\/vc_column_inner][\/vc_row_inner][\/vc_column][\/vc_row]<\/section>\n","protected":false},"excerpt":{"rendered":"<p>Concr\u00e9tisez votre projet simplement<\/p>\n","protected":false},"author":25,"featured_media":11770,"parent":27443,"menu_order":-9,"comment_status":"closed","ping_status":"closed","template":"template-credit.php","meta":{"inline_featured_image":false,"footnotes":"","_links_to":"","_links_to_target":""},"categories":[33],"class_list":["post-27450","page","type-page","status-publish","has-post-thumbnail","hentry","category-credit"],"_links":{"self":[{"href":"https:\/\/multicredit.ch\/fr\/wp-json\/wp\/v2\/pages\/27450","targetHints":{"allow":["GET"]}}],"collection":[{"href":"https:\/\/multicredit.ch\/fr\/wp-json\/wp\/v2\/pages"}],"about":[{"href":"https:\/\/multicredit.ch\/fr\/wp-json\/wp\/v2\/types\/page"}],"author":[{"embeddable":true,"href":"https:\/\/multicredit.ch\/fr\/wp-json\/wp\/v2\/users\/25"}],"replies":[{"embeddable":true,"href":"https:\/\/multicredit.ch\/fr\/wp-json\/wp\/v2\/comments?post=27450"}],"version-history":[{"count":5,"href":"https:\/\/multicredit.ch\/fr\/wp-json\/wp\/v2\/pages\/27450\/revisions"}],"predecessor-version":[{"id":27457,"href":"https:\/\/multicredit.ch\/fr\/wp-json\/wp\/v2\/pages\/27450\/revisions\/27457"}],"up":[{"embeddable":true,"href":"https:\/\/multicredit.ch\/fr\/wp-json\/wp\/v2\/pages\/27443"}],"wp:featuredmedia":[{"embeddable":true,"href":"https:\/\/multicredit.ch\/fr\/wp-json\/wp\/v2\/media\/11770"}],"wp:attachment":[{"href":"https:\/\/multicredit.ch\/fr\/wp-json\/wp\/v2\/media?parent=27450"}],"wp:term":[{"taxonomy":"category","embeddable":true,"href":"https:\/\/multicredit.ch\/fr\/wp-json\/wp\/v2\/categories?post=27450"}],"curies":[{"name":"wp","href":"https:\/\/api.w.org\/{rel}","templated":true}]}}