{"id":27443,"date":"2024-11-07T13:11:12","date_gmt":"2024-11-07T13:11:12","guid":{"rendered":"https:\/\/multicredit.ch\/?page_id=27443"},"modified":"2026-03-10T15:56:20","modified_gmt":"2026-03-10T15:56:20","slug":"offre-credit","status":"publish","type":"page","link":"https:\/\/multicredit.ch\/fr\/credit\/offre-credit\/","title":{"rendered":"Offre de Cr\u00e9dit : Avoir les meilleures offres"},"content":{"rendered":"<section class=\"wpb-content-wrapper\">[vc_row full_width=&#8221;stretch_row&#8221; el_class=&#8221;white-bck bigpadding&#8221; css=&#8221;.vc_custom_1586929679182{padding-bottom: 24px !important;}&#8221;][vc_column data_aos=&#8221;fade-in&#8221;]<\/p>\n<div class=\"blocktitle title-center title-dark\" clearfix\"><H2><span class=\"ez-toc-section\" id=\"La_meilleure_offre_de_credit_avec_nous_maintenant\"><\/span>La meilleure offre de cr\u00e9dit avec nous maintenant !<\/H2><\/div>\n<p>[vc_column_text]Vous avez d\u00e9j\u00e0 fait l&#8217;exp\u00e9rience de demander un cr\u00e9dit en Suisse par le pass\u00e9 et recherchez une solution adapt\u00e9e, durable et s\u00e9curis\u00e9e pour vos projets futurs avec un <a href=\"https:\/\/multicredit.ch\/fr\/credit\/offre-credit\/taux-interet\/\">taux de cr\u00e9dit int\u00e9ressant<\/a> ? Chez MultiCredit, nous comprenons que vos attentes \u00e9voluent avec le temps et que vos priorit\u00e9s sont claires : un service transparent, des r\u00e9ponses pr\u00e9cises et une gestion efficace de votre dossier pour obtenir la meilleure offre possible pour votre cr\u00e9dit. <a href=\"https:\/\/multicredit.ch\/fr\/credit\/simulateur\/\">Tester notre simulateur de cr\u00e9dit<\/a> maintenant !<\/p>\n<p>Obtenir un cr\u00e9dit avec un <strong>taux avantageux<\/strong> d\u00e9pend principalement de <strong>votre solvabilit\u00e9, votre gestion financi\u00e8re et la qualit\u00e9 de votre dossier<\/strong>. Voici les \u00e9tapes cl\u00e9s pour optimiser votre demande et maximiser vos chances d\u2019acceptation avec les <strong>meilleures conditions possibles<\/strong>.<\/p>\n<hr \/>\n<h2><span class=\"ez-toc-section\" id=\"Preparer_un_Dossier_Financier_Solide\"><\/span><strong>Pr\u00e9parer un Dossier Financier Solide<\/strong><span class=\"ez-toc-section-end\"><\/span><\/h2>\n<p>Les \u00e9tablissements pr\u00eateurs analysent plusieurs \u00e9l\u00e9ments pour \u00e9valuer votre capacit\u00e9 de remboursement. Pour renforcer votre cr\u00e9dibilit\u00e9 :<\/p>\n<p>\u2705 <strong>Un emploi stable<\/strong> : \u00eatre en CDI ou fonctionnaire est un atout majeur. Pour les ind\u00e9pendants, un historique de revenus stables sur <strong>2 \u00e0 3 ans<\/strong> est recommand\u00e9.<br \/>\n\u2705 <strong>Un revenu suffisant<\/strong> : assurez-vous que votre <strong>taux d\u2019endettement reste sous les 33%<\/strong> de vos revenus nets.<br \/>\n\u2705 <strong>Avoir un historique bancaire irr\u00e9prochable<\/strong> : \u00e9vitez les d\u00e9couverts et montrez une gestion saine de votre compte.<br \/>\n\u2705 <strong>Un extrait de poursuites vierge<\/strong> : demandez un extrait du registre des poursuites pour v\u00e9rifier qu\u2019aucune dette impay\u00e9e n\u2019appara\u00eet.<\/p>\n<p><strong>\ud83d\udccc Astuce :<\/strong> Si vous avez des dettes en cours, essayez de les rembourser avant de faire une nouvelle demande.<\/p>\n<hr \/>\n<h2><span class=\"ez-toc-section\" id=\"Ameliorer_son_Score_de_Credit\"><\/span><strong>Am\u00e9liorer son Score de Cr\u00e9dit<\/strong><span class=\"ez-toc-section-end\"><\/span><\/h2>\n<p>Votre <strong>cote de cr\u00e9dit<\/strong> (aussi appel\u00e9e <strong>scoring bancaire<\/strong>) influence fortement les taux propos\u00e9s par les banques. Pour l\u2019am\u00e9liorer :<\/p>\n<p>\u2714 <strong>Remboursez vos cr\u00e9dits en cours<\/strong> avant d\u2019en contracter un nouveau.<br \/>\n\u2714 <strong>\u00c9vitez de multiplier les demandes de cr\u00e9dit en m\u00eame temps<\/strong>, cela peut signaler un besoin urgent d\u2019argent et \u00eatre un signal d\u2019alerte pour les banques.<br \/>\n\u2714 <strong>N&#8217;utilisez pas trop votre carte de cr\u00e9dit<\/strong> : un solde \u00e9lev\u00e9 chaque mois peut \u00eatre per\u00e7u comme un signe de surendettement.<br \/>\n\u2714 <strong>Gardez une bonne \u00e9pargne<\/strong> : avoir des \u00e9conomies prouve que vous savez g\u00e9rer vos finances.<\/p>\n<p><strong>\ud83d\udccc Astuce :<\/strong> Commandez votre <strong>extrait de cr\u00e9dit ZEK<\/strong> (Zentralstelle f\u00fcr Kreditinformation) pour voir votre notation avant de d\u00e9poser une demande.<\/p>\n<hr \/>\n<h2><span class=\"ez-toc-section\" id=\"Choisir_le_Bon_Montant_et_la_Bonne_Duree\"><\/span><strong>Choisir le Bon Montant et la Bonne Dur\u00e9e<\/strong><span class=\"ez-toc-section-end\"><\/span><\/h2>\n<p>\ud83d\udca1 <strong>\u00c9vitez de demander un montant trop \u00e9lev\u00e9<\/strong> : plus le pr\u00eat est important, plus la banque est r\u00e9ticente \u00e0 l\u2019accorder.<br \/>\n\ud83d\udca1 <strong>Optez pour une dur\u00e9e raisonnable<\/strong> : un pr\u00eat sur <strong>48 \u00e0 60 mois<\/strong> peut offrir un bon compromis entre mensualit\u00e9s faibles et co\u00fbt total r\u00e9duit.<\/p>\n<p><strong>\ud83d\udccc Astuce :<\/strong> Simulez plusieurs sc\u00e9narios avant de faire votre demande pour trouver l\u2019option qui maximise vos chances d\u2019acceptation.<\/p>\n<hr \/>\n<h2><span class=\"ez-toc-section\" id=\"Fournir_des_Garanties_Supplementaires\"><\/span><strong>Fournir des Garanties Suppl\u00e9mentaires<\/strong><span class=\"ez-toc-section-end\"><\/span><\/h2>\n<p>Plus vous rassurez l\u2019organisme pr\u00eateur, plus vous obtiendrez un taux bas. Voici des strat\u00e9gies efficaces :<\/p>\n<p>\ud83d\udd39 <strong>Un co-emprunteur<\/strong> (conjoint, parent) peut rassurer la banque et am\u00e9liorer vos conditions d\u2019emprunt.<br \/>\n\ud83d\udd39 <strong>Un apport personnel<\/strong> (10-20% du montant emprunt\u00e9) prouve votre engagement et r\u00e9duit le risque pour la banque.<br \/>\n\ud83d\udd39 <strong>Des revenus annexes<\/strong> (loyers per\u00e7us, revenus d\u2019investissement) peuvent renforcer votre dossier.<\/p>\n<hr \/>\n<h2><span class=\"ez-toc-section\" id=\"Justifier_LUtilisation_du_Credit\"><\/span><strong>Justifier L\u2019Utilisation du Cr\u00e9dit<\/strong><span class=\"ez-toc-section-end\"><\/span><\/h2>\n<p>Les banques pr\u00e9f\u00e8rent financer des projets concrets avec un impact positif sur votre situation financi\u00e8re.<br \/>\n\u2714 Un <strong>pr\u00eat immobilier<\/strong> est mieux per\u00e7u qu\u2019un cr\u00e9dit \u00e0 la consommation.<br \/>\n\u2714 Un <strong>rachat de cr\u00e9dit<\/strong> pour optimiser votre endettement est une bonne justification.<br \/>\n\u2714 Un <strong>financement d\u2019un v\u00e9hicule pour un usage professionnel<\/strong> peut \u00eatre un argument favorable.<\/p>\n<p><strong>\ud83d\udccc Astuce :<\/strong> \u00c9vitez d\u2019indiquer une destination vague comme &#8220;besoin de liquidit\u00e9s&#8221; qui peut inqui\u00e9ter les banques.<\/p>\n<hr \/>\n<h2><span class=\"ez-toc-section\" id=\"Passer_par_un_Courtier_en_Credit\"><\/span><strong>Passer par un Courtier en Cr\u00e9dit<\/strong><span class=\"ez-toc-section-end\"><\/span><\/h2>\n<p>Un <strong>courtier sp\u00e9cialis\u00e9<\/strong> comme <strong>MultiCredit, Lend.ch ou Cashare<\/strong> peut :<br \/>\n\ud83d\udd39 Trouver les meilleures offres en comparant plusieurs \u00e9tablissements.<br \/>\n\ud83d\udd39 N\u00e9gocier un <strong>taux plus bas<\/strong> gr\u00e2ce \u00e0 leur volume d\u2019affaires.<br \/>\n\ud83d\udd39 Vous \u00e9viter de multiplier les demandes et prot\u00e9ger votre cote de cr\u00e9dit.<\/p>\n<p><strong>\ud83d\udccc Astuce :<\/strong> Un courtier ne facture des frais que si le cr\u00e9dit est accord\u00e9.<\/p>\n<hr \/>\n<h2><span class=\"ez-toc-section\" id=\"Verifier_les_Documents_a_Fournir\"><\/span><strong>V\u00e9rifier les Documents \u00e0 Fournir<\/strong><span class=\"ez-toc-section-end\"><\/span><\/h2>\n<p>Un dossier <strong>complet et bien pr\u00e9par\u00e9<\/strong> acc\u00e9l\u00e8re le traitement et augmente vos chances d\u2019acceptation.<br \/>\n\ud83d\udccc <strong>Documents g\u00e9n\u00e9ralement demand\u00e9s :<\/strong><\/p>\n<ul>\n<li>Carte d\u2019identit\u00e9 ou permis de s\u00e9jour (B ou C pour les \u00e9trangers).<\/li>\n<li>Bulletins de salaire des 3 derniers mois.<\/li>\n<li>Dernier avis d\u2019imposition.<\/li>\n<li>Relev\u00e9s bancaires r\u00e9cents.<\/li>\n<li>Extrait du registre des poursuites.<\/li>\n<\/ul>\n<hr \/>\n<h2><span class=\"ez-toc-section\" id=\"Comparer_les_Offres_et_Negocier\"><\/span><strong>Comparer les Offres et N\u00e9gocier<\/strong><span class=\"ez-toc-section-end\"><\/span><\/h2>\n<p>M\u00eame si une banque accepte votre dossier, <strong>n\u2019acceptez pas la premi\u00e8re offre sans comparer !<\/strong><br \/>\n\u2714 Comparez les <strong>TAEG (Taux Annuel Effectif Global)<\/strong> des diff\u00e9rentes offres.<br \/>\n\u2714 V\u00e9rifiez l\u2019existence de <strong>frais cach\u00e9s<\/strong>.<br \/>\n\u2714 N\u00e9gociez le taux si vous avez une bonne solvabilit\u00e9.<\/p>\n<p><strong>\ud83d\udccc Astuce :<\/strong> Les banques en ligne offrent souvent de <strong>meilleurs taux<\/strong> que les \u00e9tablissements traditionnels.<\/p>\n<hr \/>\n<p>&nbsp;<\/p>\n<p>Pour obtenir un <strong>cr\u00e9dit au meilleur taux<\/strong>, il faut :<br \/>\n\u2705 <strong>Soigner son dossier<\/strong> (revenus stables, faible endettement, historique bancaire propre).<br \/>\n\u2705 <strong>Am\u00e9liorer son score de cr\u00e9dit<\/strong> (pas de dettes en retard, \u00e9pargne solide).<br \/>\n\u2705 <strong>Faire appel \u00e0 un courtier<\/strong> pour comparer et n\u00e9gocier les offres.<br \/>\n\u2705 <strong>\u00c9viter les demandes multiples<\/strong> qui peuvent impacter votre notation.<\/p>\n<p><strong>Un bon dossier et une approche strat\u00e9gique augmentent vos chances d\u2019acceptation et vous permettent d\u2019obtenir le taux le plus bas possible !<\/strong><\/p>\n<p>Besoin d\u2019aide pour structurer votre demande ?[\/vc_column_text][vc_column_text el_class=&#8221;pb-2 maxwidth&#8221;]<\/p>\n<h3><span class=\"ez-toc-section\" id=\"Pourquoi_choisir_Multicreditch_pour_obtenir_la_meilleure_offre_de_credit\"><\/span>Pourquoi choisir Multicredit.ch pour obtenir la meilleure\u00a0 offre de cr\u00e9dit ?<span class=\"ez-toc-section-end\"><\/span><\/h3>\n<ul>\n<li><strong>Durabilit\u00e9<\/strong> : Nos solutions de <a href=\"https:\/\/multicredit.ch\/fr\/\">cr\u00e9dit<\/a> sont pens\u00e9es pour s\u2019int\u00e9grer harmonieusement dans votre gestion financi\u00e8re \u00e0 long terme. Nous veillons \u00e0 ce que votre cr\u00e9dit soit adapt\u00e9 \u00e0 votre situation et reste un atout, pas une contrainte qui vous emp\u00eache d&#8217;avancer.<\/li>\n<li><strong>Comp\u00e9tence<\/strong> : Avec des ann\u00e9es d\u2019exp\u00e9rience dans le domaine du <a href=\"https:\/\/multicredit.ch\/fr\/credit\/\">cr\u00e9dit priv\u00e9 en Suisse<\/a>, notre \u00e9quipe ma\u00eetrise les sp\u00e9cificit\u00e9s du march\u00e9 et sait comment personnaliser chaque demande de financement pour r\u00e9pondre aux besoins individuels de nos clients de Lausanne \u00e0 Gen\u00e8ve et de Fribourg \u00e0 Martigny.<\/li>\n<li><strong>S\u00e9curit\u00e9<\/strong> : Nous pla\u00e7ons votre s\u00e9r\u00e9nit\u00e9 au c\u0153ur de notre engagement. Votre dossier est trait\u00e9 avec la plus grande confidentialit\u00e9 garantie, et nous vous accompagnons \u00e0 chaque \u00e9tape pour garantir un processus transparent et fluide pour votre demande de cr\u00e9dit ou votre <a href=\"https:\/\/multicredit.ch\/fr\/credit\/offre-credit\/carte-de-credit\/\">carte de cr\u00e9dit<\/a> selon vos besoins !<\/li>\n<\/ul>\n<p>[\/vc_column_text][vc_column_text]<\/p>\n<h3><span class=\"ez-toc-section\" id=\"Nos_points_fort_ci_dessous_pour_obtenir_les_meilleures_offres_possibles_pour_nos_clients_partout_en_Suisse\"><\/span>Nos points fort ci dessous pour obtenir les meilleures offres possibles pour nos clients partout en Suisse<span class=\"ez-toc-section-end\"><\/span><\/h3>\n<p>[\/vc_column_text][\/vc_column][\/vc_row][vc_row full_width=&#8221;stretch_row&#8221; el_class=&#8221;white-bck&#8221; css=&#8221;.vc_custom_1586930817763{padding-top: 24px !important;padding-bottom: 0px !important;}&#8221;][vc_column width=&#8221;1\/2&#8243; data_aos=&#8221;fade-up&#8221; el_class=&#8221;checklist&#8221;][vc_column_text]<\/p>\n<ul>\n<li>Vous obtenez pour votre offre de cr\u00e9dit une d\u00e9cision pr\u00e9liminaire en seulement 5 minutes, lors du premier contact t\u00e9l\u00e9phonique<\/li>\n<li>Traitement sans frais de votre demande et offre de cr\u00e9dit sans engagement<\/li>\n<li>Confidentialit\u00e9 garantie (nous sommes soumis au secret bancaire)<\/li>\n<li>Remboursement flexible pour votre cr\u00e9dit sur 12 \u00e0 84 mois<\/li>\n<li>Mensualit\u00e9s adapt\u00e9es et baisse des int\u00e9r\u00eats<\/li>\n<li>Modalit\u00e9s (dur\u00e9e, taux, montant) flexibles et adaptables<\/li>\n<li>Remboursement de votre pr\u00eat de fa\u00e7on anticip\u00e9e \u00e0 tout moment sans aucunes p\u00e9nalit\u00e9s<\/li>\n<\/ul>\n<p>[\/vc_column_text][\/vc_column][vc_column width=&#8221;1\/2&#8243; data_aos=&#8221;fade-up&#8221; data_aos_delay=&#8221;250&#8243; el_class=&#8221;checklist&#8221;][vc_column_text]<\/p>\n<ul>\n<li>Pour les Suisses et d\u00e9tenteurs de permis C, d\u00e9ductions fiscales possibles des int\u00e9r\u00eats de la dette<\/li>\n<li>D\u00e9marches simplifi\u00e9es et plus rapides que l\u2019hypoth\u00e8que et le <a href=\"https:\/\/multicredit.ch\/fr\/credit\/rachat-de-pret\/rachat-de-leasing\/\">leasing<\/a><\/li>\n<li>Prise en charge de vos d\u00e9marches administratives par notre \u00e9quipe<\/li>\n<li>D\u00e9marches simples, rapides et discr\u00e8tes<\/li>\n<li>Constitution de votre dossier par un sp\u00e9cialiste du cr\u00e9dit<\/li>\n<li>Conseil personnalis\u00e9 \u00e0 domicile ou \u00e0 notre bureau pour optimiser votre demande de cr\u00e9dit en Suisse<\/li>\n<\/ul>\n<p>[\/vc_column_text][\/vc_column][\/vc_row][vc_row full_width=&#8221;stretch_row&#8221; el_class=&#8221;white-bck bigpadding&#8221; css=&#8221;.vc_custom_1586929684389{padding-top: 24px !important;}&#8221;][vc_column data_aos=&#8221;fade-in&#8221;][vc_column_text el_class=&#8221;pt-2&#8243;]<\/p>\n<p style=\"text-align: center;\"><strong>Pour particuliers r\u00e9sidant en Suisse, suisses ou <a href=\"https:\/\/www.sem.admin.ch\/sem\/fr\/home\/themen\/aufenthalt\/eu_efta.html\" target=\"_blank\" rel=\"noopener\">d\u00e9tenteurs d\u2019un permis B, C ou d\u2019une carte de l\u00e9gitimation (D, E, G et H)<\/a> , augmenter vos liquidit\u00e9s est possible, faire des \u00e9conomies aussi. B\u00e9n\u00e9ficiez de l\u2019\u00e9tude individualis\u00e9e de votre projet, d\u2019une offre de pr\u00eat sur mesure tr\u00e8s rapidement.<\/strong><\/p>\n<h3><span class=\"ez-toc-section\" id=\"Anticiper_vos_preoccupations\"><\/span>Anticiper vos pr\u00e9occupations<span class=\"ez-toc-section-end\"><\/span><\/h3>\n<p>Nous savons que, m\u00eame apr\u00e8s avoir d\u00e9j\u00e0 contract\u00e9 un cr\u00e9dit, certaines questions demeurent :<\/p>\n<ul>\n<li><strong>Puis-je b\u00e9n\u00e9ficier de meilleures conditions de cr\u00e9dit cette fois-ci ?<\/strong><\/li>\n<li><strong>Mon cr\u00e9dit actuel peut-il \u00eatre optimis\u00e9 ou consolid\u00e9 avec une nouvelle solution plus avantageuse ?<\/strong><\/li>\n<li><strong>La gestion de mes remboursements sera-t-elle plus simple et s\u00e9curis\u00e9e ?<\/strong><\/li>\n<\/ul>\n<p>Chez Multicredit.ch, nous prenons le temps d\u2019analyser votre situation actuelle et de vous proposer des solutions sur mesure qui tiennent compte de vos ant\u00e9c\u00e9dents et de vos objectifs futurs.<\/p>\n<h3><span class=\"ez-toc-section\" id=\"Un_Service_qui_Comprend_Vos_Besoins_en_financement\"><\/span>Un Service qui Comprend Vos Besoins en financement<span class=\"ez-toc-section-end\"><\/span><\/h3>\n<p>Notre approche pour trouver votre offre de cr\u00e9dit se veut empathique et bas\u00e9e sur une compr\u00e9hension approfondie de vos attentes lors de la recherche de votre offre de cr\u00e9dit. Nous savons que chaque d\u00e9cision financi\u00e8re compte, et c\u2019est pourquoi nous sommes l\u00e0 pour vous conseiller de mani\u00e8re transparente et bienveillante. Vous m\u00e9ritez un partenaire qui vous \u00e9coute et qui vous aide \u00e0 naviguer dans le processus de mani\u00e8re efficace et sans stress. Notre expertise va aussi sur le <a href=\"https:\/\/multicredit.ch\/fr\/credit\/rachat-de-pret\/rachat-de-credit-en-cours\/\">rachat de cr\u00e9dit<\/a>, n&#8217;h\u00e9sitez pas \u00e0 nous demander toutes informations.[\/vc_column_text][\/vc_column][\/vc_row][vc_row full_width=&#8221;stretch_row&#8221; equal_height=&#8221;yes&#8221; el_class=&#8221;lightgrey-bck bigpadding flex-eq-height diagonal-top-bck one-fifth-link-bloc&#8221;][vc_column width=&#8221;1\/5&#8243; data_aos=&#8221;fade-down&#8221; data_aos_delay=&#8221;0&#8243;]<\/p>\n<div class=\"wpb_single_image wpb_content_element vc_align_center  wpb_animate_when_almost_visible wpb_top-to-bottom top-to-bottom wpb_start_animation animated\">\n<figure class=\"wpb_wrapper vc_figure\">\n<div class=\"vc_single_image-wrapper\"><img decoding=\"async\" src=\"https:\/\/multicredit.ch\/wp\/wp-content\/uploads\/c-hab.jpg\" alt=\"\" title=\"\"><\/div><figcaption>\n<h4>Cr\u00e9dit habitation<\/h4>\n<p>Financez am\u00e9nagements et habitations<\/p>\n<\/figcaption><\/figure>\n<\/div>\n<div class=\"vc_btn3-container text-center\"><a class=\"btn-circle-2\" href=\"https:\/\/www.multicredit.ch\/fr\/credit\/credit-habitation\/\" title=\"Cr\u00e9dit Habitation\"><span class=\"round\">&gt;<\/span><\/a><\/div>\n<p>[\/vc_column][vc_column width=&#8221;1\/5&#8243; data_aos=&#8221;fade-down&#8221; data_aos_delay=&#8221;50&#8243;]<\/p>\n<div class=\"wpb_single_image wpb_content_element vc_align_center  wpb_animate_when_almost_visible wpb_top-to-bottom top-to-bottom wpb_start_animation animated\">\n<figure class=\"wpb_wrapper vc_figure\">\n<div class=\"vc_single_image-wrapper\"><img decoding=\"async\" src=\"https:\/\/multicredit.ch\/wp\/wp-content\/uploads\/c-auto.jpg\" alt=\"\" title=\"\"><\/div><figcaption>\n<h4>Cr\u00e9dit auto<\/h4>\n<p>Achetez votre v\u00e9hicule \u00e0 cr\u00e9dit<\/p>\n<\/figcaption><\/figure>\n<\/div>\n<div class=\"vc_btn3-container text-center\"><a class=\"btn-circle-2\" href=\"https:\/\/multicredit.ch\/fr\/credit-vehicule\/financement-automobile\/\" title=\"Cr\u00e9dit Habitation\" target=\"_blank\"><span class=\"round\">&gt;<\/span><\/a><\/div>\n<p>[\/vc_column][vc_column width=&#8221;1\/5&#8243; data_aos=&#8221;fade-down&#8221; data_aos_delay=&#8221;100&#8243;]<\/p>\n<div class=\"wpb_single_image wpb_content_element vc_align_center  wpb_animate_when_almost_visible wpb_top-to-bottom top-to-bottom wpb_start_animation animated\">\n<figure class=\"wpb_wrapper vc_figure\">\n<div class=\"vc_single_image-wrapper\"><img decoding=\"async\" src=\"https:\/\/multicredit.ch\/wp\/wp-content\/uploads\/c-form.jpg\" alt=\"\" title=\"\"><\/div><figcaption>\n<h4>Cr\u00e9dit formation<\/h4>\n<p>Financez vos \u00e9tudes<\/p>\n<\/figcaption><\/figure>\n<\/div>\n<div class=\"vc_btn3-container text-center\"><a class=\"btn-circle-2\" href=\"https:\/\/www.multicredit.ch\/fr\/credit\/financement-d-etudes-et-de-formations\/\" title=\"Cr\u00e9dit Habitation\"><span class=\"round\">&gt;<\/span><\/a><\/div>\n<p>[\/vc_column][vc_column width=&#8221;1\/5&#8243; data_aos=&#8221;fade-down&#8221; data_aos_delay=&#8221;150&#8243;]<\/p>\n<div class=\"wpb_single_image wpb_content_element vc_align_center  wpb_animate_when_almost_visible wpb_top-to-bottom top-to-bottom wpb_start_animation animated\">\n<figure class=\"wpb_wrapper vc_figure\">\n<div class=\"vc_single_image-wrapper\"><img decoding=\"async\" src=\"https:\/\/multicredit.ch\/wp\/wp-content\/uploads\/c-med.jpg\" alt=\"\" title=\"\"><\/div><figcaption>\n<h4>Cr\u00e9dit m\u00e9dical<\/h4>\n<p>Financez votre chirurgie et soin m\u00e9dical<\/p>\n<\/figcaption><\/figure>\n<\/div>\n<div class=\"vc_btn3-container text-center\"><a class=\"btn-circle-2\" href=\"https:\/\/www.multicredit.ch\/fr\/credit\/pret-medical\/\" title=\"Cr\u00e9dit Habitation\"><span class=\"round\">&gt;<\/span><\/a><\/div>\n<p>[\/vc_column][vc_column width=&#8221;1\/5&#8243; data_aos=&#8221;fade-down&#8221; data_aos_delay=&#8221;200&#8243;]<\/p>\n<div class=\"wpb_single_image wpb_content_element vc_align_center  wpb_animate_when_almost_visible wpb_top-to-bottom top-to-bottom wpb_start_animation animated\">\n<figure class=\"wpb_wrapper vc_figure\">\n<div class=\"vc_single_image-wrapper\"><img decoding=\"async\" src=\"https:\/\/multicredit.ch\/wp\/wp-content\/uploads\/c-all.jpg\" alt=\"\" title=\"\"><\/div><figcaption>\n<h4>Cr\u00e9dits divers<\/h4>\n<p>Pour tout autre projet<\/p>\n<\/figcaption><\/figure>\n<\/div>\n<div class=\"vc_btn3-container text-center\"><a class=\"btn-circle-2\" href=\"https:\/\/www.multicredit.ch\/fr\/credit\/credits-divers\/\" title=\"Cr\u00e9dit Habitation\"><span class=\"round\">&gt;<\/span><\/a><\/div>\n<p>[\/vc_column][\/vc_row][vc_row full_width=&#8221;stretch_row&#8221; el_class=&#8221;white-bck regularpadding steps&#8221;][vc_column data_aos=&#8221;fade-in&#8221;]<\/p>\n<div class=\"blocktitle title-center title-dark\" clearfix\"><H2><span class=\"ez-toc-section\" id=\"Votre_credit_en_4_etapes\"><\/span>Votre cr\u00e9dit en 4 \u00e9tapes<\/H2><\/p>\n<h4>Simple et rapide<\/h4>\n<\/div>\n<p>[vc_row_inner equal_height=&#8221;yes&#8221;][vc_column_inner width=&#8221;1\/4&#8243;][vc_pie value=&#8221;25&#8243; label_value=&#8221;1&#8243; color=&#8221;custom&#8221; title=&#8221;Demande&#8221; custom_color=&#8221;#df003c&#8221;][vc_column_text]<\/p>\n<p style=\"text-align: center;\">Vous remplissez le formulaire de demande de cr\u00e9dit selon vos besoins.<\/p>\n<h5 style=\"text-align: center;\">2 min<\/h5>\n<p>[\/vc_column_text][\/vc_column_inner][vc_column_inner width=&#8221;1\/4&#8243;][vc_pie label_value=&#8221;2&#8243; color=&#8221;custom&#8221; title=&#8221;Proposition&#8221; custom_color=&#8221;#df003c&#8221;][vc_column_text]<\/p>\n<p style=\"text-align: center;\">Nous analysons votre demande et vous proposons une solution adapt\u00e9e \u00e0 votre profil.<\/p>\n<h5 style=\"text-align: center;\">12 heures<\/h5>\n<p>[\/vc_column_text][\/vc_column_inner][vc_column_inner width=&#8221;1\/4&#8243;][vc_pie value=&#8221;75&#8243; label_value=&#8221;3&#8243; color=&#8221;custom&#8221; title=&#8221;Signature&#8221; custom_color=&#8221;#df003c&#8221;][vc_column_text]<\/p>\n<p style=\"text-align: center;\">Une fois le contrat \u00e9tabli, il vous suffit de le signer et nous le transmettre.<\/p>\n<h5 style=\"text-align: center;\">Cette \u00e9tape d\u00e9pend de votre r\u00e9activit\u00e9.<\/h5>\n<p>[\/vc_column_text][\/vc_column_inner][vc_column_inner width=&#8221;1\/4&#8243;][vc_pie value=&#8221;100&#8243; label_value=&#8221;4&#8243; color=&#8221;custom&#8221; title=&#8221;Virement&#8221; custom_color=&#8221;#df003c&#8221;][vc_column_text]<\/p>\n<p style=\"text-align: center;\">Le montant est vir\u00e9 dans votre compte.<\/p>\n<h5 style=\"text-align: center;\">14 jours (D\u00e9lai l\u00e9gal)<\/h5>\n<p>[\/vc_column_text][\/vc_column_inner][\/vc_row_inner][\/vc_column][\/vc_row][vc_row full_width=&#8221;stretch_row&#8221; content_placement=&#8221;middle&#8221; el_class=&#8221;lightgrey-bck bigpadding checklist&#8221;][vc_column data_aos=&#8221;fade-in&#8221;]<\/p>\n<div class=\"blocktitle title-left title-dark\" clearfix\"><H3><span class=\"ez-toc-section\" id=\"Confiez-nous_la_recherche_de_votre_meilleure_offre_possible_de_credit\"><\/span>Confiez-nous la recherche de votre meilleure offre possible de cr\u00e9dit<\/H3><\/p>\n<h4>Nous cherchons toujours la meilleure offre possible pour nos clients de partout en Suisse.<\/h4>\n<\/div>\n<p>[vc_row_inner][vc_column_inner width=&#8221;1\/2&#8243;][vc_column_text]Faites confiance \u00e0 l\u2019expertise de <strong>MultiCredit<\/strong> pour transformer vos aspirations en r\u00e9alit\u00e9 avec votre nouvelle offre de cr\u00e9dit. Nos sp\u00e9cialistes sont disponibles pour r\u00e9pondre \u00e0 toutes vos questions, vous offrir un conseil personnalis\u00e9 et vous guider vers la solution de cr\u00e9dit qui vous convient le mieux avec des outils innovants que nous sommes fiers d&#8217;\u00eatre les seuls \u00e0 vous proposer !<\/p>\n<p>Prenez le premier pas vers un accompagnement financier sur mesure en contactant notre \u00e9quipe d\u00e8s aujourd\u2019hui. <strong>MultiCredit<\/strong>, parce que vos projets m\u00e9ritent une attention particuli\u00e8re et une expertise sans faille pour obtenir le oui pour votre meilleure offre de cr\u00e9dit.[\/vc_column_text][vc_btn title=&#8221;D\u00e9couvrir&#8221; link=&#8221;url:https%3A%2F%2Fwww.multicredit.ch%2Ffr%2Fa-propos%2F|title:A%20propos||&#8221;][\/vc_column_inner][vc_column_inner width=&#8221;1\/2&#8243;][vc_column_text]<\/p>\n<ul>\n<li><strong>S\u00e9curit\u00e9 et confidentialit\u00e9<\/strong><\/li>\n<li><strong>Proximit\u00e9 et responsabilit\u00e9<\/strong><\/li>\n<li><strong>Prise en charge garantie en moins de 24h<\/strong><\/li>\n<li><strong>Taux inf\u00e9rieur \u00e0 la concurrence<\/strong><\/li>\n<\/ul>\n<h4 style=\"text-align: right;\">Offre de cr\u00e9dit<\/h4>\n<p>[\/vc_column_text][\/vc_column_inner][\/vc_row_inner][\/vc_column][\/vc_row]<\/section>\n","protected":false},"excerpt":{"rendered":"<p>Concr\u00e9tisez votre projet simplement<\/p>\n","protected":false},"author":25,"featured_media":11770,"parent":235,"menu_order":-9,"comment_status":"closed","ping_status":"closed","template":"template-credit.php","meta":{"inline_featured_image":false,"footnotes":"","_links_to":"","_links_to_target":""},"categories":[33],"class_list":["post-27443","page","type-page","status-publish","has-post-thumbnail","hentry","category-credit"],"_links":{"self":[{"href":"https:\/\/multicredit.ch\/fr\/wp-json\/wp\/v2\/pages\/27443","targetHints":{"allow":["GET"]}}],"collection":[{"href":"https:\/\/multicredit.ch\/fr\/wp-json\/wp\/v2\/pages"}],"about":[{"href":"https:\/\/multicredit.ch\/fr\/wp-json\/wp\/v2\/types\/page"}],"author":[{"embeddable":true,"href":"https:\/\/multicredit.ch\/fr\/wp-json\/wp\/v2\/users\/25"}],"replies":[{"embeddable":true,"href":"https:\/\/multicredit.ch\/fr\/wp-json\/wp\/v2\/comments?post=27443"}],"version-history":[{"count":16,"href":"https:\/\/multicredit.ch\/fr\/wp-json\/wp\/v2\/pages\/27443\/revisions"}],"predecessor-version":[{"id":27967,"href":"https:\/\/multicredit.ch\/fr\/wp-json\/wp\/v2\/pages\/27443\/revisions\/27967"}],"up":[{"embeddable":true,"href":"https:\/\/multicredit.ch\/fr\/wp-json\/wp\/v2\/pages\/235"}],"wp:featuredmedia":[{"embeddable":true,"href":"https:\/\/multicredit.ch\/fr\/wp-json\/wp\/v2\/media\/11770"}],"wp:attachment":[{"href":"https:\/\/multicredit.ch\/fr\/wp-json\/wp\/v2\/media?parent=27443"}],"wp:term":[{"taxonomy":"category","embeddable":true,"href":"https:\/\/multicredit.ch\/fr\/wp-json\/wp\/v2\/categories?post=27443"}],"curies":[{"name":"wp","href":"https:\/\/api.w.org\/{rel}","templated":true}]}}