{"id":264,"date":"2020-03-10T09:57:09","date_gmt":"2020-03-10T09:57:09","guid":{"rendered":"https:\/\/multicredit.ch\/wp\/?page_id=264"},"modified":"2021-05-31T22:50:31","modified_gmt":"2021-05-31T22:50:31","slug":"demande-de-sponsoring","status":"publish","type":"page","link":"https:\/\/multicredit.ch\/fr\/contactez-nous\/demande-de-sponsoring\/","title":{"rendered":"Demande de sponsoring"},"content":{"rendered":"<section class=\"wpb-content-wrapper\">[vc_row el_class=&#8221;bigpadding&#8221;][vc_column][vc_column_text el_class=&#8221;maxwidth&#8221;]<\/p>\n<p style=\"text-align: center; font-size: 28px;\">Chez MultiCredit, nous accordons un int\u00e9r\u00eat tout particulier au d\u00e9veloppement des associations locales et r\u00e9gionales. Vous repr\u00e9sentez un club sportif, une association, une amicale et vous souhaiteriez faire une demande de sponsoring? Nous serions heureux de pouvoir vous aider.<\/p>\n<p>[\/vc_column_text][\/vc_column][\/vc_row][vc_row full_width=&#8221;stretch_row&#8221; content_placement=&#8221;middle&#8221; el_class=&#8221;lightgrey-bck biggerpadding diagonal-top-bck&#8221;][vc_column width=&#8221;1\/2&#8243; data_aos=&#8221;fade-in&#8221; data_aos_delay=&#8221;250&#8243;][vc_column_text el_class=&#8221;checklist&#8221;]<\/p>\n<h2><span class=\"ez-toc-section\" id=\"Nos_solutions_en_cas_de_demande_de_sponsoring\"><\/span>Nos solutions en cas de demande de sponsoring<span class=\"ez-toc-section-end\"><\/span><\/h2>\n<p>N&#8217;h\u00e9sitez pas \u00e0 faire une demande de <a href=\"https:\/\/www.e-marketing.fr\/Definitions-Glossaire\/Sponsoring-238889.htm\" target=\"_blank\" rel=\"noopener\">sponsor<\/a> aupr\u00e8s de notre \u00e9quipe. Nous sponsorisons volontiers, en \u00e9change de la possibilit\u00e9 de faire un peu de publicit\u00e9 (distribution de flyers, cartes de visites et gadgets publicitaires), votre \u00e9v\u00e8nement comme:<\/p>\n<ul>\n<li>Soir\u00e9es, repas, \u00e9v\u00e8nements sp\u00e9ciaux<\/li>\n<li>Exposition, convention, meeting, journ\u00e9e portes ouvertes, &#8230;<\/li>\n<li>Ev\u00e8nement sportif, journ\u00e9e sportive<\/li>\n<\/ul>\n<p>[\/vc_column_text][\/vc_column][vc_column width=&#8221;1\/2&#8243; data_aos=&#8221;fade-left&#8221;][vc_single_image image=&#8221;11536&#8243; img_size=&#8221;full&#8221; alignment=&#8221;center&#8221;][\/vc_column][\/vc_row][vc_row full_width=&#8221;stretch_row&#8221; content_placement=&#8221;middle&#8221; el_class=&#8221;lightgrey-bck biggerpadding&#8221; css=&#8221;.vc_custom_1587476806347{padding-bottom: 128px !important;}&#8221;][vc_column width=&#8221;1\/2&#8243; data_aos=&#8221;fade-right&#8221;][vc_single_image image=&#8221;11541&#8243; img_size=&#8221;full&#8221; alignment=&#8221;center&#8221;][\/vc_column][vc_column width=&#8221;1\/2&#8243; data_aos=&#8221;fade-in&#8221; data_aos_delay=&#8221;250&#8243; el_class=&#8221;checklist&#8221;][vc_column_text el_class=&#8221;checklist&#8221;]<\/p>\n<h2><span class=\"ez-toc-section\" id=\"Comment_faire_une_demande_de_sponsor\"><\/span>Comment faire une demande de sponsor?<span class=\"ez-toc-section-end\"><\/span><\/h2>\n<p>Chaque ann\u00e9e, MultiCredit sponsorise de nombreux clubs, \u00e9v\u00e8nements et associations, (nous proposons \u00e9galement des solutions de sponsoring de clubs de sport) alors pourquoi pas vous?<\/p>\n<p>N&#8217;h\u00e9sitez pas \u00e0 nous contacter pour une demande de sponsoring en indiquant dans votre demande:<\/p>\n<ul>\n<li>Club, association ou type de soci\u00e9t\u00e9 pour qui vous effectuez la demande de sponsor<\/li>\n<li>\u00c9v\u00e8nement \u00e0 sponsoriser et description de la manifestation<\/li>\n<li>Date exacte de la manifestation<\/li>\n<li>Nombre de personnes attendues (environ)<\/li>\n<li>Type de publique pr\u00e9sent<\/li>\n<li>Montant demand\u00e9 pour le sponsor<\/li>\n<li>Possibilit\u00e9s pour notre \u00e9quipe de faire de la publicit\u00e9 (distribution de gadgets publicitaires, autre?)<\/li>\n<\/ul>\n<p>[\/vc_column_text][\/vc_column][\/vc_row][vc_row full_width=&#8221;stretch_row&#8221; el_class=&#8221;diagonal-bck gradient-bck bigpadding full-width&#8221;][vc_column data_aos=&#8221;fade-in&#8221;][vc_column_text css=&#8221;.vc_custom_1622036284144{padding-top: 96px !important;}&#8221;]<\/p>\n<div class=\"blocktitle title-center title-light maxwidth\">\n<h2 style=\"text-align: center;\"><span class=\"ez-toc-section\" id=\"Contactez-nous_des_maintenant\"><\/span>Contactez-nous d\u00e8s maintenant<span class=\"ez-toc-section-end\"><\/span><\/h2>\n<p style=\"text-align: center;\">Nous avons \u00e0 coeur de promouvoir\u00a0<b>les diff\u00e9rentes activit\u00e9s locales et r\u00e9gionales dans toute la Suisse<\/b>.<\/p>\n<p style=\"text-align: center;\">N&#8217;h\u00e9sitez donc pas \u00e0 <a href=\"https:\/\/multicredit.ch\/fr\/contactez-nous\/\">nous contacter<\/a>: notre \u00e9quipe se fera un plaisir de r\u00e9pondre rapidement.<\/p>\n<\/div>\n<p>[\/vc_column_text][vc_btn title=&#8221;Faire une demande de sponsoring&#8221; align=&#8221;center&#8221; link=&#8221;url:https%3A%2F%2Fwww.multicredit.ch%2Ffr%2Fcontact%2F|title:Contact||&#8221;][\/vc_column][\/vc_row]<\/section>\n","protected":false},"excerpt":{"rendered":"<p>Le cr\u00e9dit, un engagement \u00e9conomique et social<\/p>\n","protected":false},"author":4,"featured_media":11660,"parent":8,"menu_order":0,"comment_status":"closed","ping_status":"closed","template":"","meta":{"inline_featured_image":false,"footnotes":"","_links_to":"","_links_to_target":""},"categories":[],"class_list":["post-264","page","type-page","status-publish","has-post-thumbnail","hentry"],"_links":{"self":[{"href":"https:\/\/multicredit.ch\/fr\/wp-json\/wp\/v2\/pages\/264","targetHints":{"allow":["GET"]}}],"collection":[{"href":"https:\/\/multicredit.ch\/fr\/wp-json\/wp\/v2\/pages"}],"about":[{"href":"https:\/\/multicredit.ch\/fr\/wp-json\/wp\/v2\/types\/page"}],"author":[{"embeddable":true,"href":"https:\/\/multicredit.ch\/fr\/wp-json\/wp\/v2\/users\/4"}],"replies":[{"embeddable":true,"href":"https:\/\/multicredit.ch\/fr\/wp-json\/wp\/v2\/comments?post=264"}],"version-history":[{"count":20,"href":"https:\/\/multicredit.ch\/fr\/wp-json\/wp\/v2\/pages\/264\/revisions"}],"predecessor-version":[{"id":16184,"href":"https:\/\/multicredit.ch\/fr\/wp-json\/wp\/v2\/pages\/264\/revisions\/16184"}],"up":[{"embeddable":true,"href":"https:\/\/multicredit.ch\/fr\/wp-json\/wp\/v2\/pages\/8"}],"wp:featuredmedia":[{"embeddable":true,"href":"https:\/\/multicredit.ch\/fr\/wp-json\/wp\/v2\/media\/11660"}],"wp:attachment":[{"href":"https:\/\/multicredit.ch\/fr\/wp-json\/wp\/v2\/media?parent=264"}],"wp:term":[{"taxonomy":"category","embeddable":true,"href":"https:\/\/multicredit.ch\/fr\/wp-json\/wp\/v2\/categories?post=264"}],"curies":[{"name":"wp","href":"https:\/\/api.w.org\/{rel}","templated":true}]}}