{"id":262,"date":"2020-03-10T09:56:50","date_gmt":"2020-03-10T09:56:50","guid":{"rendered":"https:\/\/multicredit.ch\/wp\/?page_id=262"},"modified":"2021-07-28T20:55:34","modified_gmt":"2021-07-28T20:55:34","slug":"regroupement-de-credits","status":"publish","type":"page","link":"https:\/\/multicredit.ch\/fr\/credit\/rachat-de-pret\/regroupement-de-credits\/","title":{"rendered":"Consolidation de pr\u00eats"},"content":{"rendered":"<section class=\"wpb-content-wrapper\">[vc_row el_class=&#8221;white-bck bigpadding&#8221; css=&#8221;.vc_custom_1594909801977{padding-top: 0px !important;}&#8221;][vc_column data_aos=&#8221;fade-in&#8221;]<\/p>\n<div class=\"blocktitle title-center title-dark\" clearfix\"><H2><span class=\"ez-toc-section\" id=\"Regroupement_de_credits\"><\/span>Regroupement de cr\u00e9dits<\/H2><\/p>\n<h4>Courante en Suisse, cette solution pour rationaliser votre budget m\u00e9rite d\u2019\u00eatre connue.<\/h4>\n<\/div>\n<p>[vc_column_text el_class=&#8221;maxwidth&#8221;]<\/p>\n<p style=\"text-align: center;\">Vous cherchez \u00e0 \u00e9conomiser facilement jusqu&#8217;\u00e0 40% sur vos mensualit\u00e9s, cr\u00e9dits en cours, solde de cartes de cr\u00e9dits (MasterCard, Visa, American Express, Diners Club)\u00a0?<\/p>\n<p style=\"text-align: center;\">Vos remboursements mensuels s\u2019accumulent\u00a0et sont trop \u00e9lev\u00e9s\u00a0? Avez-vous pens\u00e9 au regroupement de cr\u00e9dit\u00a0? MultiCredit \u00e9tudie votre dossier pour vous faire profiter des avantages gr\u00e2ce aux conseils de ses experts.<\/p>\n<p style=\"text-align: center;\"><a href=\"https:\/\/www.gestifin.ch\/?gclid=CjwKCAjw47eFBhA9EiwAy8kzNO8i6SEWA1-yqyow6_D2wbs2djUFitjopSHygekD1WXs6j7uoCfBShoCsp4QAvD_BwE\" target=\"_blank\" rel=\"noopener\"><strong>Avec le regroupement de cr\u00e9dits, faites des \u00e9conomies et gagnez en s\u00e9r\u00e9nit\u00e9 avec un meilleur taux d\u2019int\u00e9r\u00eat.<\/strong><\/a><\/p>\n<p>[\/vc_column_text][\/vc_column][\/vc_row][vc_row full_width=&#8221;stretch_row&#8221; content_placement=&#8221;middle&#8221; el_class=&#8221;lightgrey-bck diagonal-bottom-bck bigpadding&#8221;][vc_column width=&#8221;1\/2&#8243; data_aos=&#8221;fade-in&#8221; data_aos_delay=&#8221;250&#8243; el_class=&#8221;checklist&#8221;]<\/p>\n<div class=\"blocktitle title-left title-dark\" clearfix\"><H2><span class=\"ez-toc-section\" id=\"Quest-ce_quun_regroupement_de_credit\"><\/span>Qu\u2019est-ce qu\u2019un regroupement de cr\u00e9dit ?<\/H2><\/p>\n<h4>Le regroupement de pr\u00eats: le choix de la simplicit\u00e9 quand tout est compliqu\u00e9.<\/h4>\n<\/div>\n<p>[vc_column_text]Cette solution consiste \u00e0 regrouper vos diff\u00e9rents engagements bancaires tout en vous faisant profiter des meilleurs taux d&#8217;int\u00e9r\u00eat du march\u00e9.<\/p>\n<ul>\n<li>Vous regroupez vos engagements bancaires en un seul et unique cr\u00e9dit personnel<\/li>\n<li>Nous nous chargeons de solder vos emprunts en cours aupr\u00e8s des \u00e9tablissements financiers<\/li>\n<li>Nous nous chargeons de toutes les d\u00e9marches administratives<\/li>\n<li>Vous b\u00e9n\u00e9ficiez d&#8217;un meilleur taux d&#8217;int\u00e9r\u00eat et d&#8217;une dur\u00e9e de remboursement adapt\u00e9e \u00e0 vos besoins<\/li>\n<li>Vous n\u2019avez plus qu\u2019un seul interlocuteur et une seule facture mensuelle<\/li>\n<li>Nous apportons une r\u00e9ponse rapide \u00e0 votre demande<\/li>\n<\/ul>\n<p>[\/vc_column_text][\/vc_column][vc_column width=&#8221;1\/2&#8243; data_aos=&#8221;fade-left&#8221;][vc_single_image image=&#8221;11546&#8243; img_size=&#8221;full&#8221; alignment=&#8221;center&#8221; css_animation=&#8221;none&#8221;][\/vc_column][\/vc_row][vc_row el_class=&#8221;white-bck bigpadding&#8221;][vc_column data_aos=&#8221;fade-in&#8221;]<\/p>\n<div class=\"blocktitle title-center title-dark\" clearfix\"><H2><span class=\"ez-toc-section\" id=\"Demandez_une_offre\"><\/span>Demandez une offre<\/H2><\/p>\n<h4>Quand conseil gratuit rime avec avantages directs.<\/h4>\n<\/div>\n<p>[vc_column_text el_class=&#8221;maxwidth&#8221;]<\/p>\n<p style=\"text-align: center;\">Vous avez des engagements en cours ? Vous souhaitez regrouper vos cr\u00e9dits gr\u00e2ce \u00e0 une reprise avantageuse g\u00e9r\u00e9e par des sp\u00e9cialistes du domaine? N&#8217;h\u00e9sitez pas \u00e0 nous confier votre dossier.<\/p>\n<p>[\/vc_column_text][vc_row_inner css=&#8221;.vc_custom_1586934012676{padding-top: 48px !important;padding-bottom: 48px !important;}&#8221; el_class=&#8221;checklist&#8221;][vc_column_inner width=&#8221;1\/2&#8243;][vc_column_text]<\/p>\n<ul>\n<li>Nous vous garantissons une offre rapide et sans engagement<\/li>\n<li>Traitement sans frais de votre demande<\/li>\n<li>Remboursement flexible sur 12 \u00e0 84 mois<\/li>\n<li>Pour une enveloppe globale de CHF 3&#8217;000 \u00e0 CHF 400&#8217;000<\/li>\n<\/ul>\n<p>[\/vc_column_text][vc_column_text]En 2 minutes, faites votre demande en ligne, gratuite, confidentielle et s\u00e9curis\u00e9e, pour une r\u00e9ponse de principe en 2 minutes.<\/p>\n<p><a href=\"https:\/\/multicredit.ch\/fr\/formulaire-rachat-de-pret\/?montantcredit1=&#038;montantcredit2=&#038;montantcredit3=&#038;montantcredit4=&#038;dureerachat=12\"><strong>Confiez votre dossier \u00e0 un sp\u00e9cialiste et faites des \u00e9conomies.<\/strong><\/a>[\/vc_column_text][\/vc_column_inner][vc_column_inner width=&#8221;1\/2&#8243;][vc_column_text]<\/p>\n<ul>\n<li><strong>S\u00e9curit\u00e9 et confidentialit\u00e9<\/strong><\/li>\n<li><strong>Proximit\u00e9 et responsabilit\u00e9<\/strong><\/li>\n<li><strong>Prise en charge garantie en moins de 24h<\/strong><\/li>\n<li><strong>Taux de cr\u00e9dit inf\u00e9rieur \u00e0 la concurrence<\/strong><\/li>\n<\/ul>\n<p>[\/vc_column_text][\/vc_column_inner][\/vc_row_inner][\/vc_column][\/vc_row]<\/section>\n","protected":false},"excerpt":{"rendered":"<p>Faites simple quand tout se complique<\/p>\n","protected":false},"author":4,"featured_media":11610,"parent":240,"menu_order":0,"comment_status":"closed","ping_status":"closed","template":"template-rachat.php","meta":{"inline_featured_image":false,"footnotes":"","_links_to":"","_links_to_target":""},"categories":[35],"class_list":["post-262","page","type-page","status-publish","has-post-thumbnail","hentry","category-rachat-de-credit"],"_links":{"self":[{"href":"https:\/\/multicredit.ch\/fr\/wp-json\/wp\/v2\/pages\/262","targetHints":{"allow":["GET"]}}],"collection":[{"href":"https:\/\/multicredit.ch\/fr\/wp-json\/wp\/v2\/pages"}],"about":[{"href":"https:\/\/multicredit.ch\/fr\/wp-json\/wp\/v2\/types\/page"}],"author":[{"embeddable":true,"href":"https:\/\/multicredit.ch\/fr\/wp-json\/wp\/v2\/users\/4"}],"replies":[{"embeddable":true,"href":"https:\/\/multicredit.ch\/fr\/wp-json\/wp\/v2\/comments?post=262"}],"version-history":[{"count":22,"href":"https:\/\/multicredit.ch\/fr\/wp-json\/wp\/v2\/pages\/262\/revisions"}],"predecessor-version":[{"id":17655,"href":"https:\/\/multicredit.ch\/fr\/wp-json\/wp\/v2\/pages\/262\/revisions\/17655"}],"up":[{"embeddable":true,"href":"https:\/\/multicredit.ch\/fr\/wp-json\/wp\/v2\/pages\/240"}],"wp:featuredmedia":[{"embeddable":true,"href":"https:\/\/multicredit.ch\/fr\/wp-json\/wp\/v2\/media\/11610"}],"wp:attachment":[{"href":"https:\/\/multicredit.ch\/fr\/wp-json\/wp\/v2\/media?parent=262"}],"wp:term":[{"taxonomy":"category","embeddable":true,"href":"https:\/\/multicredit.ch\/fr\/wp-json\/wp\/v2\/categories?post=262"}],"curies":[{"name":"wp","href":"https:\/\/api.w.org\/{rel}","templated":true}]}}