{"id":260,"date":"2020-03-10T09:56:39","date_gmt":"2020-03-10T09:56:39","guid":{"rendered":"https:\/\/multicredit.ch\/wp\/?page_id=260"},"modified":"2021-08-07T09:55:52","modified_gmt":"2021-08-07T09:55:52","slug":"solde-de-carte-de-credit","status":"publish","type":"page","link":"https:\/\/multicredit.ch\/fr\/credit\/rachat-de-pret\/solde-de-carte-de-credit\/","title":{"rendered":"Obtenir un refinancement du solde d&#8217;une carte de cr\u00e9dit"},"content":{"rendered":"<section class=\"wpb-content-wrapper\">[vc_row el_class=&#8221;white-bck bigpadding&#8221; css=&#8221;.vc_custom_1594909812588{padding-top: 0px !important;}&#8221;][vc_column data_aos=&#8221;fade-in&#8221;]<\/p>\n<div class=\"blocktitle title-center title-dark\" clearfix\"><H2><span class=\"ez-toc-section\" id=\"Pour_reprendre_le_controle_de_son_solde_de_carte_de_credit\"><\/span>Pour reprendre le contr\u00f4le de son solde de carte de cr\u00e9dit<\/H2><\/p>\n<h4>Vous avez atteint ou d\u00e9pass\u00e9 le plafond de votre carte ?<\/h4>\n<\/div>\n<p>[vc_column_text el_class=&#8221;maxwidth&#8221;]<\/p>\n<p style=\"text-align: center;\">Besoin de solutions financi\u00e8res\u00a0? Nous pouvons vous proposer une solution de rachat de solde de carte de cr\u00e9dit et autres engagements bancaires afin de regrouper vos diff\u00e9rents cr\u00e9dits, augmenter la possibilit\u00e9 d\u2019obtenir plus de cash et \u00e9conomiser jusqu&#8217;\u00e0 40% sur vos mensualit\u00e9s\u00a0!<\/p>\n<p style=\"text-align: center;\"><strong>Avec MultiCredit, obtenez un plafond de cr\u00e9dit plus \u00e9lev\u00e9 que celui propos\u00e9 par la plupart des organismes traditionnels.<\/strong><\/p>\n<p>[\/vc_column_text][\/vc_column][\/vc_row][vc_row full_width=&#8221;stretch_row&#8221; content_placement=&#8221;middle&#8221; el_class=&#8221;lightgrey-bck diagonal-bottom-bck bigpadding&#8221;][vc_column width=&#8221;1\/2&#8243; data_aos=&#8221;fade-in&#8221; data_aos_delay=&#8221;250&#8243; el_class=&#8221;checklist&#8221;]<\/p>\n<div class=\"blocktitle title-left title-dark\" clearfix\"><H2><span class=\"ez-toc-section\" id=\"Quand_opter_pour_le_rachat_du_solde_de_votre_carte_de_credit\"><\/span>Quand opter pour le rachat du solde de votre carte de cr\u00e9dit ?<\/H2><\/p>\n<h4>Besoin de savoir ce que vous permet votre situation actuelle ?<\/h4>\n<\/div>\n<p>[vc_column_text]Pr\u00eats priv\u00e9s, solde de cartes Visa, Mastercard, American Express, Diners club et leasing, regroupez vos cr\u00e9dits, jusqu\u2019\u00e0 CHF 400&#8217;000 maximum au total et gagnez en facilit\u00e9 de gestion.<\/p>\n<p>Leur cumul peut provoquer confusion et surendettement. MultiCredit \u00e9tudie la meilleure fa\u00e7on de racheter le solde de vos cartes de cr\u00e9dit et cr\u00e9dits en cours afin d\u2019optimiser votre budget.<\/p>\n<p><strong> Chez MultiCredit nous fournissons des documents clairs, lisibles et facilement compr\u00e9hensibles. Fini le casse-t\u00eate.<\/strong>[\/vc_column_text][\/vc_column][vc_column width=&#8221;1\/2&#8243; data_aos=&#8221;fade-left&#8221;][vc_single_image image=&#8221;11511&#8243; img_size=&#8221;full&#8221; alignment=&#8221;center&#8221; css_animation=&#8221;none&#8221;][\/vc_column][\/vc_row][vc_row content_placement=&#8221;middle&#8221; el_class=&#8221;white-bck bigpadding checklist&#8221;][vc_column width=&#8221;1\/2&#8243; data_aos=&#8221;fade-right&#8221;][vc_single_image image=&#8221;11556&#8243; img_size=&#8221;full&#8221; alignment=&#8221;center&#8221; css_animation=&#8221;none&#8221;][\/vc_column][vc_column width=&#8221;1\/2&#8243; data_aos=&#8221;fade-in&#8221; data_aos_delay=&#8221;250&#8243;]<\/p>\n<div class=\"blocktitle title-left title-dark\" clearfix\"><H2><span class=\"ez-toc-section\" id=\"MasterCard_Visa_American_Express_Diners_Club\"><\/span>MasterCard, Visa, American Express, Diners Club<\/H2><\/p>\n<h4>\u00cates-vous concern\u00e9 ? Nous pouvons faire encore plus.<\/h4>\n<\/div>\n<p>[vc_column_text]Le rachat de solde de cr\u00e9dit se traite de mani\u00e8re identique \u00e0 une demande de pr\u00eat personnel. Nous serons heureux de vous faire une offre de rachat de cr\u00e9dit, si vous avez des engagements sous la forme de :<\/p>\n<ul>\n<li>Cr\u00e9dits personnels : quelle que soit la banque aupr\u00e8s de laquelle vous avez sign\u00e9, nous nous chargeons des formalit\u00e9s pour racheter votre cr\u00e9dit<\/li>\n<li>Notre offre s&#8217;\u00e9tend \u00e9galement \u00e0 vos leasings en cours<\/li>\n<li>Cartes de cr\u00e9dit : nous rachetons le solde de vos cartes directement aupr\u00e8s des organismes \u00e9metteurs<\/li>\n<li>Pour les suisses ou les d\u00e9tenteurs d&#8217;<a href=\"https:\/\/www.sem.admin.ch\/sem\/fr\/home\/themen\/aufenthalt\/eu_efta.html\" target=\"_blank\" rel=\"noopener\">un permis C<\/a>, d\u00e9ductions fiscales possibles<\/li>\n<li>Personnes travaillant en Suisse et n&#8217;ayant ni poursuites ni actes de d\u00e9faut de bien<\/li>\n<\/ul>\n<p>[\/vc_column_text][vc_column_text]<strong>Cette solution vous permet d\u2019\u00e9chelonner et de prolonger la dur\u00e9e de vos remboursements et de b\u00e9n\u00e9ficier de taux plus favorables.<\/strong>[\/vc_column_text][\/vc_column][\/vc_row][vc_row full_width=&#8221;stretch_row&#8221; content_placement=&#8221;middle&#8221; el_class=&#8221;lightgrey-bck bigpadding comp-neg-margin-bottom checklist&#8221;][vc_column]<\/p>\n<div class=\"blocktitle title-left title-dark\" clearfix\"><H2><span class=\"ez-toc-section\" id=\"Interesse_par_le_rachat_du_solde_de_vos_cartes_credits\"><\/span>Int\u00e9ress\u00e9 par le rachat du solde de vos cartes cr\u00e9dits ?<\/H2><\/p>\n<h4>Nos solutions, Vos avantages<\/h4>\n<\/div>\n<p>[vc_row_inner][vc_column_inner width=&#8221;1\/2&#8243;][vc_column_text]N&#8217;h\u00e9sitez pas \u00e0 demander une offre directement gr\u00e2ce \u00e0 notre formulaire en ligne s\u00e9curis\u00e9. Chez nous, il peut \u00eatre une alternative au surendettement.<\/p>\n<p>Dans notre formulaire en ligne indiquez dans &#8220;montant souhait\u00e9&#8221; la somme des dettes dont vous souhaitez effectuer le rachat.<\/p>\n<p><a href=\"https:\/\/multicredit.ch\/fr\/demande-de-credit\/\"><strong>Notre \u00e9quipe vous contactera rapidement pour vous faire une offre de principe gratuite et sans engagement.<\/strong><\/a>[\/vc_column_text][\/vc_column_inner][vc_column_inner width=&#8221;1\/2&#8243;][vc_column_text]<\/p>\n<ul>\n<li><strong>S\u00e9curit\u00e9 et confidentialit\u00e9<\/strong><\/li>\n<li><strong>Proximit\u00e9 et responsabilit\u00e9<\/strong><\/li>\n<li><strong>Prise en charge garantie en moins de 24h<\/strong><\/li>\n<li><strong>Taux de cr\u00e9dit inf\u00e9rieur \u00e0 la concurrence<\/strong><\/li>\n<\/ul>\n<p>[\/vc_column_text][\/vc_column_inner][\/vc_row_inner][\/vc_column][\/vc_row]<\/section>\n","protected":false},"excerpt":{"rendered":"<p>Repoussez les limites, all\u00e9gez votre quotidien<\/p>\n","protected":false},"author":4,"featured_media":11616,"parent":240,"menu_order":0,"comment_status":"closed","ping_status":"closed","template":"template-rachat.php","meta":{"inline_featured_image":false,"footnotes":"","_links_to":"","_links_to_target":""},"categories":[51],"class_list":["post-260","page","type-page","status-publish","has-post-thumbnail","hentry","category-carte-de-credit"],"_links":{"self":[{"href":"https:\/\/multicredit.ch\/fr\/wp-json\/wp\/v2\/pages\/260","targetHints":{"allow":["GET"]}}],"collection":[{"href":"https:\/\/multicredit.ch\/fr\/wp-json\/wp\/v2\/pages"}],"about":[{"href":"https:\/\/multicredit.ch\/fr\/wp-json\/wp\/v2\/types\/page"}],"author":[{"embeddable":true,"href":"https:\/\/multicredit.ch\/fr\/wp-json\/wp\/v2\/users\/4"}],"replies":[{"embeddable":true,"href":"https:\/\/multicredit.ch\/fr\/wp-json\/wp\/v2\/comments?post=260"}],"version-history":[{"count":26,"href":"https:\/\/multicredit.ch\/fr\/wp-json\/wp\/v2\/pages\/260\/revisions"}],"predecessor-version":[{"id":17729,"href":"https:\/\/multicredit.ch\/fr\/wp-json\/wp\/v2\/pages\/260\/revisions\/17729"}],"up":[{"embeddable":true,"href":"https:\/\/multicredit.ch\/fr\/wp-json\/wp\/v2\/pages\/240"}],"wp:featuredmedia":[{"embeddable":true,"href":"https:\/\/multicredit.ch\/fr\/wp-json\/wp\/v2\/media\/11616"}],"wp:attachment":[{"href":"https:\/\/multicredit.ch\/fr\/wp-json\/wp\/v2\/media?parent=260"}],"wp:term":[{"taxonomy":"category","embeddable":true,"href":"https:\/\/multicredit.ch\/fr\/wp-json\/wp\/v2\/categories?post=260"}],"curies":[{"name":"wp","href":"https:\/\/api.w.org\/{rel}","templated":true}]}}