{"id":258,"date":"2020-03-10T09:56:22","date_gmt":"2020-03-10T09:56:22","guid":{"rendered":"https:\/\/multicredit.ch\/wp\/?page_id=258"},"modified":"2025-01-03T20:48:51","modified_gmt":"2025-01-03T20:48:51","slug":"rachat-de-leasing","status":"publish","type":"page","link":"https:\/\/multicredit.ch\/fr\/credit\/rachat-de-pret\/rachat-de-leasing\/","title":{"rendered":"Rachat de leasing de votre v\u00e9hicule &#8211; Pas de co\u00fbts cach\u00e9s"},"content":{"rendered":"<section class=\"wpb-content-wrapper\">[vc_row el_class=&#8221;white-bck bigpadding&#8221; css=&#8221;.vc_custom_1594909790748{padding-top: 0px !important;}&#8221;][vc_column data_aos=&#8221;fade-in&#8221;][vc_column_text]<iframe style=\"margin: 0; padding: 0; border: none;\" src=\"https:\/\/audioblog.arteradio.com\/embed\/241877\" width=\"100%\"><\/iframe>[\/vc_column_text]<\/p>\n<div class=\"blocktitle title-center title-dark\" clearfix\"><H2><span class=\"ez-toc-section\" id=\"Rachat_de_leasing_credit_VS_leasing_pensez-y\"><\/span>Rachat de leasing (cr\u00e9dit) VS leasing, pensez-y<\/H2><\/p>\n<h4>Avec MultiCredit, analysez vos frais et faites des \u00e9conomies.<\/h4>\n<\/div>\n<p>[vc_column_text el_class=&#8221;maxwidth&#8221;]<\/p>\n<p style=\"text-align: center;\">Un cr\u00e9dit est parfois plus adapt\u00e9 qu\u2019un <a href=\"https:\/\/www.tcs.ch\/fr\/tests-conseils\/conseils\/achat-vente-vehicule\/financement.php\" target=\"_blank\" rel=\"noopener\">leasing<\/a> pour financer votre bien. Financez la valeur r\u00e9siduelle de votre v\u00e9hicule actuellement en leasing.<\/p>\n<p style=\"text-align: center;\">De CHF 3&#8217;000 \u00e0 CHF 400&#8217;000, le rachat de Leasing, permet lors d\u2019un remboursement \u00e0 court terme, un co\u00fbt globalement plus int\u00e9ressant ainsi que d\u2019\u00e9viter tous les co\u00fbts cach\u00e9s du leasing.<\/p>\n<p style=\"text-align: center;\"><strong>Fini les contraintes pour la vente, l\u2019assurance, l\u2019entretien et le kilom\u00e9trage.<\/strong><\/p>\n<p>[\/vc_column_text][\/vc_column][\/vc_row][vc_row full_width=&#8221;stretch_row&#8221; content_placement=&#8221;middle&#8221; el_class=&#8221;lightgrey-bck diagonal-bottom-bck bigpadding&#8221;][vc_column width=&#8221;1\/2&#8243; data_aos=&#8221;fade-in&#8221; data_aos_delay=&#8221;250&#8243; el_class=&#8221;checklist&#8221;]<\/p>\n<div class=\"blocktitle title-left title-dark\" clearfix\"><H2><span class=\"ez-toc-section\" id=\"Quels_avantages_pour_le_rachat_de_leasing\"><\/span>Quels avantages pour le rachat de leasing ?<\/H2><\/p>\n<h4>All\u00e9gez votre budget, optimisez vos capacit\u00e9s de financement, devenez propri\u00e9taire.<\/h4>\n<\/div>\n<p>[vc_column_text]<\/p>\n<ul>\n<li>Un rachat complet du bien (qu&#8217;il s&#8217;agisse d&#8217;une voiture ou autre)<\/li>\n<li>Un taux d&#8217;int\u00e9r\u00eat d\u00e9termin\u00e9 au plus bas en fonction de votre situation<\/li>\n<li>La possibilit\u00e9 de choisir vous-m\u00eame la dur\u00e9e de remboursement du pr\u00eat<\/li>\n<li>Si n\u00e9cessaire, vous pourrez \u00e9galement demander un suppl\u00e9ment de cr\u00e9dit<\/li>\n<li>Avec nos assurances, prot\u00e9gez votre emprunt avec une assurance mensualit\u00e9s en cas de d\u00e9c\u00e8s, et en option \u00a0cas de maladie, accident, invalidit\u00e9 et incapacit\u00e9 de travail<\/li>\n<\/ul>\n<p>[\/vc_column_text][vc_column_text]<strong>Le rachat de leasing, la solution plus rapide, plus simple et plus libre pour devenir vraiment propri\u00e9taire de son bien.<\/strong>[\/vc_column_text][\/vc_column][vc_column width=&#8221;1\/2&#8243; data_aos=&#8221;fade-left&#8221;][vc_single_image image=&#8221;11556&#8243; img_size=&#8221;full&#8221; alignment=&#8221;center&#8221; css_animation=&#8221;none&#8221;][\/vc_column][\/vc_row][vc_row content_placement=&#8221;middle&#8221; el_class=&#8221;white-bck bigpadding&#8221;][vc_column width=&#8221;1\/2&#8243; data_aos=&#8221;fade-right&#8221;][vc_single_image image=&#8221;11551&#8243; img_size=&#8221;full&#8221; alignment=&#8221;center&#8221; css_animation=&#8221;none&#8221;][\/vc_column][vc_column width=&#8221;1\/2&#8243; data_aos=&#8221;fade-in&#8221; data_aos_delay=&#8221;250&#8243; el_class=&#8221;checklist&#8221;]<\/p>\n<div class=\"blocktitle title-center title-dark\" clearfix\"><H2><span class=\"ez-toc-section\" id=\"Rachat_du_leasing_automobile\"><\/span>Rachat du leasing automobile<\/H2><\/p>\n<h4>Offrez-vous plus d\u2019options pour plus de libert\u00e9.<\/h4>\n<\/div>\n<p>[vc_column_text]Lors du rachat de votre leasing auto, vous pouvez enfin\u00a0:<\/p>\n<ul>\n<li>Choisir librement votre assurance<\/li>\n<li>Oublier les limites de kilom\u00e9trage<\/li>\n<li>Revendre votre v\u00e9hicule \u00e0 n\u2019importe quel moment au prix que vous<\/li>\n<li>Financer un nouveau v\u00e9hicule<\/li>\n<li>\u00c9taler votre remboursement sur une p\u00e9riode de 12 \u00e0 84 mois<\/li>\n<\/ul>\n<p>[\/vc_column_text][vc_column_text]<strong>Offre gratuite, rapide et sans obligation pour le rachat du leasing de tout type de v\u00e9hicule (sauf camion).<\/strong>[\/vc_column_text][\/vc_column][\/vc_row][vc_row full_width=&#8221;stretch_row&#8221; content_placement=&#8221;middle&#8221; el_class=&#8221;lightgrey-bck bigpadding comp-neg-margin-bottom checklist&#8221;][vc_column]<\/p>\n<div class=\"blocktitle title-center title-dark\" clearfix\"><H2><span class=\"ez-toc-section\" id=\"Simple_rapide_et_sans_obligation\"><\/span>Simple, rapide et sans obligation<\/H2><\/p>\n<h4>Le cr\u00e9dit auto, simple comme une demande en ligne en 2 minutes !<\/h4>\n<\/div>\n<p>[vc_column_text]<\/p>\n<p style=\"text-align: center;\">MultiCredit vous simplifie la vie. Notre \u00e9quipe se charge \u00e0 votre place des d\u00e9marches administratives pour racheter votre contrat de leasing.<\/p>\n<p style=\"text-align: center;\">N&#8217;h\u00e9sitez pas \u00e0 nous contacter pour en savoir plus et \u00e0 demander une offre naturellement confidentielle !<\/p>\n<p style=\"text-align: center;\">B\u00e9n\u00e9ficiez gratuitement de notre conseil professionnel, rapidement et sans obligation.<\/p>\n<p style=\"text-align: center;\"><a href=\"https:\/\/multicredit.ch\/fr\/demande-de-credit\/\"><strong>En 2 minutes, remplissez notre formulaire de demande en ligne.<\/strong><\/a><\/p>\n<p>[\/vc_column_text][\/vc_column][\/vc_row]<\/section>\n","protected":false},"excerpt":{"rendered":"<p>Passez en mode libert\u00e9<\/p>\n","protected":false},"author":4,"featured_media":11602,"parent":240,"menu_order":0,"comment_status":"closed","ping_status":"closed","template":"template-rachat.php","meta":{"inline_featured_image":false,"footnotes":"","_links_to":"","_links_to_target":""},"categories":[7,35],"class_list":["post-258","page","type-page","status-publish","has-post-thumbnail","hentry","category-credit-auto","category-rachat-de-credit"],"_links":{"self":[{"href":"https:\/\/multicredit.ch\/fr\/wp-json\/wp\/v2\/pages\/258","targetHints":{"allow":["GET"]}}],"collection":[{"href":"https:\/\/multicredit.ch\/fr\/wp-json\/wp\/v2\/pages"}],"about":[{"href":"https:\/\/multicredit.ch\/fr\/wp-json\/wp\/v2\/types\/page"}],"author":[{"embeddable":true,"href":"https:\/\/multicredit.ch\/fr\/wp-json\/wp\/v2\/users\/4"}],"replies":[{"embeddable":true,"href":"https:\/\/multicredit.ch\/fr\/wp-json\/wp\/v2\/comments?post=258"}],"version-history":[{"count":27,"href":"https:\/\/multicredit.ch\/fr\/wp-json\/wp\/v2\/pages\/258\/revisions"}],"predecessor-version":[{"id":27712,"href":"https:\/\/multicredit.ch\/fr\/wp-json\/wp\/v2\/pages\/258\/revisions\/27712"}],"up":[{"embeddable":true,"href":"https:\/\/multicredit.ch\/fr\/wp-json\/wp\/v2\/pages\/240"}],"wp:featuredmedia":[{"embeddable":true,"href":"https:\/\/multicredit.ch\/fr\/wp-json\/wp\/v2\/media\/11602"}],"wp:attachment":[{"href":"https:\/\/multicredit.ch\/fr\/wp-json\/wp\/v2\/media?parent=258"}],"wp:term":[{"taxonomy":"category","embeddable":true,"href":"https:\/\/multicredit.ch\/fr\/wp-json\/wp\/v2\/categories?post=258"}],"curies":[{"name":"wp","href":"https:\/\/api.w.org\/{rel}","templated":true}]}}