{"id":256,"date":"2020-03-10T09:56:11","date_gmt":"2020-03-10T09:56:11","guid":{"rendered":"https:\/\/multicredit.ch\/wp\/?page_id=256"},"modified":"2026-03-20T23:43:15","modified_gmt":"2026-03-20T23:43:15","slug":"rachat-de-credit-en-cours","status":"publish","type":"page","link":"https:\/\/multicredit.ch\/fr\/credit\/rachat-de-pret\/rachat-de-credit-en-cours\/","title":{"rendered":"Rachat de cr\u00e9dit en Suisse avec MultiCredit"},"content":{"rendered":"<section class=\"wpb-content-wrapper\">[vc_row el_class=&#8221;white-bck bigpadding&#8221; css=&#8221;.vc_custom_1594909781250{padding-top: 0px !important;}&#8221;][vc_column data_aos=&#8221;fade-in&#8221;][vc_column_text]<iframe style=\"margin: 0; padding: 0; border: none;\" src=\"https:\/\/audioblog.arteradio.com\/embed\/241868\" width=\"100%\"><\/iframe>[\/vc_column_text]<\/p>\n<div class=\"blocktitle title-center title-dark\" clearfix\"><H2><span class=\"ez-toc-section\" id=\"Le_rachat_de_creditprets\"><\/span>Le rachat de cr\u00e9dit\/pr\u00eat(s)<\/H2><\/p>\n<h4>Une solution simplifi\u00e9e qui m\u00e9rite d\u2019\u00eatre connue.<\/h4>\n<\/div>\n<p>[vc_column_text el_class=&#8221;maxwidth&#8221;]<\/p>\n<p style=\"text-align: center;\">Vous avez plusieurs cr\u00e9dits en cours, vous payez trop de mensualit\u00e9s, votre taux est trop \u00e9lev\u00e9\u00a0? Le cumul peut provoquer le surendettement.<\/p>\n<p style=\"text-align: center;\">MultiCredit \u00e9tudie la possibilit\u00e9 de rachat de votre\/ vos cr\u00e9dit(s) afin d\u2019optimiser votre budget. Nos solutions financi\u00e8res vous offrent de la flexibilit\u00e9.<\/p>\n<p style=\"text-align: center;\"><strong>Pr\u00eats priv\u00e9s, solde de cartes et leasing ; et si nous vous aidions \u00e0 planifier vos finances avec des solutions ad\u00e9quates selon votre profil ?<\/strong><\/p>\n<p>[\/vc_column_text][\/vc_column][\/vc_row][vc_row full_width=&#8221;stretch_row&#8221; content_placement=&#8221;middle&#8221; el_class=&#8221;lightgrey-bck diagonal-bottom-bck bigpadding&#8221;][vc_column width=&#8221;1\/2&#8243; data_aos=&#8221;fade-in&#8221; data_aos_delay=&#8221;250&#8243;]<\/p>\n<div class=\"blocktitle title-left title-dark\" clearfix\"><H2><span class=\"ez-toc-section\" id=\"Les_avantages\"><\/span>Les avantages<\/H2><\/p>\n<h4>Plusieurs pr\u00eats en cours ? Trop chers ? \u00c9conomisez !<\/h4>\n<\/div>\n<p>[vc_column_text]Le rachat de cr\u00e9dits est une solution financi\u00e8re int\u00e9ressante pour r\u00e9\u00e9quilibrer son budget et optimiser ses besoins en financement.<\/p>\n<ul>\n<li>Nous n\u00e9gocions pour vous les meilleurs taux<\/li>\n<li>Lorsque le cumul de mensualit\u00e9s devient trop important, le rachat de vos cr\u00e9dits permet de r\u00e9organiser vos paiements<\/li>\n<li>Le rachat par MultiCredit soulage vos taux et donc vos finances<\/li>\n<\/ul>\n<p>[\/vc_column_text][vc_column_text]<strong>MultiCredit vous aide \u00e0 choisir vos modalit\u00e9s pour une gestion plus saine de votre budget et \u00e9viter le <a href=\"https:\/\/www.admin.ch\/gov\/fr\/accueil\/documentation\/communiques.msg-id-70040.html\" target=\"_blank\" rel=\"noopener\">surendettement<\/a>.<\/strong>[\/vc_column_text][\/vc_column][vc_column width=&#8221;1\/2&#8243; data_aos=&#8221;fade-left&#8221;][vc_single_image image=&#8221;11521&#8243; img_size=&#8221;full&#8221; alignment=&#8221;center&#8221; css_animation=&#8221;none&#8221;][\/vc_column][\/vc_row][vc_row el_class=&#8221;white-bck bigpadding&#8221;][vc_column data_aos=&#8221;fade-in&#8221;]<\/p>\n<div class=\"blocktitle title-center title-dark\" clearfix\"><H2><span class=\"ez-toc-section\" id=\"Le_rachat_de_credit_Plus_de_flexibilite_plus_de_clarte\"><\/span>Le rachat de cr\u00e9dit: Plus de flexibilit\u00e9, plus de clart\u00e9<\/H2><\/p>\n<h4>La mise au clair de sa situation budg\u00e9taire offre plus de performance.<\/h4>\n<\/div>\n<p>[vc_column_text el_class=&#8221;maxwidth&#8221;]<\/p>\n<p style=\"text-align: center;\">Remplacez vos divers paiements mensuels, issus des diff\u00e9rents organismes pr\u00eateurs, en une seule et unique mensualit\u00e9 nettement all\u00e9g\u00e9e.<\/p>\n<p style=\"text-align: center;\">Le rachat de cr\u00e9dits vous permet de n\u2019avoir plus qu\u2019un interlocuteur. Vous recevez une facture mensuelle unique pour tous vos cr\u00e9dits.<\/p>\n<p style=\"text-align: center;\"><strong>MultiCredit vous fournit des documents clairs, lisibles et facilement compr\u00e9hensibles.<\/strong><\/p>\n<p>[\/vc_column_text][\/vc_column][\/vc_row][vc_row full_width=&#8221;stretch_row&#8221; content_placement=&#8221;middle&#8221; el_class=&#8221;lightgrey-bck bigpadding comp-neg-margin-bottom checklist&#8221;][vc_column data_aos=&#8221;fade-in&#8221;]<\/p>\n<div class=\"blocktitle title-left title-dark\" clearfix\"><H2><span class=\"ez-toc-section\" id=\"Simple_et_rapide_le_rachat_de_credits\"><\/span>Simple et rapide, le rachat de cr\u00e9dits<\/H2><\/p>\n<h4>En 2 minutes, envoyez votre demande<\/h4>\n<\/div>\n<p>[vc_row_inner][vc_column_inner width=&#8221;1\/2&#8243;][vc_column_text]Vous \u00eates int\u00e9ress\u00e9 par un rachat de cr\u00e9dits ? N&#8217;h\u00e9sitez pas \u00e0 demander une offre directement gr\u00e2ce \u00e0 <a href=\"https:\/\/multicredit.ch\/fr\/demande-de-credit\/\">notre formulaire en ligne<\/a> s\u00e9curis\u00e9.<\/p>\n<p>Notre \u00e9quipe vous contactera\u00a0 rapidement pour vous faire une offre de principe <strong>gratuite et sans engagement<\/strong>.<\/p>\n<p>Compl\u00e9tez notre formulaire en ligne en indiquant dans &#8220;montant souhait\u00e9&#8221; la somme de vos dettes dont vous souhaitez effectuer le rachat.[\/vc_column_text][\/vc_column_inner][vc_column_inner width=&#8221;1\/2&#8243;][vc_column_text]<\/p>\n<ul>\n<li><strong>S\u00e9curit\u00e9 et confidentialit\u00e9<\/strong><\/li>\n<li><strong>Proximit\u00e9 et responsabilit\u00e9<\/strong><\/li>\n<li><strong>Prise en charge garantie en moins de 24h<\/strong><\/li>\n<li><strong>Taux de cr\u00e9dit inf\u00e9rieur \u00e0 la concurrence<\/strong><\/li>\n<\/ul>\n<p>[\/vc_column_text][\/vc_column_inner][\/vc_row_inner][\/vc_column][\/vc_row][vc_row][vc_column][vc_raw_html css=&#8221;.vc_custom_1655188842115{margin-top: 32px !important;margin-bottom: 55px !important;}&#8221;]JTNDaW5wdXQlMjBzdHlsZSUzRCUyMm1hcmdpbiUzQSUyMGF1dG8lM0JkaXNwbGF5JTNBJTIwYmxvY2slM0J3aWR0aCUzQSUyMDQwJTI1JTNCJTIyJTIwdHlwZSUzRCUyMmJ1dHRvbiUyMiUyMGNsYXNzJTNEJTIyYnRuJTIyJTIwaWQlM0QlMjJib3V0b24tc2F2b2lyLXBsdXMlMjIlMjB2YWx1ZSUzRCUyMkVuJTIwc2F2b2lyJTIwcGx1cyUyMiUzRSUwQSUzQ2RpdiUyMGlkJTNEJTIycGFyYWdyYXBoZS1jYWNoZSUyMiUyMHN0eWxlJTNEJTIyZGlzcGxheSUzQW5vbmUlM0J0ZXh0LWFsaWduJTNBanVzdGlmeSUzQiUyMiUzRSUwQSUzQ2gyJTIwY2xhc3MlM0QlMjJ0aXRsZS1sZWZ0JTIyJTNFQXBwcmVuZXolMjB0b3V0JTIwY2UlMjBxdWUlMjB2b3VzJTIwZGV2ZXolMjBzYXZvaXIlMjBzdXIlMjBsZSUyMHJlZmluYW5jZW1lbnQlMjBkZSUyMHZvdHJlJTIwcHIlQzMlQUF0JTIwYWN0dWVsJTIwJTIxJTIwJTNDJTJGaDIlM0VNdWx0aWNyZWRpdC5jaCUyMHZvdXMlMjBndWlkZSUyMGNpLWRlc3NvdXMlMjBldCUyMHByJUMzJUE5c2VudGUlMjBjZSUyMCVDMyVBMCUyMHF1b2klMjB2b3VzJTIwZGV2ZXolMjBmYWlyZSUyMGF0dGVudGlvbiUyMGxvcnNxdWUlMjB2b3VzJTIwciVDMyVBOXNpbGlleiUyMHVuJTIwcHIlQzMlQUF0JTIwZW4lMjAlQzMlQTljaGFuZ2UlMjBkJTI3dW4lMjBjaGFuZ2VtZW50JTIwZGUlMjBwciVDMyVBQXRldXIuJTBBJTBBQyUyN2VzdCUyMHRvdWpvdXJzJTIwdW5lJTIwbWF1dmFpc2UlMjBpZCVDMyVBOWUlMjBkZSUyMGNvbnRyYWN0ZXIlMjBkZSUyMG5vdXZlbGxlcyUyMGRldHRlcyUyMHBvdXIlMjBjb3V2cmlyJTIwdm9zJTIwcmVtYm91cnNlbWVudHMlMjByJUMzJUE5Z3VsaWVycyUyMGRlJTIwcHIlQzMlQUF0cyUyMGV4aXN0YW50cy4lMjBDZWxhJTIwbmUlMjBmZXJhJTIwcXUlMjdhbG91cmRpciUyMHZvdHJlJTIwY2hhcmdlJTIwZmluYW5jaSVDMyVBOHJlJTIwYXUlMjBsaWV1JTIwZGUlMjBsJTI3YWxsJUMzJUE5Z2VyLiUwQSUwQUNlcGVuZGFudCUyQyUyMHJlbXBsYWNlciUyMHZvdHJlJTIwcHIlQzMlQUF0JTIwZXhpc3RhbnQlMjBwYXIlMjB1biUyMHByJUMzJUFBdCUyMGVuJTIwbGlnbmUlMjBwbHVzJTIwYWJvcmRhYmxlJTIwcGV1dCUyMHMlMjdhdiVDMyVBOXJlciUyMHBheWFudCUyMGRhbnMlMjBjZXJ0YWlucyUyMGNhcy4lMjBMb3JzcXVlJTIwdm91cyUyMHJlZmluYW5jZXolMjB1biUyMHByJUMzJUFBdCUyQyUyMHZvdXMlMjByZW1wbGFjZXolMjBjb21wbCVDMyVBOHRlbWVudCUyMHZvdHJlJTIwcHIlQzMlQUF0JTIwZXhpc3RhbnQlMjBwYXIlMjB1bmUlMjBhbHRlcm5hdGl2ZSUyMG1vaW5zJTIwY2glQzMlQThyZS4lMEElM0NoMiUyMGNsYXNzJTNEJTIydGl0bGUtbGVmdCUyMiUzRUNvbWJpZW4lMjBjbyVDMyVCQnRlJTIwbGElMjByJUMzJUE5c2lsaWF0aW9uJTIwZCUyN3VuJTIwcHIlQzMlQUF0JTIwJTNGJTNDJTJGaDIlM0UlMEFDb25mb3JtJUMzJUE5bWVudCUyMCVDMyVBMCUyMGxhJTIwbG9pJTIwc3Vpc3NlJTIwc3VyJTIwbGUlMjBjciVDMyVBOWRpdCUyMCVDMyVBMCUyMGxhJTIwY29uc29tbWF0aW9uJTJDJTIwbGVzJTIwcHIlQzMlQUF0ZXVycyUyMG5lJTIwcGV1dmVudCUyMHBhcyUyMHZvdXMlMjBmYWN0dXJlciUyMGRlJTIwcCVDMyVBOW5hbGl0JUMzJUE5JTIwc2klMjB2b3VzJTIwciVDMyVBOXNpbGlleiUyMHVuJTIwcHIlQzMlQUF0JTIwYXZhbnQlMjBzb24lMjAlQzMlQTljaCVDMyVBOWFuY2UuJTIwVm91cyUyMHBvdXZleiUyMHJlbWJvdXJzZXIlMjB1biUyMHByJUMzJUFBdCUyMCVDMyVBMCUyMHRvdXQlMjBtb21lbnQlMkMlMjBzYW5zJTIwYXZvaXIlMjAlQzMlQTAlMjBwYXllciUyMGRlJTIwcCVDMyVBOW5hbGl0JUMzJUE5cyUyMHBvdXIlMjBjb3V2cmlyJTIwbGUlMjBtYW5xdWUlMjAlQzMlQTAlMjBnYWduZXIlMjBkdSUyMHByJUMzJUFBdGV1ciUyMHN1ciUyMGxlcyUyMHBhaWVtZW50cyUyMGQlMjdpbnQlQzMlQTlyJUMzJUFBdHMlMjBmdXR1cnMuJTIwJTBBJTBBRW4lMjBmYWl0JTJDJTIwdG91cyUyMGxlcyUyMHByZXN0YXRhaXJlcyUyMHN1aXNzZXMlMjBhY2NlcHRlbnQlMjBsZXMlMjByYWNoYXRzJTIwZGUlMjBjciVDMyVBOWRpdHMuJTIwQ2VydGFpbnMlMjBwcmVzdGF0YWlyZXMlMkMlMjBjb21tZSUyMGxhJTIwQmFucXVlJTIwTWlncm9zJTJDJTIwZXhpZ2VudCUyMG0lQzMlQUFtZSUyMHF1ZSUyMHZvdXMlMjB0cmFuc2YlQzMlQTlyaWV6JTIwJUMzJUE5Z2FsZW1lbnQlMjBkZXMlMjBjciVDMyVBOWRpdHMlMjBleGlzdGFudHMlMjBhdXByJUMzJUE4cyUyMGQlMjdhdXRyZXMlMjBwciVDMyVBQXRldXJzJTIwbG9yc3F1ZSUyMHZvdXMlMjBjb250cmFjdGV6JTIwdW4lMjBwciVDMyVBQXQuJTIwJTBBJTBBRGFucyUyMGxlJTIwY2FzJTIwZCUyN3VuJTIwcmVmaW5hbmNlbWVudCUyQyUyMGxlcyUyMG5vdXZlYXV4JTIwcHIlQzMlQUF0ZXVycyUyMGV4aWdlbnQlMjBnJUMzJUE5biVDMyVBOXJhbGVtZW50JTIwdW4lMjBkJUMzJUE5Y29tcHRlJTIwZmluYWwlMjBkdSUyMGRlcm5pZXIlMjBmb3Vybmlzc2V1ciUyMGRlJTIwY3IlQzMlQTlkaXQuJTIwTWFsaGV1cmV1c2VtZW50JTJDJTIwY2VsYSUyMGVudHJhJUMzJUFFbmUlMjBkZXMlMjBjbyVDMyVCQnRzJTIwZGFucyUyMGNlcnRhaW5lcyUyMGJhbnF1ZXMlMjBkZSUyMGNyJUMzJUE5ZGl0LiUyMFBhciUyMGV4ZW1wbGUlMkMlMjBDZW1icmElMjBNb25leSUyMEJhbmslMjBmYWN0dXJlJTIwZGVzJTIwZnJhaXMlMjBkZSUyMDE1MCUyMENIRiUyMHBvdXIlMjB1biUyMGQlQzMlQTljb21wdGUlMjBmaW5hbCUyMGR1JTIwcHIlQzMlQUF0LiUyMEJhbmstbm93JTIwZXN0JTIwdW4lMjBwZXUlMjBwbHVzJTIwY29tcGxpcXUlQzMlQTllJTIwZXQlMjBmYWN0dXJlJTIwZGVzJTIwZnJhaXMlMjBwb3VyJTIwbGUlMjBkJUMzJUE5Y29tcHRlJTIwZmluYWwlMkMlMjBxdWklMjB2YXJpZW50JTIwZW4lMjBmb25jdGlvbiUyMGR1JTIwcHIlQzMlQUF0JTIwJTI4bWF4aW11bSUyMDIwMCUyMENIRiUyOS4lMEElM0NoMiUyMGNsYXNzJTNEJTIydGl0bGUtbGVmdCUyMiUzRVJlZmluYW5jZW1lbnQlMjBkdSUyMGNyJUMzJUE5ZGl0JTIwJTNBJTIwY2VsYSUyMHZhdXQtaWwlMjBsYSUyMHBlaW5lJTIwJTNGJTNDJTJGaDIlM0UlMEFMJTI3aW50JUMzJUE5ciVDMyVBQXQlMjBkJTI3dW4lMjByZWZpbmFuY2VtZW50JTIwZGUlMjBjciVDMyVBOWRpdCUyMGQlQzMlQTlwZW5kJTIwZGVzJTIwY2hhcmdlcyUyMGQlMjdpbnQlQzMlQTlyJUMzJUFBdHMlMjBkdSUyMGNyJUMzJUE5ZGl0JTIwZXhpc3RhbnQlMjBwYXIlMjByYXBwb3J0JTIwYXUlMjBub3V2ZWF1JTIwY3IlQzMlQTlkaXQuJTIwJUMzJTg5dGFudCUyMGRvbm4lQzMlQTklMjBxdWUlMjBsZXMlMjBjaGFyZ2VzJTIwZCUyN2ludCVDMyVBOXIlQzMlQUF0cyUyMGF1Z21lbnRlbnQlMjBsb3JzcXVlJTIwbGUlMjB0YXV4JTIwZCUyN2ludCVDMyVBOXIlQzMlQUF0JTIwYW5udWVsJTIwZWZmZWN0aWYlMjBhdWdtZW50ZSUyQyUyMGlsJTIwY29udmllbnQlMjBkJTI3ZW52aXNhZ2VyJTIwdW4lMjAlQzMlQTl0YWJsaXNzZW1lbnQlMjBmaW5hbmNpZXIlMjBkb250JTIwbGUlMjB0YXV4JTIwZCUyN2ludCVDMyVBOXIlQzMlQUF0JTIwYW5udWVsJTIwZXN0JTIwcGx1cyUyMGZhaWJsZSUyMHBvdXIlMjBsZSUyMHJlbXBsYWNlbWVudCUyMGRlJTIwbGElMjBkZXR0ZS4lMEElMEFTaSUyMGxhJTIwZGlmZiVDMyVBOXJlbmNlJTIwZGUlMjBjbyVDMyVCQnQlMjBkdSUyMGNyJUMzJUE5ZGl0JTIwcG91ciUyMGxhJTIwZHVyJUMzJUE5ZSUyMHJlc3RhbnRlJTIwZXN0JTIwYXVzc2klMjAlQzMlQTlsZXYlQzMlQTllJTJDJTIwYyUyN2VzdC0lQzMlQTAtZGlyZSUyMHF1ZSUyMGxlJTIwbm91dmVhdSUyMGNyJUMzJUE5ZGl0JTIwZXN0JTIwbmV0dGVtZW50JTIwbW9pbnMlMjBjaGVyJTJDJTIwbGUlMjByZWZpbmFuY2VtZW50JTIwZHUlMjBwciVDMyVBQXQlMjBlc3QlMjBjZXJ0YWluZW1lbnQlMjBhdmFudGFnZXV4LiUyMFZvdXMlMjBwb3V2ZXolMjBmYWNpbGVtZW50JTIwY29tcGFyZXIlMjBsZXMlMjBjbyVDMyVCQnRzJTIwc2klMjB2b3VzJTIwdm91cyUyMGFkcmVzc2V6JTIwJUMzJUEwJTIwbm9zJTIwZXhwZXJ0cyUyMHBvdXIlMjBvYnRlbmlyJTIwdW5lJTIwb2ZmcmUlMjBzYW5zJTIwb2ZmcmUlMjBldCUyMHNhbnMlMjBlbmdhZ2VtZW50LiUyMCUwQSUwQUwlMjdleGVtcGxlJTIwc3VpdmFudCUyMHBldXQlMjBpbGx1c3RyZXIlMjBsZSUyMGNhbGN1bCUyMGR1JTIwcmVmaW5hbmNlbWVudCUyMCUzQSUyMFZvdXMlMjBhdmV6JTIwY29udHJhY3QlQzMlQTklMjB1biUyMHByJUMzJUFBdCUyMHBlcnNvbm5lbCUyMGRlJTIwNTAlMjAwMDAlMjBmcmFuY3MlMjBzdWlzc2VzJTIwYXZlYyUyMHVuZSUyMGR1ciVDMyVBOWUlMjBkZSUyMDg0JTIwbW9pcyUyMGV0JTIwdW4lMjB0YXV4JTIwZCUyN2ludCVDMyVBOXIlQzMlQUF0JTIwZGUlMjA5JTJDOSUyNSUyQyUyMGNvbmR1aXNhbnQlMjAlQzMlQTAlMjB1biUyMGNvJUMzJUJCdCUyMHRvdGFsJTIwZGVzJTIwaW50JUMzJUE5ciVDMyVBQXRzJTIwZGUlMjAxOCVFMiU4MCU5OTU5NiUyMGZyYW5jcyUyMHN1aXNzZXMuJTIwQXByJUMzJUE4cyUyMHVuJTIwYW4lMkMlMjB2b3VzJTIwZCVDMyVBOWNpZGV6JTIwZGUlMjByZWZpbmFuY2VyJTIwbGUlMjBwciVDMyVBQXQlMjBwYXIlMjB1biUyMG5vdXZlYXUlMkMlMjBjYXIlMjBvbiUyMHZvdXMlMjBwcm9wb3NlJTIwdW4lMjBub3V2ZWF1JTIwdGF1eCUyMGQlMjdpbnQlQzMlQTlyJUMzJUFBdCUyMGRlJTIwNSUyQzklMjAlMjUlMkMlMjBjZSUyMHF1aSUyMGRvbm5lJTIwdW4lMjBjbyVDMyVCQnQlMjB0b3RhbCUyMGRlcyUyMGludCVDMyVBOXIlQzMlQUF0cyUyMHBvdXIlMjBsZXMlMjA3MiUyMG1vaXMlMjByZXN0YW50cyUyMGRlJTIwOSUyMDIzMiUyMGZyYW5jcyUyMHN1aXNzZXMuJTBBJTBBR3IlQzMlQTJjZSUyMCVDMyVBMCUyMGNlJTIwY2hhbmdlbWVudCUyQyUyMHZvdXMlMjAlQzMlQTljb25vbWlzZXolMjBkZXMlMjBmcmFpcyUyMGQlMjdpbnQlQzMlQTlyJUMzJUFBdCUyMGQlMjdlbnZpcm9uJTIwNiVFMiU4MCU5OTAwMCUyMGZyYW5jcyUyMGp1c3F1JTI3JUMzJUEwJTIwbGElMjBmaW4lMjBkdSUyMHRlcm1lLiUyMERlJTIwY2UlMjBtb250YW50JTJDJTIwdm91cyUyMGRldmV6JTIwZW5jb3JlJTIwZCVDMyVBOWR1aXJlJTIwbGVzJTIwZnJhaXMlMjAlQzMlQTl2ZW50dWVscyUyMGZhY3R1ciVDMyVBOXMlMjBwYXIlMjBsJTI3YW5jaWVuJTIwJUMzJUE5dGFibGlzc2VtZW50JTIwYmFuY2FpcmUlMjBkZSUyMGNyJUMzJUE5ZGl0JTIwcG91ciUyMHVuJTIwZCVDMyVBOWNvbXB0ZSUyMGZpbmFsLiUyMFNpJTIwY2VzJTIwZnJhaXMlMjBzJTI3JUMzJUE5bCVDMyVBOHZlbnQlMjBwYXIlMjBleGVtcGxlJTIwJUMzJUEwJTIwMTUwJTIwZnJhbmNzJTJDJTIwdm91cyUyMCVDMyVBOWNvbm9taXNleiUyMGF1JTIwdG90YWwlMjBlbnZpcm9uJTIwNSUyMDg1MCUyMGZyYW5jcy4lMEElMEFDb21tZSUyMGxlJTIwY28lQzMlQkJ0JTIwZHUlMjB0YXV4JTIwZCUyN2ludCVDMyVBOXIlQzMlQUF0JTIwYXUlMjBkJUMzJUE5YnV0JTIwZGUlMjBsYSUyMHAlQzMlQTlyaW9kZSUyMGQlMjdlbXBydW50JTIwZXN0JTIwcGx1cyUyMCVDMyVBOWxldiVDMyVBOSUyMGV0JTIwZGltaW51ZSUyMGF2ZWMlMjBsZSUyMHRlbXBzJTJDJTIwTXVsdGlDcmVkaXQlMjBjb25zZWlsbGUlMjAlQzMlQTAlMjBzZXMlMjBjbGllbnRzJTIwZCUyN2VudmlzYWdlciUyMHVuJTIwcmVmaW5hbmNlbWVudCUyMGRlJTIwY3IlQzMlQTlkaXQlMjBkYW5zJTIwbGVzJTIwcHJlbWklQzMlQThyZXMlMjBhbm4lQzMlQTllcyUyMGRlJTIwbGElMjBkdXIlQzMlQTllJTIwZHUlMjBwciVDMyVBQXQlMkMlMjBjYXIlMjBjZWxhJTIwcGVybWV0JTIwZGUlMjByJUMzJUE5YWxpc2VyJTIwZGVzJTIwJUMzJUE5Y29ub21pZXMlMjBwbHVzJTIwaW1wb3J0YW50ZXMuJTIwJTBBJTNDaDIlMjBjbGFzcyUzRCUyMnRpdGxlLWxlZnQlMjIlM0VNYWxoZXVyZXVzZW1lbnQlMkMlMjBsZSUyMHJlZmluYW5jZW1lbnQlMjBuJTI3ZXN0JTIwcGFzJTIwdG91am91cnMlMjBwb3NzaWJsZSUyMCUyMSUzQyUyRmgyJTNFSWwlMjBwZXV0JTIwJUMzJUFBdHJlJTIwYXNzZXolMjBmYWNpbGUlMjBkZSUyMHRyb3V2ZXIlMjB1biUyMHByJUMzJUFBdCUyMHF1aSUyMGNvJUMzJUJCdGUlMjBtb2lucyUyMGNoZXIlMjBxdWUlMjB2b3RyZSUyMHByJUMzJUFBdCUyMGFjdHVlbCUyQyUyMG1haXMlMjBsZSUyMHJlZmluYW5jZW1lbnQlMjBhdmVjJTIwZGVzJTIwcHIlQzMlQUF0cyUyMHBsdXMlMjBhYm9yZGFibGVzJTIwbiUyN2VzdCUyMHBhcyUyMHRvdWpvdXJzJTIwcG9zc2libGUuJTIwTGElMjByYWlzb24lMjBlbiUyMGVzdCUyMHF1ZSUyMGxlcyUyMHByJUMzJUFBdGV1cnMlMjBsZXMlMjBtb2lucyUyMGNoZXJzJTIwJTI4Zm91cm5pc3NldXJzJTIwZGUlMjBwciVDMyVBQXRzJTIwJUMzJUEwJTIwZmFpYmxlJTIwY28lQzMlQkJ0JTI5JTIwZml4ZW50JTIwc291dmVudCUyMGRlcyUyMGV4aWdlbmNlcyUyMCVDMyVBOWxldiVDMyVBOWVzJTIwcG91ciUyMGwlMjdvY3Ryb2klMjBkZXMlMjBkZW1hbmRlcyUyMGRlJTIwcHIlQzMlQUF0LiUyMCUwQSUwQUlsJTIwZXN0JTIwZG9uYyUyMGltcG9ydGFudCUyMHF1ZSUyMHZvdXMlMjBvYnRlbmlleiUyMGxhJTIwY29uZmlybWF0aW9uJTIwZCUyN3VuJTIwcmVtcGxhY2VtZW50JTIwZGUlMjBwciVDMyVBQXQlMjBkZSUyMGxhJTIwcGFydCUyMGR1JTIwbm91dmVhdSUyMHByJUMzJUFBdGV1ciUyMGF2YW50JTIwZCUyN2FubnVsZXIlMjB2b3RyZSUyMHByJUMzJUFBdCUyMGF1cHIlQzMlQThzJTIwZGUlMjBsJTI3YW5jaWVuJTIwJUMzJUE5dGFibGlzc2VtZW50JTIwYmFuY2FpcmUlMkMlMjBjZSUyMHF1aSUyMHZvdXMlMjAlQzMlQTl2aXRlcmElMjBkJTI3JUMzJUFBdHJlJTIwYmxvcXUlQzMlQTklMjBzaSUyMGxlJTIwbm91dmVhdSUyMHByJUMzJUFBdGV1ciUyMGZpbml0JTIwcGFyJTIwdm91cyUyMHJlamV0ZXIlMjBzaSUyMHZvdXMlMjBuZSUyMHIlQzMlQTlwb25kZXolMjBwYXMlMjAlQzMlQTAlMjBzZXMlMjBjcml0JUMzJUE4cmVzJTBBJTBBJTNDaDIlMjBjbGFzcyUzRCUyMnRpdGxlLWxlZnQlMjIlM0VBdWdtZW50ZXIlMjBsZSUyMG1vbnRhbnQlMjBvdSUyMGxhJTIwZHVyJUMzJUE5ZSUyMGQlMjd1biUyMHByJUMzJUFBdCUzQyUyRmgyJTNFJTBBU2klMjB2b3VzJTIwYXZleiUyMGJlc29pbiUyMGRlJTIwcGx1cyUyMGQlMjdhcmdlbnQlMjBxdWUlMjBsZSUyMG1vbnRhbnQlMjBkZSUyMHZvdHJlJTIwcHIlQzMlQUF0JTIwZXhpc3RhbnQlMkMlMjBpbCUyMGVzdCUyMGNvdXJhbnQlMjBkZSUyMHJlZmluYW5jZXIlMjB2b3RyZSUyMHByJUMzJUFBdCUyMGFjdHVlbCUyMHBhciUyMHVuJTIwcHIlQzMlQUF0JTIwcGx1cyUyMGltcG9ydGFudC4lMjBWb3VzJTIwcG91dmV6JTIwJUMzJUE5Z2FsZW1lbnQlMjByZWZpbmFuY2VyJTIwdm90cmUlMjBwciVDMyVBQXQlMjBhY3R1ZWwlMjBwYXIlMjB1biUyMG5vdXZlYXUlMjBwciVDMyVBQXQlMjBkb250JTIwbGElMjBkdXIlQzMlQTllJTIwZCUyN2Ftb3J0aXNzZW1lbnQlMjBlc3QlMjAlQzMlQTlnYWxlbWVudCUyMHBsdXMlMjBsb25ndWUlMkMlMjB0b3V0JTIwZW4lMjBjb25zZXJ2YW50JTIwbGUlMjBtJUMzJUFBbWUlMjBtb250YW50LiUyMEJpZW4lMjBxdWUlMjBjZWxhJTIwcHVpc3NlJTIwY29udHJpYnVlciUyMCVDMyVBMCUyMGF0dCVDMyVBOW51ZXIlMjBsZSUyMHN0cmVzcyUyMGZpbmFuY2llciUyQyUyMHZvdXMlMjBkZXZleiUyMGNvbXByZW5kcmUlMjBxdWUlMjBwbHVzJTIwbGElMjBkdXIlQzMlQTllJTIwZHUlMjBwciVDMyVBQXQlMjBlc3QlMjBsb25ndWUlMkMlMjBwbHVzJTIwbGUlMjBjbyVDMyVCQnQlMjB0b3RhbCUyMGR1JTIwcHIlQzMlQUF0JTIwc2VyYSUyMCVDMyVBOWxldiVDMyVBOS4lMEElMEElMEElM0NoMiUyMGNsYXNzJTNEJTIydGl0bGUtbGVmdCUyMiUzRVF1ZWxsZXMlMjBzb250JTIwbGVzJTIwJUMzJUE5dGFwZXMlMjAlQzMlQTAlMjBzdWl2cmUlMjBwb3VyJTIwcmVmaW5hbmNlciUyMHVuJTIwcHIlQzMlQUF0JTIwZW4lMjBTdWlzc2UlQzIlQTAlM0YlM0MlMkZoMiUzRTEuJTA5Q29tcGFyZXolMjBsZXMlMjBjbyVDMyVCQnRzJTIwZGVzJTIwdGF1eCUyMGQlMjdpbnQlQzMlQTlyJUMzJUFBdCUyMHBvdXIlMjBsYSUyMHAlQzMlQTlyaW9kZSUyMHJlc3RhbnRlJTIwZGUlMjB2b3RyZSUyMGNyJUMzJUE5ZGl0JTIwZXhpc3RhbnQlMjBhdmVjJTIwY2V1eCUyMGQlMjdhdXRyZXMlMjBvZmZyZXMlMjBkZSUyMHByJUMzJUFBdCUyMC0lM0UlMjBjZXMlMjBpbmZvcm1hdGlvbnMlMjB2b3VzJTIwc2Vyb250JTIwZm91cm5pZXMlMjBwYXIlMjBub3MlMjBleHBlcnRzJTIwZGFucyUyMHVuZSUyMG9mZnJlJTIwZCVDMyVBOXRhaWxsJUMzJUE5ZSUyMHNhbnMlMjBlbmdhZ2VtZW50LiUyME5vcyUyMGV4cGVydHMlMjBjYWxjdWxlcm9udCUyMCVDMyVBOWdhbGVtZW50JTIwbGUlMjBwb3RlbnRpZWwlMjBkJTI3JUMzJUE5Y29ub21pZSUyMGR1JTIwcmVmaW5hbmNlbWVudCUyQyUyMGFmaW4lMjBxdWUlMjB2b3VzJTIwcHVpc3NpZXolMjBwcmVuZHJlJTIwdW5lJTIwZCVDMyVBOWNpc2lvbiUyMGZhY2lsZS4lMEElMEEyLiUwOVRlbmV6JTIwY29tcHRlJTIwZGVzJTIwZnJhaXMlMjBmYWN0dXIlQzMlQTlzJTIwcGFyJTIwdm90cmUlMjBwciVDMyVBQXRldXIlMjBhY3R1ZWwlMjBwb3VyJTIwdW4lMjBkJUMzJUE5Y29tcHRlJTIwZmluYWwlMjBkdSUyMHByJUMzJUFBdCUyMC0lM0UlMjBsZXMlMjBleHBlcnRzJTIwZGUlMjBNdWx0aUNyZWRpdCUyMHZvdXMlMjBjb21tdW5pcXVlcm9udCUyMGNlJTIwbW9udGFudCUyQyUyMGlsJTIwbiUyN2VzdCUyMGRvbmMlMjBwYXMlMjBuJUMzJUE5Y2Vzc2FpcmUlMjBkZSUyMGNoZXJjaGVyJTIwY2V0dGUlMjBpbmZvcm1hdGlvbi4lMjBUYW50JTIwcXVlJTIwY2VzJTIwZnJhaXMlMjBzb250JTIwaW5mJUMzJUE5cmlldXJzJTIwYXV4JTIwJUMzJUE5Y29ub21pZXMlMjBwb3RlbnRpZWxsZXMlMjBsaSVDMyVBOWVzJTIwYXUlMjByZWZpbmFuY2VtZW50JTIwZGUlMjB2b3RyZSUyMHByJUMzJUFBdCUyQyUyMGlsJTIwZXN0JTIwbm9ybWFsZW1lbnQlMjBhdmFudGFnZXV4JTIwZGUlMjBwYXNzZXIlMjBhdSUyMHByJUMzJUFBdCUyMGxlJTIwbW9pbnMlMjBjaGVyLiUwQSUwQTMuJTA5Q29uZmlybWV6JTIwbGElMjBub3V2ZWxsZSUyMG9mZnJlJTIwZGUlMjByZWZpbmFuY2VtZW50JTIwYXZhbnRhZ2V1c2UlMjBkdSUyMG5vdXZlYXUlMjBwciVDMyVBQXRldXIuJTIwJTBBNC4lMDlBbm51bGV6JTIwdm90cmUlMjBwciVDMyVBQXQlMjBhY3R1ZWwlMjAtJTNFJTIwTXVsdGlDcmVkaXQlMjBzZSUyMGNoYXJnZSUyMGRlJTIwY2V0dGUlMjB0JUMzJUEyY2hlJTIwZXQlMjBkZSUyMHRvdXQlMjBhdXRyZSUyMHRyYXZhaWwlMjBhZG1pbmlzdHJhdGlmJTIwcG91ciUyMHZvdXMlMkMlMjB2b3VzJTIwbiUyN2F2ZXolMjBwYXMlMjAlQzMlQTAlMjB2b3VzJTIwZW4lMjBzb3VjaWVyLiUwQSUzQyUyRmRpdiUzRQ==[\/vc_raw_html][\/vc_column][\/vc_row]<\/section>\n","protected":false},"excerpt":{"rendered":"<p>Pour faire des \u00e9conomies : rachetez !<\/p>\n","protected":false},"author":4,"featured_media":11596,"parent":240,"menu_order":0,"comment_status":"closed","ping_status":"closed","template":"template-rachat.php","meta":{"inline_featured_image":false,"footnotes":"","_links_to":"","_links_to_target":""},"categories":[35],"class_list":["post-256","page","type-page","status-publish","has-post-thumbnail","hentry","category-rachat-de-credit"],"_links":{"self":[{"href":"https:\/\/multicredit.ch\/fr\/wp-json\/wp\/v2\/pages\/256","targetHints":{"allow":["GET"]}}],"collection":[{"href":"https:\/\/multicredit.ch\/fr\/wp-json\/wp\/v2\/pages"}],"about":[{"href":"https:\/\/multicredit.ch\/fr\/wp-json\/wp\/v2\/types\/page"}],"author":[{"embeddable":true,"href":"https:\/\/multicredit.ch\/fr\/wp-json\/wp\/v2\/users\/4"}],"replies":[{"embeddable":true,"href":"https:\/\/multicredit.ch\/fr\/wp-json\/wp\/v2\/comments?post=256"}],"version-history":[{"count":28,"href":"https:\/\/multicredit.ch\/fr\/wp-json\/wp\/v2\/pages\/256\/revisions"}],"predecessor-version":[{"id":27703,"href":"https:\/\/multicredit.ch\/fr\/wp-json\/wp\/v2\/pages\/256\/revisions\/27703"}],"up":[{"embeddable":true,"href":"https:\/\/multicredit.ch\/fr\/wp-json\/wp\/v2\/pages\/240"}],"wp:featuredmedia":[{"embeddable":true,"href":"https:\/\/multicredit.ch\/fr\/wp-json\/wp\/v2\/media\/11596"}],"wp:attachment":[{"href":"https:\/\/multicredit.ch\/fr\/wp-json\/wp\/v2\/media?parent=256"}],"wp:term":[{"taxonomy":"category","embeddable":true,"href":"https:\/\/multicredit.ch\/fr\/wp-json\/wp\/v2\/categories?post=256"}],"curies":[{"name":"wp","href":"https:\/\/api.w.org\/{rel}","templated":true}]}}