{"id":254,"date":"2020-03-10T09:55:50","date_gmt":"2020-03-10T09:55:50","guid":{"rendered":"https:\/\/multicredit.ch\/wp\/?page_id=254"},"modified":"2021-05-26T08:00:44","modified_gmt":"2021-05-26T08:00:44","slug":"credits-divers","status":"publish","type":"page","link":"https:\/\/multicredit.ch\/fr\/credit\/credits-divers\/","title":{"rendered":"Cr\u00e9dits divers"},"content":{"rendered":"<section class=\"wpb-content-wrapper\">[vc_row el_class=&#8221;white-bck bigpadding&#8221;][vc_column data_aos=&#8221;fade-in&#8221;]<\/p>\n<div class=\"blocktitle title-center title-dark\" clearfix\"><H2><span class=\"ez-toc-section\" id=\"Un_projet_des_credits_divers\"><\/span>Un projet, des cr\u00e9dits divers<\/H2><\/p>\n<h4>Un projet ? Besoin de savoir ce que vous permet votre situation actuelle ?<\/h4>\n<\/div>\n<p>[vc_column_text el_class=&#8221;maxwidth&#8221;]<\/p>\n<p style=\"text-align: center;\">Quel que soit votre projet vous pouvez b\u00e9n\u00e9ficier d\u2019un cr\u00e9dit ou de plusieurs cr\u00e9dits divers pour un financement pr\u00e9cis ou du versement sur votre compte d\u2019un montant dont vous disposez librement en toute confidentialit\u00e9.<\/p>\n<p style=\"text-align: center;\">Gr\u00e2ce \u00e0 MultiCredit, b\u00e9n\u00e9ficiez des meilleurs taux du march\u00e9 de CHF 3&#8217;000 \u00e0 CHF 400&#8217;000.<\/p>\n<p style=\"text-align: center;\"><strong>Nos sp\u00e9cialistes s&#8217;occupent de tout et prennent gratuitement en charge le traitement de votre dossier administratif pour vous simplifier la vie!<\/strong><\/p>\n<p>[\/vc_column_text][\/vc_column][\/vc_row][vc_row full_width=&#8221;stretch_row&#8221; content_placement=&#8221;middle&#8221; el_class=&#8221;lightgrey-bck diagonal-bottom-bck bigpadding&#8221;][vc_column width=&#8221;1\/2&#8243; data_aos=&#8221;fade-in&#8221; data_aos_delay=&#8221;250&#8243; el_class=&#8221;checklist&#8221;]<\/p>\n<div class=\"blocktitle title-left title-dark\" clearfix\"><H2><span class=\"ez-toc-section\" id=\"Faire_un_pret_en_Suisse_sans_justificatif\"><\/span>Faire un pr\u00eat en Suisse sans justificatif<\/H2><\/p>\n<h4>MultiCredit vous conseille pour choisir un \u00ab cr\u00e9dit responsable \u00bb, le reste vous regarde.<\/h4>\n<\/div>\n<p>[vc_column_text]<\/p>\n<ul>\n<li>Le remboursement du pr\u00eat s&#8217;effectue sur une dur\u00e9e comprise entre 12 \u00e0 84 mois<\/li>\n<\/ul>\n<ul>\n<li>B\u00e9n\u00e9ficiez de mensualit\u00e9s fixes n\u00e9goci\u00e9es au meilleur taux d\u2019int\u00e9r\u00eat du march\u00e9<\/li>\n<li>Recevez un dossier clair et lisible pour une budg\u00e9tisation facilit\u00e9e<\/li>\n<li>Adaptez les modalit\u00e9s de votre pr\u00eat pour faire des \u00e9conomies<\/li>\n<li>B\u00e9n\u00e9ficiez de notre service en ligne s\u00e9curis\u00e9<\/li>\n<\/ul>\n<p><strong><br \/>\nMaintenez la confidentialit\u00e9 de votre projet. Aucun justificatif de d\u00e9pense n\u2019est n\u00e9cessaire.<\/strong>[\/vc_column_text][\/vc_column][vc_column width=&#8221;1\/2&#8243; data_aos=&#8221;fade-left&#8221;][vc_single_image image=&#8221;11526&#8243; img_size=&#8221;full&#8221; alignment=&#8221;center&#8221; css_animation=&#8221;none&#8221;][\/vc_column][\/vc_row][vc_row content_placement=&#8221;middle&#8221; el_class=&#8221;white-bck bigpadding checklist&#8221;][vc_column width=&#8221;1\/2&#8243; data_aos=&#8221;fade-right&#8221;][vc_single_image image=&#8221;11501&#8243; img_size=&#8221;full&#8221; alignment=&#8221;center&#8221; css_animation=&#8221;none&#8221;][\/vc_column][vc_column width=&#8221;1\/2&#8243; data_aos=&#8221;fade-in&#8221; data_aos_delay=&#8221;250&#8243;]<\/p>\n<div class=\"blocktitle title-left title-dark\" clearfix\"><H2><span class=\"ez-toc-section\" id=\"Les_credits_divers_une_solution_flexible\"><\/span>Les cr\u00e9dits divers: une solution flexible<\/H2><\/p>\n<h4>Analyse et offre sur-mesure sont les cl\u00e9s de votre s\u00e9r\u00e9nit\u00e9.<\/h4>\n<\/div>\n<p>[vc_column_text]<\/p>\n<ul>\n<li>Choisissez librement le montant n\u00e9cessaire \u00e0 votre projet<\/li>\n<li>Dur\u00e9e de remboursement adaptable<\/li>\n<li>Remboursement anticip\u00e9 possible avec baisse des int\u00e9r\u00eats<\/li>\n<li>Pour <a href=\"https:\/\/www.seco.admin.ch\/seco\/fr\/home\/Arbeit\/Personenfreizugigkeit_Arbeitsbeziehungen\/schwarzarbeit\/Arbeit_korrekt_melden\/Selbstaendige.html\" target=\"_blank\" rel=\"noopener\">personnes salari\u00e9es fixes ou temporaires<\/a><\/li>\n<li>Solutions compl\u00e9mentaires pour all\u00e9ger vos remboursements et mensualit\u00e9s<\/li>\n<\/ul>\n<p>[\/vc_column_text][\/vc_column][\/vc_row][vc_row full_width=&#8221;stretch_row&#8221; content_placement=&#8221;middle&#8221; el_class=&#8221;lightgrey-bck bigpadding checklist comp-neg-margin-bottom&#8221;][vc_column data_aos=&#8221;fade-in&#8221;]<\/p>\n<div class=\"blocktitle title-center title-dark\" clearfix\"><H2><span class=\"ez-toc-section\" id=\"Nos_solutions_Vos_avantages\"><\/span>Nos solutions, Vos avantages<\/H2><\/p>\n<h4>Nous faisons encore plus pour vous.<\/h4>\n<\/div>\n<p>[vc_row_inner css=&#8221;.vc_custom_1586932436543{padding-top: 48px !important;padding-bottom: 48px !important;}&#8221;][vc_column_inner width=&#8221;1\/2&#8243;][vc_column_text]<\/p>\n<ul>\n<li>\u00c9tude gratuite et confidentielle<\/li>\n<li>Envoi rapide et gratuit de notre offre sans obligation<\/li>\n<li>En cas d&#8217;accord ; r\u00e9ception de votre argent dans les 14 jours apr\u00e8s signature du contrat<\/li>\n<li>Contactez-nous pour b\u00e9n\u00e9ficier d\u2019une offre aux meilleures conditions du march\u00e9<\/li>\n<li>Si vous avez d\u00e9j\u00e0 des cr\u00e9dits en cours, avec nos solutions, faites des \u00e9conomies<\/li>\n<\/ul>\n<p>[\/vc_column_text][\/vc_column_inner][vc_column_inner width=&#8221;1\/2&#8243;][vc_column_text]<\/p>\n<ul>\n<li><strong>S\u00e9curit\u00e9 et confidentialit\u00e9<\/strong><\/li>\n<li><strong>Proximit\u00e9 et responsabilit\u00e9<\/strong><\/li>\n<li><strong>Prise en charge garantie en moins de 24h<\/strong><\/li>\n<li><strong>Taux de cr\u00e9dit inf\u00e9rieur \u00e0 la concurrence<\/strong><\/li>\n<\/ul>\n<p>[\/vc_column_text][\/vc_column_inner][\/vc_row_inner][vc_column_text el_class=&#8221;maxwidth&#8221;]<\/p>\n<p style=\"text-align: center;\">Quel que soit votre projet, MultiCredit vous propose d&#8217;effectuer votre demande en ligne de mani\u00e8re rapide, gratuite et enti\u00e8rement confidentielle. Choisissez le montant souhait\u00e9 en fonction de votre besoin.<\/p>\n<p style=\"text-align: center;\"><a href=\"https:\/\/multicredit.ch\/fr\/demande-de-credit\/\"><strong>Demandez-nous conseil. Confiez votre dossier \u00e0 un sp\u00e9cialiste.<\/strong><\/a><\/p>\n<p>[\/vc_column_text][\/vc_column][\/vc_row]<\/section>\n","protected":false},"excerpt":{"rendered":"<p>Votre situation est particuli\u00e8re? Nos solutions aussi<\/p>\n","protected":false},"author":4,"featured_media":11569,"parent":235,"menu_order":0,"comment_status":"closed","ping_status":"closed","template":"template-credit.php","meta":{"inline_featured_image":false,"footnotes":"","_links_to":"","_links_to_target":""},"categories":[33],"class_list":["post-254","page","type-page","status-publish","has-post-thumbnail","hentry","category-credit"],"_links":{"self":[{"href":"https:\/\/multicredit.ch\/fr\/wp-json\/wp\/v2\/pages\/254","targetHints":{"allow":["GET"]}}],"collection":[{"href":"https:\/\/multicredit.ch\/fr\/wp-json\/wp\/v2\/pages"}],"about":[{"href":"https:\/\/multicredit.ch\/fr\/wp-json\/wp\/v2\/types\/page"}],"author":[{"embeddable":true,"href":"https:\/\/multicredit.ch\/fr\/wp-json\/wp\/v2\/users\/4"}],"replies":[{"embeddable":true,"href":"https:\/\/multicredit.ch\/fr\/wp-json\/wp\/v2\/comments?post=254"}],"version-history":[{"count":37,"href":"https:\/\/multicredit.ch\/fr\/wp-json\/wp\/v2\/pages\/254\/revisions"}],"predecessor-version":[{"id":15395,"href":"https:\/\/multicredit.ch\/fr\/wp-json\/wp\/v2\/pages\/254\/revisions\/15395"}],"up":[{"embeddable":true,"href":"https:\/\/multicredit.ch\/fr\/wp-json\/wp\/v2\/pages\/235"}],"wp:featuredmedia":[{"embeddable":true,"href":"https:\/\/multicredit.ch\/fr\/wp-json\/wp\/v2\/media\/11569"}],"wp:attachment":[{"href":"https:\/\/multicredit.ch\/fr\/wp-json\/wp\/v2\/media?parent=254"}],"wp:term":[{"taxonomy":"category","embeddable":true,"href":"https:\/\/multicredit.ch\/fr\/wp-json\/wp\/v2\/categories?post=254"}],"curies":[{"name":"wp","href":"https:\/\/api.w.org\/{rel}","templated":true}]}}