{"id":252,"date":"2020-03-10T09:55:39","date_gmt":"2020-03-10T09:55:39","guid":{"rendered":"https:\/\/multicredit.ch\/wp\/?page_id=252"},"modified":"2021-08-07T09:11:45","modified_gmt":"2021-08-07T09:11:45","slug":"pret-medical","status":"publish","type":"page","link":"https:\/\/multicredit.ch\/fr\/credit\/pret-medical\/","title":{"rendered":"Obtenez un pr\u00eat m\u00e9dical \/ sant\u00e9 pour vos besoins urgents"},"content":{"rendered":"<section class=\"wpb-content-wrapper\">[vc_row el_class=&#8221;white-bck bigpadding&#8221;][vc_column]<\/p>\n<div class=\"blocktitle title-center title-dark\" clearfix\"><H2><span class=\"ez-toc-section\" id=\"Pret_medical_financez_votre_chirurgie_et_soin_medical_a_credit\"><\/span>Pr\u00eat m\u00e9dical : financez votre chirurgie et soin m\u00e9dical \u00e0 cr\u00e9dit<\/H2><\/p>\n<h4>Le pr\u00eat m\u00e9dical, une r\u00e9ponse en cas d\u2019urgence et de confidentialit\u00e9.<\/h4>\n<\/div>\n<p>[vc_column_text]<\/p>\n<p style=\"text-align: center;\">Dentiste, chirurgie plastique, <a href=\"https:\/\/www.proinfirmis.ch\/fr\/guide-juridique\/assistance\/le-financement-des-soins-par-lassurance-maladie-lassurance-accidents-et-lassurance-invalidite.html\" target=\"_blank\" rel=\"noopener\">soins divers non rembours\u00e9s par votre assurance<\/a>, le pr\u00eat m\u00e9dical est une solution \u00e0 un besoin urgent ou \u00e0 planifier en toute confidentialit\u00e9.<\/p>\n<p style=\"text-align: center;\">De CHF 3&#8217;000 \u00e0 CHF 400&#8217;000, notre \u00e9coute, nos conseils et nos solutions flexibles permettent d\u2019adapter au mieux le cr\u00e9dit \u00e0 votre situation.<\/p>\n<p>[\/vc_column_text][\/vc_column][\/vc_row][vc_row full_width=&#8221;stretch_row&#8221; content_placement=&#8221;middle&#8221; el_class=&#8221;lightgrey-bck diagonal-bottom-bck bigpadding&#8221;][vc_column width=&#8221;1\/2&#8243;]<\/p>\n<div class=\"blocktitle title-left title-dark\" clearfix\"><H2><span class=\"ez-toc-section\" id=\"Simplifiez_et_soufflez\"><\/span>Simplifiez et soufflez<\/H2><\/p>\n<h4>Notre objectif : vous faciliter la vie.<\/h4>\n<\/div>\n<p>[vc_column_text]Attentifs \u00e0 votre situation, nous prenons en charge les d\u00e9marches administratives pour acc\u00e9l\u00e9rer les proc\u00e9dures et vous communiquer une d\u00e9cision dans les plus brefs d\u00e9lais pour votre pr\u00eat sant\u00e9.<\/p>\n<p>Vos avantages\u00a0: cette d\u00e9marche r\u00e9pond rapidement \u00e0 votre besoin de financement pour votre intervention m\u00e9dicale. Notre conseil gratuit, rapide, discret et sans obligation, favorise les solutions simplifi\u00e9es, claires et lisibles.[\/vc_column_text][\/vc_column][vc_column width=&#8221;1\/2&#8243;][vc_single_image image=&#8221;11516&#8243; img_size=&#8221;full&#8221; alignment=&#8221;center&#8221; css_animation=&#8221;top-to-bottom&#8221;][\/vc_column][\/vc_row][vc_row el_class=&#8221;white-bck bigpadding&#8221;][vc_column el_class=&#8221;checklist&#8221;]<\/p>\n<div class=\"blocktitle title-center title-dark\" clearfix\"><H2><span class=\"ez-toc-section\" id=\"Pret_medical_nos_solutions_vos_avantages\"><\/span>Pr\u00eat m\u00e9dical : nos solutions, vos avantages<\/H2><\/p>\n<h4>Parce que sant\u00e9 et beaut\u00e9 riment avec s\u00e9r\u00e9nit\u00e9, choisissez le cr\u00e9dit sur mesure.<\/h4>\n<\/div>\n<p>[vc_column_text]Nos sp\u00e9cialistes \u00e9tudient la globalit\u00e9 de votre situation et vous proposent les options les plus sereines. D\u00e9couvrez nos avantages en quelques mots\u00a0:<\/p>\n<ul>\n<li>Aucuns frais de dossier ni frais cach\u00e9s<\/li>\n<li>Taux fixe durant toute la dur\u00e9e du contrat<\/li>\n<li>Confidentialit\u00e9 et s\u00e9curit\u00e9 tout au long du traitement de votre dossier<\/li>\n<li>Adaptation de vos mensualit\u00e9s \u00e0 votre budget<\/li>\n<li>Choisissez la dur\u00e9e de remboursement entre 12 et 84 mois<\/li>\n<li>B\u00e9n\u00e9ficiez des meilleurs taux de cr\u00e9dit, n\u00e9goci\u00e9s directement aupr\u00e8s de nos partenaires<\/li>\n<\/ul>\n<p>Le cr\u00e9dit sant\u00e9, pour vos interventions m\u00e9dicales en toute discr\u00e9tion.[\/vc_column_text][\/vc_column][\/vc_row][vc_row full_width=&#8221;stretch_row&#8221; content_placement=&#8221;middle&#8221; el_class=&#8221;lightgrey-bck bigpadding comp-neg-margin-bottom checklist&#8221;][vc_column]<\/p>\n<div class=\"blocktitle title-left title-dark\" clearfix\"><H2><span class=\"ez-toc-section\" id=\"Des_options_avantageuses\"><\/span>Des options avantageuses<\/H2><\/p>\n<h4>Besoin de savoir ce que vous permet votre situation actuelle ? Nous pouvons peut-\u00eatre faire encore plus.<\/h4>\n<\/div>\n<p>[vc_row_inner][vc_column_inner width=&#8221;1\/2&#8243;][vc_column_text]Le cr\u00e9dit ou pr\u00eat m\u00e9dical est la solution rapide et confidentielle, lorsque la situation exige une r\u00e9ponse rapide et personnalis\u00e9e.<\/p>\n<ul>\n<li>Lors de votre demande de cr\u00e9dit m\u00e9dical, vous n\u2019\u00eates pas tenu de justifier la raison de votre d\u00e9marche<\/li>\n<li>\u00c9laborez votre cr\u00e9dit et utilisez-le en toute confidentialit\u00e9<\/li>\n<li>Une fois le pr\u00eat accord\u00e9 vous \u00eates libre de l\u2019utiliser en fonction de vos besoins<\/li>\n<li>Vous avez d\u2019autres cr\u00e9dits\u00a0? D\u2019autres am\u00e9nagements tels que le rachat de cr\u00e9dit, de leasing et un nouveau contrat de carte de cr\u00e9dit peuvent avantager votre pr\u00eat, favoriser votre situation financi\u00e8re, vous simplifier la vie et m\u00eame vous faire \u00e9conomiser de l\u2019argent\u00a0!<\/li>\n<\/ul>\n<p>Demandez-nous conseil. <a href=\"https:\/\/multicredit.ch\/fr\/demande-de-credit\/\">Compl\u00e9tez notre formulaire en ligne de demande de cr\u00e9dit<\/a> en deux minutes seulement et recevez une proposition dans les meilleurs d\u00e9lais.[\/vc_column_text][\/vc_column_inner][vc_column_inner width=&#8221;1\/2&#8243;][vc_column_text]<\/p>\n<ul>\n<li><strong>S\u00e9curit\u00e9 et confidentialit\u00e9<\/strong><\/li>\n<li><strong>Proximit\u00e9 et responsabilit\u00e9<\/strong><\/li>\n<li><strong>Prise en charge garantie en moins de 24h<\/strong><\/li>\n<li><strong>Taux de cr\u00e9dit inf\u00e9rieur \u00e0 la concurrence<\/strong><\/li>\n<\/ul>\n<p>[\/vc_column_text][\/vc_column_inner][\/vc_row_inner][\/vc_column][\/vc_row]<\/section>\n","protected":false},"excerpt":{"rendered":"<p>Le cr\u00e9dit qui prend soin de vous<\/p>\n","protected":false},"author":4,"featured_media":11590,"parent":235,"menu_order":0,"comment_status":"closed","ping_status":"closed","template":"template-credit.php","meta":{"inline_featured_image":false,"footnotes":"","_links_to":"","_links_to_target":""},"categories":[665],"class_list":["post-252","page","type-page","status-publish","has-post-thumbnail","hentry","category-credit-sante"],"_links":{"self":[{"href":"https:\/\/multicredit.ch\/fr\/wp-json\/wp\/v2\/pages\/252","targetHints":{"allow":["GET"]}}],"collection":[{"href":"https:\/\/multicredit.ch\/fr\/wp-json\/wp\/v2\/pages"}],"about":[{"href":"https:\/\/multicredit.ch\/fr\/wp-json\/wp\/v2\/types\/page"}],"author":[{"embeddable":true,"href":"https:\/\/multicredit.ch\/fr\/wp-json\/wp\/v2\/users\/4"}],"replies":[{"embeddable":true,"href":"https:\/\/multicredit.ch\/fr\/wp-json\/wp\/v2\/comments?post=252"}],"version-history":[{"count":19,"href":"https:\/\/multicredit.ch\/fr\/wp-json\/wp\/v2\/pages\/252\/revisions"}],"predecessor-version":[{"id":17719,"href":"https:\/\/multicredit.ch\/fr\/wp-json\/wp\/v2\/pages\/252\/revisions\/17719"}],"up":[{"embeddable":true,"href":"https:\/\/multicredit.ch\/fr\/wp-json\/wp\/v2\/pages\/235"}],"wp:featuredmedia":[{"embeddable":true,"href":"https:\/\/multicredit.ch\/fr\/wp-json\/wp\/v2\/media\/11590"}],"wp:attachment":[{"href":"https:\/\/multicredit.ch\/fr\/wp-json\/wp\/v2\/media?parent=252"}],"wp:term":[{"taxonomy":"category","embeddable":true,"href":"https:\/\/multicredit.ch\/fr\/wp-json\/wp\/v2\/categories?post=252"}],"curies":[{"name":"wp","href":"https:\/\/api.w.org\/{rel}","templated":true}]}}