{"id":248,"date":"2020-03-10T09:55:15","date_gmt":"2020-03-10T09:55:15","guid":{"rendered":"https:\/\/multicredit.ch\/wp\/?page_id=248"},"modified":"2025-10-30T12:13:53","modified_gmt":"2025-10-30T12:13:53","slug":"financement-d-etudes-et-de-formations","status":"publish","type":"page","link":"https:\/\/multicredit.ch\/fr\/credit\/financement-d-etudes-et-de-formations\/","title":{"rendered":"Pr\u00eat pour vos formations au meilleur taux par MultiCredit Suisse"},"content":{"rendered":"<section class=\"wpb-content-wrapper\">[vc_row el_class=&#8221;white-bck bigpadding&#8221;][vc_column]<\/p>\n<div class=\"blocktitle title-center title-dark\" clearfix\"><H2><span class=\"ez-toc-section\" id=\"Le_financement_detudes_et_de_formations\"><\/span>Le financement d&#8217;\u00e9tudes et de formations<\/H2><\/p>\n<h4>Financement d'\u00e9tudes et de formations post-grade, formation continue ou \u00e9cole priv\u00e9e, choisissez votre meilleure option.<\/h4>\n<\/div>\n<p>[vc_column_text]<\/p>\n<p style=\"text-align: center;\">Soutenez le financement d&#8217;\u00e9tudes et de formations de vos proches, apprenez une langue, prenez un nouveau virage professionnel ou envoyez votre enfant en \u00e9cole priv\u00e9e.<\/p>\n<p style=\"text-align: center;\">Chez MultiCredit, b\u00e9n\u00e9ficiez des meilleurs taux et adaptez cet emprunt aux grandes \u00e9tapes de votre vie.<\/p>\n<p style=\"text-align: center;\"><a href=\"https:\/\/educaswiss.ch\/fr\/prets-de-formation\/\" target=\"_blank\" rel=\"noopener\"><strong>Le cr\u00e9dit d\u2019\u00e9tude, l\u2019investissement serein pour l\u2019avenir.<\/strong><\/a><\/p>\n<p>[\/vc_column_text][\/vc_column][\/vc_row][vc_row full_width=&#8221;stretch_row&#8221; content_placement=&#8221;middle&#8221; el_class=&#8221;lightgrey-bck diagonal-bottom-bck bigpadding&#8221;][vc_column width=&#8221;1\/2&#8243;]<\/p>\n<div class=\"blocktitle title-left title-dark\" clearfix\"><H2><span class=\"ez-toc-section\" id=\"Le_financement_detudes_et_de_formations-2\"><\/span>Le financement d\u2019\u00e9tudes et de formations<\/H2><\/p>\n<h4>Notre prise en charge rapide et simplifi\u00e9e vous facilite une inscription urgente \u00e0 votre formation.<\/h4>\n<\/div>\n<p>[vc_column_text]Nous pensons que prendre un cr\u00e9dit d\u2019\u00e9tude pour la famille doit \u00eatre une solution aussi facile que possible. C&#8217;est pourquoi MultiCredit s\u2019occupe des d\u00e9marches administratives et vous fournit \u00e9galement toutes les garanties n\u00e9cessaires pour le traitement de votre dossier de <a href=\"https:\/\/multicredit.ch\/fr\/demande-de-credit\/\">demande de cr\u00e9dit<\/a> :<\/p>\n<ul>\n<li>S\u00e9curit\u00e9: toutes vos donn\u00e9es seront trait\u00e9es en toute confidentialit\u00e9<\/li>\n<li>Professionnalisme: notre agence est active dans le domaine depuis 1999<\/li>\n<li>Avantages: b\u00e9n\u00e9ficiez d&#8217;une grande flexibilit\u00e9 pour votre pr\u00eat, combin\u00e9 \u00e0 un taux d&#8217;int\u00e9r\u00eat bas<\/li>\n<li>Pr\u00eat de CHF 3\u2019000 \u00e0 CHF 400&#8217;000<\/li>\n<li>En cas de perte d\u2019\u00e9v\u00e9nements impr\u00e9vus tels que perte d\u2019emploi, maladie, divorce, etc., MultiCredit vous accompagne pour minimiser votre risque financier gr\u00e2ce \u00e0 des mesures cibl\u00e9es<\/li>\n<\/ul>\n<p><strong>Demandez-nous conseil aujourd\u2019hui, parce que demain n\u2019attend pas.<\/strong>[\/vc_column_text][\/vc_column][vc_column width=&#8221;1\/2&#8243;][vc_single_image image=&#8221;11531&#8243; img_size=&#8221;full&#8221; alignment=&#8221;center&#8221; css_animation=&#8221;top-to-bottom&#8221;][\/vc_column][\/vc_row][vc_row el_class=&#8221;white-bck bigpadding&#8221;][vc_column]<\/p>\n<div class=\"blocktitle title-center title-dark\" clearfix\"><H2><span class=\"ez-toc-section\" id=\"Une_solution_flexible\"><\/span>Une solution flexible<\/H2><\/p>\n<h4>Reprendre une formation rime avec changement, c\u2019est pourquoi votre financement doit \u00eatre adaptable.<\/h4>\n<\/div>\n<p>[vc_column_text]<\/p>\n<p style=\"text-align: center;\">Vos avantages: nos sp\u00e9cialistes \u00e9tudient gratuitement votre capacit\u00e9 financi\u00e8re pour vous proposer le cr\u00e9dit d\u2019\u00e9tude dont vous avez besoin dans le respect des limites de votre budget.<\/p>\n<p style=\"text-align: center;\">N\u2019attendez donc pas pour acc\u00e9der \u00e0 vos solutions d\u2019\u00e9volution professionnelle ou \u00e0 celles de vos proches. \u00c9chelonnez vos mensualit\u00e9s de 12 \u00e0 84 mois pour pr\u00e9parer l\u2019avenir le plus t\u00f4t possible.<\/p>\n<p>[\/vc_column_text][\/vc_column][\/vc_row][vc_row full_width=&#8221;stretch_row&#8221; content_placement=&#8221;middle&#8221; el_class=&#8221;lightgrey-bck bigpadding comp-neg-margin-bottom checklist&#8221;][vc_column]<\/p>\n<div class=\"blocktitle title-left title-dark\" clearfix\"><H2><span class=\"ez-toc-section\" id=\"Nos_solutions_Vos_avantages\"><\/span>Nos solutions, Vos avantages<\/H2><\/p>\n<h4>Le cr\u00e9dit, l\u2019occasion de faire des \u00e9conomies. Demandez-nous conseil.<\/h4>\n<\/div>\n<p>[vc_row_inner][vc_column_inner width=&#8221;1\/2&#8243;][vc_column_text]<strong>Le saviez-vous ?<\/strong> Pour les suisses ou les d\u00e9tenteurs d&#8217;un permis C, avec le cr\u00e9dit d\u2019\u00e9tude, vous pouvez, dans certains cas, b\u00e9n\u00e9ficier de d\u00e9ductions fiscales. Vous avez d\u00e9j\u00e0 des cr\u00e9dits ? <strong>D\u00e9couvrez d\u00e8s \u00e0 pr\u00e9sent les solutions que nous proposons<\/strong><\/p>\n<p>Nos solutions de rachat et de regroupement apportent de vraies options \u00e0 votre besoin de financement suppl\u00e9mentaire et parfois inattendu. Nous vous renseignons volontiers sur les d\u00e9marches \u00e0 entreprise mais aussi les documents \u00e0 fournir<\/p>\n<p><a href=\"https:\/\/multicredit.ch\/fr\/demande-de-credit\/\"><strong>En 2 minutes, remplissez notre formulaire en ligne. Nous vous r\u00e9pondrons gratuitement, rapidement et sans obligation.<\/strong><\/a>[\/vc_column_text][\/vc_column_inner][vc_column_inner width=&#8221;1\/2&#8243;][vc_column_text]<\/p>\n<ul>\n<li><strong>S\u00e9curit\u00e9 et confidentialit\u00e9<\/strong><\/li>\n<li><strong>Proximit\u00e9 et responsabilit\u00e9<\/strong><\/li>\n<li><strong>Prise en charge garantie en moins de 24h<\/strong><\/li>\n<li><strong>Taux de cr\u00e9dit inf\u00e9rieur \u00e0 la concurrence<\/strong><\/li>\n<\/ul>\n<p>[\/vc_column_text][\/vc_column_inner][\/vc_row_inner][\/vc_column][\/vc_row]<\/section>\n","protected":false},"excerpt":{"rendered":"<p>L&#8217;investissement auxiliaire de votre avenir<\/p>\n","protected":false},"author":4,"featured_media":11584,"parent":235,"menu_order":0,"comment_status":"closed","ping_status":"closed","template":"template-credit.php","meta":{"inline_featured_image":false,"footnotes":"","_links_to":"","_links_to_target":""},"categories":[667],"class_list":["post-248","page","type-page","status-publish","has-post-thumbnail","hentry","category-credit-formation"],"_links":{"self":[{"href":"https:\/\/multicredit.ch\/fr\/wp-json\/wp\/v2\/pages\/248","targetHints":{"allow":["GET"]}}],"collection":[{"href":"https:\/\/multicredit.ch\/fr\/wp-json\/wp\/v2\/pages"}],"about":[{"href":"https:\/\/multicredit.ch\/fr\/wp-json\/wp\/v2\/types\/page"}],"author":[{"embeddable":true,"href":"https:\/\/multicredit.ch\/fr\/wp-json\/wp\/v2\/users\/4"}],"replies":[{"embeddable":true,"href":"https:\/\/multicredit.ch\/fr\/wp-json\/wp\/v2\/comments?post=248"}],"version-history":[{"count":27,"href":"https:\/\/multicredit.ch\/fr\/wp-json\/wp\/v2\/pages\/248\/revisions"}],"predecessor-version":[{"id":29739,"href":"https:\/\/multicredit.ch\/fr\/wp-json\/wp\/v2\/pages\/248\/revisions\/29739"}],"up":[{"embeddable":true,"href":"https:\/\/multicredit.ch\/fr\/wp-json\/wp\/v2\/pages\/235"}],"wp:featuredmedia":[{"embeddable":true,"href":"https:\/\/multicredit.ch\/fr\/wp-json\/wp\/v2\/media\/11584"}],"wp:attachment":[{"href":"https:\/\/multicredit.ch\/fr\/wp-json\/wp\/v2\/media?parent=248"}],"wp:term":[{"taxonomy":"category","embeddable":true,"href":"https:\/\/multicredit.ch\/fr\/wp-json\/wp\/v2\/categories?post=248"}],"curies":[{"name":"wp","href":"https:\/\/api.w.org\/{rel}","templated":true}]}}