{"id":244,"date":"2020-03-10T09:53:00","date_gmt":"2020-03-10T09:53:00","guid":{"rendered":"https:\/\/multicredit.ch\/wp\/?page_id=244"},"modified":"2021-07-28T21:05:24","modified_gmt":"2021-07-28T21:05:24","slug":"faq","status":"publish","type":"page","link":"https:\/\/multicredit.ch\/fr\/faq\/","title":{"rendered":"FAQ"},"content":{"rendered":"<section class=\"wpb-content-wrapper\">[vc_row][vc_column]<\/p>\n<div class=\"blocktitle title-left title-dark\" clearfix\"><H2>FAQ MultiCredit - Comment pouvons-nous vous aider ?<\/H2><\/p>\n<h4>MultiCredit apporte des r\u00e9ponses \u00e0 toutes vos questions!<\/h4>\n<\/div>\n<p>[vc_column_text]Vous avez probablement plusieurs questions concernant les demandes de cr\u00e9dits et les diff\u00e9rents aspects qui y sont li\u00e9s. MultiCredit apporte des r\u00e9ponses \u00e0 toutes vos questions. N&#8217;h\u00e9sitez pas \u00e0 nous contacter pour toute autre question![\/vc_column_text][\/vc_column][\/vc_row][vc_row][vc_column][vc_column_text]<\/p>\n<h3><\/h3>\n<p>&nbsp;<\/p>\n<h3><span class=\"ez-toc-section\" id=\"Qui_peut_contracter_un_credit_a_la_consommation\"><\/span><strong>Qui peut contracter un cr\u00e9dit \u00e0 la consommation?<\/strong><span class=\"ez-toc-section-end\"><\/span><\/h3>\n<p>Toute personne qui travaille en Suisse et qui n&#8217;a pas de poursuites en cours peut demander un cr\u00e9dit. Vous devez cependant \u00eatre de nationalit\u00e9 suisse ou disposer d&#8217;un permis de s\u00e9jour (B, C, G ou carte de l\u00e9gitimation) et avoir entre 20 et 68 ans.<\/p>\n<p>&nbsp;<\/p>\n<p>&nbsp;<\/p>\n<h3 class=\"O5BvRe EDNFOd UvQLpc lZVHwe\"><span class=\"ez-toc-section\" id=\"Comment_peut-on_obtenir_un_credit_et_quels_frais_doit-on_payer\"><\/span><strong>Comment peut-on obtenir un cr\u00e9dit et quels frais doit-on payer ?<\/strong><span class=\"ez-toc-section-end\"><\/span><\/h3>\n<p>Vous pouvez obtenir une offre gratuite sans engagement en effectuant une <a href=\"https:\/\/multicredit.ch\/fr\/demande-de-credit\/\">demande sur notre site internet<\/a>, par t\u00e9l\u00e9phone ou sur place. Aucun frais \u00e0 verser pour obtenir le cr\u00e9dit ou pour l&#8217;\u00e9tude du dossier mais il faudra rembourser le pr\u00eat (et les int\u00e9r\u00eats) en cas d&#8217;accord du contrat<\/p>\n<p>&nbsp;<\/p>\n<p>&nbsp;<\/p>\n<h3><span class=\"ez-toc-section\" id=\"Quel_taux_dinteret_dois-je_prevoir\"><\/span><strong>Quel taux d&#8217;int\u00e9r\u00eat dois-je pr\u00e9voir?<\/strong><span class=\"ez-toc-section-end\"><\/span><\/h3>\n<p>Le taux d&#8217;int\u00e9r\u00eat en Suisse se situe g\u00e9n\u00e9ralement entre 4,5 % et 9,9 %. Le taux d&#8217;int\u00e9r\u00eat exact est toutefois d\u00e9termin\u00e9 apr\u00e8s le traitement de votre demande. Cela se fait en fonction de vos conditions personnelles et, \u00e9ventuellement, sur la base d&#8217;accords ant\u00e9rieurs ou existants. Si l&#8217;on vous propose un taux d&#8217;int\u00e9r\u00eat inf\u00e9rieur \u00e0 3 % (g\u00e9n\u00e9ralement \u00e0 partir d&#8217;un e-mail priv\u00e9 ou d&#8217;un contact \u00e0 l&#8217;\u00e9tranger), il s&#8217;agit tr\u00e8s probablement d&#8217;une fraude ou de frais suppl\u00e9mentaires cach\u00e9s (arnaque). Veuillez v\u00e9rifier soigneusement avant de faire votre demande. Les experts de MultiCredit se feront un plaisir de vous aider.<\/p>\n<p>&nbsp;<\/p>\n<p>&nbsp;<\/p>\n<h3><span class=\"ez-toc-section\" id=\"Jai_un_permis_detablissement_B_ou_C_Est_ce_que_je_peux_obtenir_un_credit_a_la_consommation_en_Suisse\"><\/span><strong><span class=\"\">J&#8217;ai un permis d&#8217;\u00e9tablissement B ou C. Est ce que je peux obtenir un cr\u00e9dit \u00e0 la consommation en Suisse ?<\/span><\/strong><span class=\"ez-toc-section-end\"><\/span><\/h3>\n<p><span class=\"\">Toutes les personnes ayant un <a href=\"https:\/\/www.sem.admin.ch\/sem\/fr\/home\/themen\/aufenthalt\/eu_efta.html\" target=\"_blank\" rel=\"noopener\">permis d&#8217;\u00e9tablissement B, C, G<\/a> ou carte de l\u00e9gitimation peuvent nous solliciter pour obtenir un cr\u00e9dit personnel en Suisse.<\/span><\/p>\n<p>&nbsp;<\/p>\n<p>&nbsp;<\/p>\n<h3><span class=\"ez-toc-section\" id=\"Est-il_possible_de_rembourser_son_credit_prive_avant_lecheance_du_contrat_Avez-vous_des_avantages_a_le_faire\"><\/span><strong>Est-il possible de rembourser son cr\u00e9dit priv\u00e9 avant l&#8217;\u00e9ch\u00e9ance du contrat? Avez-vous des avantages \u00e0 le faire?<\/strong><span class=\"ez-toc-section-end\"><\/span><\/h3>\n<p>Selon la loi sur le cr\u00e9dit \u00e0 la consommation, il est tout \u00e0 fait possible de rembourser son cr\u00e9dit avant son \u00e9ch\u00e9ance ou \u00e0 tout moment sans frais suppl\u00e9mentaire. Il vous suffit de commander votre d\u00e9compte final et b\u00e9n\u00e9ficiez d&#8217;une r\u00e9duction des int\u00e9r\u00eats ou vous pouvez soit payer chaque mois un montant sup\u00e9rieur et avancer\/anticiper dans les remboursements. Demandez-nous une simulation!<\/p>\n<p>&nbsp;<\/p>\n<p>&nbsp;<\/p>\n<h3><span class=\"ez-toc-section\" id=\"Comment_profiter_dun_rachat_regroupement_ou_consolidation_des_credits_leasing_ou_soldes_de_cartes_de_credit\"><\/span><strong>Comment profiter d&#8217;un rachat, regroupement ou consolidation des cr\u00e9dits, leasing ou soldes de cartes de cr\u00e9dit?<\/strong><span class=\"ez-toc-section-end\"><\/span><\/h3>\n<p>Nous nous occupons de toutes les d\u00e9marches administratives concernant vos rachats ou regroupement de cr\u00e9dit. Gr\u00e2ce \u00e0 cette solution, vous r\u00e9duisez vos charges mensuelles, b\u00e9n\u00e9ficiez d&#8217;un meilleur taux et vous n&#8217;avez plus qu&#8217;une seule facture\/mensualit\u00e9 \u00e0 payer.<\/p>\n<p>&nbsp;<\/p>\n<p>&nbsp;<\/p>\n<h3><span class=\"ez-toc-section\" id=\"Les_rentiers_AI_Assurance_Invalidite_et_AVS_retraites_peuvent-ils_obtenir_un_pret_personnel\"><\/span><strong>Les rentiers AI (Assurance Invalidit\u00e9) et AVS (retrait\u00e9s) peuvent-ils obtenir un pr\u00eat personnel?<\/strong><span class=\"ez-toc-section-end\"><\/span><\/h3>\n<p>Le cr\u00e9dit est accord\u00e9 aux rentiers AI et AVS en fonction de leurs revenus. Les pr\u00eateurs tiennent compte des revenus vers\u00e9s sur le compte bancaire ainsi que de la pi\u00e8ce d&#8217;identit\u00e9 ou du permis de s\u00e9jour. Bien entendu, vous ne devez pas percevoir de prestations compl\u00e9mentaires, vous ne devez pas avoir de poursuites en cours et l&#8217;\u00e2ge maximum est de 68 ans. Nous vous encourageons \u00e0 faire une demande et \u00e0 d\u00e9couvrir le montant exact que vous pouvez obtenir.<\/p>\n<p>&nbsp;<\/p>\n<p>&nbsp;<\/p>\n<h3><span class=\"ez-toc-section\" id=\"Un_travailleur_independant_un_associe_gerant_un_directeur_general_ou_un_gerant_dentreprise_peut-il_contracter_un_pret_personnel\"><\/span><strong>Un travailleur ind\u00e9pendant, un associ\u00e9 g\u00e9rant, un directeur g\u00e9n\u00e9ral ou un g\u00e9rant d&#8217;entreprise peut-il contracter un pr\u00eat personnel ? <\/strong><span class=\"ez-toc-section-end\"><\/span><\/h3>\n<p>Oui, une telle personne peut demander un pr\u00eat personnel sans autres formalit\u00e9s et b\u00e9n\u00e9ficier de tous ses avantages. C&#8217;est rapide, simple et discret ! Les montants varient de 3 000 \u00e0 400 000 francs suisses et la dur\u00e9e de remboursement peut aller de 12 \u00e0 84 mois. Bien entendu, il est possible de rembourser le pr\u00eat par anticipation et de b\u00e9n\u00e9ficier d&#8217;une r\u00e9duction sur les int\u00e9r\u00eats.<\/p>\n<p>&nbsp;<\/p>\n<p>&nbsp;<\/p>\n<h3><span class=\"ez-toc-section\" id=\"Quelles_sont_les_options_pour_la_duree_dun_pret\"><\/span><strong>Quelles sont les options pour la dur\u00e9e d&#8217;un pr\u00eat?<\/strong><span class=\"ez-toc-section-end\"><\/span><\/h3>\n<p>Vous avez la possibilit\u00e9 de rembourser de 12 \u00e0 84 mois, mais cela d\u00e9pend de votre situation financi\u00e8re et de votre permis de s\u00e9jour. Contactez-nous pour plus d&#8217;informations.<\/p>\n<p>&nbsp;<\/p>\n<h3><span class=\"ez-toc-section\" id=\"Les_taux_dinteret_dun_pret_a_la_consommation_sont-ils_fixes_pendant_toute_la_duree_du_contrat\"><\/span><strong>Les taux d&#8217;int\u00e9r\u00eat d&#8217;un pr\u00eat \u00e0 la consommation sont-ils fixes pendant toute la dur\u00e9e du contrat ? <\/strong><span class=\"ez-toc-section-end\"><\/span><\/h3>\n<p>Oui, lorsque vous empruntez un pr\u00eat personnel, le taux d&#8217;int\u00e9r\u00eat est fixe pour toute la p\u00e9riode contractuelle, il n&#8217;y a donc aucune variation ou fluctuation du taux d&#8217;int\u00e9r\u00eat convenu. Vous conservez le m\u00eame pourcentage d&#8217;int\u00e9r\u00eat depuis le d\u00e9but.<\/p>\n<p>&nbsp;<\/p>\n<p>&nbsp;<\/p>\n<h3><span class=\"ez-toc-section\" id=\"Quelles_sont_les_differences_entre_un_contrat_de_leasing_et_un_pret_automobile\"><\/span><strong>Quelles sont les diff\u00e9rences entre un contrat de leasing et un pr\u00eat automobile ?<\/strong><span class=\"ez-toc-section-end\"><\/span><\/h3>\n<p>Avec un pr\u00eat automobile, les int\u00e9r\u00eats sont d\u00e9ductibles des imp\u00f4ts, le v\u00e9hicule vous appartient, vous \u00eates libre de souscrire une assurance casco-compl\u00e8te, vous pouvez vendre le v\u00e9hicule \u00e0 tout moment sans p\u00e9nalit\u00e9. Lorsque vous payez votre voiture au comptant (via un pr\u00eat), vous pouvez n\u00e9gocier le montant. Avec un contrat de leasing, vous ne disposez pas de ces avantages car vous louez le v\u00e9hicule et avez donc moins de flexibilit\u00e9. Il est important de calculer tous les co\u00fbts li\u00e9s au leasing et de les comparer. Nous vous recommandons de souscrire un pr\u00eat automobile.<\/p>\n<p>&nbsp;<\/p>\n<p>&nbsp;<\/p>\n<h3><span class=\"ez-toc-section\" id=\"Puis-je_obtenir_un_credit_supplementaire_si_jai_deja_un_pret_en_cours_aupres_dun_autre_etablissement_financier\"><\/span><strong>Puis-je obtenir un cr\u00e9dit suppl\u00e9mentaire si j&#8217;ai d\u00e9j\u00e0 un pr\u00eat en cours aupr\u00e8s d&#8217;un autre \u00e9tablissement financier ?<\/strong><span class=\"ez-toc-section-end\"><\/span><\/h3>\n<p>Bien s\u00fbr, vous avez droit \u00e0 un suppl\u00e9ment de cr\u00e9dit pour autant que votre situation financi\u00e8re le permette, vous devez en faire la demande pour conna\u00eetre le montant que vous pouvez obtenir.<\/p>\n<p>&nbsp;<\/p>\n<p>&nbsp;<\/p>\n<h3><span class=\"ez-toc-section\" id=\"Jai_souscrit_une_assurance_facultative_%E2%80%9Cassurance_mensualites_ou_PPIP%E2%80%9D_en_cas_dinvalidite_et_de_chomage_Quelle_sera_ma_couverture\"><\/span><strong>J&#8217;ai souscrit une assurance facultative &#8220;assurance mensualit\u00e9s ou PPIP&#8221; en cas d&#8217;invalidit\u00e9 et de ch\u00f4mage. Quelle sera ma couverture ?<\/strong><span class=\"ez-toc-section-end\"><\/span><\/h3>\n<p>Si vous avez souscrit cette couverture d&#8217;assurance d\u00e8s le d\u00e9but, vous pourrez b\u00e9n\u00e9ficier de la couverture, c&#8217;est-\u00e0-dire que la compagnie d&#8217;assurance paiera chaque mois \u00e0 la banque pendant un maximum de 9 \u00e0 12 mois (selon la couverture et conditions). D\u00e8s que vous aurez trouv\u00e9 un emploi ou repris le travail \u00e0 100% suite \u00e0 une maladie ou accident, la couverture s&#8217;arr\u00eatera. Bien entendu, il est n\u00e9cessaire de lire les conditions g\u00e9n\u00e9rales de la compagnie d&#8217;assurance pour plus d&#8217;informations.<\/p>\n<p>&nbsp;<\/p>\n<p>&nbsp;<\/p>\n<h3><span class=\"ez-toc-section\" id=\"Quand_vais-je_recevoir_une_attestation_fiscale_pour_ma_declaration_dimpots\"><\/span><strong>Quand vais-je recevoir une attestation fiscale pour ma d\u00e9claration d&#8217;imp\u00f4ts ?<\/strong><span class=\"ez-toc-section-end\"><\/span><\/h3>\n<p>Normalement, le certificat d&#8217;int\u00e9r\u00eat est envoy\u00e9 automatiquement \u00e0 chaque client vers la mi-janvier. N&#8217;h\u00e9sitez pas \u00e0 nous contacter pour le commander si vous ne l&#8217;avez pas re\u00e7u.<\/p>\n<p>&nbsp;<\/p>\n<p>&nbsp;<\/p>\n<h3><span class=\"ez-toc-section\" id=\"Qui_est_la_societe_Cashflex_MultiCredit\"><\/span><strong>Qui est la soci\u00e9t\u00e9 Cashflex MultiCredit?<\/strong><span class=\"ez-toc-section-end\"><\/span><\/h3>\n<p>Nous sommes une soci\u00e9t\u00e9 neutre et ind\u00e9pendante de conseil et de courtage en cr\u00e9dit \u00e0 la consommation, rachat, regroupement et consolidation de vos engagements. Nous vous conseillons dans toute la Suisse. La soci\u00e9t\u00e9 est inscrite au registre du commerce de Fribourg. Nos collaborateurs parlent allemand, italien, anglais, portugais, espagnol et turc.<\/p>\n<p>&nbsp;<\/p>\n<p>&nbsp;<\/p>\n<h3><span class=\"ez-toc-section\" id=\"Dois-je_payer_des_frais_a_Cashflex_MultiCredit\"><\/span><strong>Dois-je payer des frais \u00e0 Cashflex MultiCredit?<\/strong><span class=\"ez-toc-section-end\"><\/span><\/h3>\n<p>Aucun frais n&#8217;est factur\u00e9, les offres sont gratuites et sans engagement de votre part.<\/p>\n<p>&nbsp;<\/p>\n<p>&nbsp;<\/p>\n<h3><span class=\"ez-toc-section\" id=\"Depuis_combien_de_temps_Cashflex_MultiCredit_est-elle_sur_le_marche\"><\/span><strong>Depuis combien de temps Cashflex MultiCredit est-elle sur le march\u00e9?<\/strong><span class=\"ez-toc-section-end\"><\/span><\/h3>\n<p>Nous sommes pr\u00e9sents sur le march\u00e9 du financement personnel depuis 1999, ce qui nous conf\u00e8re une longue exp\u00e9rience et une grande expertise.<\/p>\n<p>&nbsp;<\/p>\n<p>&nbsp;<\/p>\n<h3><span class=\"ez-toc-section\" id=\"Qui_dirige_Cashflex_MultiCredit\"><\/span><strong>Qui dirige <a href=\"https:\/\/g.page\/Multicredit?share\">Cashflex MultiCredit<\/a>?<\/strong><span class=\"ez-toc-section-end\"><\/span><\/h3>\n<p>La soci\u00e9t\u00e9 est fond\u00e9e et dirig\u00e9e depuis 1999 par <a href=\"https:\/\/www.linkedin.com\/in\/m\u00fcn\u00fcr-aslan-credit-leasing-factoring\/\" target=\"_blank\" rel=\"noopener\">M. M\u00fcn\u00fcr ASLAN<\/a>, titulaire d&#8217;un brevet f\u00e9d\u00e9ral de sp\u00e9cialiste en \u00e9conomie bancaire (ISFB) et d&#8217;un dipl\u00f4me en gestion des risques d&#8217;entreprise (DAS, UNIGE). M. ASLAN est un chef de famille, vivant dans le canton de Zoug avec sa compagne et leurs 3 filles. L&#8217;entreprise compte 8 collaborateurs dans les bureaux de Fribourg.[\/vc_column_text][\/vc_column][\/vc_row]<\/section>\n","protected":false},"excerpt":{"rendered":"<p>Demandez-nous conseil gratuitement.<\/p>\n","protected":false},"author":4,"featured_media":11640,"parent":0,"menu_order":100,"comment_status":"closed","ping_status":"closed","template":"","meta":{"inline_featured_image":false,"footnotes":"","_links_to":"","_links_to_target":""},"categories":[],"class_list":["post-244","page","type-page","status-publish","has-post-thumbnail","hentry"],"_links":{"self":[{"href":"https:\/\/multicredit.ch\/fr\/wp-json\/wp\/v2\/pages\/244","targetHints":{"allow":["GET"]}}],"collection":[{"href":"https:\/\/multicredit.ch\/fr\/wp-json\/wp\/v2\/pages"}],"about":[{"href":"https:\/\/multicredit.ch\/fr\/wp-json\/wp\/v2\/types\/page"}],"author":[{"embeddable":true,"href":"https:\/\/multicredit.ch\/fr\/wp-json\/wp\/v2\/users\/4"}],"replies":[{"embeddable":true,"href":"https:\/\/multicredit.ch\/fr\/wp-json\/wp\/v2\/comments?post=244"}],"version-history":[{"count":13,"href":"https:\/\/multicredit.ch\/fr\/wp-json\/wp\/v2\/pages\/244\/revisions"}],"predecessor-version":[{"id":16312,"href":"https:\/\/multicredit.ch\/fr\/wp-json\/wp\/v2\/pages\/244\/revisions\/16312"}],"wp:featuredmedia":[{"embeddable":true,"href":"https:\/\/multicredit.ch\/fr\/wp-json\/wp\/v2\/media\/11640"}],"wp:attachment":[{"href":"https:\/\/multicredit.ch\/fr\/wp-json\/wp\/v2\/media?parent=244"}],"wp:term":[{"taxonomy":"category","embeddable":true,"href":"https:\/\/multicredit.ch\/fr\/wp-json\/wp\/v2\/categories?post=244"}],"curies":[{"name":"wp","href":"https:\/\/api.w.org\/{rel}","templated":true}]}}