{"id":242,"date":"2020-03-10T09:52:52","date_gmt":"2020-03-10T09:52:52","guid":{"rendered":"https:\/\/multicredit.ch\/wp\/?page_id=242"},"modified":"2024-12-29T14:03:52","modified_gmt":"2024-12-29T14:03:52","slug":"carte-de-credit","status":"publish","type":"page","link":"https:\/\/multicredit.ch\/fr\/credit\/offre-credit\/carte-de-credit\/","title":{"rendered":"Carte de cr\u00e9dit : meilleures offres en Suisse"},"content":{"rendered":"<section class=\"wpb-content-wrapper\">[vc_row el_class=&#8221;white-bck bigpadding&#8221;][vc_column data_aos=&#8221;fade-in&#8221;]<\/p>\n<div class=\"blocktitle title-center title-dark\" clearfix\"><H2><span class=\"ez-toc-section\" id=\"Une_limite_de_votre_carte_de_credit_augmentee\"><\/span>Une limite de votre carte de cr\u00e9dit augment\u00e9e<\/H2><\/p>\n<h4>Nos solutions lorsque vous \u00eates en n\u00e9gatif sur une ou plusieurs cartes<\/h4>\n<\/div>\n<p>[vc_column_text el_class=&#8221;maxwidth&#8221;]<\/p>\n<p style=\"text-align: center;\">Vous souhaitez b\u00e9n\u00e9ficier d\u2019une limite sup\u00e9rieure et donc de plus de liquidit\u00e9s sur votre carte de cr\u00e9dit ?<\/p>\n<p style=\"text-align: center;\">Si vous \u00eates majeur et solvable et parfois m\u00eame si vous avez plus de 70 ans, nous analysons les meilleures solutions pour obtenir votre nouvelle carte et un plafond plus \u00e9lev\u00e9, que celui propos\u00e9 par la plupart des organismes traditionnels.<\/p>\n<p style=\"text-align: center;\"><strong>Entre CHF 3&#8217;000 \u00e0 CHF 400&#8217;000 de cr\u00e9dit global, adoptez le confort d\u2019un budget plus adapt\u00e9 \u00e0 votre situation et plus accessible.<\/strong><\/p>\n<div class=\"flex max-w-full flex-col flex-grow\">\n<div class=\"min-h-8 text-message flex w-full flex-col items-end gap-2 whitespace-normal break-words text-start [.text-message+&amp;]:mt-5\" dir=\"auto\" data-message-author-role=\"assistant\" data-message-id=\"ed4f3e4b-bfae-4fb1-bbe0-995659bbacd7\" data-message-model-slug=\"gpt-4o\">\n<div class=\"flex w-full flex-col gap-1 empty:hidden first:pt-[3px]\">\n<div class=\"markdown prose w-full break-words dark:prose-invert light\">\n<p><strong>MultiCredit<\/strong> se distingue par sa <strong>qualit\u00e9 d&#8217;\u00e9coute exceptionnelle<\/strong> lorsqu&#8217;il s&#8217;agit de proposer des solutions adapt\u00e9es en <strong>carte de cr\u00e9dit<\/strong> en Suisse. Cette approche centr\u00e9e sur le client permet de comprendre en profondeur les besoins, les contraintes financi\u00e8res et les attentes sp\u00e9cifiques de chaque personne. Voici ce qui caract\u00e9rise cette <strong>\u00e9coute attentive<\/strong> et ses b\u00e9n\u00e9fices pour le client :<\/p>\n<hr \/>\n<h2><span class=\"ez-toc-section\" id=\"La_carte_de_credit_selon_vos_besoins\"><\/span><strong>La carte de cr\u00e9dit selon vos besoins<br \/>\n<\/strong><span class=\"ez-toc-section-end\"><\/span><\/h2>\n<p>L&#8217;\u00e9quipe MultiCredit prend le temps d&#8217;\u00e9couter chaque client avec une <strong>attention particuli\u00e8re<\/strong> et une <strong>grande bienveillance<\/strong>. Lors des consultations, le conseiller :<\/p>\n<ul>\n<li>Pose des <strong>questions cibl\u00e9es<\/strong> pour cerner les besoins r\u00e9els et les objectifs financiers.<\/li>\n<li>Prend en compte les <strong>contraintes budg\u00e9taires<\/strong> du client pour ne proposer que des solutions r\u00e9alistes et adapt\u00e9es.<\/li>\n<li>Reste attentif aux <strong>pr\u00e9occupations<\/strong> du client, qu&#8217;il s&#8217;agisse de la gestion du budget, de taux d&#8217;int\u00e9r\u00eat ou d&#8217;un besoin de flexibilit\u00e9.<\/li>\n<\/ul>\n<hr \/>\n<h2><span class=\"ez-toc-section\" id=\"Une_comprehension_des_profils_financiers_pour_votre_carte_de_credit\"><\/span><strong>Une compr\u00e9hension des profils financiers pour votre carte de cr\u00e9dit<br \/>\n<\/strong><span class=\"ez-toc-section-end\"><\/span><\/h2>\n<p>Gr\u00e2ce \u00e0 cette \u00e9coute, MultiCredit est en mesure d&#8217;analyser en d\u00e9tail la <strong>situation financi\u00e8re<\/strong> de chaque client. Cela inclut :<\/p>\n<ul>\n<li>Les revenus et charges fixes.<\/li>\n<li>Les habitudes de consommation.<\/li>\n<li>Les objectifs \u00e0 court et long terme.<\/li>\n<\/ul>\n<p>Cette compr\u00e9hension approfondie permet de proposer des <strong>cartes de cr\u00e9dit sur mesure<\/strong>, adapt\u00e9es aux besoins sp\u00e9cifiques comme :<\/p>\n<ul>\n<li><strong>Une carte avec plafond flexible<\/strong> pour r\u00e9pondre \u00e0 un besoin ponctuel.<\/li>\n<li><strong>Une carte avec avantages sp\u00e9cifiques<\/strong>, comme des programmes de cashback ou des solutions sans frais annuels.<\/li>\n<li>Des solutions adapt\u00e9es aux <strong>clients sans historique de cr\u00e9dit<\/strong> ou ayant des besoins particuliers.<\/li>\n<\/ul>\n<hr \/>\n<h2><span class=\"ez-toc-section\" id=\"Des_solutions_personnalisees_et_transparentes_pour_vos_cartes_de_credits\"><\/span><strong>Des solutions personnalis\u00e9es et transparentes pour vos cartes de cr\u00e9dits<br \/>\n<\/strong><span class=\"ez-toc-section-end\"><\/span><\/h2>\n<p>L\u2019\u00e9quipe MultiCredit propose des <strong>solutions claires et transparentes<\/strong>. Gr\u00e2ce \u00e0 leur \u00e9coute, les conseillers sont en mesure de :<\/p>\n<ul>\n<li>Pr\u00e9senter <strong>toutes les options disponibles<\/strong> en fonction du profil du client.<\/li>\n<li>Expliquer en toute transparence les <strong>conditions d&#8217;utilisation<\/strong>, les taux d\u2019int\u00e9r\u00eat et les avantages li\u00e9s aux diff\u00e9rentes cartes de cr\u00e9dit.<\/li>\n<li>Offrir des conseils pratiques pour optimiser l&#8217;utilisation de la carte et \u00e9viter le <strong>surendettement<\/strong>.<\/li>\n<\/ul>\n<hr \/>\n<h3><span class=\"ez-toc-section\" id=\"Un_accompagnement_sur_la_duree\"><\/span><strong>Un accompagnement sur la dur\u00e9e<\/strong><span class=\"ez-toc-section-end\"><\/span><\/h3>\n<p>L\u2019\u00e9coute de MultiCredit ne s\u2019arr\u00eate pas \u00e0 la signature d\u2019un contrat. L\u2019\u00e9quipe propose un <strong>suivi r\u00e9gulier<\/strong> pour s\u2019assurer que la solution reste en ad\u00e9quation avec l\u2019\u00e9volution des besoins du client. Cela inclut :<\/p>\n<ul>\n<li>La possibilit\u00e9 de <strong>r\u00e9ajuster le plafond de la carte<\/strong> si la situation financi\u00e8re change.<\/li>\n<li>Des conseils pour <strong>optimiser l\u2019utilisation de la carte<\/strong> et g\u00e9rer le budget au quotidien.<\/li>\n<li>Une disponibilit\u00e9 constante pour r\u00e9pondre aux questions ou aux pr\u00e9occupations des clients.<\/li>\n<\/ul>\n<hr \/>\n<h3><span class=\"ez-toc-section\" id=\"Une_expertise_reconnue_sur_le_marche_Suisse\"><\/span><strong>Une expertise reconnue sur le march\u00e9 Suisse<\/strong><span class=\"ez-toc-section-end\"><\/span><\/h3>\n<p>Gr\u00e2ce \u00e0 leur <strong>\u00e9coute proactive<\/strong> et leur connaissance approfondie du march\u00e9 suisse des cartes de cr\u00e9dit, les conseillers MultiCredit savent orienter les clients vers des solutions <strong>avantageuses et adapt\u00e9es<\/strong> aux exigences locales pour obtenir un <a href=\"https:\/\/multicredit.ch\/fr\/\">cr\u00e9dit<\/a>. Cela garantit :<\/p>\n<ul>\n<li>Une ma\u00eetrise des <strong>r\u00e9glementations en vigueur<\/strong>.<\/li>\n<li>Une proposition de cartes adapt\u00e9es aux <strong>particuliers, frontaliers<\/strong> et ind\u00e9pendants.<\/li>\n<li>Des conseils avis\u00e9s pour maximiser les <strong>b\u00e9n\u00e9fices des cartes de cr\u00e9dit<\/strong>, comme les programmes de fid\u00e9lit\u00e9 ou les assurances int\u00e9gr\u00e9es.<\/li>\n<\/ul>\n<hr \/>\n<p>La <strong>qualit\u00e9 d&#8217;\u00e9coute<\/strong> de l\u2019\u00e9quipe MultiCredit est l\u2019une des cl\u00e9s de leur succ\u00e8s que cela soit pour obtenir un <a href=\"https:\/\/multicredit.ch\/fr\/credit\/banque\/\">cr\u00e9dit bancaire<\/a> ou une carte de cr\u00e9dit. Elle permet de <strong>b\u00e2tir une relation de confiance<\/strong> avec leurs clients tout en offrant des <strong>solutions en carte de cr\u00e9dit<\/strong> adapt\u00e9es, flexibles et transparentes. Gr\u00e2ce \u00e0 cette approche humaine et professionnelle, chaque client re\u00e7oit une solution <strong>personnalis\u00e9e<\/strong> qui correspond parfaitement \u00e0 ses besoins et \u00e0 sa situation financi\u00e8re.<\/p>\n<h3><span class=\"ez-toc-section\" id=\"Histoire_de_la_carte_de_credit\"><\/span>Histoire de la carte de cr\u00e9dit<span class=\"ez-toc-section-end\"><\/span><\/h3>\n<p>La carte de cr\u00e9dit a vu le jour dans les ann\u00e9es 1950, avec la cr\u00e9ation de la premi\u00e8re carte en plastique par la soci\u00e9t\u00e9 Diners Club, qui a permis \u00e0 ses membres de r\u00e9gler des repas dans divers restaurants. En 1951, la premi\u00e8re carte de cr\u00e9dit \u00e0 usage multiple, qui offrait une ligne de cr\u00e9dit plut\u00f4t qu&#8217;un paiement en esp\u00e8ces, a \u00e9t\u00e9 d\u00e9velopp\u00e9e, posant les bases du syst\u00e8me moderne de <a href=\"https:\/\/multicredit.ch\/fr\/\">cr\u00e9dit<\/a>. Dans les ann\u00e9es 1960, d&#8217;autres entreprises, dont American Express et Visa, ont commenc\u00e9 \u00e0 \u00e9mettre leurs propres <strong>cartes de cr\u00e9dit<\/strong>, \u00e9largissant l&#8217;acceptation et l&#8217;utilisation. L&#8217;innovation technologique, notamment les syst\u00e8mes de paiement \u00e9lectronique et les terminaux de carte, a permis d&#8217;accro\u00eetre la popularit\u00e9 des cartes de cr\u00e9dit dans le monde entier. Aujourd&#8217;hui, elles sont devenues un outil essentiel pour les transactions financi\u00e8res, offrant des avantages tels que des programmes de r\u00e9compenses et la possibilit\u00e9 de g\u00e9rer les d\u00e9penses.<\/p>\n<\/div>\n<\/div>\n<\/div>\n<\/div>\n<p>[\/vc_column_text][\/vc_column][\/vc_row][vc_row full_width=&#8221;stretch_row&#8221; content_placement=&#8221;middle&#8221; el_class=&#8221;lightgrey-bck diagonal-bottom-bck bigpadding&#8221;][vc_column width=&#8221;1\/2&#8243; data_aos=&#8221;fade-in&#8221; data_aos_delay=&#8221;250&#8243; el_class=&#8221;checklist&#8221;]<\/p>\n<div class=\"blocktitle title-left title-dark\" clearfix\"><H2><span class=\"ez-toc-section\" id=\"Etude_de_solvabilite_et_honorabilite\"><\/span>\u00c9tude de solvabilit\u00e9 et honorabilit\u00e9<\/H2><\/p>\n<h4>Une nouvelle carte de cr\u00e9dit : oui, mais raisonnablement !<\/h4>\n<\/div>\n<p>[vc_column_text]<strong>Depuis 1999<\/strong>, l\u2019expertise reconnue de <strong>MultiCredit<\/strong> a permis \u00e0 des milliers de clients, y compris ceux proches de <strong>70 ans<\/strong>, d\u2019acc\u00e9der facilement \u00e0 une <strong>nouvelle carte de cr\u00e9dit<\/strong> adapt\u00e9e \u00e0 leurs besoins. Forts de notre exp\u00e9rience, nous avons su d\u00e9velopper des solutions financi\u00e8res accessibles et personnalis\u00e9es pour accompagner chaque profil, quel que soit l\u2019\u00e2ge ou la situation.<\/p>\n<h3><span class=\"ez-toc-section\" id=\"Des_specialistes_a_votre_ecoute_pour_une_solution_sur-mesure\"><\/span><strong>Des sp\u00e9cialistes \u00e0 votre \u00e9coute pour une solution sur-mesure<\/strong><span class=\"ez-toc-section-end\"><\/span><\/h3>\n<p>Gr\u00e2ce \u00e0 une <strong>\u00e9tude approfondie<\/strong> de votre dossier par nos sp\u00e9cialistes, nous identifions la solution qui r\u00e9pond pr\u00e9cis\u00e9ment \u00e0 vos attentes et \u00e0 votre capacit\u00e9 financi\u00e8re. Vous b\u00e9n\u00e9ficiez ainsi de tous les <strong>avantages d\u2019une carte de cr\u00e9dit moderne et flexible<\/strong> pour g\u00e9rer vos d\u00e9penses au quotidien en toute s\u00e9r\u00e9nit\u00e9.<\/p>\n<hr \/>\n<h3><span class=\"ez-toc-section\" id=\"Les_nombreux_avantages_de_nos_cartes_de_credit\"><\/span><strong>Les nombreux avantages de nos cartes de cr\u00e9dit :<\/strong><span class=\"ez-toc-section-end\"><\/span><\/h3>\n<ul>\n<li><strong>Mensualit\u00e9s flexibles :<\/strong> Ajustez vos remboursements selon vos besoins gr\u00e2ce \u00e0 des mensualit\u00e9s <strong>adaptables dans la dur\u00e9e<\/strong>.<\/li>\n<li><strong>Montants minimaux d\u00e9biteurs :<\/strong> Profitez d\u2019un <strong>choix flexible<\/strong> sur les montants \u00e0 d\u00e9biter, \u00e0 hauteur de <strong>10% \u00e0 15% du solde ouvert<\/strong>, vous permettant ainsi de mieux contr\u00f4ler votre budget.<\/li>\n<li><strong>R\u00e9serve financi\u00e8re augment\u00e9e :<\/strong> Acc\u00e9dez \u00e0 une <strong>r\u00e9serve financi\u00e8re plus \u00e9lev\u00e9e<\/strong>, offrant plus de libert\u00e9 pour vos projets ou vos d\u00e9penses impr\u00e9vues.<\/li>\n<li><strong>Un moyen de paiement s\u00fbr et pratique :<\/strong>\n<ul>\n<li><strong>Paiements sans contact<\/strong> pour plus de rapidit\u00e9 et de s\u00e9curit\u00e9.<\/li>\n<li><strong>Acc\u00e8s en ligne<\/strong> \u00e0 votre compte pour un suivi en temps r\u00e9el de vos transactions.<\/li>\n<li><strong>Service d\u2019assistance d\u00e9di\u00e9<\/strong> gr\u00e2ce \u00e0 nos partenaires pour r\u00e9pondre \u00e0 toutes vos questions.<\/li>\n<\/ul>\n<\/li>\n<li><strong>Une gestion simplifi\u00e9e de votre budget :<\/strong> Nos cartes de cr\u00e9dit sont con\u00e7ues pour offrir un <strong>maximum de confort<\/strong> tout en vous permettant de ma\u00eetriser vos finances avec des outils modernes et s\u00e9curis\u00e9s.<\/li>\n<\/ul>\n<hr \/>\n<h3><span class=\"ez-toc-section\" id=\"Une_solution_moderne_et_securisee_pour_votre_quotidien\"><\/span><strong>Une solution moderne et s\u00e9curis\u00e9e pour votre quotidien<\/strong><span class=\"ez-toc-section-end\"><\/span><\/h3>\n<p>Nos cartes de cr\u00e9dit ne sont pas simplement des moyens de paiement, ce sont de <strong>v\u00e9ritables outils de gestion<\/strong> adapt\u00e9s aux besoins d\u2019aujourd\u2019hui. Gr\u00e2ce \u00e0 des fonctionnalit\u00e9s innovantes et un acc\u00e8s facilit\u00e9 \u00e0 vos informations financi\u00e8res, vous b\u00e9n\u00e9ficiez :<\/p>\n<ul>\n<li>D\u2019une <strong>utilisation s\u00e9curis\u00e9e<\/strong> en Suisse et \u00e0 l\u2019\u00e9tranger.<\/li>\n<li>D\u2019une <strong>ma\u00eetrise totale<\/strong> de vos d\u00e9penses gr\u00e2ce au suivi en ligne.<\/li>\n<li>D\u2019une <strong>flexibilit\u00e9 optimale<\/strong>, id\u00e9ale pour les particuliers souhaitant conserver une <strong>marge financi\u00e8re confortable<\/strong>.<\/li>\n<\/ul>\n<hr \/>\n<p>Depuis plus de <strong>20 ans<\/strong>, MultiCredit s&#8217;engage \u00e0 accompagner ses clients avec <strong>\u00e9coute et expertise<\/strong>, en proposant des solutions sur-mesure pour une <strong>tranquillit\u00e9 d\u2019esprit<\/strong> maximale. Avec nos cartes de cr\u00e9dit modernes, s\u00e9curis\u00e9es et flexibles, vous \u00eates assur\u00e9 de g\u00e9rer vos finances avec <strong>confort<\/strong> et <strong>efficacit\u00e9<\/strong>, quel que soit votre \u00e2ge ou votre situation personnelle.<\/p>\n<p><strong>Faites le choix de la libert\u00e9 financi\u00e8re avec MultiCredit <\/strong>[\/vc_column_text][\/vc_column][vc_column width=&#8221;1\/2&#8243; data_aos=&#8221;fade-left&#8221;][vc_single_image image=&#8221;11536&#8243; img_size=&#8221;full&#8221; alignment=&#8221;center&#8221; css_animation=&#8221;none&#8221;][\/vc_column][\/vc_row][vc_row el_class=&#8221;white-bck bigpadding&#8221;][vc_column data_aos=&#8221;fade-in&#8221;]<\/p>\n<div class=\"blocktitle title-center title-dark\" clearfix\"><H2><span class=\"ez-toc-section\" id=\"Plus_de_flexibilite_plus_de_clarte\"><\/span>Plus de flexibilit\u00e9, plus de clart\u00e9<\/H2><\/p>\n<h4>Besoin d\u2019am\u00e9liorer votre budget ?<\/h4>\n<\/div>\n<p>[vc_column_text el_class=&#8221;maxwidth&#8221;]<\/p>\n<p style=\"text-align: center;\">Vous avez atteint le plafond de votre carte de cr\u00e9dit\u00a0? Parce qu\u2019une situation professionnelle, exceptionnelle ou familiale ne vous permet plus de faire face \u00e0 vos factures courantes, vous avez besoin de liquidit\u00e9s suppl\u00e9mentaires\u00a0?<\/p>\n<p style=\"text-align: center;\">Pour que les \u00e9v\u00e9nements ne vous privent pas de votre autonomie, les sp\u00e9cialistes de MultiCredit vous proposent la solution la plus adapt\u00e9e \u00e0 votre situation et vous conseillent gratuitement.<\/p>\n<p style=\"text-align: center;\"><strong>Avec la carte qui vous convient, donnez plus de cr\u00e9dit \u00e0 votre cr\u00e9dit.<\/strong><\/p>\n<p>[\/vc_column_text][\/vc_column][\/vc_row][vc_row full_width=&#8221;stretch_row&#8221; content_placement=&#8221;middle&#8221; el_class=&#8221;lightgrey-bck bigpadding comp-neg-margin-bottom checklist&#8221;][vc_column data_aos=&#8221;fade-in&#8221;]<\/p>\n<div class=\"blocktitle title-left title-dark\" clearfix\"><H2><span class=\"ez-toc-section\" id=\"Simple_et_rapide_la_carte_de_credit\"><\/span>Simple et rapide, la carte de cr\u00e9dit<\/H2><\/p>\n<h4>Demandez votre carte en 2 minutes<\/h4>\n<\/div>\n<p>[vc_row_inner][vc_column_inner width=&#8221;1\/2&#8243;][vc_column_text]Demandez-nous une offre, faites votre demande en ligne et confiez-nous votre dossier.<\/p>\n<p>Notre conseil rapide, gratuit et personnalis\u00e9 est une vraie solution lorsque le temps vous presse. Nos sp\u00e9cialistes \u00e9tudient les conditions d\u2019octroi de votre nouvelle carte de cr\u00e9dit ou l\u2019augmentation de votre plafond au plus pr\u00e8s de vos int\u00e9r\u00eats.<\/p>\n<p><strong>Chez MultiCredit, nous conseillons nos clients pour une gestion saine de leur cr\u00e9dit, afin de ne pas favoriser le <a href=\"https:\/\/www.bfs.admin.ch\/bfs\/fr\/home\/statistiques\/situation-economique-sociale-population\/revenus-consommation-et-fortune\/endettement.html\" target=\"_blank\" rel=\"noopener\">surendettement<\/a>.<\/strong>[\/vc_column_text][\/vc_column_inner][vc_column_inner width=&#8221;1\/2&#8243;][vc_column_text]<\/p>\n<ul>\n<li><strong>S\u00e9curit\u00e9 et confidentialit\u00e9<\/strong><\/li>\n<li><strong>Proximit\u00e9 et responsabilit\u00e9<\/strong><\/li>\n<li><strong>Prise en charge garantie en moins de 24h<\/strong><\/li>\n<li><strong>Taux de cr\u00e9dit inf\u00e9rieur \u00e0 la concurrence<\/strong><\/li>\n<\/ul>\n<h4 style=\"text-align: right;\">Carte de cr\u00e9dit<\/h4>\n<p>[\/vc_column_text][\/vc_column_inner][\/vc_row_inner][\/vc_column][\/vc_row][vc_row][vc_column][vc_column_text]<\/p>\n<p>[\/vc_column_text][\/vc_column][\/vc_row]<\/section>\n","protected":false},"excerpt":{"rendered":"<p>Une multitude d&#8217;avantages en poche<\/p>\n","protected":false},"author":4,"featured_media":11622,"parent":27443,"menu_order":-7,"comment_status":"closed","ping_status":"closed","template":"template-w-calc.php","meta":{"inline_featured_image":false,"footnotes":"","_links_to":"","_links_to_target":""},"categories":[51],"class_list":["post-242","page","type-page","status-publish","has-post-thumbnail","hentry","category-carte-de-credit"],"_links":{"self":[{"href":"https:\/\/multicredit.ch\/fr\/wp-json\/wp\/v2\/pages\/242","targetHints":{"allow":["GET"]}}],"collection":[{"href":"https:\/\/multicredit.ch\/fr\/wp-json\/wp\/v2\/pages"}],"about":[{"href":"https:\/\/multicredit.ch\/fr\/wp-json\/wp\/v2\/types\/page"}],"author":[{"embeddable":true,"href":"https:\/\/multicredit.ch\/fr\/wp-json\/wp\/v2\/users\/4"}],"replies":[{"embeddable":true,"href":"https:\/\/multicredit.ch\/fr\/wp-json\/wp\/v2\/comments?post=242"}],"version-history":[{"count":35,"href":"https:\/\/multicredit.ch\/fr\/wp-json\/wp\/v2\/pages\/242\/revisions"}],"predecessor-version":[{"id":27699,"href":"https:\/\/multicredit.ch\/fr\/wp-json\/wp\/v2\/pages\/242\/revisions\/27699"}],"up":[{"embeddable":true,"href":"https:\/\/multicredit.ch\/fr\/wp-json\/wp\/v2\/pages\/27443"}],"wp:featuredmedia":[{"embeddable":true,"href":"https:\/\/multicredit.ch\/fr\/wp-json\/wp\/v2\/media\/11622"}],"wp:attachment":[{"href":"https:\/\/multicredit.ch\/fr\/wp-json\/wp\/v2\/media?parent=242"}],"wp:term":[{"taxonomy":"category","embeddable":true,"href":"https:\/\/multicredit.ch\/fr\/wp-json\/wp\/v2\/categories?post=242"}],"curies":[{"name":"wp","href":"https:\/\/api.w.org\/{rel}","templated":true}]}}