{"id":240,"date":"2020-03-10T09:52:42","date_gmt":"2020-03-10T09:52:42","guid":{"rendered":"https:\/\/multicredit.ch\/wp\/?page_id=240"},"modified":"2026-03-11T08:28:17","modified_gmt":"2026-03-11T08:28:17","slug":"rachat-de-pret","status":"publish","type":"page","link":"https:\/\/multicredit.ch\/fr\/credit\/rachat-de-pret\/","title":{"rendered":"Obtenir un refinancement\/rachat de pr\u00eat aux meilleurs taux en Suisse"},"content":{"rendered":"<section class=\"wpb-content-wrapper\">[vc_row el_class=&#8221;white-bck bigpadding&#8221; css=&#8221;.vc_custom_1594909734511{padding-top: 0px !important;}&#8221;][vc_column data_aos=&#8221;fade-in&#8221;][vc_column_text]<iframe style=\"margin: 0; padding: 0; border: none;\" src=\"https:\/\/audioblog.arteradio.com\/embed\/241876\" width=\"100%\"><\/iframe>[\/vc_column_text]<\/p>\n<div class=\"blocktitle title-center title-dark\" clearfix\"><H2><span class=\"ez-toc-section\" id=\"Le_rachat_de_prets\"><\/span>Le rachat de pr\u00eat(s)<\/H2><\/p>\n<h4>Vous avez plusieurs cr\u00e9dits en cours, vous payez trop de mensualit\u00e9s, votre taux est trop \u00e9lev\u00e9 ?<\/h4>\n<\/div>\n<p>[vc_column_text el_class=&#8221;maxwidth&#8221;]<\/p>\n<p style=\"text-align: center;\">Vous avez plusieurs cr\u00e9dits en cours, vous payez trop de mensualit\u00e9s, votre taux est trop \u00e9lev\u00e9\u00a0? Le cumul peut provoquer le surendettement.<\/p>\n<p style=\"text-align: center;\">MultiCredit \u00e9tudie la possibilit\u00e9 de rachat de votre\/ vos\u00a0<a class=\"glossaryLink\" style=\"box-sizing: border-box; color: #0033a0; text-decoration: none; background-color: transparent; border-bottom: 1px dotted #000000 !important; margin-bottom: 0px; transition: all 0.3s ease 0s;\" href=\"https:\/\/multicredit.ch\/fr\/?p=21521\" aria-describedby=\"tt\" data-cmtooltip=\"&lt;div class=glossaryItemTitle&gt;Cr\u00e9dit&lt;\/div&gt;&lt;div class=glossaryItemBody&gt;Un cr\u00e9dit est la mise \u00e0 disposition d&amp;#039;argent sous forme de pr\u00eat, avance \u00e0 terme fixe ou de limite en compte courant.&amp;lt;br \/&amp;gt;Le b\u00e9n\u00e9ficiaire du cr\u00e9dit devra s&amp;#039;acquitter de sa dette. En \u00e9change de la mise \u00e0 disposition de cette somme d&amp;#039;argent, l&amp;#039;emprunteur devra payer des int\u00e9r\u00eats.&lt;\/div&gt;\" data-gt-translate-attributes=\"[{&quot;attribute&quot;:&quot;data-cmtooltip&quot;, &quot;format&quot;:&quot;html&quot;}]\">cr\u00e9dit<\/a>(s) afin d\u2019optimiser votre budget. Nos solutions financi\u00e8res vous offrent de la flexibilit\u00e9.<\/p>\n<p style=\"text-align: center;\"><strong>Pr\u00eats priv\u00e9s, solde de cartes et leasing ; et si nous vous aidions \u00e0 planifier vos finances avec des solutions ad\u00e9quates selon votre profil ?<\/strong><\/p>\n<p>[\/vc_column_text][\/vc_column][\/vc_row][vc_row full_width=&#8221;stretch_row&#8221; el_class=&#8221;video-bck homevideopadding&#8221; css=&#8221;.vc_custom_1596785696376{padding-top: 0px !important;background-color: #f9f9f9 !important;}&#8221;][vc_column data_aos=&#8221;fade-in&#8221;][vc_column_text]<\/p>\n<div data-video-id=\"\" class='wp-block-html5-player-video html5_video_players' class=\"wp-block-html5-player-video\" data-nonce=\"\n    89afc90b0e\" data-attributes=\"\n    {&quot;provider&quot;:&quot;self-hosted&quot;,&quot;imported&quot;:false,&quot;clientId&quot;:&quot;&quot;,&quot;uniqueId&quot;:&quot;h5vp1&quot;,&quot;source&quot;:&quot;https:\\\/\\\/www.multicredit.ch\\\/wp\\\/wp-content\\\/uploads\\\/MULTICREDIT_ANIMATION_RACHAT_MIX_V1.mp4&quot;,&quot;poster&quot;:&quot;https:\\\/\\\/www.multicredit.ch\\\/wp\\\/wp-content\\\/uploads\\\/mc-pret-fr.jpg&quot;,&quot;options&quot;:{&quot;controls&quot;:[&quot;play-large&quot;,&quot;play&quot;,&quot;progress&quot;,&quot;current-time&quot;,&quot;mute&quot;,&quot;volume&quot;,&quot;settings&quot;,&quot;pip&quot;,&quot;download&quot;,&quot;fullscreen&quot;],&quot;settings&quot;:[&quot;captions&quot;,&quot;quality&quot;,&quot;speed&quot;,&quot;loop&quot;],&quot;loadSprite&quot;:true,&quot;autoplay&quot;:false,&quot;playsinline&quot;:true,&quot;seekTime&quot;:10,&quot;volume&quot;:1,&quot;muted&quot;:false,&quot;hideControls&quot;:false,&quot;resetOnEnd&quot;:false,&quot;tooltips&quot;:{&quot;controls&quot;:true,&quot;seek&quot;:true},&quot;captions&quot;:{&quot;active&quot;:false,&quot;language&quot;:&quot;auto&quot;,&quot;update&quot;:true},&quot;ratio&quot;:null,&quot;storage&quot;:{&quot;enabled&quot;:true,&quot;key&quot;:&quot;plyr&quot;},&quot;speed&quot;:{&quot;options&quot;:[&quot;0.5&quot;,&quot; 0.75&quot;,&quot; 1&quot;,&quot; 1.25&quot;,&quot; 1.5&quot;,&quot; 1.75&quot;,&quot; 2&quot;,&quot; 4&quot;]},&quot;loop&quot;:{&quot;active&quot;:false},&quot;ads&quot;:{&quot;enabled&quot;:true,&quot;tagUrl&quot;:null},&quot;urls&quot;:{&quot;enabled&quot;:false,&quot;download&quot;:null},&quot;markers&quot;:{&quot;enabled&quot;:false,&quot;points&quot;:[]},&quot;preload&quot;:&quot;metadata&quot;},&quot;features&quot;:{&quot;popup&quot;:{&quot;enabled&quot;:false,&quot;selector&quot;:null,&quot;hasBtn&quot;:false,&quot;type&quot;:&quot;poster&quot;,&quot;btnText&quot;:&quot;Watch Video&quot;,&quot;align&quot;:&quot;center&quot;,&quot;btnStyle&quot;:{&quot;color&quot;:&quot;#fff&quot;,&quot;backgroundColor&quot;:&quot;#006BA1&quot;,&quot;fontSize&quot;:&quot;16px&quot;,&quot;padding&quot;:{&quot;top&quot;:&quot;10px&quot;,&quot;right&quot;:&quot;20px&quot;,&quot;bottom&quot;:&quot;10px&quot;,&quot;left&quot;:&quot;20px&quot;}}},&quot;overlay&quot;:{&quot;enabled&quot;:false,&quot;items&quot;:[{&quot;color&quot;:&quot;#ffffff&quot;,&quot;backgroundColor&quot;:&quot;#333&quot;,&quot;fontSize&quot;:&quot;16px&quot;,&quot;link&quot;:&quot;&quot;,&quot;logo&quot;:null,&quot;text&quot;:&quot;&quot;,&quot;position&quot;:&quot;top_right&quot;,&quot;type&quot;:&quot;logo&quot;,&quot;opacity&quot;:0.7}]},&quot;endScreen&quot;:{&quot;enabled&quot;:false,&quot;text&quot;:&quot;End Screen Text&quot;,&quot;btnText&quot;:&quot;Visit&quot;,&quot;btnLink&quot;:&quot;&quot;,&quot;btnStyle&quot;:[]},&quot;thumbInPause&quot;:{&quot;enabled&quot;:false,&quot;type&quot;:&quot;default&quot;},&quot;watermark&quot;:{&quot;enabled&quot;:false,&quot;type&quot;:&quot;email&quot;,&quot;text&quot;:&quot;&quot;,&quot;color&quot;:&quot;#f00&quot;},&quot;passwordProtected&quot;:{&quot;enabled&quot;:false,&quot;errorMessage&quot;:&quot;Password didn&#039;t matched&quot;,&quot;heading&quot;:&quot;Please Entire the password to access the video&quot;,&quot;key&quot;:&quot;propagans_14670&quot;,&quot;button&quot;:{&quot;text&quot;:&quot;Access&quot;,&quot;color&quot;:&quot;#222&quot;,&quot;backgroundColor&quot;:&quot;#ffffffe3&quot;},&quot;password&quot;:null},&quot;sticky&quot;:{&quot;enabled&quot;:false,&quot;position&quot;:&quot;top_right&quot;},&quot;playWhenVisible&quot;:false,&quot;disablePause&quot;:false,&quot;hideYoutubeUI&quot;:false,&quot;startTime&quot;:0,&quot;hideLoadingPlaceholder&quot;:false,&quot;customPlayButtonSelector&quot;:&quot;&quot;,&quot;saveState&quot;:true},&quot;onlyLoggedIn&quot;:{&quot;whoCanSeeThisVideo&quot;:&quot;everyone&quot;,&quot;allowedRoles&quot;:[],&quot;message&quot;:&quot;This video is only for registered users. Please login to view the video.&quot;},&quot;seo&quot;:{&quot;name&quot;:&quot;&quot;,&quot;description&quot;:&quot;&quot;,&quot;duration&quot;:0},&quot;thumbInPause&quot;:false,&quot;hideYoutubeUI&quot;:false,&quot;additionalCSS&quot;:&quot;&quot;,&quot;additionalID&quot;:&quot;&quot;,&quot;autoplayWhenVisible&quot;:false,&quot;styles&quot;:{&quot;plyr_wrapper&quot;:{&quot;width&quot;:&quot;100%&quot;,&quot;borderRadius&quot;:&quot;0px&quot;,&quot;overflow&quot;:&quot;hidden&quot;},&quot;.plyr&quot;:{&quot;--plyr-color-main&quot;:&quot;#00b2ff&quot;}},&quot;CSS&quot;:&quot;&quot;,&quot;isCDURL&quot;:false,&quot;CDURL&quot;:&quot;&quot;,&quot;posterTime&quot;:20,&quot;brandColor&quot;:&quot;#00B3FF&quot;,&quot;radius&quot;:{&quot;number&quot;:0,&quot;unit&quot;:&quot;px&quot;},&quot;protected&quot;:false,&quot;password&quot;:&quot;&quot;,&quot;protectedText&quot;:&quot;Please enter password to wath the video&quot;,&quot;seekTime&quot;:10,&quot;startTime&quot;:0,&quot;preload&quot;:&quot;metadata&quot;,&quot;streaming&quot;:false,&quot;streamingType&quot;:&quot;hls&quot;,&quot;captionEnabled&quot;:false,&quot;vastTag&quot;:&quot;&quot;,&quot;saveState&quot;:true,&quot;quality&quot;:[],&quot;subtitle&quot;:[{&quot;label&quot;:&quot;English\\\/en&quot;,&quot;caption_file&quot;:&quot;&quot;}],&quot;chapters&quot;:[],&quot;controls&quot;:{&quot;play-large&quot;:true,&quot;restart&quot;:false,&quot;rewind&quot;:false,&quot;play&quot;:true,&quot;fast-forward&quot;:false,&quot;progress&quot;:true,&quot;current-time&quot;:true,&quot;duration&quot;:false,&quot;mute&quot;:true,&quot;volume&quot;:true,&quot;pip&quot;:false,&quot;airplay&quot;:false,&quot;settings&quot;:true,&quot;downlaod&quot;:false,&quot;fullscreen&quot;:true},&quot;width&quot;:{&quot;deprecated&quot;:true,&quot;number&quot;:100,&quot;unit&quot;:&quot;%&quot;},&quot;repeat&quot;:false,&quot;autoplay&quot;:false,&quot;muted&quot;:false,&quot;sticky&quot;:false,&quot;stickyPosition&quot;:&quot;top-right&quot;,&quot;popup&quot;:false,&quot;popupType&quot;:&quot;button&quot;,&quot;playsinline&quot;:false,&quot;popupBtnStyle&quot;:[],&quot;popupBtnText&quot;:&quot;Watch Video&quot;,&quot;disablePause&quot;:false,&quot;thumbStyle&quot;:&quot;default&quot;,&quot;resetOnEnd&quot;:false,&quot;autoHideControl&quot;:true,&quot;overlay&quot;:false,&quot;overlayType&quot;:&quot;text&quot;,&quot;overlayText&quot;:&quot;Simple Text&quot;,&quot;overlayPosition&quot;:&quot;top_right&quot;,&quot;overlayBackground&quot;:&quot;#333&quot;,&quot;overlayOpacity&quot;:0.8,&quot;overlayTextColor&quot;:&quot;#ffffff&quot;,&quot;overlayFontSize&quot;:{&quot;number&quot;:20,&quot;unit&quot;:&quot;px&quot;},&quot;overlayTextHoverColor&quot;:&quot;#ffffff&quot;,&quot;endScreen&quot;:{&quot;enabled&quot;:false,&quot;text&quot;:&quot;Simple Text&quot;,&quot;btnText&quot;:&quot;Click Here&quot;,&quot;btnLink&quot;:&quot;&quot;,&quot;btnStyle&quot;:[]},&quot;endscreen&quot;:false,&quot;endscreenText&quot;:&quot;Endscreen text&quot;,&quot;endscreenTextLink&quot;:&quot;#&quot;,&quot;speed&quot;:{&quot;1&quot;:true,&quot;2&quot;:true,&quot;3&quot;:true,&quot;0.5&quot;:true,&quot;0.75&quot;:true,&quot;1.25&quot;:true,&quot;1.5&quot;:true,&quot;1.75&quot;:true,&quot;2.5&quot;:true}}\" data-preset=\"\n    null\"><\/p>\n<style>\n            .preload_poster svg {\n                background: var(--plyr-video-control-background-hover, var(--plyr-color-main, var(--plyr-color-main,\n                                #1ABAFF                            )));\n                border: 0;\n                border-radius: 100%;\n                left: 50%;\n                opacity: .9;\n                padding: calc(var(--plyr-control-spacing, 8px) * 1.5);\n                position: absolute;\n                top: 50%;\n                transform: translate(-50%, -50%);\n                transition: .3s;\n                z-index: 2;\n                box-sizing: content-box;\n                fill: #fff;\n            }<\/p>\n<p>            .preload_poster {\n                display:\n                    block            }\n        <\/style>\n<div class=\"preload_poster\"\n            style=\"overflow:hidden;aspect-ratio:16\/9;background-image:url(https:\/\/www.multicredit.ch\/wp\/wp-content\/uploads\/mc-pret-fr.jpg)\"><br \/>\n            <svg width=\"24px\" height=\"24px\" viewBox=\"0 0 15 15\" fill=\"none\" xmlns=\"http:\/\/www.w3.org\/2000\/svg\">\n                <path\n                    d=\"M4.79062 2.09314C4.63821 1.98427 4.43774 1.96972 4.27121 2.05542C4.10467 2.14112 4 2.31271 4 2.5V12.5C4 12.6873 4.10467 12.8589 4.27121 12.9446C4.43774 13.0303 4.63821 13.0157 4.79062 12.9069L11.7906 7.90687C11.922 7.81301 12 7.66148 12 7.5C12 7.33853 11.922 7.18699 11.7906 7.09314L4.79062 2.09314Z\" \/>\n            <\/svg>\n        <\/div>\n<\/p><\/div>\n<p>[\/vc_column_text][\/vc_column][\/vc_row][vc_row full_width=&#8221;stretch_row&#8221; equal_height=&#8221;yes&#8221; el_class=&#8221;lightgrey-bck bigpadding flex-eq-height diagonal-top-bck one-fourth-link-bloc undervideo&#8221;][vc_column css_animation=&#8221;none&#8221; width=&#8221;1\/4&#8243; data_aos=&#8221;fade-up&#8221; data_aos_delay=&#8221;0&#8243;]<\/p>\n<div class=\"wpb_single_image wpb_content_element vc_align_center  wpb_animate_when_almost_visible wpb_top-to-bottom top-to-bottom wpb_start_animation animated\">\n<figure class=\"wpb_wrapper vc_figure\">\n<div class=\"vc_single_image-wrapper\"><img decoding=\"async\" src=\"https:\/\/multicredit.ch\/wp\/wp-content\/uploads\/c-link-r-credit-en-cours.png\" alt=\"\" title=\"\"><\/div><figcaption>\n<h4>Racheter ses cr\u00e9dit en cours<\/h4>\n<p>Rachat de vos cr\u00e9dits afin d\u2019optimiser votre budget<\/p>\n<\/figcaption><\/figure>\n<\/div>\n<div class=\"vc_btn3-container text-center\"><a class=\"btn-circle-2\" href=\"https:\/\/www.multicredit.ch\/fr\/rachat-de-pret\/rachat-de-credit-en-cours\" title=\"Rachat de cr\u00e9dit en cours\" ><span class=\"round\">&gt;<\/span><\/a><\/div>\n<p>[\/vc_column][vc_column css_animation=&#8221;none&#8221; width=&#8221;1\/4&#8243; data_aos=&#8221;fade-up&#8221; data_aos_delay=&#8221;100&#8243;]<\/p>\n<div class=\"wpb_single_image wpb_content_element vc_align_center  wpb_animate_when_almost_visible wpb_top-to-bottom top-to-bottom wpb_start_animation animated\">\n<figure class=\"wpb_wrapper vc_figure\">\n<div class=\"vc_single_image-wrapper\"><img decoding=\"async\" src=\"https:\/\/multicredit.ch\/wp\/wp-content\/uploads\/c-link-r-leasing.png\" alt=\"\" title=\"\"><\/div><figcaption>\n<h4>Rachat de Leasing<\/h4>\n<p>Analysez vos frais et faites des \u00e9conomies<\/p>\n<\/figcaption><\/figure>\n<\/div>\n<div class=\"vc_btn3-container text-center\"><a class=\"btn-circle-2\" href=\"https:\/\/www.multicredit.ch\/fr\/rachat-de-pret\/leasing\/\" title=\"Rachat de Leasing\" ><span class=\"round\">&gt;<\/span><\/a><\/div>\n<p>[\/vc_column][vc_column css_animation=&#8221;none&#8221; width=&#8221;1\/4&#8243; data_aos=&#8221;fade-up&#8221; data_aos_delay=&#8221;200&#8243;]<\/p>\n<div class=\"wpb_single_image wpb_content_element vc_align_center  wpb_animate_when_almost_visible wpb_top-to-bottom top-to-bottom wpb_start_animation animated\">\n<figure class=\"wpb_wrapper vc_figure\">\n<div class=\"vc_single_image-wrapper\"><img decoding=\"async\" src=\"https:\/\/multicredit.ch\/wp\/wp-content\/uploads\/c-link-r-soldecartes.png\" alt=\"\" title=\"\"><\/div><figcaption>\n<h4>Solde de carte de cr\u00e9dit<\/h4>\n<p>Vous avez atteint ou d\u00e9pass\u00e9 le plafond de votre carte de cr\u00e9dit<\/p>\n<\/figcaption><\/figure>\n<\/div>\n<div class=\"vc_btn3-container text-center\"><a class=\"btn-circle-2\" href=\"https:\/\/www.multicredit.ch\/fr\/rachat-de-pret\/solde-de-carte-de-credit\/\" title=\"Solde de carte de cr\u00e9dit\" ><span class=\"round\">&gt;<\/span><\/a><\/div>\n<p>[\/vc_column][vc_column css_animation=&#8221;none&#8221; width=&#8221;1\/4&#8243; data_aos=&#8221;fade-up&#8221; data_aos_delay=&#8221;300&#8243;]<\/p>\n<div class=\"wpb_single_image wpb_content_element vc_align_center  wpb_animate_when_almost_visible wpb_top-to-bottom top-to-bottom wpb_start_animation animated\">\n<figure class=\"wpb_wrapper vc_figure\">\n<div class=\"vc_single_image-wrapper\"><img decoding=\"async\" src=\"https:\/\/multicredit.ch\/wp\/wp-content\/uploads\/c-link-r-regroupement.png\" alt=\"\" title=\"\"><\/div><figcaption>\n<h4>Regroupement de cr\u00e9dits<\/h4>\n<p>Une solution pour rationaliser votre budget<\/p>\n<\/figcaption><\/figure>\n<\/div>\n<div class=\"vc_btn3-container text-center\"><a class=\"btn-circle-2\" href=\"https:\/\/www.multicredit.ch\/fr\/rachat-de-pret\/regroupement-de-credits\/\" title=\"Regroupement de cr\u00e9dits\" ><span class=\"round\">&gt;<\/span><\/a><\/div>\n<p>[\/vc_column][\/vc_row][vc_row full_width=&#8221;stretch_row&#8221; content_placement=&#8221;middle&#8221; el_class=&#8221;diagonal-bck bigpadding gradient-bck&#8221;][vc_column data_aos=&#8221;fade-in&#8221;]<\/p>\n<div class=\"blocktitle title-center title-light\" clearfix\"><H2><span class=\"ez-toc-section\" id=\"Plus_de_flexibilite_plus_de_clarte\"><\/span>Plus de flexibilit\u00e9, plus de clart\u00e9<\/H2><\/p>\n<h4>La mise au clair de sa situation budg\u00e9taire offre plus de performance.<\/h4>\n<\/div>\n<p>[vc_column_text el_class=&#8221;title-light maxwidth&#8221;]<\/p>\n<p style=\"text-align: center;\">Remplacez vos divers paiements mensuels, issus des diff\u00e9rents organismes pr\u00eateurs, en une seule et unique mensualit\u00e9 nettement all\u00e9g\u00e9e. Le rachat de cr\u00e9dit vous permet de n\u2019avoir plus qu\u2019un interlocuteur. Vous recevez une facture mensuelle unique pour tous vos cr\u00e9dits.<\/p>\n<p style=\"text-align: center;\"><strong>MultiCredit vous fournit des documents clairs, lisibles et facilement compr\u00e9hensibles.<\/strong><\/p>\n<p>[\/vc_column_text][\/vc_column][\/vc_row][vc_row content_placement=&#8221;middle&#8221; css_animation=&#8221;none&#8221; el_class=&#8221;white-bck bigpadding checklist&#8221;][vc_column width=&#8221;1\/2&#8243; data_aos=&#8221;fade-right&#8221; data_aos_delay=&#8221;0&#8243;][vc_single_image image=&#8221;11496&#8243; img_size=&#8221;full&#8221; alignment=&#8221;center&#8221; css_animation=&#8221;none&#8221;][\/vc_column][vc_column width=&#8221;1\/2&#8243; data_aos=&#8221;fade-in&#8221; data_aos_delay=&#8221;250&#8243;]<\/p>\n<div class=\"blocktitle title-left title-dark\" clearfix\"><H2><span class=\"ez-toc-section\" id=\"Rachat_de_pret_les_avantages\"><\/span>Rachat de pr\u00eat: les avantages<\/H2><\/p>\n<h4>Plusieurs pr\u00eats en cours ? Trop chers ? \u00c9conomisez !<\/h4>\n<\/div>\n<p>[vc_column_text]Le <a href=\"https:\/\/www.journaldunet.fr\/business\/dictionnaire-economique-et-financier\/1199257-rachat-de-credit-definition-traduction\/\" target=\"_blank\" rel=\"noopener\">rachat de cr\u00e9dit<\/a> est une solution financi\u00e8re int\u00e9ressante pour r\u00e9\u00e9quilibrer son budget et optimiser ses besoins en financement.<\/p>\n<ul>\n<li>Nous n\u00e9gocions pour vous les meilleurs taux<\/li>\n<li>Lorsque le cumul de mensualit\u00e9s devient trop important, le rachat de vos cr\u00e9dits permet de r\u00e9organiser vos paiements<\/li>\n<li>Le rachat par MultiCredit soulage vos taux et donc vos finances<\/li>\n<\/ul>\n<p>[\/vc_column_text][vc_column_text]<strong>MultiCredit vous aide \u00e0 choisir vos modalit\u00e9s pour une gestion plus saine de votre budget et \u00e9viter le surendettement.<\/strong>[\/vc_column_text][\/vc_column][\/vc_row][vc_row full_width=&#8221;stretch_row&#8221; content_placement=&#8221;middle&#8221; el_class=&#8221;lightgrey-bck bigpadding checklist&#8221;][vc_column data_aos=&#8221;fade-in&#8221;]<\/p>\n<div class=\"blocktitle title-left title-dark\" clearfix\"><H2><span class=\"ez-toc-section\" id=\"MultiCredit\"><\/span>MultiCredit<\/H2><\/p>\n<h4>Trouver la meilleure solution dans l\u2019int\u00e9r\u00eat de notre client est notre premi\u00e8re mission.<\/h4>\n<\/div>\n<p>[vc_row_inner][vc_column_inner width=&#8221;1\/2&#8243;][vc_column_text]MultiCredit a pour vocation de soutenir ses clients dans leur quotidien gr\u00e2ce \u00e0 un conseil sur mesure et pertinent pour des solutions sur-mesure durables.<\/p>\n<p>Pr\u00eat personnel, rachat de pr\u00eat, rachat de leasing, rachat et regroupement de soldes de carte de cr\u00e9dit, carte de cr\u00e9dit, mais aussi aide au d\u00e9sendettement: nos sp\u00e9cialistes vous accompagnent et vous conseillent dans tous ces domaines.[\/vc_column_text][vc_btn title=&#8221;D\u00e9couvrir&#8221; link=&#8221;url:https%3A%2F%2Fwww.multicredit.ch%2Ffr%2Fa-propos%2F|title:A%20propos||&#8221;][\/vc_column_inner][vc_column_inner width=&#8221;1\/2&#8243;][vc_column_text]<\/p>\n<ul>\n<li><strong>S\u00e9curit\u00e9 et confidentialit\u00e9<\/strong><\/li>\n<li><strong>Proximit\u00e9 et responsabilit\u00e9<\/strong><\/li>\n<li><strong>Prise en charge garantie en moins de 24h<\/strong><\/li>\n<li><strong>Taux de cr\u00e9dit inf\u00e9rieur \u00e0 la concurrence<\/strong><\/li>\n<\/ul>\n<p>[\/vc_column_text][\/vc_column_inner][\/vc_row_inner][\/vc_column][\/vc_row][vc_row full_width=&#8221;stretch_row&#8221; el_class=&#8221;white-bck regularpadding steps&#8221; css=&#8221;.vc_custom_1586442286210{padding-bottom: 164px !important;}&#8221;][vc_column data_aos=&#8221;fade-in&#8221;]<\/p>\n<div class=\"blocktitle title-center title-dark\" clearfix\"><H2><span class=\"ez-toc-section\" id=\"Votre_credit_en_4_etapes\"><\/span>Votre cr\u00e9dit en 4 \u00e9tapes<\/H2><\/p>\n<h4>Simple et rapide<\/h4>\n<\/div>\n<p>[vc_row_inner equal_height=&#8221;yes&#8221;][vc_column_inner width=&#8221;1\/4&#8243;][vc_pie value=&#8221;25&#8243; label_value=&#8221;1&#8243; color=&#8221;custom&#8221; title=&#8221;Demande&#8221; custom_color=&#8221;#df003c&#8221;][vc_column_text]<\/p>\n<p style=\"text-align: center;\">Vous remplissez le formulaire de demande de cr\u00e9dit selon vos besoins.<\/p>\n<h5 style=\"text-align: center;\">5 min<\/h5>\n<p>[\/vc_column_text][\/vc_column_inner][vc_column_inner width=&#8221;1\/4&#8243;][vc_pie label_value=&#8221;2&#8243; color=&#8221;custom&#8221; title=&#8221;Proposition&#8221; custom_color=&#8221;#df003c&#8221;][vc_column_text]<\/p>\n<p style=\"text-align: center;\">Nous analysons votre demande et vous proposons une solution adapt\u00e9e \u00e0 votre profil.<\/p>\n<h5 style=\"text-align: center;\">12 heures<\/h5>\n<p>[\/vc_column_text][\/vc_column_inner][vc_column_inner width=&#8221;1\/4&#8243;][vc_pie value=&#8221;75&#8243; label_value=&#8221;3&#8243; color=&#8221;custom&#8221; title=&#8221;Signature&#8221; custom_color=&#8221;#df003c&#8221;][vc_column_text]<\/p>\n<p style=\"text-align: center;\">Une fois le contrat \u00e9tabli, il vous suffit de le signer et nous le transmettre.<\/p>\n<h5 style=\"text-align: center;\">Cette \u00e9tape d\u00e9pend de votre r\u00e9activit\u00e9.<\/h5>\n<p>[\/vc_column_text][\/vc_column_inner][vc_column_inner width=&#8221;1\/4&#8243;][vc_pie value=&#8221;100&#8243; label_value=&#8221;4&#8243; color=&#8221;custom&#8221; title=&#8221;Virement&#8221; custom_color=&#8221;#df003c&#8221;][vc_column_text]<\/p>\n<p style=\"text-align: center;\">Le montant est vir\u00e9 dans votre compte.<\/p>\n<h5 style=\"text-align: center;\">14 jours (D\u00e9lai l\u00e9gal)<\/h5>\n<p>[\/vc_column_text][\/vc_column_inner][\/vc_row_inner][\/vc_column][\/vc_row]<\/section>\n","protected":false},"excerpt":{"rendered":"<p>Une solution simplifi\u00e9e qui m\u00e9rite d\u2019\u00eatre connue<\/p>\n","protected":false},"author":4,"featured_media":11737,"parent":235,"menu_order":-8,"comment_status":"closed","ping_status":"closed","template":"template-rachat.php","meta":{"inline_featured_image":false,"footnotes":"","_links_to":"","_links_to_target":""},"categories":[35],"class_list":["post-240","page","type-page","status-publish","has-post-thumbnail","hentry","category-rachat-de-credit"],"_links":{"self":[{"href":"https:\/\/multicredit.ch\/fr\/wp-json\/wp\/v2\/pages\/240","targetHints":{"allow":["GET"]}}],"collection":[{"href":"https:\/\/multicredit.ch\/fr\/wp-json\/wp\/v2\/pages"}],"about":[{"href":"https:\/\/multicredit.ch\/fr\/wp-json\/wp\/v2\/types\/page"}],"author":[{"embeddable":true,"href":"https:\/\/multicredit.ch\/fr\/wp-json\/wp\/v2\/users\/4"}],"replies":[{"embeddable":true,"href":"https:\/\/multicredit.ch\/fr\/wp-json\/wp\/v2\/comments?post=240"}],"version-history":[{"count":76,"href":"https:\/\/multicredit.ch\/fr\/wp-json\/wp\/v2\/pages\/240\/revisions"}],"predecessor-version":[{"id":27711,"href":"https:\/\/multicredit.ch\/fr\/wp-json\/wp\/v2\/pages\/240\/revisions\/27711"}],"up":[{"embeddable":true,"href":"https:\/\/multicredit.ch\/fr\/wp-json\/wp\/v2\/pages\/235"}],"wp:featuredmedia":[{"embeddable":true,"href":"https:\/\/multicredit.ch\/fr\/wp-json\/wp\/v2\/media\/11737"}],"wp:attachment":[{"href":"https:\/\/multicredit.ch\/fr\/wp-json\/wp\/v2\/media?parent=240"}],"wp:term":[{"taxonomy":"category","embeddable":true,"href":"https:\/\/multicredit.ch\/fr\/wp-json\/wp\/v2\/categories?post=240"}],"curies":[{"name":"wp","href":"https:\/\/api.w.org\/{rel}","templated":true}]}}