{"id":23325,"date":"2023-03-03T11:55:04","date_gmt":"2023-03-03T11:55:04","guid":{"rendered":"https:\/\/multicredit.ch\/?page_id=23325"},"modified":"2023-03-14T09:58:43","modified_gmt":"2023-03-14T09:58:43","slug":"turkce-acilis-sayfasi","status":"publish","type":"page","link":"https:\/\/multicredit.ch\/fr\/turkce-acilis-sayfasi\/","title":{"rendered":"Turkce acilis sayfasi"},"content":{"rendered":"<h2><span class=\"ez-toc-section\" id=\"Finansmaninizi_hizli_ve_guvenli_bir_sekilde_alin\"><\/span>Finansman\u0131n\u0131z\u0131 h\u0131zl\u0131 ve g\u00fcvenli bir \u015fekilde al\u0131n <span class=\"ez-toc-section-end\"><\/span><\/h2>\n<p>MultiCredit\u2019ye g\u00fcvenin. Bankac\u0131l\u0131k diplomas\u0131 (ISFB &#8211; Bankac\u0131l\u0131k Y\u00fcksek E\u011fitim Enstit\u00fcs\u00fc) ve UNIGE&#8217;de (Cenevre \u00dcniversitesi) risk y\u00f6netimi alan\u0131nda bankac\u0131l\u0131k ekonomisi uzman\u0131 olarak sa\u011flam bir ge\u00e7mi\u015fe sahip olan M\u00fcn\u00fcr Aslan, bireylere (5\u2019000 CHF den 400\u2019000 CHF) ve \u015firket y\u00f6neticilerine g\u00fcnl\u00fck olarak finansal se\u00e7enekleri konusunda tavsiyelerde bulunmaktad\u0131r (50\u2019000 CHF den 10\u2019000\u20190000 CHF).<\/p>\n<p>\t\t\t<a href=\"https:\/\/multicredit.ch\/tr\/kredi-basvurusu\/\" role=\"button\"><br \/>\n\t\t\t\t\t\tOnline ba\u015fvuru formumuzu \u015fimdi doldurun ve 24 saat i\u00e7inde yan\u0131t al\u0131n.<br \/>\n\t\t\t\t\t<\/a><br \/>\n\t\t\t\t\t\t\t\t\t\t\t\t\t\t\t<img decoding=\"async\" width=\"941\" height=\"879\" src=\"https:\/\/multicredit.ch\/wp\/wp-content\/uploads\/mc-m-aslan.png\" alt=\"M\u00fcn\u00fcr ASLAN directeur Cashflex MultiCredit Fribourg le sp\u00e9cialiste du cr\u00e9dit priv\u00e9 en Suisse\" loading=\"lazy\" srcset=\"https:\/\/multicredit.ch\/wp\/wp-content\/uploads\/mc-m-aslan.png 941w, https:\/\/multicredit.ch\/wp\/wp-content\/uploads\/mc-m-aslan-300x280.png 300w, https:\/\/multicredit.ch\/wp\/wp-content\/uploads\/mc-m-aslan-768x717.png 768w\" sizes=\"auto, (max-width: 941px) 100vw, 941px\" title=\"\"><br \/>\n\t\t\t\t\t\t\t\t\t\t\t\t\t\t\t<img decoding=\"async\" width=\"1010\" height=\"861\" src=\"https:\/\/multicredit.ch\/wp\/wp-content\/uploads\/LP-turque.png\" alt=\"\" loading=\"lazy\" srcset=\"https:\/\/multicredit.ch\/wp\/wp-content\/uploads\/LP-turque.png 1010w, https:\/\/multicredit.ch\/wp\/wp-content\/uploads\/LP-turque-300x256.png 300w, https:\/\/multicredit.ch\/wp\/wp-content\/uploads\/LP-turque-768x655.png 768w\" sizes=\"auto, (max-width: 1010px) 100vw, 1010px\" title=\"\"><br \/>\n\t\t\t\t\t\t\t\t\t\t\t\t\t\t\t<img decoding=\"async\" width=\"1000\" height=\"1000\" src=\"https:\/\/multicredit.ch\/wp\/wp-content\/uploads\/MultiCredit-a-Fribourg.png\" alt=\"MultiCredit \u00e0 Fribourg\" loading=\"lazy\" srcset=\"https:\/\/multicredit.ch\/wp\/wp-content\/uploads\/MultiCredit-a-Fribourg.png 1000w, https:\/\/multicredit.ch\/wp\/wp-content\/uploads\/MultiCredit-a-Fribourg-300x300.png 300w, https:\/\/multicredit.ch\/wp\/wp-content\/uploads\/MultiCredit-a-Fribourg-150x150.png 150w, https:\/\/multicredit.ch\/wp\/wp-content\/uploads\/MultiCredit-a-Fribourg-768x768.png 768w\" sizes=\"auto, (max-width: 1000px) 100vw, 1000px\" title=\"\">\t\t\t\t\t\t\t\t\t\t\t\t\t\t\t<\/p>\n<h2><span class=\"ez-toc-section\" id=\"Finanse_etmeniz_gereken_bir_projeniz_mi_var\"><\/span>Finanse etmeniz gereken bir projeniz mi var?<span class=\"ez-toc-section-end\"><\/span><\/h2>\n<p>\u0130ster tadilat, ister bir araba sat\u0131n alma projesi veya i\u015finizi geli\u015ftirmek i\u00e7in olsun, Multicredit ihtiyac\u0131n\u0131z olan \u00e7\u00f6z\u00fcmd\u00fcr. \u0130svi\u00e7re&#8217;de kredi sekt\u00f6r\u00fcnde 24 y\u0131l\u0131 a\u015fk\u0131n uzmanl\u0131\u011fa sahip olan \u015firketin kurucusu ve CEO&#8217;su M\u00fcn\u00fcr Aslan, binlerce \u00f6zel ki\u015fi ve profesyonelin projelerini ger\u00e7ekle\u015ftirmelerine yard\u0131mc\u0131 olmu\u015ftur.<\/p>\n<p>\t\t\t<a href=\"tel:+41\u00a076\u00a0412\u00a037\u00a089\" role=\"button\"><br \/>\n\t\t\t\t\t\tProjenizi g\u00f6r\u00fc\u015fmek i\u00e7in bizi buradan aray\u0131n<br \/>\n\t\t\t\t\t<\/a><\/p>\n<h2><span class=\"ez-toc-section\" id=\"Hizli_ozenli_profesyonel_ve_sagduyulu_bir_ekip\"><\/span>H\u0131zl\u0131, \u00f6zenli, profesyonel ve sa\u011fduyulu bir ekip<span class=\"ez-toc-section-end\"><\/span><\/h2>\n<p>MultiCredit&#8217;te, size A&#8217;dan Z&#8217;ye finansman dosyan\u0131za adanm\u0131\u015f tek bir irtibat noktas\u0131 sa\u011fl\u0131yoruz. Size tavsiyelerde bulunmak ve durumunuza en uygun krediyi bulman\u0131za yard\u0131mc\u0131 olmak i\u00e7in buraday\u0131z. Finansman \u00e7\u00f6z\u00fcmlerimiz h\u0131zl\u0131 ve kolayd\u0131r.\u00a0<\/p>\n<p>Ba\u015fvurunuzu i\u015fleme koyuyor ve size 24 saat i\u00e7inde yan\u0131t veriyoruz. B\u00f6ylece projenize gecikmeden ba\u015flayabilirsiniz. Uzmanl\u0131\u011f\u0131m\u0131zdan yararlanmak ve finansman\u0131n\u0131z\u0131 h\u0131zl\u0131 ve g\u00fcvenli bir \u015fekilde sa\u011flamak i\u00e7in hemen bizimle ileti\u015fime ge\u00e7in.<\/p>\n<p>\t\t\t\t0<\/p>\n<h5>y\u0131llar<\/h5>\n<p>\u0130svi\u00e7re kredi sekt\u00f6r\u00fcnde uzmanl\u0131k<\/p>\n<p>\t\t\t\t0<\/p>\n<h5>istekleri <\/h5>\n<p>y\u0131ll\u0131k kredi ba\u015fvurular\u0131<\/p>\n<p>\t\t\t\t0<br \/>\n\t\t\t\t+<\/p>\n<h5>milyon \u0130svi\u00e7re Frang\u0131<\/h5>\n<p>1999&#8217;dan beri \u00f6d\u00fcn\u00e7<\/p>\n<p>\t\t\t\t\t\t\t\t\t\t\t\t\t\t\t<img decoding=\"async\" width=\"1279\" height=\"853\" src=\"https:\/\/multicredit.ch\/wp\/wp-content\/uploads\/pexels-jeshootscom-834892.jpg\" alt=\"\" loading=\"lazy\" srcset=\"https:\/\/multicredit.ch\/wp\/wp-content\/uploads\/pexels-jeshootscom-834892.jpg 1279w, https:\/\/multicredit.ch\/wp\/wp-content\/uploads\/pexels-jeshootscom-834892-300x200.jpg 300w, https:\/\/multicredit.ch\/wp\/wp-content\/uploads\/pexels-jeshootscom-834892-1024x683.jpg 1024w, https:\/\/multicredit.ch\/wp\/wp-content\/uploads\/pexels-jeshootscom-834892-768x512.jpg 768w\" sizes=\"auto, (max-width: 1279px) 100vw, 1279px\" title=\"\">\t\t\t\t\t\t\t\t\t\t\t\t\t\t\t<\/p>\n<h5>Ev onarimi \/ yenileme kredileri <\/h5>\n<p>\u0130\u015f, tadilat veya m\u00fclk\u00fcn\u00fczdeki herhangi bir iyile\u015ftirme i\u00e7in kredi al\u0131n.<\/p>\n<p>\t\t\t<a href=\"https:\/\/multicredit.ch\/tr\/kredi\/emlak-kredisi\/\" role=\"button\"><br \/>\n\t\t\t\t\t\tDAHA FAZLA BI\u0307LGI\u0307 EDI\u0307NI\u0307N<br \/>\n\t\t\t\t\t<\/a><br \/>\n\t\t\t\t\t\t\t\t\t\t\t\t\t\t\t<img decoding=\"async\" width=\"1024\" height=\"682\" src=\"https:\/\/multicredit.ch\/wp\/wp-content\/uploads\/pexels-jesse-zheng-1213294-1024x682.jpg\" alt=\"\" loading=\"lazy\" srcset=\"https:\/\/multicredit.ch\/wp\/wp-content\/uploads\/pexels-jesse-zheng-1213294-1024x682.jpg 1024w, https:\/\/multicredit.ch\/wp\/wp-content\/uploads\/pexels-jesse-zheng-1213294-300x200.jpg 300w, https:\/\/multicredit.ch\/wp\/wp-content\/uploads\/pexels-jesse-zheng-1213294-768x512.jpg 768w, https:\/\/multicredit.ch\/wp\/wp-content\/uploads\/pexels-jesse-zheng-1213294.jpg 1280w\" sizes=\"auto, (max-width: 1024px) 100vw, 1024px\" title=\"\">\t\t\t\t\t\t\t\t\t\t\t\t\t\t\t<\/p>\n<h5>Ara\u00e7 kredisi \/ ara\u00e7 sat\u0131n alma <\/h5>\n<p>Facere quibusdam vero leo, senectus, omnis aliquip voluptatem nihil malesuada.<\/p>\n<p>\t\t\t<a href=\"https:\/\/multicredit.ch\/tr\/kredi\/araba-kredi\/\" role=\"button\"><br \/>\n\t\t\t\t\t\tDAHA FAZLA BI\u0307LGI\u0307 EDI\u0307NI\u0307N<br \/>\n\t\t\t\t\t<\/a><br \/>\n\t\t\t\t\t\t\t\t\t\t\t\t\t\t\t<img decoding=\"async\" width=\"1024\" height=\"682\" src=\"https:\/\/multicredit.ch\/wp\/wp-content\/uploads\/pexels-andrea-piacquadio-3831826-1024x682.jpg\" alt=\"\" loading=\"lazy\" srcset=\"https:\/\/multicredit.ch\/wp\/wp-content\/uploads\/pexels-andrea-piacquadio-3831826-1024x682.jpg 1024w, https:\/\/multicredit.ch\/wp\/wp-content\/uploads\/pexels-andrea-piacquadio-3831826-300x200.jpg 300w, https:\/\/multicredit.ch\/wp\/wp-content\/uploads\/pexels-andrea-piacquadio-3831826-768x512.jpg 768w, https:\/\/multicredit.ch\/wp\/wp-content\/uploads\/pexels-andrea-piacquadio-3831826.jpg 1280w\" sizes=\"auto, (max-width: 1024px) 100vw, 1024px\" title=\"\">\t\t\t\t\t\t\t\t\t\t\t\t\t\t\t<\/p>\n<h5>Kobi kredisi<\/h5>\n<p>Facere quibusdam vero leo, senectus, omnis aliquip voluptatem nihil malesuada.<\/p>\n<p>\t\t\t<a href=\"https:\/\/multicredit.ch\/tr\/kredi\/kobi-kredisi\/\" role=\"button\"><br \/>\n\t\t\t\t\t\tDAHA FAZLA BI\u0307LGI\u0307 EDI\u0307NI\u0307N<br \/>\n\t\t\t\t\t<\/a><br \/>\n\t\t\t\t\t\t\t\t\t\t\t\t\t\t\t<img decoding=\"async\" width=\"1024\" height=\"682\" src=\"https:\/\/multicredit.ch\/wp\/wp-content\/uploads\/pexels-karolina-grabowska-4977463-1024x682.jpg\" alt=\"\" loading=\"lazy\" srcset=\"https:\/\/multicredit.ch\/wp\/wp-content\/uploads\/pexels-karolina-grabowska-4977463-1024x682.jpg 1024w, https:\/\/multicredit.ch\/wp\/wp-content\/uploads\/pexels-karolina-grabowska-4977463-300x200.jpg 300w, https:\/\/multicredit.ch\/wp\/wp-content\/uploads\/pexels-karolina-grabowska-4977463-768x512.jpg 768w, https:\/\/multicredit.ch\/wp\/wp-content\/uploads\/pexels-karolina-grabowska-4977463.jpg 1280w\" sizes=\"auto, (max-width: 1024px) 100vw, 1024px\" title=\"\">\t\t\t\t\t\t\t\t\t\t\t\t\t\t\t<\/p>\n<h5>Bireysel kredi<\/h5>\n<p>Facere quibusdam vero leo, senectus, omnis aliquip voluptatem nihil malesuada.<\/p>\n<p>\t\t\t<a href=\"https:\/\/multicredit.ch\/tr\/kredi\/kisisel-kredi\/\" role=\"button\"><br \/>\n\t\t\t\t\t\tDAHA FAZLA BI\u0307LGI\u0307 EDI\u0307NI\u0307N<br \/>\n\t\t\t\t\t<\/a><\/p>\n<h6>TESTIMONIAL<\/h6>\n<p>\t\t\t\t\t\t\t\t\t\t\t\t\t\t\t<img decoding=\"async\" width=\"150\" height=\"150\" src=\"https:\/\/multicredit.ch\/wp\/wp-content\/uploads\/finconsult-img15.jpg\" alt=\"\" loading=\"lazy\" title=\"\">\t\t\t\t\t\t\t\t\t\t\t\t\t\t\t<\/p>\n<h6>Best Corporating..<\/h6>\n<p>Mi eiusmod faucibus dolores. Hac deleniti, vel ullamcorper praesent, tempore odio esse lacus corporis fames urna at sapiente, conseq.<\/p>\n<p>\t\t\t\t\t\t\t\t\t\t\t\t\t\t\t<img decoding=\"async\" width=\"150\" height=\"150\" src=\"https:\/\/multicredit.ch\/wp\/wp-content\/uploads\/finconsult-img14.jpg\" alt=\"\" loading=\"lazy\" title=\"\">\t\t\t\t\t\t\t\t\t\t\t\t\t\t\t<\/p>\n<h6>Workflow Flexibility..<\/h6>\n<p>Mi eiusmod faucibus dolores. Hac deleniti, vel ullamcorper praesent, tempore odio esse lacus corporis fames urna at sapiente, conseq.<\/p>\n<p>\t\t\t<a href=\"#\" role=\"button\"><br \/>\n\t\t\t\t\t\tVIEW MORE REVIEWS<br \/>\n\t\t\t\t\t<\/a><\/p>\n","protected":false},"excerpt":{"rendered":"<p>Finansman\u0131n\u0131z\u0131 h\u0131zl\u0131 ve g\u00fcvenli bir \u015fekilde al\u0131n MultiCredit\u2019ye g\u00fcvenin. Bankac\u0131l\u0131k diplomas\u0131 (ISFB &#8211; Bankac\u0131l\u0131k Y\u00fcksek E\u011fitim Enstit\u00fcs\u00fc) ve UNIGE&#8217;de (Cenevre \u00dcniversitesi) risk y\u00f6netimi alan\u0131nda bankac\u0131l\u0131k ekonomisi uzman\u0131 olarak sa\u011flam bir ge\u00e7mi\u015fe sahip olan M\u00fcn\u00fcr Aslan, bireylere (5\u2019000 CHF den 400\u2019000 CHF) ve \u015firket y\u00f6neticilerine g\u00fcnl\u00fck olarak finansal se\u00e7enekleri konusunda tavsiyelerde bulunmaktad\u0131r (50\u2019000 CHF den 10\u2019000\u20190000 [&hellip;]<\/p>\n","protected":false},"author":4,"featured_media":0,"parent":0,"menu_order":0,"comment_status":"closed","ping_status":"closed","template":"elementor_header_footer","meta":{"inline_featured_image":false,"footnotes":"","_links_to":"","_links_to_target":""},"categories":[],"class_list":["post-23325","page","type-page","status-publish","hentry"],"_links":{"self":[{"href":"https:\/\/multicredit.ch\/fr\/wp-json\/wp\/v2\/pages\/23325","targetHints":{"allow":["GET"]}}],"collection":[{"href":"https:\/\/multicredit.ch\/fr\/wp-json\/wp\/v2\/pages"}],"about":[{"href":"https:\/\/multicredit.ch\/fr\/wp-json\/wp\/v2\/types\/page"}],"author":[{"embeddable":true,"href":"https:\/\/multicredit.ch\/fr\/wp-json\/wp\/v2\/users\/4"}],"replies":[{"embeddable":true,"href":"https:\/\/multicredit.ch\/fr\/wp-json\/wp\/v2\/comments?post=23325"}],"version-history":[{"count":90,"href":"https:\/\/multicredit.ch\/fr\/wp-json\/wp\/v2\/pages\/23325\/revisions"}],"predecessor-version":[{"id":24447,"href":"https:\/\/multicredit.ch\/fr\/wp-json\/wp\/v2\/pages\/23325\/revisions\/24447"}],"wp:attachment":[{"href":"https:\/\/multicredit.ch\/fr\/wp-json\/wp\/v2\/media?parent=23325"}],"wp:term":[{"taxonomy":"category","embeddable":true,"href":"https:\/\/multicredit.ch\/fr\/wp-json\/wp\/v2\/categories?post=23325"}],"curies":[{"name":"wp","href":"https:\/\/api.w.org\/{rel}","templated":true}]}}