{"id":23085,"date":"2023-01-25T15:09:38","date_gmt":"2023-01-25T15:09:38","guid":{"rendered":"https:\/\/multicredit.ch\/?page_id=23085"},"modified":"2026-03-21T18:58:06","modified_gmt":"2026-03-21T18:58:06","slug":"credit-rating-check","status":"publish","type":"page","link":"https:\/\/multicredit.ch\/fr\/demande-de-credit\/credit-rating-check\/","title":{"rendered":"Connaissez-vous votre score de cr\u00e9dit ? V\u00e9rifiez votre cote maintenant avec ZEK, CRIF, etc."},"content":{"rendered":"<section class=\"wpb-content-wrapper\">[vc_row full_width=&#8221;stretch_row&#8221; content_placement=&#8221;middle&#8221; css=&#8221;.vc_custom_1681240976640{padding-top: 16px !important;}&#8221;][vc_column][vc_column_text css=&#8221;.vc_custom_1681240903821{padding-bottom: -32px !important;}&#8221;]<\/p>\n<h2><span class=\"ez-toc-section\" id=\"Pourquoi_faut-il_absolument_nettoyer_un_score_de_credit_negatif_pour_profiter_de_meilleures_opportunites\"><\/span>Pourquoi faut-il absolument nettoyer un score de cr\u00e9dit n\u00e9gatif pour profiter de meilleures opportunit\u00e9s ?<span class=\"ez-toc-section-end\"><\/span><\/h2>\n<p>[\/vc_column_text][vc_empty_space][vc_row_inner content_placement=&#8221;middle&#8221; css=&#8221;.vc_custom_1681219929827{margin-top: -16px !important;}&#8221;][vc_column_inner width=&#8221;1\/2&#8243;][vc_column_text]Sans un bon score de cr\u00e9dit, vous ne pourrez obtenir ni cr\u00e9dit, ni leasing, ni paiement sur facture via diverses plateformes et l&#8217;on pourrait vous refuser des logements et des emplois !<\/p>\n<p>Diverses institutions de v\u00e9rification des donn\u00e9es financi\u00e8res scrutent vos actions li\u00e9es \u00e0 la r\u00e9gularit\u00e9 de vos paiements et du respect assidu de vos engagements (ex. la ZEK\/IKO, Cresura, Intrum, Creditreform, CRIF,\u2026). Ils cherchent \u00e0 savoir \u00e0 quel profil de risque vous correspondez et quel type de rigueur vous avez envers vos engagements financiers et factures. Ils vous donnent donc un score de cr\u00e9dit, aussi connu sous le nom de rating de cr\u00e9dit. Les donn\u00e9es qui les int\u00e9ressent sont, par exemple :<\/p>\n<ul>\n<li class=\"ql-heading\" data-block-id=\"block-dbbef3f2-9d39-469e-80b8-5e7002fe61fc\">codes n\u00e9gatifs \u00e0 la ZEK\/IKO<\/li>\n<li class=\"ql-heading\" data-block-id=\"block-dbbef3f2-9d39-469e-80b8-5e7002fe61fc\">paiements de mensualit\u00e9s et r\u00e9gularit\u00e9s des paiements<\/li>\n<li class=\"ql-heading\" data-block-id=\"block-dbbef3f2-9d39-469e-80b8-5e7002fe61fc\">solde de carte de cr\u00e9dit et r\u00e9gularit\u00e9s de remboursement<\/li>\n<li class=\"ql-heading\" data-block-id=\"block-dbbef3f2-9d39-469e-80b8-5e7002fe61fc\">retards de paiement<\/li>\n<li class=\"ql-heading\" data-block-id=\"block-dbbef3f2-9d39-469e-80b8-5e7002fe61fc\">poursuites\/commandement de payer<\/li>\n<\/ul>\n<p>[\/vc_column_text][\/vc_column_inner][vc_column_inner width=&#8221;1\/2&#8243;][vc_single_image image=&#8221;25960&#8243; img_size=&#8221;full&#8221; alignment=&#8221;center&#8221;][vc_single_image image=&#8221;25942&#8243; img_size=&#8221;full&#8221; alignment=&#8221;center&#8221;][\/vc_column_inner][\/vc_row_inner][vc_row_inner css=&#8221;.vc_custom_1681240932611{margin-top: -32px !important;}&#8221;][vc_column_inner width=&#8221;1\/12&#8243;][\/vc_column_inner][vc_column_inner width=&#8221;10\/12&#8243;][vc_column_text]<\/p>\n<ul>\n<li>Cela demande une action manuelle et l&#8217;implication de votre cr\u00e9ancier (la personne envers laquelle vous avez une dette) de nettoyer certaines donn\u00e9es critiques.<\/li>\n<li>Ce nettoyage est tr\u00e8s important pour plusieurs types de demandes courantes : que ce soit pour obtenir une ligne de cr\u00e9dit (leasing, cr\u00e9dit hypoth\u00e9caire, etc.), une carte de cr\u00e9dit, un logement et dans certains cas un travail (police, domaine m\u00e9dical, enseignement, etc.). La qualit\u00e9 de votre score est d\u00e9terminante.<\/li>\n<li>Plus votre score ou aussi connu sous le nom de rating de cr\u00e9dit est n\u00e9gatif, plus les \u00e9tablissements financiers pratiquent des taux \u00e9lev\u00e9s en lien avec votre situation jug\u00e9e plus risqu\u00e9e.<\/li>\n<\/ul>\n<p>[\/vc_column_text][\/vc_column_inner][vc_column_inner width=&#8221;1\/12&#8243;][\/vc_column_inner][\/vc_row_inner][\/vc_column][\/vc_row][vc_row full_width=&#8221;stretch_row_content&#8221; css=&#8221;.vc_custom_1680710082444{background-color: #0247d3 !important;}&#8221;][vc_column][vc_column_text]<\/p>\n<div class=\"blocktitle title-center title-light maxwidth\">\n<h2><span class=\"ez-toc-section\" id=\"Les_societes_de_renseignement_economique_suisses_nont_aucun_secret_pour_nous_et_notre_experience_de_longue_date_nous_permet_de_connaitre_avec_precisions_les_score_de_credit_rating_de_credit_codes_et_opportunites_dameliorations_pour_vous_faire_beneficier_des_meilleurs_taux_pour_votre_credit\"><\/span>Les soci\u00e9t\u00e9s de renseignement \u00e9conomique suisses n&#8217;ont aucun secret pour nous et notre exp\u00e9rience de longue date nous permet de conna\u00eetre avec pr\u00e9cisions les score de cr\u00e9dit, rating de cr\u00e9dit, codes et opportunit\u00e9s d&#8217;am\u00e9liorations pour vous faire b\u00e9n\u00e9ficier des meilleurs taux pour votre cr\u00e9dit.<span class=\"ez-toc-section-end\"><\/span><\/h2>\n<\/div>\n<p>[\/vc_column_text][\/vc_column][\/vc_row][vc_row css=&#8221;.vc_custom_1745321842240{background-color: #0247d3 !important;}&#8221;][vc_column][vc_raw_html]JTNDZGl2JTIwaWQlM0QlMjJ2dWUtZGlhZ25vc3RpYy1mb3JtLWNvbnRhaW5lciUyMiUyMGNsYXNzJTNEJTIyZmxleC1jZW50ZXItY2VudGVyJTIyJTNFJTNDJTJGZGl2JTNF[\/vc_raw_html][vc_raw_js]JTNDc2NyaXB0JTNFbG9hZERpYWdub3N0aWNGb3JtJTI4JTI5JTNDJTJGc2NyaXB0JTNF[\/vc_raw_js][\/vc_column][\/vc_row][vc_row css=&#8221;.vc_custom_1745321893595{padding-bottom: 32px !important;background-color: #0247d3 !important;}&#8221;][vc_column width=&#8221;1\/12&#8243; offset=&#8221;vc_hidden-xs&#8221;][\/vc_column][vc_column width=&#8221;2\/12&#8243;][vc_btn title=&#8221;&#8221; align=&#8221;center&#8221; i_icon_fontawesome=&#8221;fas fa-envelope&#8221; add_icon=&#8221;true&#8221; link=&#8221;url:mailto%3Ainfo%40multicredit.ch&#8221;][\/vc_column][vc_column width=&#8221;2\/12&#8243;][vc_btn title=&#8221;&#8221; align=&#8221;center&#8221; i_icon_fontawesome=&#8221;fas fa-phone&#8221; add_icon=&#8221;true&#8221; link=&#8221;url:tel%3A079%20936%2031%2075&#8243;][\/vc_column][vc_column width=&#8221;2\/12&#8243;][vc_btn title=&#8221;&#8221; align=&#8221;center&#8221; i_icon_fontawesome=&#8221;fab fa-whatsapp&#8221; add_icon=&#8221;true&#8221; link=&#8221;url:https%3A%2F%2Fapi.whatsapp.com%2Fsend%3Fphone%3D41799363175&#8243;][\/vc_column][vc_column width=&#8221;1\/12&#8243; offset=&#8221;vc_hidden-xs&#8221;][\/vc_column][\/vc_row][vc_row][vc_column]<\/p>\n<div class=\"blocktitle title-left title-dark\" clearfix\"><H2><span class=\"ez-toc-section\" id=\"Foire_aux_questions_sur_le_score_de_credit_credit_rating\"><\/span>Foire aux questions sur le score de cr\u00e9dit \/ credit rating<\/H2><\/div>\n<p>[vc_toggle title=&#8221;Qu&#8217;est-ce que la note de solvabilit\u00e9, aussi connue comme cr\u00e9dit score ou cr\u00e9dit rating ?&#8221;]<\/p>\n<h3 data-block-id=\"block-a5c28f75-1808-43f6-bec1-73c5f7896563\"><\/h3>\n<p>Il existe des registres en Suisse permettant \u00e0 tout organisme de conna\u00eetre votre note de solvabilit\u00e9 (\u00e9galement appel\u00e9 scoring). Banques, g\u00e9rances, concessionnaires de v\u00e9hicules\u2026 tout organisme pr\u00eatant de l\u2019argent, louant un bien immobilier, contractualisant un leasing\u2026 consultent ces registres avant de valider une d\u00e9cision. Inutile de dire que votre note peut jouer en votre faveur et, en votre d\u00e9faveur si vous \u00eates consid\u00e9r\u00e9 comme mauvais payeur.<\/p>\n<p>La liquidit\u00e9, la solvabilit\u00e9 et l&#8217;honorabilit\u00e9 sont les 3 crit\u00e8res majeurs consid\u00e9r\u00e9s par la banque.<\/p>\n<ul>\n<li>Liquidit\u00e9 : ce sont toutes les esp\u00e8ces et avoirs en compte. En r\u00e8gle g\u00e9n\u00e9rale, on additionne votre salaire, vos rentes, loyers ou dividendes et nous y soustrayons vos plus grosses d\u00e9penses (loyer, engagements en cours comme des abonnements r\u00e9currents, etc.)<\/li>\n<li>Solvabilit\u00e9 : ce sont les ant\u00e9c\u00e9dents que vous avez aupr\u00e8s des Offices des Poursuites (OP).<\/li>\n<li>Honorabilit\u00e9 : c&#8217;est la capacit\u00e9 d&#8217;une personne \u00e0 payer ou \u00e0 honorer les cr\u00e9dits, c&#8217;est ce que les organismes scrutent soit vos habitudes et r\u00e9gularit\u00e9s de paiement.<\/li>\n<\/ul>\n<p>[\/vc_toggle][vc_row_inner equal_height=&#8221;yes&#8221; gap=&#8221;15&#8243;][vc_column_inner width=&#8221;1\/3&#8243; css=&#8221;.vc_custom_1680095002445{background-color: #0247d3 !important;border-radius: 35px !important;}&#8221;][vc_empty_space][vc_icon icon_fontawesome=&#8221;fas fa-hand-holding-usd&#8221; color=&#8221;custom&#8221; size=&#8221;xl&#8221; align=&#8221;center&#8221; custom_color=&#8221;#ffffff&#8221;][vc_custom_heading text=&#8221;Vous disposez de liquidit\u00e9s r\u00e9guli\u00e8res&#8221; font_container=&#8221;tag:h2|text_align:left|color:%23ffffff&#8221; google_fonts=&#8221;font_family:Open%20Sans%3A300%2C300italic%2Cregular%2Citalic%2C600%2C600italic%2C700%2C700italic%2C800%2C800italic|font_style:400%20regular%3A400%3Anormal&#8221;][vc_column_text]<\/p>\n<p style=\"color: white;\">Il y a une diff\u00e9rence positive entre vos rentr\u00e9es d&#8217;argent et vos d\u00e9penses courantes.<\/p>\n<p>[\/vc_column_text][\/vc_column_inner][vc_column_inner width=&#8221;1\/3&#8243; css=&#8221;.vc_custom_1680095743564{background-color: #0247d3 !important;border-radius: 35px !important;}&#8221;][vc_empty_space][vc_icon icon_fontawesome=&#8221;fas fa-gavel&#8221; color=&#8221;custom&#8221; size=&#8221;xl&#8221; align=&#8221;center&#8221; custom_color=&#8221;#ffffff&#8221;][vc_custom_heading text=&#8221;Vous \u00eates signal\u00e9 comme \u00e9tant solvable&#8221; font_container=&#8221;tag:h2|text_align:left|color:%23ffffff&#8221; google_fonts=&#8221;font_family:Open%20Sans%3A300%2C300italic%2Cregular%2Citalic%2C600%2C600italic%2C700%2C700italic%2C800%2C800italic|font_style:400%20regular%3A400%3Anormal&#8221;][vc_column_text]<\/p>\n<p style=\"color: white;\">Il n&#8217;y a aucun signalement n\u00e9gatif \u00e0 l&#8217;Office des Poursuites.<\/p>\n<p>[\/vc_column_text][\/vc_column_inner][vc_column_inner width=&#8221;1\/3&#8243; css=&#8221;.vc_custom_1680095750236{background-color: #0247d3 !important;border-radius: 35px !important;}&#8221;][vc_empty_space][vc_icon icon_fontawesome=&#8221;fas fa-handshake&#8221; color=&#8221;custom&#8221; size=&#8221;xl&#8221; align=&#8221;center&#8221; custom_color=&#8221;#ffffff&#8221;][vc_custom_heading text=&#8221;Vous \u00eates signal\u00e9 comme \u00e9tant honorable&#8221; font_container=&#8221;tag:h2|text_align:left|color:%23ffffff&#8221; google_fonts=&#8221;font_family:Open%20Sans%3A300%2C300italic%2Cregular%2Citalic%2C600%2C600italic%2C700%2C700italic%2C800%2C800italic|font_style:400%20regular%3A400%3Anormal&#8221;][vc_column_text]<\/p>\n<p style=\"color: white;\">Vous avez un historique positif aupr\u00e8s de la ZEK (centrale des cr\u00e9dits).<\/p>\n<p>[\/vc_column_text][\/vc_column_inner][\/vc_row_inner][vc_empty_space][vc_toggle title=&#8221;Quelles sont les bases de donn\u00e9es de solvabilit\u00e9 en Suisse?&#8221;]Les registres des poursuites cantonaux, <a href=\"https:\/\/www.zek.ch\/fr-ch\/preneurs-de-credit-et-de-leasing\" target=\"_blank\" rel=\"noopener\">ZEK<\/a>, Cresura, <a href=\"https:\/\/www.intrum.ch\/fr\/consommateurs\/\" target=\"_blank\" rel=\"noopener\">Intrum<\/a>, Creditreform, <a href=\"https:\/\/www.crif.ch\/\" target=\"_blank\" rel=\"noopener\">CRIF<\/a>, IKO sont des oragnismes qui archivent vos retards de paiements, notation n\u00e9gatives et codes n\u00e9gatifs d\u00e9pos\u00e9es \u00e0 votre encontre, factures impay\u00e9es, cr\u00e9dits non-rembours\u00e9s \u00e0 temps et toutes irr\u00e9gularit\u00e9s li\u00e9s \u00e0 des paiements en lien avec des factures, cr\u00e9dits et carte de cr\u00e9dits.<\/p>\n<p><a href=\"https:\/\/www.fedlex.admin.ch\/eli\/cc\/2002\/593\/fr\" target=\"_blank\" rel=\"noopener\">La loi sur le cr\u00e9dit \u00e0 la consommation<\/a> oblige les banques pr\u00eateuses \u00e0 v\u00e9rifier vos donn\u00e9es dans ces bases avant d&#8217;accepter une demande. Des millions de commandements de payer et de saisies sont effectu\u00e9s chaque ann\u00e9e en Suisse. Cela montre la quantit\u00e9 d&#8217;informations que ces bases de donn\u00e9es int\u00e8grent chaque jour.[\/vc_toggle][vc_toggle title=&#8221;Pourquoi faire v\u00e9rifier les registres officiels par un professionnels ?&#8221;]Comme tous ces organismes revendent ces donn\u00e9es aux banques sous forme d&#8217;abonnement pour toutes les entreprises qui souhaitent v\u00e9rifier la solvabilit\u00e9 de leur client&#8230; Vous pouvez vous retrouver dans une spirale infernale en \u00e9tant fich\u00e9s dans diverses institutions qui pratiquent des crit\u00e8res plus ou moins intrusifs.<\/p>\n<p>Par exemple, dans la base de donn\u00e9e de la CRIF, il y a une section &#8220;poursuites&#8221;. Sous cette partie &#8220;officielle&#8221;, il y a une case de signalement par des magasins partenaires. Si par exemple, il y a encore des frais ouverts (vous avez d\u00e9cid\u00e9 de ne pas payer les rappels mais uniquement la facture initiale) ou qu&#8217;il y a eu un retard dans un paiement m\u00eame si ce n&#8217;est pas parti en poursuites, ou encore que vous avez d\u00fb ren\u00e9gocier un arrangement de paiement suite \u00e0 des impr\u00e9vus financiers, vous pourriez \u00eatre list\u00e9s comme mauvais payeur ! Seul un professionnel conna\u00eet exactement la signification de ces codes et ce qu&#8217;il est possible de faire ainsi que les d\u00e9lais \u00e0 respecter avant de lancer une nouvelle op\u00e9ration financi\u00e8re (demande de cr\u00e9dit notamment), afin de b\u00e9n\u00e9ficier d&#8217;une classe de risque plus avantageuse et de taux minimis\u00e9s. Si l&#8217;on vous consid\u00e8re comme un bon risque, vous aurez de meilleurs taux et cela d\u00e9pend de votre dossier aupr\u00e8s des organismes de renseignement \u00e9conomique.[\/vc_toggle][vc_toggle title=&#8221;Pourquoi y a-t-il des donn\u00e9es erron\u00e9es dans ces bases de donn\u00e9es ?&#8221;]Les raisons sont multiples, comme une erreur humaine ou technique, ou un retard dans la mise \u00e0 jour de votre statut. Il est important de noter que les donn\u00e9es peuvent changer en fonction d&#8217;une plainte retir\u00e9e, d&#8217;un paiement sold\u00e9 ou d&#8217;une saisie termin\u00e9e. Cependant, il est important que ces donn\u00e9es correspondent \u00e0 votre r\u00e9alit\u00e9. Il arrive fr\u00e9quemment que ce ne soit pas le cas.<\/p>\n<p>Derni\u00e8rement, certains cas sont ouverts \u00e0 l&#8217;interpr\u00e9tation pour \u00e9viter un double effet de peine.[\/vc_toggle][vc_toggle title=&#8221;Comment v\u00e9rifier que ma score de cr\u00e9dit aussi appel\u00e9e credit rating, est bonne ?&#8221;]Il arrive fr\u00e9quemment qu\u2019un historique soit mal interpr\u00e9t\u00e9 ou not\u00e9 dans ces registres. Nos \u00e9quipes disposent d\u2019une exp\u00e9rience probante en la mati\u00e8re et connaissent tous les rouages des syst\u00e8mes concern\u00e9s.<\/p>\n<p>Effacer des donn\u00e9es n\u00e9gatives et s\u2019assurer que les annotations soient justes et repr\u00e9sentatives de votre situation actuelle permettront d\u2019am\u00e9liorer votre note afin que vous disposiez de la bonne cr\u00e9dibilit\u00e9 envers les organes d\u00e9cideurs. Vous pourrez alors b\u00e9n\u00e9ficier de meilleurs taux et de solutions plus avantageuses.<\/p>\n<p>Nous vous fournissons l\u2019information et vous aidons \u00e0 prendre les mesures n\u00e9cessaires pour s\u2019assurer que vous ayez compris les codes n\u00e9gatifs et les d\u00e9marches \u00e0 entreprendre.[\/vc_toggle][vc_toggle title=&#8221;Quelles sont les cons\u00e9quences d&#8217;un historique de cr\u00e9dit n\u00e9gatif qui a donn\u00e9 lieu \u00e0 un mauvais score et donc d&#8217;un mauvais rating de cr\u00e9dit ?&#8221;]Il est tr\u00e8s difficile de se voir accorder un pr\u00eat, un cr\u00e9dit, un leasing, une carte de cr\u00e9dit, un bail \u00e0 loyer, ou m\u00eame des facilit\u00e9s de paiements par mensualit\u00e9 si l&#8217;on est enregistr\u00e9 dans les syst\u00e8mes centraux de renseignement \u00e9conomique. Vous pourriez vous voir refuser un cr\u00e9dit, leasing, une carte de cr\u00e9dit ou obtenir des modalit\u00e9s moins avantageuses.<\/p>\n<ul>\n<li>Vous n&#8217;avez pas pay\u00e9 votre solde de carte de cr\u00e9dit \u00e0 temps. V\u00e9rifiez votre limite, c&#8217;est possible que vous n&#8217;ayez pas le droit de reporter le solde.<\/li>\n<li>Vous n&#8217;avez pas pay\u00e9 vos mensualit\u00e9s \u00e0 temps.<\/li>\n<\/ul>\n<p>Mais pas uniquement un mauvais historique li\u00e9s aux cartes de cr\u00e9dit ! N&#8217;importe quel paiement qui s&#8217;est mal d\u00e9roul\u00e9 peut vous apporter son lot de soucis.<\/p>\n<ul>\n<li>Vous avez oubli\u00e9 de payer votre abonnement de t\u00e9l\u00e9phone (Swisscom, Salt, Sunrise) ?<\/li>\n<li>Vous avez oubli\u00e9 de payer votre facture d&#8217;\u00e9lectricit\u00e9, et avez eu une relance via une soci\u00e9t\u00e9 de recouvrement ?<\/li>\n<li>Vous avez oubli\u00e9 de payer une facture m\u00e9dicale et vous avez \u00e9t\u00e9 contact\u00e9 par la soci\u00e9t\u00e9 INTRUM, INKASSOMED ?<\/li>\n<li>Vous avez tard\u00e9 \u00e0 payer votre abonnement de fitness et vous \u00eates frott\u00e9 \u00e0 une soci\u00e9t\u00e9 de recouvrement quelconque (il y en a des centaines) ?<\/li>\n<\/ul>\n<p>Eh oui, cela aussi peut vous rendre in\u00e9ligible \u00e0 plusieurs programmes, cr\u00e9dits, logement et m\u00eame dans certains domaines professionnels ! Les entreprises pr\u00e9f\u00e8rent vendre leurs factures \u00e0 des soci\u00e9t\u00e9s qui occupent 100% de leur temps \u00e0 relancer les clients, proc\u00e9der aux rappels, aux commandements de payer et mises en poursuites ! Pourquoi ? Pour leur image et pour pouvoir se concentrer sur leurs activit\u00e9s principales, abaisser les co\u00fbts de gestion tout en abaissant leur risque de non-paiement par les clients.[\/vc_toggle][vc_toggle title=&#8221;Combien de temps un diagnostique financier prend-t-il ?&#8221;]Apr\u00e8s 24 heures ouvrables, vous recevez un diagnostique de principe.<\/p>\n<p>Apr\u00e8s 3-5 jours ouvrables, vous recevez l&#8217;analyse compl\u00e8te et un rapport sur votre situation financi\u00e8re et un conseil quant aux d\u00e9marches \u00e0 entreprendre.[\/vc_toggle][vc_empty_space][vc_toggle title=&#8221;Combien co\u00fbte un diagnostique financier avec Multicredit.ch ?&#8221;]D\u00e8s 200 vous pourrez profiter d&#8217;un service complet comprenant :<\/p>\n<ul>\n<li>analyse des poursuites<\/li>\n<li>analyse du budget<\/li>\n<li>analyse des documents de la centrale des cr\u00e9dits (ZEK)<\/li>\n<li>recherche \u00e9conomique, \u00e9tude du dossier<\/li>\n<\/ul>\n<p>[\/vc_toggle][vc_toggle title=&#8221;Pourquoi choisir Multicredit ?&#8221;]Nos conseillers et conseill\u00e8res ont travaill\u00e9e plusieurs ann\u00e9es dans diverses de ces institutions financi\u00e8res et connaissent tr\u00e8s bien les instances \u00e0 contacter, leur fonctionnement et toutes les cases cach\u00e9es dans lesquelles des informations toxiques \u00e0 votre sujet pourraient r\u00e9sider.<\/p>\n<p>Notre diagnostique permet d&#8217;aller plus loin qu&#8217;un proc\u00e9dure automatis\u00e9e g\u00e9n\u00e9r\u00e9e automatiquement pas la plupart des prestataires alors que nous v\u00e9rifions des \u00e9l\u00e9ments suppl\u00e9mentaires.<\/p>\n<p>Quitte \u00e0 proc\u00e9der \u00e0 un examen de votre situation, faites le avec un prestataire hautement qualifi\u00e9 ![\/vc_toggle][vc_column_text]<\/p>\n<h2><span class=\"ez-toc-section\" id=\"Conseil_Multicredit_reprenez_les_rennes_de_vos_finances_en_ameliorant_votre_score_de_credit_rating_de_credit_et_eviter_de_payer_trop_cher_ou_detre_exclu_de_nombreux_services_ou_des_meilleures_opportunites_toute_votre_vie\"><\/span>Conseil Multicredit : reprenez les rennes de vos finances en am\u00e9liorant votre score de cr\u00e9dit \/ rating de cr\u00e9dit et \u00e9viter de payer trop cher ou d&#8217;\u00eatre exclu de nombreux services ou des meilleures opportunit\u00e9s toute votre vie !<span class=\"ez-toc-section-end\"><\/span><\/h2>\n<p>Beaucoup de vos projets peuvent p\u00e2tir d&#8217;une situation financi\u00e8re avec un historique n\u00e9gatif dans les registres des banques, des soci\u00e9t\u00e9s de notation financi\u00e8re et organismes de contr\u00f4le.<br \/>\nSi plusieurs fois, vous avez vu des opportunit\u00e9s vous filer sous le nez, vous devez soup\u00e7onner que votre rating vous a p\u00e9jor\u00e9 ! Nous sommes l\u00e0 pour vous aider \u00e0 faire aboutir une <a href=\"https:\/\/multicredit.ch\/fr\/demande-de-credit\/\">demande de cr\u00e9dit<\/a> et pour vous rendre votre ind\u00e9pendance financi\u00e8re afin que vous puissiez profiter pleinement de la vie et ne plus \u00eatre rel\u00e9gu\u00e9s au second plan.[\/vc_column_text][vc_row_inner][vc_column_inner width=&#8221;1\/6&#8243;][\/vc_column_inner][vc_column_inner width=&#8221;2\/3&#8243;][\/vc_column_inner][vc_column_inner width=&#8221;1\/6&#8243;][\/vc_column_inner][\/vc_row_inner][vc_single_image image=&#8221;23183&#8243; img_size=&#8221;FULL&#8221; alignment=&#8221;center&#8221;][\/vc_column][\/vc_row][vc_row full_width=&#8221;stretch_row&#8221; el_class=&#8221;diagonal-bck gradient-bck bigpadding full-width&#8221;][vc_column data_aos=&#8221;fade-in&#8221;][vc_column_text css=&#8221;.vc_custom_1586938811774{padding-top: 96px !important;}&#8221;]<\/p>\n<div class=\"blocktitle title-center title-light maxwidth\">\n<h2><span class=\"ez-toc-section\" id=\"Multicredit_beneficie_des_nombreuses_recommandations_de_ses_clients_et_les_en_remercie\"><\/span>Multicredit, b\u00e9n\u00e9ficie des nombreuses recommandations de ses clients et les en remercie.<span class=\"ez-toc-section-end\"><\/span><\/h2>\n<\/div>\n<p>[\/vc_column_text][\/vc_column][\/vc_row][vc_row][vc_column][\/vc_column][\/vc_row]<\/section>\n","protected":false},"excerpt":{"rendered":"<p>[vc_row full_width=&#8221;stretch_row&#8221; content_placement=&#8221;middle&#8221; css=&#8221;.vc_custom_1681240976640{padding-top: 16px !important;}&#8221;][vc_column][vc_column_text css=&#8221;.vc_custom_1681240903821{padding-bottom: -32px !important;}&#8221;] Pourquoi faut-il absolument nettoyer un score de cr\u00e9dit n\u00e9gatif pour profiter de meilleures opportunit\u00e9s ? [\/vc_column_text][vc_empty_space][vc_row_inner content_placement=&#8221;middle&#8221; css=&#8221;.vc_custom_1681219929827{margin-top: -16px !important;}&#8221;][vc_column_inner width=&#8221;1\/2&#8243;][vc_column_text]Sans un bon score de cr\u00e9dit, vous ne pourrez obtenir ni cr\u00e9dit, ni leasing, ni paiement sur facture via diverses plateformes et l&#8217;on pourrait vous refuser [&hellip;]<\/p>\n","protected":false},"author":4,"featured_media":11770,"parent":373,"menu_order":0,"comment_status":"closed","ping_status":"closed","template":"template-diagnostic.php","meta":{"inline_featured_image":false,"footnotes":"","_links_to":"","_links_to_target":""},"categories":[33,762,31],"class_list":["post-23085","page","type-page","status-publish","has-post-thumbnail","hentry","category-credit","category-credit-independant","category-divers"],"_links":{"self":[{"href":"https:\/\/multicredit.ch\/fr\/wp-json\/wp\/v2\/pages\/23085","targetHints":{"allow":["GET"]}}],"collection":[{"href":"https:\/\/multicredit.ch\/fr\/wp-json\/wp\/v2\/pages"}],"about":[{"href":"https:\/\/multicredit.ch\/fr\/wp-json\/wp\/v2\/types\/page"}],"author":[{"embeddable":true,"href":"https:\/\/multicredit.ch\/fr\/wp-json\/wp\/v2\/users\/4"}],"replies":[{"embeddable":true,"href":"https:\/\/multicredit.ch\/fr\/wp-json\/wp\/v2\/comments?post=23085"}],"version-history":[{"count":129,"href":"https:\/\/multicredit.ch\/fr\/wp-json\/wp\/v2\/pages\/23085\/revisions"}],"predecessor-version":[{"id":28205,"href":"https:\/\/multicredit.ch\/fr\/wp-json\/wp\/v2\/pages\/23085\/revisions\/28205"}],"up":[{"embeddable":true,"href":"https:\/\/multicredit.ch\/fr\/wp-json\/wp\/v2\/pages\/373"}],"wp:featuredmedia":[{"embeddable":true,"href":"https:\/\/multicredit.ch\/fr\/wp-json\/wp\/v2\/media\/11770"}],"wp:attachment":[{"href":"https:\/\/multicredit.ch\/fr\/wp-json\/wp\/v2\/media?parent=23085"}],"wp:term":[{"taxonomy":"category","embeddable":true,"href":"https:\/\/multicredit.ch\/fr\/wp-json\/wp\/v2\/categories?post=23085"}],"curies":[{"name":"wp","href":"https:\/\/api.w.org\/{rel}","templated":true}]}}