{"id":19196,"date":"2022-05-24T14:21:19","date_gmt":"2022-05-24T14:21:19","guid":{"rendered":"https:\/\/www.multicredit.ch\/?page_id=19196"},"modified":"2022-09-15T09:09:29","modified_gmt":"2022-09-15T09:09:29","slug":"programme-affiliation","status":"publish","type":"page","link":"https:\/\/multicredit.ch\/fr\/programme-affiliation\/","title":{"rendered":"Programme d&#8217;affiliation"},"content":{"rendered":"<section class=\"wpb-content-wrapper\">[vc_row][vc_column][vc_empty_space height=&#8221;60px&#8221;][vc_column_text]<\/p>\n<h3 style=\"text-align: center;\"><span class=\"ez-toc-section\" id=\"Nous_proposons_des_commissions_avantageuses_et_evolutives\"><\/span>Nous proposons des commissions avantageuses et \u00e9volutives<span class=\"ez-toc-section-end\"><\/span><\/h3>\n<p>[\/vc_column_text][vc_empty_space height=&#8221;60px&#8221;][\/vc_column][\/vc_row][vc_row][vc_column width=&#8221;1\/2&#8243;][vc_column_text]<\/p>\n<h4>Rejoignez le programme d&#8217;affiliation de <a href=\"https:\/\/www.multicredit.ch\/fr\/\">MultiCredit<\/a><\/h4>\n<p>C&#8217;est l&#8217;occasion parfaite pour <strong>g\u00e9n\u00e9rer du cash<\/strong>. Nous r\u00e9compensons votre engagement. Plus vous convertissez de clients, plus votre <strong>commission<\/strong> sera importante.<\/p>\n<p>Le fonctionnement est tr\u00e8s simple. Dans un premier temps, vous recommandez nos services sur votre blog, votre site internet, votre magazine, vos r\u00e9seaux sociaux ou vos proches. Dans un second temps, vos visiteurs se tournent vers nos services et se transforment en client. Dans un troisi\u00e8me temps, vous \u00eates pay\u00e9s.[\/vc_column_text][\/vc_column][vc_column width=&#8221;1\/2&#8243;][vc_column_text]<\/p>\n<h4>Et si vous gagniez de l&#8217;argent facilement ?<\/h4>\n<p>MultiCredit vous offre la possibilit\u00e9 de devenir affili\u00e9. En recommandant <a href=\"https:\/\/multicredit.ch\/fr\/credit\/\">nos services<\/a> sur vos plateformes, nous vous versons la somme tous les mois sur votre compte. Travailler avec nous c&#8217;est b\u00e9n\u00e9ficier d&#8217;une forte r\u00e9activit\u00e9, d&#8217;une simplicit\u00e9 dans les proc\u00e9dures et surtout d&#8217;un paiement r\u00e9gulier.<\/p>\n<p><strong>Alimenter ses caisses tout en \u00e9tant dans le confort c&#8217;est possible.<\/strong>[\/vc_column_text][\/vc_column][\/vc_row][vc_row][vc_column][vc_empty_space height=&#8221;60px&#8221;][vc_empty_space height=&#8221;60px&#8221;][\/vc_column][\/vc_row][vc_row][vc_column width=&#8221;1\/2&#8243;][vc_single_image image=&#8221;20838&#8243; img_size=&#8221;full&#8221;][\/vc_column][vc_column width=&#8221;1\/2&#8243;][vc_empty_space][vc_empty_space][vc_empty_space][vc_empty_space][vc_empty_space][vc_column_text]<\/p>\n<h4>Pourquoi devenir un affili\u00e9 MultiCredit ?<\/h4>\n<ul>\n<li>Offrir \u00e0 vos clients un <a href=\"https:\/\/multicredit.ch\/fr\/multicredit-fribourg-a-propos\/\"><strong>service d&#8217;excellence<\/strong><\/a> dans le traitement des financements aux particuliers<\/li>\n<li>Proposer \u00e0 votre public un <a href=\"https:\/\/multicredit.ch\/fr\/calculateur-de-budget\/\"><strong>large choix de services<\/strong><\/a> dans toute la Suisse puisque nous r\u00e9pondons en 8 langues<\/li>\n<li>Recevoir des commissions comprises entre <strong>CHF 500 et 3&#8217;000 <\/strong>en fonction de votre volume<\/li>\n<\/ul>\n<p>[\/vc_column_text][\/vc_column][\/vc_row][vc_row][vc_column][vc_empty_space height=&#8221;60px&#8221;][vc_empty_space height=&#8221;60px&#8221;][vc_empty_space height=&#8221;60px&#8221;][vc_column_text]<\/p>\n<h1 style=\"text-align: center;\"><span class=\"ez-toc-section\" id=\"3_etapes\"><\/span>3 \u00e9tapes<span class=\"ez-toc-section-end\"><\/span><\/h1>\n<p>[\/vc_column_text][\/vc_column][\/vc_row][vc_row][vc_column width=&#8221;1\/3&#8243;][vc_single_image image=&#8221;20846&#8243; img_size=&#8221;full&#8221;][vc_column_text]<\/p>\n<h3 style=\"text-align: center;\"><span class=\"ez-toc-section\" id=\"Rejoignez-nous\"><\/span>Rejoignez-nous<span class=\"ez-toc-section-end\"><\/span><\/h3>\n<p>[\/vc_column_text][vc_column_text]<\/p>\n<p style=\"text-align: center;\">Rejoignez des centaines de cr\u00e9ateurs, de blogueurs et de sites web qui gagnent de l&#8217;argent gr\u00e2ce au programme d&#8217;affiliation MultiCredit.<\/p>\n<p>[\/vc_column_text][\/vc_column][vc_column width=&#8221;1\/3&#8243;][vc_single_image image=&#8221;20854&#8243; img_size=&#8221;full&#8221;][vc_column_text]<\/p>\n<h3 style=\"text-align: center;\"><span class=\"ez-toc-section\" id=\"Recommandez-nous\"><\/span>Recommandez-nous<span class=\"ez-toc-section-end\"><\/span><\/h3>\n<p>[\/vc_column_text][vc_column_text]<\/p>\n<p style=\"text-align: center;\">Partagez nos services avec votre audience. Nous pouvons collaborer en \u00e9changeant des liens, des articles ou en achetant des leads.<\/p>\n<p>[\/vc_column_text][\/vc_column][vc_column width=&#8221;1\/3&#8243;][vc_single_image image=&#8221;20862&#8243; img_size=&#8221;full&#8221;][vc_column_text]<\/p>\n<h3 style=\"text-align: center;\"><span class=\"ez-toc-section\" id=\"Recevez_votre_argent\"><\/span>Recevez votre argent<span class=\"ez-toc-section-end\"><\/span><\/h3>\n<p>[\/vc_column_text][vc_column_text]<\/p>\n<p style=\"text-align: center;\">Plus votre volume est \u00e9lev\u00e9, plus vous remportez de l&#8217;argent. Nous vous versons la somme directement sur votre compte.<\/p>\n<p>[\/vc_column_text][\/vc_column][\/vc_row][vc_row][vc_column][vc_empty_space][vc_empty_space][vc_empty_space][vc_empty_space][vc_empty_space][\/vc_column][\/vc_row][vc_row][vc_column width=&#8221;1\/2&#8243;][vc_column_text]<\/p>\n<h2 style=\"text-align: center;\"><span class=\"ez-toc-section\" id=\"Notre_programme_en_bref\"><\/span>Notre programme en bref<span class=\"ez-toc-section-end\"><\/span><\/h2>\n<p>[\/vc_column_text][vc_column_text]<\/p>\n<p style=\"text-align: left;\">En choisissant MultiCredit comme partenaire, vous aurez acc\u00e8s \u00e0 :<\/p>\n<ul style=\"text-align: left;\">\n<li style=\"text-align: left;\">Des commissions int\u00e9ressantes et qui \u00e9voluent dans le temps<\/li>\n<li style=\"text-align: left;\">Une inscription gratuite gr\u00e2ce \u00e0 notre formulaire<\/li>\n<li style=\"text-align: left;\">Un paiement tous les mois<\/li>\n<li style=\"text-align: left;\">Un vaste r\u00e9seau de partenaires<\/li>\n<li style=\"text-align: left;\">Davantage de trafic vers votre site<\/li>\n<\/ul>\n<p style=\"text-align: left;\">La commission est proportionnelle aux types de leads que vous nous fournissez. Un simple lead vous fera gagner un montant inf\u00e9rieur, en revanche un lead se transformant en client peut vous g\u00e9n\u00e9rer le double.<\/p>\n<p style=\"text-align: left;\">Nos options sont multiples et personnalisables mais la finalit\u00e9 est la m\u00eame : <strong>vous \u00eates pay\u00e9s!<\/strong><\/p>\n<p>[\/vc_column_text][\/vc_column][vc_column width=&#8221;1\/2&#8243;][vc_single_image image=&#8221;20870&#8243; img_size=&#8221;full&#8221;][\/vc_column][\/vc_row][vc_row][vc_column][vc_empty_space][vc_empty_space][vc_empty_space][vc_column_text]<\/p>\n<h4 style=\"text-align: center;\">Recommandez l&#8217;un des leaders du cr\u00e9dit \u00e0 la consommation en Suisse<\/h4>\n<p>[\/vc_column_text][vc_column_text]<\/p>\n<p style=\"text-align: center;\">Avec <a href=\"https:\/\/multicredit.ch\/fr\/multicredit-fribourg-a-propos\/\">23 ann\u00e9es d&#8217;exp\u00e9rience<\/a> sur le march\u00e9 du financement en Suisse, nous disposons d&#8217;une forte notori\u00e9t\u00e9. Nous permettons \u00e0 des milliers de clients de r\u00e9aliser leurs r\u00eaves gr\u00e2ce \u00e0 des services de qualit\u00e9, une \u00e9quipe de collaborateurs exp\u00e9riment\u00e9s et des activit\u00e9s dans la suisse enti\u00e8re.<\/p>\n<h4 style=\"text-align: center;\">Obtenez des revenus passifs<\/h4>\n<p style=\"text-align: center;\">En recommandant des services reconnus, vous allez rapidement cumuler des gains et augmenter votre taux de commission. Plus vous commencez t\u00f4t, plus vous gagnerez de l&#8217;argent, c&#8217;est aussi simple que \u00e7a.<\/p>\n<p>[\/vc_column_text][\/vc_column][\/vc_row][vc_row][vc_column el_class=&#8221;white-bg-form&#8221;][vc_empty_space][vc_empty_space][vc_empty_space][vc_column_text]<\/p>\n<h3 style=\"text-align: center;\"><span class=\"ez-toc-section\" id=\"Remplissez_vos_informations_pour_devenir_affilie\"><\/span>Remplissez vos informations pour devenir affili\u00e9<span class=\"ez-toc-section-end\"><\/span><\/h3>\n<p>[\/vc_column_text]<\/p>\n<div class=\"wpcf7 no-js\" id=\"wpcf7-f19457-o1\" lang=\"fr-FR\" dir=\"ltr\" data-wpcf7-id=\"19457\">\n<div class=\"screen-reader-response\">\n<p role=\"status\" aria-live=\"polite\" aria-atomic=\"true\">\n<ul><\/ul>\n<\/div>\n<form action=\"\/fr\/wp-json\/wp\/v2\/pages\/19196#wpcf7-f19457-o1\" method=\"post\" class=\"wpcf7-form init\" aria-label=\"Contact form\" enctype=\"multipart\/form-data\" novalidate=\"novalidate\" data-status=\"init\">\n<fieldset class=\"hidden-fields-container\"><input type=\"hidden\" name=\"_wpcf7\" value=\"19457\" \/><input type=\"hidden\" name=\"_wpcf7_version\" value=\"6.1.5\" \/><input type=\"hidden\" name=\"_wpcf7_locale\" value=\"fr_FR\" \/><input type=\"hidden\" name=\"_wpcf7_unit_tag\" value=\"wpcf7-f19457-o1\" \/><input type=\"hidden\" name=\"_wpcf7_container_post\" value=\"0\" \/><input type=\"hidden\" name=\"_wpcf7_posted_data_hash\" value=\"\" \/><input type=\"hidden\" name=\"_wpcf7_recaptcha_response\" value=\"\" \/><br \/>\n<\/fieldset>\n<p><span class=\"wpcf7-form-control-wrap\" data-name=\"Nom\"><input size=\"40\" maxlength=\"400\" class=\"wpcf7-form-control wpcf7-text wpcf7-validates-as-required\" aria-required=\"true\" aria-invalid=\"false\" placeholder=\"Nom*\" value=\"\" type=\"text\" name=\"Nom\" \/><\/span><br \/>\n<span class=\"wpcf7-form-control-wrap\" data-name=\"Prenom\"><input size=\"40\" maxlength=\"400\" class=\"wpcf7-form-control wpcf7-text wpcf7-validates-as-required\" id=\"prenom\" aria-required=\"true\" aria-invalid=\"false\" placeholder=\"Pr\u00e9nom*\" value=\"\" type=\"text\" name=\"Prenom\" \/><\/span><br \/>\n<span class=\"wpcf7-form-control-wrap\" data-name=\"Votre\"><input size=\"40\" maxlength=\"400\" class=\"wpcf7-form-control wpcf7-text\" id=\"Votre\" aria-invalid=\"false\" placeholder=\"Votre entreprise\" value=\"\" type=\"text\" name=\"Votre\" \/><\/span><br \/>\n<span class=\"wpcf7-form-control-wrap\" data-name=\"Mail\"><input size=\"40\" maxlength=\"400\" class=\"wpcf7-form-control wpcf7-email wpcf7-validates-as-required wpcf7-text wpcf7-validates-as-email\" id=\"mail\" aria-required=\"true\" aria-invalid=\"false\" placeholder=\"Votre email*\" value=\"\" type=\"email\" name=\"Mail\" \/><\/span><br \/>\n<span class=\"wpcf7-form-control-wrap\" data-name=\"NPA\"><input size=\"40\" maxlength=\"400\" class=\"wpcf7-form-control wpcf7-text wpcf7-validates-as-required\" id=\"npa\" aria-required=\"true\" aria-invalid=\"false\" placeholder=\"NPA*\" value=\"\" type=\"text\" name=\"NPA\" \/><\/span><span class=\"wpcf7-form-control-wrap\" data-name=\"Localite\"><input size=\"40\" maxlength=\"400\" class=\"wpcf7-form-control wpcf7-text wpcf7-validates-as-required\" id=\"localite\" aria-required=\"true\" aria-invalid=\"false\" placeholder=\"Localit\u00e9*\" value=\"\" type=\"text\" name=\"Localite\" \/><\/span><br \/>\n<span class=\"wpcf7-form-control-wrap\" data-name=\"Telephone\"><input size=\"40\" maxlength=\"400\" class=\"wpcf7-form-control wpcf7-tel wpcf7-validates-as-required wpcf7-text wpcf7-validates-as-tel\" id=\"tel\" aria-required=\"true\" aria-invalid=\"false\" placeholder=\"T\u00e9l\u00e9phone*\" value=\"\" type=\"tel\" name=\"Telephone\" \/><\/span><br \/>\n<span class=\"wpcf7-form-control-wrap\" data-name=\"Vosfichiers\"><input size=\"40\" class=\"wpcf7-form-control wpcf7-file\" id=\"Vosfichiers\" accept=\"audio\/*,video\/*,image\/*\" aria-invalid=\"false\" type=\"file\" name=\"Vosfichiers\" \/><\/span><br \/>\n<span class=\"wpcf7-form-control-wrap\" data-name=\"Message\"><textarea cols=\"40\" rows=\"10\" maxlength=\"2000\" class=\"wpcf7-form-control wpcf7-textarea\" id=\"message\" aria-invalid=\"false\" placeholder=\"Message\" name=\"Message\"><\/textarea><\/span><br \/>\n<input class=\"wpcf7-form-control wpcf7-submit has-spinner\" id=\"submit\" type=\"submit\" value=\"Envoyer\" \/>\n<\/p>\n<p><input type=\"hidden\" id=\"ct_checkjs_cf7_298f95e1bf9136124592c8d4825a06fc\" name=\"ct_checkjs_cf7\" value=\"0\" \/><script >setTimeout(function(){var ct_input_name = \"ct_checkjs_cf7_298f95e1bf9136124592c8d4825a06fc\";if (document.getElementById(ct_input_name) !== null) {var ct_input_value = document.getElementById(ct_input_name).value;document.getElementById(ct_input_name).value = document.getElementById(ct_input_name).value.replace(ct_input_value, 'f350882909af177e6ae7f21ccaa78745bceacc83bdcef37d25207814ac5fc89e');}}, 1000);<\/script><input\n                    class=\"apbct_special_field apbct_email_id__wp_contact_form_7\"\n                    name=\"apbct__email_id__wp_contact_form_7\"\n                    aria-label=\"apbct__label_id__wp_contact_form_7\"\n                    type=\"text\" size=\"30\" maxlength=\"200\" autocomplete=\"off\"\n                    value=\"\"\n                \/><\/p>\n<div class=\"wpcf7-response-output\" aria-hidden=\"true\"><\/div>\n<\/form>\n<\/div>\n<p>[\/vc_column][\/vc_row]<\/section>\n","protected":false},"excerpt":{"rendered":"<p>GAGNONS ENSEMBLE<\/p>\n","protected":false},"author":4,"featured_media":11650,"parent":0,"menu_order":0,"comment_status":"closed","ping_status":"closed","template":"","meta":{"inline_featured_image":false,"footnotes":"","_links_to":"","_links_to_target":""},"categories":[],"class_list":["post-19196","page","type-page","status-publish","has-post-thumbnail","hentry"],"_links":{"self":[{"href":"https:\/\/multicredit.ch\/fr\/wp-json\/wp\/v2\/pages\/19196","targetHints":{"allow":["GET"]}}],"collection":[{"href":"https:\/\/multicredit.ch\/fr\/wp-json\/wp\/v2\/pages"}],"about":[{"href":"https:\/\/multicredit.ch\/fr\/wp-json\/wp\/v2\/types\/page"}],"author":[{"embeddable":true,"href":"https:\/\/multicredit.ch\/fr\/wp-json\/wp\/v2\/users\/4"}],"replies":[{"embeddable":true,"href":"https:\/\/multicredit.ch\/fr\/wp-json\/wp\/v2\/comments?post=19196"}],"version-history":[{"count":62,"href":"https:\/\/multicredit.ch\/fr\/wp-json\/wp\/v2\/pages\/19196\/revisions"}],"predecessor-version":[{"id":19932,"href":"https:\/\/multicredit.ch\/fr\/wp-json\/wp\/v2\/pages\/19196\/revisions\/19932"}],"wp:featuredmedia":[{"embeddable":true,"href":"https:\/\/multicredit.ch\/fr\/wp-json\/wp\/v2\/media\/11650"}],"wp:attachment":[{"href":"https:\/\/multicredit.ch\/fr\/wp-json\/wp\/v2\/media?parent=19196"}],"wp:term":[{"taxonomy":"category","embeddable":true,"href":"https:\/\/multicredit.ch\/fr\/wp-json\/wp\/v2\/categories?post=19196"}],"curies":[{"name":"wp","href":"https:\/\/api.w.org\/{rel}","templated":true}]}}