{"id":18755,"date":"2022-05-24T14:15:09","date_gmt":"2022-05-24T14:15:09","guid":{"rendered":"https:\/\/www.multicredit.ch\/?page_id=18755"},"modified":"2024-11-18T20:06:17","modified_gmt":"2024-11-18T20:06:17","slug":"apporteurs-affaires-commercants-et-marchands","status":"publish","type":"page","link":"https:\/\/multicredit.ch\/fr\/apporteurs-affaires-commercants-et-marchands\/","title":{"rendered":"Apporteurs d&#8217;affaires commer\u00e7ants et marchands"},"content":{"rendered":"<section class=\"wpb-content-wrapper\">[vc_row][vc_column][vc_empty_space height=&#8221;60px&#8221;][vc_column_text]<\/p>\n<h3 style=\"text-align: center;\"><span class=\"ez-toc-section\" id=\"Devenez_partenaire_de_MultiCredit_et_collaborons_ensemble_pour_le_succes\"><\/span>Devenez partenaire de MultiCredit et collaborons ensemble pour le succ\u00e8s !<span class=\"ez-toc-section-end\"><\/span><\/h3>\n<p>[\/vc_column_text][vc_empty_space height=&#8221;60px&#8221;][\/vc_column][\/vc_row][vc_row][vc_column width=&#8221;1\/2&#8243;][vc_column_text]<\/p>\n<p style=\"text-align: left;\">\u00cates-vous un artisan, un vendeur de panneaux photovolta\u00efques et solaires, de chauffage, de sanitaires, de meubles, de cuisines, de remorques, de voitures et v\u00e9hicules d\u2019occasion, un travailleur dans le b\u00e2timent, un garagiste ou un carrossier et <strong>vous cherchez des solutions alternatives de paiement ?<\/strong><\/p>\n<p>[\/vc_column_text][vc_column_text]<\/p>\n<p style=\"text-align: left;\">Vous voulez d\u00e9velopper vos activit\u00e9s et faciliter la vie de vos clients ?<\/p>\n<h4 style=\"text-align: left;\">Si votre r\u00e9ponse est OUI, travaillons ensemble !<\/h4>\n<p>[\/vc_column_text][\/vc_column][vc_column width=&#8221;1\/2&#8243;][vc_column_text]<a href=\"https:\/\/www.multicredit.ch\/fr\/\"><strong>MultiCredit<\/strong><\/a> est avant tout une solution rapide, simple et discr\u00e8te. Nous sommes engag\u00e9s \u00e0 n\u00e9gocier dans le meilleur int\u00e9r\u00eat de nos clients.<\/p>\n<p class=\"no-line\">Contactez-nous et d\u00e9couvrez nos services. Nous serions heureux de discuter de la fa\u00e7on dont nous pourrions \u00e9tablir un partenariat mutuel.<\/p>\n<p class=\"no-line\">Remplissez le formulaire en bas de page pour mieux nous conna\u00eetre. Laissez-nous vos coordonn\u00e9es et nous vous contacterons dans notre premi\u00e8re possibilit\u00e9.<\/p>\n<p>[\/vc_column_text][\/vc_column][\/vc_row][vc_row][vc_column][vc_empty_space][vc_empty_space height=&#8221;60px&#8221;][vc_empty_space height=&#8221;60px&#8221;][\/vc_column][\/vc_row][vc_row][vc_column width=&#8221;1\/2&#8243;][vc_column_text]<\/p>\n<h2><span class=\"ez-toc-section\" id=\"Vos_avantages\"><\/span>Vos avantages ?<span class=\"ez-toc-section-end\"><\/span><\/h2>\n<p>Depuis <strong>1999<\/strong>, nous sommes devenus les sp\u00e9cialistes du cr\u00e9dit \u00e0 la consommation. Nos <a href=\"https:\/\/multicredit.ch\/fr\/multicredit-fribourg-a-propos\/\">principes directeurs<\/a> que sont la satisfaction des clients de tous les horizons, les relations humaines au c\u0153ur de nos \u00e9changes et l&#8217;octroi de services sur mesure, nous permettent de traiter plus de <strong>15&#8217;000<\/strong> demandes par ann\u00e9e. Vous aurez acc\u00e8s \u00e0 notre r\u00e9seau de partenaires financiers et nous vous garantissons un partenariat fiable et professionnel avec des collaborateurs exp\u00e9riment\u00e9s.<\/p>\n<ul>\n<li>Possibilit\u00e9 de faire du cross-selling<\/li>\n<li>Pr\u00e9sentez des solutions de paiement alternatives \u00e0 vos clients<\/li>\n<li>Augmentez vos ventes<\/li>\n<li>Obtenez une commission<\/li>\n<li>Vous n&#8217;avez aucun risque financier<\/li>\n<li>B\u00e9n\u00e9ficiez de notre r\u00e9seau de partenaires<\/li>\n<\/ul>\n<p>[\/vc_column_text][\/vc_column][vc_column width=&#8221;1\/2&#8243;][vc_single_image image=&#8221;11546&#8243; img_size=&#8221;full&#8221;][\/vc_column][\/vc_row][vc_row][vc_column][vc_empty_space height=&#8221;60px&#8221;][vc_empty_space height=&#8221;90px&#8221;][vc_empty_space height=&#8221;60px&#8221;][\/vc_column][\/vc_row][vc_row][vc_column width=&#8221;1\/2&#8243;][vc_single_image image=&#8221;12121&#8243; img_size=&#8221;full&#8221;][\/vc_column][vc_column width=&#8221;1\/2&#8243;][vc_column_text]<\/p>\n<h2><span class=\"ez-toc-section\" id=\"Les_avantages_pour_vos_clients\"><\/span>Les avantages pour vos clients ?<span class=\"ez-toc-section-end\"><\/span><\/h2>\n<p>En collaborant ensemble, vous offrez non seulement une <a href=\"https:\/\/multicredit.ch\/fr\/demande-de-credit\/\"><strong>libert\u00e9 financi\u00e8re<\/strong><\/a> \u00e0 votre client\u00e8le mais vous leur <strong>simplifiez le quotidien<\/strong>. Chez MultiCredit, les projets sont toujours entre de bonnes mains et les dossiers sont trait\u00e9s avec soin.<\/p>\n<ul>\n<li>Plus de libert\u00e9 financi\u00e8re<\/li>\n<li>Paiement en plusieurs mensualit\u00e9s<\/li>\n<li>R\u00e9ponse en 48h<\/li>\n<li>D\u00e9cision de principe en 5 minutes<\/li>\n<li>Traitement de votre dossier en 8 langues diff\u00e9rentes<\/li>\n<\/ul>\n<p>[\/vc_column_text][\/vc_column][\/vc_row][vc_row][vc_column][vc_empty_space height=&#8221;60px&#8221;][vc_empty_space height=&#8221;60px&#8221;][\/vc_column][\/vc_row][vc_row][vc_column][vc_empty_space height=&#8221;60px&#8221;][\/vc_column][\/vc_row][vc_row][vc_column][vc_column_text]<\/p>\n<h3><span class=\"ez-toc-section\" id=\"Contactez-nous_des_maintenant_pour_recevoir_une_commission_sur_chaque_affaire_realisee\"><\/span>Contactez-nous d\u00e8s maintenant pour recevoir une commission sur chaque affaire r\u00e9alis\u00e9e<span class=\"ez-toc-section-end\"><\/span><\/h3>\n<p>Devenir apporteur d\u2019affaires pour Multicredit est une opportunit\u00e9 enrichissante, tant sur le plan financier que professionnel. Ce r\u00f4le consiste \u00e0 recommander les services de Multicredit \u00e0 des clients potentiels qui pourraient b\u00e9n\u00e9ficier de solutions de financement, et il comporte de nombreux avantages.<\/p>\n<h3><span class=\"ez-toc-section\" id=\"Remuneration_Attrayante\"><\/span><strong>R\u00e9mun\u00e9ration Attrayante<\/strong><span class=\"ez-toc-section-end\"><\/span><\/h3>\n<p>L&#8217;un des principaux attraits du statut d&#8217;apporteur d&#8217;affaires est la possibilit\u00e9 de g\u00e9n\u00e9rer des revenus suppl\u00e9mentaires gr\u00e2ce aux commissions vers\u00e9es par Multicredit pour chaque affaire conclue. Cette commission d&#8217;acquisition est calcul\u00e9e en fonction du montant du cr\u00e9dit accord\u00e9 et offre ainsi une r\u00e9mun\u00e9ration attractive sans n\u00e9cessiter un investissement financier de votre part. C\u2019est une fa\u00e7on efficace d\u2019augmenter vos revenus tout en tirant parti de votre r\u00e9seau et de vos comp\u00e9tences de mise en relation.<\/p>\n<h3><span class=\"ez-toc-section\" id=\"Valorisation_de_Votre_Image_Professionnelle\"><\/span><strong>Valorisation de Votre Image Professionnelle<\/strong><span class=\"ez-toc-section-end\"><\/span><\/h3>\n<p>En devenant apporteur d\u2019affaires, vous renforcez votre position en tant que professionnel de confiance capable de proposer des solutions adapt\u00e9es aux besoins de votre client\u00e8le. Proposer des services de financement de qualit\u00e9 contribue \u00e0 enrichir votre offre de services et \u00e0 \u00e9largir votre champ d&#8217;expertise. Cette diversification de votre portefeuille de services vous positionne comme un interlocuteur complet et attentif aux besoins vari\u00e9s de vos clients, am\u00e9liorant ainsi votre image de marque.<\/p>\n<h3><span class=\"ez-toc-section\" id=\"Soutien_et_Expertise_de_Multicredit\"><\/span><strong>Soutien et Expertise de Multicredit<\/strong><span class=\"ez-toc-section-end\"><\/span><\/h3>\n<p>Multicredit met \u00e0 la disposition de ses apporteurs d&#8217;affaires son savoir-faire et son exp\u00e9rience approfondie du march\u00e9 du cr\u00e9dit \u00e0 la consommation. Vous b\u00e9n\u00e9ficiez d\u2019un soutien professionnel qui vous permet de r\u00e9pondre efficacement aux attentes et aux questions de vos clients. L\u2019\u00e9quipe de Multicredit est disponible pour vous fournir des conseils personnalis\u00e9s et des outils adapt\u00e9s afin de vous aider \u00e0 g\u00e9rer vos affaires de mani\u00e8re fluide et efficace.<\/p>\n<h3><span class=\"ez-toc-section\" id=\"Simplicite_et_Rapidite_du_Processus\"><\/span><strong>Simplicit\u00e9 et Rapidit\u00e9 du Processus<\/strong><span class=\"ez-toc-section-end\"><\/span><\/h3>\n<p>Devenir apporteur d\u2019affaires pour Multicredit est simple et rapide. Une fois que vous avez d\u00e9cid\u00e9 de collaborer, le processus de mise en place est transparent et efficace. Vous \u00eates accompagn\u00e9 par un responsable de compte qui assure un suivi rapide et discret, facilitant ainsi le d\u00e9marrage de la collaboration et l&#8217;int\u00e9gration des services Multicredit \u00e0 votre offre existante.<\/p>\n<h3><span class=\"ez-toc-section\" id=\"Acces_a_un_Reseau_Etendu\"><\/span><strong>Acc\u00e8s \u00e0 un R\u00e9seau \u00c9tendu<\/strong><span class=\"ez-toc-section-end\"><\/span><\/h3>\n<p>En tant qu&#8217;apporteur d&#8217;affaires, vous profitez du vaste r\u00e9seau de partenaires financiers de Multicredit. Cela vous permet de proposer \u00e0 vos clients des solutions diversifi\u00e9es et comp\u00e9titives, r\u00e9pondant \u00e0 une large gamme de besoins en mati\u00e8re de cr\u00e9dit. Cette capacit\u00e9 \u00e0 offrir des options multiples vous aide \u00e0 mieux satisfaire vos clients et \u00e0 vous d\u00e9marquer de la concurrence.<\/p>\n<h3><span class=\"ez-toc-section\" id=\"Flexibilite_et_Autonomie\"><\/span><strong>Flexibilit\u00e9 et Autonomie<\/strong><span class=\"ez-toc-section-end\"><\/span><\/h3>\n<p>\u00catre apporteur d\u2019affaires offre une grande flexibilit\u00e9. Vous pouvez continuer \u00e0 exercer votre activit\u00e9 principale tout en recommandant les services de Multicredit, selon vos disponibilit\u00e9s et votre rythme. Cette autonomie vous permet de g\u00e9rer vos opportunit\u00e9s de mani\u00e8re libre, sans contrainte de temps ni d\u2019engagement formel contraignant.<\/p>\n<h3><span class=\"ez-toc-section\" id=\"Contribution_a_lAccompagnement_des_Clients\"><\/span><strong>Contribution \u00e0 l\u2019Accompagnement des Clients<\/strong><span class=\"ez-toc-section-end\"><\/span><\/h3>\n<p>En recommandant les services de Multicredit, vous aidez vos clients \u00e0 trouver des solutions de financement adapt\u00e9es \u00e0 leurs projets et \u00e0 leurs besoins. Cette aide pr\u00e9cieuse peut faire une grande diff\u00e9rence pour ceux qui cherchent \u00e0 concr\u00e9tiser des projets importants ou \u00e0 r\u00e9soudre des situations financi\u00e8res complexes. Votre r\u00f4le devient ainsi celui d\u2019un conseiller avis\u00e9, apportant une r\u00e9elle valeur ajout\u00e9e \u00e0 leur exp\u00e9rience.<\/p>\n<p>Devenir apporteur d&#8217;affaires pour Multicredit, c&#8217;est bien plus que la simple recommandation de services : c&#8217;est une opportunit\u00e9 d&#8217;am\u00e9liorer vos revenus, de d\u00e9velopper votre r\u00e9seau professionnel, de renforcer votre image de conseiller de confiance et d&#8217;enrichir votre offre de services. Avec le soutien, l&#8217;expertise et les outils de Multicredit, vous \u00eates arm\u00e9 pour r\u00e9ussir et offrir le meilleur \u00e0 vos clients, tout en vous positionnant comme un acteur influent et respect\u00e9 dans votre domaine.[\/vc_column_text][\/vc_column][\/vc_row][vc_row][vc_column width=&#8221;1\/2&#8243; el_class=&#8221;white-bg-form&#8221;]<\/p>\n<div class=\"wpcf7 no-js\" id=\"wpcf7-f18836-o1\" lang=\"fr-FR\" dir=\"ltr\" data-wpcf7-id=\"18836\">\n<div class=\"screen-reader-response\">\n<p role=\"status\" aria-live=\"polite\" aria-atomic=\"true\">\n<ul><\/ul>\n<\/div>\n<form action=\"\/fr\/wp-json\/wp\/v2\/pages\/18755#wpcf7-f18836-o1\" method=\"post\" class=\"wpcf7-form init\" aria-label=\"Contact form\" enctype=\"multipart\/form-data\" novalidate=\"novalidate\" data-status=\"init\">\n<fieldset class=\"hidden-fields-container\"><input type=\"hidden\" name=\"_wpcf7\" value=\"18836\" \/><input type=\"hidden\" name=\"_wpcf7_version\" value=\"6.1.5\" \/><input type=\"hidden\" name=\"_wpcf7_locale\" value=\"fr_FR\" \/><input type=\"hidden\" name=\"_wpcf7_unit_tag\" value=\"wpcf7-f18836-o1\" \/><input type=\"hidden\" name=\"_wpcf7_container_post\" value=\"0\" \/><input type=\"hidden\" name=\"_wpcf7_posted_data_hash\" value=\"\" \/><input type=\"hidden\" name=\"_wpcf7_recaptcha_response\" value=\"\" \/><br \/>\n<\/fieldset>\n<p><span class=\"wpcf7-form-control-wrap\" data-name=\"Nom\"><input size=\"40\" maxlength=\"400\" class=\"wpcf7-form-control wpcf7-text wpcf7-validates-as-required\" aria-required=\"true\" aria-invalid=\"false\" placeholder=\"Nom*\" value=\"\" type=\"text\" name=\"Nom\" \/><\/span><br \/>\n<span class=\"wpcf7-form-control-wrap\" data-name=\"Prenom\"><input size=\"40\" maxlength=\"400\" class=\"wpcf7-form-control wpcf7-text wpcf7-validates-as-required\" id=\"prenom\" aria-required=\"true\" aria-invalid=\"false\" placeholder=\"Pr\u00e9nom*\" value=\"\" type=\"text\" name=\"Prenom\" \/><\/span><br \/>\n<span class=\"wpcf7-form-control-wrap\" data-name=\"Votre\"><input size=\"40\" maxlength=\"400\" class=\"wpcf7-form-control wpcf7-text\" id=\"Votre\" aria-invalid=\"false\" placeholder=\"Votre entreprise\" value=\"\" type=\"text\" name=\"Votre\" \/><\/span><br \/>\n<span class=\"wpcf7-form-control-wrap\" data-name=\"Mail\"><input size=\"40\" maxlength=\"400\" class=\"wpcf7-form-control wpcf7-email wpcf7-validates-as-required wpcf7-text wpcf7-validates-as-email\" id=\"mail\" aria-required=\"true\" aria-invalid=\"false\" placeholder=\"Votre email*\" value=\"\" type=\"email\" name=\"Mail\" \/><\/span><br \/>\n<span class=\"wpcf7-form-control-wrap\" data-name=\"NPA\"><input size=\"40\" maxlength=\"400\" class=\"wpcf7-form-control wpcf7-text wpcf7-validates-as-required\" id=\"npa\" aria-required=\"true\" aria-invalid=\"false\" placeholder=\"NPA*\" value=\"\" type=\"text\" name=\"NPA\" \/><\/span><span class=\"wpcf7-form-control-wrap\" data-name=\"Localite\"><input size=\"40\" maxlength=\"400\" class=\"wpcf7-form-control wpcf7-text wpcf7-validates-as-required\" id=\"localite\" aria-required=\"true\" aria-invalid=\"false\" placeholder=\"Localit\u00e9*\" value=\"\" type=\"text\" name=\"Localite\" \/><\/span><br \/>\n<span class=\"wpcf7-form-control-wrap\" data-name=\"Telephone\"><input size=\"40\" maxlength=\"400\" class=\"wpcf7-form-control wpcf7-tel wpcf7-validates-as-required wpcf7-text wpcf7-validates-as-tel\" id=\"tel\" aria-required=\"true\" aria-invalid=\"false\" placeholder=\"T\u00e9l\u00e9phone*\" value=\"\" type=\"tel\" name=\"Telephone\" \/><\/span><br \/>\n<span class=\"wpcf7-form-control-wrap\" data-name=\"Vosfichiers\"><input size=\"40\" class=\"wpcf7-form-control wpcf7-file\" id=\"Vosfichiers\" accept=\"audio\/*,video\/*,image\/*\" aria-invalid=\"false\" type=\"file\" name=\"Vosfichiers\" \/><\/span><br \/>\n<span class=\"wpcf7-form-control-wrap\" data-name=\"Message\"><textarea cols=\"40\" rows=\"10\" maxlength=\"2000\" class=\"wpcf7-form-control wpcf7-textarea\" id=\"message\" aria-invalid=\"false\" placeholder=\"Message\" name=\"Message\"><\/textarea><\/span><br \/>\n<input class=\"wpcf7-form-control wpcf7-submit has-spinner\" id=\"submit\" type=\"submit\" value=\"Envoyer\" \/>\n<\/p>\n<p><input type=\"hidden\" id=\"ct_checkjs_cf7_233509073ed3432027d48b1a83f5fbd2\" name=\"ct_checkjs_cf7\" value=\"0\" \/><script >setTimeout(function(){var ct_input_name = \"ct_checkjs_cf7_233509073ed3432027d48b1a83f5fbd2\";if (document.getElementById(ct_input_name) !== null) {var ct_input_value = document.getElementById(ct_input_name).value;document.getElementById(ct_input_name).value = document.getElementById(ct_input_name).value.replace(ct_input_value, 'f350882909af177e6ae7f21ccaa78745bceacc83bdcef37d25207814ac5fc89e');}}, 1000);<\/script><input\n                    class=\"apbct_special_field apbct_email_id__wp_contact_form_7\"\n                    name=\"apbct__email_id__wp_contact_form_7\"\n                    aria-label=\"apbct__label_id__wp_contact_form_7\"\n                    type=\"text\" size=\"30\" maxlength=\"200\" autocomplete=\"off\"\n                    value=\"\"\n                \/><\/p>\n<div class=\"wpcf7-response-output\" aria-hidden=\"true\"><\/div>\n<\/form>\n<\/div>\n<p>[\/vc_column][vc_column width=&#8221;1\/2&#8243;][vc_column_text]<\/p>\n<h4 style=\"text-align: center;\">Commissions attractives<\/h4>\n<p>[\/vc_column_text][vc_column_text]<\/p>\n<p style=\"text-align: center;\">Nous prenons soin de nos clients ainsi que de nos partenaires. Avec une communication orient\u00e9e sur l&#8217;humain et sur les solutions, nous proposons des financements simples rapides et efficaces.<\/p>\n<p style=\"text-align: center;\">Vous \u00eates syst\u00e9matiquement r\u00e9compens\u00e9s pour votre travail. <strong>Si vous souhaitez augmenter vos ventes, faciliter la vie de vos clients et \u00eatre r\u00e9mun\u00e9r\u00e9<\/strong>, envoyez-nous gratuitement vos informations par le formulaire.<\/p>\n<p>[\/vc_column_text][vc_column_text]<\/p>\n<h4 style=\"text-align: center;\">Une d\u00e9marche simple<\/h4>\n<p>[\/vc_column_text][vc_column_text]<\/p>\n<p style=\"text-align: center;\">Nous nous occupons de toutes les d\u00e9marches administratives. Nous disposons de proc\u00e9dures simplifi\u00e9es avec une forte r\u00e9activit\u00e9 de nos \u00e9quipes. Il vous suffit de suivre 4 \u00e9tapes :<\/p>\n<ul>\n<li style=\"text-align: left;\">Remplissage de vos informations via notre formulaire<\/li>\n<li style=\"text-align: left;\">Notre Key Account Manager prend contact avec vous dans les 24h<\/li>\n<li style=\"text-align: left;\">Une rencontre entre vous et notre collaborateur est mise en place<\/li>\n<li style=\"text-align: left;\">Une signature des documents est r\u00e9alis\u00e9e<\/li>\n<\/ul>\n<p>[\/vc_column_text][vc_column_text]<\/p>\n<p style=\"text-align: center;\"><strong>Collaborer avec MultiCredit c&#8217;est la garantit de travailler avec un des meilleurs acteurs du cr\u00e9dit \u00e0 la consommation en Suisse !<\/strong><\/p>\n<p>[\/vc_column_text][vc_single_image image=&#8221;20939&#8243; img_size=&#8221;medium&#8221; alignment=&#8221;center&#8221;][vc_column_text]<\/p>\n<p style=\"text-align: center;\">aslan@multicredit.ch<br \/>\n<a href=\"tel:+41764123789\"><span class=\"\">+41 76 412 37 89<\/span><\/a><\/p>\n<h5 style=\"text-align: center;\">LANGUES<\/h5>\n<p style=\"text-align: center;\">Fran\u00e7ais, Anglais, Allemand et Turc<\/p>\n<p>[\/vc_column_text][\/vc_column][\/vc_row]<\/section>\n","protected":false},"excerpt":{"rendered":"<p>REUSSIR ENSEMBLE<\/p>\n","protected":false},"author":4,"featured_media":19511,"parent":0,"menu_order":0,"comment_status":"closed","ping_status":"closed","template":"template-w-stats.php","meta":{"inline_featured_image":false,"footnotes":"","_links_to":"","_links_to_target":""},"categories":[],"class_list":["post-18755","page","type-page","status-publish","has-post-thumbnail","hentry"],"_links":{"self":[{"href":"https:\/\/multicredit.ch\/fr\/wp-json\/wp\/v2\/pages\/18755","targetHints":{"allow":["GET"]}}],"collection":[{"href":"https:\/\/multicredit.ch\/fr\/wp-json\/wp\/v2\/pages"}],"about":[{"href":"https:\/\/multicredit.ch\/fr\/wp-json\/wp\/v2\/types\/page"}],"author":[{"embeddable":true,"href":"https:\/\/multicredit.ch\/fr\/wp-json\/wp\/v2\/users\/4"}],"replies":[{"embeddable":true,"href":"https:\/\/multicredit.ch\/fr\/wp-json\/wp\/v2\/comments?post=18755"}],"version-history":[{"count":68,"href":"https:\/\/multicredit.ch\/fr\/wp-json\/wp\/v2\/pages\/18755\/revisions"}],"predecessor-version":[{"id":27476,"href":"https:\/\/multicredit.ch\/fr\/wp-json\/wp\/v2\/pages\/18755\/revisions\/27476"}],"wp:featuredmedia":[{"embeddable":true,"href":"https:\/\/multicredit.ch\/fr\/wp-json\/wp\/v2\/media\/19511"}],"wp:attachment":[{"href":"https:\/\/multicredit.ch\/fr\/wp-json\/wp\/v2\/media?parent=18755"}],"wp:term":[{"taxonomy":"category","embeddable":true,"href":"https:\/\/multicredit.ch\/fr\/wp-json\/wp\/v2\/categories?post=18755"}],"curies":[{"name":"wp","href":"https:\/\/api.w.org\/{rel}","templated":true}]}}