{"id":18743,"date":"2022-05-20T12:19:36","date_gmt":"2022-05-20T12:19:36","guid":{"rendered":"https:\/\/www.multicredit.ch\/?page_id=18743"},"modified":"2022-09-15T08:58:56","modified_gmt":"2022-09-15T08:58:56","slug":"apporteurs-affaires-financiers","status":"publish","type":"page","link":"https:\/\/multicredit.ch\/fr\/apporteurs-affaires-financiers\/","title":{"rendered":"Apporteurs d&#8217;affaires financiers"},"content":{"rendered":"<section class=\"wpb-content-wrapper\">[vc_row][vc_column][vc_empty_space height=&#8221;60px&#8221;][vc_column_text el_class=&#8221;maxwidth&#8221;]<\/p>\n<h3 style=\"text-align: center;\"><span class=\"ez-toc-section\" id=\"Devenez_partenaire_avec_MultiCredit_et_collaborons_ensemble_pour_le_succes\"><\/span>Devenez partenaire avec MultiCredit et collaborons ensemble pour le succ\u00e8s !<span class=\"ez-toc-section-end\"><\/span><\/h3>\n<p>[\/vc_column_text][vc_empty_space height=&#8221;60px&#8221;][\/vc_column][\/vc_row][vc_row][vc_column width=&#8221;1\/2&#8243;][vc_column_text]<\/p>\n<p style=\"text-align: left;\">\u00cates-vous un courtier, un avocat d\u2019affaires, un apporteur d\u2019affaires, un interm\u00e9diaire financier, un conseiller bancaire, un conseiller financier, un agent immobilier ou un conseiller d\u2019entreprise ?<\/p>\n<p style=\"text-align: left;\">Vous voulez d\u00e9velopper vos activit\u00e9s et \u00eatre performant sur le march\u00e9 ?<\/p>\n<h4 style=\"text-align: left;\">Si votre r\u00e9ponse est OUI, travaillons ensemble !<\/h4>\n<p>[\/vc_column_text][\/vc_column][vc_column width=&#8221;1\/2&#8243;][vc_column_text]<strong>MultiCredit<\/strong> est avant tout une solution rapide, simple et discr\u00e8te. Nous sommes engag\u00e9s \u00e0 n\u00e9gocier dans le meilleur int\u00e9r\u00eat de nos clients.<\/p>\n<p class=\"no-line\"><a href=\"https:\/\/multicredit.ch\/fr\/contactez-nous\/\">Contactez-nous<\/a> et d\u00e9couvrez nos services. Nous serions heureux de discuter de la fa\u00e7on dont nous pourrions \u00e9tablir un partenariat mutuel.<\/p>\n<p class=\"no-line\">Remplissez le formulaire en bas de page pour mieux nous conna\u00eetre. Laissez-nous vos coordonn\u00e9es et nous vous contacterons dans notre premi\u00e8re possibilit\u00e9.<\/p>\n<p>[\/vc_column_text][\/vc_column][\/vc_row][vc_row][vc_column][vc_empty_space][vc_empty_space height=&#8221;60px&#8221;][vc_empty_space height=&#8221;60px&#8221;][\/vc_column][\/vc_row][vc_row][vc_column width=&#8221;1\/2&#8243;][vc_column_text]<\/p>\n<h2><span class=\"ez-toc-section\" id=\"Quels_sont_vos_avantages\"><\/span>Quels sont vos avantages ?<span class=\"ez-toc-section-end\"><\/span><\/h2>\n<p>Nous versons une <strong>commission d\u2019acquisition <\/strong>pour chaque affaire r\u00e9alis\u00e9e (contrat accept\u00e9 et sign\u00e9) gr\u00e2ce \u00e0 votre interm\u00e9diaire. Nous pouvons nous engager \u00e0 vous soutenir en ajoutant de la valeur \u00e0 vos clients et vous pouvez b\u00e9n\u00e9ficier de notre vaste exp\u00e9rience sur le march\u00e9 du cr\u00e9dit \u00e0 la consommation.<\/p>\n<ul>\n<li>Vous ne prenez aucun risque financier<\/li>\n<li>B\u00e9n\u00e9ficiez d\u2019une r\u00e9mun\u00e9ration pour chaque affaire r\u00e9alis\u00e9e<\/li>\n<li>Valorisez votre image aupr\u00e8s de vos clients en leur proposant des solutions pour leurs diff\u00e9rents projets<\/li>\n<\/ul>\n<p>[\/vc_column_text][\/vc_column][vc_column width=&#8221;1\/2&#8243;][vc_single_image image=&#8221;19519&#8243; img_size=&#8221;full&#8221; alignment=&#8221;center&#8221;][\/vc_column][\/vc_row][vc_row][vc_column][vc_empty_space height=&#8221;60px&#8221;][vc_empty_space height=&#8221;90px&#8221;][vc_empty_space height=&#8221;60px&#8221;][\/vc_column][\/vc_row][vc_row][vc_column width=&#8221;1\/2&#8243;][vc_single_image image=&#8221;19527&#8243; img_size=&#8221;full&#8221; alignment=&#8221;center&#8221;][\/vc_column][vc_column width=&#8221;1\/2&#8243;][vc_column_text]<\/p>\n<h2><span class=\"ez-toc-section\" id=\"Quels_sont_les_avantages_pour_vos_clients\"><\/span>Quels sont les avantages pour vos clients ?<span class=\"ez-toc-section-end\"><\/span><\/h2>\n<p>Nos services sont adapt\u00e9s pour tous les projets de <a href=\"https:\/\/multicredit.ch\/fr\/credit\/\">CHF 3&#8217;000 \u00e0 400&#8217;000<\/a> et avec un remboursement allant de 12 \u00e0 84 mois. De ce fait, vos clients disposent de solutions alternatives et une libert\u00e9 financi\u00e8re.<\/p>\n<ul>\n<li>Conseil personnalis\u00e9 et professionnel dans 8 langues diff\u00e9rentes<\/li>\n<li>D\u00e9cision de principe en 5 minutes<\/li>\n<li>Offre gratuite et sans engagement<\/li>\n<\/ul>\n<p>[\/vc_column_text][\/vc_column][\/vc_row][vc_row][vc_column][vc_empty_space height=&#8221;60px&#8221;][\/vc_column][\/vc_row][vc_row][vc_column][vc_empty_space height=&#8221;60px&#8221;][vc_empty_space height=&#8221;60px&#8221;][\/vc_column][\/vc_row][vc_row][vc_column width=&#8221;1\/2&#8243;][\/vc_column][vc_column width=&#8221;1\/2&#8243;][\/vc_column][\/vc_row][vc_row][vc_column width=&#8221;1\/2&#8243;][vc_empty_space][vc_empty_space][vc_empty_space][vc_empty_space][vc_empty_space][vc_empty_space][vc_empty_space][vc_column_text]<\/p>\n<h4 style=\"text-align: center;\">Notre directeur se tient \u00e0 votre disposition pour r\u00e9pondre \u00e0 vos questions.<\/h4>\n<p>[\/vc_column_text][vc_column_text]<\/p>\n<h4 style=\"text-align: center;\"><a href=\"https:\/\/www.linkedin.com\/in\/m%C3%BCn%C3%BCr-aslan-credit-leasing-factoring\/\" target=\"_blank\" rel=\"noopener\">M\u00fcn\u00fcr Aslan<\/a><br \/>\n076 412 37 89<br \/>\n<a href=\"mailto:aslan@multicredit.ch\">aslan@multicredit.ch<\/a><\/h4>\n<p>[\/vc_column_text][\/vc_column][vc_column width=&#8221;1\/2&#8243;][vc_single_image image=&#8221;19535&#8243; img_size=&#8221;full&#8221; alignment=&#8221;center&#8221;][\/vc_column][\/vc_row][vc_row][vc_column][vc_empty_space height=&#8221;60px&#8221;][vc_empty_space height=&#8221;60px&#8221;][vc_empty_space][vc_column_text]<\/p>\n<h2 style=\"text-align: left;\"><span class=\"ez-toc-section\" id=\"Remplissez_ce_formulaire_pour_pouvoir_collaborer_avec_nos_equipes\"><\/span>Remplissez ce formulaire pour pouvoir collaborer avec nos \u00e9quipes<span class=\"ez-toc-section-end\"><\/span><\/h2>\n<p>[\/vc_column_text][\/vc_column][\/vc_row][vc_row][vc_column width=&#8221;1\/2&#8243; el_class=&#8221;white-bg-form&#8221;]<\/p>\n<div class=\"wpcf7 no-js\" id=\"wpcf7-f19059-o1\" lang=\"fr-FR\" dir=\"ltr\" data-wpcf7-id=\"19059\">\n<div class=\"screen-reader-response\">\n<p role=\"status\" aria-live=\"polite\" aria-atomic=\"true\">\n<ul><\/ul>\n<\/div>\n<form action=\"\/fr\/wp-json\/wp\/v2\/pages\/18743#wpcf7-f19059-o1\" method=\"post\" class=\"wpcf7-form init\" aria-label=\"Contact form\" enctype=\"multipart\/form-data\" novalidate=\"novalidate\" data-status=\"init\">\n<fieldset class=\"hidden-fields-container\"><input type=\"hidden\" name=\"_wpcf7\" value=\"19059\" \/><input type=\"hidden\" name=\"_wpcf7_version\" value=\"6.1.5\" \/><input type=\"hidden\" name=\"_wpcf7_locale\" value=\"fr_FR\" \/><input type=\"hidden\" name=\"_wpcf7_unit_tag\" value=\"wpcf7-f19059-o1\" \/><input type=\"hidden\" name=\"_wpcf7_container_post\" value=\"0\" \/><input type=\"hidden\" name=\"_wpcf7_posted_data_hash\" value=\"\" \/><input type=\"hidden\" name=\"_wpcf7_recaptcha_response\" value=\"\" \/><br \/>\n<\/fieldset>\n<p><span class=\"wpcf7-form-control-wrap\" data-name=\"Nom\"><input size=\"40\" maxlength=\"400\" class=\"wpcf7-form-control wpcf7-text wpcf7-validates-as-required\" aria-required=\"true\" aria-invalid=\"false\" placeholder=\"Nom*\" value=\"\" type=\"text\" name=\"Nom\" \/><\/span><br \/>\n<span class=\"wpcf7-form-control-wrap\" data-name=\"Prenom\"><input size=\"40\" maxlength=\"400\" class=\"wpcf7-form-control wpcf7-text wpcf7-validates-as-required\" id=\"prenom\" aria-required=\"true\" aria-invalid=\"false\" placeholder=\"Pr\u00e9nom*\" value=\"\" type=\"text\" name=\"Prenom\" \/><\/span><br \/>\n<span class=\"wpcf7-form-control-wrap\" data-name=\"Votre\"><input size=\"40\" maxlength=\"400\" class=\"wpcf7-form-control wpcf7-text\" id=\"Votre\" aria-invalid=\"false\" placeholder=\"Votre entreprise\" value=\"\" type=\"text\" name=\"Votre\" \/><\/span><br \/>\n<span class=\"wpcf7-form-control-wrap\" data-name=\"Mail\"><input size=\"40\" maxlength=\"400\" class=\"wpcf7-form-control wpcf7-email wpcf7-validates-as-required wpcf7-text wpcf7-validates-as-email\" id=\"mail\" aria-required=\"true\" aria-invalid=\"false\" placeholder=\"Votre email*\" value=\"\" type=\"email\" name=\"Mail\" \/><\/span><br \/>\n<span class=\"wpcf7-form-control-wrap\" data-name=\"NPA\"><input size=\"40\" maxlength=\"400\" class=\"wpcf7-form-control wpcf7-text wpcf7-validates-as-required\" id=\"npa\" aria-required=\"true\" aria-invalid=\"false\" placeholder=\"NPA*\" value=\"\" type=\"text\" name=\"NPA\" \/><\/span><span class=\"wpcf7-form-control-wrap\" data-name=\"Localite\"><input size=\"40\" maxlength=\"400\" class=\"wpcf7-form-control wpcf7-text wpcf7-validates-as-required\" id=\"localite\" aria-required=\"true\" aria-invalid=\"false\" placeholder=\"Localit\u00e9*\" value=\"\" type=\"text\" name=\"Localite\" \/><\/span><br \/>\n<span class=\"wpcf7-form-control-wrap\" data-name=\"Telephone\"><input size=\"40\" maxlength=\"400\" class=\"wpcf7-form-control wpcf7-tel wpcf7-validates-as-required wpcf7-text wpcf7-validates-as-tel\" id=\"tel\" aria-required=\"true\" aria-invalid=\"false\" placeholder=\"T\u00e9l\u00e9phone*\" value=\"\" type=\"tel\" name=\"Telephone\" \/><\/span><br \/>\n<span class=\"wpcf7-form-control-wrap\" data-name=\"Vosfichiers\"><input size=\"40\" class=\"wpcf7-form-control wpcf7-file\" id=\"Vosfichiers\" accept=\"audio\/*,video\/*,image\/*\" aria-invalid=\"false\" type=\"file\" name=\"Vosfichiers\" \/><\/span><br \/>\n<span class=\"wpcf7-form-control-wrap\" data-name=\"Message\"><textarea cols=\"40\" rows=\"10\" maxlength=\"2000\" class=\"wpcf7-form-control wpcf7-textarea\" id=\"message\" aria-invalid=\"false\" placeholder=\"Message\" name=\"Message\"><\/textarea><\/span><br \/>\n<input class=\"wpcf7-form-control wpcf7-submit has-spinner\" id=\"submit\" type=\"submit\" value=\"Envoyer\" \/>\n<\/p>\n<p><input type=\"hidden\" id=\"ct_checkjs_cf7_3988c7f88ebcb58c6ce932b957b6f332\" name=\"ct_checkjs_cf7\" value=\"0\" \/><script >setTimeout(function(){var ct_input_name = \"ct_checkjs_cf7_3988c7f88ebcb58c6ce932b957b6f332\";if (document.getElementById(ct_input_name) !== null) {var ct_input_value = document.getElementById(ct_input_name).value;document.getElementById(ct_input_name).value = document.getElementById(ct_input_name).value.replace(ct_input_value, 'f350882909af177e6ae7f21ccaa78745bceacc83bdcef37d25207814ac5fc89e');}}, 1000);<\/script><input\n                    class=\"apbct_special_field apbct_email_id__wp_contact_form_7\"\n                    name=\"apbct__email_id__wp_contact_form_7\"\n                    aria-label=\"apbct__label_id__wp_contact_form_7\"\n                    type=\"text\" size=\"30\" maxlength=\"200\" autocomplete=\"off\"\n                    value=\"\"\n                \/><\/p>\n<div class=\"wpcf7-response-output\" aria-hidden=\"true\"><\/div>\n<\/form>\n<\/div>\n<p>[\/vc_column][vc_column width=&#8221;1\/2&#8243;][vc_empty_space][vc_empty_space][vc_empty_space][vc_empty_space][vc_column_text]<\/p>\n<h4 style=\"text-align: center;\">G\u00e9n\u00e9rez des revenus suppl\u00e9mentaires<\/h4>\n<p>[\/vc_column_text][vc_column_text]<\/p>\n<p style=\"text-align: center;\"><strong>Gagner de l&#8217;argent avec nous n&#8217;a jamais \u00e9t\u00e9 aussi simple et facile!<\/strong><\/p>\n<p style=\"text-align: center;\">Nous garantissons une collaboration \u00e0 double sens. Si vous recherchez de nouvelles opportunit\u00e9s, nous sommes \u00e0 votre disposition pour d\u00e9velopper les activit\u00e9s. <strong>Plus le nombre de clients est important, plus vous recevrez d&#8217;argent.<\/strong><\/p>\n<p>[\/vc_column_text][vc_column_text]<\/p>\n<h4 style=\"text-align: center;\">Une collaboration flexible<\/h4>\n<p>[\/vc_column_text][vc_column_text]<\/p>\n<p style=\"text-align: center;\">Depuis 1999, nous sommes sp\u00e9cialistes du cr\u00e9dit \u00e0 la consommation. Ce qui fait notre diff\u00e9rence est notre flexibilit\u00e9 sur le march\u00e9. Nous sommes dot\u00e9s d&#8217;une \u00e9quipe comp\u00e9tente est exp\u00e9riment\u00e9e et nous nous sommes adapt\u00e9s aux changements tout en restant sp\u00e9cialis\u00e9 dans la m\u00eame branche d&#8217;activit\u00e9.<\/p>\n<p style=\"text-align: center;\"><strong>Si vous souhaitez de la performance et de la productivit\u00e9 pour vos affaires<\/strong>, faites-nous parvenir vos coordonn\u00e9es via le formulaire. Rapide, simple et discret, nous traitons votre demande dans les 24h. Une fois les informations r\u00e9unies, notre Key Account Manager se fera un plaisir de vous r\u00e9pondre afin de convenir d&#8217;un rendez-vous.<\/p>\n<p>[\/vc_column_text][vc_column_text]<\/p>\n<p style=\"text-align: center;\"><strong>Trouver la meilleure solution dans l&#8217;int\u00e9r\u00eat de notre client est notre premi\u00e8re mission.<\/strong><\/p>\n<p>[\/vc_column_text][\/vc_column][\/vc_row]<\/section>\n","protected":false},"excerpt":{"rendered":"<p>REUSSIR ENSEMBLE<\/p>\n","protected":false},"author":4,"featured_media":19511,"parent":0,"menu_order":0,"comment_status":"closed","ping_status":"closed","template":"","meta":{"inline_featured_image":false,"footnotes":"","_links_to":"","_links_to_target":""},"categories":[],"class_list":["post-18743","page","type-page","status-publish","has-post-thumbnail","hentry"],"_links":{"self":[{"href":"https:\/\/multicredit.ch\/fr\/wp-json\/wp\/v2\/pages\/18743","targetHints":{"allow":["GET"]}}],"collection":[{"href":"https:\/\/multicredit.ch\/fr\/wp-json\/wp\/v2\/pages"}],"about":[{"href":"https:\/\/multicredit.ch\/fr\/wp-json\/wp\/v2\/types\/page"}],"author":[{"embeddable":true,"href":"https:\/\/multicredit.ch\/fr\/wp-json\/wp\/v2\/users\/4"}],"replies":[{"embeddable":true,"href":"https:\/\/multicredit.ch\/fr\/wp-json\/wp\/v2\/comments?post=18743"}],"version-history":[{"count":135,"href":"https:\/\/multicredit.ch\/fr\/wp-json\/wp\/v2\/pages\/18743\/revisions"}],"predecessor-version":[{"id":19589,"href":"https:\/\/multicredit.ch\/fr\/wp-json\/wp\/v2\/pages\/18743\/revisions\/19589"}],"wp:featuredmedia":[{"embeddable":true,"href":"https:\/\/multicredit.ch\/fr\/wp-json\/wp\/v2\/media\/19511"}],"wp:attachment":[{"href":"https:\/\/multicredit.ch\/fr\/wp-json\/wp\/v2\/media?parent=18743"}],"wp:term":[{"taxonomy":"category","embeddable":true,"href":"https:\/\/multicredit.ch\/fr\/wp-json\/wp\/v2\/categories?post=18743"}],"curies":[{"name":"wp","href":"https:\/\/api.w.org\/{rel}","templated":true}]}}