{"id":17107,"date":"2021-06-28T09:47:37","date_gmt":"2021-06-28T09:47:37","guid":{"rendered":"https:\/\/www.multicredit.ch\/?page_id=17107"},"modified":"2025-11-23T11:00:34","modified_gmt":"2025-11-23T11:00:34","slug":"credit-personnel","status":"publish","type":"page","link":"https:\/\/multicredit.ch\/fr\/credit\/credit-personnel\/","title":{"rendered":"Cr\u00e9dit personnel en Suisse"},"content":{"rendered":"<section class=\"wpb-content-wrapper\">[vc_row][vc_column][vc_column_text]<iframe style=\"margin: 0; padding: 0; border: none;\" src=\"https:\/\/audioblog.arteradio.com\/embed\/241860\" width=\"100%\"><\/iframe>[\/vc_column_text][vc_empty_space height=&#8221;100px&#8221;]<\/p>\n<div class=\"blocktitle title-left title-dark\" clearfix\"><H2><span class=\"ez-toc-section\" id=\"Un_credit_personnel_aux_meilleures_conditions_chez_MultiCredit\"><\/span>Un cr\u00e9dit personnel aux meilleures conditions chez MultiCredit<\/H2><\/p>\n<h4>MultiCredit, des conseils pr\u00e9cieux et de nombreux avantages<\/h4>\n<\/div>\n<p>[vc_column_text]<\/p>\n<ul>\n<li><strong>Meilleur taux<\/strong> d\u2019int\u00e9r\u00eat n\u00e9goci\u00e9<\/li>\n<li>Montant pouvant aller de<strong> CHF 3&#8217;000 \u00e0 400\u2019000<\/strong><\/li>\n<li>Dur\u00e9e de remboursement <strong>flexible<\/strong> de 6 \u00e0 84 mois<\/li>\n<li>Remboursement anticip\u00e9 possible <strong>\u00e0 tout moment<\/strong>, r\u00e9duction des int\u00e9r\u00eats<\/li>\n<li><a href=\"https:\/\/multicredit.ch\/fr\/credit\/rachat-de-pret\/rachat-de-credit-en-cours\/\">Rachat de cr\u00e9dit<\/a> et regroupement de cr\u00e9dits, leasing, solde de <a href=\"https:\/\/multicredit.ch\/fr\/credit\/offre-credit\/carte-de-credit\/\">cartes de cr\u00e9dit<\/a><\/li>\n<li>D\u00e9cision de principe en <strong>5 minutes<\/strong><\/li>\n<li>Les int\u00e9r\u00eats sont <strong>d\u00e9ductibles fiscalement<\/strong> de votre revenu imposable<\/li>\n<li>Un conseil personnalis\u00e9 gr\u00e2ce \u00e0 une \u00e9quipe sp\u00e9cialis\u00e9e en cr\u00e9dit priv\u00e9<\/li>\n<\/ul>\n<p>Avec MultiCredit, le sp\u00e9cialiste du <a href=\"https:\/\/multicredit.ch\/fr\/credit\/credit-personnel\/\">cr\u00e9dit personnel<\/a> en Suisse<strong> depuis 1999<\/strong>, vous b\u00e9n\u00e9ficiez des avantages d\u2019un cr\u00e9dit au meilleur taux. Vous avez un projet du type achat de voiture, achat de meubles, travaux-r\u00e9novation, formation, sant\u00e9, loisirs, etc? Contactez-nous et nous trouverons <strong>la solution adapt\u00e9e<\/strong> \u00e0 vos besoins.[\/vc_column_text][\/vc_column][\/vc_row][vc_row][vc_column width=&#8221;1\/2&#8243;][vc_single_image image=&#8221;17138&#8243; img_size=&#8221;full&#8221;][\/vc_column][vc_column width=&#8221;1\/2&#8243;]<\/p>\n<div class=\"blocktitle title-left title-dark\" clearfix\"><H2><span class=\"ez-toc-section\" id=\"Conditions_doctroi_dun_credit\"><\/span>Conditions d&#8217;octroi d&#8217;un cr\u00e9dit<\/H2><\/div>\n<p>[vc_column_text]<\/p>\n<ul>\n<li>\u00catre de nationalit\u00e9 <a href=\"https:\/\/www.sem.admin.ch\/sem\/fr\/home\/themen\/aufenthalt\/eu_efta.html\" target=\"_blank\" rel=\"noopener\"><strong>Suisse, permis C, permis B, permis G ou carte de l\u00e9gitimation<\/strong><\/a><\/li>\n<li>Travailleur <strong>en Suisse<\/strong> et avoir un contrat<strong> \u00e0 dur\u00e9e ind\u00e9termin\u00e9e ou de longue dur\u00e9e<\/strong><\/li>\n<li>Ne <strong>pas<\/strong> avoir de poursuites en cours<\/li>\n<li>Avoir 18 ans <strong>r\u00e9volus<\/strong><\/li>\n<li>Pour les personnes temporaires travailler depuis <strong>minimum 6 mois<\/strong> aupr\u00e8s de la m\u00eame agence<\/li>\n<li>Pour les rentiers, AI et AVS, ne <strong>pas<\/strong> percevoir de prestations compl\u00e9mentaires<\/li>\n<li>Pour les ind\u00e9pendants inscription au Registre du Commerce depuis <strong>minimum 2 ans<\/strong><\/li>\n<li>Pour les personnes d\u00e9tentrices d\u2019un permis B,\u00a0 \u00eatre \u00e9tabli en Suisse <strong>depuis au minimum 12 mois<\/strong><\/li>\n<li>Pour les personnes d\u00e9tentrices d\u2019une carte de l\u00e9gitimation,\u00a0 \u00eatre \u00e9tabli en Suisse <strong>depuis au minimum 6 mois<\/strong><\/li>\n<\/ul>\n<p>[\/vc_column_text][\/vc_column][\/vc_row][vc_row][vc_column][vc_column_text]Pour b\u00e9n\u00e9ficier du meilleur taux sur un cr\u00e9dit personnel, il est important d&#8217;avoir un tr\u00e8s bon <a href=\"https:\/\/multicredit.ch\/fr\/comment-ameliorer-son-score-de-credit-en-suisse\/\">cr\u00e9dit score<\/a> qui est d\u00e9termin\u00e9 notamment par une bonne solvabilit\u00e9, honorabilit\u00e9 et liquidit\u00e9 pour pouvoir rembourser le cr\u00e9dit priv\u00e9. Contactez sans plus tarder l&#8217;\u00e9quipe de MultiCredit qui se fera un plaisir de vous conseiller pour le financement de votre projet.<\/p>\n<div>\n<div dir=\"auto\" data-message-model-slug=\"gpt-4o\" data-message-id=\"20615a21-3c1c-4a1f-973d-557b989e5922\" data-message-author-role=\"assistant\">\n<div>\n<div>\n<h3><span class=\"ez-toc-section\" id=\"Comment_faire_une_demande_de_credit_securisee_pour_vos_finances_avec_MultiCredit\"><\/span><strong>Comment faire une demande de cr\u00e9dit s\u00e9curis\u00e9e pour vos finances avec MultiCredit ?<\/strong><span class=\"ez-toc-section-end\"><\/span><\/h3>\n<p>Obtenir un <a href=\"https:\/\/multicredit.ch\/fr\">cr\u00e9dit<\/a> peut \u00eatre une solution efficace pour financer un projet, mais il est essentiel de <strong>prot\u00e9ger vos finances<\/strong> en suivant une approche s\u00e9curis\u00e9e et r\u00e9fl\u00e9chie. Avec <strong>MultiCredit<\/strong>, vous b\u00e9n\u00e9ficiez d\u2019un accompagnement personnalis\u00e9 pour trouver le cr\u00e9dit qui correspond \u00e0 votre situation, en toute s\u00e9curit\u00e9 et au meilleur taux.<\/p>\n<p>D\u00e9couvrez <strong>les \u00e9tapes cl\u00e9s<\/strong> pour faire une <a href=\"https:\/\/multicredit.ch\/fr\/demande-de-credit\/\">demande de cr\u00e9dit<\/a> <strong>sereinement et sans risque financier<\/strong>.<\/p>\n<hr \/>\n<h2><span class=\"ez-toc-section\" id=\"Evaluer_Votre_Capacite_dEmprunt\"><\/span><strong>\u00c9valuer Votre Capacit\u00e9 d\u2019Emprunt<\/strong><span class=\"ez-toc-section-end\"><\/span><\/h2>\n<p>Avant de faire une demande, il est important d\u2019analyser votre <strong>situation financi\u00e8re<\/strong> :<\/p>\n<p><strong>D\u00e9terminez votre taux d\u2019endettement<\/strong> : en Suisse, il ne doit pas d\u00e9passer <strong>33% de vos revenus nets<\/strong>.<br \/>\n<strong>Calculez votre budget mensuel<\/strong> : assurez-vous que la mensualit\u00e9 du cr\u00e9dit reste confortable.<br \/>\n<strong>V\u00e9rifiez vos cr\u00e9dits en cours<\/strong> : trop d\u2019emprunts peuvent impacter votre acceptation.<\/p>\n<p>\ud83d\udccc <strong>Astuce MultiCredit<\/strong> : Gr\u00e2ce \u00e0 notre <strong>simulateur en ligne<\/strong>, obtenez une estimation rapide de votre cr\u00e9dit et de vos mensualit\u00e9s en fonction de votre budget.<\/p>\n<hr \/>\n<h2><span class=\"ez-toc-section\" id=\"Comparer_les_Offres_de_Credit_pour_Trouver_la_Meilleure_Option\"><\/span><strong>Comparer les Offres de Cr\u00e9dit pour Trouver la Meilleure Option<\/strong><span class=\"ez-toc-section-end\"><\/span><\/h2>\n<p>MultiCredit travaille avec <strong>plusieurs institutions bancaires<\/strong> pour vous proposer le <a href=\"https:\/\/multicredit.ch\/fr\/credit\/banque\/\">cr\u00e9dit bancaire<\/a> le plus avantageux.<\/p>\n<p>\ud83d\udccc <strong>Les types de cr\u00e9dits disponibles :<\/strong><br \/>\n\ud83d\udd39 <strong>Cr\u00e9dit priv\u00e9<\/strong> (pr\u00eat personnel pour des projets divers).<br \/>\n\ud83d\udd39 <strong>Cr\u00e9dit hypoth\u00e9caire<\/strong> (achat immobilier).<br \/>\n\ud83d\udd39 <strong>Rachat de cr\u00e9dit<\/strong> (regroupement de dettes pour all\u00e9ger les mensualit\u00e9s).<br \/>\n\ud83d\udd39 <strong>Cr\u00e9dit auto<\/strong> (financement d\u2019un v\u00e9hicule).<\/p>\n<p><strong>Pourquoi comparer les offres ?<\/strong><br \/>\n\u2714 Trouver <strong>le meilleur taux d\u2019int\u00e9r\u00eat<\/strong> possible.<br \/>\n\u2714 \u00c9viter <strong>les frais cach\u00e9s<\/strong> et les mauvaises surprises.<br \/>\n\u2714 Adapter la <strong>dur\u00e9e et les mensualit\u00e9s<\/strong> \u00e0 votre situation.<\/p>\n<p>\ud83d\udccc <strong>Astuce MultiCredit<\/strong> : <strong>Un seul dossier = plusieurs offres<\/strong>. Nous comparons pour vous et vous obtenez <strong>les meilleures conditions<\/strong>.<\/p>\n<hr \/>\n<h2><span class=\"ez-toc-section\" id=\"Preparer_un_Dossier_Complet_et_Securise\"><\/span><strong>Pr\u00e9parer un Dossier Complet et S\u00e9curis\u00e9<\/strong><span class=\"ez-toc-section-end\"><\/span><\/h2>\n<p>Un dossier bien pr\u00e9par\u00e9 acc\u00e9l\u00e8re le traitement et maximise vos chances d\u2019obtenir un <strong>accord rapide et avantageux<\/strong>.<\/p>\n<p>\ud83d\udccc <strong>Documents n\u00e9cessaires pour une demande de cr\u00e9dit s\u00e9curis\u00e9e :<\/strong><br \/>\n\u2714 Carte d\u2019identit\u00e9 ou permis de s\u00e9jour (B ou C).<br \/>\n\u2714 Bulletins de salaire des <strong>3 derniers mois<\/strong>.<br \/>\n\u2714 Derni\u00e8re d\u00e9claration d\u2019imp\u00f4ts.<br \/>\n\u2714 Relev\u00e9s bancaires r\u00e9cents.<br \/>\n\u2714 Extrait du <strong>registre des poursuites<\/strong> (\u00e0 obtenir aupr\u00e8s de l\u2019Office des poursuites).<\/p>\n<p>\ud83d\udccc <strong>Astuce MultiCredit<\/strong> : Nous vous aidons \u00e0 <strong>optimiser votre dossier<\/strong> et \u00e0 \u00e9viter les erreurs qui pourraient ralentir l\u2019acceptation de votre demande.<\/p>\n<hr \/>\n<h2><span class=\"ez-toc-section\" id=\"Passer_par_un_Courtier_en_Credit_Securise\"><\/span><strong>Passer par un Courtier en Cr\u00e9dit S\u00e9curis\u00e9<\/strong><span class=\"ez-toc-section-end\"><\/span><\/h2>\n<p>Passer directement par une banque peut \u00eatre <strong>long et peu flexible<\/strong>. MultiCredit vous permet de :<\/p>\n<p>\ud83d\udd39 <strong>Obtenir plusieurs offres sans impacter votre score de cr\u00e9dit<\/strong>.<br \/>\n\ud83d\udd39 <strong>Maximiser vos chances d\u2019acceptation<\/strong> gr\u00e2ce \u00e0 notre expertise.<br \/>\n\ud83d\udd39 <strong>B\u00e9n\u00e9ficier d\u2019un accompagnement personnalis\u00e9<\/strong>.<\/p>\n<p><strong>Pourquoi choisir MultiCredit ?<\/strong><br \/>\n\u2714 <strong>Service 100% confidentiel<\/strong> et s\u00e9curis\u00e9.<br \/>\n\u2714 <strong>Aucune avance de frais<\/strong> : vous ne payez que si votre cr\u00e9dit est accord\u00e9.<br \/>\n\u2714 <strong>Des taux n\u00e9goci\u00e9s pour vous<\/strong> aupr\u00e8s de nos partenaires bancaires.<\/p>\n<p>\ud83d\udccc <strong>Astuce MultiCredit<\/strong> : Contrairement aux banques traditionnelles, nous <strong>optimisons votre dossier avant soumission<\/strong> pour \u00e9viter tout refus inutile.<\/p>\n<hr \/>\n<h2><span class=\"ez-toc-section\" id=\"Verifier_la_Reglementation_et_Eviter_les_Arnaques\"><\/span><strong>V\u00e9rifier la R\u00e9glementation et \u00c9viter les Arnaques<\/strong><span class=\"ez-toc-section-end\"><\/span><\/h2>\n<p>En Suisse, les cr\u00e9dits priv\u00e9s sont <strong>strictement r\u00e9glement\u00e9s<\/strong> par la <strong>Loi sur le Cr\u00e9dit \u00e0 la Consommation (LCC)<\/strong> pour prot\u00e9ger les emprunteurs.<\/p>\n<p>\ud83d\udccc <strong>\u00c0 \u00e9viter pour une demande de cr\u00e9dit s\u00e9curis\u00e9e :<\/strong><br \/>\n\u274c <strong>Les offres sans v\u00e9rification de solvabilit\u00e9<\/strong> : souvent des arnaques.<br \/>\n\u274c <strong>Les soci\u00e9t\u00e9s demandant des frais d\u2019avance<\/strong> pour &#8220;garantir&#8221; un pr\u00eat.<br \/>\n\u274c <strong>Les pr\u00eats \u00e0 des taux d\u2019int\u00e9r\u00eat anormalement bas<\/strong> qui cachent des clauses abusives.<\/p>\n<p>\ud83d\udccc <strong>Astuce MultiCredit<\/strong> : <strong>Nous travaillons uniquement avec des banques agr\u00e9\u00e9es en Suisse<\/strong> et nous garantissons une transparence totale sur <strong>les conditions du cr\u00e9dit<\/strong>.<\/p>\n<hr \/>\n<h2><span class=\"ez-toc-section\" id=\"Accepter_Son_Credit_en_Toute_Securite\"><\/span><strong>Accepter Son Cr\u00e9dit en Toute S\u00e9curit\u00e9<\/strong><span class=\"ez-toc-section-end\"><\/span><\/h2>\n<p>Une fois votre demande valid\u00e9e, MultiCredit vous propose la meilleure offre.<\/p>\n<p>\u2714 <strong>V\u00e9rifiez bien le contrat avant signature<\/strong>.<br \/>\n\u2714 <strong>Assurez-vous que le montant et la dur\u00e9e correspondent \u00e0 vos attentes<\/strong>.<br \/>\n\u2714 <strong>Consultez le TAEG (Taux Annuel Effectif Global)<\/strong> pour conna\u00eetre le <strong>co\u00fbt total du cr\u00e9dit<\/strong>.<\/p>\n<p>\ud83d\udccc <strong>Astuce MultiCredit<\/strong> : Si vous avez des doutes, <strong>nous vous accompagnons \u00e0 chaque \u00e9tape<\/strong> pour vous garantir une <strong>exp\u00e9rience 100% s\u00e9curis\u00e9e<\/strong>.<\/p>\n<hr \/>\n<h2><span class=\"ez-toc-section\" id=\"Une_Demande_Securisee_Avec_MultiCredit\"><\/span><strong>Une Demande S\u00e9curis\u00e9e Avec MultiCredit<\/strong><span class=\"ez-toc-section-end\"><\/span><\/h2>\n<h3><span class=\"ez-toc-section\" id=\"%E2%9C%85_Pourquoi_choisir_MultiCredit_pour_votre_demande_de_credit\"><\/span>\u2705 <strong>Pourquoi choisir MultiCredit pour votre demande de cr\u00e9dit ?<\/strong><span class=\"ez-toc-section-end\"><\/span><\/h3>\n<p>\ud83d\udd39 <strong>Comparaison gratuite et sans engagement<\/strong> des meilleures offres.<br \/>\n\ud83d\udd39 <strong>Accompagnement personnalis\u00e9<\/strong> pour optimiser votre dossier.<br \/>\n\ud83d\udd39 <strong>Aucune avance de frais et d\u00e9marche 100% s\u00e9curis\u00e9e<\/strong>.<br \/>\n\ud83d\udd39 <strong>Taux comp\u00e9titifs n\u00e9goci\u00e9s aupr\u00e8s de plusieurs banques<\/strong>.<\/p>\n<p>\ud83d\udccc <strong>Besoin d\u2019un cr\u00e9dit fiable et s\u00e9curis\u00e9 ?<\/strong> Faites votre <strong>demande en ligne en quelques minutes<\/strong> et obtenez <strong>une r\u00e9ponse rapide avec MultiCredit<\/strong> !<\/p>\n<p>Vous avez une question ou souhaitez une analyse gratuite de votre situation ? <strong>Contactez-nous d\u00e8s maintenant pour votre cr\u00e9dit personnel\u00a0<\/strong><\/p>\n<\/div>\n<\/div>\n<\/div>\n<\/div>\n<p>[\/vc_column_text][\/vc_column][\/vc_row][vc_row][vc_column][vc_column_text]<\/p>\n<h4 style=\"text-align: right;\">Cr\u00e9dit personnel<\/h4>\n<p>[\/vc_column_text][\/vc_column][\/vc_row]<\/section>\n","protected":false},"excerpt":{"rendered":"<p>[vc_row][vc_column][vc_column_text][\/vc_column_text][vc_empty_space height=&#8221;100px&#8221;][vc_column_text] Meilleur taux d\u2019int\u00e9r\u00eat n\u00e9goci\u00e9 Montant pouvant aller de CHF 3&#8217;000 \u00e0 400\u2019000 Dur\u00e9e de remboursement flexible de 6 \u00e0 84 mois Remboursement anticip\u00e9 possible \u00e0 tout moment, r\u00e9duction des int\u00e9r\u00eats Rachat de cr\u00e9dit et regroupement de cr\u00e9dits, leasing, solde de cartes de cr\u00e9dit D\u00e9cision de principe en 5 minutes Les int\u00e9r\u00eats sont d\u00e9ductibles [&hellip;]<\/p>\n","protected":false},"author":4,"featured_media":17191,"parent":235,"menu_order":0,"comment_status":"closed","ping_status":"closed","template":"template-credit-full.php","meta":{"inline_featured_image":false,"footnotes":"","_links_to":"","_links_to_target":""},"categories":[],"class_list":["post-17107","page","type-page","status-publish","has-post-thumbnail","hentry"],"_links":{"self":[{"href":"https:\/\/multicredit.ch\/fr\/wp-json\/wp\/v2\/pages\/17107","targetHints":{"allow":["GET"]}}],"collection":[{"href":"https:\/\/multicredit.ch\/fr\/wp-json\/wp\/v2\/pages"}],"about":[{"href":"https:\/\/multicredit.ch\/fr\/wp-json\/wp\/v2\/types\/page"}],"author":[{"embeddable":true,"href":"https:\/\/multicredit.ch\/fr\/wp-json\/wp\/v2\/users\/4"}],"replies":[{"embeddable":true,"href":"https:\/\/multicredit.ch\/fr\/wp-json\/wp\/v2\/comments?post=17107"}],"version-history":[{"count":38,"href":"https:\/\/multicredit.ch\/fr\/wp-json\/wp\/v2\/pages\/17107\/revisions"}],"predecessor-version":[{"id":30080,"href":"https:\/\/multicredit.ch\/fr\/wp-json\/wp\/v2\/pages\/17107\/revisions\/30080"}],"up":[{"embeddable":true,"href":"https:\/\/multicredit.ch\/fr\/wp-json\/wp\/v2\/pages\/235"}],"wp:featuredmedia":[{"embeddable":true,"href":"https:\/\/multicredit.ch\/fr\/wp-json\/wp\/v2\/media\/17191"}],"wp:attachment":[{"href":"https:\/\/multicredit.ch\/fr\/wp-json\/wp\/v2\/media?parent=17107"}],"wp:term":[{"taxonomy":"category","embeddable":true,"href":"https:\/\/multicredit.ch\/fr\/wp-json\/wp\/v2\/categories?post=17107"}],"curies":[{"name":"wp","href":"https:\/\/api.w.org\/{rel}","templated":true}]}}