{"id":16586,"date":"2021-06-11T08:32:02","date_gmt":"2021-06-11T08:32:02","guid":{"rendered":"https:\/\/www.multicredit.ch\/?page_id=16586"},"modified":"2024-09-19T12:12:48","modified_gmt":"2024-09-19T12:12:48","slug":"merci-pour-votre-demande","status":"publish","type":"page","link":"https:\/\/multicredit.ch\/fr\/merci-pour-votre-demande\/","title":{"rendered":"Merci pour votre demande !"},"content":{"rendered":"<section class=\"wpb-content-wrapper\">\n<p>[vc_row full_width=&#8221;stretch_row_content&#8221; gap=&#8221;10&#8243; equal_height=&#8221;yes&#8221; content_placement=&#8221;middle&#8221; el_class=&#8221;white-bck checklist&#8221;][vc_column data_aos=&#8221;fade-in&#8221;]<\/p>\n<div class=\"blocktitle title-center title-dark\" clearfix\"><H2><span class=\"ez-toc-section\" id=\"Votre_demande_de_credit_nous_est_bien_parvenue_merci\"><\/span>Votre demande de cr\u00e9dit nous est bien parvenue, merci !<\/H2><\/p>\n<h4>Afin de traiter votre dossier au plus vite, suivez ces 3 \u00e9tapes pour que nous ayons tous les \u00e9l\u00e9ments pour conclure un contrat.<\/h4>\n<\/div>\n<p>[vc_row_inner css=&#8221;.vc_custom_1726747805936{padding-right: 24px !important;padding-bottom: 48px !important;padding-left: 24px !important;background-color: #ffffff !important;}&#8221;][vc_column_inner width=&#8221;1\/4&#8243; css=&#8221;.vc_custom_1680097392694{border-radius: 35px !important;}&#8221;][\/vc_column_inner][vc_column_inner width=&#8221;1\/4&#8243;][vc_btn title=&#8221;Envoi des documents par Whatsapp&#8221; align=&#8221;center&#8221; i_icon_fontawesome=&#8221;fab fa-whatsapp&#8221; button_block=&#8221;true&#8221; add_icon=&#8221;true&#8221; link=&#8221;url:https%3A%2F%2Fapi.whatsapp.com%2Fsend%3Fphone%3D41799363175&#8243;][\/vc_column_inner][vc_column_inner width=&#8221;1\/4&#8243;][vc_btn title=&#8221;Envoi des documents par e-Mail&#8221; align=&#8221;center&#8221; i_icon_fontawesome=&#8221;fas fa-envelope&#8221; button_block=&#8221;true&#8221; add_icon=&#8221;true&#8221; link=&#8221;url:http%3A%2F%2Finfo%40multicredit.ch&#8221;][\/vc_column_inner][vc_column_inner width=&#8221;1\/4&#8243;][\/vc_column_inner][\/vc_row_inner][vc_row_inner equal_height=&#8221;yes&#8221; gap=&#8221;25&#8243; css=&#8221;.vc_custom_1680092313719{padding-top: 48px !important;padding-right: 24px !important;padding-bottom: 48px !important;padding-left: 24px !important;background-color: #0247d3 !important;}&#8221;][vc_column_inner width=&#8221;1\/3&#8243; css=&#8221;.vc_custom_1680091712355{background-color: #ffffff !important;border-radius: 35px !important;}&#8221;][vc_icon icon_fontawesome=&#8221;fas fa-question-circle&#8221; color=&#8221;custom&#8221; size=&#8221;xl&#8221; align=&#8221;center&#8221; custom_color=&#8221;#df003c&#8221;]<\/p>\n<div class=\"blocktitle title-center title-dark\" clearfix\"><H3><span class=\"ez-toc-section\" id=\"1_Preparer_ces_informations\"><\/span>1. Pr\u00e9parer ces informations<\/H3><\/p>\n<h4>Pour les avoir sous la main<\/h4>\n<\/div>\n<p>[vc_column_text]<\/p>\n<ul>\n<li>Depuis quand travaillez-vous dans votre soci\u00e9t\u00e9 (mois\/ann\u00e9es) ?<\/li>\n<li>Quel est votre loyer\/charges hypoth\u00e9caires mensuel ?<\/li>\n<li>Depuis quand habitez-vous \u00e0 votre adresse actuelle (mois\/ann\u00e9es) ?<\/li>\n<li>Si vous avez des enfants \u00e0 charge, quelles sont leurs ann\u00e9es de naissances ?<\/li>\n<\/ul>\n<p>[\/vc_column_text][\/vc_column_inner][vc_column_inner width=&#8221;1\/3&#8243; css=&#8221;.vc_custom_1680091902238{background-color: #ffffff !important;border-radius: 35px !important;}&#8221;][vc_icon icon_fontawesome=&#8221;fas fa-file-alt&#8221; color=&#8221;custom&#8221; size=&#8221;xl&#8221; align=&#8221;center&#8221; custom_color=&#8221;#df003c&#8221;]<\/p>\n<div class=\"blocktitle title-center title-dark\" clearfix\"><H3><span class=\"ez-toc-section\" id=\"2_Recuperer_ces_documents\"><\/span>2. R\u00e9cup\u00e9rer ces documents<\/H3><\/p>\n<h4>Et scannez-les ou faites une photographie<\/h4>\n<\/div>\n<p>[vc_column_text]<\/p>\n<ul>\n<li>Vos trois derni\u00e8res fiches de salaire<\/li>\n<li>Copie recto\/verso de votre carte d&#8217;identit\u00e9 CH ou du permis de s\u00e9jour suisse<\/li>\n<li>Copie de votre police d&#8217;assurance maladie de l&#8217;ann\u00e9e en cours (si mari\u00e9\/\u00e9e de toute la famille).<\/li>\n<\/ul>\n<p>[\/vc_column_text][\/vc_column_inner][vc_column_inner width=&#8221;1\/3&#8243; css=&#8221;.vc_custom_1680091912255{background-color: #ffffff !important;border-radius: 35px !important;}&#8221;][vc_icon icon_fontawesome=&#8221;fas fa-paper-plane&#8221; color=&#8221;custom&#8221; size=&#8221;xl&#8221; align=&#8221;center&#8221; custom_color=&#8221;#df003c&#8221;]<\/p>\n<div class=\"blocktitle title-center title-dark\" clearfix\"><H3><span class=\"ez-toc-section\" id=\"3_Envoyer_les_dernieres_informations\"><\/span>3. Envoyer les derni\u00e8res informations<\/H3><\/p>\n<h4>Par Whatsapp, e-Mail ou voie postale<\/h4>\n<\/div>\n<p>[vc_column_text]<\/p>\n<ul>\n<li style=\"text-align: left;\">Une fois ces \u00e9l\u00e9ments en notre possession, nous d\u00e9buterons le processus d&#8217;analyse qui prendra environ 1 \u00e0 2 jours ouvrables et nous permettra d&#8217;\u00e9tablir une proposition sur mesure.<\/li>\n<li style=\"text-align: left;\">Nous tenons \u00e0 vous assurer du traitement gratuit et confidentiel du dossier.<\/li>\n<\/ul>\n<p>[\/vc_column_text][\/vc_column_inner][\/vc_row_inner][\/vc_column][\/vc_row][vc_row full_width=&#8221;stretch_row&#8221; content_placement=&#8221;middle&#8221; el_class=&#8221;white-bck bigpadding checklist&#8221;][vc_column data_aos=&#8221;fade-in&#8221;][vc_icon icon_fontawesome=&#8221;fas fa-info-circle&#8221; color=&#8221;custom&#8221; size=&#8221;xl&#8221; align=&#8221;center&#8221; custom_color=&#8221;#df003c&#8221;]<\/p>\n<div class=\"blocktitle title-center title-dark\" clearfix\"><H2><span class=\"ez-toc-section\" id=\"Le_saviez-vous\"><\/span>Le saviez-vous ?<\/H2><\/div>\n<p>[vc_column_text el_class=&#8221;maxwidth&#8221; css=&#8221;.vc_custom_1680092936347{padding-bottom: 48px !important;}&#8221;]<\/p>\n<ul>\n<li class=\"ql-block\" data-block-id=\"block-0bad60c5-6ddc-4833-96d2-32b8fea4c3ed\">Vous pouvez \u00e0 tout moment rembourser votre cr\u00e9dit par anticipation et obtenir une r\u00e9duction sur les int\u00e9r\u00eats li\u00e9s \u00e0 la dur\u00e9e du cr\u00e9dit non utilis\u00e9<\/li>\n<li class=\"ql-block\" data-block-id=\"block-69e186d5-7985-4a15-86ed-a2632ef1066c\">Assurance-d\u00e9c\u00e8s incluse couvrant le solde du cr\u00e9dit (protection famille)<\/li>\n<li class=\"ql-block\" data-block-id=\"block-cac6d014-ec09-4969-81cd-5f3cedff2ce8\">D\u00e9cision de principe en 5 minutes lors du premier contact t\u00e9l\u00e9phonique<\/li>\n<\/ul>\n<p>[\/vc_column_text][\/vc_column][\/vc_row][vc_row full_width=&#8221;stretch_row&#8221; el_class=&#8221;diagonal-bck gradient-bck bigpadding full-width&#8221;][vc_column data_aos=&#8221;fade-in&#8221;][vc_column_text css=&#8221;.vc_custom_1586938811774{padding-top: 96px !important;}&#8221;]<\/p>\n<div class=\"blocktitle title-center title-light maxwidth\">\n<h2><span class=\"ez-toc-section\" id=\"Multicredit_beneficie_des_nombreuses_recommandations_de_ses_clients_et_les_en_remercie\"><\/span>Multicredit, b\u00e9n\u00e9ficie des nombreuses recommandations de ses clients et les en remercie.<span class=\"ez-toc-section-end\"><\/span><\/h2>\n<\/div>\n<p>[\/vc_column_text][\/vc_column][\/vc_row]<\/p>\n<\/section>\n","protected":false},"excerpt":{"rendered":"<p>Vous recevrez prochainement de plus amples informations par courrier et par SMS, veuillez v\u00e9rifier vos messages de spam.  Notre consultant vous appellera \u00e9galement.<\/p>\n","protected":false},"author":4,"featured_media":24790,"parent":0,"menu_order":0,"comment_status":"closed","ping_status":"closed","template":"template-basic.php","meta":{"inline_featured_image":false,"footnotes":"","_links_to":"","_links_to_target":""},"categories":[33,51,7,667,8,754,665,35],"class_list":["post-16586","page","type-page","status-publish","has-post-thumbnail","hentry","category-credit","category-carte-de-credit","category-credit-auto","category-credit-formation","category-credit-immobilier","category-credit-pme","category-credit-sante","category-rachat-de-credit"],"_links":{"self":[{"href":"https:\/\/multicredit.ch\/fr\/wp-json\/wp\/v2\/pages\/16586","targetHints":{"allow":["GET"]}}],"collection":[{"href":"https:\/\/multicredit.ch\/fr\/wp-json\/wp\/v2\/pages"}],"about":[{"href":"https:\/\/multicredit.ch\/fr\/wp-json\/wp\/v2\/types\/page"}],"author":[{"embeddable":true,"href":"https:\/\/multicredit.ch\/fr\/wp-json\/wp\/v2\/users\/4"}],"replies":[{"embeddable":true,"href":"https:\/\/multicredit.ch\/fr\/wp-json\/wp\/v2\/comments?post=16586"}],"version-history":[{"count":37,"href":"https:\/\/multicredit.ch\/fr\/wp-json\/wp\/v2\/pages\/16586\/revisions"}],"predecessor-version":[{"id":27398,"href":"https:\/\/multicredit.ch\/fr\/wp-json\/wp\/v2\/pages\/16586\/revisions\/27398"}],"wp:featuredmedia":[{"embeddable":true,"href":"https:\/\/multicredit.ch\/fr\/wp-json\/wp\/v2\/media\/24790"}],"wp:attachment":[{"href":"https:\/\/multicredit.ch\/fr\/wp-json\/wp\/v2\/media?parent=16586"}],"wp:term":[{"taxonomy":"category","embeddable":true,"href":"https:\/\/multicredit.ch\/fr\/wp-json\/wp\/v2\/categories?post=16586"}],"curies":[{"name":"wp","href":"https:\/\/api.w.org\/{rel}","templated":true}]}}