{"id":14407,"date":"2020-07-15T13:32:21","date_gmt":"2020-07-15T13:32:21","guid":{"rendered":"https:\/\/www.multicredit.ch\/?page_id=14407"},"modified":"2021-06-16T14:59:48","modified_gmt":"2021-06-16T14:59:48","slug":"formulaire-rachat-de-pret","status":"publish","type":"page","link":"https:\/\/multicredit.ch\/fr\/formulaire-rachat-de-pret\/","title":{"rendered":"Formulaire rachat de pr\u00eat"},"content":{"rendered":"<section class=\"wpb-content-wrapper\">[vc_row][vc_column][vc_column_text]<\/p>\n<div class=\"wpcf7 no-js\" id=\"wpcf7-f14406-o1\" lang=\"fr-FR\" dir=\"ltr\" data-wpcf7-id=\"14406\">\n<div class=\"screen-reader-response\">\n<p role=\"status\" aria-live=\"polite\" aria-atomic=\"true\">\n<ul><\/ul>\n<\/div>\n<form action=\"\/fr\/wp-json\/wp\/v2\/pages\/14407#wpcf7-f14406-o1\" method=\"post\" class=\"wpcf7-form init\" aria-label=\"Contact form\" novalidate=\"novalidate\" data-status=\"init\">\n<fieldset class=\"hidden-fields-container\"><input type=\"hidden\" name=\"_wpcf7\" value=\"14406\" \/><input type=\"hidden\" name=\"_wpcf7_version\" value=\"6.1.5\" \/><input type=\"hidden\" name=\"_wpcf7_locale\" value=\"fr_FR\" \/><input type=\"hidden\" name=\"_wpcf7_unit_tag\" value=\"wpcf7-f14406-o1\" \/><input type=\"hidden\" name=\"_wpcf7_container_post\" value=\"0\" \/><input type=\"hidden\" name=\"_wpcf7_posted_data_hash\" value=\"\" \/><input type=\"hidden\" name=\"_wpcf7_recaptcha_response\" value=\"\" \/><br \/>\n<\/fieldset>\n<p><span class=\"wpcf7-form-control-wrap\" data-name=\"genre\"><select class=\"wpcf7-form-control wpcf7-select wpcf7-validates-as-required\" id=\"genre\" aria-required=\"true\" aria-invalid=\"false\" name=\"genre\"><option value=\"Madame\">Madame<\/option><option value=\"Monsieur\">Monsieur<\/option><\/select><\/span><br \/>\n<span class=\"wpcf7-form-control-wrap\" data-name=\"prenom\"><input size=\"40\" maxlength=\"400\" class=\"wpcf7-form-control wpcf7-text wpcf7-validates-as-required\" id=\"prenom\" aria-required=\"true\" aria-invalid=\"false\" placeholder=\"Pr\u00e9nom\" value=\"\" type=\"text\" name=\"prenom\" \/><\/span><br \/>\n<span class=\"wpcf7-form-control-wrap\" data-name=\"nom\"><input size=\"40\" maxlength=\"400\" class=\"wpcf7-form-control wpcf7-text wpcf7-validates-as-required\" id=\"nom\" aria-required=\"true\" aria-invalid=\"false\" placeholder=\"Nom\" value=\"\" type=\"text\" name=\"nom\" \/><\/span><br \/>\n<span class=\"wpcf7-form-control-wrap\" data-name=\"numeroportable\"><input size=\"40\" maxlength=\"400\" class=\"wpcf7-form-control wpcf7-tel wpcf7-validates-as-required wpcf7-text wpcf7-validates-as-tel\" id=\"numeroportable\" aria-required=\"true\" aria-invalid=\"false\" placeholder=\"Num\u00e9ro de t\u00e9l\u00e9phone (sans espaces)\" value=\"\" type=\"tel\" name=\"numeroportable\" \/><\/span><br \/>\n<span class=\"wpcf7-form-control-wrap\" data-name=\"mail\"><input size=\"40\" maxlength=\"400\" class=\"wpcf7-form-control wpcf7-email wpcf7-validates-as-required wpcf7-text wpcf7-validates-as-email\" id=\"mail\" aria-required=\"true\" aria-invalid=\"false\" placeholder=\"E-Mail priv\u00e9\" value=\"\" type=\"email\" name=\"mail\" \/><\/span><br \/>\n<span class=\"wpcf7-form-control-wrap\" data-name=\"conditions\"><span class=\"wpcf7-form-control wpcf7-checkbox wpcf7-validates-as-required\"><span class=\"wpcf7-list-item first last\"><input type=\"checkbox\" name=\"conditions[]\" value=\"J&#039;accepte\" \/><span class=\"wpcf7-list-item-label\">J&#039;accepte<\/span><\/span><\/span><\/span> les <a href='javascript:void(0);' id='termsofusemodal'>conditions g\u00e9n\u00e9rales<\/a><span class=\"wpcf7-form-control-wrap\" data-name=\"mtdc\"><input size=\"40\" maxlength=\"400\" class=\"wpcf7-form-control wpcf7-text d-none\" id=\"montantCredit-field\" readonly=\"readonly\" aria-invalid=\"false\" value=\"\" type=\"text\" name=\"mtdc\" \/><\/span><span class=\"wpcf7-form-control-wrap\" data-name=\"ddc\"><input size=\"40\" maxlength=\"400\" class=\"wpcf7-form-control wpcf7-text d-none\" id=\"dureeCredit-field\" readonly=\"readonly\" aria-invalid=\"false\" value=\"\" type=\"text\" name=\"ddc\" \/><\/span><span class=\"wpcf7-form-control-wrap\" data-name=\"cr1\"><input size=\"40\" maxlength=\"400\" class=\"wpcf7-form-control wpcf7-text d-none\" id=\"typeCredit1-field\" readonly=\"readonly\" aria-invalid=\"false\" value=\"\" type=\"text\" name=\"cr1\" \/><\/span><span class=\"wpcf7-form-control-wrap\" data-name=\"cr2\"><input size=\"40\" maxlength=\"400\" class=\"wpcf7-form-control wpcf7-text d-none\" id=\"typeCredit2-field\" readonly=\"readonly\" aria-invalid=\"false\" value=\"\" type=\"text\" name=\"cr2\" \/><\/span><span class=\"wpcf7-form-control-wrap\" data-name=\"cr3\"><input size=\"40\" maxlength=\"400\" class=\"wpcf7-form-control wpcf7-text d-none\" id=\"typeCredit3-field\" readonly=\"readonly\" aria-invalid=\"false\" value=\"\" type=\"text\" name=\"cr3\" \/><\/span><span class=\"wpcf7-form-control-wrap\" data-name=\"cr4\"><input size=\"40\" maxlength=\"400\" class=\"wpcf7-form-control wpcf7-text d-none\" id=\"typeCredit4-field\" readonly=\"readonly\" aria-invalid=\"false\" value=\"\" type=\"text\" name=\"cr4\" \/><\/span><br \/>\n<input class=\"wpcf7-form-control wpcf7-submit has-spinner\" id=\"envoyer\" type=\"submit\" value=\"Envoyer\" \/>\n<\/p>\n<p><input type=\"hidden\" id=\"ct_checkjs_cf7_c5ff2543b53f4cc0ad3819a36752467b\" name=\"ct_checkjs_cf7\" value=\"0\" \/><script >setTimeout(function(){var ct_input_name = \"ct_checkjs_cf7_c5ff2543b53f4cc0ad3819a36752467b\";if (document.getElementById(ct_input_name) !== null) {var ct_input_value = document.getElementById(ct_input_name).value;document.getElementById(ct_input_name).value = document.getElementById(ct_input_name).value.replace(ct_input_value, 'f350882909af177e6ae7f21ccaa78745bceacc83bdcef37d25207814ac5fc89e');}}, 1000);<\/script><input\n                    class=\"apbct_special_field apbct_email_id__wp_contact_form_7\"\n                    name=\"apbct__email_id__wp_contact_form_7\"\n                    aria-label=\"apbct__label_id__wp_contact_form_7\"\n                    type=\"text\" size=\"30\" maxlength=\"200\" autocomplete=\"off\"\n                    value=\"\"\n                \/><\/p>\n<div class=\"wpcf7-response-output\" aria-hidden=\"true\"><\/div>\n<\/form>\n<\/div>\n<p>[\/vc_column_text][\/vc_column][\/vc_row]<\/section>\n","protected":false},"excerpt":{"rendered":"<p>[vc_row][vc_column][vc_column_text][\/vc_column_text][\/vc_column][\/vc_row]<\/p>\n","protected":false},"author":4,"featured_media":11737,"parent":0,"menu_order":0,"comment_status":"closed","ping_status":"closed","template":"template-rachat-pret-formulaire.php","meta":{"inline_featured_image":false,"footnotes":"","_links_to":"","_links_to_target":""},"categories":[],"class_list":["post-14407","page","type-page","status-publish","has-post-thumbnail","hentry"],"_links":{"self":[{"href":"https:\/\/multicredit.ch\/fr\/wp-json\/wp\/v2\/pages\/14407","targetHints":{"allow":["GET"]}}],"collection":[{"href":"https:\/\/multicredit.ch\/fr\/wp-json\/wp\/v2\/pages"}],"about":[{"href":"https:\/\/multicredit.ch\/fr\/wp-json\/wp\/v2\/types\/page"}],"author":[{"embeddable":true,"href":"https:\/\/multicredit.ch\/fr\/wp-json\/wp\/v2\/users\/4"}],"replies":[{"embeddable":true,"href":"https:\/\/multicredit.ch\/fr\/wp-json\/wp\/v2\/comments?post=14407"}],"version-history":[{"count":7,"href":"https:\/\/multicredit.ch\/fr\/wp-json\/wp\/v2\/pages\/14407\/revisions"}],"predecessor-version":[{"id":16663,"href":"https:\/\/multicredit.ch\/fr\/wp-json\/wp\/v2\/pages\/14407\/revisions\/16663"}],"wp:featuredmedia":[{"embeddable":true,"href":"https:\/\/multicredit.ch\/fr\/wp-json\/wp\/v2\/media\/11737"}],"wp:attachment":[{"href":"https:\/\/multicredit.ch\/fr\/wp-json\/wp\/v2\/media?parent=14407"}],"wp:term":[{"taxonomy":"category","embeddable":true,"href":"https:\/\/multicredit.ch\/fr\/wp-json\/wp\/v2\/categories?post=14407"}],"curies":[{"name":"wp","href":"https:\/\/api.w.org\/{rel}","templated":true}]}}