{"id":12732,"date":"2020-04-30T16:37:49","date_gmt":"2020-04-30T16:37:49","guid":{"rendered":"https:\/\/www.multicredit.ch\/?page_id=12732"},"modified":"2021-06-16T14:51:13","modified_gmt":"2021-06-16T14:51:13","slug":"demande-envoyee","status":"publish","type":"page","link":"https:\/\/multicredit.ch\/fr\/demande-envoyee\/","title":{"rendered":"Demande envoy\u00e9e"},"content":{"rendered":"<section class=\"wpb-content-wrapper\">[vc_row][vc_column][vc_empty_space height=&#8221;100px&#8221;][vc_column_text css_animation=&#8221;bounceIn&#8221;]Merci beaucoup pour votre demande. Notre partenaire sp\u00e9cialis\u00e9 sur le d\u00e9sendettement <a href=\"https:\/\/goo.gl\/maps\/voMRoZsNd41ogU3A7\" target=\"_blank\" rel=\"noopener\">Gestifin<\/a> (<a href=\"mailto:info@gestifin.ch\">info@gestifin.ch<\/a> <span class=\"LrzXr zdqRlf kno-fv\">026 929 02 02<\/span>) vous contactera dans les plus brefs d\u00e9lais.[\/vc_column_text][\/vc_column][\/vc_row][vc_row][vc_column][\/vc_column][\/vc_row][vc_row][vc_column][vc_separator][\/vc_column][\/vc_row]<\/section>\n","protected":false},"excerpt":{"rendered":"<p>Merci pour votre demande<\/p>\n","protected":false},"author":4,"featured_media":11732,"parent":0,"menu_order":0,"comment_status":"closed","ping_status":"closed","template":"","meta":{"inline_featured_image":false,"footnotes":"","_links_to":"","_links_to_target":""},"categories":[],"class_list":["post-12732","page","type-page","status-publish","has-post-thumbnail","hentry"],"_links":{"self":[{"href":"https:\/\/multicredit.ch\/fr\/wp-json\/wp\/v2\/pages\/12732","targetHints":{"allow":["GET"]}}],"collection":[{"href":"https:\/\/multicredit.ch\/fr\/wp-json\/wp\/v2\/pages"}],"about":[{"href":"https:\/\/multicredit.ch\/fr\/wp-json\/wp\/v2\/types\/page"}],"author":[{"embeddable":true,"href":"https:\/\/multicredit.ch\/fr\/wp-json\/wp\/v2\/users\/4"}],"replies":[{"embeddable":true,"href":"https:\/\/multicredit.ch\/fr\/wp-json\/wp\/v2\/comments?post=12732"}],"version-history":[{"count":12,"href":"https:\/\/multicredit.ch\/fr\/wp-json\/wp\/v2\/pages\/12732\/revisions"}],"predecessor-version":[{"id":16661,"href":"https:\/\/multicredit.ch\/fr\/wp-json\/wp\/v2\/pages\/12732\/revisions\/16661"}],"wp:featuredmedia":[{"embeddable":true,"href":"https:\/\/multicredit.ch\/fr\/wp-json\/wp\/v2\/media\/11732"}],"wp:attachment":[{"href":"https:\/\/multicredit.ch\/fr\/wp-json\/wp\/v2\/media?parent=12732"}],"wp:term":[{"taxonomy":"category","embeddable":true,"href":"https:\/\/multicredit.ch\/fr\/wp-json\/wp\/v2\/categories?post=12732"}],"curies":[{"name":"wp","href":"https:\/\/api.w.org\/{rel}","templated":true}]}}